{"id":3232,"date":"2026-01-20T10:09:09","date_gmt":"2026-01-20T10:09:09","guid":{"rendered":"https:\/\/fumot.uk\/?post_type=product&#038;p=3232"},"modified":"2026-01-21T02:52:42","modified_gmt":"2026-01-21T02:52:42","slug":"vozol-gear-shisha-25k-puffs-blue-mojito","status":"publish","type":"product","link":"https:\/\/fumot.uk\/de\/product\/vozol-gear-shisha-25k-puffs-blue-mojito\/","title":{"rendered":"Vozol Gear Shisha 25K Z\u00fcge Blue Mojito Einweg E-Zigaretten \u2013 24ml, Dual Mesh, 5% Nikotin"},"content":{"rendered":"<h2>Vozol Gear Shisha 25K Z\u00fcge \u2013 Blue Mojito<\/h2>\n<p><strong>Vozol Gear Shisha 25K Z\u00fcge Blue Mojito<\/strong> vereint saftige Blaubeers\u00fc\u00dfe mit einem knackigen Minzk\u00fchle f\u00fcr eine saubere, cocktail-inspirierte E-Zigaretten. Jeder Zug f\u00fchlt sich an wie ein k\u00fchler Blue Mojito-Moment\u2014beerenbetont beim Einatmen, eisig und erfrischend beim Ausatmen.<\/p>\n<p>F\u00fcr lange Sitzungen gebaut, kombiniert die <strong>Vozol Gear Shisha 25K<\/strong> verf\u00fcgt \u00fcber eine <strong>24ml E-Liquid-Kapazit\u00e4t<\/strong> und sanfter, gleichm\u00e4\u00dfiger Geschmack dank der <strong>Dual-Mesh-Spule<\/strong>. Verwenden Sie die <strong>einstellbarer Leistung<\/strong> , um die Intensit\u00e4t fein abzustimmen, w\u00e4hrend die <strong>2,1-Zoll intelligentes Farbdisplay<\/strong> Ihnen hilft, den Batteriestand und den E-Liquid-Pegel auf einen Blick im Auge zu behalten.<\/p>\n<p>Entdecken Sie mehr Geschmacksrichtungen in der Serie auf <a href=\"https:\/\/fumot.uk\/de\/product-category\/vozol-gear-shisha-25k-puffs\/\"><strong>fumot.uk<\/strong><\/a>.<\/p>\n<h3>Geschmacksnoten: Blue Mojito<\/h3>\n<ul>\n<li><strong>Kopf:<\/strong> Helle Blaubeere<\/li>\n<li><strong>Abgang:<\/strong> Frische Minzk\u00fchlung<\/li>\n<li><strong>Insgesamt:<\/strong> Leicht, sauber und erfrischend s\u00fc\u00df<\/li>\n<\/ul>\n<h3>Hauptmerkmale<\/h3>\n<ul>\n<li><strong>Bis zu 25.000 Z\u00fcge<\/strong> f\u00fcr verl\u00e4ngerte Nutzung<\/li>\n<li><strong>24ml E-Liquid-Kapazit\u00e4t<\/strong> f\u00fcr langanhaltenden Genuss<\/li>\n<li><strong>Dual-Mesh-Spule<\/strong> f\u00fcr dichten, sanften Dampf und stabilen Geschmack<\/li>\n<li><strong>5% Nikotin<\/strong> (starke Nikotinzufriedenheit)<\/li>\n<li><strong>1000mAh wiederaufladbaren Batterie<\/strong> mit <strong>USB Typ-C<\/strong> Aufladen<\/li>\n<li><strong>2,1-Zoll-Farb-Smart-Display<\/strong> zeigt Batterie- und E-Liquid-Status<\/li>\n<li><strong>Einstellbare Leistung<\/strong> um Ihren bevorzugten Zug und Ihre Intensit\u00e4t anzupassen<\/li>\n<\/ul>\n<p>Wenn Sie eine <strong>minzige Beeren-Einweg-E-Zigaretten<\/strong> die vom ersten bis zum letzten Zug knackig bleibt, <strong>Blue Mojito<\/strong> ist eine frische Wahl f\u00fcr jede Jahreszeit.<\/p>\n<p><strong>Preis:<\/strong> \u00a312.88<\/p>","protected":false},"excerpt":{"rendered":"<p>Vozol Gear Shisha 25K Puffs Blue Mojito liefert Blaubeers\u00fc\u00dfe mit einem k\u00fchlen Minzfinish. 24ml, Dual Mesh Coil, 1000mAh Typ\u2011C wiederaufladbar, intelligentes 2,1\u2033 Display, 5% Nikotin.<\/p>","protected":false},"featured_media":3271,"comment_status":"open","ping_status":"closed","template":"","meta":[],"product_brand":[],"product_cat":[172,17,173],"product_tag":[174,171,21,41,72,73,176,26,62,28],"class_list":{"0":"post-3232","1":"product","2":"type-product","3":"status-publish","4":"has-post-thumbnail","6":"product_cat-25000-puff","7":"product_cat-vape","8":"product_cat-vozol-gear-shisha-25k-puffs","9":"product_tag-1000-mah","10":"product_tag-24ml","11":"product_tag-adjustable-airflow","12":"product_tag-berry","13":"product_tag-direct-to-lung","14":"product_tag-dual-mesh","15":"product_tag-mojito","16":"product_tag-rechargeable","17":"product_tag-sale-vape","18":"product_tag-type-c","20":"first","21":"instock","22":"sale","23":"shipping-taxable","24":"purchasable","25":"product-type-variable","26":"has-default-attributes"},"yoast_head":"<!-- This site is optimized with the Yoast SEO plugin v26.8 - https:\/\/yoast.com\/product\/yoast-seo-wordpress\/ -->\n<title>Vozol Gear Shisha 25K Blue Mojito \u2013 24ml Dual Mesh<\/title>\n<meta name=\"description\" content=\"Blue Mojito by Vozol Gear Shisha 25K: blueberry + cool mint. 24ml e-liquid, dual mesh coil, 1000mAh Type\u2011C rechargeable, 2.1&quot; display, 5% nicotine.\" \/>\n<meta name=\"robots\" content=\"index, follow, max-snippet:-1, max-image-preview:large, max-video-preview:-1\" \/>\n<link rel=\"canonical\" href=\"https:\/\/fumot.uk\/de\/product\/vozol-gear-shisha-25k-puffs-blue-mojito\/\" \/>\n<meta property=\"og:locale\" content=\"de_DE\" \/>\n<meta property=\"og:type\" content=\"article\" \/>\n<meta property=\"og:title\" content=\"Vozol Gear Shisha 25K Puffs \u2013 Blue Mojito\" \/>\n<meta property=\"og:description\" content=\"A refreshing Blue Mojito blend: sweet blueberry with an icy mint finish. 24ml capacity, Dual Mesh Coil, Type\u2011C rechargeable, smart display, 5% nicotine.\" \/>\n<meta property=\"og:url\" content=\"https:\/\/fumot.uk\/de\/product\/vozol-gear-shisha-25k-puffs-blue-mojito\/\" \/>\n<meta property=\"og:site_name\" content=\"Fumot Official Direct | Straight from the Factory, 100% Genuine\" \/>\n<meta property=\"article:modified_time\" content=\"2026-01-21T02:52:42+00:00\" \/>\n<meta property=\"og:image\" content=\"https:\/\/fumot.uk\/wp-content\/uploads\/2026\/01\/Blue-Mojito-Vozol-Gear-Shisha-25k-Disposable-Vape.jpg\" \/>\n\t<meta property=\"og:image:width\" content=\"1080\" \/>\n\t<meta property=\"og:image:height\" content=\"1080\" \/>\n\t<meta property=\"og:image:type\" content=\"image\/jpeg\" \/>\n<meta name=\"twitter:card\" content=\"summary_large_image\" \/>\n<meta name=\"twitter:label1\" content=\"Gesch\u00e4tzte Lesezeit\" \/>\n\t<meta name=\"twitter:data1\" content=\"2\u00a0Minuten\" \/>\n<script type=\"application\/ld+json\" class=\"yoast-schema-graph\">{\"@context\":\"https:\/\/schema.org\",\"@graph\":[{\"@type\":\"WebPage\",\"@id\":\"https:\/\/fumot.uk\/product\/vozol-gear-shisha-25k-puffs-blue-mojito\/\",\"url\":\"https:\/\/fumot.uk\/product\/vozol-gear-shisha-25k-puffs-blue-mojito\/\",\"name\":\"Vozol Gear Shisha 25K Blue Mojito \u2013 24ml Dual Mesh\",\"isPartOf\":{\"@id\":\"https:\/\/fumot.uk\/#website\"},\"primaryImageOfPage\":{\"@id\":\"https:\/\/fumot.uk\/product\/vozol-gear-shisha-25k-puffs-blue-mojito\/#primaryimage\"},\"image\":{\"@id\":\"https:\/\/fumot.uk\/product\/vozol-gear-shisha-25k-puffs-blue-mojito\/#primaryimage\"},\"thumbnailUrl\":\"https:\/\/fumot.uk\/wp-content\/uploads\/2026\/01\/Blue-Mojito-Vozol-Gear-Shisha-25k-Disposable-Vape.jpg\",\"datePublished\":\"2026-01-20T10:09:09+00:00\",\"dateModified\":\"2026-01-21T02:52:42+00:00\",\"description\":\"Blue Mojito by Vozol Gear Shisha 25K: blueberry + cool mint. 24ml e-liquid, dual mesh coil, 1000mAh Type\u2011C rechargeable, 2.1\\\" display, 5% nicotine.\",\"breadcrumb\":{\"@id\":\"https:\/\/fumot.uk\/product\/vozol-gear-shisha-25k-puffs-blue-mojito\/#breadcrumb\"},\"inLanguage\":\"de\",\"potentialAction\":[{\"@type\":\"ReadAction\",\"target\":[\"https:\/\/fumot.uk\/product\/vozol-gear-shisha-25k-puffs-blue-mojito\/\"]}]},{\"@type\":\"ImageObject\",\"inLanguage\":\"de\",\"@id\":\"https:\/\/fumot.uk\/product\/vozol-gear-shisha-25k-puffs-blue-mojito\/#primaryimage\",\"url\":\"https:\/\/fumot.uk\/wp-content\/uploads\/2026\/01\/Blue-Mojito-Vozol-Gear-Shisha-25k-Disposable-Vape.jpg\",\"contentUrl\":\"https:\/\/fumot.uk\/wp-content\/uploads\/2026\/01\/Blue-Mojito-Vozol-Gear-Shisha-25k-Disposable-Vape.jpg\",\"width\":1080,\"height\":1080},{\"@type\":\"BreadcrumbList\",\"@id\":\"https:\/\/fumot.uk\/product\/vozol-gear-shisha-25k-puffs-blue-mojito\/#breadcrumb\",\"itemListElement\":[{\"@type\":\"ListItem\",\"position\":1,\"name\":\"Home\",\"item\":\"https:\/\/fumot.uk\/\"},{\"@type\":\"ListItem\",\"position\":2,\"name\":\"Shop\",\"item\":\"https:\/\/fumot.uk\/shop\/\"},{\"@type\":\"ListItem\",\"position\":3,\"name\":\"Vozol Gear Shisha 25K Puffs Blue Mojito Disposable Vape \u2013 24ml, Dual Mesh, 5% Nic\"}]},{\"@type\":\"WebSite\",\"@id\":\"https:\/\/fumot.uk\/#website\",\"url\":\"https:\/\/fumot.uk\/\",\"name\":\"Fumot Official Direct | Straight from the Factory, 100% Genuine\",\"description\":\"Official Website\",\"publisher\":{\"@id\":\"https:\/\/fumot.uk\/#organization\"},\"potentialAction\":[{\"@type\":\"SearchAction\",\"target\":{\"@type\":\"EntryPoint\",\"urlTemplate\":\"https:\/\/fumot.uk\/?s={search_term_string}\"},\"query-input\":{\"@type\":\"PropertyValueSpecification\",\"valueRequired\":true,\"valueName\":\"search_term_string\"}}],\"inLanguage\":\"de\"},{\"@type\":\"Organization\",\"@id\":\"https:\/\/fumot.uk\/#organization\",\"name\":\"Fumot Official Direct | Straight from the Factory, 100% Genuine\",\"url\":\"https:\/\/fumot.uk\/\",\"logo\":{\"@type\":\"ImageObject\",\"inLanguage\":\"de\",\"@id\":\"https:\/\/fumot.uk\/#\/schema\/logo\/image\/\",\"url\":\"https:\/\/fumot.uk\/wp-content\/uploads\/2026\/01\/cropped-fumot-logo1.png\",\"contentUrl\":\"https:\/\/fumot.uk\/wp-content\/uploads\/2026\/01\/cropped-fumot-logo1.png\",\"width\":152,\"height\":106,\"caption\":\"Fumot Official Direct | Straight from the Factory, 100% Genuine\"},\"image\":{\"@id\":\"https:\/\/fumot.uk\/#\/schema\/logo\/image\/\"}}]}<\/script>\n<!-- \/ Yoast SEO plugin. -->","yoast_head_json":{"title":"Vozol Gear Shisha 25K Blue Mojito \u2013 24ml Dual Mesh","description":"Blue Mojito von Vozol Gear Shisha 25K: Blaubeere + k\u00fchle Minze. 24ml E-Liquid, Dual-Mesh-Spule, 1000mAh Typ-C wiederaufladbar, 2,1\" Display, 5% Nikotin.","robots":{"index":"index","follow":"follow","max-snippet":"max-snippet:-1","max-image-preview":"max-image-preview:large","max-video-preview":"max-video-preview:-1"},"canonical":"https:\/\/fumot.uk\/de\/product\/vozol-gear-shisha-25k-puffs-blue-mojito\/","og_locale":"de_DE","og_type":"article","og_title":"Vozol Gear Shisha 25K Puffs \u2013 Blue Mojito","og_description":"A refreshing Blue Mojito blend: sweet blueberry with an icy mint finish. 24ml capacity, Dual Mesh Coil, Type\u2011C rechargeable, smart display, 5% nicotine.","og_url":"https:\/\/fumot.uk\/de\/product\/vozol-gear-shisha-25k-puffs-blue-mojito\/","og_site_name":"Fumot Official Direct | Straight from the Factory, 100% Genuine","article_modified_time":"2026-01-21T02:52:42+00:00","og_image":[{"width":1080,"height":1080,"url":"https:\/\/fumot.uk\/wp-content\/uploads\/2026\/01\/Blue-Mojito-Vozol-Gear-Shisha-25k-Disposable-Vape.jpg","type":"image\/jpeg"}],"twitter_card":"summary_large_image","twitter_misc":{"Gesch\u00e4tzte Lesezeit":"2\u00a0Minuten"},"schema":{"@context":"https:\/\/schema.org","@graph":[{"@type":"WebPage","@id":"https:\/\/fumot.uk\/product\/vozol-gear-shisha-25k-puffs-blue-mojito\/","url":"https:\/\/fumot.uk\/product\/vozol-gear-shisha-25k-puffs-blue-mojito\/","name":"Vozol Gear Shisha 25K Blue Mojito \u2013 24ml Dual Mesh","isPartOf":{"@id":"https:\/\/fumot.uk\/#website"},"primaryImageOfPage":{"@id":"https:\/\/fumot.uk\/product\/vozol-gear-shisha-25k-puffs-blue-mojito\/#primaryimage"},"image":{"@id":"https:\/\/fumot.uk\/product\/vozol-gear-shisha-25k-puffs-blue-mojito\/#primaryimage"},"thumbnailUrl":"https:\/\/fumot.uk\/wp-content\/uploads\/2026\/01\/Blue-Mojito-Vozol-Gear-Shisha-25k-Disposable-Vape.jpg","datePublished":"2026-01-20T10:09:09+00:00","dateModified":"2026-01-21T02:52:42+00:00","description":"Blue Mojito von Vozol Gear Shisha 25K: Blaubeere + k\u00fchle Minze. 24ml E-Liquid, Dual-Mesh-Spule, 1000mAh Typ-C wiederaufladbar, 2,1\" Display, 5% Nikotin.","breadcrumb":{"@id":"https:\/\/fumot.uk\/product\/vozol-gear-shisha-25k-puffs-blue-mojito\/#breadcrumb"},"inLanguage":"de","potentialAction":[{"@type":"ReadAction","target":["https:\/\/fumot.uk\/product\/vozol-gear-shisha-25k-puffs-blue-mojito\/"]}]},{"@type":"ImageObject","inLanguage":"de","@id":"https:\/\/fumot.uk\/product\/vozol-gear-shisha-25k-puffs-blue-mojito\/#primaryimage","url":"https:\/\/fumot.uk\/wp-content\/uploads\/2026\/01\/Blue-Mojito-Vozol-Gear-Shisha-25k-Disposable-Vape.jpg","contentUrl":"https:\/\/fumot.uk\/wp-content\/uploads\/2026\/01\/Blue-Mojito-Vozol-Gear-Shisha-25k-Disposable-Vape.jpg","width":1080,"height":1080},{"@type":"BreadcrumbList","@id":"https:\/\/fumot.uk\/product\/vozol-gear-shisha-25k-puffs-blue-mojito\/#breadcrumb","itemListElement":[{"@type":"ListItem","position":1,"name":"Home","item":"https:\/\/fumot.uk\/"},{"@type":"ListItem","position":2,"name":"Shop","item":"https:\/\/fumot.uk\/shop\/"},{"@type":"ListItem","position":3,"name":"Vozol Gear Shisha 25K Puffs Blue Mojito Disposable Vape \u2013 24ml, Dual Mesh, 5% Nic"}]},{"@type":"WebSite","@id":"https:\/\/fumot.uk\/#website","url":"https:\/\/fumot.uk\/","name":"Fumot Offizieller Direkt | Direkt aus der Fabrik, 100% Original","description":"Offizielle Webseite","publisher":{"@id":"https:\/\/fumot.uk\/#organization"},"potentialAction":[{"@type":"SearchAction","target":{"@type":"EntryPoint","urlTemplate":"https:\/\/fumot.uk\/?s={search_term_string}"},"query-input":{"@type":"PropertyValueSpecification","valueRequired":true,"valueName":"search_term_string"}}],"inLanguage":"de"},{"@type":"Organization","@id":"https:\/\/fumot.uk\/#organization","name":"Fumot Offizieller Direkt | Direkt aus der Fabrik, 100% Original","url":"https:\/\/fumot.uk\/","logo":{"@type":"ImageObject","inLanguage":"de","@id":"https:\/\/fumot.uk\/#\/schema\/logo\/image\/","url":"https:\/\/fumot.uk\/wp-content\/uploads\/2026\/01\/cropped-fumot-logo1.png","contentUrl":"https:\/\/fumot.uk\/wp-content\/uploads\/2026\/01\/cropped-fumot-logo1.png","width":152,"height":106,"caption":"Fumot Official Direct | Straight from the Factory, 100% Genuine"},"image":{"@id":"https:\/\/fumot.uk\/#\/schema\/logo\/image\/"}}]}},"_links":{"self":[{"href":"https:\/\/fumot.uk\/de\/wp-json\/wp\/v2\/product\/3232","targetHints":{"allow":["GET"]}}],"collection":[{"href":"https:\/\/fumot.uk\/de\/wp-json\/wp\/v2\/product"}],"about":[{"href":"https:\/\/fumot.uk\/de\/wp-json\/wp\/v2\/types\/product"}],"replies":[{"embeddable":true,"href":"https:\/\/fumot.uk\/de\/wp-json\/wp\/v2\/comments?post=3232"}],"wp:featuredmedia":[{"embeddable":true,"href":"https:\/\/fumot.uk\/de\/wp-json\/wp\/v2\/media\/3271"}],"wp:attachment":[{"href":"https:\/\/fumot.uk\/de\/wp-json\/wp\/v2\/media?parent=3232"}],"wp:term":[{"taxonomy":"product_brand","embeddable":true,"href":"https:\/\/fumot.uk\/de\/wp-json\/wp\/v2\/product_brand?post=3232"},{"taxonomy":"product_cat","embeddable":true,"href":"https:\/\/fumot.uk\/de\/wp-json\/wp\/v2\/product_cat?post=3232"},{"taxonomy":"product_tag","embeddable":true,"href":"https:\/\/fumot.uk\/de\/wp-json\/wp\/v2\/product_tag?post=3232"}],"curies":[{"name":"wp","href":"https:\/\/api.w.org\/{rel}","templated":true}]}}