{"id":3231,"date":"2026-01-20T10:09:08","date_gmt":"2026-01-20T10:09:08","guid":{"rendered":"https:\/\/fumot.uk\/?post_type=product&#038;p=3231"},"modified":"2026-01-21T02:55:55","modified_gmt":"2026-01-21T02:55:55","slug":"vozol-gear-shisha-25k-puffs-blackcurrant-ice","status":"publish","type":"product","link":"https:\/\/fumot.uk\/de\/product\/vozol-gear-shisha-25k-puffs-blackcurrant-ice\/","title":{"rendered":"Vozol Gear Shisha 25K Z\u00fcge Schwarze Johannisbeere Eis \u2013 Dual Mesh, 24ml, 5% Nikotin (Wiederaufladbar)"},"content":{"rendered":"<h2>Vozol Gear Shisha 25K Z\u00fcge \u2013 Schwarze Johannisbeere Eis<\/h2>\n<p><strong>Schwarze Johannisbeere Eis<\/strong> ist eine kr\u00e4ftige Beerenmischung mit einem klaren, k\u00fchlenden Abgang\u2014s\u00fc\u00df-herbe schwarze Johannisbeere im Vordergrund, gefolgt von einer knackigen eisigen Note, die jeden Zug frisch h\u00e4lt. Wenn Sie fruchtige Aromen mit einem sofortigen \u201cK\u00fchleffekt\u201d m\u00f6gen, bleibt dieser von der ersten bis zur letzten Inhalation hell und befriedigend.<\/p>\n<h3>Warum Sie dieses Schwarze Johannisbeere Eis E-Zigaretten lieben werden<\/h3>\n<ul>\n<li><strong>Beerenbetonter Geschmack:<\/strong> Reichhaltige schwarze Johannisbeers\u00fc\u00dfe, ausbalanciert mit einem leicht herben Biss.<\/li>\n<li><strong>Eisgek\u00fchlter Ausatmen:<\/strong> Eine sanfte mentholartige K\u00fchlungsnote, die die Frucht nicht \u00fcberdeckt.<\/li>\n<li><strong>F\u00fcr den t\u00e4glichen Gebrauch gemacht:<\/strong> Ein erfrischendes Profil, das sich leicht, sauber und wiederholbar anf\u00fchlt.<\/li>\n<\/ul>\n<h3>Vozol Gear Shisha 25K Z\u00fcge \u2013 Hauptmerkmale<\/h3>\n<ul>\n<li><strong>Bis zu 25.000 Z\u00fcge<\/strong> f\u00fcr l\u00e4ngeren Gebrauch.<\/li>\n<li><strong>24ml E-Liquid-Kapazit\u00e4t<\/strong> f\u00fcr langanhaltendes Dampfen.<\/li>\n<li><strong>Dual-Mesh-Spule<\/strong> entwickelt f\u00fcr gleichm\u00e4\u00dfiges Erhitzen und dichten, gleichm\u00e4\u00dfigen Dampf.<\/li>\n<li><strong>5% Nikotin<\/strong> (wie angegeben) f\u00fcr ein starkes Nikotinerlebnis.<\/li>\n<li><strong>1000mAh wiederaufladbaren Batterie<\/strong> mit <strong>Typ-C-Ladung<\/strong>.<\/li>\n<li><strong>2,1-Zoll intelligentes Farbdisplay<\/strong> zeigt den Status von Batterie und E-Liquid an.<\/li>\n<li><strong>Einstellbare Leistung<\/strong> um die Intensit\u00e4t nach Ihren Vorlieben anzupassen.<\/li>\n<\/ul>\n<h3>Intelligentes Display, reibungslosere Routine<\/h3>\n<p>Das gro\u00dfe <strong>2,1\u2033 intelligente Display<\/strong> h\u00e4lt Ihr E-Zigaretten-Erlebnis einfach\u2014\u00fcberpr\u00fcfen Sie den Batteriestand und das verbleibende E-Liquid auf einen Blick, damit Sie nicht mitten am Tag raten m\u00fcssen.<\/p>\n<h3>Entdecken Sie mehr auf fumot.uk<\/h3>\n<p>Suchen Sie nach weiteren langanhaltenden Optionen? Durchst\u00f6bern Sie unsere gesamte Kollektion von <a href=\"https:\/\/fumot.uk\/de\/product-tag\/display\/\">Display E-Zigaretten<\/a> und entdecken Sie mehr Geschmacksrichtungen in der <a href=\"https:\/\/fumot.uk\/de\/product-category\/vozol-gear-shisha-25k-puffs\/\">Vozol Gear Shisha 25K Puffs<\/a> Reihe entdecken.<\/p>\n<p><strong>Kategorie:<\/strong> 25000 Z\u00fcge, Einweg E-Zigaretten, Vozol Gear Shisha 25k Z\u00fcge<br \/>\n<strong>Nikotinst\u00e4rke:<\/strong> 5%<\/p>","protected":false},"excerpt":{"rendered":"<p>Ein s\u00fc\u00df-herber Schwarze-Johannisbeere-Geschmack, der mit einem knackigen, eisig-k\u00fchlen Ausatmen endet. Vozol Gear Shisha 25K Puffs bietet 24ml E-Liquid, Dual Mesh Coil, ein 2,1\u2033 Smart-Display, einstellbare Leistung und eine 1000mAh Type-C wiederaufladbare Batterie (5% Nikotin).<\/p>","protected":false},"featured_media":3270,"comment_status":"open","ping_status":"closed","template":"","meta":[],"product_brand":[],"product_cat":[172,17,173],"product_tag":[174,171,21,41,175,72,73,26,62,28],"class_list":{"0":"post-3231","1":"product","2":"type-product","3":"status-publish","4":"has-post-thumbnail","6":"product_cat-25000-puff","7":"product_cat-vape","8":"product_cat-vozol-gear-shisha-25k-puffs","9":"product_tag-1000-mah","10":"product_tag-24ml","11":"product_tag-adjustable-airflow","12":"product_tag-berry","13":"product_tag-blackcurrant","14":"product_tag-direct-to-lung","15":"product_tag-dual-mesh","16":"product_tag-rechargeable","17":"product_tag-sale-vape","18":"product_tag-type-c","20":"first","21":"instock","22":"sale","23":"shipping-taxable","24":"purchasable","25":"product-type-variable","26":"has-default-attributes"},"yoast_head":"<!-- This site is optimized with the Yoast SEO plugin v26.8 - https:\/\/yoast.com\/product\/yoast-seo-wordpress\/ -->\n<title>Vozol Gear Shisha 25K Blackcurrant Ice | 24ml, 5%<\/title>\n<meta name=\"description\" content=\"Vozol Gear Shisha 25K Puffs Blackcurrant Ice: sweet-tart blackcurrant with a crisp icy finish. 24ml, Dual Mesh Coil, 2.1&quot; display, 5% nicotine.\" \/>\n<meta name=\"robots\" content=\"index, follow, max-snippet:-1, max-image-preview:large, max-video-preview:-1\" \/>\n<link rel=\"canonical\" href=\"https:\/\/fumot.uk\/de\/product\/vozol-gear-shisha-25k-puffs-blackcurrant-ice\/\" \/>\n<meta property=\"og:locale\" content=\"de_DE\" \/>\n<meta property=\"og:type\" content=\"article\" \/>\n<meta property=\"og:title\" content=\"Blackcurrant Ice \u2013 Vozol Gear Shisha 25K Puffs\" \/>\n<meta property=\"og:description\" content=\"Sweet-tart blackcurrant layered with an icy cool finish. 24ml capacity, Dual Mesh Coil, smart display, adjustable power, 1000mAh Type\u2011C rechargeable battery.\" \/>\n<meta property=\"og:url\" content=\"https:\/\/fumot.uk\/de\/product\/vozol-gear-shisha-25k-puffs-blackcurrant-ice\/\" \/>\n<meta property=\"og:site_name\" content=\"Fumot Official Direct | Straight from the Factory, 100% Genuine\" \/>\n<meta property=\"article:modified_time\" content=\"2026-01-21T02:55:55+00:00\" \/>\n<meta property=\"og:image\" content=\"https:\/\/fumot.uk\/wp-content\/uploads\/2026\/01\/Blackcurrant-Ice-Vozol-Gear-Shisha-25k-Disposable-Vape.jpg\" \/>\n\t<meta property=\"og:image:width\" content=\"1080\" \/>\n\t<meta property=\"og:image:height\" content=\"1080\" \/>\n\t<meta property=\"og:image:type\" content=\"image\/jpeg\" \/>\n<meta name=\"twitter:card\" content=\"summary_large_image\" \/>\n<meta name=\"twitter:label1\" content=\"Gesch\u00e4tzte Lesezeit\" \/>\n\t<meta name=\"twitter:data1\" content=\"2\u00a0Minuten\" \/>\n<script type=\"application\/ld+json\" class=\"yoast-schema-graph\">{\"@context\":\"https:\/\/schema.org\",\"@graph\":[{\"@type\":\"WebPage\",\"@id\":\"https:\/\/fumot.uk\/product\/vozol-gear-shisha-25k-puffs-blackcurrant-ice\/\",\"url\":\"https:\/\/fumot.uk\/product\/vozol-gear-shisha-25k-puffs-blackcurrant-ice\/\",\"name\":\"Vozol Gear Shisha 25K Blackcurrant Ice | 24ml, 5%\",\"isPartOf\":{\"@id\":\"https:\/\/fumot.uk\/#website\"},\"primaryImageOfPage\":{\"@id\":\"https:\/\/fumot.uk\/product\/vozol-gear-shisha-25k-puffs-blackcurrant-ice\/#primaryimage\"},\"image\":{\"@id\":\"https:\/\/fumot.uk\/product\/vozol-gear-shisha-25k-puffs-blackcurrant-ice\/#primaryimage\"},\"thumbnailUrl\":\"https:\/\/fumot.uk\/wp-content\/uploads\/2026\/01\/Blackcurrant-Ice-Vozol-Gear-Shisha-25k-Disposable-Vape.jpg\",\"datePublished\":\"2026-01-20T10:09:08+00:00\",\"dateModified\":\"2026-01-21T02:55:55+00:00\",\"description\":\"Vozol Gear Shisha 25K Puffs Blackcurrant Ice: sweet-tart blackcurrant with a crisp icy finish. 24ml, Dual Mesh Coil, 2.1\\\" display, 5% nicotine.\",\"breadcrumb\":{\"@id\":\"https:\/\/fumot.uk\/product\/vozol-gear-shisha-25k-puffs-blackcurrant-ice\/#breadcrumb\"},\"inLanguage\":\"de\",\"potentialAction\":[{\"@type\":\"ReadAction\",\"target\":[\"https:\/\/fumot.uk\/product\/vozol-gear-shisha-25k-puffs-blackcurrant-ice\/\"]}]},{\"@type\":\"ImageObject\",\"inLanguage\":\"de\",\"@id\":\"https:\/\/fumot.uk\/product\/vozol-gear-shisha-25k-puffs-blackcurrant-ice\/#primaryimage\",\"url\":\"https:\/\/fumot.uk\/wp-content\/uploads\/2026\/01\/Blackcurrant-Ice-Vozol-Gear-Shisha-25k-Disposable-Vape.jpg\",\"contentUrl\":\"https:\/\/fumot.uk\/wp-content\/uploads\/2026\/01\/Blackcurrant-Ice-Vozol-Gear-Shisha-25k-Disposable-Vape.jpg\",\"width\":1080,\"height\":1080},{\"@type\":\"BreadcrumbList\",\"@id\":\"https:\/\/fumot.uk\/product\/vozol-gear-shisha-25k-puffs-blackcurrant-ice\/#breadcrumb\",\"itemListElement\":[{\"@type\":\"ListItem\",\"position\":1,\"name\":\"Home\",\"item\":\"https:\/\/fumot.uk\/\"},{\"@type\":\"ListItem\",\"position\":2,\"name\":\"Shop\",\"item\":\"https:\/\/fumot.uk\/shop\/\"},{\"@type\":\"ListItem\",\"position\":3,\"name\":\"Vozol Gear Shisha 25K Puffs Blackcurrant Ice \u2013 Dual Mesh, 24ml, 5% Nicotine (Rechargeable)\"}]},{\"@type\":\"WebSite\",\"@id\":\"https:\/\/fumot.uk\/#website\",\"url\":\"https:\/\/fumot.uk\/\",\"name\":\"Fumot Official Direct | Straight from the Factory, 100% Genuine\",\"description\":\"Official Website\",\"publisher\":{\"@id\":\"https:\/\/fumot.uk\/#organization\"},\"potentialAction\":[{\"@type\":\"SearchAction\",\"target\":{\"@type\":\"EntryPoint\",\"urlTemplate\":\"https:\/\/fumot.uk\/?s={search_term_string}\"},\"query-input\":{\"@type\":\"PropertyValueSpecification\",\"valueRequired\":true,\"valueName\":\"search_term_string\"}}],\"inLanguage\":\"de\"},{\"@type\":\"Organization\",\"@id\":\"https:\/\/fumot.uk\/#organization\",\"name\":\"Fumot Official Direct | Straight from the Factory, 100% Genuine\",\"url\":\"https:\/\/fumot.uk\/\",\"logo\":{\"@type\":\"ImageObject\",\"inLanguage\":\"de\",\"@id\":\"https:\/\/fumot.uk\/#\/schema\/logo\/image\/\",\"url\":\"https:\/\/fumot.uk\/wp-content\/uploads\/2026\/01\/cropped-fumot-logo1.png\",\"contentUrl\":\"https:\/\/fumot.uk\/wp-content\/uploads\/2026\/01\/cropped-fumot-logo1.png\",\"width\":152,\"height\":106,\"caption\":\"Fumot Official Direct | Straight from the Factory, 100% Genuine\"},\"image\":{\"@id\":\"https:\/\/fumot.uk\/#\/schema\/logo\/image\/\"}}]}<\/script>\n<!-- \/ Yoast SEO plugin. -->","yoast_head_json":{"title":"Vozol Gear Shisha 25K Schwarze Johannisbeere Eis | 24ml, 5%","description":"Vozol Gear Shisha 25K Puffs Schwarze Johannisbeere Eis: s\u00fc\u00df-herbe schwarze Johannisbeere mit einem knackigen eisigen Abgang. 24ml, Dual Mesh Coil, 2,1\" Display, 5% Nikotin.","robots":{"index":"index","follow":"follow","max-snippet":"max-snippet:-1","max-image-preview":"max-image-preview:large","max-video-preview":"max-video-preview:-1"},"canonical":"https:\/\/fumot.uk\/de\/product\/vozol-gear-shisha-25k-puffs-blackcurrant-ice\/","og_locale":"de_DE","og_type":"article","og_title":"Blackcurrant Ice \u2013 Vozol Gear Shisha 25K Puffs","og_description":"Sweet-tart blackcurrant layered with an icy cool finish. 24ml capacity, Dual Mesh Coil, smart display, adjustable power, 1000mAh Type\u2011C rechargeable battery.","og_url":"https:\/\/fumot.uk\/de\/product\/vozol-gear-shisha-25k-puffs-blackcurrant-ice\/","og_site_name":"Fumot Official Direct | Straight from the Factory, 100% Genuine","article_modified_time":"2026-01-21T02:55:55+00:00","og_image":[{"width":1080,"height":1080,"url":"https:\/\/fumot.uk\/wp-content\/uploads\/2026\/01\/Blackcurrant-Ice-Vozol-Gear-Shisha-25k-Disposable-Vape.jpg","type":"image\/jpeg"}],"twitter_card":"summary_large_image","twitter_misc":{"Gesch\u00e4tzte Lesezeit":"2\u00a0Minuten"},"schema":{"@context":"https:\/\/schema.org","@graph":[{"@type":"WebPage","@id":"https:\/\/fumot.uk\/product\/vozol-gear-shisha-25k-puffs-blackcurrant-ice\/","url":"https:\/\/fumot.uk\/product\/vozol-gear-shisha-25k-puffs-blackcurrant-ice\/","name":"Vozol Gear Shisha 25K Schwarze Johannisbeere Eis | 24ml, 5%","isPartOf":{"@id":"https:\/\/fumot.uk\/#website"},"primaryImageOfPage":{"@id":"https:\/\/fumot.uk\/product\/vozol-gear-shisha-25k-puffs-blackcurrant-ice\/#primaryimage"},"image":{"@id":"https:\/\/fumot.uk\/product\/vozol-gear-shisha-25k-puffs-blackcurrant-ice\/#primaryimage"},"thumbnailUrl":"https:\/\/fumot.uk\/wp-content\/uploads\/2026\/01\/Blackcurrant-Ice-Vozol-Gear-Shisha-25k-Disposable-Vape.jpg","datePublished":"2026-01-20T10:09:08+00:00","dateModified":"2026-01-21T02:55:55+00:00","description":"Vozol Gear Shisha 25K Puffs Schwarze Johannisbeere Eis: s\u00fc\u00df-herbe schwarze Johannisbeere mit einem knackigen eisigen Abgang. 24ml, Dual Mesh Coil, 2,1\" Display, 5% Nikotin.","breadcrumb":{"@id":"https:\/\/fumot.uk\/product\/vozol-gear-shisha-25k-puffs-blackcurrant-ice\/#breadcrumb"},"inLanguage":"de","potentialAction":[{"@type":"ReadAction","target":["https:\/\/fumot.uk\/product\/vozol-gear-shisha-25k-puffs-blackcurrant-ice\/"]}]},{"@type":"ImageObject","inLanguage":"de","@id":"https:\/\/fumot.uk\/product\/vozol-gear-shisha-25k-puffs-blackcurrant-ice\/#primaryimage","url":"https:\/\/fumot.uk\/wp-content\/uploads\/2026\/01\/Blackcurrant-Ice-Vozol-Gear-Shisha-25k-Disposable-Vape.jpg","contentUrl":"https:\/\/fumot.uk\/wp-content\/uploads\/2026\/01\/Blackcurrant-Ice-Vozol-Gear-Shisha-25k-Disposable-Vape.jpg","width":1080,"height":1080},{"@type":"BreadcrumbList","@id":"https:\/\/fumot.uk\/product\/vozol-gear-shisha-25k-puffs-blackcurrant-ice\/#breadcrumb","itemListElement":[{"@type":"ListItem","position":1,"name":"Home","item":"https:\/\/fumot.uk\/"},{"@type":"ListItem","position":2,"name":"Shop","item":"https:\/\/fumot.uk\/shop\/"},{"@type":"ListItem","position":3,"name":"Vozol Gear Shisha 25K Puffs Blackcurrant Ice \u2013 Dual Mesh, 24ml, 5% Nicotine (Rechargeable)"}]},{"@type":"WebSite","@id":"https:\/\/fumot.uk\/#website","url":"https:\/\/fumot.uk\/","name":"Fumot Offizieller Direkt | Direkt aus der Fabrik, 100% Original","description":"Offizielle Webseite","publisher":{"@id":"https:\/\/fumot.uk\/#organization"},"potentialAction":[{"@type":"SearchAction","target":{"@type":"EntryPoint","urlTemplate":"https:\/\/fumot.uk\/?s={search_term_string}"},"query-input":{"@type":"PropertyValueSpecification","valueRequired":true,"valueName":"search_term_string"}}],"inLanguage":"de"},{"@type":"Organization","@id":"https:\/\/fumot.uk\/#organization","name":"Fumot Offizieller Direkt | Direkt aus der Fabrik, 100% Original","url":"https:\/\/fumot.uk\/","logo":{"@type":"ImageObject","inLanguage":"de","@id":"https:\/\/fumot.uk\/#\/schema\/logo\/image\/","url":"https:\/\/fumot.uk\/wp-content\/uploads\/2026\/01\/cropped-fumot-logo1.png","contentUrl":"https:\/\/fumot.uk\/wp-content\/uploads\/2026\/01\/cropped-fumot-logo1.png","width":152,"height":106,"caption":"Fumot Official Direct | Straight from the Factory, 100% Genuine"},"image":{"@id":"https:\/\/fumot.uk\/#\/schema\/logo\/image\/"}}]}},"_links":{"self":[{"href":"https:\/\/fumot.uk\/de\/wp-json\/wp\/v2\/product\/3231","targetHints":{"allow":["GET"]}}],"collection":[{"href":"https:\/\/fumot.uk\/de\/wp-json\/wp\/v2\/product"}],"about":[{"href":"https:\/\/fumot.uk\/de\/wp-json\/wp\/v2\/types\/product"}],"replies":[{"embeddable":true,"href":"https:\/\/fumot.uk\/de\/wp-json\/wp\/v2\/comments?post=3231"}],"wp:featuredmedia":[{"embeddable":true,"href":"https:\/\/fumot.uk\/de\/wp-json\/wp\/v2\/media\/3270"}],"wp:attachment":[{"href":"https:\/\/fumot.uk\/de\/wp-json\/wp\/v2\/media?parent=3231"}],"wp:term":[{"taxonomy":"product_brand","embeddable":true,"href":"https:\/\/fumot.uk\/de\/wp-json\/wp\/v2\/product_brand?post=3231"},{"taxonomy":"product_cat","embeddable":true,"href":"https:\/\/fumot.uk\/de\/wp-json\/wp\/v2\/product_cat?post=3231"},{"taxonomy":"product_tag","embeddable":true,"href":"https:\/\/fumot.uk\/de\/wp-json\/wp\/v2\/product_tag?post=3231"}],"curies":[{"name":"wp","href":"https:\/\/api.w.org\/{rel}","templated":true}]}}