{"id":3221,"date":"2026-01-20T10:09:06","date_gmt":"2026-01-20T10:09:06","guid":{"rendered":"https:\/\/fumot.uk\/?post_type=product&#038;p=3221"},"modified":"2026-01-21T02:59:22","modified_gmt":"2026-01-21T02:59:22","slug":"perfume-lemon-vozol-star-20000-puffs","status":"publish","type":"product","link":"https:\/\/fumot.uk\/de\/product\/perfume-lemon-vozol-star-20000-puffs\/","title":{"rendered":"Vozol Star 20000 Z\u00fcge Parf\u00fcm Zitrone Einweg-E-Zigaretten (24ml, 5% Nikotin)"},"content":{"rendered":"<h2>Vozol Star 20000 Z\u00fcge \u2013 Parf\u00fcm Zitrone (5% Nikotin)<\/h2>\n<p>Treffen Sie <strong>Parf\u00fcm Zitrone<\/strong> im <strong>Vozol Star 20000 Z\u00fcge<\/strong> Serie: ein helles, spritziges Zitronenprofil, gehoben mit einem weichen, parf\u00fcmartigen floralen Abgang. Das Ergebnis ist ein sauberer, erfrischender Geschmack, der sich beim Einatmen knackig anf\u00fchlt und beim Ausatmen sanft aromatisch ist\u2014ideal, wenn man etwas Zitrusbetontes m\u00f6chte, aber nicht scharf.<\/p>\n<h3>Geschmackserlebnis: Parf\u00fcm Zitrone<\/h3>\n<ul>\n<li><strong>Kopfnote:<\/strong> Spritzige Zitrone mit einem lebhaften Zitrus-Kick<\/li>\n<li><strong>Abgang:<\/strong> Leichte florale \u201cParf\u00fcm\u201d-Nuance f\u00fcr einen glatten, eleganten Nachgeschmack<\/li>\n<li><strong>Insgesamt:<\/strong> Frisch, ausgewogen und den ganzen Tag \u00fcber leicht zu genie\u00dfen<\/li>\n<\/ul>\n<h3>Hauptmerkmale<\/h3>\n<ul>\n<li><strong>Bis zu 20000 Z\u00fcge<\/strong> (Nutzung variiert)<\/li>\n<li><strong>Nikotinst\u00e4rke:<\/strong> 50mg \/ 5%<\/li>\n<li><strong>Vorgef\u00fclltes E-Liquid:<\/strong> 24ml Kapazit\u00e4t f\u00fcr l\u00e4ngeren Gebrauch<\/li>\n<li><strong>Batterie:<\/strong> 650mAh wiederaufladbare Batterie<\/li>\n<li><strong>Laden:<\/strong> Typ-C-Anschluss f\u00fcr bequemes Aufladen<\/li>\n<li><strong>Doppelte Mesh-Spulen:<\/strong> Entwickelt f\u00fcr konsistenten Geschmack und gleichm\u00e4\u00dfige Dampfproduktion<\/li>\n<li><strong>LED-Vollanzeige:<\/strong> Zeigt den Batteriestatus und den verbleibenden E-Liquid-Stand in Echtzeit an<\/li>\n<\/ul>\n<h3>Warum Sie es m\u00f6gen werden<\/h3>\n<p>Wenn Sie <strong>Zitronen E-Zigaretten<\/strong> Geschm\u00e4cker, aber etwas Raffinierteres m\u00f6chten, f\u00fcgt Parf\u00fcm Zitrone eine subtile florale Note hinzu, die das Zitrusgef\u00fchl glatt und \u201csauber\u201d h\u00e4lt. Es ist eine gro\u00dfartige Wahl f\u00fcr die t\u00e4gliche Rotation\u2014frisch genug f\u00fcr den Tag, sanft genug f\u00fcr den Abend.<\/p>\n<h3>Mehr entdecken<\/h3>\n<p>Suchen Sie nach weiteren langlebigen Optionen? Durchst\u00f6bern Sie unsere <a href=\"https:\/\/fumot.uk\/de\/product-category\/20000-puff\/\">20000 Z\u00fcge E-Zigaretten<\/a> auf fumot.uk.<\/p>\n<p><strong>Hinweis:<\/strong> Dies ist ein Einweg-E-Zigaretten-Ger\u00e4t mit wiederaufladbarer Batterie. Z\u00fcge sind eine Sch\u00e4tzung und k\u00f6nnen je nach Benutzerverhalten variieren.<\/p>","protected":false},"excerpt":{"rendered":"<p>Vozol Star 20000 Z\u00fcge Parf\u00fcm Zitrone: helles Zitronencitrus mit einem weichen floralen Parf\u00fcmabschluss. 24ml vorgef\u00fcllt, 5% Nikotin, 650mAh wiederaufladbar, Dual-Mesh-Coils, LED-Anzeige, Typ-C.<\/p>","protected":false},"featured_media":3239,"comment_status":"open","ping_status":"closed","template":"","meta":[],"product_brand":[],"product_cat":[68,17,170],"product_tag":[171,131,72,23,73,24,26,27,62,28],"class_list":{"0":"post-3221","1":"product","2":"type-product","3":"status-publish","4":"has-post-thumbnail","6":"product_cat-20000-puff","7":"product_cat-vape","8":"product_cat-vozol-star-20000-puffs","9":"product_tag-24ml","10":"product_tag-650mah","11":"product_tag-direct-to-lung","12":"product_tag-display","13":"product_tag-dual-mesh","14":"product_tag-lemon","15":"product_tag-rechargeable","16":"product_tag-rgb-light","17":"product_tag-sale-vape","18":"product_tag-type-c","20":"first","21":"instock","22":"sale","23":"shipping-taxable","24":"purchasable","25":"product-type-variable","26":"has-default-attributes"},"yoast_head":"<!-- This site is optimized with the Yoast SEO plugin v26.8 - https:\/\/yoast.com\/product\/yoast-seo-wordpress\/ -->\n<title>Vozol Star 20000 Perfume Lemon | 24ml 5% Nicotine<\/title>\n<meta name=\"description\" content=\"Shop Vozol Star 20000 Puffs Perfume Lemon: zesty lemon with a subtle floral finish. 24ml, 5% nicotine, 650mAh rechargeable, dual mesh, LED display.\" \/>\n<meta name=\"robots\" content=\"index, follow, max-snippet:-1, max-image-preview:large, max-video-preview:-1\" \/>\n<link rel=\"canonical\" href=\"https:\/\/fumot.uk\/de\/product\/perfume-lemon-vozol-star-20000-puffs\/\" \/>\n<meta property=\"og:locale\" content=\"de_DE\" \/>\n<meta property=\"og:type\" content=\"article\" \/>\n<meta property=\"og:title\" content=\"Perfume Lemon \u2013 Vozol Star 20000 Puffs (24ml, 5%)\" \/>\n<meta property=\"og:description\" content=\"A fresh lemon vape with a soft floral perfume finish. Vozol Star 20000 Puffs features 24ml e-liquid, 5% nicotine, rechargeable 650mAh battery, LED display and dual mesh coils.\" \/>\n<meta property=\"og:url\" content=\"https:\/\/fumot.uk\/de\/product\/perfume-lemon-vozol-star-20000-puffs\/\" \/>\n<meta property=\"og:site_name\" content=\"Fumot Official Direct | Straight from the Factory, 100% Genuine\" \/>\n<meta property=\"article:modified_time\" content=\"2026-01-21T02:59:22+00:00\" \/>\n<meta property=\"og:image\" content=\"https:\/\/fumot.uk\/wp-content\/uploads\/2026\/01\/perfume-lemon-vozol-star-20000-disposable-vape.png\" \/>\n\t<meta property=\"og:image:width\" content=\"1170\" \/>\n\t<meta property=\"og:image:height\" content=\"1170\" \/>\n\t<meta property=\"og:image:type\" content=\"image\/png\" \/>\n<meta name=\"twitter:card\" content=\"summary_large_image\" \/>\n<meta name=\"twitter:label1\" content=\"Gesch\u00e4tzte Lesezeit\" \/>\n\t<meta name=\"twitter:data1\" content=\"2\u00a0Minuten\" \/>\n<script type=\"application\/ld+json\" class=\"yoast-schema-graph\">{\"@context\":\"https:\/\/schema.org\",\"@graph\":[{\"@type\":\"WebPage\",\"@id\":\"https:\/\/fumot.uk\/product\/perfume-lemon-vozol-star-20000-puffs\/\",\"url\":\"https:\/\/fumot.uk\/product\/perfume-lemon-vozol-star-20000-puffs\/\",\"name\":\"Vozol Star 20000 Perfume Lemon | 24ml 5% Nicotine\",\"isPartOf\":{\"@id\":\"https:\/\/fumot.uk\/#website\"},\"primaryImageOfPage\":{\"@id\":\"https:\/\/fumot.uk\/product\/perfume-lemon-vozol-star-20000-puffs\/#primaryimage\"},\"image\":{\"@id\":\"https:\/\/fumot.uk\/product\/perfume-lemon-vozol-star-20000-puffs\/#primaryimage\"},\"thumbnailUrl\":\"https:\/\/fumot.uk\/wp-content\/uploads\/2026\/01\/perfume-lemon-vozol-star-20000-disposable-vape.png\",\"datePublished\":\"2026-01-20T10:09:06+00:00\",\"dateModified\":\"2026-01-21T02:59:22+00:00\",\"description\":\"Shop Vozol Star 20000 Puffs Perfume Lemon: zesty lemon with a subtle floral finish. 24ml, 5% nicotine, 650mAh rechargeable, dual mesh, LED display.\",\"breadcrumb\":{\"@id\":\"https:\/\/fumot.uk\/product\/perfume-lemon-vozol-star-20000-puffs\/#breadcrumb\"},\"inLanguage\":\"de\",\"potentialAction\":[{\"@type\":\"ReadAction\",\"target\":[\"https:\/\/fumot.uk\/product\/perfume-lemon-vozol-star-20000-puffs\/\"]}]},{\"@type\":\"ImageObject\",\"inLanguage\":\"de\",\"@id\":\"https:\/\/fumot.uk\/product\/perfume-lemon-vozol-star-20000-puffs\/#primaryimage\",\"url\":\"https:\/\/fumot.uk\/wp-content\/uploads\/2026\/01\/perfume-lemon-vozol-star-20000-disposable-vape.png\",\"contentUrl\":\"https:\/\/fumot.uk\/wp-content\/uploads\/2026\/01\/perfume-lemon-vozol-star-20000-disposable-vape.png\",\"width\":1170,\"height\":1170},{\"@type\":\"BreadcrumbList\",\"@id\":\"https:\/\/fumot.uk\/product\/perfume-lemon-vozol-star-20000-puffs\/#breadcrumb\",\"itemListElement\":[{\"@type\":\"ListItem\",\"position\":1,\"name\":\"Home\",\"item\":\"https:\/\/fumot.uk\/\"},{\"@type\":\"ListItem\",\"position\":2,\"name\":\"Shop\",\"item\":\"https:\/\/fumot.uk\/shop\/\"},{\"@type\":\"ListItem\",\"position\":3,\"name\":\"Vozol Star 20000 Puffs Perfume Lemon Disposable Vape (24ml, 5% Nicotine)\"}]},{\"@type\":\"WebSite\",\"@id\":\"https:\/\/fumot.uk\/#website\",\"url\":\"https:\/\/fumot.uk\/\",\"name\":\"Fumot Official Direct | Straight from the Factory, 100% Genuine\",\"description\":\"Official Website\",\"publisher\":{\"@id\":\"https:\/\/fumot.uk\/#organization\"},\"potentialAction\":[{\"@type\":\"SearchAction\",\"target\":{\"@type\":\"EntryPoint\",\"urlTemplate\":\"https:\/\/fumot.uk\/?s={search_term_string}\"},\"query-input\":{\"@type\":\"PropertyValueSpecification\",\"valueRequired\":true,\"valueName\":\"search_term_string\"}}],\"inLanguage\":\"de\"},{\"@type\":\"Organization\",\"@id\":\"https:\/\/fumot.uk\/#organization\",\"name\":\"Fumot Official Direct | Straight from the Factory, 100% Genuine\",\"url\":\"https:\/\/fumot.uk\/\",\"logo\":{\"@type\":\"ImageObject\",\"inLanguage\":\"de\",\"@id\":\"https:\/\/fumot.uk\/#\/schema\/logo\/image\/\",\"url\":\"https:\/\/fumot.uk\/wp-content\/uploads\/2026\/01\/cropped-fumot-logo1.png\",\"contentUrl\":\"https:\/\/fumot.uk\/wp-content\/uploads\/2026\/01\/cropped-fumot-logo1.png\",\"width\":152,\"height\":106,\"caption\":\"Fumot Official Direct | Straight from the Factory, 100% Genuine\"},\"image\":{\"@id\":\"https:\/\/fumot.uk\/#\/schema\/logo\/image\/\"}}]}<\/script>\n<!-- \/ Yoast SEO plugin. -->","yoast_head_json":{"title":"Vozol Star 20000 Parf\u00fcm Zitrone | 24ml 5% Nikotin","description":"Shop Vozol Star 20000 Z\u00fcge Parf\u00fcm Zitrone: spritzige Zitrone mit einem subtilen blumigen Abgang. 24ml, 5% Nikotin, 650mAh wiederaufladbar, Dual-Mesh, LED-Anzeige.","robots":{"index":"index","follow":"follow","max-snippet":"max-snippet:-1","max-image-preview":"max-image-preview:large","max-video-preview":"max-video-preview:-1"},"canonical":"https:\/\/fumot.uk\/de\/product\/perfume-lemon-vozol-star-20000-puffs\/","og_locale":"de_DE","og_type":"article","og_title":"Perfume Lemon \u2013 Vozol Star 20000 Puffs (24ml, 5%)","og_description":"A fresh lemon vape with a soft floral perfume finish. Vozol Star 20000 Puffs features 24ml e-liquid, 5% nicotine, rechargeable 650mAh battery, LED display and dual mesh coils.","og_url":"https:\/\/fumot.uk\/de\/product\/perfume-lemon-vozol-star-20000-puffs\/","og_site_name":"Fumot Official Direct | Straight from the Factory, 100% Genuine","article_modified_time":"2026-01-21T02:59:22+00:00","og_image":[{"width":1170,"height":1170,"url":"https:\/\/fumot.uk\/wp-content\/uploads\/2026\/01\/perfume-lemon-vozol-star-20000-disposable-vape.png","type":"image\/png"}],"twitter_card":"summary_large_image","twitter_misc":{"Gesch\u00e4tzte Lesezeit":"2\u00a0Minuten"},"schema":{"@context":"https:\/\/schema.org","@graph":[{"@type":"WebPage","@id":"https:\/\/fumot.uk\/product\/perfume-lemon-vozol-star-20000-puffs\/","url":"https:\/\/fumot.uk\/product\/perfume-lemon-vozol-star-20000-puffs\/","name":"Vozol Star 20000 Parf\u00fcm Zitrone | 24ml 5% Nikotin","isPartOf":{"@id":"https:\/\/fumot.uk\/#website"},"primaryImageOfPage":{"@id":"https:\/\/fumot.uk\/product\/perfume-lemon-vozol-star-20000-puffs\/#primaryimage"},"image":{"@id":"https:\/\/fumot.uk\/product\/perfume-lemon-vozol-star-20000-puffs\/#primaryimage"},"thumbnailUrl":"https:\/\/fumot.uk\/wp-content\/uploads\/2026\/01\/perfume-lemon-vozol-star-20000-disposable-vape.png","datePublished":"2026-01-20T10:09:06+00:00","dateModified":"2026-01-21T02:59:22+00:00","description":"Shop Vozol Star 20000 Z\u00fcge Parf\u00fcm Zitrone: spritzige Zitrone mit einem subtilen blumigen Abgang. 24ml, 5% Nikotin, 650mAh wiederaufladbar, Dual-Mesh, LED-Anzeige.","breadcrumb":{"@id":"https:\/\/fumot.uk\/product\/perfume-lemon-vozol-star-20000-puffs\/#breadcrumb"},"inLanguage":"de","potentialAction":[{"@type":"ReadAction","target":["https:\/\/fumot.uk\/product\/perfume-lemon-vozol-star-20000-puffs\/"]}]},{"@type":"ImageObject","inLanguage":"de","@id":"https:\/\/fumot.uk\/product\/perfume-lemon-vozol-star-20000-puffs\/#primaryimage","url":"https:\/\/fumot.uk\/wp-content\/uploads\/2026\/01\/perfume-lemon-vozol-star-20000-disposable-vape.png","contentUrl":"https:\/\/fumot.uk\/wp-content\/uploads\/2026\/01\/perfume-lemon-vozol-star-20000-disposable-vape.png","width":1170,"height":1170},{"@type":"BreadcrumbList","@id":"https:\/\/fumot.uk\/product\/perfume-lemon-vozol-star-20000-puffs\/#breadcrumb","itemListElement":[{"@type":"ListItem","position":1,"name":"Home","item":"https:\/\/fumot.uk\/"},{"@type":"ListItem","position":2,"name":"Shop","item":"https:\/\/fumot.uk\/shop\/"},{"@type":"ListItem","position":3,"name":"Vozol Star 20000 Puffs Perfume Lemon Disposable Vape (24ml, 5% Nicotine)"}]},{"@type":"WebSite","@id":"https:\/\/fumot.uk\/#website","url":"https:\/\/fumot.uk\/","name":"Fumot Offizieller Direkt | Direkt aus der Fabrik, 100% Original","description":"Offizielle Webseite","publisher":{"@id":"https:\/\/fumot.uk\/#organization"},"potentialAction":[{"@type":"SearchAction","target":{"@type":"EntryPoint","urlTemplate":"https:\/\/fumot.uk\/?s={search_term_string}"},"query-input":{"@type":"PropertyValueSpecification","valueRequired":true,"valueName":"search_term_string"}}],"inLanguage":"de"},{"@type":"Organization","@id":"https:\/\/fumot.uk\/#organization","name":"Fumot Offizieller Direkt | Direkt aus der Fabrik, 100% Original","url":"https:\/\/fumot.uk\/","logo":{"@type":"ImageObject","inLanguage":"de","@id":"https:\/\/fumot.uk\/#\/schema\/logo\/image\/","url":"https:\/\/fumot.uk\/wp-content\/uploads\/2026\/01\/cropped-fumot-logo1.png","contentUrl":"https:\/\/fumot.uk\/wp-content\/uploads\/2026\/01\/cropped-fumot-logo1.png","width":152,"height":106,"caption":"Fumot Official Direct | Straight from the Factory, 100% Genuine"},"image":{"@id":"https:\/\/fumot.uk\/#\/schema\/logo\/image\/"}}]}},"_links":{"self":[{"href":"https:\/\/fumot.uk\/de\/wp-json\/wp\/v2\/product\/3221","targetHints":{"allow":["GET"]}}],"collection":[{"href":"https:\/\/fumot.uk\/de\/wp-json\/wp\/v2\/product"}],"about":[{"href":"https:\/\/fumot.uk\/de\/wp-json\/wp\/v2\/types\/product"}],"replies":[{"embeddable":true,"href":"https:\/\/fumot.uk\/de\/wp-json\/wp\/v2\/comments?post=3221"}],"wp:featuredmedia":[{"embeddable":true,"href":"https:\/\/fumot.uk\/de\/wp-json\/wp\/v2\/media\/3239"}],"wp:attachment":[{"href":"https:\/\/fumot.uk\/de\/wp-json\/wp\/v2\/media?parent=3221"}],"wp:term":[{"taxonomy":"product_brand","embeddable":true,"href":"https:\/\/fumot.uk\/de\/wp-json\/wp\/v2\/product_brand?post=3221"},{"taxonomy":"product_cat","embeddable":true,"href":"https:\/\/fumot.uk\/de\/wp-json\/wp\/v2\/product_cat?post=3221"},{"taxonomy":"product_tag","embeddable":true,"href":"https:\/\/fumot.uk\/de\/wp-json\/wp\/v2\/product_tag?post=3221"}],"curies":[{"name":"wp","href":"https:\/\/api.w.org\/{rel}","templated":true}]}}