{"id":3040,"date":"2026-01-20T10:07:04","date_gmt":"2026-01-20T10:07:04","guid":{"rendered":"https:\/\/fumot.uk\/?post_type=product&#038;p=3040"},"modified":"2026-01-21T03:12:54","modified_gmt":"2026-01-21T03:12:54","slug":"love-777-vozol-star-20000-puffs","status":"publish","type":"product","link":"https:\/\/fumot.uk\/de\/product\/love-777-vozol-star-20000-puffs\/","title":{"rendered":"Vozol Star 20000 Z\u00fcge Love 777 (5% Nikotin) \u2013 24ml, Dual Mesh, LED-Anzeige, USB-C Wiederaufladbar"},"content":{"rendered":"<h2>Vozol Star 20000 Z\u00fcge \u2013 Love 777 (5% \/ 50mg)<\/h2>\n<p>Treffen Sie <strong>Love 777<\/strong> im <strong>Vozol Star 20000 Z\u00fcge<\/strong> Sortiment\u2014ein energetischer, fruchtbetonter Geschmack, der f\u00fcr lange Sitzungen und einen konstant sanften Zug entwickelt wurde. Stellen Sie es sich als eine lebendige Fruchtmischung mit einem s\u00fc\u00dfen, erfrischenden Abgang vor\u2014hell beim Einatmen, sauber beim Ausatmen.<\/p>\n<p>Entwickelt f\u00fcr Komfort und Leistung, dieses <strong>wiederaufladbare Einweg-E-Zigaretten<\/strong> kommt <strong>vorgef\u00fcllt mit 24ml E-Liquid<\/strong> und betrieben durch eine <strong>650mAh Batterie<\/strong>. verbindet. Die <strong>LED-Vollanzeige<\/strong> h\u00e4lt Sie mit Echtzeit-Batterie- und E-Liquid-Anzeigen informiert, w\u00e4hrend <strong>Dual-Mesh-Coils<\/strong> helfen, kr\u00e4ftigen Geschmack und gleichm\u00e4\u00dfigen Dampf von Anfang bis Ende zu liefern.<\/p>\n<h3>Warum Sie Love 777 m\u00f6gen werden<\/h3>\n<ul>\n<li><strong>Fruchtmischungs-Charakter:<\/strong> S\u00fc\u00df, saftig und erfrischend\u2014gemacht f\u00fcr ganzt\u00e4gigen Geschmack, ohne schwer zu wirken.<\/li>\n<li><strong>Konsistenter Geschmack:<\/strong> Dual-Mesh-Coil-Setup unterst\u00fctzt gleichm\u00e4\u00dfiges Erhitzen f\u00fcr einen sanften, zuverl\u00e4ssigen Zug.<\/li>\n<li><strong>Langanhaltendes Format:<\/strong> Entwickelt f\u00fcr bis zu <strong>20.000 Z\u00fcge<\/strong> (Nutzung variiert).<\/li>\n<\/ul>\n<h3>Hauptmerkmale<\/h3>\n<ul>\n<li><strong>Geschmack:<\/strong> Love 777<\/li>\n<li><strong>Nikotinst\u00e4rke:<\/strong> <strong>5% (50mg)<\/strong><\/li>\n<li><strong>E-Liquid-Kapazit\u00e4t:<\/strong> <strong>24ml<\/strong> vorgef\u00fcllt<\/li>\n<li><strong>Batterie:<\/strong> <strong>650mAh<\/strong> wiederaufladbar<\/li>\n<li><strong>Laden:<\/strong> <strong>USB Typ-C<\/strong><\/li>\n<li><strong>Spule:<\/strong> <strong>Dual Mesh Coils<\/strong><\/li>\n<li><strong>Display:<\/strong> <strong>LED-Vollanzeige<\/strong> (Batterie- &amp; E-Liquid-Stand)<\/li>\n<li><strong>Zuganzahl:<\/strong> Bis zu <strong>20.000 Z\u00fcge<\/strong> (ca.)<\/li>\n<\/ul>\n<h3>Entdecken Sie mehr auf fumot.uk<\/h3>\n<p>Suchen Sie nach weiteren langanhaltenden Optionen? Durchst\u00f6bern Sie unsere Sammlung von <a href=\"https:\/\/fumot.uk\/de\/\">E-Zigaretten auf fumot.uk<\/a> und entdecken Sie mehr hochkapazitive Geschmacksrichtungen und Ger\u00e4te.<\/p>\n<p><em>Hinweis: Die Anzahl der Z\u00fcge ist eine Sch\u00e4tzung und kann je nach individuellem Nutzungsverhalten variieren.<\/em><\/p>","protected":false},"excerpt":{"rendered":"<p>Vozol Star 20000 Z\u00fcge Love 777 wiederaufladbare Einweg-E-Zigaretten mit 24ml E-Liquid, 5% (50mg) Nikotin, Dual-Mesh-Coils, LED-Anzeige und USB-C-Ladung\u2014bis zu 20.000 Z\u00fcge (Nutzung variiert).<\/p>","protected":false},"featured_media":3084,"comment_status":"open","ping_status":"closed","template":"","meta":[],"product_brand":[],"product_cat":[68,17,170],"product_tag":[171,131,72,23,73,26,27,62,28],"class_list":{"0":"post-3040","1":"product","2":"type-product","3":"status-publish","4":"has-post-thumbnail","6":"product_cat-20000-puff","7":"product_cat-vape","8":"product_cat-vozol-star-20000-puffs","9":"product_tag-24ml","10":"product_tag-650mah","11":"product_tag-direct-to-lung","12":"product_tag-display","13":"product_tag-dual-mesh","14":"product_tag-rechargeable","15":"product_tag-rgb-light","16":"product_tag-sale-vape","17":"product_tag-type-c","19":"first","20":"instock","21":"sale","22":"shipping-taxable","23":"purchasable","24":"product-type-variable","25":"has-default-attributes"},"yoast_head":"<!-- This site is optimized with the Yoast SEO plugin v26.8 - https:\/\/yoast.com\/product\/yoast-seo-wordpress\/ -->\n<title>Vozol Star 20000 Puffs Love 777 5% | fumot.uk<\/title>\n<meta name=\"description\" content=\"Shop Vozol Star 20000 Puffs Love 777: 5% (50mg) nicotine, 24ml prefilled, dual mesh coils, LED display, 650mAh rechargeable, USB-C. Up to 20k puffs.\" \/>\n<meta name=\"robots\" content=\"index, follow, max-snippet:-1, max-image-preview:large, max-video-preview:-1\" \/>\n<link rel=\"canonical\" href=\"https:\/\/fumot.uk\/de\/product\/love-777-vozol-star-20000-puffs\/\" \/>\n<meta property=\"og:locale\" content=\"de_DE\" \/>\n<meta property=\"og:type\" content=\"article\" \/>\n<meta property=\"og:title\" content=\"Vozol Star 20000 Puffs Love 777 (5% Nicotine)\" \/>\n<meta property=\"og:description\" content=\"A sweet, refreshing fruit-blend flavour with dual mesh coils, LED display, 24ml prefilled e-liquid and USB-C rechargeable 650mAh battery\u2014up to 20,000 puffs.\" \/>\n<meta property=\"og:url\" content=\"https:\/\/fumot.uk\/de\/product\/love-777-vozol-star-20000-puffs\/\" \/>\n<meta property=\"og:site_name\" content=\"Fumot Official Direct | Straight from the Factory, 100% Genuine\" \/>\n<meta property=\"article:modified_time\" content=\"2026-01-21T03:12:54+00:00\" \/>\n<meta property=\"og:image\" content=\"https:\/\/fumot.uk\/wp-content\/uploads\/2026\/01\/love-777-vozol-star-20000-disposable-vape.png\" \/>\n\t<meta property=\"og:image:width\" content=\"1170\" \/>\n\t<meta property=\"og:image:height\" content=\"1170\" \/>\n\t<meta property=\"og:image:type\" content=\"image\/png\" \/>\n<meta name=\"twitter:card\" content=\"summary_large_image\" \/>\n<meta name=\"twitter:label1\" content=\"Gesch\u00e4tzte Lesezeit\" \/>\n\t<meta name=\"twitter:data1\" content=\"2\u00a0Minuten\" \/>\n<script type=\"application\/ld+json\" class=\"yoast-schema-graph\">{\"@context\":\"https:\/\/schema.org\",\"@graph\":[{\"@type\":\"WebPage\",\"@id\":\"https:\/\/fumot.uk\/product\/love-777-vozol-star-20000-puffs\/\",\"url\":\"https:\/\/fumot.uk\/product\/love-777-vozol-star-20000-puffs\/\",\"name\":\"Vozol Star 20000 Puffs Love 777 5% | fumot.uk\",\"isPartOf\":{\"@id\":\"https:\/\/fumot.uk\/#website\"},\"primaryImageOfPage\":{\"@id\":\"https:\/\/fumot.uk\/product\/love-777-vozol-star-20000-puffs\/#primaryimage\"},\"image\":{\"@id\":\"https:\/\/fumot.uk\/product\/love-777-vozol-star-20000-puffs\/#primaryimage\"},\"thumbnailUrl\":\"https:\/\/fumot.uk\/wp-content\/uploads\/2026\/01\/love-777-vozol-star-20000-disposable-vape.png\",\"datePublished\":\"2026-01-20T10:07:04+00:00\",\"dateModified\":\"2026-01-21T03:12:54+00:00\",\"description\":\"Shop Vozol Star 20000 Puffs Love 777: 5% (50mg) nicotine, 24ml prefilled, dual mesh coils, LED display, 650mAh rechargeable, USB-C. Up to 20k puffs.\",\"breadcrumb\":{\"@id\":\"https:\/\/fumot.uk\/product\/love-777-vozol-star-20000-puffs\/#breadcrumb\"},\"inLanguage\":\"de\",\"potentialAction\":[{\"@type\":\"ReadAction\",\"target\":[\"https:\/\/fumot.uk\/product\/love-777-vozol-star-20000-puffs\/\"]}]},{\"@type\":\"ImageObject\",\"inLanguage\":\"de\",\"@id\":\"https:\/\/fumot.uk\/product\/love-777-vozol-star-20000-puffs\/#primaryimage\",\"url\":\"https:\/\/fumot.uk\/wp-content\/uploads\/2026\/01\/love-777-vozol-star-20000-disposable-vape.png\",\"contentUrl\":\"https:\/\/fumot.uk\/wp-content\/uploads\/2026\/01\/love-777-vozol-star-20000-disposable-vape.png\",\"width\":1170,\"height\":1170},{\"@type\":\"BreadcrumbList\",\"@id\":\"https:\/\/fumot.uk\/product\/love-777-vozol-star-20000-puffs\/#breadcrumb\",\"itemListElement\":[{\"@type\":\"ListItem\",\"position\":1,\"name\":\"Home\",\"item\":\"https:\/\/fumot.uk\/\"},{\"@type\":\"ListItem\",\"position\":2,\"name\":\"Shop\",\"item\":\"https:\/\/fumot.uk\/shop\/\"},{\"@type\":\"ListItem\",\"position\":3,\"name\":\"Vozol Star 20000 Puffs Love 777 (5% Nicotine) \u2013 24ml, Dual Mesh, LED Display, USB-C Rechargeable\"}]},{\"@type\":\"WebSite\",\"@id\":\"https:\/\/fumot.uk\/#website\",\"url\":\"https:\/\/fumot.uk\/\",\"name\":\"Fumot Official Direct | Straight from the Factory, 100% Genuine\",\"description\":\"Official Website\",\"publisher\":{\"@id\":\"https:\/\/fumot.uk\/#organization\"},\"potentialAction\":[{\"@type\":\"SearchAction\",\"target\":{\"@type\":\"EntryPoint\",\"urlTemplate\":\"https:\/\/fumot.uk\/?s={search_term_string}\"},\"query-input\":{\"@type\":\"PropertyValueSpecification\",\"valueRequired\":true,\"valueName\":\"search_term_string\"}}],\"inLanguage\":\"de\"},{\"@type\":\"Organization\",\"@id\":\"https:\/\/fumot.uk\/#organization\",\"name\":\"Fumot Official Direct | Straight from the Factory, 100% Genuine\",\"url\":\"https:\/\/fumot.uk\/\",\"logo\":{\"@type\":\"ImageObject\",\"inLanguage\":\"de\",\"@id\":\"https:\/\/fumot.uk\/#\/schema\/logo\/image\/\",\"url\":\"https:\/\/fumot.uk\/wp-content\/uploads\/2026\/01\/cropped-fumot-logo1.png\",\"contentUrl\":\"https:\/\/fumot.uk\/wp-content\/uploads\/2026\/01\/cropped-fumot-logo1.png\",\"width\":152,\"height\":106,\"caption\":\"Fumot Official Direct | Straight from the Factory, 100% Genuine\"},\"image\":{\"@id\":\"https:\/\/fumot.uk\/#\/schema\/logo\/image\/\"}}]}<\/script>\n<!-- \/ Yoast SEO plugin. -->","yoast_head_json":{"title":"Vozol Star 20000 Z\u00fcge Love 777 5% | fumot.uk","description":"Shop Vozol Star 20000 Puffs Love 777: 5% (50mg) Nikotin, 24ml vorgef\u00fcllt, Dual-Mesh-Coils, LED-Display, 650mAh wiederaufladbar, USB-C. Bis zu 20k Z\u00fcge.","robots":{"index":"index","follow":"follow","max-snippet":"max-snippet:-1","max-image-preview":"max-image-preview:large","max-video-preview":"max-video-preview:-1"},"canonical":"https:\/\/fumot.uk\/de\/product\/love-777-vozol-star-20000-puffs\/","og_locale":"de_DE","og_type":"article","og_title":"Vozol Star 20000 Puffs Love 777 (5% Nicotine)","og_description":"A sweet, refreshing fruit-blend flavour with dual mesh coils, LED display, 24ml prefilled e-liquid and USB-C rechargeable 650mAh battery\u2014up to 20,000 puffs.","og_url":"https:\/\/fumot.uk\/de\/product\/love-777-vozol-star-20000-puffs\/","og_site_name":"Fumot Official Direct | Straight from the Factory, 100% Genuine","article_modified_time":"2026-01-21T03:12:54+00:00","og_image":[{"width":1170,"height":1170,"url":"https:\/\/fumot.uk\/wp-content\/uploads\/2026\/01\/love-777-vozol-star-20000-disposable-vape.png","type":"image\/png"}],"twitter_card":"summary_large_image","twitter_misc":{"Gesch\u00e4tzte Lesezeit":"2\u00a0Minuten"},"schema":{"@context":"https:\/\/schema.org","@graph":[{"@type":"WebPage","@id":"https:\/\/fumot.uk\/product\/love-777-vozol-star-20000-puffs\/","url":"https:\/\/fumot.uk\/product\/love-777-vozol-star-20000-puffs\/","name":"Vozol Star 20000 Z\u00fcge Love 777 5% | fumot.uk","isPartOf":{"@id":"https:\/\/fumot.uk\/#website"},"primaryImageOfPage":{"@id":"https:\/\/fumot.uk\/product\/love-777-vozol-star-20000-puffs\/#primaryimage"},"image":{"@id":"https:\/\/fumot.uk\/product\/love-777-vozol-star-20000-puffs\/#primaryimage"},"thumbnailUrl":"https:\/\/fumot.uk\/wp-content\/uploads\/2026\/01\/love-777-vozol-star-20000-disposable-vape.png","datePublished":"2026-01-20T10:07:04+00:00","dateModified":"2026-01-21T03:12:54+00:00","description":"Shop Vozol Star 20000 Puffs Love 777: 5% (50mg) Nikotin, 24ml vorgef\u00fcllt, Dual-Mesh-Coils, LED-Display, 650mAh wiederaufladbar, USB-C. Bis zu 20k Z\u00fcge.","breadcrumb":{"@id":"https:\/\/fumot.uk\/product\/love-777-vozol-star-20000-puffs\/#breadcrumb"},"inLanguage":"de","potentialAction":[{"@type":"ReadAction","target":["https:\/\/fumot.uk\/product\/love-777-vozol-star-20000-puffs\/"]}]},{"@type":"ImageObject","inLanguage":"de","@id":"https:\/\/fumot.uk\/product\/love-777-vozol-star-20000-puffs\/#primaryimage","url":"https:\/\/fumot.uk\/wp-content\/uploads\/2026\/01\/love-777-vozol-star-20000-disposable-vape.png","contentUrl":"https:\/\/fumot.uk\/wp-content\/uploads\/2026\/01\/love-777-vozol-star-20000-disposable-vape.png","width":1170,"height":1170},{"@type":"BreadcrumbList","@id":"https:\/\/fumot.uk\/product\/love-777-vozol-star-20000-puffs\/#breadcrumb","itemListElement":[{"@type":"ListItem","position":1,"name":"Home","item":"https:\/\/fumot.uk\/"},{"@type":"ListItem","position":2,"name":"Shop","item":"https:\/\/fumot.uk\/shop\/"},{"@type":"ListItem","position":3,"name":"Vozol Star 20000 Puffs Love 777 (5% Nicotine) \u2013 24ml, Dual Mesh, LED Display, USB-C Rechargeable"}]},{"@type":"WebSite","@id":"https:\/\/fumot.uk\/#website","url":"https:\/\/fumot.uk\/","name":"Fumot Offizieller Direkt | Direkt aus der Fabrik, 100% Original","description":"Offizielle Webseite","publisher":{"@id":"https:\/\/fumot.uk\/#organization"},"potentialAction":[{"@type":"SearchAction","target":{"@type":"EntryPoint","urlTemplate":"https:\/\/fumot.uk\/?s={search_term_string}"},"query-input":{"@type":"PropertyValueSpecification","valueRequired":true,"valueName":"search_term_string"}}],"inLanguage":"de"},{"@type":"Organization","@id":"https:\/\/fumot.uk\/#organization","name":"Fumot Offizieller Direkt | Direkt aus der Fabrik, 100% Original","url":"https:\/\/fumot.uk\/","logo":{"@type":"ImageObject","inLanguage":"de","@id":"https:\/\/fumot.uk\/#\/schema\/logo\/image\/","url":"https:\/\/fumot.uk\/wp-content\/uploads\/2026\/01\/cropped-fumot-logo1.png","contentUrl":"https:\/\/fumot.uk\/wp-content\/uploads\/2026\/01\/cropped-fumot-logo1.png","width":152,"height":106,"caption":"Fumot Official Direct | Straight from the Factory, 100% Genuine"},"image":{"@id":"https:\/\/fumot.uk\/#\/schema\/logo\/image\/"}}]}},"_links":{"self":[{"href":"https:\/\/fumot.uk\/de\/wp-json\/wp\/v2\/product\/3040","targetHints":{"allow":["GET"]}}],"collection":[{"href":"https:\/\/fumot.uk\/de\/wp-json\/wp\/v2\/product"}],"about":[{"href":"https:\/\/fumot.uk\/de\/wp-json\/wp\/v2\/types\/product"}],"replies":[{"embeddable":true,"href":"https:\/\/fumot.uk\/de\/wp-json\/wp\/v2\/comments?post=3040"}],"wp:featuredmedia":[{"embeddable":true,"href":"https:\/\/fumot.uk\/de\/wp-json\/wp\/v2\/media\/3084"}],"wp:attachment":[{"href":"https:\/\/fumot.uk\/de\/wp-json\/wp\/v2\/media?parent=3040"}],"wp:term":[{"taxonomy":"product_brand","embeddable":true,"href":"https:\/\/fumot.uk\/de\/wp-json\/wp\/v2\/product_brand?post=3040"},{"taxonomy":"product_cat","embeddable":true,"href":"https:\/\/fumot.uk\/de\/wp-json\/wp\/v2\/product_cat?post=3040"},{"taxonomy":"product_tag","embeddable":true,"href":"https:\/\/fumot.uk\/de\/wp-json\/wp\/v2\/product_tag?post=3040"}],"curies":[{"name":"wp","href":"https:\/\/api.w.org\/{rel}","templated":true}]}}