{"id":3016,"date":"2026-01-20T10:06:40","date_gmt":"2026-01-20T10:06:40","guid":{"rendered":"https:\/\/fumot.uk\/?post_type=product&#038;p=3016"},"modified":"2026-01-21T03:21:36","modified_gmt":"2026-01-21T03:21:36","slug":"blueberry-storm-vozol-star-20000-puffs","status":"publish","type":"product","link":"https:\/\/fumot.uk\/de\/product\/blueberry-storm-vozol-star-20000-puffs\/","title":{"rendered":"Vozol Star 20000 Z\u00fcge Blueberry Storm Einweg-E-Zigaretten (24ml, 5% Nikotin) \u2013 Dual-Mesh-Coils, LED-Anzeige, USB\u2011C wiederaufladbar"},"content":{"rendered":"<h2>Vozol Star 20000 Z\u00fcge \u2013 Blueberry Storm<\/h2>\n<p>Treffen Sie <strong>Blueberry Storm<\/strong>\u2014eine leuchtende, reife Blaubeer-E-Zigaretten mit einem sauberen, k\u00fchlenden Abgang. In der <strong>Vozol Star 20000 Z\u00fcge<\/strong> Aufstellung ist dieser Geschmack f\u00fcr ganzt\u00e4gige Zufriedenheit gebaut: fruchtig beim Einatmen, knackig beim Ausatmen und dank <strong>Dual-Mesh-Spule<\/strong> Leistung durchgehend sanft.<\/p>\n<h3>Geschmackserlebnis: Blueberry Storm<\/h3>\n<ul>\n<li><strong>Geschmack:<\/strong> saftige Blaubeers\u00fc\u00dfe mit einem frischen eisigen Rand<\/li>\n<li><strong>Stimmung:<\/strong> sauber, k\u00fchl und leicht \u00fcber l\u00e4ngere Zeit zu genie\u00dfen<\/li>\n<li><strong>Ideal f\u00fcr:<\/strong> Fans von <strong>Blaubeer-Einweg-E-Zigaretten<\/strong> Geschm\u00e4ckern, die einen erfrischenden Abgang w\u00fcnschen<\/li>\n<\/ul>\n<h3>Hauptmerkmale<\/h3>\n<ul>\n<li><strong>Bis zu 20.000 Z\u00fcge:<\/strong> f\u00fcr langanhaltende Bequemlichkeit entworfen<\/li>\n<li><strong>24ml vorgef\u00fclltes E-Liquid:<\/strong> gro\u00dfz\u00fcgige Kapazit\u00e4t f\u00fcr weniger Ersatz<\/li>\n<li><strong>5% Nikotin (50mg):<\/strong> starke Nikotinst\u00e4rke f\u00fcr einen befriedigenden Zug<\/li>\n<li><strong>650mAh wiederaufladbare Batterie:<\/strong> zuverl\u00e4ssige Leistung f\u00fcr den t\u00e4glichen Gebrauch<\/li>\n<li><strong>Dual-Mesh-Spulen:<\/strong> gleichm\u00e4\u00dfiger Dampf, sanfter Zug und konsistenter Geschmack<\/li>\n<li><strong>Vollst\u00e4ndiges LED-Display:<\/strong> \u00fcberpr\u00fcfen <strong>Batterie<\/strong> und <strong>E-Liquid<\/strong> Pegel auf einen Blick<\/li>\n<li><strong>USB-C-Laden:<\/strong> modernes, bequemes Aufladen<\/li>\n<\/ul>\n<h3>Warum Sie Blueberry Storm wollen werden<\/h3>\n<p>Wenn Sie nach einer <strong>Premium-Einweg-E-Zigaretten<\/strong> die einfach bleibt, diese erf\u00fcllt die Anforderungen: kr\u00e4ftiger Blaubeergeschmack, k\u00fchler Abgang und intelligente Funktionen wie ein LED-Bildschirm, damit Sie nicht raten m\u00fcssen, wann es Zeit zum Aufladen ist.<\/p>\n<p><strong>Kaufen Sie mehr Vozol-Geschm\u00e4cker und Einwegprodukte:<\/strong> <a href=\"https:\/\/fumot.uk\/de\/\">fumot.uk<\/a><\/p>","protected":false},"excerpt":{"rendered":"<p>Vozol Star 20000 Z\u00fcge Blueberry Storm Einweg-E-Zigaretten mit saftiger Blaubeere und einem k\u00fchlen Abgang. 24ml vorgef\u00fcllt, 5% Nikotin, Dual-Mesh-Spulen, LED-Anzeige, 650mAh USB\u2011C wiederaufladbar.<\/p>","protected":false},"featured_media":3061,"comment_status":"open","ping_status":"closed","template":"","meta":[],"product_brand":[],"product_cat":[68,17,170],"product_tag":[171,131,33,72,23,73,26,27,62,28],"class_list":{"0":"post-3016","1":"product","2":"type-product","3":"status-publish","4":"has-post-thumbnail","6":"product_cat-20000-puff","7":"product_cat-vape","8":"product_cat-vozol-star-20000-puffs","9":"product_tag-24ml","10":"product_tag-650mah","11":"product_tag-blueberry","12":"product_tag-direct-to-lung","13":"product_tag-display","14":"product_tag-dual-mesh","15":"product_tag-rechargeable","16":"product_tag-rgb-light","17":"product_tag-sale-vape","18":"product_tag-type-c","20":"first","21":"instock","22":"sale","23":"shipping-taxable","24":"purchasable","25":"product-type-variable","26":"has-default-attributes"},"yoast_head":"<!-- This site is optimized with the Yoast SEO plugin v26.8 - https:\/\/yoast.com\/product\/yoast-seo-wordpress\/ -->\n<title>Vozol Star 20000 Blueberry Storm 5% (24ml) Vape<\/title>\n<meta name=\"description\" content=\"Vozol Star 20000 Puffs Blueberry Storm disposable vape: juicy blueberry with a cool finish, 24ml prefilled, 5% nicotine, dual mesh coils, LED display, 650mAh USB\u2011C rechargeable.\" \/>\n<meta name=\"robots\" content=\"index, follow, max-snippet:-1, max-image-preview:large, max-video-preview:-1\" \/>\n<link rel=\"canonical\" href=\"https:\/\/fumot.uk\/de\/product\/blueberry-storm-vozol-star-20000-puffs\/\" \/>\n<meta property=\"og:locale\" content=\"de_DE\" \/>\n<meta property=\"og:type\" content=\"article\" \/>\n<meta property=\"og:title\" content=\"Vozol Star 20000 Puffs \u2013 Blueberry Storm (24ml, 5%)\" \/>\n<meta property=\"og:description\" content=\"Juicy blueberry taste with a crisp, cool finish. Dual mesh coils, LED display, 24ml prefilled, 5% nicotine, and USB\u2011C rechargeable 650mAh power. Shop at fumot.uk.\" \/>\n<meta property=\"og:url\" content=\"https:\/\/fumot.uk\/de\/product\/blueberry-storm-vozol-star-20000-puffs\/\" \/>\n<meta property=\"og:site_name\" content=\"Fumot Official Direct | Straight from the Factory, 100% Genuine\" \/>\n<meta property=\"article:modified_time\" content=\"2026-01-21T03:21:36+00:00\" \/>\n<meta property=\"og:image\" content=\"https:\/\/fumot.uk\/wp-content\/uploads\/2026\/01\/blueberry-storm-vozol-star-20000-disposable-vape.png\" \/>\n\t<meta property=\"og:image:width\" content=\"1170\" \/>\n\t<meta property=\"og:image:height\" content=\"1169\" \/>\n\t<meta property=\"og:image:type\" content=\"image\/png\" \/>\n<meta name=\"twitter:card\" content=\"summary_large_image\" \/>\n<meta name=\"twitter:label1\" content=\"Gesch\u00e4tzte Lesezeit\" \/>\n\t<meta name=\"twitter:data1\" content=\"1\u00a0Minute\" \/>\n<script type=\"application\/ld+json\" class=\"yoast-schema-graph\">{\"@context\":\"https:\/\/schema.org\",\"@graph\":[{\"@type\":\"WebPage\",\"@id\":\"https:\/\/fumot.uk\/product\/blueberry-storm-vozol-star-20000-puffs\/\",\"url\":\"https:\/\/fumot.uk\/product\/blueberry-storm-vozol-star-20000-puffs\/\",\"name\":\"Vozol Star 20000 Blueberry Storm 5% (24ml) Vape\",\"isPartOf\":{\"@id\":\"https:\/\/fumot.uk\/#website\"},\"primaryImageOfPage\":{\"@id\":\"https:\/\/fumot.uk\/product\/blueberry-storm-vozol-star-20000-puffs\/#primaryimage\"},\"image\":{\"@id\":\"https:\/\/fumot.uk\/product\/blueberry-storm-vozol-star-20000-puffs\/#primaryimage\"},\"thumbnailUrl\":\"https:\/\/fumot.uk\/wp-content\/uploads\/2026\/01\/blueberry-storm-vozol-star-20000-disposable-vape.png\",\"datePublished\":\"2026-01-20T10:06:40+00:00\",\"dateModified\":\"2026-01-21T03:21:36+00:00\",\"description\":\"Vozol Star 20000 Puffs Blueberry Storm disposable vape: juicy blueberry with a cool finish, 24ml prefilled, 5% nicotine, dual mesh coils, LED display, 650mAh USB\u2011C rechargeable.\",\"breadcrumb\":{\"@id\":\"https:\/\/fumot.uk\/product\/blueberry-storm-vozol-star-20000-puffs\/#breadcrumb\"},\"inLanguage\":\"de\",\"potentialAction\":[{\"@type\":\"ReadAction\",\"target\":[\"https:\/\/fumot.uk\/product\/blueberry-storm-vozol-star-20000-puffs\/\"]}]},{\"@type\":\"ImageObject\",\"inLanguage\":\"de\",\"@id\":\"https:\/\/fumot.uk\/product\/blueberry-storm-vozol-star-20000-puffs\/#primaryimage\",\"url\":\"https:\/\/fumot.uk\/wp-content\/uploads\/2026\/01\/blueberry-storm-vozol-star-20000-disposable-vape.png\",\"contentUrl\":\"https:\/\/fumot.uk\/wp-content\/uploads\/2026\/01\/blueberry-storm-vozol-star-20000-disposable-vape.png\",\"width\":1170,\"height\":1169},{\"@type\":\"BreadcrumbList\",\"@id\":\"https:\/\/fumot.uk\/product\/blueberry-storm-vozol-star-20000-puffs\/#breadcrumb\",\"itemListElement\":[{\"@type\":\"ListItem\",\"position\":1,\"name\":\"Home\",\"item\":\"https:\/\/fumot.uk\/\"},{\"@type\":\"ListItem\",\"position\":2,\"name\":\"Shop\",\"item\":\"https:\/\/fumot.uk\/shop\/\"},{\"@type\":\"ListItem\",\"position\":3,\"name\":\"Vozol Star 20000 Puffs Blueberry Storm Disposable Vape (24ml, 5% Nicotine) \u2013 Dual Mesh Coils, LED Display, USB\u2011C Rechargeable\"}]},{\"@type\":\"WebSite\",\"@id\":\"https:\/\/fumot.uk\/#website\",\"url\":\"https:\/\/fumot.uk\/\",\"name\":\"Fumot Official Direct | Straight from the Factory, 100% Genuine\",\"description\":\"Official Website\",\"publisher\":{\"@id\":\"https:\/\/fumot.uk\/#organization\"},\"potentialAction\":[{\"@type\":\"SearchAction\",\"target\":{\"@type\":\"EntryPoint\",\"urlTemplate\":\"https:\/\/fumot.uk\/?s={search_term_string}\"},\"query-input\":{\"@type\":\"PropertyValueSpecification\",\"valueRequired\":true,\"valueName\":\"search_term_string\"}}],\"inLanguage\":\"de\"},{\"@type\":\"Organization\",\"@id\":\"https:\/\/fumot.uk\/#organization\",\"name\":\"Fumot Official Direct | Straight from the Factory, 100% Genuine\",\"url\":\"https:\/\/fumot.uk\/\",\"logo\":{\"@type\":\"ImageObject\",\"inLanguage\":\"de\",\"@id\":\"https:\/\/fumot.uk\/#\/schema\/logo\/image\/\",\"url\":\"https:\/\/fumot.uk\/wp-content\/uploads\/2026\/01\/cropped-fumot-logo1.png\",\"contentUrl\":\"https:\/\/fumot.uk\/wp-content\/uploads\/2026\/01\/cropped-fumot-logo1.png\",\"width\":152,\"height\":106,\"caption\":\"Fumot Official Direct | Straight from the Factory, 100% Genuine\"},\"image\":{\"@id\":\"https:\/\/fumot.uk\/#\/schema\/logo\/image\/\"}}]}<\/script>\n<!-- \/ Yoast SEO plugin. -->","yoast_head_json":{"title":"Vozol Star 20000 Blueberry Storm 5% (24ml) E-Zigaretten","description":"Vozol Star 20000 Z\u00fcge Blueberry Storm Einweg-E-Zigaretten: saftige Blaubeere mit einem k\u00fchlen Abgang, 24ml vorgef\u00fcllt, 5% Nikotin, Dual-Mesh-Coils, LED-Anzeige, 650mAh USB\u2011C wiederaufladbar.","robots":{"index":"index","follow":"follow","max-snippet":"max-snippet:-1","max-image-preview":"max-image-preview:large","max-video-preview":"max-video-preview:-1"},"canonical":"https:\/\/fumot.uk\/de\/product\/blueberry-storm-vozol-star-20000-puffs\/","og_locale":"de_DE","og_type":"article","og_title":"Vozol Star 20000 Puffs \u2013 Blueberry Storm (24ml, 5%)","og_description":"Juicy blueberry taste with a crisp, cool finish. Dual mesh coils, LED display, 24ml prefilled, 5% nicotine, and USB\u2011C rechargeable 650mAh power. Shop at fumot.uk.","og_url":"https:\/\/fumot.uk\/de\/product\/blueberry-storm-vozol-star-20000-puffs\/","og_site_name":"Fumot Official Direct | Straight from the Factory, 100% Genuine","article_modified_time":"2026-01-21T03:21:36+00:00","og_image":[{"width":1170,"height":1169,"url":"https:\/\/fumot.uk\/wp-content\/uploads\/2026\/01\/blueberry-storm-vozol-star-20000-disposable-vape.png","type":"image\/png"}],"twitter_card":"summary_large_image","twitter_misc":{"Gesch\u00e4tzte Lesezeit":"1\u00a0Minute"},"schema":{"@context":"https:\/\/schema.org","@graph":[{"@type":"WebPage","@id":"https:\/\/fumot.uk\/product\/blueberry-storm-vozol-star-20000-puffs\/","url":"https:\/\/fumot.uk\/product\/blueberry-storm-vozol-star-20000-puffs\/","name":"Vozol Star 20000 Blueberry Storm 5% (24ml) E-Zigaretten","isPartOf":{"@id":"https:\/\/fumot.uk\/#website"},"primaryImageOfPage":{"@id":"https:\/\/fumot.uk\/product\/blueberry-storm-vozol-star-20000-puffs\/#primaryimage"},"image":{"@id":"https:\/\/fumot.uk\/product\/blueberry-storm-vozol-star-20000-puffs\/#primaryimage"},"thumbnailUrl":"https:\/\/fumot.uk\/wp-content\/uploads\/2026\/01\/blueberry-storm-vozol-star-20000-disposable-vape.png","datePublished":"2026-01-20T10:06:40+00:00","dateModified":"2026-01-21T03:21:36+00:00","description":"Vozol Star 20000 Z\u00fcge Blueberry Storm Einweg-E-Zigaretten: saftige Blaubeere mit einem k\u00fchlen Abgang, 24ml vorgef\u00fcllt, 5% Nikotin, Dual-Mesh-Coils, LED-Anzeige, 650mAh USB\u2011C wiederaufladbar.","breadcrumb":{"@id":"https:\/\/fumot.uk\/product\/blueberry-storm-vozol-star-20000-puffs\/#breadcrumb"},"inLanguage":"de","potentialAction":[{"@type":"ReadAction","target":["https:\/\/fumot.uk\/product\/blueberry-storm-vozol-star-20000-puffs\/"]}]},{"@type":"ImageObject","inLanguage":"de","@id":"https:\/\/fumot.uk\/product\/blueberry-storm-vozol-star-20000-puffs\/#primaryimage","url":"https:\/\/fumot.uk\/wp-content\/uploads\/2026\/01\/blueberry-storm-vozol-star-20000-disposable-vape.png","contentUrl":"https:\/\/fumot.uk\/wp-content\/uploads\/2026\/01\/blueberry-storm-vozol-star-20000-disposable-vape.png","width":1170,"height":1169},{"@type":"BreadcrumbList","@id":"https:\/\/fumot.uk\/product\/blueberry-storm-vozol-star-20000-puffs\/#breadcrumb","itemListElement":[{"@type":"ListItem","position":1,"name":"Home","item":"https:\/\/fumot.uk\/"},{"@type":"ListItem","position":2,"name":"Shop","item":"https:\/\/fumot.uk\/shop\/"},{"@type":"ListItem","position":3,"name":"Vozol Star 20000 Puffs Blueberry Storm Disposable Vape (24ml, 5% Nicotine) \u2013 Dual Mesh Coils, LED Display, USB\u2011C Rechargeable"}]},{"@type":"WebSite","@id":"https:\/\/fumot.uk\/#website","url":"https:\/\/fumot.uk\/","name":"Fumot Offizieller Direkt | Direkt aus der Fabrik, 100% Original","description":"Offizielle Webseite","publisher":{"@id":"https:\/\/fumot.uk\/#organization"},"potentialAction":[{"@type":"SearchAction","target":{"@type":"EntryPoint","urlTemplate":"https:\/\/fumot.uk\/?s={search_term_string}"},"query-input":{"@type":"PropertyValueSpecification","valueRequired":true,"valueName":"search_term_string"}}],"inLanguage":"de"},{"@type":"Organization","@id":"https:\/\/fumot.uk\/#organization","name":"Fumot Offizieller Direkt | Direkt aus der Fabrik, 100% Original","url":"https:\/\/fumot.uk\/","logo":{"@type":"ImageObject","inLanguage":"de","@id":"https:\/\/fumot.uk\/#\/schema\/logo\/image\/","url":"https:\/\/fumot.uk\/wp-content\/uploads\/2026\/01\/cropped-fumot-logo1.png","contentUrl":"https:\/\/fumot.uk\/wp-content\/uploads\/2026\/01\/cropped-fumot-logo1.png","width":152,"height":106,"caption":"Fumot Official Direct | Straight from the Factory, 100% Genuine"},"image":{"@id":"https:\/\/fumot.uk\/#\/schema\/logo\/image\/"}}]}},"_links":{"self":[{"href":"https:\/\/fumot.uk\/de\/wp-json\/wp\/v2\/product\/3016","targetHints":{"allow":["GET"]}}],"collection":[{"href":"https:\/\/fumot.uk\/de\/wp-json\/wp\/v2\/product"}],"about":[{"href":"https:\/\/fumot.uk\/de\/wp-json\/wp\/v2\/types\/product"}],"replies":[{"embeddable":true,"href":"https:\/\/fumot.uk\/de\/wp-json\/wp\/v2\/comments?post=3016"}],"wp:featuredmedia":[{"embeddable":true,"href":"https:\/\/fumot.uk\/de\/wp-json\/wp\/v2\/media\/3061"}],"wp:attachment":[{"href":"https:\/\/fumot.uk\/de\/wp-json\/wp\/v2\/media?parent=3016"}],"wp:term":[{"taxonomy":"product_brand","embeddable":true,"href":"https:\/\/fumot.uk\/de\/wp-json\/wp\/v2\/product_brand?post=3016"},{"taxonomy":"product_cat","embeddable":true,"href":"https:\/\/fumot.uk\/de\/wp-json\/wp\/v2\/product_cat?post=3016"},{"taxonomy":"product_tag","embeddable":true,"href":"https:\/\/fumot.uk\/de\/wp-json\/wp\/v2\/product_tag?post=3016"}],"curies":[{"name":"wp","href":"https:\/\/api.w.org\/{rel}","templated":true}]}}