{"id":3015,"date":"2026-01-20T10:06:40","date_gmt":"2026-01-20T10:06:40","guid":{"rendered":"https:\/\/fumot.uk\/?post_type=product&#038;p=3015"},"modified":"2026-01-21T03:21:10","modified_gmt":"2026-01-21T03:21:10","slug":"waspe-triple-flavor-60000-puffs-blueberry-raspberry-blueberry-cotton-candy-double-apple-ice","status":"publish","type":"product","link":"https:\/\/fumot.uk\/de\/product\/waspe-triple-flavor-60000-puffs-blueberry-raspberry-blueberry-cotton-candy-double-apple-ice\/","title":{"rendered":"WASPE Dreifachgeschmack 60000 Z\u00fcge Einweg-E-Zigaretten (54ml) \u2013 Blaubeere Himbeere \/ Blaubeere Zuckerwatte \/ Doppelter Apfel Eis"},"content":{"rendered":"<h3>WASPE Triple Flavor 60000 Puffs \u2013 Drei Geschm\u00e4cker, eine sanfte Rotation<\/h3>\n<p><strong>WASPE Triple Flavor 60000 Puffs \u2013 Blaubeere Himbeere &amp; Blaubeere Zuckerwatte &amp; Doppelter Apfel Eis<\/strong> ist eine hochkapazitive <strong>3-in-1 Einweg-E-Zigaretten<\/strong> entwickelt f\u00fcr Vielfalt ohne Aufwand. Mit <strong>54ml E-Liquid<\/strong>, bis zu <strong>60.000 Z\u00fcge<\/strong> (nutzungsabh\u00e4ngig), und einem <strong>Drei-Kammer-Drehw\u00e4hler<\/strong>, k\u00f6nnen Sie in Sekunden die Geschm\u00e4cker wechseln. Ein klares <strong>LED-Display<\/strong> h\u00e4lt Sie \u00fcber den Akku- und E-Liquid-Stand auf dem Laufenden, w\u00e4hrend die <strong>650mAh wiederaufladbare Batterie<\/strong> unterst\u00fctzt <strong>Typ\u2011C-Schnellladung<\/strong> f\u00fcr zuverl\u00e4ssigen t\u00e4glichen Gebrauch.<\/p>\n<h4>Geschmacksstory: Blaubeere Himbeere \/ Blaubeere Zuckerwatte \/ Doppelter Apfel Eis<\/h4>\n<ul>\n<li><strong>Blaubeere Himbeere:<\/strong> Helle Blaubeers\u00fc\u00dfe, ausgeglichen durch einen lebhaften Himbeerakzent\u2014saftig und klar.<\/li>\n<li><strong>Blaubeere Zuckerwatte:<\/strong> Eine weiche Beerenbasis, eingeh\u00fcllt in eine sanfte, nostalgische S\u00fc\u00dfwaren-Note\u2014s\u00fc\u00df, aber nicht \u00fcberw\u00e4ltigend.<\/li>\n<li><strong>Doppelter Apfel Eis:<\/strong> Knackige Apfelschichten mit einem k\u00fchlen Finish f\u00fcr einen erfrischenden, eisigen Ausatmen.<\/li>\n<\/ul>\n<p>Dieses Trio bewegt sich von fruchtig \u00fcber s\u00fc\u00df bis hin zu eisig frisch\u2014ideal, wenn Sie m\u00f6chten, dass sich Ihre E-Zigaretten-Sitzungen im Laufe des Tages unterschiedlich anf\u00fchlen.<\/p>\n<h4>Warum Sie diese 3-in-1 Einweg-E-Zigaretten m\u00f6gen werden<\/h4>\n<ul>\n<li><strong>Einfacher Geschmackswechsel:<\/strong> Der Drehmechanismus erm\u00f6glicht es Ihnen, schnell zwischen den drei Kammern zu wechseln\u2014keine komplizierten Schritte.<\/li>\n<li><strong>Dreifach-Mesh-Konsistenz:<\/strong> <strong>0,9\u03a9 \u00d7 3 Mesh-Spulen<\/strong> helfen, gleichm\u00e4\u00dfigen Geschmack und einen sanften Zug \u00fcber alle drei Geschm\u00e4cker zu liefern.<\/li>\n<li><strong>Intelligentes LED-Display:<\/strong> Echtzeit-Akku- und E-Liquid-Anzeige f\u00fcr weniger \u00dcberraschungen.<\/li>\n<li><strong>Wiederaufladbarer Komfort:<\/strong> <strong>650mAh<\/strong> Batterie mit <strong>Type\u2011C<\/strong> Aufladen h\u00e4lt Sie zwischen den Ladevorg\u00e4ngen in Betrieb.<\/li>\n<li><strong>Nikotinoptionen:<\/strong> W\u00e4hlen Sie <strong>0%<\/strong>, <strong>2%<\/strong>, oder <strong>5%<\/strong> um Ihrer Vorliebe zu entsprechen (Verf\u00fcgbarkeit variiert je nach Auswahl).<\/li>\n<\/ul>\n<h4>Spezifikationen<\/h4>\n<ul>\n<li><strong>Ger\u00e4tetyp:<\/strong> 3-in-1 Einweg-E-Zigaretten (wiederaufladbar)<\/li>\n<li><strong>Z\u00fcge:<\/strong> Bis zu 60.000 (abh\u00e4ngig von der Nutzung)<\/li>\n<li><strong>E-Liquid Kapazit\u00e4t:<\/strong> 54ml<\/li>\n<li><strong>Spule:<\/strong> Dreifach-Mesh 0,9\u03a9 \u00d7 3<\/li>\n<li><strong>Batterie:<\/strong> 650mAh wiederaufladbar<\/li>\n<li><strong>Laden:<\/strong> Typ\u2011C-Schnellladung<\/li>\n<li><strong>Display:<\/strong> LED-Akku- &amp; E-Liquid-Anzeigen<\/li>\n<li><strong>Nikotinst\u00e4rken:<\/strong> 0% \/ 2% \/ 5% (w\u00e4hlbar)<\/li>\n<\/ul>\n<p><strong>Entdecken Sie mehr<\/strong> 60000 Zug Einwegprodukte und Mehrfachgeschmack E-Zigaretten auf <a href=\"https:\/\/fumot.uk\/de\/\">fumot.uk<\/a>.<\/p>","protected":false},"excerpt":{"rendered":"<p>WASPE Dreifachgeschmack 60000 Z\u00fcge 3-in-1 Einweg-E-Zigaretten mit 54ml E-Liquid, Drehmechanismus zum Wechseln der Geschm\u00e4cker, LED-Anzeige, 650mAh Typ-C wiederaufladbare Batterie und Nikotinoptionen (0%\/2%\/5%).<\/p>","protected":false},"featured_media":3060,"comment_status":"open","ping_status":"closed","template":"","meta":[],"product_brand":[],"product_cat":[115,17,168],"product_tag":[117,131,31,33,47,23,34,26,62,118,169,28],"class_list":{"0":"post-3015","1":"product","2":"type-product","3":"status-publish","4":"has-post-thumbnail","6":"product_cat-60000-puff","7":"product_cat-vape","8":"product_cat-waspe-triple-flavor-60000-puffs","9":"product_tag-54ml","10":"product_tag-650mah","11":"product_tag-apple","12":"product_tag-blueberry","13":"product_tag-candy","14":"product_tag-display","15":"product_tag-raspberry","16":"product_tag-rechargeable","17":"product_tag-sale-vape","18":"product_tag-triple-flavor","19":"product_tag-triple-mesh","20":"product_tag-type-c","22":"first","23":"instock","24":"sale","25":"shipping-taxable","26":"purchasable","27":"product-type-variable","28":"has-default-attributes"},"yoast_head":"<!-- This site is optimized with the Yoast SEO plugin v26.8 - https:\/\/yoast.com\/product\/yoast-seo-wordpress\/ -->\n<title>WASPE Triple Flavor 60000 Puffs \u2013 54ml 3-in-1 Vape<\/title>\n<meta name=\"description\" content=\"WASPE 60000 puff 3-in-1 disposable vape with 54ml e-liquid, triple mesh coils, LED display, 650mAh Type\u2011C recharge. Flavors: Blueberry Raspberry, Cotton Candy, Double Apple Ice.\" \/>\n<meta name=\"robots\" content=\"index, follow, max-snippet:-1, max-image-preview:large, max-video-preview:-1\" \/>\n<link rel=\"canonical\" href=\"https:\/\/fumot.uk\/de\/product\/waspe-triple-flavor-60000-puffs-blueberry-raspberry-blueberry-cotton-candy-double-apple-ice\/\" \/>\n<meta property=\"og:locale\" content=\"de_DE\" \/>\n<meta property=\"og:type\" content=\"article\" \/>\n<meta property=\"og:title\" content=\"WASPE Triple Flavor 60000 Puffs \u2013 Blueberry to Apple Ice\" \/>\n<meta property=\"og:description\" content=\"Switch between 3 flavors with a twist: Blueberry Raspberry, Blueberry Cotton Candy &amp; Double Apple Ice. 54ml, LED display, 650mAh Type\u2011C rechargeable.\" \/>\n<meta property=\"og:url\" content=\"https:\/\/fumot.uk\/de\/product\/waspe-triple-flavor-60000-puffs-blueberry-raspberry-blueberry-cotton-candy-double-apple-ice\/\" \/>\n<meta property=\"og:site_name\" content=\"Fumot Official Direct | Straight from the Factory, 100% Genuine\" \/>\n<meta property=\"article:modified_time\" content=\"2026-01-21T03:21:10+00:00\" \/>\n<meta property=\"og:image\" content=\"https:\/\/fumot.uk\/wp-content\/uploads\/2026\/01\/WASPE-3-IN-1-60000-PUFFS-Blueberry-Raspberry-Blueberry-Cotton-Candy-Double-Apple-Ice-Disposable-Vape.jpg\" \/>\n\t<meta property=\"og:image:width\" content=\"1200\" \/>\n\t<meta property=\"og:image:height\" content=\"1200\" \/>\n\t<meta property=\"og:image:type\" content=\"image\/jpeg\" \/>\n<meta name=\"twitter:card\" content=\"summary_large_image\" \/>\n<meta name=\"twitter:label1\" content=\"Gesch\u00e4tzte Lesezeit\" \/>\n\t<meta name=\"twitter:data1\" content=\"3\u00a0Minuten\" \/>\n<script type=\"application\/ld+json\" class=\"yoast-schema-graph\">{\"@context\":\"https:\/\/schema.org\",\"@graph\":[{\"@type\":\"WebPage\",\"@id\":\"https:\/\/fumot.uk\/product\/waspe-triple-flavor-60000-puffs-blueberry-raspberry-blueberry-cotton-candy-double-apple-ice\/\",\"url\":\"https:\/\/fumot.uk\/product\/waspe-triple-flavor-60000-puffs-blueberry-raspberry-blueberry-cotton-candy-double-apple-ice\/\",\"name\":\"WASPE Triple Flavor 60000 Puffs \u2013 54ml 3-in-1 Vape\",\"isPartOf\":{\"@id\":\"https:\/\/fumot.uk\/#website\"},\"primaryImageOfPage\":{\"@id\":\"https:\/\/fumot.uk\/product\/waspe-triple-flavor-60000-puffs-blueberry-raspberry-blueberry-cotton-candy-double-apple-ice\/#primaryimage\"},\"image\":{\"@id\":\"https:\/\/fumot.uk\/product\/waspe-triple-flavor-60000-puffs-blueberry-raspberry-blueberry-cotton-candy-double-apple-ice\/#primaryimage\"},\"thumbnailUrl\":\"https:\/\/fumot.uk\/wp-content\/uploads\/2026\/01\/WASPE-3-IN-1-60000-PUFFS-Blueberry-Raspberry-Blueberry-Cotton-Candy-Double-Apple-Ice-Disposable-Vape.jpg\",\"datePublished\":\"2026-01-20T10:06:40+00:00\",\"dateModified\":\"2026-01-21T03:21:10+00:00\",\"description\":\"WASPE 60000 puff 3-in-1 disposable vape with 54ml e-liquid, triple mesh coils, LED display, 650mAh Type\u2011C recharge. Flavors: Blueberry Raspberry, Cotton Candy, Double Apple Ice.\",\"breadcrumb\":{\"@id\":\"https:\/\/fumot.uk\/product\/waspe-triple-flavor-60000-puffs-blueberry-raspberry-blueberry-cotton-candy-double-apple-ice\/#breadcrumb\"},\"inLanguage\":\"de\",\"potentialAction\":[{\"@type\":\"ReadAction\",\"target\":[\"https:\/\/fumot.uk\/product\/waspe-triple-flavor-60000-puffs-blueberry-raspberry-blueberry-cotton-candy-double-apple-ice\/\"]}]},{\"@type\":\"ImageObject\",\"inLanguage\":\"de\",\"@id\":\"https:\/\/fumot.uk\/product\/waspe-triple-flavor-60000-puffs-blueberry-raspberry-blueberry-cotton-candy-double-apple-ice\/#primaryimage\",\"url\":\"https:\/\/fumot.uk\/wp-content\/uploads\/2026\/01\/WASPE-3-IN-1-60000-PUFFS-Blueberry-Raspberry-Blueberry-Cotton-Candy-Double-Apple-Ice-Disposable-Vape.jpg\",\"contentUrl\":\"https:\/\/fumot.uk\/wp-content\/uploads\/2026\/01\/WASPE-3-IN-1-60000-PUFFS-Blueberry-Raspberry-Blueberry-Cotton-Candy-Double-Apple-Ice-Disposable-Vape.jpg\",\"width\":1200,\"height\":1200},{\"@type\":\"BreadcrumbList\",\"@id\":\"https:\/\/fumot.uk\/product\/waspe-triple-flavor-60000-puffs-blueberry-raspberry-blueberry-cotton-candy-double-apple-ice\/#breadcrumb\",\"itemListElement\":[{\"@type\":\"ListItem\",\"position\":1,\"name\":\"Home\",\"item\":\"https:\/\/fumot.uk\/\"},{\"@type\":\"ListItem\",\"position\":2,\"name\":\"Shop\",\"item\":\"https:\/\/fumot.uk\/shop\/\"},{\"@type\":\"ListItem\",\"position\":3,\"name\":\"WASPE Triple Flavor 60000 Puffs Disposable Vape (54ml) \u2013 Blueberry Raspberry \/ Blueberry Cotton Candy \/ Double Apple Ice\"}]},{\"@type\":\"WebSite\",\"@id\":\"https:\/\/fumot.uk\/#website\",\"url\":\"https:\/\/fumot.uk\/\",\"name\":\"Fumot Official Direct | Straight from the Factory, 100% Genuine\",\"description\":\"Official Website\",\"publisher\":{\"@id\":\"https:\/\/fumot.uk\/#organization\"},\"potentialAction\":[{\"@type\":\"SearchAction\",\"target\":{\"@type\":\"EntryPoint\",\"urlTemplate\":\"https:\/\/fumot.uk\/?s={search_term_string}\"},\"query-input\":{\"@type\":\"PropertyValueSpecification\",\"valueRequired\":true,\"valueName\":\"search_term_string\"}}],\"inLanguage\":\"de\"},{\"@type\":\"Organization\",\"@id\":\"https:\/\/fumot.uk\/#organization\",\"name\":\"Fumot Official Direct | Straight from the Factory, 100% Genuine\",\"url\":\"https:\/\/fumot.uk\/\",\"logo\":{\"@type\":\"ImageObject\",\"inLanguage\":\"de\",\"@id\":\"https:\/\/fumot.uk\/#\/schema\/logo\/image\/\",\"url\":\"https:\/\/fumot.uk\/wp-content\/uploads\/2026\/01\/cropped-fumot-logo1.png\",\"contentUrl\":\"https:\/\/fumot.uk\/wp-content\/uploads\/2026\/01\/cropped-fumot-logo1.png\",\"width\":152,\"height\":106,\"caption\":\"Fumot Official Direct | Straight from the Factory, 100% Genuine\"},\"image\":{\"@id\":\"https:\/\/fumot.uk\/#\/schema\/logo\/image\/\"}}]}<\/script>\n<!-- \/ Yoast SEO plugin. -->","yoast_head_json":{"title":"WASPE Triple Flavor 60000 Z\u00fcge \u2013 54ml 3-in-1 E-Zigaretten","description":"WASPE 60000 Z\u00fcge 3-in-1 Einweg-E-Zigaretten mit 54ml E-Liquid, dreifache Mesh-Spulen, LED-Anzeige, 650mAh Typ-C Aufladung. Geschmacksrichtungen: Blaubeere Himbeere, Zuckerwatte, Doppelter Apfel Eis.","robots":{"index":"index","follow":"follow","max-snippet":"max-snippet:-1","max-image-preview":"max-image-preview:large","max-video-preview":"max-video-preview:-1"},"canonical":"https:\/\/fumot.uk\/de\/product\/waspe-triple-flavor-60000-puffs-blueberry-raspberry-blueberry-cotton-candy-double-apple-ice\/","og_locale":"de_DE","og_type":"article","og_title":"WASPE Triple Flavor 60000 Puffs \u2013 Blueberry to Apple Ice","og_description":"Switch between 3 flavors with a twist: Blueberry Raspberry, Blueberry Cotton Candy & Double Apple Ice. 54ml, LED display, 650mAh Type\u2011C rechargeable.","og_url":"https:\/\/fumot.uk\/de\/product\/waspe-triple-flavor-60000-puffs-blueberry-raspberry-blueberry-cotton-candy-double-apple-ice\/","og_site_name":"Fumot Official Direct | Straight from the Factory, 100% Genuine","article_modified_time":"2026-01-21T03:21:10+00:00","og_image":[{"width":1200,"height":1200,"url":"https:\/\/fumot.uk\/wp-content\/uploads\/2026\/01\/WASPE-3-IN-1-60000-PUFFS-Blueberry-Raspberry-Blueberry-Cotton-Candy-Double-Apple-Ice-Disposable-Vape.jpg","type":"image\/jpeg"}],"twitter_card":"summary_large_image","twitter_misc":{"Gesch\u00e4tzte Lesezeit":"3\u00a0Minuten"},"schema":{"@context":"https:\/\/schema.org","@graph":[{"@type":"WebPage","@id":"https:\/\/fumot.uk\/product\/waspe-triple-flavor-60000-puffs-blueberry-raspberry-blueberry-cotton-candy-double-apple-ice\/","url":"https:\/\/fumot.uk\/product\/waspe-triple-flavor-60000-puffs-blueberry-raspberry-blueberry-cotton-candy-double-apple-ice\/","name":"WASPE Triple Flavor 60000 Z\u00fcge \u2013 54ml 3-in-1 E-Zigaretten","isPartOf":{"@id":"https:\/\/fumot.uk\/#website"},"primaryImageOfPage":{"@id":"https:\/\/fumot.uk\/product\/waspe-triple-flavor-60000-puffs-blueberry-raspberry-blueberry-cotton-candy-double-apple-ice\/#primaryimage"},"image":{"@id":"https:\/\/fumot.uk\/product\/waspe-triple-flavor-60000-puffs-blueberry-raspberry-blueberry-cotton-candy-double-apple-ice\/#primaryimage"},"thumbnailUrl":"https:\/\/fumot.uk\/wp-content\/uploads\/2026\/01\/WASPE-3-IN-1-60000-PUFFS-Blueberry-Raspberry-Blueberry-Cotton-Candy-Double-Apple-Ice-Disposable-Vape.jpg","datePublished":"2026-01-20T10:06:40+00:00","dateModified":"2026-01-21T03:21:10+00:00","description":"WASPE 60000 Z\u00fcge 3-in-1 Einweg-E-Zigaretten mit 54ml E-Liquid, dreifache Mesh-Spulen, LED-Anzeige, 650mAh Typ-C Aufladung. Geschmacksrichtungen: Blaubeere Himbeere, Zuckerwatte, Doppelter Apfel Eis.","breadcrumb":{"@id":"https:\/\/fumot.uk\/product\/waspe-triple-flavor-60000-puffs-blueberry-raspberry-blueberry-cotton-candy-double-apple-ice\/#breadcrumb"},"inLanguage":"de","potentialAction":[{"@type":"ReadAction","target":["https:\/\/fumot.uk\/product\/waspe-triple-flavor-60000-puffs-blueberry-raspberry-blueberry-cotton-candy-double-apple-ice\/"]}]},{"@type":"ImageObject","inLanguage":"de","@id":"https:\/\/fumot.uk\/product\/waspe-triple-flavor-60000-puffs-blueberry-raspberry-blueberry-cotton-candy-double-apple-ice\/#primaryimage","url":"https:\/\/fumot.uk\/wp-content\/uploads\/2026\/01\/WASPE-3-IN-1-60000-PUFFS-Blueberry-Raspberry-Blueberry-Cotton-Candy-Double-Apple-Ice-Disposable-Vape.jpg","contentUrl":"https:\/\/fumot.uk\/wp-content\/uploads\/2026\/01\/WASPE-3-IN-1-60000-PUFFS-Blueberry-Raspberry-Blueberry-Cotton-Candy-Double-Apple-Ice-Disposable-Vape.jpg","width":1200,"height":1200},{"@type":"BreadcrumbList","@id":"https:\/\/fumot.uk\/product\/waspe-triple-flavor-60000-puffs-blueberry-raspberry-blueberry-cotton-candy-double-apple-ice\/#breadcrumb","itemListElement":[{"@type":"ListItem","position":1,"name":"Home","item":"https:\/\/fumot.uk\/"},{"@type":"ListItem","position":2,"name":"Shop","item":"https:\/\/fumot.uk\/shop\/"},{"@type":"ListItem","position":3,"name":"WASPE Triple Flavor 60000 Puffs Disposable Vape (54ml) \u2013 Blueberry Raspberry \/ Blueberry Cotton Candy \/ Double Apple Ice"}]},{"@type":"WebSite","@id":"https:\/\/fumot.uk\/#website","url":"https:\/\/fumot.uk\/","name":"Fumot Offizieller Direkt | Direkt aus der Fabrik, 100% Original","description":"Offizielle Webseite","publisher":{"@id":"https:\/\/fumot.uk\/#organization"},"potentialAction":[{"@type":"SearchAction","target":{"@type":"EntryPoint","urlTemplate":"https:\/\/fumot.uk\/?s={search_term_string}"},"query-input":{"@type":"PropertyValueSpecification","valueRequired":true,"valueName":"search_term_string"}}],"inLanguage":"de"},{"@type":"Organization","@id":"https:\/\/fumot.uk\/#organization","name":"Fumot Offizieller Direkt | Direkt aus der Fabrik, 100% Original","url":"https:\/\/fumot.uk\/","logo":{"@type":"ImageObject","inLanguage":"de","@id":"https:\/\/fumot.uk\/#\/schema\/logo\/image\/","url":"https:\/\/fumot.uk\/wp-content\/uploads\/2026\/01\/cropped-fumot-logo1.png","contentUrl":"https:\/\/fumot.uk\/wp-content\/uploads\/2026\/01\/cropped-fumot-logo1.png","width":152,"height":106,"caption":"Fumot Official Direct | Straight from the Factory, 100% Genuine"},"image":{"@id":"https:\/\/fumot.uk\/#\/schema\/logo\/image\/"}}]}},"_links":{"self":[{"href":"https:\/\/fumot.uk\/de\/wp-json\/wp\/v2\/product\/3015","targetHints":{"allow":["GET"]}}],"collection":[{"href":"https:\/\/fumot.uk\/de\/wp-json\/wp\/v2\/product"}],"about":[{"href":"https:\/\/fumot.uk\/de\/wp-json\/wp\/v2\/types\/product"}],"replies":[{"embeddable":true,"href":"https:\/\/fumot.uk\/de\/wp-json\/wp\/v2\/comments?post=3015"}],"wp:featuredmedia":[{"embeddable":true,"href":"https:\/\/fumot.uk\/de\/wp-json\/wp\/v2\/media\/3060"}],"wp:attachment":[{"href":"https:\/\/fumot.uk\/de\/wp-json\/wp\/v2\/media?parent=3015"}],"wp:term":[{"taxonomy":"product_brand","embeddable":true,"href":"https:\/\/fumot.uk\/de\/wp-json\/wp\/v2\/product_brand?post=3015"},{"taxonomy":"product_cat","embeddable":true,"href":"https:\/\/fumot.uk\/de\/wp-json\/wp\/v2\/product_cat?post=3015"},{"taxonomy":"product_tag","embeddable":true,"href":"https:\/\/fumot.uk\/de\/wp-json\/wp\/v2\/product_tag?post=3015"}],"curies":[{"name":"wp","href":"https:\/\/api.w.org\/{rel}","templated":true}]}}