{"id":3006,"date":"2026-01-20T10:06:38","date_gmt":"2026-01-20T10:06:38","guid":{"rendered":"https:\/\/fumot.uk\/?post_type=product&#038;p=3006"},"modified":"2026-01-21T03:24:37","modified_gmt":"2026-01-21T03:24:37","slug":"waspe-triple-flavor-60000-puffs-blueberry-ice-black-dragon-ice-fizzy-cherry-ice","status":"publish","type":"product","link":"https:\/\/fumot.uk\/de\/product\/waspe-triple-flavor-60000-puffs-blueberry-ice-black-dragon-ice-fizzy-cherry-ice\/","title":{"rendered":"WASPE Dreifachgeschmack 60000 Z\u00fcge Einweg-E-Zigaretten \u2013 Blaubeereis \/ Schwarzer Drachen Eis \/ Sprudelnde Kirsch Eis (54ml, LED, USB-C)"},"content":{"rendered":"<h3>WASPE Triple Flavor 60000 Z\u00fcge \u2013 Drei Geschm\u00e4cker, ein sanfter Wechsel<\/h3>\n<p><strong>WASPE Triple Flavor 60000 Z\u00fcge \u2013 Blaubeereis &amp; Schwarzer Drachen Eis &amp; Spritzige Kirscheis<\/strong> ist eine hochkapazitive <strong>Einweg-E-Zigaretten<\/strong> gebaut f\u00fcr Vielfalt. Mit einem cleveren <strong>3-Kammer-System<\/strong> und einem einfachen <strong>Dreh-zu-Wechseln<\/strong> Mechanismus k\u00f6nnen Sie zwischen drei verschiedenen eisigen Fruchtprofilen wechseln, wann immer sich Ihre Stimmung \u00e4ndert \u2013 kein Mischen, kein R\u00e4tselraten.<\/p>\n<p>Innen hat jeder Geschmack seine eigene <strong>0,9\u03a9 Mesh-Coil<\/strong> (dreifaches Mesh-Setup), um die Geschm\u00e4cker vom ersten bis zum letzten Zug sauber und konsistent zu halten. Ein <strong>54ml E-Liquid<\/strong> Kapazit\u00e4t, <strong>650mAh wiederaufladbare Batterie<\/strong>, und <strong>USB Type-C Schnellladung<\/strong> macht es zu einem zuverl\u00e4ssigen Begleiter f\u00fcr den ganzen Tag. Das eingebaute <strong>LED-Display<\/strong> zeigt Echtzeit-Batterie- und E-Liquid-St\u00e4nde an, damit Sie immer wissen, wo Sie stehen.<\/p>\n<h4>Geschmacks-Spotlight: Blaubeereis + Schwarzer Drachen Eis + Spritzige Kirscheis<\/h4>\n<ul>\n<li><strong>Blaubeere Eis<\/strong> \u2013 reife Blaubeers\u00fc\u00dfe mit einem knackigen, k\u00fchlenden Abgang.<\/li>\n<li><strong>Schwarzer Drache Eis<\/strong> \u2013 tiefere dunkle Fruchtcharakteristik gepaart mit einer eisigen Brise.<\/li>\n<li><strong>Sprudelnde Kirsch-Eis<\/strong> \u2013 saftige Kirschnoten mit einem spritzigen, prickelnden Twist und k\u00fchlendem Touch.<\/li>\n<\/ul>\n<p>Wechseln Sie zwischen ihnen, w\u00e4hrend Sie E-Zigaretten verwenden, f\u00fcr ein frisches, geschichtetes Erlebnis \u2013 s\u00fc\u00df, dunkel und spritzig-k\u00fchl in einem Ger\u00e4t.<\/p>\n<h4>Hauptmerkmale<\/h4>\n<ul>\n<li><strong>Dreifacher Geschmack, Drehschalter<\/strong> \u2013 drehen, um sofort Ihren Geschmack zu w\u00e4hlen.<\/li>\n<li><strong>Dreifache 0,9\u03a9 Mesh-Spulen<\/strong> \u2013 separate Spulen helfen, jeden Geschmack klar und stabil zu halten.<\/li>\n<li><strong>54ml Gro\u00dfe E-Liquid-Kapazit\u00e4t<\/strong> \u2013 f\u00fcr l\u00e4ngeren Gebrauch konzipiert.<\/li>\n<li><strong>Wiederaufladbare 650mAh Batterie<\/strong> \u2013 gleichm\u00e4\u00dfige Leistung mit <strong>USB-C<\/strong> schnelles Aufladen.<\/li>\n<li><strong>LED-Display<\/strong> \u2013 Live-Anzeigen f\u00fcr Batterie- und E-Liquid-St\u00e4nde f\u00fcr eine problemlose Nutzung.<\/li>\n<\/ul>\n<h4>Spezifikationen<\/h4>\n<ul>\n<li><strong>Z\u00fcge:<\/strong> Bis zu 60000 (variiert je nach Nutzung)<\/li>\n<li><strong>Geschmacksystem:<\/strong> Dreifacher Geschmack \/ drei Kammern<\/li>\n<li><strong>Coils:<\/strong> Dreifach-Mesh 0,9\u03a9 \u00d7 3<\/li>\n<li><strong>E-Liquid:<\/strong> 54ml<\/li>\n<li><strong>Nikotinoptionen:<\/strong> 0%, 2%, 3%, 5%<\/li>\n<li><strong>Batterie:<\/strong> 650mAh (wiederaufladbar)<\/li>\n<li><strong>Laden:<\/strong> Typ-C<\/li>\n<li><strong>Display:<\/strong> LED-Batterie- und E-Liquid-Anzeige<\/li>\n<\/ul>\n<p>Entdecken Sie weitere Optionen und Neuank\u00f6mmlinge bei <a href=\"https:\/\/fumot.uk\/de\/\">fumot.uk<\/a>.<\/p>","protected":false},"excerpt":{"rendered":"<p>WASPE Triple Flavor 60000 Puffs Einweg-E-Zigaretten mit Drehschalter f\u00fcr dreifache Geschmacksrichtungen (Blaubeereis, Schwarzer Drachen Eis, Sprudelndes Kirsch Eis), 54ml E-Liquid, dreifache 0,9\u03a9 Mesh-Coils, LED-Anzeige, 650mAh wiederaufladbare Batterie, USB-C Schnellladung. Nikotin: 0\/2\/3\/5%.<\/p>","protected":false},"featured_media":3036,"comment_status":"open","ping_status":"closed","template":"","meta":[],"product_brand":[],"product_cat":[115,17,168],"product_tag":[117,131,65,33,36,23,29,26,62,118,169,28],"class_list":{"0":"post-3006","1":"product","2":"type-product","3":"status-publish","4":"has-post-thumbnail","6":"product_cat-60000-puff","7":"product_cat-vape","8":"product_cat-waspe-triple-flavor-60000-puffs","9":"product_tag-54ml","10":"product_tag-650mah","11":"product_tag-black-ice","12":"product_tag-blueberry","13":"product_tag-cherry","14":"product_tag-display","15":"product_tag-ice","16":"product_tag-rechargeable","17":"product_tag-sale-vape","18":"product_tag-triple-flavor","19":"product_tag-triple-mesh","20":"product_tag-type-c","22":"first","23":"instock","24":"sale","25":"shipping-taxable","26":"purchasable","27":"product-type-variable","28":"has-default-attributes"},"yoast_head":"<!-- This site is optimized with the Yoast SEO plugin v26.8 - https:\/\/yoast.com\/product\/yoast-seo-wordpress\/ -->\n<title>WASPE Triple Flavor 60000 Puffs \u2013 54ml, USB-C, LED<\/title>\n<meta name=\"description\" content=\"WASPE Triple Flavor 60000 Puffs: Blueberry Ice, Black Dragon Ice &amp; Fizzy Cherry Ice. 54ml, triple 0.9\u03a9 mesh, LED display, 650mAh USB-C rechargeable.\" \/>\n<meta name=\"robots\" content=\"index, follow, max-snippet:-1, max-image-preview:large, max-video-preview:-1\" \/>\n<link rel=\"canonical\" href=\"https:\/\/fumot.uk\/de\/product\/waspe-triple-flavor-60000-puffs-blueberry-ice-black-dragon-ice-fizzy-cherry-ice\/\" \/>\n<meta property=\"og:locale\" content=\"de_DE\" \/>\n<meta property=\"og:type\" content=\"article\" \/>\n<meta property=\"og:title\" content=\"WASPE Triple Flavor 60000 Puffs \u2013 3 Icy Fruit Flavors\" \/>\n<meta property=\"og:description\" content=\"Switch between Blueberry Ice, Black Dragon Ice &amp; Fizzy Cherry Ice with a twist. 54ml e-liquid, triple mesh coils, LED display, USB-C rechargeable.\" \/>\n<meta property=\"og:url\" content=\"https:\/\/fumot.uk\/de\/product\/waspe-triple-flavor-60000-puffs-blueberry-ice-black-dragon-ice-fizzy-cherry-ice\/\" \/>\n<meta property=\"og:site_name\" content=\"Fumot Official Direct | Straight from the Factory, 100% Genuine\" \/>\n<meta property=\"article:modified_time\" content=\"2026-01-21T03:24:37+00:00\" \/>\n<meta property=\"og:image\" content=\"https:\/\/fumot.uk\/wp-content\/uploads\/2026\/01\/WASPE-3-IN-1-60000-PUFFS-Blueberry-Ice-Black-Dragon-Ice-Fizzy-Cherry-Ice-Disposable-Vape.jpg\" \/>\n\t<meta property=\"og:image:width\" content=\"1200\" \/>\n\t<meta property=\"og:image:height\" content=\"1200\" \/>\n\t<meta property=\"og:image:type\" content=\"image\/jpeg\" \/>\n<meta name=\"twitter:card\" content=\"summary_large_image\" \/>\n<meta name=\"twitter:label1\" content=\"Gesch\u00e4tzte Lesezeit\" \/>\n\t<meta name=\"twitter:data1\" content=\"2\u00a0Minuten\" \/>\n<script type=\"application\/ld+json\" class=\"yoast-schema-graph\">{\"@context\":\"https:\/\/schema.org\",\"@graph\":[{\"@type\":\"WebPage\",\"@id\":\"https:\/\/fumot.uk\/product\/waspe-triple-flavor-60000-puffs-blueberry-ice-black-dragon-ice-fizzy-cherry-ice\/\",\"url\":\"https:\/\/fumot.uk\/product\/waspe-triple-flavor-60000-puffs-blueberry-ice-black-dragon-ice-fizzy-cherry-ice\/\",\"name\":\"WASPE Triple Flavor 60000 Puffs \u2013 54ml, USB-C, LED\",\"isPartOf\":{\"@id\":\"https:\/\/fumot.uk\/#website\"},\"primaryImageOfPage\":{\"@id\":\"https:\/\/fumot.uk\/product\/waspe-triple-flavor-60000-puffs-blueberry-ice-black-dragon-ice-fizzy-cherry-ice\/#primaryimage\"},\"image\":{\"@id\":\"https:\/\/fumot.uk\/product\/waspe-triple-flavor-60000-puffs-blueberry-ice-black-dragon-ice-fizzy-cherry-ice\/#primaryimage\"},\"thumbnailUrl\":\"https:\/\/fumot.uk\/wp-content\/uploads\/2026\/01\/WASPE-3-IN-1-60000-PUFFS-Blueberry-Ice-Black-Dragon-Ice-Fizzy-Cherry-Ice-Disposable-Vape.jpg\",\"datePublished\":\"2026-01-20T10:06:38+00:00\",\"dateModified\":\"2026-01-21T03:24:37+00:00\",\"description\":\"WASPE Triple Flavor 60000 Puffs: Blueberry Ice, Black Dragon Ice & Fizzy Cherry Ice. 54ml, triple 0.9\u03a9 mesh, LED display, 650mAh USB-C rechargeable.\",\"breadcrumb\":{\"@id\":\"https:\/\/fumot.uk\/product\/waspe-triple-flavor-60000-puffs-blueberry-ice-black-dragon-ice-fizzy-cherry-ice\/#breadcrumb\"},\"inLanguage\":\"de\",\"potentialAction\":[{\"@type\":\"ReadAction\",\"target\":[\"https:\/\/fumot.uk\/product\/waspe-triple-flavor-60000-puffs-blueberry-ice-black-dragon-ice-fizzy-cherry-ice\/\"]}]},{\"@type\":\"ImageObject\",\"inLanguage\":\"de\",\"@id\":\"https:\/\/fumot.uk\/product\/waspe-triple-flavor-60000-puffs-blueberry-ice-black-dragon-ice-fizzy-cherry-ice\/#primaryimage\",\"url\":\"https:\/\/fumot.uk\/wp-content\/uploads\/2026\/01\/WASPE-3-IN-1-60000-PUFFS-Blueberry-Ice-Black-Dragon-Ice-Fizzy-Cherry-Ice-Disposable-Vape.jpg\",\"contentUrl\":\"https:\/\/fumot.uk\/wp-content\/uploads\/2026\/01\/WASPE-3-IN-1-60000-PUFFS-Blueberry-Ice-Black-Dragon-Ice-Fizzy-Cherry-Ice-Disposable-Vape.jpg\",\"width\":1200,\"height\":1200},{\"@type\":\"BreadcrumbList\",\"@id\":\"https:\/\/fumot.uk\/product\/waspe-triple-flavor-60000-puffs-blueberry-ice-black-dragon-ice-fizzy-cherry-ice\/#breadcrumb\",\"itemListElement\":[{\"@type\":\"ListItem\",\"position\":1,\"name\":\"Home\",\"item\":\"https:\/\/fumot.uk\/\"},{\"@type\":\"ListItem\",\"position\":2,\"name\":\"Shop\",\"item\":\"https:\/\/fumot.uk\/shop\/\"},{\"@type\":\"ListItem\",\"position\":3,\"name\":\"WASPE Triple Flavor 60000 Puffs Disposable Vape \u2013 Blueberry Ice \/ Black Dragon Ice \/ Fizzy Cherry Ice (54ml, LED, USB-C)\"}]},{\"@type\":\"WebSite\",\"@id\":\"https:\/\/fumot.uk\/#website\",\"url\":\"https:\/\/fumot.uk\/\",\"name\":\"Fumot Official Direct | Straight from the Factory, 100% Genuine\",\"description\":\"Official Website\",\"publisher\":{\"@id\":\"https:\/\/fumot.uk\/#organization\"},\"potentialAction\":[{\"@type\":\"SearchAction\",\"target\":{\"@type\":\"EntryPoint\",\"urlTemplate\":\"https:\/\/fumot.uk\/?s={search_term_string}\"},\"query-input\":{\"@type\":\"PropertyValueSpecification\",\"valueRequired\":true,\"valueName\":\"search_term_string\"}}],\"inLanguage\":\"de\"},{\"@type\":\"Organization\",\"@id\":\"https:\/\/fumot.uk\/#organization\",\"name\":\"Fumot Official Direct | Straight from the Factory, 100% Genuine\",\"url\":\"https:\/\/fumot.uk\/\",\"logo\":{\"@type\":\"ImageObject\",\"inLanguage\":\"de\",\"@id\":\"https:\/\/fumot.uk\/#\/schema\/logo\/image\/\",\"url\":\"https:\/\/fumot.uk\/wp-content\/uploads\/2026\/01\/cropped-fumot-logo1.png\",\"contentUrl\":\"https:\/\/fumot.uk\/wp-content\/uploads\/2026\/01\/cropped-fumot-logo1.png\",\"width\":152,\"height\":106,\"caption\":\"Fumot Official Direct | Straight from the Factory, 100% Genuine\"},\"image\":{\"@id\":\"https:\/\/fumot.uk\/#\/schema\/logo\/image\/\"}}]}<\/script>\n<!-- \/ Yoast SEO plugin. -->","yoast_head_json":{"title":"WASPE Dreifacher Geschmack 60000 Z\u00fcge \u2013 54ml, USB-C, LED","description":"WASPE Dreifachgeschmack 60000 Z\u00fcge: Blaubeereis, Schwarzer Drachen Eis &amp; Sprudelndes Kirsch Eis. 54ml, dreifach 0.9\u03a9 Mesh, LED-Anzeige, 650mAh USB-C wiederaufladbar.","robots":{"index":"index","follow":"follow","max-snippet":"max-snippet:-1","max-image-preview":"max-image-preview:large","max-video-preview":"max-video-preview:-1"},"canonical":"https:\/\/fumot.uk\/de\/product\/waspe-triple-flavor-60000-puffs-blueberry-ice-black-dragon-ice-fizzy-cherry-ice\/","og_locale":"de_DE","og_type":"article","og_title":"WASPE Triple Flavor 60000 Puffs \u2013 3 Icy Fruit Flavors","og_description":"Switch between Blueberry Ice, Black Dragon Ice & Fizzy Cherry Ice with a twist. 54ml e-liquid, triple mesh coils, LED display, USB-C rechargeable.","og_url":"https:\/\/fumot.uk\/de\/product\/waspe-triple-flavor-60000-puffs-blueberry-ice-black-dragon-ice-fizzy-cherry-ice\/","og_site_name":"Fumot Official Direct | Straight from the Factory, 100% Genuine","article_modified_time":"2026-01-21T03:24:37+00:00","og_image":[{"width":1200,"height":1200,"url":"https:\/\/fumot.uk\/wp-content\/uploads\/2026\/01\/WASPE-3-IN-1-60000-PUFFS-Blueberry-Ice-Black-Dragon-Ice-Fizzy-Cherry-Ice-Disposable-Vape.jpg","type":"image\/jpeg"}],"twitter_card":"summary_large_image","twitter_misc":{"Gesch\u00e4tzte Lesezeit":"2\u00a0Minuten"},"schema":{"@context":"https:\/\/schema.org","@graph":[{"@type":"WebPage","@id":"https:\/\/fumot.uk\/product\/waspe-triple-flavor-60000-puffs-blueberry-ice-black-dragon-ice-fizzy-cherry-ice\/","url":"https:\/\/fumot.uk\/product\/waspe-triple-flavor-60000-puffs-blueberry-ice-black-dragon-ice-fizzy-cherry-ice\/","name":"WASPE Dreifacher Geschmack 60000 Z\u00fcge \u2013 54ml, USB-C, LED","isPartOf":{"@id":"https:\/\/fumot.uk\/#website"},"primaryImageOfPage":{"@id":"https:\/\/fumot.uk\/product\/waspe-triple-flavor-60000-puffs-blueberry-ice-black-dragon-ice-fizzy-cherry-ice\/#primaryimage"},"image":{"@id":"https:\/\/fumot.uk\/product\/waspe-triple-flavor-60000-puffs-blueberry-ice-black-dragon-ice-fizzy-cherry-ice\/#primaryimage"},"thumbnailUrl":"https:\/\/fumot.uk\/wp-content\/uploads\/2026\/01\/WASPE-3-IN-1-60000-PUFFS-Blueberry-Ice-Black-Dragon-Ice-Fizzy-Cherry-Ice-Disposable-Vape.jpg","datePublished":"2026-01-20T10:06:38+00:00","dateModified":"2026-01-21T03:24:37+00:00","description":"WASPE Dreifachgeschmack 60000 Z\u00fcge: Blaubeereis, Schwarzer Drachen Eis &amp; Sprudelndes Kirsch Eis. 54ml, dreifach 0.9\u03a9 Mesh, LED-Anzeige, 650mAh USB-C wiederaufladbar.","breadcrumb":{"@id":"https:\/\/fumot.uk\/product\/waspe-triple-flavor-60000-puffs-blueberry-ice-black-dragon-ice-fizzy-cherry-ice\/#breadcrumb"},"inLanguage":"de","potentialAction":[{"@type":"ReadAction","target":["https:\/\/fumot.uk\/product\/waspe-triple-flavor-60000-puffs-blueberry-ice-black-dragon-ice-fizzy-cherry-ice\/"]}]},{"@type":"ImageObject","inLanguage":"de","@id":"https:\/\/fumot.uk\/product\/waspe-triple-flavor-60000-puffs-blueberry-ice-black-dragon-ice-fizzy-cherry-ice\/#primaryimage","url":"https:\/\/fumot.uk\/wp-content\/uploads\/2026\/01\/WASPE-3-IN-1-60000-PUFFS-Blueberry-Ice-Black-Dragon-Ice-Fizzy-Cherry-Ice-Disposable-Vape.jpg","contentUrl":"https:\/\/fumot.uk\/wp-content\/uploads\/2026\/01\/WASPE-3-IN-1-60000-PUFFS-Blueberry-Ice-Black-Dragon-Ice-Fizzy-Cherry-Ice-Disposable-Vape.jpg","width":1200,"height":1200},{"@type":"BreadcrumbList","@id":"https:\/\/fumot.uk\/product\/waspe-triple-flavor-60000-puffs-blueberry-ice-black-dragon-ice-fizzy-cherry-ice\/#breadcrumb","itemListElement":[{"@type":"ListItem","position":1,"name":"Home","item":"https:\/\/fumot.uk\/"},{"@type":"ListItem","position":2,"name":"Shop","item":"https:\/\/fumot.uk\/shop\/"},{"@type":"ListItem","position":3,"name":"WASPE Triple Flavor 60000 Puffs Disposable Vape \u2013 Blueberry Ice \/ Black Dragon Ice \/ Fizzy Cherry Ice (54ml, LED, USB-C)"}]},{"@type":"WebSite","@id":"https:\/\/fumot.uk\/#website","url":"https:\/\/fumot.uk\/","name":"Fumot Offizieller Direkt | Direkt aus der Fabrik, 100% Original","description":"Offizielle Webseite","publisher":{"@id":"https:\/\/fumot.uk\/#organization"},"potentialAction":[{"@type":"SearchAction","target":{"@type":"EntryPoint","urlTemplate":"https:\/\/fumot.uk\/?s={search_term_string}"},"query-input":{"@type":"PropertyValueSpecification","valueRequired":true,"valueName":"search_term_string"}}],"inLanguage":"de"},{"@type":"Organization","@id":"https:\/\/fumot.uk\/#organization","name":"Fumot Offizieller Direkt | Direkt aus der Fabrik, 100% Original","url":"https:\/\/fumot.uk\/","logo":{"@type":"ImageObject","inLanguage":"de","@id":"https:\/\/fumot.uk\/#\/schema\/logo\/image\/","url":"https:\/\/fumot.uk\/wp-content\/uploads\/2026\/01\/cropped-fumot-logo1.png","contentUrl":"https:\/\/fumot.uk\/wp-content\/uploads\/2026\/01\/cropped-fumot-logo1.png","width":152,"height":106,"caption":"Fumot Official Direct | Straight from the Factory, 100% Genuine"},"image":{"@id":"https:\/\/fumot.uk\/#\/schema\/logo\/image\/"}}]}},"_links":{"self":[{"href":"https:\/\/fumot.uk\/de\/wp-json\/wp\/v2\/product\/3006","targetHints":{"allow":["GET"]}}],"collection":[{"href":"https:\/\/fumot.uk\/de\/wp-json\/wp\/v2\/product"}],"about":[{"href":"https:\/\/fumot.uk\/de\/wp-json\/wp\/v2\/types\/product"}],"replies":[{"embeddable":true,"href":"https:\/\/fumot.uk\/de\/wp-json\/wp\/v2\/comments?post=3006"}],"wp:featuredmedia":[{"embeddable":true,"href":"https:\/\/fumot.uk\/de\/wp-json\/wp\/v2\/media\/3036"}],"wp:attachment":[{"href":"https:\/\/fumot.uk\/de\/wp-json\/wp\/v2\/media?parent=3006"}],"wp:term":[{"taxonomy":"product_brand","embeddable":true,"href":"https:\/\/fumot.uk\/de\/wp-json\/wp\/v2\/product_brand?post=3006"},{"taxonomy":"product_cat","embeddable":true,"href":"https:\/\/fumot.uk\/de\/wp-json\/wp\/v2\/product_cat?post=3006"},{"taxonomy":"product_tag","embeddable":true,"href":"https:\/\/fumot.uk\/de\/wp-json\/wp\/v2\/product_tag?post=3006"}],"curies":[{"name":"wp","href":"https:\/\/api.w.org\/{rel}","templated":true}]}}