{"id":2984,"date":"2026-01-20T10:06:14","date_gmt":"2026-01-20T10:06:14","guid":{"rendered":"https:\/\/fumot.uk\/?post_type=product&#038;p=2984"},"modified":"2026-01-21T03:33:41","modified_gmt":"2026-01-21T03:33:41","slug":"peach-lce-watermelon-mango-peach-waspe-crystal-double-flavors-40k-puffs","status":"publish","type":"product","link":"https:\/\/fumot.uk\/de\/product\/peach-lce-watermelon-mango-peach-waspe-crystal-double-flavors-40k-puffs\/","title":{"rendered":"WASPE Crystal Double Flavors 40K Puffs Einweg-E-Zigaretten \u2013 Pfirsich Eis &amp; Wassermelone Mango Pfirsich (32ml, LED-Anzeige, USB\u2011C)"},"content":{"rendered":"<h2>WASPE Crystal Double Flavors 40K Puffs \u2013 Pfirsich Eis &amp; Wassermelone Mango Pfirsich<\/h2>\n<p>Treffen Sie eine Geschmacks-Kombination, die f\u00fcr ganzt\u00e4gige Abwechslung gemacht ist: <strong>Pfirsich Eis<\/strong> f\u00fcr ein sauberes, gek\u00fchltes Pfirsich-Finish, und <strong>Wassermelone Mango Pfirsich<\/strong> f\u00fcr eine saftige tropische Mischung mit sanfter S\u00fc\u00dfe. Die <strong>WASPE Crystal Double Flavors 40K Z\u00fcge<\/strong> bietet einen praktischen <strong>Doppel-Geschmack-Schalter<\/strong>, sodass Sie den Geschmack \u00e4ndern k\u00f6nnen, wann immer sich Ihre Stimmung \u00e4ndert \u2013 kein zus\u00e4tzliches Ger\u00e4t erforderlich.<\/p>\n<p>Mit einem modernen Kristall-Look gestaltet, bringt es auch praktische Verbesserungen wie ein <strong>LED-Smart-Display<\/strong> f\u00fcr Echtzeit-Akku- und E-Liquid-Status, plus <strong>USB Type\u2011C Schnellladung<\/strong> f\u00fcr einfaches Aufladen. Mit <strong>32ml E-Liquid-Kapazit\u00e4t<\/strong> und bis zu <strong>40.000 Z\u00fcge<\/strong>, ist es f\u00fcr langanhaltenden Gebrauch gebaut, w\u00e4hrend das Erlebnis konsistent bleibt.<\/p>\n<h3>Geschmacksnoten<\/h3>\n<ul>\n<li><strong>Pfirsich Eis:<\/strong> reifer Pfirsich mit einem knackigen, k\u00fchlenden Touch<\/li>\n<li><strong>Wassermelone Mango Pfirsich:<\/strong> saftige Wassermelone, geschichtet mit Mango und weichem Pfirsich<\/li>\n<\/ul>\n<h3>Hauptmerkmale<\/h3>\n<ul>\n<li><strong>Bis zu:<\/strong> 40.000 Z\u00fcge<\/li>\n<li><strong>Dual Flavor System:<\/strong> einfach zwischen zwei Geschm\u00e4ckern wechseln<\/li>\n<li><strong>Doppelte Mesh-Spulen:<\/strong> 0,9\u03a9 + 0,9\u03a9 f\u00fcr sanfte, gleichm\u00e4\u00dfige Geschmacksabgabe<\/li>\n<li><strong>E-Liquid Kapazit\u00e4t:<\/strong> 32ml<\/li>\n<li><strong>Nikotinoptionen:<\/strong> 0% \/ 2% \/ 5%<\/li>\n<li><strong>Batterie:<\/strong> 850mAh<\/li>\n<li><strong>Wiederaufladbar:<\/strong> USB Type\u2011C Schnellladung<\/li>\n<li><strong>LED-Anzeige:<\/strong> Akku- &amp; E-Liquid-Anzeigen<\/li>\n<\/ul>\n<p><strong>Suchen Sie nach mehr E-Zigaretten mit Doppel-Geschmack?<\/strong> Entdecken Sie unsere neuesten Ank\u00fcnfte bei <a href=\"https:\/\/fumot.uk\/de\/\" target=\"_blank\" rel=\"noopener\">fumot.uk<\/a>.<\/p>\n<p><img loading=\"lazy\" decoding=\"async\" class=\"size-full wp-image-717\" title=\"Pfirsich Eis &amp; Wassermelone Mango Pfirsich WASPE Crystal Double Flavor 40k Puffs Einwegger\u00e4t\" src=\"https:\/\/ultravape.de\/wp-content\/uploads\/2025\/07\/Peach-lce-Watermelon-Mango-Peach-WASPE-Crystal-Double-Flavor-40k-Puffs-Disposable-Device.jpg\" alt=\"Pfirsich Eis &amp; Wassermelone Mango Pfirsich WASPE Crystal Double Flavor 40k Puffs Einwegger\u00e4t\" width=\"2000\" height=\"1562\" \/><\/p>","protected":false},"excerpt":{"rendered":"<p>Wechseln Sie zwischen Peach Ice und Watermelon Mango Peach in einem Ger\u00e4t. WASPE Crystal Double Flavors liefert bis zu 40.000 Z\u00fcge, 32ml E-Liquid, LED-Anzeige und USB-C-Schnellladung. Nikotin: 0\/2\/5%.<\/p>","protected":false},"featured_media":3029,"comment_status":"open","ping_status":"closed","template":"","meta":[],"product_brand":[],"product_cat":[82,17,166],"product_tag":[167,20,23,114,73,29,42,30,26,28,32],"class_list":{"0":"post-2984","1":"product","2":"type-product","3":"status-publish","4":"has-post-thumbnail","6":"product_cat-40000-puff","7":"product_cat-vape","8":"product_cat-waspe-crystal-double-flavors-40k-puffs","9":"product_tag-32ml","10":"product_tag-850mah","11":"product_tag-display","12":"product_tag-dual-flavor","13":"product_tag-dual-mesh","14":"product_tag-ice","15":"product_tag-mango","16":"product_tag-peach","17":"product_tag-rechargeable","18":"product_tag-type-c","19":"product_tag-watermelon","21":"first","22":"instock","23":"sale","24":"shipping-taxable","25":"purchasable","26":"product-type-variable","27":"has-default-attributes"},"yoast_head":"<!-- This site is optimized with the Yoast SEO plugin v26.8 - https:\/\/yoast.com\/product\/yoast-seo-wordpress\/ -->\n<title>WASPE Crystal Double Flavors 40K \u2013 Peach Ice &amp; WMP<\/title>\n<meta name=\"description\" content=\"WASPE Crystal Double Flavors disposable vape: Peach Ice + Watermelon Mango Peach. 40,000 puffs, 32ml, dual mesh coils, LED display, USB\u2011C. 0\/2\/5% nicotine.\" \/>\n<meta name=\"robots\" content=\"index, follow, max-snippet:-1, max-image-preview:large, max-video-preview:-1\" \/>\n<link rel=\"canonical\" href=\"https:\/\/fumot.uk\/de\/product\/peach-lce-watermelon-mango-peach-waspe-crystal-double-flavors-40k-puffs\/\" \/>\n<meta property=\"og:locale\" content=\"de_DE\" \/>\n<meta property=\"og:type\" content=\"article\" \/>\n<meta property=\"og:title\" content=\"WASPE Crystal Double Flavors 40K \u2013 Peach Ice &amp; Watermelon Mango Peach\" \/>\n<meta property=\"og:description\" content=\"Two flavors in one: cool Peach Ice or juicy Watermelon Mango Peach. 32ml, up to 40K puffs, LED display, USB\u2011C recharge, 0\/2\/5% nicotine.\" \/>\n<meta property=\"og:url\" content=\"https:\/\/fumot.uk\/de\/product\/peach-lce-watermelon-mango-peach-waspe-crystal-double-flavors-40k-puffs\/\" \/>\n<meta property=\"og:site_name\" content=\"Fumot Official Direct | Straight from the Factory, 100% Genuine\" \/>\n<meta property=\"article:modified_time\" content=\"2026-01-21T03:33:41+00:00\" \/>\n<meta property=\"og:image\" content=\"https:\/\/fumot.uk\/wp-content\/uploads\/2026\/01\/WASPE-Crystal-Double-Flavors-40k-Puffs-Peach-Ice-Watermelon-Mango-Peach-Disposable-Vape.jpg\" \/>\n\t<meta property=\"og:image:width\" content=\"1500\" \/>\n\t<meta property=\"og:image:height\" content=\"1500\" \/>\n\t<meta property=\"og:image:type\" content=\"image\/jpeg\" \/>\n<meta name=\"twitter:card\" content=\"summary_large_image\" \/>\n<meta name=\"twitter:label1\" content=\"Gesch\u00e4tzte Lesezeit\" \/>\n\t<meta name=\"twitter:data1\" content=\"2\u00a0Minuten\" \/>\n<script type=\"application\/ld+json\" class=\"yoast-schema-graph\">{\"@context\":\"https:\/\/schema.org\",\"@graph\":[{\"@type\":\"WebPage\",\"@id\":\"https:\/\/fumot.uk\/product\/peach-lce-watermelon-mango-peach-waspe-crystal-double-flavors-40k-puffs\/\",\"url\":\"https:\/\/fumot.uk\/product\/peach-lce-watermelon-mango-peach-waspe-crystal-double-flavors-40k-puffs\/\",\"name\":\"WASPE Crystal Double Flavors 40K \u2013 Peach Ice & WMP\",\"isPartOf\":{\"@id\":\"https:\/\/fumot.uk\/#website\"},\"primaryImageOfPage\":{\"@id\":\"https:\/\/fumot.uk\/product\/peach-lce-watermelon-mango-peach-waspe-crystal-double-flavors-40k-puffs\/#primaryimage\"},\"image\":{\"@id\":\"https:\/\/fumot.uk\/product\/peach-lce-watermelon-mango-peach-waspe-crystal-double-flavors-40k-puffs\/#primaryimage\"},\"thumbnailUrl\":\"https:\/\/fumot.uk\/wp-content\/uploads\/2026\/01\/WASPE-Crystal-Double-Flavors-40k-Puffs-Peach-Ice-Watermelon-Mango-Peach-Disposable-Vape.jpg\",\"datePublished\":\"2026-01-20T10:06:14+00:00\",\"dateModified\":\"2026-01-21T03:33:41+00:00\",\"description\":\"WASPE Crystal Double Flavors disposable vape: Peach Ice + Watermelon Mango Peach. 40,000 puffs, 32ml, dual mesh coils, LED display, USB\u2011C. 0\/2\/5% nicotine.\",\"breadcrumb\":{\"@id\":\"https:\/\/fumot.uk\/product\/peach-lce-watermelon-mango-peach-waspe-crystal-double-flavors-40k-puffs\/#breadcrumb\"},\"inLanguage\":\"de\",\"potentialAction\":[{\"@type\":\"ReadAction\",\"target\":[\"https:\/\/fumot.uk\/product\/peach-lce-watermelon-mango-peach-waspe-crystal-double-flavors-40k-puffs\/\"]}]},{\"@type\":\"ImageObject\",\"inLanguage\":\"de\",\"@id\":\"https:\/\/fumot.uk\/product\/peach-lce-watermelon-mango-peach-waspe-crystal-double-flavors-40k-puffs\/#primaryimage\",\"url\":\"https:\/\/fumot.uk\/wp-content\/uploads\/2026\/01\/WASPE-Crystal-Double-Flavors-40k-Puffs-Peach-Ice-Watermelon-Mango-Peach-Disposable-Vape.jpg\",\"contentUrl\":\"https:\/\/fumot.uk\/wp-content\/uploads\/2026\/01\/WASPE-Crystal-Double-Flavors-40k-Puffs-Peach-Ice-Watermelon-Mango-Peach-Disposable-Vape.jpg\",\"width\":1500,\"height\":1500},{\"@type\":\"BreadcrumbList\",\"@id\":\"https:\/\/fumot.uk\/product\/peach-lce-watermelon-mango-peach-waspe-crystal-double-flavors-40k-puffs\/#breadcrumb\",\"itemListElement\":[{\"@type\":\"ListItem\",\"position\":1,\"name\":\"Home\",\"item\":\"https:\/\/fumot.uk\/\"},{\"@type\":\"ListItem\",\"position\":2,\"name\":\"Shop\",\"item\":\"https:\/\/fumot.uk\/shop\/\"},{\"@type\":\"ListItem\",\"position\":3,\"name\":\"WASPE Crystal Double Flavors 40K Puffs Disposable Vape \u2013 Peach Ice &#038; Watermelon Mango Peach (32ml, LED Display, USB\u2011C)\"}]},{\"@type\":\"WebSite\",\"@id\":\"https:\/\/fumot.uk\/#website\",\"url\":\"https:\/\/fumot.uk\/\",\"name\":\"Fumot Official Direct | Straight from the Factory, 100% Genuine\",\"description\":\"Official Website\",\"publisher\":{\"@id\":\"https:\/\/fumot.uk\/#organization\"},\"potentialAction\":[{\"@type\":\"SearchAction\",\"target\":{\"@type\":\"EntryPoint\",\"urlTemplate\":\"https:\/\/fumot.uk\/?s={search_term_string}\"},\"query-input\":{\"@type\":\"PropertyValueSpecification\",\"valueRequired\":true,\"valueName\":\"search_term_string\"}}],\"inLanguage\":\"de\"},{\"@type\":\"Organization\",\"@id\":\"https:\/\/fumot.uk\/#organization\",\"name\":\"Fumot Official Direct | Straight from the Factory, 100% Genuine\",\"url\":\"https:\/\/fumot.uk\/\",\"logo\":{\"@type\":\"ImageObject\",\"inLanguage\":\"de\",\"@id\":\"https:\/\/fumot.uk\/#\/schema\/logo\/image\/\",\"url\":\"https:\/\/fumot.uk\/wp-content\/uploads\/2026\/01\/cropped-fumot-logo1.png\",\"contentUrl\":\"https:\/\/fumot.uk\/wp-content\/uploads\/2026\/01\/cropped-fumot-logo1.png\",\"width\":152,\"height\":106,\"caption\":\"Fumot Official Direct | Straight from the Factory, 100% Genuine\"},\"image\":{\"@id\":\"https:\/\/fumot.uk\/#\/schema\/logo\/image\/\"}}]}<\/script>\n<!-- \/ Yoast SEO plugin. -->","yoast_head_json":{"title":"WASPE Crystal Doppelgeschmack 40K \u2013 Pfirsich Eis &amp; WMP","description":"WASPE Crystal Double Flavors Einweg-E-Zigaretten: Pfirsich Eis + Wassermelone Mango Pfirsich. 40.000 Z\u00fcge, 32ml, Dual-Mesh-Spulen, LED-Anzeige, USB\u2011C. 0\/2\/5% Nikotin.","robots":{"index":"index","follow":"follow","max-snippet":"max-snippet:-1","max-image-preview":"max-image-preview:large","max-video-preview":"max-video-preview:-1"},"canonical":"https:\/\/fumot.uk\/de\/product\/peach-lce-watermelon-mango-peach-waspe-crystal-double-flavors-40k-puffs\/","og_locale":"de_DE","og_type":"article","og_title":"WASPE Crystal Double Flavors 40K \u2013 Peach Ice & Watermelon Mango Peach","og_description":"Two flavors in one: cool Peach Ice or juicy Watermelon Mango Peach. 32ml, up to 40K puffs, LED display, USB\u2011C recharge, 0\/2\/5% nicotine.","og_url":"https:\/\/fumot.uk\/de\/product\/peach-lce-watermelon-mango-peach-waspe-crystal-double-flavors-40k-puffs\/","og_site_name":"Fumot Official Direct | Straight from the Factory, 100% Genuine","article_modified_time":"2026-01-21T03:33:41+00:00","og_image":[{"width":1500,"height":1500,"url":"https:\/\/fumot.uk\/wp-content\/uploads\/2026\/01\/WASPE-Crystal-Double-Flavors-40k-Puffs-Peach-Ice-Watermelon-Mango-Peach-Disposable-Vape.jpg","type":"image\/jpeg"}],"twitter_card":"summary_large_image","twitter_misc":{"Gesch\u00e4tzte Lesezeit":"2\u00a0Minuten"},"schema":{"@context":"https:\/\/schema.org","@graph":[{"@type":"WebPage","@id":"https:\/\/fumot.uk\/product\/peach-lce-watermelon-mango-peach-waspe-crystal-double-flavors-40k-puffs\/","url":"https:\/\/fumot.uk\/product\/peach-lce-watermelon-mango-peach-waspe-crystal-double-flavors-40k-puffs\/","name":"WASPE Crystal Doppelgeschmack 40K \u2013 Pfirsich Eis &amp; WMP","isPartOf":{"@id":"https:\/\/fumot.uk\/#website"},"primaryImageOfPage":{"@id":"https:\/\/fumot.uk\/product\/peach-lce-watermelon-mango-peach-waspe-crystal-double-flavors-40k-puffs\/#primaryimage"},"image":{"@id":"https:\/\/fumot.uk\/product\/peach-lce-watermelon-mango-peach-waspe-crystal-double-flavors-40k-puffs\/#primaryimage"},"thumbnailUrl":"https:\/\/fumot.uk\/wp-content\/uploads\/2026\/01\/WASPE-Crystal-Double-Flavors-40k-Puffs-Peach-Ice-Watermelon-Mango-Peach-Disposable-Vape.jpg","datePublished":"2026-01-20T10:06:14+00:00","dateModified":"2026-01-21T03:33:41+00:00","description":"WASPE Crystal Double Flavors Einweg-E-Zigaretten: Pfirsich Eis + Wassermelone Mango Pfirsich. 40.000 Z\u00fcge, 32ml, Dual-Mesh-Spulen, LED-Anzeige, USB\u2011C. 0\/2\/5% Nikotin.","breadcrumb":{"@id":"https:\/\/fumot.uk\/product\/peach-lce-watermelon-mango-peach-waspe-crystal-double-flavors-40k-puffs\/#breadcrumb"},"inLanguage":"de","potentialAction":[{"@type":"ReadAction","target":["https:\/\/fumot.uk\/product\/peach-lce-watermelon-mango-peach-waspe-crystal-double-flavors-40k-puffs\/"]}]},{"@type":"ImageObject","inLanguage":"de","@id":"https:\/\/fumot.uk\/product\/peach-lce-watermelon-mango-peach-waspe-crystal-double-flavors-40k-puffs\/#primaryimage","url":"https:\/\/fumot.uk\/wp-content\/uploads\/2026\/01\/WASPE-Crystal-Double-Flavors-40k-Puffs-Peach-Ice-Watermelon-Mango-Peach-Disposable-Vape.jpg","contentUrl":"https:\/\/fumot.uk\/wp-content\/uploads\/2026\/01\/WASPE-Crystal-Double-Flavors-40k-Puffs-Peach-Ice-Watermelon-Mango-Peach-Disposable-Vape.jpg","width":1500,"height":1500},{"@type":"BreadcrumbList","@id":"https:\/\/fumot.uk\/product\/peach-lce-watermelon-mango-peach-waspe-crystal-double-flavors-40k-puffs\/#breadcrumb","itemListElement":[{"@type":"ListItem","position":1,"name":"Home","item":"https:\/\/fumot.uk\/"},{"@type":"ListItem","position":2,"name":"Shop","item":"https:\/\/fumot.uk\/shop\/"},{"@type":"ListItem","position":3,"name":"WASPE Crystal Double Flavors 40K Puffs Disposable Vape \u2013 Peach Ice &#038; Watermelon Mango Peach (32ml, LED Display, USB\u2011C)"}]},{"@type":"WebSite","@id":"https:\/\/fumot.uk\/#website","url":"https:\/\/fumot.uk\/","name":"Fumot Offizieller Direkt | Direkt aus der Fabrik, 100% Original","description":"Offizielle Webseite","publisher":{"@id":"https:\/\/fumot.uk\/#organization"},"potentialAction":[{"@type":"SearchAction","target":{"@type":"EntryPoint","urlTemplate":"https:\/\/fumot.uk\/?s={search_term_string}"},"query-input":{"@type":"PropertyValueSpecification","valueRequired":true,"valueName":"search_term_string"}}],"inLanguage":"de"},{"@type":"Organization","@id":"https:\/\/fumot.uk\/#organization","name":"Fumot Offizieller Direkt | Direkt aus der Fabrik, 100% Original","url":"https:\/\/fumot.uk\/","logo":{"@type":"ImageObject","inLanguage":"de","@id":"https:\/\/fumot.uk\/#\/schema\/logo\/image\/","url":"https:\/\/fumot.uk\/wp-content\/uploads\/2026\/01\/cropped-fumot-logo1.png","contentUrl":"https:\/\/fumot.uk\/wp-content\/uploads\/2026\/01\/cropped-fumot-logo1.png","width":152,"height":106,"caption":"Fumot Official Direct | Straight from the Factory, 100% Genuine"},"image":{"@id":"https:\/\/fumot.uk\/#\/schema\/logo\/image\/"}}]}},"_links":{"self":[{"href":"https:\/\/fumot.uk\/de\/wp-json\/wp\/v2\/product\/2984","targetHints":{"allow":["GET"]}}],"collection":[{"href":"https:\/\/fumot.uk\/de\/wp-json\/wp\/v2\/product"}],"about":[{"href":"https:\/\/fumot.uk\/de\/wp-json\/wp\/v2\/types\/product"}],"replies":[{"embeddable":true,"href":"https:\/\/fumot.uk\/de\/wp-json\/wp\/v2\/comments?post=2984"}],"wp:featuredmedia":[{"embeddable":true,"href":"https:\/\/fumot.uk\/de\/wp-json\/wp\/v2\/media\/3029"}],"wp:attachment":[{"href":"https:\/\/fumot.uk\/de\/wp-json\/wp\/v2\/media?parent=2984"}],"wp:term":[{"taxonomy":"product_brand","embeddable":true,"href":"https:\/\/fumot.uk\/de\/wp-json\/wp\/v2\/product_brand?post=2984"},{"taxonomy":"product_cat","embeddable":true,"href":"https:\/\/fumot.uk\/de\/wp-json\/wp\/v2\/product_cat?post=2984"},{"taxonomy":"product_tag","embeddable":true,"href":"https:\/\/fumot.uk\/de\/wp-json\/wp\/v2\/product_tag?post=2984"}],"curies":[{"name":"wp","href":"https:\/\/api.w.org\/{rel}","templated":true}]}}