{"id":2251,"date":"2026-01-20T08:28:51","date_gmt":"2026-01-20T08:28:51","guid":{"rendered":"https:\/\/fumot.uk\/?post_type=product&#038;p=2251"},"modified":"2026-01-20T09:03:11","modified_gmt":"2026-01-20T09:03:11","slug":"triple-mango-ice-uzy-bang-digital-15000-puffs-einweg-e-zigarette","status":"publish","type":"product","link":"https:\/\/fumot.uk\/de\/product\/triple-mango-ice-uzy-bang-digital-15000-puffs-einweg-e-zigarette\/","title":{"rendered":"Dreifach Mango Eis \u2013 UZY Bang Digital 15000 Z\u00fcge Einweg-E-Zigaretten (20ml, Wiederaufladbar 850mAh)"},"content":{"rendered":"<p><strong>Dreifach Mango Eis<\/strong> aus dem <a href=\"https:\/\/fumot.uk\/de\/product-category\/uzy-bang-digital-15000-puffs\/\"><strong>UZY Bang Digital 15000 Z\u00fcge<\/strong><\/a> Kollektion ist f\u00fcr erwachsene E-Zigaretten-Nutzer gemacht, die einen kr\u00e4ftigen Mango-Geschmack mit einer klaren, eisigen Menthol-Brise w\u00fcnschen. Denken Sie zuerst an reife, tropische Mango-S\u00fc\u00dfe\u2014dann ein knackiges, k\u00fchlendes Ausatmen, das erfrischend bleibt, ohne die Frucht zu \u00fcbert\u00f6nen.<\/p>\n<h2>Dreifach Mango Eis Geschmacksprofil<\/h2>\n<p>Diese Mischung lehnt sich an ein <strong>volles, saftiges Mango<\/strong> Aroma mit einem hellen, gek\u00fchlten Rand. Das Menthol ist sp\u00fcrbar, aber ausgewogen und h\u00e4lt das Profil glatt und frisch f\u00fcr den ganzt\u00e4gigen Gebrauch\u2014besonders wenn Sie fruchtige Aromen mit einem k\u00fchleren Abschluss genie\u00dfen.<\/p>\n<h2>Ger\u00e4te-Highlights (UZY Bang Digital 15000)<\/h2>\n<ul>\n<li><strong>Bis zu 15000 Z\u00fcge<\/strong> (Nutzung variiert je nach Zugl\u00e4nge)<\/li>\n<li><strong>20ml E-Liquid-Kapazit\u00e4t<\/strong><\/li>\n<li><strong>850mAh wiederaufladbaren Akku<\/strong><\/li>\n<li><strong>USB Typ\u2011C Aufladung<\/strong><\/li>\n<li><strong>Nikotinsalz-Optionen:<\/strong> 0% \/ 2% \/ 3% \/ 5%<\/li>\n<\/ul>\n<p>Die gro\u00dfe E-Liquid-Kapazit\u00e4t gepaart mit einer wiederaufladbaren Batterie hilft, gleichm\u00e4\u00dfigen Geschmack vom ersten bis zum letzten Zug zu liefern.<\/p>\n<h2>Zutaten &amp; Sicherheit<\/h2>\n<p>Diese Einweg-E-Zigarette verwendet Standard-E-Liquid-Zutaten wie <strong>pflanzliches Glycerin (VG)<\/strong>, <strong>Propylenglykol (PG)<\/strong>, und <strong>Aromastoffe<\/strong>, mit optionalem <strong>Nikotinsalz<\/strong> je nach gew\u00e4hlter St\u00e4rke. F\u00fcr weitere Informationen siehe unsere <a href=\"https:\/\/fumot.uk\/de\/product-category\/inhaltsstoffe-sicherheit\/\">Zutaten- &amp; Sicherheitsinformationen<\/a>.<\/p>\n<h2>F\u00fcr wen ist Dreifach Mango Eis?<\/h2>\n<p><strong>Empfohlen f\u00fcr Erwachsene<\/strong> die s\u00fc\u00dfe tropische Fruchtaromen mit einem eisigen Menthol-Kick genie\u00dfen.<\/p>\n<p><strong>Nicht geeignet<\/strong> f\u00fcr Nichtraucher, schwangere oder stillende Personen oder Personen, die empfindlich auf Nikotin reagieren.<\/p>\n<h2>Im Vergleich zu anderen UZY Bang Digital Aromen<\/h2>\n<p>Innerhalb der <a href=\"https:\/\/fumot.uk\/de\/product-category\/uzy-bang-digital-15000-puffs\/\">UZY Bang Digital 15000 Z\u00fcge<\/a> Reihe, <strong>Dreifach Mango Eis<\/strong> liefert ein mehr mango-orientiertes, s\u00fc\u00dferes Profil als <a href=\"https:\/\/fumot.uk\/de\/product\/peach-mango-pineapple-uzy-bang-digital-15000-puffs-einweg-e-zigarette\/\"><strong>Pfirsich Mango Ananas<\/strong><\/a>, mit einem k\u00fchleren Abschluss als <a href=\"https:\/\/fumot.uk\/de\/product\/kiwi-passion-fruit-uzy-bang-digital-15000-puffs-einweg-e-zigarette\/\"><strong>Kiwi Passionsfrucht<\/strong><\/a>. Wenn Sie Frucht-und-Eis-Mischungen m\u00f6gen, f\u00fchlt es sich auch tropischer und mango-orientierter an als <a href=\"https:\/\/fumot.uk\/de\/product\/peach-ice-uzy-bang-digital-15000-puffs-einweg-e-zigarette\/\"><strong>Pfirsich Eis<\/strong><\/a>.<\/p>\n<p><strong>Kategorie:<\/strong> <a href=\"https:\/\/fumot.uk\/de\/product-category\/uzy-bang-digital-15000-puffs\/\">UZY Bang Digital 15000 Z\u00fcge<\/a> | <strong>Geschmack:<\/strong> Dreifach Mango Eis<\/p>","protected":false},"excerpt":{"rendered":"<p>S\u00fc\u00dfe, kr\u00e4ftige Mango, geschichtet mit einem knackigen Menthol-Kick. UZY Bang Digital Einweg-E-Zigaretten mit 20 ml E-Liquid, bis zu 15000 Z\u00fcge und einem wiederaufladbaren 850mAh Type-C Akku.<\/p>","protected":false},"featured_media":2288,"comment_status":"open","ping_status":"closed","template":"","meta":[],"product_brand":[],"product_cat":[119],"product_tag":[120,60,20,122,162],"class_list":{"0":"post-2251","1":"product","2":"type-product","3":"status-publish","4":"has-post-thumbnail","6":"product_cat-uzy-bang-digital-15000-puffs","7":"product_tag-15000-puffs","8":"product_tag-20ml","9":"product_tag-850mah","10":"product_tag-einweg-e-zigarette","11":"product_tag-triple-mango-ice","13":"first","14":"instock","15":"sale","16":"shipping-taxable","17":"purchasable","18":"product-type-variable","19":"has-default-attributes"},"yoast_head":"<!-- This site is optimized with the Yoast SEO plugin v26.8 - https:\/\/yoast.com\/product\/yoast-seo-wordpress\/ -->\n<title>Triple Mango Ice UZY Bang Digital 15000 Puffs Vape<\/title>\n<meta name=\"description\" content=\"Triple Mango Ice by UZY Bang Digital: bold sweet mango with a crisp menthol finish. 20ml, rechargeable 850mAh, up to 15000 puffs. Adult use only.\" \/>\n<meta name=\"robots\" content=\"index, follow, max-snippet:-1, max-image-preview:large, max-video-preview:-1\" \/>\n<link rel=\"canonical\" href=\"https:\/\/fumot.uk\/de\/product\/triple-mango-ice-uzy-bang-digital-15000-puffs-einweg-e-zigarette\/\" \/>\n<meta property=\"og:locale\" content=\"de_DE\" \/>\n<meta property=\"og:type\" content=\"article\" \/>\n<meta property=\"og:title\" content=\"Triple Mango Ice \u2013 UZY Bang Digital 15000 Puffs\" \/>\n<meta property=\"og:description\" content=\"A juicy triple-mango taste with a clean icy menthol exhale. 20ml e-liquid, rechargeable 850mAh, up to 15000 puffs. For adults only.\" \/>\n<meta property=\"og:url\" content=\"https:\/\/fumot.uk\/de\/product\/triple-mango-ice-uzy-bang-digital-15000-puffs-einweg-e-zigarette\/\" \/>\n<meta property=\"og:site_name\" content=\"Fumot Official Direct | Straight from the Factory, 100% Genuine\" \/>\n<meta property=\"article:modified_time\" content=\"2026-01-20T09:03:11+00:00\" \/>\n<meta property=\"og:image\" content=\"https:\/\/fumot.uk\/wp-content\/uploads\/2026\/01\/UZY-Bang-DIgital-15000-Puffs-triple-mango-ice-1.png\" \/>\n\t<meta property=\"og:image:width\" content=\"1159\" \/>\n\t<meta property=\"og:image:height\" content=\"1159\" \/>\n\t<meta property=\"og:image:type\" content=\"image\/png\" \/>\n<meta name=\"twitter:card\" content=\"summary_large_image\" \/>\n<meta name=\"twitter:label1\" content=\"Gesch\u00e4tzte Lesezeit\" \/>\n\t<meta name=\"twitter:data1\" content=\"2\u00a0Minuten\" \/>\n<script type=\"application\/ld+json\" class=\"yoast-schema-graph\">{\"@context\":\"https:\/\/schema.org\",\"@graph\":[{\"@type\":\"WebPage\",\"@id\":\"https:\/\/fumot.uk\/product\/triple-mango-ice-uzy-bang-digital-15000-puffs-einweg-e-zigarette\/\",\"url\":\"https:\/\/fumot.uk\/product\/triple-mango-ice-uzy-bang-digital-15000-puffs-einweg-e-zigarette\/\",\"name\":\"Triple Mango Ice UZY Bang Digital 15000 Puffs Vape\",\"isPartOf\":{\"@id\":\"https:\/\/fumot.uk\/#website\"},\"primaryImageOfPage\":{\"@id\":\"https:\/\/fumot.uk\/product\/triple-mango-ice-uzy-bang-digital-15000-puffs-einweg-e-zigarette\/#primaryimage\"},\"image\":{\"@id\":\"https:\/\/fumot.uk\/product\/triple-mango-ice-uzy-bang-digital-15000-puffs-einweg-e-zigarette\/#primaryimage\"},\"thumbnailUrl\":\"https:\/\/fumot.uk\/wp-content\/uploads\/2026\/01\/UZY-Bang-DIgital-15000-Puffs-triple-mango-ice-1.png\",\"datePublished\":\"2026-01-20T08:28:51+00:00\",\"dateModified\":\"2026-01-20T09:03:11+00:00\",\"description\":\"Triple Mango Ice by UZY Bang Digital: bold sweet mango with a crisp menthol finish. 20ml, rechargeable 850mAh, up to 15000 puffs. Adult use only.\",\"breadcrumb\":{\"@id\":\"https:\/\/fumot.uk\/product\/triple-mango-ice-uzy-bang-digital-15000-puffs-einweg-e-zigarette\/#breadcrumb\"},\"inLanguage\":\"de\",\"potentialAction\":[{\"@type\":\"ReadAction\",\"target\":[\"https:\/\/fumot.uk\/product\/triple-mango-ice-uzy-bang-digital-15000-puffs-einweg-e-zigarette\/\"]}]},{\"@type\":\"ImageObject\",\"inLanguage\":\"de\",\"@id\":\"https:\/\/fumot.uk\/product\/triple-mango-ice-uzy-bang-digital-15000-puffs-einweg-e-zigarette\/#primaryimage\",\"url\":\"https:\/\/fumot.uk\/wp-content\/uploads\/2026\/01\/UZY-Bang-DIgital-15000-Puffs-triple-mango-ice-1.png\",\"contentUrl\":\"https:\/\/fumot.uk\/wp-content\/uploads\/2026\/01\/UZY-Bang-DIgital-15000-Puffs-triple-mango-ice-1.png\",\"width\":1159,\"height\":1159},{\"@type\":\"BreadcrumbList\",\"@id\":\"https:\/\/fumot.uk\/product\/triple-mango-ice-uzy-bang-digital-15000-puffs-einweg-e-zigarette\/#breadcrumb\",\"itemListElement\":[{\"@type\":\"ListItem\",\"position\":1,\"name\":\"Home\",\"item\":\"https:\/\/fumot.uk\/\"},{\"@type\":\"ListItem\",\"position\":2,\"name\":\"Shop\",\"item\":\"https:\/\/fumot.uk\/shop\/\"},{\"@type\":\"ListItem\",\"position\":3,\"name\":\"Triple Mango Ice \u2013 UZY Bang Digital 15000 Puffs Disposable Vape (20ml, Rechargeable 850mAh)\"}]},{\"@type\":\"WebSite\",\"@id\":\"https:\/\/fumot.uk\/#website\",\"url\":\"https:\/\/fumot.uk\/\",\"name\":\"Fumot Official Direct | Straight from the Factory, 100% Genuine\",\"description\":\"Official Website\",\"publisher\":{\"@id\":\"https:\/\/fumot.uk\/#organization\"},\"potentialAction\":[{\"@type\":\"SearchAction\",\"target\":{\"@type\":\"EntryPoint\",\"urlTemplate\":\"https:\/\/fumot.uk\/?s={search_term_string}\"},\"query-input\":{\"@type\":\"PropertyValueSpecification\",\"valueRequired\":true,\"valueName\":\"search_term_string\"}}],\"inLanguage\":\"de\"},{\"@type\":\"Organization\",\"@id\":\"https:\/\/fumot.uk\/#organization\",\"name\":\"Fumot Official Direct | Straight from the Factory, 100% Genuine\",\"url\":\"https:\/\/fumot.uk\/\",\"logo\":{\"@type\":\"ImageObject\",\"inLanguage\":\"de\",\"@id\":\"https:\/\/fumot.uk\/#\/schema\/logo\/image\/\",\"url\":\"https:\/\/fumot.uk\/wp-content\/uploads\/2026\/01\/cropped-fumot-logo1.png\",\"contentUrl\":\"https:\/\/fumot.uk\/wp-content\/uploads\/2026\/01\/cropped-fumot-logo1.png\",\"width\":152,\"height\":106,\"caption\":\"Fumot Official Direct | Straight from the Factory, 100% Genuine\"},\"image\":{\"@id\":\"https:\/\/fumot.uk\/#\/schema\/logo\/image\/\"}}]}<\/script>\n<!-- \/ Yoast SEO plugin. -->","yoast_head_json":{"title":"Triple Mango Ice UZY Bang Digital 15000 Z\u00fcge E-Zigaretten","description":"Triple Mango Ice von UZY Bang Digital: kr\u00e4ftige s\u00fc\u00dfe Mango mit einem knackigen Menthol-Finish. 20ml, wiederaufladbar 850mAh, bis zu 15000 Z\u00fcge. Nur f\u00fcr Erwachsene.","robots":{"index":"index","follow":"follow","max-snippet":"max-snippet:-1","max-image-preview":"max-image-preview:large","max-video-preview":"max-video-preview:-1"},"canonical":"https:\/\/fumot.uk\/de\/product\/triple-mango-ice-uzy-bang-digital-15000-puffs-einweg-e-zigarette\/","og_locale":"de_DE","og_type":"article","og_title":"Triple Mango Ice \u2013 UZY Bang Digital 15000 Puffs","og_description":"A juicy triple-mango taste with a clean icy menthol exhale. 20ml e-liquid, rechargeable 850mAh, up to 15000 puffs. For adults only.","og_url":"https:\/\/fumot.uk\/de\/product\/triple-mango-ice-uzy-bang-digital-15000-puffs-einweg-e-zigarette\/","og_site_name":"Fumot Official Direct | Straight from the Factory, 100% Genuine","article_modified_time":"2026-01-20T09:03:11+00:00","og_image":[{"width":1159,"height":1159,"url":"https:\/\/fumot.uk\/wp-content\/uploads\/2026\/01\/UZY-Bang-DIgital-15000-Puffs-triple-mango-ice-1.png","type":"image\/png"}],"twitter_card":"summary_large_image","twitter_misc":{"Gesch\u00e4tzte Lesezeit":"2\u00a0Minuten"},"schema":{"@context":"https:\/\/schema.org","@graph":[{"@type":"WebPage","@id":"https:\/\/fumot.uk\/product\/triple-mango-ice-uzy-bang-digital-15000-puffs-einweg-e-zigarette\/","url":"https:\/\/fumot.uk\/product\/triple-mango-ice-uzy-bang-digital-15000-puffs-einweg-e-zigarette\/","name":"Triple Mango Ice UZY Bang Digital 15000 Z\u00fcge E-Zigaretten","isPartOf":{"@id":"https:\/\/fumot.uk\/#website"},"primaryImageOfPage":{"@id":"https:\/\/fumot.uk\/product\/triple-mango-ice-uzy-bang-digital-15000-puffs-einweg-e-zigarette\/#primaryimage"},"image":{"@id":"https:\/\/fumot.uk\/product\/triple-mango-ice-uzy-bang-digital-15000-puffs-einweg-e-zigarette\/#primaryimage"},"thumbnailUrl":"https:\/\/fumot.uk\/wp-content\/uploads\/2026\/01\/UZY-Bang-DIgital-15000-Puffs-triple-mango-ice-1.png","datePublished":"2026-01-20T08:28:51+00:00","dateModified":"2026-01-20T09:03:11+00:00","description":"Triple Mango Ice von UZY Bang Digital: kr\u00e4ftige s\u00fc\u00dfe Mango mit einem knackigen Menthol-Finish. 20ml, wiederaufladbar 850mAh, bis zu 15000 Z\u00fcge. Nur f\u00fcr Erwachsene.","breadcrumb":{"@id":"https:\/\/fumot.uk\/product\/triple-mango-ice-uzy-bang-digital-15000-puffs-einweg-e-zigarette\/#breadcrumb"},"inLanguage":"de","potentialAction":[{"@type":"ReadAction","target":["https:\/\/fumot.uk\/product\/triple-mango-ice-uzy-bang-digital-15000-puffs-einweg-e-zigarette\/"]}]},{"@type":"ImageObject","inLanguage":"de","@id":"https:\/\/fumot.uk\/product\/triple-mango-ice-uzy-bang-digital-15000-puffs-einweg-e-zigarette\/#primaryimage","url":"https:\/\/fumot.uk\/wp-content\/uploads\/2026\/01\/UZY-Bang-DIgital-15000-Puffs-triple-mango-ice-1.png","contentUrl":"https:\/\/fumot.uk\/wp-content\/uploads\/2026\/01\/UZY-Bang-DIgital-15000-Puffs-triple-mango-ice-1.png","width":1159,"height":1159},{"@type":"BreadcrumbList","@id":"https:\/\/fumot.uk\/product\/triple-mango-ice-uzy-bang-digital-15000-puffs-einweg-e-zigarette\/#breadcrumb","itemListElement":[{"@type":"ListItem","position":1,"name":"Home","item":"https:\/\/fumot.uk\/"},{"@type":"ListItem","position":2,"name":"Shop","item":"https:\/\/fumot.uk\/shop\/"},{"@type":"ListItem","position":3,"name":"Triple Mango Ice \u2013 UZY Bang Digital 15000 Puffs Disposable Vape (20ml, Rechargeable 850mAh)"}]},{"@type":"WebSite","@id":"https:\/\/fumot.uk\/#website","url":"https:\/\/fumot.uk\/","name":"Fumot Offizieller Direkt | Direkt aus der Fabrik, 100% Original","description":"Offizielle Webseite","publisher":{"@id":"https:\/\/fumot.uk\/#organization"},"potentialAction":[{"@type":"SearchAction","target":{"@type":"EntryPoint","urlTemplate":"https:\/\/fumot.uk\/?s={search_term_string}"},"query-input":{"@type":"PropertyValueSpecification","valueRequired":true,"valueName":"search_term_string"}}],"inLanguage":"de"},{"@type":"Organization","@id":"https:\/\/fumot.uk\/#organization","name":"Fumot Offizieller Direkt | Direkt aus der Fabrik, 100% Original","url":"https:\/\/fumot.uk\/","logo":{"@type":"ImageObject","inLanguage":"de","@id":"https:\/\/fumot.uk\/#\/schema\/logo\/image\/","url":"https:\/\/fumot.uk\/wp-content\/uploads\/2026\/01\/cropped-fumot-logo1.png","contentUrl":"https:\/\/fumot.uk\/wp-content\/uploads\/2026\/01\/cropped-fumot-logo1.png","width":152,"height":106,"caption":"Fumot Official Direct | Straight from the Factory, 100% Genuine"},"image":{"@id":"https:\/\/fumot.uk\/#\/schema\/logo\/image\/"}}]}},"_links":{"self":[{"href":"https:\/\/fumot.uk\/de\/wp-json\/wp\/v2\/product\/2251","targetHints":{"allow":["GET"]}}],"collection":[{"href":"https:\/\/fumot.uk\/de\/wp-json\/wp\/v2\/product"}],"about":[{"href":"https:\/\/fumot.uk\/de\/wp-json\/wp\/v2\/types\/product"}],"replies":[{"embeddable":true,"href":"https:\/\/fumot.uk\/de\/wp-json\/wp\/v2\/comments?post=2251"}],"wp:featuredmedia":[{"embeddable":true,"href":"https:\/\/fumot.uk\/de\/wp-json\/wp\/v2\/media\/2288"}],"wp:attachment":[{"href":"https:\/\/fumot.uk\/de\/wp-json\/wp\/v2\/media?parent=2251"}],"wp:term":[{"taxonomy":"product_brand","embeddable":true,"href":"https:\/\/fumot.uk\/de\/wp-json\/wp\/v2\/product_brand?post=2251"},{"taxonomy":"product_cat","embeddable":true,"href":"https:\/\/fumot.uk\/de\/wp-json\/wp\/v2\/product_cat?post=2251"},{"taxonomy":"product_tag","embeddable":true,"href":"https:\/\/fumot.uk\/de\/wp-json\/wp\/v2\/product_tag?post=2251"}],"curies":[{"name":"wp","href":"https:\/\/api.w.org\/{rel}","templated":true}]}}