{"id":2241,"date":"2026-01-20T08:28:48","date_gmt":"2026-01-20T08:28:48","guid":{"rendered":"https:\/\/fumot.uk\/?post_type=product&#038;p=2241"},"modified":"2026-01-20T09:03:31","modified_gmt":"2026-01-20T09:03:31","slug":"uzy-6-in-1-150000-puffs-mixed-berry-fizzy-cherry-peach-lemon","status":"publish","type":"product","link":"https:\/\/fumot.uk\/de\/product\/uzy-6-in-1-150000-puffs-mixed-berry-fizzy-cherry-peach-lemon\/","title":{"rendered":"UZY 6-in-1 150000 Puffs Einweg-E-Zigaretten (Gemischte Beeren \/ Sprudelnde Kirsche \/ Pfirsich Zitrone) \u2013 Quad-Mesh-Spule, 64ml, 650mAh, Wiederaufladbar"},"content":{"rendered":"<h2>UZY 6-in-1 150000 Z\u00fcge \u2013 Gemischte Beeren \/ Spritzige Kirsche \/ Pfirsich Zitrone<\/h2>\n<p>Entdecken Sie eine frische M\u00f6glichkeit, Aromen zu wechseln, ohne das Ger\u00e4t zu tauschen. Die <strong>UZY 6-in-1 150000 Z\u00fcge<\/strong> ist aufgebaut um ein <strong>6-Geschmack-System<\/strong> das es Ihnen erm\u00f6glicht, jeden Geschmack sauber zu genie\u00dfen oder <strong>zwei Geschm\u00e4cker zu einer neuen Kombination zu mischen<\/strong>\u2014alles, w\u00e4hrend der Geschmack dank des <strong>Geschmacks-Trennungsdesigns des Ger\u00e4ts<\/strong>.<\/p>\n<h3>Warum Sie dieses 6-in-1-Erlebnis lieben werden<\/h3>\n<ul>\n<li><strong>6-in-1-Geschmackssystem:<\/strong> Verwenden Sie die drei Basisgeschm\u00e4cker solo oder kombinieren Sie sie, um neue Mixprofile f\u00fcr bis zu sechs Geschmacksoptionen zu erstellen.<\/li>\n<li><strong>Vierfach-Mesh-Coil:<\/strong> Vier Mesh-Heizelemente arbeiten zusammen f\u00fcr gleichm\u00e4\u00dfiges Erhitzen und konsistente Geschmacksabgabe.<\/li>\n<li><strong>64ml E-Liquid-Kapazit\u00e4t<\/strong> und <strong>650mAh wiederaufladbare Batterie<\/strong> f\u00fcr langanhaltende Bequemlichkeit.<\/li>\n<li><strong>Nikotinoptionen:<\/strong> <strong>0%<\/strong>, <strong>2%<\/strong>, <strong>3%<\/strong>, oder <strong>5%<\/strong> (w\u00e4hlen Sie Ihre bevorzugte St\u00e4rke).<\/li>\n<li><strong>Display<\/strong> f\u00fcr den Ger\u00e4te-Status auf einen Blick.<\/li>\n<\/ul>\n<h3>Geschmacksaufstellung: 3 Basen + 3 sofortige Kombinationen<\/h3>\n<h4>Gemischte Beeren<\/h4>\n<p>Eine geschichtete Beerenmischung, die sich voll und glatt anf\u00fchlt\u2014s\u00fc\u00df, leicht s\u00e4uerlich und voller \u201cfrisch gepfl\u00fcckter\u201d Fruchtcharakter. Ideal, wenn Sie ein reichhaltiges, ganzt\u00e4giges Beerenprofil m\u00f6chten.<\/p>\n<h4>Spritzige Kirsche<\/h4>\n<p>Reife Kirschs\u00fc\u00dfe mit einem lebhaften, sodaartigen Sprudel. Dieser ist hell und verspielt, entworfen, um sich wie ein erfrischender Kirschsprudel anzuf\u00fchlen.<\/p>\n<h4>Pfirsich Zitrone<\/h4>\n<p>Saftiger Pfirsich trifft auf spritzige Zitrone f\u00fcr eine saubere, belebende Balance aus S\u00fc\u00dfe und Zitrusbiss\u2014erfrischend und leicht wiederzukommen.<\/p>\n<h4>Probieren Sie diese Zwei-Geschmack-Kombinationen (aus den Basen gemacht)<\/h4>\n<ul>\n<li><strong>Gemischte Beeren + Spritzige Kirsche:<\/strong> Bonbonhelle Kirschsprudel \u00fcber einer tiefen Beerenbasis.<\/li>\n<li><strong>Gemischte Beeren + Pfirsich Zitrone:<\/strong> Ein weicheres Beeren-Pfirsich-Profil, abgerundet mit einem leichten Zitruslift.<\/li>\n<li><strong>Spritzige Kirsche + Pfirsich Zitrone:<\/strong> Ein kr\u00e4ftiger Kirschsprudel mit einem knackigen Zitrone-Pfirsich-Twist.<\/li>\n<\/ul>\n<h3>Produkt-Highlights<\/h3>\n<ul>\n<li><strong>Kategorie:<\/strong> 150000 Z\u00fcge, Einweg-E-Zigaretten, UZY 6-in-1 150000 Z\u00fcge<\/li>\n<li><strong>Batterie:<\/strong> 650mAh (wiederaufladbar)<\/li>\n<li><strong>E-Liquid:<\/strong> 64ml<\/li>\n<li><strong>Spule:<\/strong> Vierfach-Mesh-Coil<\/li>\n<li><strong>Nikotinst\u00e4rken:<\/strong> 0% \/ 2% \/ 3% \/ 5%<\/li>\n<\/ul>\n<p>Entdecken Sie mehr Optionen in der <a href=\"https:\/\/fumot.uk\/de\/product-category\/uzy-6-in-1-150000-puffs\/\"><strong>UZY 6-in-1 150000 Z\u00fcge Kollektion<\/strong><\/a> auf fumot.uk.<\/p>\n<p><em>Hinweis:<\/em> Die Anzahl der Z\u00fcge variiert je nach Nutzungsgewohnheiten. Die Geschmackswahrnehmung kann von Person zu Person unterschiedlich sein.<\/p>","protected":false},"excerpt":{"rendered":"<p>UZY 6-in-1 150000 Z\u00fcge in Gemischte Beeren \/ Sprudelnde Kirsche \/ Pfirsich Zitrone. Genie\u00dfe jeden Geschmack solo oder kombiniere zwei f\u00fcr frische Kombinationen. Quad-Mesh-Spule, 64ml, 650mAh wiederaufladbar, Display, Nikotinoptionen 0\/2\/3\/5%.<\/p>","protected":false},"featured_media":2278,"comment_status":"open","ping_status":"closed","template":"","meta":[],"product_brand":[],"product_cat":[147,148,17],"product_tag":[84,70,85,71,149,150,131,36,23,24,79,30,133,26],"class_list":{"0":"post-2241","1":"product","2":"type-product","3":"status-publish","4":"has-post-thumbnail","6":"product_cat-150000-puff","7":"product_cat-uzy-6-in-1-150000-puffs","8":"product_cat-vape","9":"product_tag-0-nikotin","10":"product_tag-2-nikotin","11":"product_tag-3-nikotin","12":"product_tag-5-nikotin","13":"product_tag-6-in-1-vape","14":"product_tag-64ml","15":"product_tag-650mah","16":"product_tag-cherry","17":"product_tag-display","18":"product_tag-lemon","19":"product_tag-mixed-berries","20":"product_tag-peach","21":"product_tag-quadruple-mesh-coil","22":"product_tag-rechargeable","24":"first","25":"instock","26":"sale","27":"shipping-taxable","28":"purchasable","29":"product-type-variable","30":"has-default-attributes"},"yoast_head":"<!-- This site is optimized with the Yoast SEO plugin v26.8 - https:\/\/yoast.com\/product\/yoast-seo-wordpress\/ -->\n<title>UZY 6-in-1 150000 Puffs Mixed Berry Fizzy Cherry<\/title>\n<meta name=\"description\" content=\"UZY 6-in-1 150000 Puffs: Mixed Berry, Fizzy Cherry, Peach Lemon. Quad mesh coil, 64ml, 650mAh rechargeable, display. 0\/2\/3\/5% nicotine.\" \/>\n<meta name=\"robots\" content=\"index, follow, max-snippet:-1, max-image-preview:large, max-video-preview:-1\" \/>\n<link rel=\"canonical\" href=\"https:\/\/fumot.uk\/de\/product\/uzy-6-in-1-150000-puffs-mixed-berry-fizzy-cherry-peach-lemon\/\" \/>\n<meta property=\"og:locale\" content=\"de_DE\" \/>\n<meta property=\"og:type\" content=\"article\" \/>\n<meta property=\"og:title\" content=\"UZY 6-in-1 150000 Puffs \u2013 Mixed Berry \/ Fizzy Cherry \/ Peach Lemon\" \/>\n<meta property=\"og:description\" content=\"Switch between 3 base flavors or blend two for new combos. Quad mesh coil, 64ml e-liquid, 650mAh rechargeable battery, display, 0\/2\/3\/5% nicotine.\" \/>\n<meta property=\"og:url\" content=\"https:\/\/fumot.uk\/de\/product\/uzy-6-in-1-150000-puffs-mixed-berry-fizzy-cherry-peach-lemon\/\" \/>\n<meta property=\"og:site_name\" content=\"Fumot Official Direct | Straight from the Factory, 100% Genuine\" \/>\n<meta property=\"article:modified_time\" content=\"2026-01-20T09:03:31+00:00\" \/>\n<meta property=\"og:image\" content=\"https:\/\/fumot.uk\/wp-content\/uploads\/2026\/01\/UZY-6-IN-1-150000-Puffs-mixed-berry-fizzy-cherry-peach-lemon-disposable-vape-ultravape-scaled-1-1024x1024.png\" \/>\n\t<meta property=\"og:image:width\" content=\"1024\" \/>\n\t<meta property=\"og:image:height\" content=\"1024\" \/>\n\t<meta property=\"og:image:type\" content=\"image\/png\" \/>\n<meta name=\"twitter:card\" content=\"summary_large_image\" \/>\n<meta name=\"twitter:label1\" content=\"Gesch\u00e4tzte Lesezeit\" \/>\n\t<meta name=\"twitter:data1\" content=\"2\u00a0Minuten\" \/>\n<script type=\"application\/ld+json\" class=\"yoast-schema-graph\">{\"@context\":\"https:\/\/schema.org\",\"@graph\":[{\"@type\":\"WebPage\",\"@id\":\"https:\/\/fumot.uk\/product\/uzy-6-in-1-150000-puffs-mixed-berry-fizzy-cherry-peach-lemon\/\",\"url\":\"https:\/\/fumot.uk\/product\/uzy-6-in-1-150000-puffs-mixed-berry-fizzy-cherry-peach-lemon\/\",\"name\":\"UZY 6-in-1 150000 Puffs Mixed Berry Fizzy Cherry\",\"isPartOf\":{\"@id\":\"https:\/\/fumot.uk\/#website\"},\"primaryImageOfPage\":{\"@id\":\"https:\/\/fumot.uk\/product\/uzy-6-in-1-150000-puffs-mixed-berry-fizzy-cherry-peach-lemon\/#primaryimage\"},\"image\":{\"@id\":\"https:\/\/fumot.uk\/product\/uzy-6-in-1-150000-puffs-mixed-berry-fizzy-cherry-peach-lemon\/#primaryimage\"},\"thumbnailUrl\":\"https:\/\/fumot.uk\/wp-content\/uploads\/2026\/01\/UZY-6-IN-1-150000-Puffs-mixed-berry-fizzy-cherry-peach-lemon-disposable-vape-ultravape-scaled-1.png\",\"datePublished\":\"2026-01-20T08:28:48+00:00\",\"dateModified\":\"2026-01-20T09:03:31+00:00\",\"description\":\"UZY 6-in-1 150000 Puffs: Mixed Berry, Fizzy Cherry, Peach Lemon. Quad mesh coil, 64ml, 650mAh rechargeable, display. 0\/2\/3\/5% nicotine.\",\"breadcrumb\":{\"@id\":\"https:\/\/fumot.uk\/product\/uzy-6-in-1-150000-puffs-mixed-berry-fizzy-cherry-peach-lemon\/#breadcrumb\"},\"inLanguage\":\"de\",\"potentialAction\":[{\"@type\":\"ReadAction\",\"target\":[\"https:\/\/fumot.uk\/product\/uzy-6-in-1-150000-puffs-mixed-berry-fizzy-cherry-peach-lemon\/\"]}]},{\"@type\":\"ImageObject\",\"inLanguage\":\"de\",\"@id\":\"https:\/\/fumot.uk\/product\/uzy-6-in-1-150000-puffs-mixed-berry-fizzy-cherry-peach-lemon\/#primaryimage\",\"url\":\"https:\/\/fumot.uk\/wp-content\/uploads\/2026\/01\/UZY-6-IN-1-150000-Puffs-mixed-berry-fizzy-cherry-peach-lemon-disposable-vape-ultravape-scaled-1.png\",\"contentUrl\":\"https:\/\/fumot.uk\/wp-content\/uploads\/2026\/01\/UZY-6-IN-1-150000-Puffs-mixed-berry-fizzy-cherry-peach-lemon-disposable-vape-ultravape-scaled-1.png\",\"width\":2560,\"height\":2560},{\"@type\":\"BreadcrumbList\",\"@id\":\"https:\/\/fumot.uk\/product\/uzy-6-in-1-150000-puffs-mixed-berry-fizzy-cherry-peach-lemon\/#breadcrumb\",\"itemListElement\":[{\"@type\":\"ListItem\",\"position\":1,\"name\":\"Home\",\"item\":\"https:\/\/fumot.uk\/\"},{\"@type\":\"ListItem\",\"position\":2,\"name\":\"Shop\",\"item\":\"https:\/\/fumot.uk\/shop\/\"},{\"@type\":\"ListItem\",\"position\":3,\"name\":\"UZY 6-in-1 150000 Puffs Disposable Vape (Mixed Berry \/ Fizzy Cherry \/ Peach Lemon) \u2013 Quad Mesh Coil, 64ml, 650mAh, Rechargeable\"}]},{\"@type\":\"WebSite\",\"@id\":\"https:\/\/fumot.uk\/#website\",\"url\":\"https:\/\/fumot.uk\/\",\"name\":\"Fumot Official Direct | Straight from the Factory, 100% Genuine\",\"description\":\"Official Website\",\"publisher\":{\"@id\":\"https:\/\/fumot.uk\/#organization\"},\"potentialAction\":[{\"@type\":\"SearchAction\",\"target\":{\"@type\":\"EntryPoint\",\"urlTemplate\":\"https:\/\/fumot.uk\/?s={search_term_string}\"},\"query-input\":{\"@type\":\"PropertyValueSpecification\",\"valueRequired\":true,\"valueName\":\"search_term_string\"}}],\"inLanguage\":\"de\"},{\"@type\":\"Organization\",\"@id\":\"https:\/\/fumot.uk\/#organization\",\"name\":\"Fumot Official Direct | Straight from the Factory, 100% Genuine\",\"url\":\"https:\/\/fumot.uk\/\",\"logo\":{\"@type\":\"ImageObject\",\"inLanguage\":\"de\",\"@id\":\"https:\/\/fumot.uk\/#\/schema\/logo\/image\/\",\"url\":\"https:\/\/fumot.uk\/wp-content\/uploads\/2026\/01\/cropped-fumot-logo1.png\",\"contentUrl\":\"https:\/\/fumot.uk\/wp-content\/uploads\/2026\/01\/cropped-fumot-logo1.png\",\"width\":152,\"height\":106,\"caption\":\"Fumot Official Direct | Straight from the Factory, 100% Genuine\"},\"image\":{\"@id\":\"https:\/\/fumot.uk\/#\/schema\/logo\/image\/\"}}]}<\/script>\n<!-- \/ Yoast SEO plugin. -->","yoast_head_json":{"title":"UZY 6-in-1 150000 Z\u00fcge Gemischte Beeren Sprudelnde Kirsche","description":"UZY 6-in-1 150000 Z\u00fcge: Gemischte Beeren, Sprudelnde Kirsche, Pfirsich Zitrone. Quad-Mesh-Spule, 64ml, 650mAh wiederaufladbar, Display. 0\/2\/3\/5% Nikotin.","robots":{"index":"index","follow":"follow","max-snippet":"max-snippet:-1","max-image-preview":"max-image-preview:large","max-video-preview":"max-video-preview:-1"},"canonical":"https:\/\/fumot.uk\/de\/product\/uzy-6-in-1-150000-puffs-mixed-berry-fizzy-cherry-peach-lemon\/","og_locale":"de_DE","og_type":"article","og_title":"UZY 6-in-1 150000 Puffs \u2013 Mixed Berry \/ Fizzy Cherry \/ Peach Lemon","og_description":"Switch between 3 base flavors or blend two for new combos. Quad mesh coil, 64ml e-liquid, 650mAh rechargeable battery, display, 0\/2\/3\/5% nicotine.","og_url":"https:\/\/fumot.uk\/de\/product\/uzy-6-in-1-150000-puffs-mixed-berry-fizzy-cherry-peach-lemon\/","og_site_name":"Fumot Official Direct | Straight from the Factory, 100% Genuine","article_modified_time":"2026-01-20T09:03:31+00:00","og_image":[{"width":1024,"height":1024,"url":"https:\/\/fumot.uk\/wp-content\/uploads\/2026\/01\/UZY-6-IN-1-150000-Puffs-mixed-berry-fizzy-cherry-peach-lemon-disposable-vape-ultravape-scaled-1-1024x1024.png","type":"image\/png"}],"twitter_card":"summary_large_image","twitter_misc":{"Gesch\u00e4tzte Lesezeit":"2\u00a0Minuten"},"schema":{"@context":"https:\/\/schema.org","@graph":[{"@type":"WebPage","@id":"https:\/\/fumot.uk\/product\/uzy-6-in-1-150000-puffs-mixed-berry-fizzy-cherry-peach-lemon\/","url":"https:\/\/fumot.uk\/product\/uzy-6-in-1-150000-puffs-mixed-berry-fizzy-cherry-peach-lemon\/","name":"UZY 6-in-1 150000 Z\u00fcge Gemischte Beeren Sprudelnde Kirsche","isPartOf":{"@id":"https:\/\/fumot.uk\/#website"},"primaryImageOfPage":{"@id":"https:\/\/fumot.uk\/product\/uzy-6-in-1-150000-puffs-mixed-berry-fizzy-cherry-peach-lemon\/#primaryimage"},"image":{"@id":"https:\/\/fumot.uk\/product\/uzy-6-in-1-150000-puffs-mixed-berry-fizzy-cherry-peach-lemon\/#primaryimage"},"thumbnailUrl":"https:\/\/fumot.uk\/wp-content\/uploads\/2026\/01\/UZY-6-IN-1-150000-Puffs-mixed-berry-fizzy-cherry-peach-lemon-disposable-vape-ultravape-scaled-1.png","datePublished":"2026-01-20T08:28:48+00:00","dateModified":"2026-01-20T09:03:31+00:00","description":"UZY 6-in-1 150000 Z\u00fcge: Gemischte Beeren, Sprudelnde Kirsche, Pfirsich Zitrone. Quad-Mesh-Spule, 64ml, 650mAh wiederaufladbar, Display. 0\/2\/3\/5% Nikotin.","breadcrumb":{"@id":"https:\/\/fumot.uk\/product\/uzy-6-in-1-150000-puffs-mixed-berry-fizzy-cherry-peach-lemon\/#breadcrumb"},"inLanguage":"de","potentialAction":[{"@type":"ReadAction","target":["https:\/\/fumot.uk\/product\/uzy-6-in-1-150000-puffs-mixed-berry-fizzy-cherry-peach-lemon\/"]}]},{"@type":"ImageObject","inLanguage":"de","@id":"https:\/\/fumot.uk\/product\/uzy-6-in-1-150000-puffs-mixed-berry-fizzy-cherry-peach-lemon\/#primaryimage","url":"https:\/\/fumot.uk\/wp-content\/uploads\/2026\/01\/UZY-6-IN-1-150000-Puffs-mixed-berry-fizzy-cherry-peach-lemon-disposable-vape-ultravape-scaled-1.png","contentUrl":"https:\/\/fumot.uk\/wp-content\/uploads\/2026\/01\/UZY-6-IN-1-150000-Puffs-mixed-berry-fizzy-cherry-peach-lemon-disposable-vape-ultravape-scaled-1.png","width":2560,"height":2560},{"@type":"BreadcrumbList","@id":"https:\/\/fumot.uk\/product\/uzy-6-in-1-150000-puffs-mixed-berry-fizzy-cherry-peach-lemon\/#breadcrumb","itemListElement":[{"@type":"ListItem","position":1,"name":"Home","item":"https:\/\/fumot.uk\/"},{"@type":"ListItem","position":2,"name":"Shop","item":"https:\/\/fumot.uk\/shop\/"},{"@type":"ListItem","position":3,"name":"UZY 6-in-1 150000 Puffs Disposable Vape (Mixed Berry \/ Fizzy Cherry \/ Peach Lemon) \u2013 Quad Mesh Coil, 64ml, 650mAh, Rechargeable"}]},{"@type":"WebSite","@id":"https:\/\/fumot.uk\/#website","url":"https:\/\/fumot.uk\/","name":"Fumot Offizieller Direkt | Direkt aus der Fabrik, 100% Original","description":"Offizielle Webseite","publisher":{"@id":"https:\/\/fumot.uk\/#organization"},"potentialAction":[{"@type":"SearchAction","target":{"@type":"EntryPoint","urlTemplate":"https:\/\/fumot.uk\/?s={search_term_string}"},"query-input":{"@type":"PropertyValueSpecification","valueRequired":true,"valueName":"search_term_string"}}],"inLanguage":"de"},{"@type":"Organization","@id":"https:\/\/fumot.uk\/#organization","name":"Fumot Offizieller Direkt | Direkt aus der Fabrik, 100% Original","url":"https:\/\/fumot.uk\/","logo":{"@type":"ImageObject","inLanguage":"de","@id":"https:\/\/fumot.uk\/#\/schema\/logo\/image\/","url":"https:\/\/fumot.uk\/wp-content\/uploads\/2026\/01\/cropped-fumot-logo1.png","contentUrl":"https:\/\/fumot.uk\/wp-content\/uploads\/2026\/01\/cropped-fumot-logo1.png","width":152,"height":106,"caption":"Fumot Official Direct | Straight from the Factory, 100% Genuine"},"image":{"@id":"https:\/\/fumot.uk\/#\/schema\/logo\/image\/"}}]}},"_links":{"self":[{"href":"https:\/\/fumot.uk\/de\/wp-json\/wp\/v2\/product\/2241","targetHints":{"allow":["GET"]}}],"collection":[{"href":"https:\/\/fumot.uk\/de\/wp-json\/wp\/v2\/product"}],"about":[{"href":"https:\/\/fumot.uk\/de\/wp-json\/wp\/v2\/types\/product"}],"replies":[{"embeddable":true,"href":"https:\/\/fumot.uk\/de\/wp-json\/wp\/v2\/comments?post=2241"}],"wp:featuredmedia":[{"embeddable":true,"href":"https:\/\/fumot.uk\/de\/wp-json\/wp\/v2\/media\/2278"}],"wp:attachment":[{"href":"https:\/\/fumot.uk\/de\/wp-json\/wp\/v2\/media?parent=2241"}],"wp:term":[{"taxonomy":"product_brand","embeddable":true,"href":"https:\/\/fumot.uk\/de\/wp-json\/wp\/v2\/product_brand?post=2241"},{"taxonomy":"product_cat","embeddable":true,"href":"https:\/\/fumot.uk\/de\/wp-json\/wp\/v2\/product_cat?post=2241"},{"taxonomy":"product_tag","embeddable":true,"href":"https:\/\/fumot.uk\/de\/wp-json\/wp\/v2\/product_tag?post=2241"}],"curies":[{"name":"wp","href":"https:\/\/api.w.org\/{rel}","templated":true}]}}