{"id":2240,"date":"2026-01-20T08:28:48","date_gmt":"2026-01-20T08:28:48","guid":{"rendered":"https:\/\/fumot.uk\/?post_type=product&#038;p=2240"},"modified":"2026-01-20T09:03:30","modified_gmt":"2026-01-20T09:03:30","slug":"uzy-6-in-1-150000-puffs-peach-ice-two-apple-triple-mango","status":"publish","type":"product","link":"https:\/\/fumot.uk\/de\/product\/uzy-6-in-1-150000-puffs-peach-ice-two-apple-triple-mango\/","title":{"rendered":"UZY 6-in-1 150000 Z\u00fcge Einweg E-Zigaretten (Pfirsich Eis \/ Zwei Apfel \/ Dreifach Mango) \u2013 64ml, 650mAh, Display"},"content":{"rendered":"<h2>UZY 6-in-1 150000 Z\u00fcge \u2013 Pfirsich Eis \/ Zwei Apfel \/ Dreifach Mango<\/h2>\n<p>Treffen Sie eine Geschmacksaufstellung f\u00fcr Fruchtliebhaber: <strong>Pfirsich Eis<\/strong>, <strong>Zwei Apfel<\/strong> und <strong>Dreifach Mango<\/strong>\u2014eingebaut in die UZY <strong>6-in-1<\/strong> System, damit Sie sie genie\u00dfen k\u00f6nnen <strong>einzeln<\/strong> oder erstellen <strong>neue kombinierte Mischungen<\/strong> auf Abruf. Entwickelt f\u00fcr eine reibungslose, konsistente Leistung, verf\u00fcgt dieses Einwegprodukt auch \u00fcber eine <strong>Display<\/strong>, <strong>Quad Mesh Coil<\/strong> Heizung und eine <strong>wiederaufladbare 650mAh<\/strong> Batterie.<\/p>\n<h3>Was macht es \u201c6-in-1\u201d?<\/h3>\n<p>Die Kernidee ist ein <strong>Geschmacks-Trennungssystem<\/strong> das jeden Basisgeschmack sauber und deutlich h\u00e4lt. Von den drei Basisgeschm\u00e4ckern k\u00f6nnen Sie sie einzeln dampfen oder zwei gleichzeitig kombinieren, um zus\u00e4tzliche Geschmacks-Kombinationen freizuschalten\u2014was Ihnen bis zu <strong>sechs<\/strong> Erlebnisse mit einem Ger\u00e4t bietet.<\/p>\n<h3>Geschmacks\u00fcbersicht<\/h3>\n<h4>Pfirsich Eis<\/h4>\n<p>Saftige Pfirsichs\u00fc\u00dfe mit einem knackigen, k\u00fchlenden Abgang. Hell, glatt und erfrischend\u2014ideal, wenn Sie einen klaren Fruchthit mit eisiger Note m\u00f6chten.<\/p>\n<h4>Zwei Apfel<\/h4>\n<p>Ein klassisches Apfelprofil inspiriert vom ausgewogenen \u201cDoppelapfel\u201d-Stil: <strong>rote Apfels\u00fc\u00dfe<\/strong> trifft auf <strong>gr\u00fcne Apfels\u00e4ure<\/strong> f\u00fcr einen vielschichtigen, authentischen Biss.<\/p>\n<h4>Dreifach Mango<\/h4>\n<p>Tiefer tropischer Mango mit einem reicheren, volleren K\u00f6rper\u2014entwickelt, um k\u00fchn und dennoch glatt zu wirken und einen befriedigenden Mango-vorw\u00e4rts-Ausatmen zu liefern.<\/p>\n<h3>Hauptmerkmale<\/h3>\n<ul>\n<li><strong>Bis zu 150000 Z\u00fcge<\/strong> (Nutzung variiert je nach Zugl\u00e4nge)<\/li>\n<li><strong>6-in-1 Geschmacks-System<\/strong>: 3 Basisgeschm\u00e4cker + 2-Geschmack-Kombinationen<\/li>\n<li><strong>64ml<\/strong> E-Liquid-Kapazit\u00e4t<\/li>\n<li><strong>Vierfach Mesh Coil<\/strong> f\u00fcr gleichm\u00e4\u00dfige Heizung und konsistenten Geschmack<\/li>\n<li><strong>650mAh wiederaufladbar<\/strong> Batterie<\/li>\n<li><strong>Display<\/strong> f\u00fcr klareren Ger\u00e4testatus auf einen Blick<\/li>\n<li>Nikotinoptionen: <strong>0%<\/strong>, <strong>2%<\/strong>, <strong>3%<\/strong>, <strong>5%<\/strong><\/li>\n<\/ul>\n<h3>Warum bei fumot.uk kaufen?<\/h3>\n<p>Entdecken Sie mehr UZY Mehrgeschmacksoptionen und die vollst\u00e4ndige Kollektion von Hochkapazit\u00e4ts-Einwegprodukten bei <a href=\"https:\/\/fumot.uk\/de\/\" target=\"_blank\" rel=\"noopener\">fumot.uk<\/a>.<\/p>","protected":false},"excerpt":{"rendered":"<p>UZY 6-in-1 150000 Z\u00fcge in Pfirsich Eis \/ Zwei Apfel \/ Dreifach Mango. Genie\u00dfe jeden Geschmack solo oder kombiniere zwei, um zus\u00e4tzliche Mischungen freizuschalten\u2014bis zu 6 Erlebnisse. 64ml, Quad Mesh Coil, wiederaufladbar 650mAh, Display. Nikotin: 0\/2\/3\/5%. Shop bei fumot.uk.<\/p>","protected":false},"featured_media":2270,"comment_status":"open","ping_status":"closed","template":"","meta":[],"product_brand":[],"product_cat":[147,148,17],"product_tag":[84,70,85,71,149,150,131,31,23,29,42,30,133,26],"class_list":{"0":"post-2240","1":"product","2":"type-product","3":"status-publish","4":"has-post-thumbnail","6":"product_cat-150000-puff","7":"product_cat-uzy-6-in-1-150000-puffs","8":"product_cat-vape","9":"product_tag-0-nikotin","10":"product_tag-2-nikotin","11":"product_tag-3-nikotin","12":"product_tag-5-nikotin","13":"product_tag-6-in-1-vape","14":"product_tag-64ml","15":"product_tag-650mah","16":"product_tag-apple","17":"product_tag-display","18":"product_tag-ice","19":"product_tag-mango","20":"product_tag-peach","21":"product_tag-quadruple-mesh-coil","22":"product_tag-rechargeable","24":"first","25":"instock","26":"sale","27":"shipping-taxable","28":"purchasable","29":"product-type-variable","30":"has-default-attributes"},"yoast_head":"<!-- This site is optimized with the Yoast SEO plugin v26.8 - https:\/\/yoast.com\/product\/yoast-seo-wordpress\/ -->\n<title>UZY 6-in-1 150000 Puffs Peach Ice Two Apple Mango<\/title>\n<meta name=\"description\" content=\"UZY 6-in-1 150000 Puffs disposable vape: Peach Ice, Two Apple, Triple Mango + combo blends. 64ml, 650mAh rechargeable, display, Quad Mesh Coil.\" \/>\n<meta name=\"robots\" content=\"index, follow, max-snippet:-1, max-image-preview:large, max-video-preview:-1\" \/>\n<link rel=\"canonical\" href=\"https:\/\/fumot.uk\/de\/product\/uzy-6-in-1-150000-puffs-peach-ice-two-apple-triple-mango\/\" \/>\n<meta property=\"og:locale\" content=\"de_DE\" \/>\n<meta property=\"og:type\" content=\"article\" \/>\n<meta property=\"og:title\" content=\"UZY 6-in-1 150000 Puffs \u2013 Peach Ice \/ Two Apple \/ Triple Mango\" \/>\n<meta property=\"og:description\" content=\"Switch between 3 fruit flavours or pair two for extra blends. 64ml, Quad Mesh Coil, rechargeable 650mAh and a handy display\u2014available at fumot.uk.\" \/>\n<meta property=\"og:url\" content=\"https:\/\/fumot.uk\/de\/product\/uzy-6-in-1-150000-puffs-peach-ice-two-apple-triple-mango\/\" \/>\n<meta property=\"og:site_name\" content=\"Fumot Official Direct | Straight from the Factory, 100% Genuine\" \/>\n<meta property=\"article:modified_time\" content=\"2026-01-20T09:03:30+00:00\" \/>\n<meta property=\"og:image\" content=\"https:\/\/fumot.uk\/wp-content\/uploads\/2026\/01\/UZY-6-IN-1-150000-Puffs-peach-ice-two-apple-triple-mango-disposable-vape-ultravape-scaled-1-1024x1024.png\" \/>\n\t<meta property=\"og:image:width\" content=\"1024\" \/>\n\t<meta property=\"og:image:height\" content=\"1024\" \/>\n\t<meta property=\"og:image:type\" content=\"image\/png\" \/>\n<meta name=\"twitter:card\" content=\"summary_large_image\" \/>\n<meta name=\"twitter:label1\" content=\"Gesch\u00e4tzte Lesezeit\" \/>\n\t<meta name=\"twitter:data1\" content=\"2\u00a0Minuten\" \/>\n<script type=\"application\/ld+json\" class=\"yoast-schema-graph\">{\"@context\":\"https:\/\/schema.org\",\"@graph\":[{\"@type\":\"WebPage\",\"@id\":\"https:\/\/fumot.uk\/product\/uzy-6-in-1-150000-puffs-peach-ice-two-apple-triple-mango\/\",\"url\":\"https:\/\/fumot.uk\/product\/uzy-6-in-1-150000-puffs-peach-ice-two-apple-triple-mango\/\",\"name\":\"UZY 6-in-1 150000 Puffs Peach Ice Two Apple Mango\",\"isPartOf\":{\"@id\":\"https:\/\/fumot.uk\/#website\"},\"primaryImageOfPage\":{\"@id\":\"https:\/\/fumot.uk\/product\/uzy-6-in-1-150000-puffs-peach-ice-two-apple-triple-mango\/#primaryimage\"},\"image\":{\"@id\":\"https:\/\/fumot.uk\/product\/uzy-6-in-1-150000-puffs-peach-ice-two-apple-triple-mango\/#primaryimage\"},\"thumbnailUrl\":\"https:\/\/fumot.uk\/wp-content\/uploads\/2026\/01\/UZY-6-IN-1-150000-Puffs-peach-ice-two-apple-triple-mango-disposable-vape-ultravape-scaled-1.png\",\"datePublished\":\"2026-01-20T08:28:48+00:00\",\"dateModified\":\"2026-01-20T09:03:30+00:00\",\"description\":\"UZY 6-in-1 150000 Puffs disposable vape: Peach Ice, Two Apple, Triple Mango + combo blends. 64ml, 650mAh rechargeable, display, Quad Mesh Coil.\",\"breadcrumb\":{\"@id\":\"https:\/\/fumot.uk\/product\/uzy-6-in-1-150000-puffs-peach-ice-two-apple-triple-mango\/#breadcrumb\"},\"inLanguage\":\"de\",\"potentialAction\":[{\"@type\":\"ReadAction\",\"target\":[\"https:\/\/fumot.uk\/product\/uzy-6-in-1-150000-puffs-peach-ice-two-apple-triple-mango\/\"]}]},{\"@type\":\"ImageObject\",\"inLanguage\":\"de\",\"@id\":\"https:\/\/fumot.uk\/product\/uzy-6-in-1-150000-puffs-peach-ice-two-apple-triple-mango\/#primaryimage\",\"url\":\"https:\/\/fumot.uk\/wp-content\/uploads\/2026\/01\/UZY-6-IN-1-150000-Puffs-peach-ice-two-apple-triple-mango-disposable-vape-ultravape-scaled-1.png\",\"contentUrl\":\"https:\/\/fumot.uk\/wp-content\/uploads\/2026\/01\/UZY-6-IN-1-150000-Puffs-peach-ice-two-apple-triple-mango-disposable-vape-ultravape-scaled-1.png\",\"width\":2560,\"height\":2560},{\"@type\":\"BreadcrumbList\",\"@id\":\"https:\/\/fumot.uk\/product\/uzy-6-in-1-150000-puffs-peach-ice-two-apple-triple-mango\/#breadcrumb\",\"itemListElement\":[{\"@type\":\"ListItem\",\"position\":1,\"name\":\"Home\",\"item\":\"https:\/\/fumot.uk\/\"},{\"@type\":\"ListItem\",\"position\":2,\"name\":\"Shop\",\"item\":\"https:\/\/fumot.uk\/shop\/\"},{\"@type\":\"ListItem\",\"position\":3,\"name\":\"UZY 6-in-1 150000 Puffs Disposable Vape (Peach Ice \/ Two Apple \/ Triple Mango) \u2013 64ml, 650mAh, Display\"}]},{\"@type\":\"WebSite\",\"@id\":\"https:\/\/fumot.uk\/#website\",\"url\":\"https:\/\/fumot.uk\/\",\"name\":\"Fumot Official Direct | Straight from the Factory, 100% Genuine\",\"description\":\"Official Website\",\"publisher\":{\"@id\":\"https:\/\/fumot.uk\/#organization\"},\"potentialAction\":[{\"@type\":\"SearchAction\",\"target\":{\"@type\":\"EntryPoint\",\"urlTemplate\":\"https:\/\/fumot.uk\/?s={search_term_string}\"},\"query-input\":{\"@type\":\"PropertyValueSpecification\",\"valueRequired\":true,\"valueName\":\"search_term_string\"}}],\"inLanguage\":\"de\"},{\"@type\":\"Organization\",\"@id\":\"https:\/\/fumot.uk\/#organization\",\"name\":\"Fumot Official Direct | Straight from the Factory, 100% Genuine\",\"url\":\"https:\/\/fumot.uk\/\",\"logo\":{\"@type\":\"ImageObject\",\"inLanguage\":\"de\",\"@id\":\"https:\/\/fumot.uk\/#\/schema\/logo\/image\/\",\"url\":\"https:\/\/fumot.uk\/wp-content\/uploads\/2026\/01\/cropped-fumot-logo1.png\",\"contentUrl\":\"https:\/\/fumot.uk\/wp-content\/uploads\/2026\/01\/cropped-fumot-logo1.png\",\"width\":152,\"height\":106,\"caption\":\"Fumot Official Direct | Straight from the Factory, 100% Genuine\"},\"image\":{\"@id\":\"https:\/\/fumot.uk\/#\/schema\/logo\/image\/\"}}]}<\/script>\n<!-- \/ Yoast SEO plugin. -->","yoast_head_json":{"title":"UZY 6-in-1 150000 Z\u00fcge Pfirsich Eis Zwei Apfel Mango","description":"UZY 6-in-1 150000 Puffs Einweg-E-Zigaretten: Pfirsich Eis, Zwei Apfel, Dreifach Mango + Kombi-Mischungen. 64ml, 650mAh wiederaufladbar, Display, Quad Mesh Coil.","robots":{"index":"index","follow":"follow","max-snippet":"max-snippet:-1","max-image-preview":"max-image-preview:large","max-video-preview":"max-video-preview:-1"},"canonical":"https:\/\/fumot.uk\/de\/product\/uzy-6-in-1-150000-puffs-peach-ice-two-apple-triple-mango\/","og_locale":"de_DE","og_type":"article","og_title":"UZY 6-in-1 150000 Puffs \u2013 Peach Ice \/ Two Apple \/ Triple Mango","og_description":"Switch between 3 fruit flavours or pair two for extra blends. 64ml, Quad Mesh Coil, rechargeable 650mAh and a handy display\u2014available at fumot.uk.","og_url":"https:\/\/fumot.uk\/de\/product\/uzy-6-in-1-150000-puffs-peach-ice-two-apple-triple-mango\/","og_site_name":"Fumot Official Direct | Straight from the Factory, 100% Genuine","article_modified_time":"2026-01-20T09:03:30+00:00","og_image":[{"width":1024,"height":1024,"url":"https:\/\/fumot.uk\/wp-content\/uploads\/2026\/01\/UZY-6-IN-1-150000-Puffs-peach-ice-two-apple-triple-mango-disposable-vape-ultravape-scaled-1-1024x1024.png","type":"image\/png"}],"twitter_card":"summary_large_image","twitter_misc":{"Gesch\u00e4tzte Lesezeit":"2\u00a0Minuten"},"schema":{"@context":"https:\/\/schema.org","@graph":[{"@type":"WebPage","@id":"https:\/\/fumot.uk\/product\/uzy-6-in-1-150000-puffs-peach-ice-two-apple-triple-mango\/","url":"https:\/\/fumot.uk\/product\/uzy-6-in-1-150000-puffs-peach-ice-two-apple-triple-mango\/","name":"UZY 6-in-1 150000 Z\u00fcge Pfirsich Eis Zwei Apfel Mango","isPartOf":{"@id":"https:\/\/fumot.uk\/#website"},"primaryImageOfPage":{"@id":"https:\/\/fumot.uk\/product\/uzy-6-in-1-150000-puffs-peach-ice-two-apple-triple-mango\/#primaryimage"},"image":{"@id":"https:\/\/fumot.uk\/product\/uzy-6-in-1-150000-puffs-peach-ice-two-apple-triple-mango\/#primaryimage"},"thumbnailUrl":"https:\/\/fumot.uk\/wp-content\/uploads\/2026\/01\/UZY-6-IN-1-150000-Puffs-peach-ice-two-apple-triple-mango-disposable-vape-ultravape-scaled-1.png","datePublished":"2026-01-20T08:28:48+00:00","dateModified":"2026-01-20T09:03:30+00:00","description":"UZY 6-in-1 150000 Puffs Einweg-E-Zigaretten: Pfirsich Eis, Zwei Apfel, Dreifach Mango + Kombi-Mischungen. 64ml, 650mAh wiederaufladbar, Display, Quad Mesh Coil.","breadcrumb":{"@id":"https:\/\/fumot.uk\/product\/uzy-6-in-1-150000-puffs-peach-ice-two-apple-triple-mango\/#breadcrumb"},"inLanguage":"de","potentialAction":[{"@type":"ReadAction","target":["https:\/\/fumot.uk\/product\/uzy-6-in-1-150000-puffs-peach-ice-two-apple-triple-mango\/"]}]},{"@type":"ImageObject","inLanguage":"de","@id":"https:\/\/fumot.uk\/product\/uzy-6-in-1-150000-puffs-peach-ice-two-apple-triple-mango\/#primaryimage","url":"https:\/\/fumot.uk\/wp-content\/uploads\/2026\/01\/UZY-6-IN-1-150000-Puffs-peach-ice-two-apple-triple-mango-disposable-vape-ultravape-scaled-1.png","contentUrl":"https:\/\/fumot.uk\/wp-content\/uploads\/2026\/01\/UZY-6-IN-1-150000-Puffs-peach-ice-two-apple-triple-mango-disposable-vape-ultravape-scaled-1.png","width":2560,"height":2560},{"@type":"BreadcrumbList","@id":"https:\/\/fumot.uk\/product\/uzy-6-in-1-150000-puffs-peach-ice-two-apple-triple-mango\/#breadcrumb","itemListElement":[{"@type":"ListItem","position":1,"name":"Home","item":"https:\/\/fumot.uk\/"},{"@type":"ListItem","position":2,"name":"Shop","item":"https:\/\/fumot.uk\/shop\/"},{"@type":"ListItem","position":3,"name":"UZY 6-in-1 150000 Puffs Disposable Vape (Peach Ice \/ Two Apple \/ Triple Mango) \u2013 64ml, 650mAh, Display"}]},{"@type":"WebSite","@id":"https:\/\/fumot.uk\/#website","url":"https:\/\/fumot.uk\/","name":"Fumot Offizieller Direkt | Direkt aus der Fabrik, 100% Original","description":"Offizielle Webseite","publisher":{"@id":"https:\/\/fumot.uk\/#organization"},"potentialAction":[{"@type":"SearchAction","target":{"@type":"EntryPoint","urlTemplate":"https:\/\/fumot.uk\/?s={search_term_string}"},"query-input":{"@type":"PropertyValueSpecification","valueRequired":true,"valueName":"search_term_string"}}],"inLanguage":"de"},{"@type":"Organization","@id":"https:\/\/fumot.uk\/#organization","name":"Fumot Offizieller Direkt | Direkt aus der Fabrik, 100% Original","url":"https:\/\/fumot.uk\/","logo":{"@type":"ImageObject","inLanguage":"de","@id":"https:\/\/fumot.uk\/#\/schema\/logo\/image\/","url":"https:\/\/fumot.uk\/wp-content\/uploads\/2026\/01\/cropped-fumot-logo1.png","contentUrl":"https:\/\/fumot.uk\/wp-content\/uploads\/2026\/01\/cropped-fumot-logo1.png","width":152,"height":106,"caption":"Fumot Official Direct | Straight from the Factory, 100% Genuine"},"image":{"@id":"https:\/\/fumot.uk\/#\/schema\/logo\/image\/"}}]}},"_links":{"self":[{"href":"https:\/\/fumot.uk\/de\/wp-json\/wp\/v2\/product\/2240","targetHints":{"allow":["GET"]}}],"collection":[{"href":"https:\/\/fumot.uk\/de\/wp-json\/wp\/v2\/product"}],"about":[{"href":"https:\/\/fumot.uk\/de\/wp-json\/wp\/v2\/types\/product"}],"replies":[{"embeddable":true,"href":"https:\/\/fumot.uk\/de\/wp-json\/wp\/v2\/comments?post=2240"}],"wp:featuredmedia":[{"embeddable":true,"href":"https:\/\/fumot.uk\/de\/wp-json\/wp\/v2\/media\/2270"}],"wp:attachment":[{"href":"https:\/\/fumot.uk\/de\/wp-json\/wp\/v2\/media?parent=2240"}],"wp:term":[{"taxonomy":"product_brand","embeddable":true,"href":"https:\/\/fumot.uk\/de\/wp-json\/wp\/v2\/product_brand?post=2240"},{"taxonomy":"product_cat","embeddable":true,"href":"https:\/\/fumot.uk\/de\/wp-json\/wp\/v2\/product_cat?post=2240"},{"taxonomy":"product_tag","embeddable":true,"href":"https:\/\/fumot.uk\/de\/wp-json\/wp\/v2\/product_tag?post=2240"}],"curies":[{"name":"wp","href":"https:\/\/api.w.org\/{rel}","templated":true}]}}