{"id":2231,"date":"2026-01-20T08:28:25","date_gmt":"2026-01-20T08:28:25","guid":{"rendered":"https:\/\/fumot.uk\/?post_type=product&#038;p=2231"},"modified":"2026-01-20T09:03:41","modified_gmt":"2026-01-20T09:03:41","slug":"uzy-6-in-1-150000-puffs-blueberry-raspberry-triple-melon-strawberry-ice","status":"publish","type":"product","link":"https:\/\/fumot.uk\/de\/product\/uzy-6-in-1-150000-puffs-blueberry-raspberry-triple-melon-strawberry-ice\/","title":{"rendered":"UZY 6-in-1 Einweg E-Zigaretten 150000 Z\u00fcge (64ml, 650mAh, Display) \u2013 Blaubeere Himbeere \/ Dreifach Melone \/ Erdbeer-Eis"},"content":{"rendered":"<h2>UZY 6-in-1 150000 Puffs \u2013 Blaubeere Himbeere \/ Dreifach Melone \/ Erdbeer Eis<\/h2>\n<p>Treffen Sie eine Geschmacksaufstellung, die f\u00fcr den t\u00e4glichen Wechsel gemacht ist: <b>Blaubeere Himbeere<\/b>, <b>Dreifach Melone<\/b>, und <b>Erdbeer Eis<\/b>\u2014eingebaut in die UZY <b>6-in-1<\/b> System, damit Sie genie\u00dfen k\u00f6nnen <b>jeden Geschmack f\u00fcr sich<\/b> oder freischalten <b>neue Duo-Mischungen<\/b> wann immer Sie m\u00f6chten. Entwickelt f\u00fcr eine sanfte, gleichm\u00e4\u00dfige Ausgabe mit <b>Vierfach Mesh Coil<\/b> Heizung, plus eine praktische <b>Display<\/b> und <b>wiederaufladbare 650mAh<\/b> Batterie.<\/p>\n<h3>Wie das 6-in-1-Geschmackssystem funktioniert<\/h3>\n<p>Die Kernidee ist einfach: Drei Basisgeschm\u00e4cker werden im Inneren des Ger\u00e4ts getrennt durch <b>Geschmacks-Trenntechnologie<\/b>. Sie k\u00f6nnen wechseln, um sie sauber zu schmecken, oder eine <b>Zwei-Geschmack-Kombination ausw\u00e4hlen<\/b> um ein sofortiges \u201cRemix\u201d-Profil zu erstellen\u2014das Ihnen bis zu <b>sechs Geschmackserlebnisse<\/b> aus einer Einweg-E-Zigaretten gibt.<\/p>\n<p>M\u00f6chten Sie mehr aus der Reihe erkunden? Durchsuchen Sie unsere Sammlung von <a href=\"https:\/\/fumot.uk\/de\/product-tag\/6-in-1-vape\/\">6-in-1 E-Zigaretten<\/a> auf fumot.uk.<\/p>\n<h3>Geschmacksnoten<\/h3>\n<h4>Blaubeere Himbeere<\/h4>\n<p>Ein ausgewogener Beerenklassiker: <b>tiefe Blaubeer-S\u00fc\u00dfe<\/b> auf den <b>helle, w\u00fcrzige Kante<\/b> der Himbeere. Reichhaltig, fruchtig und sauber\u2014gro\u00dfartig f\u00fcr den ganzt\u00e4gigen Gebrauch ohne schweres Gef\u00fchl.<\/p>\n<h4>Dreifach Melone<\/h4>\n<p>Ein saftiger Melonen-Cocktail mit einer abgerundeten S\u00fc\u00dfe. Inspiriert von einer Mischung aus <b>Wassermelone<\/b>, <b>Honigmelone<\/b>, und <b>Cantaloupe-Stil<\/b> Noten f\u00fcr ein sanftes, sommerliches Profil, das erfrischend bleibt.<\/p>\n<h4>Erdbeer Eis<\/h4>\n<p>Reife Erdbeer-S\u00fc\u00dfe, abgeschlossen mit einem <b>k\u00fchlen \u201cEis\u201d-Lift<\/b>. Die k\u00fchlende Note h\u00e4lt den Inhalationszug frisch und den Nachgeschmack hell\u2014ideal, wenn Sie ein frischeres Gef\u00fchl w\u00fcnschen.<\/p>\n<h3>Hauptmerkmale<\/h3>\n<ul>\n<li><b>Bis zu 150000 Z\u00fcge<\/b> (Verwendung variiert je nach Stil)<\/li>\n<li><b>6-in-1-Geschmackssystem<\/b>: 3 Basisgeschm\u00e4cker + Duo-Kombinationen<\/li>\n<li><b>Vierfach Mesh Coil<\/b> f\u00fcr gleichm\u00e4\u00dfige Heizung und konsistenten Geschmack<\/li>\n<li><b>64ml<\/b> E-Liquid-Kapazit\u00e4t<\/li>\n<li><b>650mAh wiederaufladbar<\/b> Batterie<\/li>\n<li><b>Display<\/b> f\u00fcr schnelle Status\u00fcberpr\u00fcfungen<\/li>\n<li>Nikotinoptionen: <b>0%<\/b>, <b>2%<\/b>, <b>3%<\/b>, <b>5%<\/b><\/li>\n<\/ul>\n<h3>F\u00fcr wen dieses Geschmacksset ist<\/h3>\n<ul>\n<li>Beerenliebhaber, die ein sanftes, ausgewogenes s\u00fc\u00df-saures Profil m\u00f6chten<\/li>\n<li>Fans von reinen Melonengeschm\u00e4ckern, die saftig und hell schmecken<\/li>\n<li>Jeder, der ein k\u00fchlendes Finish genie\u00dft, ohne die Frucht zu \u00fcbert\u00f6nen<\/li>\n<\/ul>\n<p><b>Kategorie:<\/b> 150000 Z\u00fcge, Einweg-E-Zigaretten, UZY 6-in-1 150000 Puffs<\/p>","protected":false},"excerpt":{"rendered":"<p>UZY 6-in-1 Einweg-E-Zigaretten mit bis zu 150000 Z\u00fcgen, 64ml Kapazit\u00e4t, 650mAh wiederaufladbare Batterie und Display. Geschmacksset: Blaubeere Himbeere \/ Dreifach Melone \/ Erdbeer-Eis. Genie\u00dfen Sie 3 reine Basisgeschm\u00e4cker oder wechseln Sie zu Duo-Mischungen \u00fcber das 6-in-1-Geschmackstrennungssystem. Nikotinoptionen: 0%, 2%, 3%, 5%.<\/p>","protected":false},"featured_media":2266,"comment_status":"open","ping_status":"closed","template":"","meta":[],"product_brand":[],"product_cat":[147,148,17],"product_tag":[84,70,85,71,149,150,131,33,23,29,78,133,34,26,37],"class_list":{"0":"post-2231","1":"product","2":"type-product","3":"status-publish","4":"has-post-thumbnail","6":"product_cat-150000-puff","7":"product_cat-uzy-6-in-1-150000-puffs","8":"product_cat-vape","9":"product_tag-0-nikotin","10":"product_tag-2-nikotin","11":"product_tag-3-nikotin","12":"product_tag-5-nikotin","13":"product_tag-6-in-1-vape","14":"product_tag-64ml","15":"product_tag-650mah","16":"product_tag-blueberry","17":"product_tag-display","18":"product_tag-ice","19":"product_tag-melon","20":"product_tag-quadruple-mesh-coil","21":"product_tag-raspberry","22":"product_tag-rechargeable","23":"product_tag-strawberry","25":"first","26":"instock","27":"sale","28":"shipping-taxable","29":"purchasable","30":"product-type-variable","31":"has-default-attributes"},"yoast_head":"<!-- This site is optimized with the Yoast SEO plugin v26.8 - https:\/\/yoast.com\/product\/yoast-seo-wordpress\/ -->\n<title>UZY 6-in-1 150000 Puffs \u2013 Blueberry Raspberry &amp; Melon<\/title>\n<meta name=\"description\" content=\"UZY 6-in-1 disposable vape: up to 150000 puffs, 64ml, 650mAh rechargeable, display, Quad Mesh Coil. Flavors: Blueberry Raspberry, Triple Melon, Strawberry Ice.\" \/>\n<meta name=\"robots\" content=\"index, follow, max-snippet:-1, max-image-preview:large, max-video-preview:-1\" \/>\n<link rel=\"canonical\" href=\"https:\/\/fumot.uk\/de\/product\/uzy-6-in-1-150000-puffs-blueberry-raspberry-triple-melon-strawberry-ice\/\" \/>\n<meta property=\"og:locale\" content=\"de_DE\" \/>\n<meta property=\"og:type\" content=\"article\" \/>\n<meta property=\"og:title\" content=\"UZY 6-in-1 150000 Puffs \u2013 Blueberry Raspberry \/ Triple Melon \/ Strawberry Ice\" \/>\n<meta property=\"og:description\" content=\"Switch between 3 fruit favorites or create duo blends. 64ml, 650mAh rechargeable, display, Quadruple Mesh Coil. Nicotine: 0\/2\/3\/5%.\" \/>\n<meta property=\"og:url\" content=\"https:\/\/fumot.uk\/de\/product\/uzy-6-in-1-150000-puffs-blueberry-raspberry-triple-melon-strawberry-ice\/\" \/>\n<meta property=\"og:site_name\" content=\"Fumot Official Direct | Straight from the Factory, 100% Genuine\" \/>\n<meta property=\"article:modified_time\" content=\"2026-01-20T09:03:41+00:00\" \/>\n<meta property=\"og:image\" content=\"https:\/\/fumot.uk\/wp-content\/uploads\/2026\/01\/UZY-6-IN-1-150000-Puffs-blueberry-raspberry-strawberry-ice-triple-melon-disposable-vape-ultravape-scaled-1-1024x1024.png\" \/>\n\t<meta property=\"og:image:width\" content=\"1024\" \/>\n\t<meta property=\"og:image:height\" content=\"1024\" \/>\n\t<meta property=\"og:image:type\" content=\"image\/png\" \/>\n<meta name=\"twitter:card\" content=\"summary_large_image\" \/>\n<meta name=\"twitter:label1\" content=\"Gesch\u00e4tzte Lesezeit\" \/>\n\t<meta name=\"twitter:data1\" content=\"2\u00a0Minuten\" \/>\n<script type=\"application\/ld+json\" class=\"yoast-schema-graph\">{\"@context\":\"https:\/\/schema.org\",\"@graph\":[{\"@type\":\"WebPage\",\"@id\":\"https:\/\/fumot.uk\/product\/uzy-6-in-1-150000-puffs-blueberry-raspberry-triple-melon-strawberry-ice\/\",\"url\":\"https:\/\/fumot.uk\/product\/uzy-6-in-1-150000-puffs-blueberry-raspberry-triple-melon-strawberry-ice\/\",\"name\":\"UZY 6-in-1 150000 Puffs \u2013 Blueberry Raspberry & Melon\",\"isPartOf\":{\"@id\":\"https:\/\/fumot.uk\/#website\"},\"primaryImageOfPage\":{\"@id\":\"https:\/\/fumot.uk\/product\/uzy-6-in-1-150000-puffs-blueberry-raspberry-triple-melon-strawberry-ice\/#primaryimage\"},\"image\":{\"@id\":\"https:\/\/fumot.uk\/product\/uzy-6-in-1-150000-puffs-blueberry-raspberry-triple-melon-strawberry-ice\/#primaryimage\"},\"thumbnailUrl\":\"https:\/\/fumot.uk\/wp-content\/uploads\/2026\/01\/UZY-6-IN-1-150000-Puffs-blueberry-raspberry-strawberry-ice-triple-melon-disposable-vape-ultravape-scaled-1.png\",\"datePublished\":\"2026-01-20T08:28:25+00:00\",\"dateModified\":\"2026-01-20T09:03:41+00:00\",\"description\":\"UZY 6-in-1 disposable vape: up to 150000 puffs, 64ml, 650mAh rechargeable, display, Quad Mesh Coil. Flavors: Blueberry Raspberry, Triple Melon, Strawberry Ice.\",\"breadcrumb\":{\"@id\":\"https:\/\/fumot.uk\/product\/uzy-6-in-1-150000-puffs-blueberry-raspberry-triple-melon-strawberry-ice\/#breadcrumb\"},\"inLanguage\":\"de\",\"potentialAction\":[{\"@type\":\"ReadAction\",\"target\":[\"https:\/\/fumot.uk\/product\/uzy-6-in-1-150000-puffs-blueberry-raspberry-triple-melon-strawberry-ice\/\"]}]},{\"@type\":\"ImageObject\",\"inLanguage\":\"de\",\"@id\":\"https:\/\/fumot.uk\/product\/uzy-6-in-1-150000-puffs-blueberry-raspberry-triple-melon-strawberry-ice\/#primaryimage\",\"url\":\"https:\/\/fumot.uk\/wp-content\/uploads\/2026\/01\/UZY-6-IN-1-150000-Puffs-blueberry-raspberry-strawberry-ice-triple-melon-disposable-vape-ultravape-scaled-1.png\",\"contentUrl\":\"https:\/\/fumot.uk\/wp-content\/uploads\/2026\/01\/UZY-6-IN-1-150000-Puffs-blueberry-raspberry-strawberry-ice-triple-melon-disposable-vape-ultravape-scaled-1.png\",\"width\":2560,\"height\":2560},{\"@type\":\"BreadcrumbList\",\"@id\":\"https:\/\/fumot.uk\/product\/uzy-6-in-1-150000-puffs-blueberry-raspberry-triple-melon-strawberry-ice\/#breadcrumb\",\"itemListElement\":[{\"@type\":\"ListItem\",\"position\":1,\"name\":\"Home\",\"item\":\"https:\/\/fumot.uk\/\"},{\"@type\":\"ListItem\",\"position\":2,\"name\":\"Shop\",\"item\":\"https:\/\/fumot.uk\/shop\/\"},{\"@type\":\"ListItem\",\"position\":3,\"name\":\"UZY 6-in-1 Disposable Vape 150000 Puffs (64ml, 650mAh, Display) \u2013 Blueberry Raspberry \/ Triple Melon \/ Strawberry Ice\"}]},{\"@type\":\"WebSite\",\"@id\":\"https:\/\/fumot.uk\/#website\",\"url\":\"https:\/\/fumot.uk\/\",\"name\":\"Fumot Official Direct | Straight from the Factory, 100% Genuine\",\"description\":\"Official Website\",\"publisher\":{\"@id\":\"https:\/\/fumot.uk\/#organization\"},\"potentialAction\":[{\"@type\":\"SearchAction\",\"target\":{\"@type\":\"EntryPoint\",\"urlTemplate\":\"https:\/\/fumot.uk\/?s={search_term_string}\"},\"query-input\":{\"@type\":\"PropertyValueSpecification\",\"valueRequired\":true,\"valueName\":\"search_term_string\"}}],\"inLanguage\":\"de\"},{\"@type\":\"Organization\",\"@id\":\"https:\/\/fumot.uk\/#organization\",\"name\":\"Fumot Official Direct | Straight from the Factory, 100% Genuine\",\"url\":\"https:\/\/fumot.uk\/\",\"logo\":{\"@type\":\"ImageObject\",\"inLanguage\":\"de\",\"@id\":\"https:\/\/fumot.uk\/#\/schema\/logo\/image\/\",\"url\":\"https:\/\/fumot.uk\/wp-content\/uploads\/2026\/01\/cropped-fumot-logo1.png\",\"contentUrl\":\"https:\/\/fumot.uk\/wp-content\/uploads\/2026\/01\/cropped-fumot-logo1.png\",\"width\":152,\"height\":106,\"caption\":\"Fumot Official Direct | Straight from the Factory, 100% Genuine\"},\"image\":{\"@id\":\"https:\/\/fumot.uk\/#\/schema\/logo\/image\/\"}}]}<\/script>\n<!-- \/ Yoast SEO plugin. -->","yoast_head_json":{"title":"UZY 6-in-1 150000 Z\u00fcge \u2013 Blaubeere Himbeere &amp; Melone","description":"UZY 6-in-1 Einweg-E-Zigaretten: bis zu 150000 Z\u00fcge, 64ml, 650mAh wiederaufladbar, Display, Quad Mesh Coil. Geschmacksrichtungen: Blaubeere Himbeere, Dreifach Melone, Erdbeer Eis.","robots":{"index":"index","follow":"follow","max-snippet":"max-snippet:-1","max-image-preview":"max-image-preview:large","max-video-preview":"max-video-preview:-1"},"canonical":"https:\/\/fumot.uk\/de\/product\/uzy-6-in-1-150000-puffs-blueberry-raspberry-triple-melon-strawberry-ice\/","og_locale":"de_DE","og_type":"article","og_title":"UZY 6-in-1 150000 Puffs \u2013 Blueberry Raspberry \/ Triple Melon \/ Strawberry Ice","og_description":"Switch between 3 fruit favorites or create duo blends. 64ml, 650mAh rechargeable, display, Quadruple Mesh Coil. Nicotine: 0\/2\/3\/5%.","og_url":"https:\/\/fumot.uk\/de\/product\/uzy-6-in-1-150000-puffs-blueberry-raspberry-triple-melon-strawberry-ice\/","og_site_name":"Fumot Official Direct | Straight from the Factory, 100% Genuine","article_modified_time":"2026-01-20T09:03:41+00:00","og_image":[{"width":1024,"height":1024,"url":"https:\/\/fumot.uk\/wp-content\/uploads\/2026\/01\/UZY-6-IN-1-150000-Puffs-blueberry-raspberry-strawberry-ice-triple-melon-disposable-vape-ultravape-scaled-1-1024x1024.png","type":"image\/png"}],"twitter_card":"summary_large_image","twitter_misc":{"Gesch\u00e4tzte Lesezeit":"2\u00a0Minuten"},"schema":{"@context":"https:\/\/schema.org","@graph":[{"@type":"WebPage","@id":"https:\/\/fumot.uk\/product\/uzy-6-in-1-150000-puffs-blueberry-raspberry-triple-melon-strawberry-ice\/","url":"https:\/\/fumot.uk\/product\/uzy-6-in-1-150000-puffs-blueberry-raspberry-triple-melon-strawberry-ice\/","name":"UZY 6-in-1 150000 Z\u00fcge \u2013 Blaubeere Himbeere &amp; Melone","isPartOf":{"@id":"https:\/\/fumot.uk\/#website"},"primaryImageOfPage":{"@id":"https:\/\/fumot.uk\/product\/uzy-6-in-1-150000-puffs-blueberry-raspberry-triple-melon-strawberry-ice\/#primaryimage"},"image":{"@id":"https:\/\/fumot.uk\/product\/uzy-6-in-1-150000-puffs-blueberry-raspberry-triple-melon-strawberry-ice\/#primaryimage"},"thumbnailUrl":"https:\/\/fumot.uk\/wp-content\/uploads\/2026\/01\/UZY-6-IN-1-150000-Puffs-blueberry-raspberry-strawberry-ice-triple-melon-disposable-vape-ultravape-scaled-1.png","datePublished":"2026-01-20T08:28:25+00:00","dateModified":"2026-01-20T09:03:41+00:00","description":"UZY 6-in-1 Einweg-E-Zigaretten: bis zu 150000 Z\u00fcge, 64ml, 650mAh wiederaufladbar, Display, Quad Mesh Coil. Geschmacksrichtungen: Blaubeere Himbeere, Dreifach Melone, Erdbeer Eis.","breadcrumb":{"@id":"https:\/\/fumot.uk\/product\/uzy-6-in-1-150000-puffs-blueberry-raspberry-triple-melon-strawberry-ice\/#breadcrumb"},"inLanguage":"de","potentialAction":[{"@type":"ReadAction","target":["https:\/\/fumot.uk\/product\/uzy-6-in-1-150000-puffs-blueberry-raspberry-triple-melon-strawberry-ice\/"]}]},{"@type":"ImageObject","inLanguage":"de","@id":"https:\/\/fumot.uk\/product\/uzy-6-in-1-150000-puffs-blueberry-raspberry-triple-melon-strawberry-ice\/#primaryimage","url":"https:\/\/fumot.uk\/wp-content\/uploads\/2026\/01\/UZY-6-IN-1-150000-Puffs-blueberry-raspberry-strawberry-ice-triple-melon-disposable-vape-ultravape-scaled-1.png","contentUrl":"https:\/\/fumot.uk\/wp-content\/uploads\/2026\/01\/UZY-6-IN-1-150000-Puffs-blueberry-raspberry-strawberry-ice-triple-melon-disposable-vape-ultravape-scaled-1.png","width":2560,"height":2560},{"@type":"BreadcrumbList","@id":"https:\/\/fumot.uk\/product\/uzy-6-in-1-150000-puffs-blueberry-raspberry-triple-melon-strawberry-ice\/#breadcrumb","itemListElement":[{"@type":"ListItem","position":1,"name":"Home","item":"https:\/\/fumot.uk\/"},{"@type":"ListItem","position":2,"name":"Shop","item":"https:\/\/fumot.uk\/shop\/"},{"@type":"ListItem","position":3,"name":"UZY 6-in-1 Disposable Vape 150000 Puffs (64ml, 650mAh, Display) \u2013 Blueberry Raspberry \/ Triple Melon \/ Strawberry Ice"}]},{"@type":"WebSite","@id":"https:\/\/fumot.uk\/#website","url":"https:\/\/fumot.uk\/","name":"Fumot Offizieller Direkt | Direkt aus der Fabrik, 100% Original","description":"Offizielle Webseite","publisher":{"@id":"https:\/\/fumot.uk\/#organization"},"potentialAction":[{"@type":"SearchAction","target":{"@type":"EntryPoint","urlTemplate":"https:\/\/fumot.uk\/?s={search_term_string}"},"query-input":{"@type":"PropertyValueSpecification","valueRequired":true,"valueName":"search_term_string"}}],"inLanguage":"de"},{"@type":"Organization","@id":"https:\/\/fumot.uk\/#organization","name":"Fumot Offizieller Direkt | Direkt aus der Fabrik, 100% Original","url":"https:\/\/fumot.uk\/","logo":{"@type":"ImageObject","inLanguage":"de","@id":"https:\/\/fumot.uk\/#\/schema\/logo\/image\/","url":"https:\/\/fumot.uk\/wp-content\/uploads\/2026\/01\/cropped-fumot-logo1.png","contentUrl":"https:\/\/fumot.uk\/wp-content\/uploads\/2026\/01\/cropped-fumot-logo1.png","width":152,"height":106,"caption":"Fumot Official Direct | Straight from the Factory, 100% Genuine"},"image":{"@id":"https:\/\/fumot.uk\/#\/schema\/logo\/image\/"}}]}},"_links":{"self":[{"href":"https:\/\/fumot.uk\/de\/wp-json\/wp\/v2\/product\/2231","targetHints":{"allow":["GET"]}}],"collection":[{"href":"https:\/\/fumot.uk\/de\/wp-json\/wp\/v2\/product"}],"about":[{"href":"https:\/\/fumot.uk\/de\/wp-json\/wp\/v2\/types\/product"}],"replies":[{"embeddable":true,"href":"https:\/\/fumot.uk\/de\/wp-json\/wp\/v2\/comments?post=2231"}],"wp:featuredmedia":[{"embeddable":true,"href":"https:\/\/fumot.uk\/de\/wp-json\/wp\/v2\/media\/2266"}],"wp:attachment":[{"href":"https:\/\/fumot.uk\/de\/wp-json\/wp\/v2\/media?parent=2231"}],"wp:term":[{"taxonomy":"product_brand","embeddable":true,"href":"https:\/\/fumot.uk\/de\/wp-json\/wp\/v2\/product_brand?post=2231"},{"taxonomy":"product_cat","embeddable":true,"href":"https:\/\/fumot.uk\/de\/wp-json\/wp\/v2\/product_cat?post=2231"},{"taxonomy":"product_tag","embeddable":true,"href":"https:\/\/fumot.uk\/de\/wp-json\/wp\/v2\/product_tag?post=2231"}],"curies":[{"name":"wp","href":"https:\/\/api.w.org\/{rel}","templated":true}]}}