{"id":2230,"date":"2026-01-20T08:28:25","date_gmt":"2026-01-20T08:28:25","guid":{"rendered":"https:\/\/fumot.uk\/?post_type=product&#038;p=2230"},"modified":"2026-01-20T09:03:39","modified_gmt":"2026-01-20T09:03:39","slug":"uzy-6-in-1-150000-puffs-grape-ice-mango-peach-blueberry-watermelon","status":"publish","type":"product","link":"https:\/\/fumot.uk\/de\/product\/uzy-6-in-1-150000-puffs-grape-ice-mango-peach-blueberry-watermelon\/","title":{"rendered":"UZY 6-in-1 150000 Z\u00fcge Einweg E-Zigaretten \u2013 Traube Eis \/ Mango Pfirsich \/ Blaubeere Wassermelone (64ml, Display, Wiederaufladbar 650mAh)"},"content":{"rendered":"<h2>UZY 6-in-1 150000 Z\u00fcge \u2013 3 Geschmacksrichtungen, Bis zu 6 Geschmackswege<\/h2>\n<p>Treffen Sie die <strong>UZY 6-in-1 150000 Z\u00fcge<\/strong> in einem fruchtbetonten Trio: <strong>Traube Eis<\/strong>, <strong>Mango Pfirsich<\/strong>, und <strong>Blaubeere Wassermelone<\/strong>. Basierend auf UZYs charakteristischer <strong>6-Geschmack-System<\/strong> und <strong>Geschmacks-Trenntechnologie<\/strong>, k\u00f6nnen Sie jeden Basisgeschmack f\u00fcr sich genie\u00dfen oder zu einer gepaarten Mischung wechseln f\u00fcr ein sofort anderes Profil\u2014frisch, sauber und durchgehend gleichm\u00e4\u00dfig von Anfang bis Ende.<\/p>\n<h3>Geschmacksprofil: Traube Eis \/ Mango Pfirsich \/ Blaubeere Wassermelone<\/h3>\n<ul>\n<li><strong>Traube Eis<\/strong> \u2013 Reife Traubens\u00fc\u00dfe mit einem knackigen, k\u00fchlenden Abschluss f\u00fcr einen hellen, erfrischenden Zug.<\/li>\n<li><strong>Mango Pfirsich<\/strong> \u2013 Tropische Mangoreichtum, ausgeglichen durch weichen, saftigen Pfirsich f\u00fcr eine runde und zufriedenstellende Fruchtmischung.<\/li>\n<li><strong>Blaubeere Wassermelone<\/strong> \u2013 Leichte Blaubeers\u00e4ure, geschichtet \u00fcber saubere Wassermelonenfrische f\u00fcr einen einfachen, ganzt\u00e4gigen Stil E-Zigaretten.<\/li>\n<\/ul>\n<h3>Wie das 6-in-1 Erlebnis funktioniert<\/h3>\n<p>Die Innovation ist die <strong>6-Geschmack-System<\/strong>: mit drei verf\u00fcgbaren Kernaromen l\u00e4sst das Ger\u00e4t Sie diese <strong>getrennt und rein<\/strong> oder erstellen <strong>Paar-Kombinationen<\/strong> auf Abruf\u2014gibt Ihnen Vielfalt ohne verwischten Geschmack. Das Ergebnis ist eine klarere Geschmacksnote und ein lustiges, abwechslungsreiches Erlebnis, wann immer Sie etwas Neues m\u00f6chten.<\/p>\n<h3>Entwickelt f\u00fcr konsistenten Geschmack<\/h3>\n<ul>\n<li><strong>Vierfach Mesh Coil<\/strong> \u2013 Vier Mesh-Heizkerne arbeiten zusammen f\u00fcr gleichm\u00e4\u00dfige W\u00e4rme und stabile Ausgabe.<\/li>\n<li><strong>64ml Kapazit\u00e4t<\/strong> \u2013 Entwickelt f\u00fcr l\u00e4ngeren Gebrauch \u00fcber Ihre gew\u00e4hlten Geschmacksrichtungen hinweg.<\/li>\n<li><strong>Wiederaufladbar 650mAh<\/strong> \u2013 Praktisches Aufladen f\u00fcr l\u00e4ngere Sitzungen.<\/li>\n<li><strong>Display<\/strong> \u2013 Klare, auf einen Blick sichtbare Kontrolle f\u00fcr ein besser kontrolliertes t\u00e4gliches Erlebnis.<\/li>\n<\/ul>\n<h3>Nikotinoptionen<\/h3>\n<p>Erh\u00e4ltlich in <strong>0%<\/strong>, <strong>2%<\/strong>, <strong>3%<\/strong>, und <strong>5%<\/strong> Nikotinst\u00e4rken (Auswahl variiert je nach Bestand).<\/p>\n<h3>Warum dieses Geschmacksset?<\/h3>\n<p>Wenn Sie <strong>eisige Frucht<\/strong>, <strong>tropische Sanftheit<\/strong>, und <strong>frische Beeren-Melone<\/strong> T\u00f6ne, dieses Trio deckt mehrere Stimmungen ab\u2014k\u00fchl und knackig, cremig und tropisch oder sauber und saftig\u2014ohne mehrere Ger\u00e4te zu ben\u00f6tigen.<\/p>\n<p><strong>Entdecken Sie mehr UZY Optionen:<\/strong> <a href=\"https:\/\/fumot.uk\/de\/\" target=\"_blank\" rel=\"noopener\">fumot.uk<\/a><\/p>\n<hr \/>\n<p><strong>Kategorie:<\/strong> 150000 Z\u00fcge, Einweg E-Zigaretten, UZY 6-in-1 150000 Z\u00fcge<br \/>\n<strong>Tags:<\/strong> 6 in 1 E-Zigaretten, 150000 Z\u00fcge, Einweg E-Zigaretten, UZY, 64ml, 650mah, wiederaufladbar, Display, vierfacher Mesh-Coil, Traube Eis, Mango Pfirsich, Blaubeere Wassermelone, 0% 2% 3% 5% Nikotin<\/p>","protected":false},"excerpt":{"rendered":"<p>UZY 6-in-1 150000 Z\u00fcge Einweg-E-Zigaretten mit Grape Ice, Mango Peach und Blueberry Watermelon. Die Geschmacksseparationstechnologie erm\u00f6glicht es Ihnen, jeden Geschmack sauber zu genie\u00dfen oder in gepaarte Mischungen f\u00fcr zus\u00e4tzliche Vielfalt zu wechseln. Vierfach-Mesh-Spule, 64ml, Display, wiederaufladbar 650mAh. Nikotinoptionen: 0%, 2%, 3%, 5%.<\/p>","protected":false},"featured_media":2265,"comment_status":"open","ping_status":"closed","template":"","meta":[],"product_brand":[],"product_cat":[147,148,17],"product_tag":[84,70,85,71,149,150,131,33,23,39,29,42,30,133,26,32],"class_list":{"0":"post-2230","1":"product","2":"type-product","3":"status-publish","4":"has-post-thumbnail","6":"product_cat-150000-puff","7":"product_cat-uzy-6-in-1-150000-puffs","8":"product_cat-vape","9":"product_tag-0-nikotin","10":"product_tag-2-nikotin","11":"product_tag-3-nikotin","12":"product_tag-5-nikotin","13":"product_tag-6-in-1-vape","14":"product_tag-64ml","15":"product_tag-650mah","16":"product_tag-blueberry","17":"product_tag-display","18":"product_tag-grape","19":"product_tag-ice","20":"product_tag-mango","21":"product_tag-peach","22":"product_tag-quadruple-mesh-coil","23":"product_tag-rechargeable","24":"product_tag-watermelon","26":"first","27":"instock","28":"sale","29":"shipping-taxable","30":"purchasable","31":"product-type-variable","32":"has-default-attributes"},"yoast_head":"<!-- This site is optimized with the Yoast SEO plugin v26.8 - https:\/\/yoast.com\/product\/yoast-seo-wordpress\/ -->\n<title>UZY 6-in-1 150000 Puffs \u2013 Grape Ice Trio Vape<\/title>\n<meta name=\"description\" content=\"UZY 6-in-1 150000 Puffs with Grape Ice, Mango Peach &amp; Blueberry Watermelon. 64ml, display, rechargeable 650mAh, quad mesh. 0\u20135% nicotine.\" \/>\n<meta name=\"robots\" content=\"index, follow, max-snippet:-1, max-image-preview:large, max-video-preview:-1\" \/>\n<link rel=\"canonical\" href=\"https:\/\/fumot.uk\/de\/product\/uzy-6-in-1-150000-puffs-grape-ice-mango-peach-blueberry-watermelon\/\" \/>\n<meta property=\"og:locale\" content=\"de_DE\" \/>\n<meta property=\"og:type\" content=\"article\" \/>\n<meta property=\"og:title\" content=\"UZY 6-in-1 150000 Puffs \u2013 Grape Ice \/ Mango Peach \/ Blueberry Watermelon\" \/>\n<meta property=\"og:description\" content=\"Switch between 3 base flavors or paired blends with UZY\u2019s 6-in-1 system. 64ml, display, rechargeable 650mAh, quad mesh coil. 0\u20135% nicotine.\" \/>\n<meta property=\"og:url\" content=\"https:\/\/fumot.uk\/de\/product\/uzy-6-in-1-150000-puffs-grape-ice-mango-peach-blueberry-watermelon\/\" \/>\n<meta property=\"og:site_name\" content=\"Fumot Official Direct | Straight from the Factory, 100% Genuine\" \/>\n<meta property=\"article:modified_time\" content=\"2026-01-20T09:03:39+00:00\" \/>\n<meta property=\"og:image\" content=\"https:\/\/fumot.uk\/wp-content\/uploads\/2026\/01\/UZY-6-IN-1-150000-Puffs-grape-ice-mango-peach-blueberry-watermelon-disposable-vape-ultravape-scaled-1-1024x1024.png\" \/>\n\t<meta property=\"og:image:width\" content=\"1024\" \/>\n\t<meta property=\"og:image:height\" content=\"1024\" \/>\n\t<meta property=\"og:image:type\" content=\"image\/png\" \/>\n<meta name=\"twitter:card\" content=\"summary_large_image\" \/>\n<meta name=\"twitter:label1\" content=\"Gesch\u00e4tzte Lesezeit\" \/>\n\t<meta name=\"twitter:data1\" content=\"2\u00a0Minuten\" \/>\n<script type=\"application\/ld+json\" class=\"yoast-schema-graph\">{\"@context\":\"https:\/\/schema.org\",\"@graph\":[{\"@type\":\"WebPage\",\"@id\":\"https:\/\/fumot.uk\/product\/uzy-6-in-1-150000-puffs-grape-ice-mango-peach-blueberry-watermelon\/\",\"url\":\"https:\/\/fumot.uk\/product\/uzy-6-in-1-150000-puffs-grape-ice-mango-peach-blueberry-watermelon\/\",\"name\":\"UZY 6-in-1 150000 Puffs \u2013 Grape Ice Trio Vape\",\"isPartOf\":{\"@id\":\"https:\/\/fumot.uk\/#website\"},\"primaryImageOfPage\":{\"@id\":\"https:\/\/fumot.uk\/product\/uzy-6-in-1-150000-puffs-grape-ice-mango-peach-blueberry-watermelon\/#primaryimage\"},\"image\":{\"@id\":\"https:\/\/fumot.uk\/product\/uzy-6-in-1-150000-puffs-grape-ice-mango-peach-blueberry-watermelon\/#primaryimage\"},\"thumbnailUrl\":\"https:\/\/fumot.uk\/wp-content\/uploads\/2026\/01\/UZY-6-IN-1-150000-Puffs-grape-ice-mango-peach-blueberry-watermelon-disposable-vape-ultravape-scaled-1.png\",\"datePublished\":\"2026-01-20T08:28:25+00:00\",\"dateModified\":\"2026-01-20T09:03:39+00:00\",\"description\":\"UZY 6-in-1 150000 Puffs with Grape Ice, Mango Peach & Blueberry Watermelon. 64ml, display, rechargeable 650mAh, quad mesh. 0\u20135% nicotine.\",\"breadcrumb\":{\"@id\":\"https:\/\/fumot.uk\/product\/uzy-6-in-1-150000-puffs-grape-ice-mango-peach-blueberry-watermelon\/#breadcrumb\"},\"inLanguage\":\"de\",\"potentialAction\":[{\"@type\":\"ReadAction\",\"target\":[\"https:\/\/fumot.uk\/product\/uzy-6-in-1-150000-puffs-grape-ice-mango-peach-blueberry-watermelon\/\"]}]},{\"@type\":\"ImageObject\",\"inLanguage\":\"de\",\"@id\":\"https:\/\/fumot.uk\/product\/uzy-6-in-1-150000-puffs-grape-ice-mango-peach-blueberry-watermelon\/#primaryimage\",\"url\":\"https:\/\/fumot.uk\/wp-content\/uploads\/2026\/01\/UZY-6-IN-1-150000-Puffs-grape-ice-mango-peach-blueberry-watermelon-disposable-vape-ultravape-scaled-1.png\",\"contentUrl\":\"https:\/\/fumot.uk\/wp-content\/uploads\/2026\/01\/UZY-6-IN-1-150000-Puffs-grape-ice-mango-peach-blueberry-watermelon-disposable-vape-ultravape-scaled-1.png\",\"width\":2560,\"height\":2560},{\"@type\":\"BreadcrumbList\",\"@id\":\"https:\/\/fumot.uk\/product\/uzy-6-in-1-150000-puffs-grape-ice-mango-peach-blueberry-watermelon\/#breadcrumb\",\"itemListElement\":[{\"@type\":\"ListItem\",\"position\":1,\"name\":\"Home\",\"item\":\"https:\/\/fumot.uk\/\"},{\"@type\":\"ListItem\",\"position\":2,\"name\":\"Shop\",\"item\":\"https:\/\/fumot.uk\/shop\/\"},{\"@type\":\"ListItem\",\"position\":3,\"name\":\"UZY 6-in-1 150000 Puffs Disposable Vape \u2013 Grape Ice \/ Mango Peach \/ Blueberry Watermelon (64ml, Display, Rechargeable 650mAh)\"}]},{\"@type\":\"WebSite\",\"@id\":\"https:\/\/fumot.uk\/#website\",\"url\":\"https:\/\/fumot.uk\/\",\"name\":\"Fumot Official Direct | Straight from the Factory, 100% Genuine\",\"description\":\"Official Website\",\"publisher\":{\"@id\":\"https:\/\/fumot.uk\/#organization\"},\"potentialAction\":[{\"@type\":\"SearchAction\",\"target\":{\"@type\":\"EntryPoint\",\"urlTemplate\":\"https:\/\/fumot.uk\/?s={search_term_string}\"},\"query-input\":{\"@type\":\"PropertyValueSpecification\",\"valueRequired\":true,\"valueName\":\"search_term_string\"}}],\"inLanguage\":\"de\"},{\"@type\":\"Organization\",\"@id\":\"https:\/\/fumot.uk\/#organization\",\"name\":\"Fumot Official Direct | Straight from the Factory, 100% Genuine\",\"url\":\"https:\/\/fumot.uk\/\",\"logo\":{\"@type\":\"ImageObject\",\"inLanguage\":\"de\",\"@id\":\"https:\/\/fumot.uk\/#\/schema\/logo\/image\/\",\"url\":\"https:\/\/fumot.uk\/wp-content\/uploads\/2026\/01\/cropped-fumot-logo1.png\",\"contentUrl\":\"https:\/\/fumot.uk\/wp-content\/uploads\/2026\/01\/cropped-fumot-logo1.png\",\"width\":152,\"height\":106,\"caption\":\"Fumot Official Direct | Straight from the Factory, 100% Genuine\"},\"image\":{\"@id\":\"https:\/\/fumot.uk\/#\/schema\/logo\/image\/\"}}]}<\/script>\n<!-- \/ Yoast SEO plugin. -->","yoast_head_json":{"title":"UZY 6-in-1 150000 Puffs \u2013 Trauben-Eis-Trio E-Zigaretten","description":"UZY 6-in-1 150000 Z\u00fcge mit Traubeneis, Mango-Pfirsich &amp; Blaubeere-Wassermelone. 64ml, Display, wiederaufladbar 650mAh, Quad-Mesh. 0\u20135% Nikotin.","robots":{"index":"index","follow":"follow","max-snippet":"max-snippet:-1","max-image-preview":"max-image-preview:large","max-video-preview":"max-video-preview:-1"},"canonical":"https:\/\/fumot.uk\/de\/product\/uzy-6-in-1-150000-puffs-grape-ice-mango-peach-blueberry-watermelon\/","og_locale":"de_DE","og_type":"article","og_title":"UZY 6-in-1 150000 Puffs \u2013 Grape Ice \/ Mango Peach \/ Blueberry Watermelon","og_description":"Switch between 3 base flavors or paired blends with UZY\u2019s 6-in-1 system. 64ml, display, rechargeable 650mAh, quad mesh coil. 0\u20135% nicotine.","og_url":"https:\/\/fumot.uk\/de\/product\/uzy-6-in-1-150000-puffs-grape-ice-mango-peach-blueberry-watermelon\/","og_site_name":"Fumot Official Direct | Straight from the Factory, 100% Genuine","article_modified_time":"2026-01-20T09:03:39+00:00","og_image":[{"width":1024,"height":1024,"url":"https:\/\/fumot.uk\/wp-content\/uploads\/2026\/01\/UZY-6-IN-1-150000-Puffs-grape-ice-mango-peach-blueberry-watermelon-disposable-vape-ultravape-scaled-1-1024x1024.png","type":"image\/png"}],"twitter_card":"summary_large_image","twitter_misc":{"Gesch\u00e4tzte Lesezeit":"2\u00a0Minuten"},"schema":{"@context":"https:\/\/schema.org","@graph":[{"@type":"WebPage","@id":"https:\/\/fumot.uk\/product\/uzy-6-in-1-150000-puffs-grape-ice-mango-peach-blueberry-watermelon\/","url":"https:\/\/fumot.uk\/product\/uzy-6-in-1-150000-puffs-grape-ice-mango-peach-blueberry-watermelon\/","name":"UZY 6-in-1 150000 Puffs \u2013 Trauben-Eis-Trio E-Zigaretten","isPartOf":{"@id":"https:\/\/fumot.uk\/#website"},"primaryImageOfPage":{"@id":"https:\/\/fumot.uk\/product\/uzy-6-in-1-150000-puffs-grape-ice-mango-peach-blueberry-watermelon\/#primaryimage"},"image":{"@id":"https:\/\/fumot.uk\/product\/uzy-6-in-1-150000-puffs-grape-ice-mango-peach-blueberry-watermelon\/#primaryimage"},"thumbnailUrl":"https:\/\/fumot.uk\/wp-content\/uploads\/2026\/01\/UZY-6-IN-1-150000-Puffs-grape-ice-mango-peach-blueberry-watermelon-disposable-vape-ultravape-scaled-1.png","datePublished":"2026-01-20T08:28:25+00:00","dateModified":"2026-01-20T09:03:39+00:00","description":"UZY 6-in-1 150000 Z\u00fcge mit Traubeneis, Mango-Pfirsich &amp; Blaubeere-Wassermelone. 64ml, Display, wiederaufladbar 650mAh, Quad-Mesh. 0\u20135% Nikotin.","breadcrumb":{"@id":"https:\/\/fumot.uk\/product\/uzy-6-in-1-150000-puffs-grape-ice-mango-peach-blueberry-watermelon\/#breadcrumb"},"inLanguage":"de","potentialAction":[{"@type":"ReadAction","target":["https:\/\/fumot.uk\/product\/uzy-6-in-1-150000-puffs-grape-ice-mango-peach-blueberry-watermelon\/"]}]},{"@type":"ImageObject","inLanguage":"de","@id":"https:\/\/fumot.uk\/product\/uzy-6-in-1-150000-puffs-grape-ice-mango-peach-blueberry-watermelon\/#primaryimage","url":"https:\/\/fumot.uk\/wp-content\/uploads\/2026\/01\/UZY-6-IN-1-150000-Puffs-grape-ice-mango-peach-blueberry-watermelon-disposable-vape-ultravape-scaled-1.png","contentUrl":"https:\/\/fumot.uk\/wp-content\/uploads\/2026\/01\/UZY-6-IN-1-150000-Puffs-grape-ice-mango-peach-blueberry-watermelon-disposable-vape-ultravape-scaled-1.png","width":2560,"height":2560},{"@type":"BreadcrumbList","@id":"https:\/\/fumot.uk\/product\/uzy-6-in-1-150000-puffs-grape-ice-mango-peach-blueberry-watermelon\/#breadcrumb","itemListElement":[{"@type":"ListItem","position":1,"name":"Home","item":"https:\/\/fumot.uk\/"},{"@type":"ListItem","position":2,"name":"Shop","item":"https:\/\/fumot.uk\/shop\/"},{"@type":"ListItem","position":3,"name":"UZY 6-in-1 150000 Puffs Disposable Vape \u2013 Grape Ice \/ Mango Peach \/ Blueberry Watermelon (64ml, Display, Rechargeable 650mAh)"}]},{"@type":"WebSite","@id":"https:\/\/fumot.uk\/#website","url":"https:\/\/fumot.uk\/","name":"Fumot Offizieller Direkt | Direkt aus der Fabrik, 100% Original","description":"Offizielle Webseite","publisher":{"@id":"https:\/\/fumot.uk\/#organization"},"potentialAction":[{"@type":"SearchAction","target":{"@type":"EntryPoint","urlTemplate":"https:\/\/fumot.uk\/?s={search_term_string}"},"query-input":{"@type":"PropertyValueSpecification","valueRequired":true,"valueName":"search_term_string"}}],"inLanguage":"de"},{"@type":"Organization","@id":"https:\/\/fumot.uk\/#organization","name":"Fumot Offizieller Direkt | Direkt aus der Fabrik, 100% Original","url":"https:\/\/fumot.uk\/","logo":{"@type":"ImageObject","inLanguage":"de","@id":"https:\/\/fumot.uk\/#\/schema\/logo\/image\/","url":"https:\/\/fumot.uk\/wp-content\/uploads\/2026\/01\/cropped-fumot-logo1.png","contentUrl":"https:\/\/fumot.uk\/wp-content\/uploads\/2026\/01\/cropped-fumot-logo1.png","width":152,"height":106,"caption":"Fumot Official Direct | Straight from the Factory, 100% Genuine"},"image":{"@id":"https:\/\/fumot.uk\/#\/schema\/logo\/image\/"}}]}},"_links":{"self":[{"href":"https:\/\/fumot.uk\/de\/wp-json\/wp\/v2\/product\/2230","targetHints":{"allow":["GET"]}}],"collection":[{"href":"https:\/\/fumot.uk\/de\/wp-json\/wp\/v2\/product"}],"about":[{"href":"https:\/\/fumot.uk\/de\/wp-json\/wp\/v2\/types\/product"}],"replies":[{"embeddable":true,"href":"https:\/\/fumot.uk\/de\/wp-json\/wp\/v2\/comments?post=2230"}],"wp:featuredmedia":[{"embeddable":true,"href":"https:\/\/fumot.uk\/de\/wp-json\/wp\/v2\/media\/2265"}],"wp:attachment":[{"href":"https:\/\/fumot.uk\/de\/wp-json\/wp\/v2\/media?parent=2230"}],"wp:term":[{"taxonomy":"product_brand","embeddable":true,"href":"https:\/\/fumot.uk\/de\/wp-json\/wp\/v2\/product_brand?post=2230"},{"taxonomy":"product_cat","embeddable":true,"href":"https:\/\/fumot.uk\/de\/wp-json\/wp\/v2\/product_cat?post=2230"},{"taxonomy":"product_tag","embeddable":true,"href":"https:\/\/fumot.uk\/de\/wp-json\/wp\/v2\/product_tag?post=2230"}],"curies":[{"name":"wp","href":"https:\/\/api.w.org\/{rel}","templated":true}]}}