{"id":1698,"date":"2026-01-20T08:21:40","date_gmt":"2026-01-20T08:21:40","guid":{"rendered":"https:\/\/fumot.uk\/?post_type=product&#038;p=1698"},"modified":"2026-01-20T09:09:17","modified_gmt":"2026-01-20T09:09:17","slug":"uzy-crystal-4-in-1-100000-puffs-blueberry-ice-mango-peach-apricot-kiwi-passion-fruit-guava-white-peach-razz","status":"publish","type":"product","link":"https:\/\/fumot.uk\/de\/product\/uzy-crystal-4-in-1-100000-puffs-blueberry-ice-mango-peach-apricot-kiwi-passion-fruit-guava-white-peach-razz\/","title":{"rendered":"UZY Crystal 4-in-1 Einweg-E-Zigaretten 100000 Z\u00fcge (56ml, USB-C, LED) | Blaubeereis, Mango-Pfirsich-Aprikose, Kiwi-Passionsfrucht-Guave, Wei\u00dfer Pfirsich Razz"},"content":{"rendered":"<p><strong>UZY Crystal 4-in-1 100000 Z\u00fcge<\/strong> bringt ein frisches, kristallklares Aussehen zum Hochkapazit\u00e4ts-Vaping. Der transparente K\u00f6rper zeigt das durchdachte Innenlayout, w\u00e4hrend der <strong>4-Geschmack-Drehmundst\u00fcck<\/strong> l\u00e4sst Sie in Sekunden den Geschmack wechseln\u2014kein Ger\u00e4tetausch, kein Mischen von Aromen.<\/p>\n<p>Entwickelt f\u00fcr sanfte, gleichm\u00e4\u00dfige Z\u00fcge, verf\u00fcgt es \u00fcber ein <strong>Quad-Mesh-Coil-System (1,0\u03a9 \u00d7 4)<\/strong> um den Geschmack in allen vier Kammern frisch zu halten. Ein praktisches <strong>LED-Display<\/strong> h\u00e4lt wichtige Informationen auf einen Blick sichtbar, und der <strong>650mAh wiederaufladbare Batterie<\/strong> wird aufgeladen \u00fcber <strong>USB Typ\u2011C<\/strong> f\u00fcr den t\u00e4glichen Komfort.<\/p>\n<p>Entdecken Sie mehr in der <a href=\"https:\/\/fumot.uk\/de\/product-tag\/crystal-vape\/\">Crystal Vape Kollektion<\/a> auf fumot.uk.<\/p>\n<hr\/>\n<h3>Geschmacksset: Blaubeereis \u2022 Mango Pfirsich Aprikose \u2022 Kiwi Passionsfrucht Guave \u2022 Wei\u00dfer Pfirsich Razz<\/h3>\n<ul>\n<li><strong>Blaubeere Eis<\/strong> \u2014 Saftige Blaubeers\u00fc\u00dfe, abgerundet mit einem sauberen, k\u00fchlenden Hauch f\u00fcr einen hellen, erfrischenden Zug.<\/li>\n<li><strong>Mango Pfirsich Aprikose<\/strong> \u2014 Eine sanfte tropische Mischung, bei der reife Mango auf weichen Pfirsich und duftende Aprikose trifft.<\/li>\n<li><strong>Kiwi Passionsfrucht Guave<\/strong> \u2014 W\u00fcrzige Kiwi, geschichtet mit Passionsfrucht und Guave f\u00fcr ein kr\u00e4ftiges, exotisches Fruchtprofil.<\/li>\n<li><strong>Wei\u00dfer Pfirsich Himbeere<\/strong> \u2014 Cremige Noten von wei\u00dfem Pfirsich, ausbalanciert durch einen spritzigen Himbeer-Twist.<\/li>\n<\/ul>\n<p>Mit vier unterschiedlichen Profilen\u2014von eisigen Fr\u00fcchten bis zu \u00fcppigen Tropen\u2014liefert jede Drehung des Mundst\u00fccks eine neue Geschmacksrichtung, was diese <strong>4-in-1 Einweg-E-Zigaretten<\/strong> zu einer gro\u00dfartigen Wahl f\u00fcr alle macht, die Vielfalt m\u00f6gen, ohne mehrere Ger\u00e4te mit sich zu tragen.<\/p>\n<hr\/>\n<h3>UZY Crystal 4-in-1 100000 Z\u00fcge \u2014 Hauptmerkmale<\/h3>\n<ul>\n<li><strong>Z\u00fcge:<\/strong> Bis zu 100000<\/li>\n<li><strong>Geschmacksystem:<\/strong> 4-in-1 drehbares Mundst\u00fcck (vierfache Geschm\u00e4cker)<\/li>\n<li><strong>Spule:<\/strong> Quad-Mesh-Coil (1,0\u03a9 \u00d7 4)<\/li>\n<li><strong>E-Liquid Kapazit\u00e4t:<\/strong> 56ml<\/li>\n<li><strong>Nikotinoptionen:<\/strong> 0% \/ 2% \/ 3% \/ 5%<\/li>\n<li><strong>Batterie:<\/strong> 650mAh (wiederaufladbar)<\/li>\n<li><strong>Laden:<\/strong> USB Typ\u2011C<\/li>\n<li><strong>Display:<\/strong> LED-Anzeige \/ Intelligenter Bildschirm<\/li>\n<\/ul>\n<p><em>Hinweis:<\/em> Die Zuganzahl ist eine Sch\u00e4tzung und kann je nach Zugl\u00e4nge und Nutzungsgewohnheiten variieren.<\/p>","protected":false},"excerpt":{"rendered":"<p>UZY Crystal 4-in-1 Einweg-E-Zigaretten mit bis zu 100000 Z\u00fcgen, 56ml E-Liquid, Quad-Mesh-Spule, LED-Anzeige und USB-C-Ladung. Drehen Sie das Mundst\u00fcck, um zwischen Blaubeereis, Mango-Pfirsich-Aprikose, Kiwi-Passionsfrucht-Guave und Wei\u00dfer Pfirsich-Razz zu wechseln.<\/p>","protected":false},"featured_media":1752,"comment_status":"open","ping_status":"closed","template":"","meta":[],"product_brand":[],"product_cat":[127,128,17],"product_tag":[129,130,131,33,36,113,72,23,87,29,45,46,30,132,133,26,62,28],"class_list":{"0":"post-1698","1":"product","2":"type-product","3":"status-publish","4":"has-post-thumbnail","6":"product_cat-100000-puff","7":"product_cat-uzy-crystal-4-in-1-100000-puffs","8":"product_cat-vape","9":"product_tag-4-in-1-vape","10":"product_tag-56ml","11":"product_tag-650mah","12":"product_tag-blueberry","13":"product_tag-cherry","14":"product_tag-crystal-vape","15":"product_tag-direct-to-lung","16":"product_tag-display","17":"product_tag-guava","18":"product_tag-ice","19":"product_tag-kiwi","20":"product_tag-passion-fruit","21":"product_tag-peach","22":"product_tag-quad-flavors","23":"product_tag-quadruple-mesh-coil","24":"product_tag-rechargeable","25":"product_tag-sale-vape","26":"product_tag-type-c","28":"first","29":"instock","30":"sale","31":"shipping-taxable","32":"purchasable","33":"product-type-variable","34":"has-default-attributes"},"yoast_head":"<!-- This site is optimized with the Yoast SEO plugin v26.8 - https:\/\/yoast.com\/product\/yoast-seo-wordpress\/ -->\n<title>UZY Crystal 4-in-1 100000 Puffs | 4 Flavors, 56ml<\/title>\n<meta name=\"description\" content=\"UZY Crystal 4-in-1 disposable vape: up to 100000 puffs, 56ml, quad mesh coil, LED display, USB-C. 4 flavors: Blueberry Ice + 3 more.\" \/>\n<meta name=\"robots\" content=\"index, follow, max-snippet:-1, max-image-preview:large, max-video-preview:-1\" \/>\n<link rel=\"canonical\" href=\"https:\/\/fumot.uk\/de\/product\/uzy-crystal-4-in-1-100000-puffs-blueberry-ice-mango-peach-apricot-kiwi-passion-fruit-guava-white-peach-razz\/\" \/>\n<meta property=\"og:locale\" content=\"de_DE\" \/>\n<meta property=\"og:type\" content=\"article\" \/>\n<meta property=\"og:title\" content=\"UZY Crystal 4-in-1 100000 Puffs \u2014 4 Flavors in One\" \/>\n<meta property=\"og:description\" content=\"Switch flavors with a twist: Blueberry Ice, Mango Peach Apricot, Kiwi Passion Fruit Guava &amp; White Peach Razz. 56ml, quad mesh coil, LED, USB-C.\" \/>\n<meta property=\"og:url\" content=\"https:\/\/fumot.uk\/de\/product\/uzy-crystal-4-in-1-100000-puffs-blueberry-ice-mango-peach-apricot-kiwi-passion-fruit-guava-white-peach-razz\/\" \/>\n<meta property=\"og:site_name\" content=\"Fumot Official Direct | Straight from the Factory, 100% Genuine\" \/>\n<meta property=\"article:modified_time\" content=\"2026-01-20T09:09:17+00:00\" \/>\n<meta property=\"og:image\" content=\"https:\/\/fumot.uk\/wp-content\/uploads\/2026\/01\/UZY-Crystal-4-in-1-100000-Puffs-HeyVape-blueberry-ice-mango-peach-apricot-kiwi-passion-fruit-guava-white-peach-razz.jpg\" \/>\n\t<meta property=\"og:image:width\" content=\"2500\" \/>\n\t<meta property=\"og:image:height\" content=\"2500\" \/>\n\t<meta property=\"og:image:type\" content=\"image\/jpeg\" \/>\n<meta name=\"twitter:card\" content=\"summary_large_image\" \/>\n<meta name=\"twitter:label1\" content=\"Gesch\u00e4tzte Lesezeit\" \/>\n\t<meta name=\"twitter:data1\" content=\"2\u00a0Minuten\" \/>\n<script type=\"application\/ld+json\" class=\"yoast-schema-graph\">{\"@context\":\"https:\/\/schema.org\",\"@graph\":[{\"@type\":\"WebPage\",\"@id\":\"https:\/\/fumot.uk\/product\/uzy-crystal-4-in-1-100000-puffs-blueberry-ice-mango-peach-apricot-kiwi-passion-fruit-guava-white-peach-razz\/\",\"url\":\"https:\/\/fumot.uk\/product\/uzy-crystal-4-in-1-100000-puffs-blueberry-ice-mango-peach-apricot-kiwi-passion-fruit-guava-white-peach-razz\/\",\"name\":\"UZY Crystal 4-in-1 100000 Puffs | 4 Flavors, 56ml\",\"isPartOf\":{\"@id\":\"https:\/\/fumot.uk\/#website\"},\"primaryImageOfPage\":{\"@id\":\"https:\/\/fumot.uk\/product\/uzy-crystal-4-in-1-100000-puffs-blueberry-ice-mango-peach-apricot-kiwi-passion-fruit-guava-white-peach-razz\/#primaryimage\"},\"image\":{\"@id\":\"https:\/\/fumot.uk\/product\/uzy-crystal-4-in-1-100000-puffs-blueberry-ice-mango-peach-apricot-kiwi-passion-fruit-guava-white-peach-razz\/#primaryimage\"},\"thumbnailUrl\":\"https:\/\/fumot.uk\/wp-content\/uploads\/2026\/01\/UZY-Crystal-4-in-1-100000-Puffs-HeyVape-blueberry-ice-mango-peach-apricot-kiwi-passion-fruit-guava-white-peach-razz.jpg\",\"datePublished\":\"2026-01-20T08:21:40+00:00\",\"dateModified\":\"2026-01-20T09:09:17+00:00\",\"description\":\"UZY Crystal 4-in-1 disposable vape: up to 100000 puffs, 56ml, quad mesh coil, LED display, USB-C. 4 flavors: Blueberry Ice + 3 more.\",\"breadcrumb\":{\"@id\":\"https:\/\/fumot.uk\/product\/uzy-crystal-4-in-1-100000-puffs-blueberry-ice-mango-peach-apricot-kiwi-passion-fruit-guava-white-peach-razz\/#breadcrumb\"},\"inLanguage\":\"de\",\"potentialAction\":[{\"@type\":\"ReadAction\",\"target\":[\"https:\/\/fumot.uk\/product\/uzy-crystal-4-in-1-100000-puffs-blueberry-ice-mango-peach-apricot-kiwi-passion-fruit-guava-white-peach-razz\/\"]}]},{\"@type\":\"ImageObject\",\"inLanguage\":\"de\",\"@id\":\"https:\/\/fumot.uk\/product\/uzy-crystal-4-in-1-100000-puffs-blueberry-ice-mango-peach-apricot-kiwi-passion-fruit-guava-white-peach-razz\/#primaryimage\",\"url\":\"https:\/\/fumot.uk\/wp-content\/uploads\/2026\/01\/UZY-Crystal-4-in-1-100000-Puffs-HeyVape-blueberry-ice-mango-peach-apricot-kiwi-passion-fruit-guava-white-peach-razz.jpg\",\"contentUrl\":\"https:\/\/fumot.uk\/wp-content\/uploads\/2026\/01\/UZY-Crystal-4-in-1-100000-Puffs-HeyVape-blueberry-ice-mango-peach-apricot-kiwi-passion-fruit-guava-white-peach-razz.jpg\",\"width\":2500,\"height\":2500},{\"@type\":\"BreadcrumbList\",\"@id\":\"https:\/\/fumot.uk\/product\/uzy-crystal-4-in-1-100000-puffs-blueberry-ice-mango-peach-apricot-kiwi-passion-fruit-guava-white-peach-razz\/#breadcrumb\",\"itemListElement\":[{\"@type\":\"ListItem\",\"position\":1,\"name\":\"Home\",\"item\":\"https:\/\/fumot.uk\/\"},{\"@type\":\"ListItem\",\"position\":2,\"name\":\"Shop\",\"item\":\"https:\/\/fumot.uk\/shop\/\"},{\"@type\":\"ListItem\",\"position\":3,\"name\":\"UZY Crystal 4-in-1 Disposable Vape 100000 Puffs (56ml, USB-C, LED) | Blueberry Ice, Mango Peach Apricot, Kiwi Passion Fruit Guava, White Peach Razz\"}]},{\"@type\":\"WebSite\",\"@id\":\"https:\/\/fumot.uk\/#website\",\"url\":\"https:\/\/fumot.uk\/\",\"name\":\"Fumot Official Direct | Straight from the Factory, 100% Genuine\",\"description\":\"Official Website\",\"publisher\":{\"@id\":\"https:\/\/fumot.uk\/#organization\"},\"potentialAction\":[{\"@type\":\"SearchAction\",\"target\":{\"@type\":\"EntryPoint\",\"urlTemplate\":\"https:\/\/fumot.uk\/?s={search_term_string}\"},\"query-input\":{\"@type\":\"PropertyValueSpecification\",\"valueRequired\":true,\"valueName\":\"search_term_string\"}}],\"inLanguage\":\"de\"},{\"@type\":\"Organization\",\"@id\":\"https:\/\/fumot.uk\/#organization\",\"name\":\"Fumot Official Direct | Straight from the Factory, 100% Genuine\",\"url\":\"https:\/\/fumot.uk\/\",\"logo\":{\"@type\":\"ImageObject\",\"inLanguage\":\"de\",\"@id\":\"https:\/\/fumot.uk\/#\/schema\/logo\/image\/\",\"url\":\"https:\/\/fumot.uk\/wp-content\/uploads\/2026\/01\/cropped-fumot-logo1.png\",\"contentUrl\":\"https:\/\/fumot.uk\/wp-content\/uploads\/2026\/01\/cropped-fumot-logo1.png\",\"width\":152,\"height\":106,\"caption\":\"Fumot Official Direct | Straight from the Factory, 100% Genuine\"},\"image\":{\"@id\":\"https:\/\/fumot.uk\/#\/schema\/logo\/image\/\"}}]}<\/script>\n<!-- \/ Yoast SEO plugin. -->","yoast_head_json":{"title":"UZY Crystal 4-in-1 100000 Z\u00fcge | 4 Geschmacksrichtungen, 56ml","description":"UZY Crystal 4-in-1 Einweg-E-Zigaretten: bis zu 100000 Z\u00fcge, 56ml, Quad-Mesh-Spule, LED-Anzeige, USB-C. 4 Geschmacksrichtungen: Blaubeereis + 3 weitere.","robots":{"index":"index","follow":"follow","max-snippet":"max-snippet:-1","max-image-preview":"max-image-preview:large","max-video-preview":"max-video-preview:-1"},"canonical":"https:\/\/fumot.uk\/de\/product\/uzy-crystal-4-in-1-100000-puffs-blueberry-ice-mango-peach-apricot-kiwi-passion-fruit-guava-white-peach-razz\/","og_locale":"de_DE","og_type":"article","og_title":"UZY Crystal 4-in-1 100000 Puffs \u2014 4 Flavors in One","og_description":"Switch flavors with a twist: Blueberry Ice, Mango Peach Apricot, Kiwi Passion Fruit Guava & White Peach Razz. 56ml, quad mesh coil, LED, USB-C.","og_url":"https:\/\/fumot.uk\/de\/product\/uzy-crystal-4-in-1-100000-puffs-blueberry-ice-mango-peach-apricot-kiwi-passion-fruit-guava-white-peach-razz\/","og_site_name":"Fumot Official Direct | Straight from the Factory, 100% Genuine","article_modified_time":"2026-01-20T09:09:17+00:00","og_image":[{"width":2500,"height":2500,"url":"https:\/\/fumot.uk\/wp-content\/uploads\/2026\/01\/UZY-Crystal-4-in-1-100000-Puffs-HeyVape-blueberry-ice-mango-peach-apricot-kiwi-passion-fruit-guava-white-peach-razz.jpg","type":"image\/jpeg"}],"twitter_card":"summary_large_image","twitter_misc":{"Gesch\u00e4tzte Lesezeit":"2\u00a0Minuten"},"schema":{"@context":"https:\/\/schema.org","@graph":[{"@type":"WebPage","@id":"https:\/\/fumot.uk\/product\/uzy-crystal-4-in-1-100000-puffs-blueberry-ice-mango-peach-apricot-kiwi-passion-fruit-guava-white-peach-razz\/","url":"https:\/\/fumot.uk\/product\/uzy-crystal-4-in-1-100000-puffs-blueberry-ice-mango-peach-apricot-kiwi-passion-fruit-guava-white-peach-razz\/","name":"UZY Crystal 4-in-1 100000 Z\u00fcge | 4 Geschmacksrichtungen, 56ml","isPartOf":{"@id":"https:\/\/fumot.uk\/#website"},"primaryImageOfPage":{"@id":"https:\/\/fumot.uk\/product\/uzy-crystal-4-in-1-100000-puffs-blueberry-ice-mango-peach-apricot-kiwi-passion-fruit-guava-white-peach-razz\/#primaryimage"},"image":{"@id":"https:\/\/fumot.uk\/product\/uzy-crystal-4-in-1-100000-puffs-blueberry-ice-mango-peach-apricot-kiwi-passion-fruit-guava-white-peach-razz\/#primaryimage"},"thumbnailUrl":"https:\/\/fumot.uk\/wp-content\/uploads\/2026\/01\/UZY-Crystal-4-in-1-100000-Puffs-HeyVape-blueberry-ice-mango-peach-apricot-kiwi-passion-fruit-guava-white-peach-razz.jpg","datePublished":"2026-01-20T08:21:40+00:00","dateModified":"2026-01-20T09:09:17+00:00","description":"UZY Crystal 4-in-1 Einweg-E-Zigaretten: bis zu 100000 Z\u00fcge, 56ml, Quad-Mesh-Spule, LED-Anzeige, USB-C. 4 Geschmacksrichtungen: Blaubeereis + 3 weitere.","breadcrumb":{"@id":"https:\/\/fumot.uk\/product\/uzy-crystal-4-in-1-100000-puffs-blueberry-ice-mango-peach-apricot-kiwi-passion-fruit-guava-white-peach-razz\/#breadcrumb"},"inLanguage":"de","potentialAction":[{"@type":"ReadAction","target":["https:\/\/fumot.uk\/product\/uzy-crystal-4-in-1-100000-puffs-blueberry-ice-mango-peach-apricot-kiwi-passion-fruit-guava-white-peach-razz\/"]}]},{"@type":"ImageObject","inLanguage":"de","@id":"https:\/\/fumot.uk\/product\/uzy-crystal-4-in-1-100000-puffs-blueberry-ice-mango-peach-apricot-kiwi-passion-fruit-guava-white-peach-razz\/#primaryimage","url":"https:\/\/fumot.uk\/wp-content\/uploads\/2026\/01\/UZY-Crystal-4-in-1-100000-Puffs-HeyVape-blueberry-ice-mango-peach-apricot-kiwi-passion-fruit-guava-white-peach-razz.jpg","contentUrl":"https:\/\/fumot.uk\/wp-content\/uploads\/2026\/01\/UZY-Crystal-4-in-1-100000-Puffs-HeyVape-blueberry-ice-mango-peach-apricot-kiwi-passion-fruit-guava-white-peach-razz.jpg","width":2500,"height":2500},{"@type":"BreadcrumbList","@id":"https:\/\/fumot.uk\/product\/uzy-crystal-4-in-1-100000-puffs-blueberry-ice-mango-peach-apricot-kiwi-passion-fruit-guava-white-peach-razz\/#breadcrumb","itemListElement":[{"@type":"ListItem","position":1,"name":"Home","item":"https:\/\/fumot.uk\/"},{"@type":"ListItem","position":2,"name":"Shop","item":"https:\/\/fumot.uk\/shop\/"},{"@type":"ListItem","position":3,"name":"UZY Crystal 4-in-1 Disposable Vape 100000 Puffs (56ml, USB-C, LED) | Blueberry Ice, Mango Peach Apricot, Kiwi Passion Fruit Guava, White Peach Razz"}]},{"@type":"WebSite","@id":"https:\/\/fumot.uk\/#website","url":"https:\/\/fumot.uk\/","name":"Fumot Offizieller Direkt | Direkt aus der Fabrik, 100% Original","description":"Offizielle Webseite","publisher":{"@id":"https:\/\/fumot.uk\/#organization"},"potentialAction":[{"@type":"SearchAction","target":{"@type":"EntryPoint","urlTemplate":"https:\/\/fumot.uk\/?s={search_term_string}"},"query-input":{"@type":"PropertyValueSpecification","valueRequired":true,"valueName":"search_term_string"}}],"inLanguage":"de"},{"@type":"Organization","@id":"https:\/\/fumot.uk\/#organization","name":"Fumot Offizieller Direkt | Direkt aus der Fabrik, 100% Original","url":"https:\/\/fumot.uk\/","logo":{"@type":"ImageObject","inLanguage":"de","@id":"https:\/\/fumot.uk\/#\/schema\/logo\/image\/","url":"https:\/\/fumot.uk\/wp-content\/uploads\/2026\/01\/cropped-fumot-logo1.png","contentUrl":"https:\/\/fumot.uk\/wp-content\/uploads\/2026\/01\/cropped-fumot-logo1.png","width":152,"height":106,"caption":"Fumot Official Direct | Straight from the Factory, 100% Genuine"},"image":{"@id":"https:\/\/fumot.uk\/#\/schema\/logo\/image\/"}}]}},"_links":{"self":[{"href":"https:\/\/fumot.uk\/de\/wp-json\/wp\/v2\/product\/1698","targetHints":{"allow":["GET"]}}],"collection":[{"href":"https:\/\/fumot.uk\/de\/wp-json\/wp\/v2\/product"}],"about":[{"href":"https:\/\/fumot.uk\/de\/wp-json\/wp\/v2\/types\/product"}],"replies":[{"embeddable":true,"href":"https:\/\/fumot.uk\/de\/wp-json\/wp\/v2\/comments?post=1698"}],"wp:featuredmedia":[{"embeddable":true,"href":"https:\/\/fumot.uk\/de\/wp-json\/wp\/v2\/media\/1752"}],"wp:attachment":[{"href":"https:\/\/fumot.uk\/de\/wp-json\/wp\/v2\/media?parent=1698"}],"wp:term":[{"taxonomy":"product_brand","embeddable":true,"href":"https:\/\/fumot.uk\/de\/wp-json\/wp\/v2\/product_brand?post=1698"},{"taxonomy":"product_cat","embeddable":true,"href":"https:\/\/fumot.uk\/de\/wp-json\/wp\/v2\/product_cat?post=1698"},{"taxonomy":"product_tag","embeddable":true,"href":"https:\/\/fumot.uk\/de\/wp-json\/wp\/v2\/product_tag?post=1698"}],"curies":[{"name":"wp","href":"https:\/\/api.w.org\/{rel}","templated":true}]}}