{"id":1695,"date":"2026-01-20T08:21:39","date_gmt":"2026-01-20T08:21:39","guid":{"rendered":"https:\/\/fumot.uk\/?post_type=product&#038;p=1695"},"modified":"2026-01-20T09:11:40","modified_gmt":"2026-01-20T09:11:40","slug":"uzy-crystal-4-in-1-100000-puffs-peach-ice-blueberry-cherry-energy-drink-watermelon-lychee","status":"publish","type":"product","link":"https:\/\/fumot.uk\/de\/product\/uzy-crystal-4-in-1-100000-puffs-peach-ice-blueberry-cherry-energy-drink-watermelon-lychee\/","title":{"rendered":"UZY Crystal 4-in-1 E-Zigaretten 100000 Z\u00fcge (56ml) \u2013 Pfirsich Eis \/ Blaubeere Kirsche \/ Energydrink \/ Wassermelone Litschi, Typ\u2011C Wiederaufladbar"},"content":{"rendered":"<p><strong>UZY Crystal 4-in-1 100000 Z\u00fcge<\/strong> bringt eine frische Note in das Einweg-Vaping mit einem kristallklaren, transparenten Geh\u00e4use, das Ihnen das wundersch\u00f6n gestaltete Innere zeigt. Das Highlight ist sein <strong>4-Geschmack-Drehmundst\u00fcck<\/strong>\u2014einfach drehen, um den Geschmack zu wechseln und jede Sitzung neu zu gestalten.<\/p>\n<p>Entwickelt f\u00fcr eine sanfte, konsistente Leistung, verf\u00fcgt es \u00fcber ein <strong>Quad-Mesh-Coil-Setup (1,0\u03a9 \u00d7 4)<\/strong> f\u00fcr gleichm\u00e4\u00dfiges Erhitzen, plus ein <strong>LED-Display<\/strong> damit Sie den Status auf einen Blick \u00fcberpr\u00fcfen k\u00f6nnen. Mit einem <strong>650mAh wiederaufladbare Batterie<\/strong> und <strong>Typ\u2011C-Ladung<\/strong>, es ist f\u00fcr Bequemlichkeit konzipiert, ohne sein hochwertiges Aussehen und Gef\u00fchl zu verlieren.<\/p>\n<h3>Geschmacksedition: Pfirsich Eis + Blaubeere Kirsche + Energydrink + Wassermelone Litschi<\/h3>\n<ul>\n<li><strong>Pfirsich Eis<\/strong> \u2013 Saftiger Pfirsich, geschichtet mit einem klaren eisigen Finish f\u00fcr einen knackigen, fruchtigen k\u00fchlen Zug.<\/li>\n<li><strong>Blaubeere Kirsche<\/strong> \u2013 Eine ausgewogene Mischung aus Beeren und Kirschen: s\u00fc\u00df, rund und angenehm aromatisch.<\/li>\n<li><strong>Energydrink<\/strong> \u2013 Helle und sprudelnde Geschmacksnoten f\u00fcr eine lebhafte, erfrischende Stimmung.<\/li>\n<li><strong>Wassermelone Litschi<\/strong> \u2013 Erfrischende Wassermelone trifft auf exotische Litschi f\u00fcr eine leichte, tropische S\u00fc\u00dfe.<\/li>\n<\/ul>\n<p>Von k\u00fchlem Obst bis zu kr\u00e4ftiger S\u00fc\u00dfe und einem erfrischenden Energieprofil, dieses <strong>4-in-1 E-Zigaretten<\/strong> macht es einfach, Ihre Stimmung anzupassen\u2014eine Drehung, ein neuer Geschmack.<\/p>\n<h3>Hauptmerkmale<\/h3>\n<ul>\n<li><strong>Z\u00fcge:<\/strong> Bis zu 100000 Z\u00fcge<\/li>\n<li><strong>Geschm\u00e4cker:<\/strong> 4-in-1 (drehbares Mundst\u00fcck)<\/li>\n<li><strong>Spule:<\/strong> Quad-Mesh-Coil (1,0\u03a9 \u00d7 4)<\/li>\n<li><strong>E-Liquid-Kapazit\u00e4t:<\/strong> 56ml<\/li>\n<li><strong>Nikotinoptionen:<\/strong> 0% \/ 2% \/ 3% \/ 5%<\/li>\n<li><strong>Batterie:<\/strong> 650mAh (wiederaufladbar)<\/li>\n<li><strong>Laden:<\/strong> Type\u2011C<\/li>\n<li><strong>Display:<\/strong> LED-Display<\/li>\n<\/ul>\n<p>Entdecken Sie mehr Optionen mit mehreren Geschmacksrichtungen und Neuank\u00fcnfte auf <a href=\"https:\/\/fumot.uk\/de\/\">fumot.uk<\/a>.<\/p>","protected":false},"excerpt":{"rendered":"<p>UZY Crystal 4-in-1 Einweg-E-Zigaretten mit bis zu 100000 Z\u00fcgen, 56ml E-Liquid, Quad-Mesh-Spule, LED-Anzeige und Typ-C wiederaufladbare 650mAh Batterie. Drehschalter: Pfirsich Eis, Blaubeere Kirsche, Energydrink, Wassermelone Litschi.<\/p>","protected":false},"featured_media":1741,"comment_status":"open","ping_status":"closed","template":"","meta":[],"product_brand":[],"product_cat":[127,128,17],"product_tag":[129,130,131,33,36,113,72,23,29,77,30,132,133,26,64,62,28,32],"class_list":{"0":"post-1695","1":"product","2":"type-product","3":"status-publish","4":"has-post-thumbnail","6":"product_cat-100000-puff","7":"product_cat-uzy-crystal-4-in-1-100000-puffs","8":"product_cat-vape","9":"product_tag-4-in-1-vape","10":"product_tag-56ml","11":"product_tag-650mah","12":"product_tag-blueberry","13":"product_tag-cherry","14":"product_tag-crystal-vape","15":"product_tag-direct-to-lung","16":"product_tag-display","17":"product_tag-ice","18":"product_tag-lychee","19":"product_tag-peach","20":"product_tag-quad-flavors","21":"product_tag-quadruple-mesh-coil","22":"product_tag-rechargeable","23":"product_tag-red-bull","24":"product_tag-sale-vape","25":"product_tag-type-c","26":"product_tag-watermelon","28":"first","29":"instock","30":"sale","31":"shipping-taxable","32":"purchasable","33":"product-type-variable","34":"has-default-attributes"},"yoast_head":"<!-- This site is optimized with the Yoast SEO plugin v26.8 - https:\/\/yoast.com\/product\/yoast-seo-wordpress\/ -->\n<title>UZY Crystal 4-in-1 100000 Puffs \u2013 Peach Ice Mix<\/title>\n<meta name=\"description\" content=\"UZY Crystal 4-in-1 vape: up to 100000 puffs, 56ml, quad mesh coil, LED display, Type\u2011C rechargeable 650mAh. 4 flavors: Peach Ice, Blueberry Cherry.\" \/>\n<meta name=\"robots\" content=\"index, follow, max-snippet:-1, max-image-preview:large, max-video-preview:-1\" \/>\n<link rel=\"canonical\" href=\"https:\/\/fumot.uk\/de\/product\/uzy-crystal-4-in-1-100000-puffs-peach-ice-blueberry-cherry-energy-drink-watermelon-lychee\/\" \/>\n<meta property=\"og:locale\" content=\"de_DE\" \/>\n<meta property=\"og:type\" content=\"article\" \/>\n<meta property=\"og:title\" content=\"UZY Crystal 4-in-1 100000 Puffs \u2013 4 Flavors in One\" \/>\n<meta property=\"og:description\" content=\"Twist to switch flavors: Peach Ice, Blueberry Cherry, Energy Drink &amp; Watermelon Lychee. 56ml, quad mesh coil, LED display, Type\u2011C rechargeable 650mAh.\" \/>\n<meta property=\"og:url\" content=\"https:\/\/fumot.uk\/de\/product\/uzy-crystal-4-in-1-100000-puffs-peach-ice-blueberry-cherry-energy-drink-watermelon-lychee\/\" \/>\n<meta property=\"og:site_name\" content=\"Fumot Official Direct | Straight from the Factory, 100% Genuine\" \/>\n<meta property=\"article:modified_time\" content=\"2026-01-20T09:11:40+00:00\" \/>\n<meta property=\"og:image\" content=\"https:\/\/fumot.uk\/wp-content\/uploads\/2026\/01\/UZY-Crystal-4-in-1-100000-Puffs-HeyVape-peach-ice-blueberry-cherry-energy-drink-watermelon-lychee.jpg\" \/>\n\t<meta property=\"og:image:width\" content=\"2500\" \/>\n\t<meta property=\"og:image:height\" content=\"2500\" \/>\n\t<meta property=\"og:image:type\" content=\"image\/jpeg\" \/>\n<meta name=\"twitter:card\" content=\"summary_large_image\" \/>\n<meta name=\"twitter:label1\" content=\"Gesch\u00e4tzte Lesezeit\" \/>\n\t<meta name=\"twitter:data1\" content=\"2\u00a0Minuten\" \/>\n<script type=\"application\/ld+json\" class=\"yoast-schema-graph\">{\"@context\":\"https:\/\/schema.org\",\"@graph\":[{\"@type\":\"WebPage\",\"@id\":\"https:\/\/fumot.uk\/product\/uzy-crystal-4-in-1-100000-puffs-peach-ice-blueberry-cherry-energy-drink-watermelon-lychee\/\",\"url\":\"https:\/\/fumot.uk\/product\/uzy-crystal-4-in-1-100000-puffs-peach-ice-blueberry-cherry-energy-drink-watermelon-lychee\/\",\"name\":\"UZY Crystal 4-in-1 100000 Puffs \u2013 Peach Ice Mix\",\"isPartOf\":{\"@id\":\"https:\/\/fumot.uk\/#website\"},\"primaryImageOfPage\":{\"@id\":\"https:\/\/fumot.uk\/product\/uzy-crystal-4-in-1-100000-puffs-peach-ice-blueberry-cherry-energy-drink-watermelon-lychee\/#primaryimage\"},\"image\":{\"@id\":\"https:\/\/fumot.uk\/product\/uzy-crystal-4-in-1-100000-puffs-peach-ice-blueberry-cherry-energy-drink-watermelon-lychee\/#primaryimage\"},\"thumbnailUrl\":\"https:\/\/fumot.uk\/wp-content\/uploads\/2026\/01\/UZY-Crystal-4-in-1-100000-Puffs-HeyVape-peach-ice-blueberry-cherry-energy-drink-watermelon-lychee.jpg\",\"datePublished\":\"2026-01-20T08:21:39+00:00\",\"dateModified\":\"2026-01-20T09:11:40+00:00\",\"description\":\"UZY Crystal 4-in-1 vape: up to 100000 puffs, 56ml, quad mesh coil, LED display, Type\u2011C rechargeable 650mAh. 4 flavors: Peach Ice, Blueberry Cherry.\",\"breadcrumb\":{\"@id\":\"https:\/\/fumot.uk\/product\/uzy-crystal-4-in-1-100000-puffs-peach-ice-blueberry-cherry-energy-drink-watermelon-lychee\/#breadcrumb\"},\"inLanguage\":\"de\",\"potentialAction\":[{\"@type\":\"ReadAction\",\"target\":[\"https:\/\/fumot.uk\/product\/uzy-crystal-4-in-1-100000-puffs-peach-ice-blueberry-cherry-energy-drink-watermelon-lychee\/\"]}]},{\"@type\":\"ImageObject\",\"inLanguage\":\"de\",\"@id\":\"https:\/\/fumot.uk\/product\/uzy-crystal-4-in-1-100000-puffs-peach-ice-blueberry-cherry-energy-drink-watermelon-lychee\/#primaryimage\",\"url\":\"https:\/\/fumot.uk\/wp-content\/uploads\/2026\/01\/UZY-Crystal-4-in-1-100000-Puffs-HeyVape-peach-ice-blueberry-cherry-energy-drink-watermelon-lychee.jpg\",\"contentUrl\":\"https:\/\/fumot.uk\/wp-content\/uploads\/2026\/01\/UZY-Crystal-4-in-1-100000-Puffs-HeyVape-peach-ice-blueberry-cherry-energy-drink-watermelon-lychee.jpg\",\"width\":2500,\"height\":2500},{\"@type\":\"BreadcrumbList\",\"@id\":\"https:\/\/fumot.uk\/product\/uzy-crystal-4-in-1-100000-puffs-peach-ice-blueberry-cherry-energy-drink-watermelon-lychee\/#breadcrumb\",\"itemListElement\":[{\"@type\":\"ListItem\",\"position\":1,\"name\":\"Home\",\"item\":\"https:\/\/fumot.uk\/\"},{\"@type\":\"ListItem\",\"position\":2,\"name\":\"Shop\",\"item\":\"https:\/\/fumot.uk\/shop\/\"},{\"@type\":\"ListItem\",\"position\":3,\"name\":\"UZY Crystal 4-in-1 Vape 100000 Puffs (56ml) \u2013 Peach Ice \/ Blueberry Cherry \/ Energy Drink \/ Watermelon Lychee, Type\u2011C Rechargeable\"}]},{\"@type\":\"WebSite\",\"@id\":\"https:\/\/fumot.uk\/#website\",\"url\":\"https:\/\/fumot.uk\/\",\"name\":\"Fumot Official Direct | Straight from the Factory, 100% Genuine\",\"description\":\"Official Website\",\"publisher\":{\"@id\":\"https:\/\/fumot.uk\/#organization\"},\"potentialAction\":[{\"@type\":\"SearchAction\",\"target\":{\"@type\":\"EntryPoint\",\"urlTemplate\":\"https:\/\/fumot.uk\/?s={search_term_string}\"},\"query-input\":{\"@type\":\"PropertyValueSpecification\",\"valueRequired\":true,\"valueName\":\"search_term_string\"}}],\"inLanguage\":\"de\"},{\"@type\":\"Organization\",\"@id\":\"https:\/\/fumot.uk\/#organization\",\"name\":\"Fumot Official Direct | Straight from the Factory, 100% Genuine\",\"url\":\"https:\/\/fumot.uk\/\",\"logo\":{\"@type\":\"ImageObject\",\"inLanguage\":\"de\",\"@id\":\"https:\/\/fumot.uk\/#\/schema\/logo\/image\/\",\"url\":\"https:\/\/fumot.uk\/wp-content\/uploads\/2026\/01\/cropped-fumot-logo1.png\",\"contentUrl\":\"https:\/\/fumot.uk\/wp-content\/uploads\/2026\/01\/cropped-fumot-logo1.png\",\"width\":152,\"height\":106,\"caption\":\"Fumot Official Direct | Straight from the Factory, 100% Genuine\"},\"image\":{\"@id\":\"https:\/\/fumot.uk\/#\/schema\/logo\/image\/\"}}]}<\/script>\n<!-- \/ Yoast SEO plugin. -->","yoast_head_json":{"title":"UZY Crystal 4-in-1 100000 Z\u00fcge \u2013 Pfirsich-Eis-Mix","description":"UZY Crystal 4-in-1 E-Zigaretten: bis zu 100000 Z\u00fcge, 56ml, Quad-Mesh-Spule, LED-Anzeige, Typ-C wiederaufladbar 650mAh. 4 Geschmacksrichtungen: Pfirsich Eis, Blaubeere Kirsche.","robots":{"index":"index","follow":"follow","max-snippet":"max-snippet:-1","max-image-preview":"max-image-preview:large","max-video-preview":"max-video-preview:-1"},"canonical":"https:\/\/fumot.uk\/de\/product\/uzy-crystal-4-in-1-100000-puffs-peach-ice-blueberry-cherry-energy-drink-watermelon-lychee\/","og_locale":"de_DE","og_type":"article","og_title":"UZY Crystal 4-in-1 100000 Puffs \u2013 4 Flavors in One","og_description":"Twist to switch flavors: Peach Ice, Blueberry Cherry, Energy Drink & Watermelon Lychee. 56ml, quad mesh coil, LED display, Type\u2011C rechargeable 650mAh.","og_url":"https:\/\/fumot.uk\/de\/product\/uzy-crystal-4-in-1-100000-puffs-peach-ice-blueberry-cherry-energy-drink-watermelon-lychee\/","og_site_name":"Fumot Official Direct | Straight from the Factory, 100% Genuine","article_modified_time":"2026-01-20T09:11:40+00:00","og_image":[{"width":2500,"height":2500,"url":"https:\/\/fumot.uk\/wp-content\/uploads\/2026\/01\/UZY-Crystal-4-in-1-100000-Puffs-HeyVape-peach-ice-blueberry-cherry-energy-drink-watermelon-lychee.jpg","type":"image\/jpeg"}],"twitter_card":"summary_large_image","twitter_misc":{"Gesch\u00e4tzte Lesezeit":"2\u00a0Minuten"},"schema":{"@context":"https:\/\/schema.org","@graph":[{"@type":"WebPage","@id":"https:\/\/fumot.uk\/product\/uzy-crystal-4-in-1-100000-puffs-peach-ice-blueberry-cherry-energy-drink-watermelon-lychee\/","url":"https:\/\/fumot.uk\/product\/uzy-crystal-4-in-1-100000-puffs-peach-ice-blueberry-cherry-energy-drink-watermelon-lychee\/","name":"UZY Crystal 4-in-1 100000 Z\u00fcge \u2013 Pfirsich-Eis-Mix","isPartOf":{"@id":"https:\/\/fumot.uk\/#website"},"primaryImageOfPage":{"@id":"https:\/\/fumot.uk\/product\/uzy-crystal-4-in-1-100000-puffs-peach-ice-blueberry-cherry-energy-drink-watermelon-lychee\/#primaryimage"},"image":{"@id":"https:\/\/fumot.uk\/product\/uzy-crystal-4-in-1-100000-puffs-peach-ice-blueberry-cherry-energy-drink-watermelon-lychee\/#primaryimage"},"thumbnailUrl":"https:\/\/fumot.uk\/wp-content\/uploads\/2026\/01\/UZY-Crystal-4-in-1-100000-Puffs-HeyVape-peach-ice-blueberry-cherry-energy-drink-watermelon-lychee.jpg","datePublished":"2026-01-20T08:21:39+00:00","dateModified":"2026-01-20T09:11:40+00:00","description":"UZY Crystal 4-in-1 E-Zigaretten: bis zu 100000 Z\u00fcge, 56ml, Quad-Mesh-Spule, LED-Anzeige, Typ-C wiederaufladbar 650mAh. 4 Geschmacksrichtungen: Pfirsich Eis, Blaubeere Kirsche.","breadcrumb":{"@id":"https:\/\/fumot.uk\/product\/uzy-crystal-4-in-1-100000-puffs-peach-ice-blueberry-cherry-energy-drink-watermelon-lychee\/#breadcrumb"},"inLanguage":"de","potentialAction":[{"@type":"ReadAction","target":["https:\/\/fumot.uk\/product\/uzy-crystal-4-in-1-100000-puffs-peach-ice-blueberry-cherry-energy-drink-watermelon-lychee\/"]}]},{"@type":"ImageObject","inLanguage":"de","@id":"https:\/\/fumot.uk\/product\/uzy-crystal-4-in-1-100000-puffs-peach-ice-blueberry-cherry-energy-drink-watermelon-lychee\/#primaryimage","url":"https:\/\/fumot.uk\/wp-content\/uploads\/2026\/01\/UZY-Crystal-4-in-1-100000-Puffs-HeyVape-peach-ice-blueberry-cherry-energy-drink-watermelon-lychee.jpg","contentUrl":"https:\/\/fumot.uk\/wp-content\/uploads\/2026\/01\/UZY-Crystal-4-in-1-100000-Puffs-HeyVape-peach-ice-blueberry-cherry-energy-drink-watermelon-lychee.jpg","width":2500,"height":2500},{"@type":"BreadcrumbList","@id":"https:\/\/fumot.uk\/product\/uzy-crystal-4-in-1-100000-puffs-peach-ice-blueberry-cherry-energy-drink-watermelon-lychee\/#breadcrumb","itemListElement":[{"@type":"ListItem","position":1,"name":"Home","item":"https:\/\/fumot.uk\/"},{"@type":"ListItem","position":2,"name":"Shop","item":"https:\/\/fumot.uk\/shop\/"},{"@type":"ListItem","position":3,"name":"UZY Crystal 4-in-1 Vape 100000 Puffs (56ml) \u2013 Peach Ice \/ Blueberry Cherry \/ Energy Drink \/ Watermelon Lychee, Type\u2011C Rechargeable"}]},{"@type":"WebSite","@id":"https:\/\/fumot.uk\/#website","url":"https:\/\/fumot.uk\/","name":"Fumot Offizieller Direkt | Direkt aus der Fabrik, 100% Original","description":"Offizielle Webseite","publisher":{"@id":"https:\/\/fumot.uk\/#organization"},"potentialAction":[{"@type":"SearchAction","target":{"@type":"EntryPoint","urlTemplate":"https:\/\/fumot.uk\/?s={search_term_string}"},"query-input":{"@type":"PropertyValueSpecification","valueRequired":true,"valueName":"search_term_string"}}],"inLanguage":"de"},{"@type":"Organization","@id":"https:\/\/fumot.uk\/#organization","name":"Fumot Offizieller Direkt | Direkt aus der Fabrik, 100% Original","url":"https:\/\/fumot.uk\/","logo":{"@type":"ImageObject","inLanguage":"de","@id":"https:\/\/fumot.uk\/#\/schema\/logo\/image\/","url":"https:\/\/fumot.uk\/wp-content\/uploads\/2026\/01\/cropped-fumot-logo1.png","contentUrl":"https:\/\/fumot.uk\/wp-content\/uploads\/2026\/01\/cropped-fumot-logo1.png","width":152,"height":106,"caption":"Fumot Official Direct | Straight from the Factory, 100% Genuine"},"image":{"@id":"https:\/\/fumot.uk\/#\/schema\/logo\/image\/"}}]}},"_links":{"self":[{"href":"https:\/\/fumot.uk\/de\/wp-json\/wp\/v2\/product\/1695","targetHints":{"allow":["GET"]}}],"collection":[{"href":"https:\/\/fumot.uk\/de\/wp-json\/wp\/v2\/product"}],"about":[{"href":"https:\/\/fumot.uk\/de\/wp-json\/wp\/v2\/types\/product"}],"replies":[{"embeddable":true,"href":"https:\/\/fumot.uk\/de\/wp-json\/wp\/v2\/comments?post=1695"}],"wp:featuredmedia":[{"embeddable":true,"href":"https:\/\/fumot.uk\/de\/wp-json\/wp\/v2\/media\/1741"}],"wp:attachment":[{"href":"https:\/\/fumot.uk\/de\/wp-json\/wp\/v2\/media?parent=1695"}],"wp:term":[{"taxonomy":"product_brand","embeddable":true,"href":"https:\/\/fumot.uk\/de\/wp-json\/wp\/v2\/product_brand?post=1695"},{"taxonomy":"product_cat","embeddable":true,"href":"https:\/\/fumot.uk\/de\/wp-json\/wp\/v2\/product_cat?post=1695"},{"taxonomy":"product_tag","embeddable":true,"href":"https:\/\/fumot.uk\/de\/wp-json\/wp\/v2\/product_tag?post=1695"}],"curies":[{"name":"wp","href":"https:\/\/api.w.org\/{rel}","templated":true}]}}