{"id":1694,"date":"2026-01-20T08:21:39","date_gmt":"2026-01-20T08:21:39","guid":{"rendered":"https:\/\/fumot.uk\/?post_type=product&#038;p=1694"},"modified":"2026-01-20T09:11:09","modified_gmt":"2026-01-20T09:11:09","slug":"uzy-crystal-4-in-1-100000-puffs-strawberry-watermelon-blue-razz-ice-blueberry-raspberry-cherry-fizzy-cherry-ice","status":"publish","type":"product","link":"https:\/\/fumot.uk\/de\/product\/uzy-crystal-4-in-1-100000-puffs-strawberry-watermelon-blue-razz-ice-blueberry-raspberry-cherry-fizzy-cherry-ice\/","title":{"rendered":"UZY Crystal 4-in-1 Einweg E-Zigaretten 100000 Z\u00fcge (56ml) \u2013 Erdbeer-Wassermelone, Blaue Himbeer-Eis, Blaubeere Himbeer Kirsche &amp; Sprudelnde Kirsch-Eis"},"content":{"rendered":"<p><strong>UZY Crystal 4-in-1 100000 Z\u00fcge<\/strong> bringt eine frische Wendung in die <em>Einweg-E-Zigaretten<\/em> Erfahrung mit einem kristallklaren, transparenten Geh\u00e4use, das sein schlankes Innenleben zeigt. Das Highlight ist der <strong>4-Geschmack-Drehmundst\u00fcck<\/strong>\u2013 einfach drehen, um jederzeit den Geschmack zu wechseln, und jede Sitzung abwechslungsreich und befriedigend zu halten. Mit einem <strong>Quad-Mesh-Coil (1,0\u03a9\u00d74)<\/strong> f\u00fcr einen sanften, gleichm\u00e4\u00dfigen Geschmack, einem <strong>LED-Display<\/strong> f\u00fcr den Status auf einen Blick und <strong>USB Type-C-Aufladung<\/strong>, ist es f\u00fcr langanhaltende Bequemlichkeit und t\u00e4glichen Stil konzipiert.<\/p>\n<h3>4 Geschm\u00e4cker in 1 Ger\u00e4t<\/h3>\n<p>Ein Ger\u00e4t, vier unterschiedliche Profile \u2013 fruchtig, eisig und leicht sprudelnd. Drehen Sie das Mundst\u00fcck, um Ihre Stimmung in Sekunden anzupassen.<\/p>\n<h4>Erdbeer Wassermelone<\/h4>\n<p>Saftige Wassermelone trifft auf s\u00fc\u00dfe Erdbeere f\u00fcr eine helle, sommerliche Mischung, die von Anfang bis Ende leicht und sanft bleibt.<\/p>\n<h4>Blue Razz Ice<\/h4>\n<p>W\u00fcrzige blaue Himbeernoten gepaart mit einem sauberen eisigen Finish \u2013 knackig, erfrischend und perfekt, wenn Sie einen k\u00fchleren Hit wollen.<\/p>\n<h4>Blaubeere Himbeere Kirsche<\/h4>\n<p>Ein reichhaltiges Beeren-Trio mit Kirschentiefe: Blaubeergl\u00e4tte, Himbeerzack und eine abgerundete Kirschens\u00fc\u00dfe f\u00fcr einen volleren Frucht-Vape.<\/p>\n<h4>Sprudelnde Kirsch-Eis<\/h4>\n<p>S\u00fc\u00dfe Kirsche mit einem eisigen Rand und einem subtilen \u201csprudelnden\u201d Funkeln \u2013 leicht verspielt, sauber und angenehm anders.<\/p>\n<p><strong>Tipp:<\/strong> Wenn Sie mehr Quad-Geschmacksoptionen erkunden m\u00f6chten, st\u00f6bern Sie im gesamten Sortiment auf <a href=\"https:\/\/fumot.uk\/de\/\" target=\"_blank\" rel=\"noopener\">fumot.uk<\/a>.<\/p>\n<h3>Hauptmerkmale<\/h3>\n<ul>\n<li><strong>Z\u00fcge:<\/strong> Bis zu 100000 Z\u00fcge<\/li>\n<li><strong>Geschmacksystem:<\/strong> 4-in-1 drehbares Mundst\u00fcck (vierfache Geschm\u00e4cker)<\/li>\n<li><strong>Spule:<\/strong> Quad-Mesh-Coil (1,0\u03a9 \u00d7 4)<\/li>\n<li><strong>E-Liquid Kapazit\u00e4t:<\/strong> 56ml<\/li>\n<li><strong>Nikotinoptionen:<\/strong> 0% \/ 2% \/ 3% \/ 5%<\/li>\n<li><strong>Batterie:<\/strong> 650mAh<\/li>\n<li><strong>Laden:<\/strong> USB Type-C wiederaufladbar<\/li>\n<li><strong>Display:<\/strong> LED-Anzeige \/ intelligenter Bildschirm<\/li>\n<\/ul>\n<h3>Warum Sie es lieben werden<\/h3>\n<ul>\n<li><strong>Geschm\u00e4cker sofort wechseln<\/strong>\u2013 kein Ger\u00e4tetausch, kein Flaschenmischen<\/li>\n<li><strong>Sauberer, gleichm\u00e4\u00dfiger Geschmack<\/strong> aus dem Quad-Mesh-Heizsystem<\/li>\n<li><strong>Transparenter Kristall-Look<\/strong> der in Ihrer Hand auff\u00e4llt<\/li>\n<li><strong>Wiederaufladbarer Komfort<\/strong> f\u00fcr verl\u00e4ngerte Nutzung<\/li>\n<\/ul>","protected":false},"excerpt":{"rendered":"<p>UZY Crystal 4-in-1 Einweg-E-Zigaretten mit bis zu 100000 Z\u00fcgen, 56ml E-Liquid, Quad-Mesh-Coil, LED-Display und Typ-C-Aufladung. Drehen, um zwischen Erdbeer-Wassermelone, Blue Razz Ice, Blaubeere-Himbeere-Kirsche &amp; Sprudelnde Kirsch-Eis zu wechseln.<\/p>","protected":false},"featured_media":1740,"comment_status":"open","ping_status":"closed","template":"","meta":[],"product_brand":[],"product_cat":[127,128,17],"product_tag":[129,130,131,22,33,36,113,72,23,29,132,133,34,26,62,37,28,32],"class_list":{"0":"post-1694","1":"product","2":"type-product","3":"status-publish","4":"has-post-thumbnail","6":"product_cat-100000-puff","7":"product_cat-uzy-crystal-4-in-1-100000-puffs","8":"product_cat-vape","9":"product_tag-4-in-1-vape","10":"product_tag-56ml","11":"product_tag-650mah","12":"product_tag-blue-razz","13":"product_tag-blueberry","14":"product_tag-cherry","15":"product_tag-crystal-vape","16":"product_tag-direct-to-lung","17":"product_tag-display","18":"product_tag-ice","19":"product_tag-quad-flavors","20":"product_tag-quadruple-mesh-coil","21":"product_tag-raspberry","22":"product_tag-rechargeable","23":"product_tag-sale-vape","24":"product_tag-strawberry","25":"product_tag-type-c","26":"product_tag-watermelon","28":"first","29":"instock","30":"sale","31":"shipping-taxable","32":"purchasable","33":"product-type-variable","34":"has-default-attributes"},"yoast_head":"<!-- This site is optimized with the Yoast SEO plugin v26.8 - https:\/\/yoast.com\/product\/yoast-seo-wordpress\/ -->\n<title>UZY Crystal 4-in-1 100000 Puffs \u2013 4 Flavors, 56ml<\/title>\n<meta name=\"description\" content=\"UZY Crystal 4-in-1 disposable vape: up to 100000 puffs, 56ml, quad mesh coil, LED display, Type\u2011C recharge. 4 flavors in 1: fruit &amp; ice.\" \/>\n<meta name=\"robots\" content=\"index, follow, max-snippet:-1, max-image-preview:large, max-video-preview:-1\" \/>\n<link rel=\"canonical\" href=\"https:\/\/fumot.uk\/de\/product\/uzy-crystal-4-in-1-100000-puffs-strawberry-watermelon-blue-razz-ice-blueberry-raspberry-cherry-fizzy-cherry-ice\/\" \/>\n<meta property=\"og:locale\" content=\"de_DE\" \/>\n<meta property=\"og:type\" content=\"article\" \/>\n<meta property=\"og:title\" content=\"UZY Crystal 4-in-1: 100000 Puffs, 4 Flavors in One\" \/>\n<meta property=\"og:description\" content=\"Twist-to-switch quad flavors\u2014Strawberry Watermelon, Blue Razz Ice, Blueberry Raspberry Cherry &amp; Fizzy Cherry Ice. 56ml, quad mesh coil, LED display, Type\u2011C.\" \/>\n<meta property=\"og:url\" content=\"https:\/\/fumot.uk\/de\/product\/uzy-crystal-4-in-1-100000-puffs-strawberry-watermelon-blue-razz-ice-blueberry-raspberry-cherry-fizzy-cherry-ice\/\" \/>\n<meta property=\"og:site_name\" content=\"Fumot Official Direct | Straight from the Factory, 100% Genuine\" \/>\n<meta property=\"article:modified_time\" content=\"2026-01-20T09:11:09+00:00\" \/>\n<meta property=\"og:image\" content=\"https:\/\/fumot.uk\/wp-content\/uploads\/2026\/01\/UZY-Crystal-4-in-1-100000-Puffs-HeyVape-strawberry-watermelon-blue-razz-ice-blueberry-raspberry-cherry-fizzy-cherry-ice.jpg\" \/>\n\t<meta property=\"og:image:width\" content=\"2500\" \/>\n\t<meta property=\"og:image:height\" content=\"2500\" \/>\n\t<meta property=\"og:image:type\" content=\"image\/jpeg\" \/>\n<meta name=\"twitter:card\" content=\"summary_large_image\" \/>\n<meta name=\"twitter:label1\" content=\"Gesch\u00e4tzte Lesezeit\" \/>\n\t<meta name=\"twitter:data1\" content=\"2\u00a0Minuten\" \/>\n<script type=\"application\/ld+json\" class=\"yoast-schema-graph\">{\"@context\":\"https:\/\/schema.org\",\"@graph\":[{\"@type\":\"WebPage\",\"@id\":\"https:\/\/fumot.uk\/product\/uzy-crystal-4-in-1-100000-puffs-strawberry-watermelon-blue-razz-ice-blueberry-raspberry-cherry-fizzy-cherry-ice\/\",\"url\":\"https:\/\/fumot.uk\/product\/uzy-crystal-4-in-1-100000-puffs-strawberry-watermelon-blue-razz-ice-blueberry-raspberry-cherry-fizzy-cherry-ice\/\",\"name\":\"UZY Crystal 4-in-1 100000 Puffs \u2013 4 Flavors, 56ml\",\"isPartOf\":{\"@id\":\"https:\/\/fumot.uk\/#website\"},\"primaryImageOfPage\":{\"@id\":\"https:\/\/fumot.uk\/product\/uzy-crystal-4-in-1-100000-puffs-strawberry-watermelon-blue-razz-ice-blueberry-raspberry-cherry-fizzy-cherry-ice\/#primaryimage\"},\"image\":{\"@id\":\"https:\/\/fumot.uk\/product\/uzy-crystal-4-in-1-100000-puffs-strawberry-watermelon-blue-razz-ice-blueberry-raspberry-cherry-fizzy-cherry-ice\/#primaryimage\"},\"thumbnailUrl\":\"https:\/\/fumot.uk\/wp-content\/uploads\/2026\/01\/UZY-Crystal-4-in-1-100000-Puffs-HeyVape-strawberry-watermelon-blue-razz-ice-blueberry-raspberry-cherry-fizzy-cherry-ice.jpg\",\"datePublished\":\"2026-01-20T08:21:39+00:00\",\"dateModified\":\"2026-01-20T09:11:09+00:00\",\"description\":\"UZY Crystal 4-in-1 disposable vape: up to 100000 puffs, 56ml, quad mesh coil, LED display, Type\u2011C recharge. 4 flavors in 1: fruit & ice.\",\"breadcrumb\":{\"@id\":\"https:\/\/fumot.uk\/product\/uzy-crystal-4-in-1-100000-puffs-strawberry-watermelon-blue-razz-ice-blueberry-raspberry-cherry-fizzy-cherry-ice\/#breadcrumb\"},\"inLanguage\":\"de\",\"potentialAction\":[{\"@type\":\"ReadAction\",\"target\":[\"https:\/\/fumot.uk\/product\/uzy-crystal-4-in-1-100000-puffs-strawberry-watermelon-blue-razz-ice-blueberry-raspberry-cherry-fizzy-cherry-ice\/\"]}]},{\"@type\":\"ImageObject\",\"inLanguage\":\"de\",\"@id\":\"https:\/\/fumot.uk\/product\/uzy-crystal-4-in-1-100000-puffs-strawberry-watermelon-blue-razz-ice-blueberry-raspberry-cherry-fizzy-cherry-ice\/#primaryimage\",\"url\":\"https:\/\/fumot.uk\/wp-content\/uploads\/2026\/01\/UZY-Crystal-4-in-1-100000-Puffs-HeyVape-strawberry-watermelon-blue-razz-ice-blueberry-raspberry-cherry-fizzy-cherry-ice.jpg\",\"contentUrl\":\"https:\/\/fumot.uk\/wp-content\/uploads\/2026\/01\/UZY-Crystal-4-in-1-100000-Puffs-HeyVape-strawberry-watermelon-blue-razz-ice-blueberry-raspberry-cherry-fizzy-cherry-ice.jpg\",\"width\":2500,\"height\":2500},{\"@type\":\"BreadcrumbList\",\"@id\":\"https:\/\/fumot.uk\/product\/uzy-crystal-4-in-1-100000-puffs-strawberry-watermelon-blue-razz-ice-blueberry-raspberry-cherry-fizzy-cherry-ice\/#breadcrumb\",\"itemListElement\":[{\"@type\":\"ListItem\",\"position\":1,\"name\":\"Home\",\"item\":\"https:\/\/fumot.uk\/\"},{\"@type\":\"ListItem\",\"position\":2,\"name\":\"Shop\",\"item\":\"https:\/\/fumot.uk\/shop\/\"},{\"@type\":\"ListItem\",\"position\":3,\"name\":\"UZY Crystal 4-in-1 Disposable Vape 100000 Puffs (56ml) \u2013 Strawberry Watermelon, Blue Razz Ice, Blueberry Raspberry Cherry &#038; Fizzy Cherry Ice\"}]},{\"@type\":\"WebSite\",\"@id\":\"https:\/\/fumot.uk\/#website\",\"url\":\"https:\/\/fumot.uk\/\",\"name\":\"Fumot Official Direct | Straight from the Factory, 100% Genuine\",\"description\":\"Official Website\",\"publisher\":{\"@id\":\"https:\/\/fumot.uk\/#organization\"},\"potentialAction\":[{\"@type\":\"SearchAction\",\"target\":{\"@type\":\"EntryPoint\",\"urlTemplate\":\"https:\/\/fumot.uk\/?s={search_term_string}\"},\"query-input\":{\"@type\":\"PropertyValueSpecification\",\"valueRequired\":true,\"valueName\":\"search_term_string\"}}],\"inLanguage\":\"de\"},{\"@type\":\"Organization\",\"@id\":\"https:\/\/fumot.uk\/#organization\",\"name\":\"Fumot Official Direct | Straight from the Factory, 100% Genuine\",\"url\":\"https:\/\/fumot.uk\/\",\"logo\":{\"@type\":\"ImageObject\",\"inLanguage\":\"de\",\"@id\":\"https:\/\/fumot.uk\/#\/schema\/logo\/image\/\",\"url\":\"https:\/\/fumot.uk\/wp-content\/uploads\/2026\/01\/cropped-fumot-logo1.png\",\"contentUrl\":\"https:\/\/fumot.uk\/wp-content\/uploads\/2026\/01\/cropped-fumot-logo1.png\",\"width\":152,\"height\":106,\"caption\":\"Fumot Official Direct | Straight from the Factory, 100% Genuine\"},\"image\":{\"@id\":\"https:\/\/fumot.uk\/#\/schema\/logo\/image\/\"}}]}<\/script>\n<!-- \/ Yoast SEO plugin. -->","yoast_head_json":{"title":"UZY Crystal 4-in-1 100000 Z\u00fcge \u2013 4 Geschmacksrichtungen, 56ml","description":"UZY Crystal 4-in-1 Einweg-E-Zigaretten: bis zu 100000 Z\u00fcge, 56ml, Quad-Mesh-Spule, LED-Anzeige, Typ-C-Aufladung. 4 Geschmacksrichtungen in 1: Frucht &amp; Eis.","robots":{"index":"index","follow":"follow","max-snippet":"max-snippet:-1","max-image-preview":"max-image-preview:large","max-video-preview":"max-video-preview:-1"},"canonical":"https:\/\/fumot.uk\/de\/product\/uzy-crystal-4-in-1-100000-puffs-strawberry-watermelon-blue-razz-ice-blueberry-raspberry-cherry-fizzy-cherry-ice\/","og_locale":"de_DE","og_type":"article","og_title":"UZY Crystal 4-in-1: 100000 Puffs, 4 Flavors in One","og_description":"Twist-to-switch quad flavors\u2014Strawberry Watermelon, Blue Razz Ice, Blueberry Raspberry Cherry & Fizzy Cherry Ice. 56ml, quad mesh coil, LED display, Type\u2011C.","og_url":"https:\/\/fumot.uk\/de\/product\/uzy-crystal-4-in-1-100000-puffs-strawberry-watermelon-blue-razz-ice-blueberry-raspberry-cherry-fizzy-cherry-ice\/","og_site_name":"Fumot Official Direct | Straight from the Factory, 100% Genuine","article_modified_time":"2026-01-20T09:11:09+00:00","og_image":[{"width":2500,"height":2500,"url":"https:\/\/fumot.uk\/wp-content\/uploads\/2026\/01\/UZY-Crystal-4-in-1-100000-Puffs-HeyVape-strawberry-watermelon-blue-razz-ice-blueberry-raspberry-cherry-fizzy-cherry-ice.jpg","type":"image\/jpeg"}],"twitter_card":"summary_large_image","twitter_misc":{"Gesch\u00e4tzte Lesezeit":"2\u00a0Minuten"},"schema":{"@context":"https:\/\/schema.org","@graph":[{"@type":"WebPage","@id":"https:\/\/fumot.uk\/product\/uzy-crystal-4-in-1-100000-puffs-strawberry-watermelon-blue-razz-ice-blueberry-raspberry-cherry-fizzy-cherry-ice\/","url":"https:\/\/fumot.uk\/product\/uzy-crystal-4-in-1-100000-puffs-strawberry-watermelon-blue-razz-ice-blueberry-raspberry-cherry-fizzy-cherry-ice\/","name":"UZY Crystal 4-in-1 100000 Z\u00fcge \u2013 4 Geschmacksrichtungen, 56ml","isPartOf":{"@id":"https:\/\/fumot.uk\/#website"},"primaryImageOfPage":{"@id":"https:\/\/fumot.uk\/product\/uzy-crystal-4-in-1-100000-puffs-strawberry-watermelon-blue-razz-ice-blueberry-raspberry-cherry-fizzy-cherry-ice\/#primaryimage"},"image":{"@id":"https:\/\/fumot.uk\/product\/uzy-crystal-4-in-1-100000-puffs-strawberry-watermelon-blue-razz-ice-blueberry-raspberry-cherry-fizzy-cherry-ice\/#primaryimage"},"thumbnailUrl":"https:\/\/fumot.uk\/wp-content\/uploads\/2026\/01\/UZY-Crystal-4-in-1-100000-Puffs-HeyVape-strawberry-watermelon-blue-razz-ice-blueberry-raspberry-cherry-fizzy-cherry-ice.jpg","datePublished":"2026-01-20T08:21:39+00:00","dateModified":"2026-01-20T09:11:09+00:00","description":"UZY Crystal 4-in-1 Einweg-E-Zigaretten: bis zu 100000 Z\u00fcge, 56ml, Quad-Mesh-Spule, LED-Anzeige, Typ-C-Aufladung. 4 Geschmacksrichtungen in 1: Frucht &amp; Eis.","breadcrumb":{"@id":"https:\/\/fumot.uk\/product\/uzy-crystal-4-in-1-100000-puffs-strawberry-watermelon-blue-razz-ice-blueberry-raspberry-cherry-fizzy-cherry-ice\/#breadcrumb"},"inLanguage":"de","potentialAction":[{"@type":"ReadAction","target":["https:\/\/fumot.uk\/product\/uzy-crystal-4-in-1-100000-puffs-strawberry-watermelon-blue-razz-ice-blueberry-raspberry-cherry-fizzy-cherry-ice\/"]}]},{"@type":"ImageObject","inLanguage":"de","@id":"https:\/\/fumot.uk\/product\/uzy-crystal-4-in-1-100000-puffs-strawberry-watermelon-blue-razz-ice-blueberry-raspberry-cherry-fizzy-cherry-ice\/#primaryimage","url":"https:\/\/fumot.uk\/wp-content\/uploads\/2026\/01\/UZY-Crystal-4-in-1-100000-Puffs-HeyVape-strawberry-watermelon-blue-razz-ice-blueberry-raspberry-cherry-fizzy-cherry-ice.jpg","contentUrl":"https:\/\/fumot.uk\/wp-content\/uploads\/2026\/01\/UZY-Crystal-4-in-1-100000-Puffs-HeyVape-strawberry-watermelon-blue-razz-ice-blueberry-raspberry-cherry-fizzy-cherry-ice.jpg","width":2500,"height":2500},{"@type":"BreadcrumbList","@id":"https:\/\/fumot.uk\/product\/uzy-crystal-4-in-1-100000-puffs-strawberry-watermelon-blue-razz-ice-blueberry-raspberry-cherry-fizzy-cherry-ice\/#breadcrumb","itemListElement":[{"@type":"ListItem","position":1,"name":"Home","item":"https:\/\/fumot.uk\/"},{"@type":"ListItem","position":2,"name":"Shop","item":"https:\/\/fumot.uk\/shop\/"},{"@type":"ListItem","position":3,"name":"UZY Crystal 4-in-1 Disposable Vape 100000 Puffs (56ml) \u2013 Strawberry Watermelon, Blue Razz Ice, Blueberry Raspberry Cherry &#038; Fizzy Cherry Ice"}]},{"@type":"WebSite","@id":"https:\/\/fumot.uk\/#website","url":"https:\/\/fumot.uk\/","name":"Fumot Offizieller Direkt | Direkt aus der Fabrik, 100% Original","description":"Offizielle Webseite","publisher":{"@id":"https:\/\/fumot.uk\/#organization"},"potentialAction":[{"@type":"SearchAction","target":{"@type":"EntryPoint","urlTemplate":"https:\/\/fumot.uk\/?s={search_term_string}"},"query-input":{"@type":"PropertyValueSpecification","valueRequired":true,"valueName":"search_term_string"}}],"inLanguage":"de"},{"@type":"Organization","@id":"https:\/\/fumot.uk\/#organization","name":"Fumot Offizieller Direkt | Direkt aus der Fabrik, 100% Original","url":"https:\/\/fumot.uk\/","logo":{"@type":"ImageObject","inLanguage":"de","@id":"https:\/\/fumot.uk\/#\/schema\/logo\/image\/","url":"https:\/\/fumot.uk\/wp-content\/uploads\/2026\/01\/cropped-fumot-logo1.png","contentUrl":"https:\/\/fumot.uk\/wp-content\/uploads\/2026\/01\/cropped-fumot-logo1.png","width":152,"height":106,"caption":"Fumot Official Direct | Straight from the Factory, 100% Genuine"},"image":{"@id":"https:\/\/fumot.uk\/#\/schema\/logo\/image\/"}}]}},"_links":{"self":[{"href":"https:\/\/fumot.uk\/de\/wp-json\/wp\/v2\/product\/1694","targetHints":{"allow":["GET"]}}],"collection":[{"href":"https:\/\/fumot.uk\/de\/wp-json\/wp\/v2\/product"}],"about":[{"href":"https:\/\/fumot.uk\/de\/wp-json\/wp\/v2\/types\/product"}],"replies":[{"embeddable":true,"href":"https:\/\/fumot.uk\/de\/wp-json\/wp\/v2\/comments?post=1694"}],"wp:featuredmedia":[{"embeddable":true,"href":"https:\/\/fumot.uk\/de\/wp-json\/wp\/v2\/media\/1740"}],"wp:attachment":[{"href":"https:\/\/fumot.uk\/de\/wp-json\/wp\/v2\/media?parent=1694"}],"wp:term":[{"taxonomy":"product_brand","embeddable":true,"href":"https:\/\/fumot.uk\/de\/wp-json\/wp\/v2\/product_brand?post=1694"},{"taxonomy":"product_cat","embeddable":true,"href":"https:\/\/fumot.uk\/de\/wp-json\/wp\/v2\/product_cat?post=1694"},{"taxonomy":"product_tag","embeddable":true,"href":"https:\/\/fumot.uk\/de\/wp-json\/wp\/v2\/product_tag?post=1694"}],"curies":[{"name":"wp","href":"https:\/\/api.w.org\/{rel}","templated":true}]}}