{"id":1692,"date":"2026-01-20T08:21:38","date_gmt":"2026-01-20T08:21:38","guid":{"rendered":"https:\/\/fumot.uk\/?post_type=product&#038;p=1692"},"modified":"2026-01-20T09:13:03","modified_gmt":"2026-01-20T09:13:03","slug":"uzy-tornado-30000-puffs-peach-berry-watermelon-mango-peach-dual-flavor-vape","status":"publish","type":"product","link":"https:\/\/fumot.uk\/de\/product\/uzy-tornado-30000-puffs-peach-berry-watermelon-mango-peach-dual-flavor-vape\/","title":{"rendered":"UZY Tornado 30000 Z\u00fcge Dual Flavor Einweg-E-Zigaretten \u2013 Pfirsich Beere + Wassermelone Mango Pfirsich (40ml, 850mAh, Type\u2011C, Display)"},"content":{"rendered":"<h2>UZY Tornado 30000 Z\u00fcge Dual\u2011Flavor E-Zigaretten \u2013 Umschaltbare Fruchtschichten in einem Ger\u00e4t<\/h2>\n<p>Der <strong>UZY Tornado 30000 Z\u00fcge<\/strong> ist f\u00fcr Vielfalt gebaut, ohne zus\u00e4tzliche Ger\u00e4te mitzuf\u00fchren. Dank seines <strong>Dual\u2011Flavor Twist-Mundst\u00fccks<\/strong>, k\u00f6nnen Sie in Sekunden zwischen zwei verschiedenen Fruchtmischungen wechseln\u2014sanft, einfach und befriedigend vom ersten Zug bis zum letzten.<\/p>\n<p><a href=\"https:\/\/fumot.uk\/de\/\">Kaufen Sie mehr E-Zigaretten bei fumot.uk<\/a> und entdecken Sie weitere Geschmacks-Kombinationen in der UZY Tornado Serie.<\/p>\n<h3>Enthaltene Dual-Flavors: Pfirsich Beere &amp; Wassermelone Mango Pfirsich<\/h3>\n<p><strong>Pfirsich Beere<\/strong> liefert eine saftige, abgerundete Pfirsichnote, die von einem s\u00fc\u00dfen gemischten Beeren-Finish gehoben wird\u2014hell, ausgewogen und den ganzen Tag leicht zu genie\u00dfen.<\/p>\n<p><strong>Wassermelone Mango Pfirsich<\/strong> mischt knackige Wassermelone mit tropischer Mango und weichem Pfirsich f\u00fcr ein sonnigeres, exotischeres Profil\u2014frisch, fruchtig und gut geschichtet.<\/p>\n<p>Wechseln Sie zwischen ihnen, wann immer Sie m\u00f6chten\u2014perfekt, um Ihre Geschmacksknospen den ganzen Tag \u00fcber erfrischt zu halten.<\/p>\n<h3>Warum Sie die UZY Tornado 30000 Z\u00fcge lieben werden<\/h3>\n<ul>\n<li><strong>Dual Flavor System:<\/strong> Zwei Geschm\u00e4cker in einer Einweg-E-Zigarette\u2014wechseln Sie durch Drehen des Mundst\u00fccks.<\/li>\n<li><strong>Rundum-Anzeige:<\/strong> Klare Ger\u00e4teanzeigen helfen Ihnen, den Batteriestatus und den E\u2011Liquid-Status f\u00fcr beide Geschm\u00e4cker zu verfolgen.<\/li>\n<li><strong>Einstellbarer Luftstrom:<\/strong> Feinabstimmung Ihres Zuges von sanft bis intensiver.<\/li>\n<li><strong>Dual Mesh Coil:<\/strong> Entwickelt f\u00fcr gleichm\u00e4\u00dfiges Erhitzen und sauberen, vollen Geschmack.<\/li>\n<li><strong>40ml E\u2011Liquid Kapazit\u00e4t:<\/strong> Langanhaltende Nutzung mit weniger Ersatz.<\/li>\n<li><strong>Wiederaufladbare 850mAh Batterie:<\/strong> Zuverl\u00e4ssige Leistung mit <strong>Typ\u2011C-Ladung<\/strong>.<\/li>\n<li><strong>Nikotinoptionen:<\/strong> Erh\u00e4ltlich in <strong>0%, 2%, 3%, 5%<\/strong> um Ihre Vorlieben zu erf\u00fcllen.<\/li>\n<\/ul>\n<h3>Geschmacks-Momente (Frische Ideen f\u00fcr Ihren Tag)<\/h3>\n<p><strong>Pfirsich Beere<\/strong> ist eine gro\u00dfartige \u201cs\u00fc\u00df-und-sanft\u201d Wahl f\u00fcr entspannte Sitzungen, w\u00e4hrend <strong>Wassermelone Mango Pfirsich<\/strong> sich heller und tropischer anf\u00fchlt\u2014ideal, wenn Sie eine leichtere, k\u00fchlere Fruchtstimmung w\u00fcnschen. Wechseln Sie zwischen ihnen, um jede Pause neu zu gestalten.<\/p>\n<p><strong>Kategorie-Match:<\/strong> 30000 Z\u00fcge \/ Einweg-E-Zigaretten \/ UZY Tornado 30000 Z\u00fcge. Suchen Sie mehr? Durchst\u00f6bern Sie den <a href=\"https:\/\/fumot.uk\/de\/\">fumot.uk<\/a> Katalog f\u00fcr zus\u00e4tzliche hochpuffige Dual-Flavor E-Zigaretten.<\/p>","protected":false},"excerpt":{"rendered":"<p>Genie\u00dfen Sie zwei fruchtige Mischungen in einem Ger\u00e4t. UZY Tornado 30000 Puffs bietet ein drehbares Dual-Flavor-Mundst\u00fcck (Pfirsichbeere + Wassermelone-Mango-Pfirsich), 40 ml E-Liquid, Dual-Mesh-Spule, einstellbaren Luftstrom, Display und 850mAh Typ-C wiederaufladbare Batterie. Nikotin: 0\/2\/3\/5%.<\/p>","protected":false},"featured_media":1738,"comment_status":"open","ping_status":"closed","template":"","meta":[],"product_brand":[],"product_cat":[125,126,17],"product_tag":[112,20,41,72,23,114,73,48,42,30,26,62,28,32],"class_list":{"0":"post-1692","1":"product","2":"type-product","3":"status-publish","4":"has-post-thumbnail","6":"product_cat-30000-puff","7":"product_cat-uzy-tornado-30000-puffs","8":"product_cat-vape","9":"product_tag-40ml","10":"product_tag-850mah","11":"product_tag-berry","12":"product_tag-direct-to-lung","13":"product_tag-display","14":"product_tag-dual-flavor","15":"product_tag-dual-mesh","16":"product_tag-lemonade","17":"product_tag-mango","18":"product_tag-peach","19":"product_tag-rechargeable","20":"product_tag-sale-vape","21":"product_tag-type-c","22":"product_tag-watermelon","24":"first","25":"instock","26":"sale","27":"shipping-taxable","28":"purchasable","29":"product-type-variable","30":"has-default-attributes"},"yoast_head":"<!-- This site is optimized with the Yoast SEO plugin v26.8 - https:\/\/yoast.com\/product\/yoast-seo-wordpress\/ -->\n<title>UZY Tornado 30000 Puffs Dual Flavor \u2013 Peach Berry<\/title>\n<meta name=\"description\" content=\"UZY Tornado 30000 Puffs dual flavor vape: Peach Berry + Watermelon Mango Peach. 40ml, dual mesh coil, display, airflow control, 850mAh Type\u2011C. 0\/2\/3\/5%.\" \/>\n<meta name=\"robots\" content=\"index, follow, max-snippet:-1, max-image-preview:large, max-video-preview:-1\" \/>\n<link rel=\"canonical\" href=\"https:\/\/fumot.uk\/de\/product\/uzy-tornado-30000-puffs-peach-berry-watermelon-mango-peach-dual-flavor-vape\/\" \/>\n<meta property=\"og:locale\" content=\"de_DE\" \/>\n<meta property=\"og:type\" content=\"article\" \/>\n<meta property=\"og:title\" content=\"UZY Tornado 30000 Puffs \u2013 Peach Berry + Watermelon Mango Peach\" \/>\n<meta property=\"og:description\" content=\"Twist to switch dual flavors in one disposable vape. 40ml e-liquid, dual mesh coil, adjustable airflow, display, 850mAh Type\u2011C rechargeable battery. Nicotine 0\/2\/3\/5%.\" \/>\n<meta property=\"og:url\" content=\"https:\/\/fumot.uk\/de\/product\/uzy-tornado-30000-puffs-peach-berry-watermelon-mango-peach-dual-flavor-vape\/\" \/>\n<meta property=\"og:site_name\" content=\"Fumot Official Direct | Straight from the Factory, 100% Genuine\" \/>\n<meta property=\"article:modified_time\" content=\"2026-01-20T09:13:03+00:00\" \/>\n<meta property=\"og:image\" content=\"https:\/\/fumot.uk\/wp-content\/uploads\/2026\/01\/peach-Berry-watermelon-mango-peach-_UZY-TORNADO-30000Puffs-Disposable-Vape-scaled-1-1024x1024.png\" \/>\n\t<meta property=\"og:image:width\" content=\"1024\" \/>\n\t<meta property=\"og:image:height\" content=\"1024\" \/>\n\t<meta property=\"og:image:type\" content=\"image\/png\" \/>\n<meta name=\"twitter:card\" content=\"summary_large_image\" \/>\n<meta name=\"twitter:label1\" content=\"Gesch\u00e4tzte Lesezeit\" \/>\n\t<meta name=\"twitter:data1\" content=\"2\u00a0Minuten\" \/>\n<script type=\"application\/ld+json\" class=\"yoast-schema-graph\">{\"@context\":\"https:\/\/schema.org\",\"@graph\":[{\"@type\":\"WebPage\",\"@id\":\"https:\/\/fumot.uk\/product\/uzy-tornado-30000-puffs-peach-berry-watermelon-mango-peach-dual-flavor-vape\/\",\"url\":\"https:\/\/fumot.uk\/product\/uzy-tornado-30000-puffs-peach-berry-watermelon-mango-peach-dual-flavor-vape\/\",\"name\":\"UZY Tornado 30000 Puffs Dual Flavor \u2013 Peach Berry\",\"isPartOf\":{\"@id\":\"https:\/\/fumot.uk\/#website\"},\"primaryImageOfPage\":{\"@id\":\"https:\/\/fumot.uk\/product\/uzy-tornado-30000-puffs-peach-berry-watermelon-mango-peach-dual-flavor-vape\/#primaryimage\"},\"image\":{\"@id\":\"https:\/\/fumot.uk\/product\/uzy-tornado-30000-puffs-peach-berry-watermelon-mango-peach-dual-flavor-vape\/#primaryimage\"},\"thumbnailUrl\":\"https:\/\/fumot.uk\/wp-content\/uploads\/2026\/01\/peach-Berry-watermelon-mango-peach-_UZY-TORNADO-30000Puffs-Disposable-Vape-scaled-1.png\",\"datePublished\":\"2026-01-20T08:21:38+00:00\",\"dateModified\":\"2026-01-20T09:13:03+00:00\",\"description\":\"UZY Tornado 30000 Puffs dual flavor vape: Peach Berry + Watermelon Mango Peach. 40ml, dual mesh coil, display, airflow control, 850mAh Type\u2011C. 0\/2\/3\/5%.\",\"breadcrumb\":{\"@id\":\"https:\/\/fumot.uk\/product\/uzy-tornado-30000-puffs-peach-berry-watermelon-mango-peach-dual-flavor-vape\/#breadcrumb\"},\"inLanguage\":\"de\",\"potentialAction\":[{\"@type\":\"ReadAction\",\"target\":[\"https:\/\/fumot.uk\/product\/uzy-tornado-30000-puffs-peach-berry-watermelon-mango-peach-dual-flavor-vape\/\"]}]},{\"@type\":\"ImageObject\",\"inLanguage\":\"de\",\"@id\":\"https:\/\/fumot.uk\/product\/uzy-tornado-30000-puffs-peach-berry-watermelon-mango-peach-dual-flavor-vape\/#primaryimage\",\"url\":\"https:\/\/fumot.uk\/wp-content\/uploads\/2026\/01\/peach-Berry-watermelon-mango-peach-_UZY-TORNADO-30000Puffs-Disposable-Vape-scaled-1.png\",\"contentUrl\":\"https:\/\/fumot.uk\/wp-content\/uploads\/2026\/01\/peach-Berry-watermelon-mango-peach-_UZY-TORNADO-30000Puffs-Disposable-Vape-scaled-1.png\",\"width\":2560,\"height\":2560},{\"@type\":\"BreadcrumbList\",\"@id\":\"https:\/\/fumot.uk\/product\/uzy-tornado-30000-puffs-peach-berry-watermelon-mango-peach-dual-flavor-vape\/#breadcrumb\",\"itemListElement\":[{\"@type\":\"ListItem\",\"position\":1,\"name\":\"Home\",\"item\":\"https:\/\/fumot.uk\/\"},{\"@type\":\"ListItem\",\"position\":2,\"name\":\"Shop\",\"item\":\"https:\/\/fumot.uk\/shop\/\"},{\"@type\":\"ListItem\",\"position\":3,\"name\":\"UZY Tornado 30000 Puffs Dual Flavor Disposable Vape \u2013 Peach Berry + Watermelon Mango Peach (40ml, 850mAh, Type\u2011C, Display)\"}]},{\"@type\":\"WebSite\",\"@id\":\"https:\/\/fumot.uk\/#website\",\"url\":\"https:\/\/fumot.uk\/\",\"name\":\"Fumot Official Direct | Straight from the Factory, 100% Genuine\",\"description\":\"Official Website\",\"publisher\":{\"@id\":\"https:\/\/fumot.uk\/#organization\"},\"potentialAction\":[{\"@type\":\"SearchAction\",\"target\":{\"@type\":\"EntryPoint\",\"urlTemplate\":\"https:\/\/fumot.uk\/?s={search_term_string}\"},\"query-input\":{\"@type\":\"PropertyValueSpecification\",\"valueRequired\":true,\"valueName\":\"search_term_string\"}}],\"inLanguage\":\"de\"},{\"@type\":\"Organization\",\"@id\":\"https:\/\/fumot.uk\/#organization\",\"name\":\"Fumot Official Direct | Straight from the Factory, 100% Genuine\",\"url\":\"https:\/\/fumot.uk\/\",\"logo\":{\"@type\":\"ImageObject\",\"inLanguage\":\"de\",\"@id\":\"https:\/\/fumot.uk\/#\/schema\/logo\/image\/\",\"url\":\"https:\/\/fumot.uk\/wp-content\/uploads\/2026\/01\/cropped-fumot-logo1.png\",\"contentUrl\":\"https:\/\/fumot.uk\/wp-content\/uploads\/2026\/01\/cropped-fumot-logo1.png\",\"width\":152,\"height\":106,\"caption\":\"Fumot Official Direct | Straight from the Factory, 100% Genuine\"},\"image\":{\"@id\":\"https:\/\/fumot.uk\/#\/schema\/logo\/image\/\"}}]}<\/script>\n<!-- \/ Yoast SEO plugin. -->","yoast_head_json":{"title":"UZY Tornado 30000 Z\u00fcge Doppelgeschmack \u2013 Pfirsich Beere","description":"UZY Tornado 30000 Z\u00fcge dual flavor E-Zigaretten: Pfirsich Beere + Wassermelone Mango Pfirsich. 40ml, dual mesh coil, Display, Luftstromkontrolle, 850mAh Typ\u2011C. 0\/2\/3\/5%.","robots":{"index":"index","follow":"follow","max-snippet":"max-snippet:-1","max-image-preview":"max-image-preview:large","max-video-preview":"max-video-preview:-1"},"canonical":"https:\/\/fumot.uk\/de\/product\/uzy-tornado-30000-puffs-peach-berry-watermelon-mango-peach-dual-flavor-vape\/","og_locale":"de_DE","og_type":"article","og_title":"UZY Tornado 30000 Puffs \u2013 Peach Berry + Watermelon Mango Peach","og_description":"Twist to switch dual flavors in one disposable vape. 40ml e-liquid, dual mesh coil, adjustable airflow, display, 850mAh Type\u2011C rechargeable battery. Nicotine 0\/2\/3\/5%.","og_url":"https:\/\/fumot.uk\/de\/product\/uzy-tornado-30000-puffs-peach-berry-watermelon-mango-peach-dual-flavor-vape\/","og_site_name":"Fumot Official Direct | Straight from the Factory, 100% Genuine","article_modified_time":"2026-01-20T09:13:03+00:00","og_image":[{"width":1024,"height":1024,"url":"https:\/\/fumot.uk\/wp-content\/uploads\/2026\/01\/peach-Berry-watermelon-mango-peach-_UZY-TORNADO-30000Puffs-Disposable-Vape-scaled-1-1024x1024.png","type":"image\/png"}],"twitter_card":"summary_large_image","twitter_misc":{"Gesch\u00e4tzte Lesezeit":"2\u00a0Minuten"},"schema":{"@context":"https:\/\/schema.org","@graph":[{"@type":"WebPage","@id":"https:\/\/fumot.uk\/product\/uzy-tornado-30000-puffs-peach-berry-watermelon-mango-peach-dual-flavor-vape\/","url":"https:\/\/fumot.uk\/product\/uzy-tornado-30000-puffs-peach-berry-watermelon-mango-peach-dual-flavor-vape\/","name":"UZY Tornado 30000 Z\u00fcge Doppelgeschmack \u2013 Pfirsich Beere","isPartOf":{"@id":"https:\/\/fumot.uk\/#website"},"primaryImageOfPage":{"@id":"https:\/\/fumot.uk\/product\/uzy-tornado-30000-puffs-peach-berry-watermelon-mango-peach-dual-flavor-vape\/#primaryimage"},"image":{"@id":"https:\/\/fumot.uk\/product\/uzy-tornado-30000-puffs-peach-berry-watermelon-mango-peach-dual-flavor-vape\/#primaryimage"},"thumbnailUrl":"https:\/\/fumot.uk\/wp-content\/uploads\/2026\/01\/peach-Berry-watermelon-mango-peach-_UZY-TORNADO-30000Puffs-Disposable-Vape-scaled-1.png","datePublished":"2026-01-20T08:21:38+00:00","dateModified":"2026-01-20T09:13:03+00:00","description":"UZY Tornado 30000 Z\u00fcge dual flavor E-Zigaretten: Pfirsich Beere + Wassermelone Mango Pfirsich. 40ml, dual mesh coil, Display, Luftstromkontrolle, 850mAh Typ\u2011C. 0\/2\/3\/5%.","breadcrumb":{"@id":"https:\/\/fumot.uk\/product\/uzy-tornado-30000-puffs-peach-berry-watermelon-mango-peach-dual-flavor-vape\/#breadcrumb"},"inLanguage":"de","potentialAction":[{"@type":"ReadAction","target":["https:\/\/fumot.uk\/product\/uzy-tornado-30000-puffs-peach-berry-watermelon-mango-peach-dual-flavor-vape\/"]}]},{"@type":"ImageObject","inLanguage":"de","@id":"https:\/\/fumot.uk\/product\/uzy-tornado-30000-puffs-peach-berry-watermelon-mango-peach-dual-flavor-vape\/#primaryimage","url":"https:\/\/fumot.uk\/wp-content\/uploads\/2026\/01\/peach-Berry-watermelon-mango-peach-_UZY-TORNADO-30000Puffs-Disposable-Vape-scaled-1.png","contentUrl":"https:\/\/fumot.uk\/wp-content\/uploads\/2026\/01\/peach-Berry-watermelon-mango-peach-_UZY-TORNADO-30000Puffs-Disposable-Vape-scaled-1.png","width":2560,"height":2560},{"@type":"BreadcrumbList","@id":"https:\/\/fumot.uk\/product\/uzy-tornado-30000-puffs-peach-berry-watermelon-mango-peach-dual-flavor-vape\/#breadcrumb","itemListElement":[{"@type":"ListItem","position":1,"name":"Home","item":"https:\/\/fumot.uk\/"},{"@type":"ListItem","position":2,"name":"Shop","item":"https:\/\/fumot.uk\/shop\/"},{"@type":"ListItem","position":3,"name":"UZY Tornado 30000 Puffs Dual Flavor Disposable Vape \u2013 Peach Berry + Watermelon Mango Peach (40ml, 850mAh, Type\u2011C, Display)"}]},{"@type":"WebSite","@id":"https:\/\/fumot.uk\/#website","url":"https:\/\/fumot.uk\/","name":"Fumot Offizieller Direkt | Direkt aus der Fabrik, 100% Original","description":"Offizielle Webseite","publisher":{"@id":"https:\/\/fumot.uk\/#organization"},"potentialAction":[{"@type":"SearchAction","target":{"@type":"EntryPoint","urlTemplate":"https:\/\/fumot.uk\/?s={search_term_string}"},"query-input":{"@type":"PropertyValueSpecification","valueRequired":true,"valueName":"search_term_string"}}],"inLanguage":"de"},{"@type":"Organization","@id":"https:\/\/fumot.uk\/#organization","name":"Fumot Offizieller Direkt | Direkt aus der Fabrik, 100% Original","url":"https:\/\/fumot.uk\/","logo":{"@type":"ImageObject","inLanguage":"de","@id":"https:\/\/fumot.uk\/#\/schema\/logo\/image\/","url":"https:\/\/fumot.uk\/wp-content\/uploads\/2026\/01\/cropped-fumot-logo1.png","contentUrl":"https:\/\/fumot.uk\/wp-content\/uploads\/2026\/01\/cropped-fumot-logo1.png","width":152,"height":106,"caption":"Fumot Official Direct | Straight from the Factory, 100% Genuine"},"image":{"@id":"https:\/\/fumot.uk\/#\/schema\/logo\/image\/"}}]}},"_links":{"self":[{"href":"https:\/\/fumot.uk\/de\/wp-json\/wp\/v2\/product\/1692","targetHints":{"allow":["GET"]}}],"collection":[{"href":"https:\/\/fumot.uk\/de\/wp-json\/wp\/v2\/product"}],"about":[{"href":"https:\/\/fumot.uk\/de\/wp-json\/wp\/v2\/types\/product"}],"replies":[{"embeddable":true,"href":"https:\/\/fumot.uk\/de\/wp-json\/wp\/v2\/comments?post=1692"}],"wp:featuredmedia":[{"embeddable":true,"href":"https:\/\/fumot.uk\/de\/wp-json\/wp\/v2\/media\/1738"}],"wp:attachment":[{"href":"https:\/\/fumot.uk\/de\/wp-json\/wp\/v2\/media?parent=1692"}],"wp:term":[{"taxonomy":"product_brand","embeddable":true,"href":"https:\/\/fumot.uk\/de\/wp-json\/wp\/v2\/product_brand?post=1692"},{"taxonomy":"product_cat","embeddable":true,"href":"https:\/\/fumot.uk\/de\/wp-json\/wp\/v2\/product_cat?post=1692"},{"taxonomy":"product_tag","embeddable":true,"href":"https:\/\/fumot.uk\/de\/wp-json\/wp\/v2\/product_tag?post=1692"}],"curies":[{"name":"wp","href":"https:\/\/api.w.org\/{rel}","templated":true}]}}