{"id":1674,"date":"2026-01-20T08:21:12","date_gmt":"2026-01-20T08:21:12","guid":{"rendered":"https:\/\/fumot.uk\/?post_type=product&#038;p=1674"},"modified":"2026-01-20T09:15:59","modified_gmt":"2026-01-20T09:15:59","slug":"uzy-tornado-30000-puffs-strawberry-watermelon-blueberry-raspberry-dual-flavor-vape","status":"publish","type":"product","link":"https:\/\/fumot.uk\/de\/product\/uzy-tornado-30000-puffs-strawberry-watermelon-blueberry-raspberry-dual-flavor-vape\/","title":{"rendered":"UZY Tornado 30000 Puffs Dual Flavor Disposable E-Zigaretten (40ml, 850mAh, Type\u2011C) \u2013 Erdbeere Wassermelone &amp; Blaubeere Himbeere"},"content":{"rendered":"<h2>UZY Tornado 30000 Z\u00fcge \u2013 Dual-Flavor-Switch f\u00fcr t\u00e4gliche Abwechslung<\/h2>\n<p>Der <strong>UZY Tornado 30000 Z\u00fcge<\/strong> ist f\u00fcr E-Zigaretten-Nutzer konzipiert, die mehr Geschmacksvielfalt in einem Ger\u00e4t w\u00fcnschen. Dank seines <strong>Dual-Flavor-<\/strong> Systems k\u00f6nnen Sie <strong>das Mundst\u00fcck drehen<\/strong> zwischen zwei Geschm\u00e4ckern wechseln \u2013 ohne Ger\u00e4tewechsel, ohne Unterbrechung.<\/p>\n<h3>Geschmacksprofil: Erdbeere Wassermelone &amp; Blaubeere Himbeere<\/h3>\n<p>Diese doppelte Kombination bringt eine helle, fruchtige Rotation \u2013 sanfte S\u00fc\u00dfe auf der einen Seite, Beerentiefe auf der anderen \u2013 ideal, wenn Sie im Laufe des Tages Ihre Stimmung \u00e4ndern m\u00f6chten.<\/p>\n<ul>\n<li><strong>Erdbeer Wassermelone<\/strong>: Reife Erdbeers\u00fc\u00dfe, gemischt mit saftiger Wassermelone f\u00fcr ein leichtes, sommerliches Finish.<\/li>\n<li><strong>Blaubeere Himbeere<\/strong>: Kr\u00e4ftige Blaubeernoten, geschichtet mit einem w\u00fcrzigen Himbeerakzent f\u00fcr eine reichhaltigere, lebendigere Beerenmischung.<\/li>\n<\/ul>\n<h3>Entwickelt f\u00fcr Kontrolle &amp; Komfort<\/h3>\n<ul>\n<li><strong>Rundum-Display<\/strong>: Zeigt klar <strong>den Batteriestatus<\/strong> und <strong>E-Liquid-Niveaus f\u00fcr beide Geschmacksrichtungen<\/strong> damit Sie immer wissen, wo Sie stehen.<\/li>\n<li><strong>Einstellbarer Luftstrom<\/strong>: Passen Sie Ihren Zug von sanfter bis intensiver an, je nach Vorliebe.<\/li>\n<li><strong>Dual-Mesh-Spule<\/strong>: Hilft, gleichm\u00e4\u00dfigen Dampf und sauberen Geschmack von Anfang bis Ende zu liefern.<\/li>\n<\/ul>\n<h3>Wichtige Spezifikationen<\/h3>\n<ul>\n<li><strong>Bis zu 30.000 Z\u00fcge<\/strong> (der Verbrauch variiert je nach Zugl\u00e4nge und Einstellungen)<\/li>\n<li><strong>40ml E-Liquid-Kapazit\u00e4t<\/strong><\/li>\n<li><strong>850mAh wiederaufladbaren Akku<\/strong> mit <strong>Typ\u2011C-Ladung<\/strong><\/li>\n<li><strong>Nikotinst\u00e4rken<\/strong>: 0%, 2%, 3%, 5%<\/li>\n<li><strong>Dual-Flavor-Drehschalter<\/strong>: zwei Geschm\u00e4cker in einem Ger\u00e4t<\/li>\n<\/ul>\n<p>Auf der Suche nach mehr langlebigen Optionen? Entdecken Sie mehr unter <a href=\"https:\/\/fumot.uk\/de\/\">fumot.uk<\/a>.<\/p>","protected":false},"excerpt":{"rendered":"<p>Wechseln Sie jederzeit die Geschmacksrichtungen: UZY Tornado 30000 Puffs Dual-Flavor Einweg-E-Zigaretten mit Erdbeer-Wassermelone &amp; Blaubeere-Himbeere, 40ml E-Liquid, 850mAh Typ-C Aufladung, Display + einstellbarer Luftstrom. Nikotin: 0\/2\/3\/5%.<\/p>","protected":false},"featured_media":1724,"comment_status":"open","ping_status":"closed","template":"","meta":[],"product_brand":[],"product_cat":[125,126,17],"product_tag":[112,20,33,72,23,114,73,34,26,62,37,28,32],"class_list":{"0":"post-1674","1":"product","2":"type-product","3":"status-publish","4":"has-post-thumbnail","6":"product_cat-30000-puff","7":"product_cat-uzy-tornado-30000-puffs","8":"product_cat-vape","9":"product_tag-40ml","10":"product_tag-850mah","11":"product_tag-blueberry","12":"product_tag-direct-to-lung","13":"product_tag-display","14":"product_tag-dual-flavor","15":"product_tag-dual-mesh","16":"product_tag-raspberry","17":"product_tag-rechargeable","18":"product_tag-sale-vape","19":"product_tag-strawberry","20":"product_tag-type-c","21":"product_tag-watermelon","23":"first","24":"instock","25":"sale","26":"shipping-taxable","27":"purchasable","28":"product-type-variable","29":"has-default-attributes"},"yoast_head":"<!-- This site is optimized with the Yoast SEO plugin v26.8 - https:\/\/yoast.com\/product\/yoast-seo-wordpress\/ -->\n<title>UZY Tornado 30000 Dual Flavor Vape | 40ml, 850mAh<\/title>\n<meta name=\"description\" content=\"UZY Tornado 30000 Puffs dual\u2011flavor disposable vape: Strawberry Watermelon + Blueberry Raspberry. 40ml, 850mAh Type\u2011C, display, airflow control. 0\/2\/3\/5%.\" \/>\n<meta name=\"robots\" content=\"index, follow, max-snippet:-1, max-image-preview:large, max-video-preview:-1\" \/>\n<link rel=\"canonical\" href=\"https:\/\/fumot.uk\/de\/product\/uzy-tornado-30000-puffs-strawberry-watermelon-blueberry-raspberry-dual-flavor-vape\/\" \/>\n<meta property=\"og:locale\" content=\"de_DE\" \/>\n<meta property=\"og:type\" content=\"article\" \/>\n<meta property=\"og:title\" content=\"UZY Tornado 30000 Puffs \u2013 Dual Flavor Strawberry\/Watermelon &amp; Berry\" \/>\n<meta property=\"og:description\" content=\"Twist to switch between Strawberry Watermelon and Blueberry Raspberry. 40ml e\u2011liquid, 850mAh Type\u2011C recharge, display and adjustable airflow. Shop at fumot.uk.\" \/>\n<meta property=\"og:url\" content=\"https:\/\/fumot.uk\/de\/product\/uzy-tornado-30000-puffs-strawberry-watermelon-blueberry-raspberry-dual-flavor-vape\/\" \/>\n<meta property=\"og:site_name\" content=\"Fumot Official Direct | Straight from the Factory, 100% Genuine\" \/>\n<meta property=\"article:modified_time\" content=\"2026-01-20T09:15:59+00:00\" \/>\n<meta property=\"og:image\" content=\"https:\/\/fumot.uk\/wp-content\/uploads\/2026\/01\/strawberry-Watermelon-blueberry-Raspberry_UZY-TORNADO-30000Puffs-Disposable-Vape-scaled-1-1024x1024.png\" \/>\n\t<meta property=\"og:image:width\" content=\"1024\" \/>\n\t<meta property=\"og:image:height\" content=\"1024\" \/>\n\t<meta property=\"og:image:type\" content=\"image\/png\" \/>\n<meta name=\"twitter:card\" content=\"summary_large_image\" \/>\n<meta name=\"twitter:label1\" content=\"Gesch\u00e4tzte Lesezeit\" \/>\n\t<meta name=\"twitter:data1\" content=\"2\u00a0Minuten\" \/>\n<script type=\"application\/ld+json\" class=\"yoast-schema-graph\">{\"@context\":\"https:\/\/schema.org\",\"@graph\":[{\"@type\":\"WebPage\",\"@id\":\"https:\/\/fumot.uk\/product\/uzy-tornado-30000-puffs-strawberry-watermelon-blueberry-raspberry-dual-flavor-vape\/\",\"url\":\"https:\/\/fumot.uk\/product\/uzy-tornado-30000-puffs-strawberry-watermelon-blueberry-raspberry-dual-flavor-vape\/\",\"name\":\"UZY Tornado 30000 Dual Flavor Vape | 40ml, 850mAh\",\"isPartOf\":{\"@id\":\"https:\/\/fumot.uk\/#website\"},\"primaryImageOfPage\":{\"@id\":\"https:\/\/fumot.uk\/product\/uzy-tornado-30000-puffs-strawberry-watermelon-blueberry-raspberry-dual-flavor-vape\/#primaryimage\"},\"image\":{\"@id\":\"https:\/\/fumot.uk\/product\/uzy-tornado-30000-puffs-strawberry-watermelon-blueberry-raspberry-dual-flavor-vape\/#primaryimage\"},\"thumbnailUrl\":\"https:\/\/fumot.uk\/wp-content\/uploads\/2026\/01\/strawberry-Watermelon-blueberry-Raspberry_UZY-TORNADO-30000Puffs-Disposable-Vape-scaled-1.png\",\"datePublished\":\"2026-01-20T08:21:12+00:00\",\"dateModified\":\"2026-01-20T09:15:59+00:00\",\"description\":\"UZY Tornado 30000 Puffs dual\u2011flavor disposable vape: Strawberry Watermelon + Blueberry Raspberry. 40ml, 850mAh Type\u2011C, display, airflow control. 0\/2\/3\/5%.\",\"breadcrumb\":{\"@id\":\"https:\/\/fumot.uk\/product\/uzy-tornado-30000-puffs-strawberry-watermelon-blueberry-raspberry-dual-flavor-vape\/#breadcrumb\"},\"inLanguage\":\"de\",\"potentialAction\":[{\"@type\":\"ReadAction\",\"target\":[\"https:\/\/fumot.uk\/product\/uzy-tornado-30000-puffs-strawberry-watermelon-blueberry-raspberry-dual-flavor-vape\/\"]}]},{\"@type\":\"ImageObject\",\"inLanguage\":\"de\",\"@id\":\"https:\/\/fumot.uk\/product\/uzy-tornado-30000-puffs-strawberry-watermelon-blueberry-raspberry-dual-flavor-vape\/#primaryimage\",\"url\":\"https:\/\/fumot.uk\/wp-content\/uploads\/2026\/01\/strawberry-Watermelon-blueberry-Raspberry_UZY-TORNADO-30000Puffs-Disposable-Vape-scaled-1.png\",\"contentUrl\":\"https:\/\/fumot.uk\/wp-content\/uploads\/2026\/01\/strawberry-Watermelon-blueberry-Raspberry_UZY-TORNADO-30000Puffs-Disposable-Vape-scaled-1.png\",\"width\":2560,\"height\":2560},{\"@type\":\"BreadcrumbList\",\"@id\":\"https:\/\/fumot.uk\/product\/uzy-tornado-30000-puffs-strawberry-watermelon-blueberry-raspberry-dual-flavor-vape\/#breadcrumb\",\"itemListElement\":[{\"@type\":\"ListItem\",\"position\":1,\"name\":\"Home\",\"item\":\"https:\/\/fumot.uk\/\"},{\"@type\":\"ListItem\",\"position\":2,\"name\":\"Shop\",\"item\":\"https:\/\/fumot.uk\/shop\/\"},{\"@type\":\"ListItem\",\"position\":3,\"name\":\"UZY Tornado 30000 Puffs Dual Flavor Disposable Vape (40ml, 850mAh, Type\u2011C) \u2013 Strawberry Watermelon &#038; Blueberry Raspberry\"}]},{\"@type\":\"WebSite\",\"@id\":\"https:\/\/fumot.uk\/#website\",\"url\":\"https:\/\/fumot.uk\/\",\"name\":\"Fumot Official Direct | Straight from the Factory, 100% Genuine\",\"description\":\"Official Website\",\"publisher\":{\"@id\":\"https:\/\/fumot.uk\/#organization\"},\"potentialAction\":[{\"@type\":\"SearchAction\",\"target\":{\"@type\":\"EntryPoint\",\"urlTemplate\":\"https:\/\/fumot.uk\/?s={search_term_string}\"},\"query-input\":{\"@type\":\"PropertyValueSpecification\",\"valueRequired\":true,\"valueName\":\"search_term_string\"}}],\"inLanguage\":\"de\"},{\"@type\":\"Organization\",\"@id\":\"https:\/\/fumot.uk\/#organization\",\"name\":\"Fumot Official Direct | Straight from the Factory, 100% Genuine\",\"url\":\"https:\/\/fumot.uk\/\",\"logo\":{\"@type\":\"ImageObject\",\"inLanguage\":\"de\",\"@id\":\"https:\/\/fumot.uk\/#\/schema\/logo\/image\/\",\"url\":\"https:\/\/fumot.uk\/wp-content\/uploads\/2026\/01\/cropped-fumot-logo1.png\",\"contentUrl\":\"https:\/\/fumot.uk\/wp-content\/uploads\/2026\/01\/cropped-fumot-logo1.png\",\"width\":152,\"height\":106,\"caption\":\"Fumot Official Direct | Straight from the Factory, 100% Genuine\"},\"image\":{\"@id\":\"https:\/\/fumot.uk\/#\/schema\/logo\/image\/\"}}]}<\/script>\n<!-- \/ Yoast SEO plugin. -->","yoast_head_json":{"title":"UZY Tornado 30000 Dual Flavor E-Zigaretten | 40ml, 850mAh","description":"UZY Tornado 30000 Z\u00fcge dual\u2011Geschmack Einweg E-Zigaretten: Erdbeere Wassermelone + Blaubeere Himbeere. 40ml, 850mAh Typ\u2011C, Display, Luftstromkontrolle. 0\/2\/3\/5%.","robots":{"index":"index","follow":"follow","max-snippet":"max-snippet:-1","max-image-preview":"max-image-preview:large","max-video-preview":"max-video-preview:-1"},"canonical":"https:\/\/fumot.uk\/de\/product\/uzy-tornado-30000-puffs-strawberry-watermelon-blueberry-raspberry-dual-flavor-vape\/","og_locale":"de_DE","og_type":"article","og_title":"UZY Tornado 30000 Puffs \u2013 Dual Flavor Strawberry\/Watermelon & Berry","og_description":"Twist to switch between Strawberry Watermelon and Blueberry Raspberry. 40ml e\u2011liquid, 850mAh Type\u2011C recharge, display and adjustable airflow. Shop at fumot.uk.","og_url":"https:\/\/fumot.uk\/de\/product\/uzy-tornado-30000-puffs-strawberry-watermelon-blueberry-raspberry-dual-flavor-vape\/","og_site_name":"Fumot Official Direct | Straight from the Factory, 100% Genuine","article_modified_time":"2026-01-20T09:15:59+00:00","og_image":[{"width":1024,"height":1024,"url":"https:\/\/fumot.uk\/wp-content\/uploads\/2026\/01\/strawberry-Watermelon-blueberry-Raspberry_UZY-TORNADO-30000Puffs-Disposable-Vape-scaled-1-1024x1024.png","type":"image\/png"}],"twitter_card":"summary_large_image","twitter_misc":{"Gesch\u00e4tzte Lesezeit":"2\u00a0Minuten"},"schema":{"@context":"https:\/\/schema.org","@graph":[{"@type":"WebPage","@id":"https:\/\/fumot.uk\/product\/uzy-tornado-30000-puffs-strawberry-watermelon-blueberry-raspberry-dual-flavor-vape\/","url":"https:\/\/fumot.uk\/product\/uzy-tornado-30000-puffs-strawberry-watermelon-blueberry-raspberry-dual-flavor-vape\/","name":"UZY Tornado 30000 Dual Flavor E-Zigaretten | 40ml, 850mAh","isPartOf":{"@id":"https:\/\/fumot.uk\/#website"},"primaryImageOfPage":{"@id":"https:\/\/fumot.uk\/product\/uzy-tornado-30000-puffs-strawberry-watermelon-blueberry-raspberry-dual-flavor-vape\/#primaryimage"},"image":{"@id":"https:\/\/fumot.uk\/product\/uzy-tornado-30000-puffs-strawberry-watermelon-blueberry-raspberry-dual-flavor-vape\/#primaryimage"},"thumbnailUrl":"https:\/\/fumot.uk\/wp-content\/uploads\/2026\/01\/strawberry-Watermelon-blueberry-Raspberry_UZY-TORNADO-30000Puffs-Disposable-Vape-scaled-1.png","datePublished":"2026-01-20T08:21:12+00:00","dateModified":"2026-01-20T09:15:59+00:00","description":"UZY Tornado 30000 Z\u00fcge dual\u2011Geschmack Einweg E-Zigaretten: Erdbeere Wassermelone + Blaubeere Himbeere. 40ml, 850mAh Typ\u2011C, Display, Luftstromkontrolle. 0\/2\/3\/5%.","breadcrumb":{"@id":"https:\/\/fumot.uk\/product\/uzy-tornado-30000-puffs-strawberry-watermelon-blueberry-raspberry-dual-flavor-vape\/#breadcrumb"},"inLanguage":"de","potentialAction":[{"@type":"ReadAction","target":["https:\/\/fumot.uk\/product\/uzy-tornado-30000-puffs-strawberry-watermelon-blueberry-raspberry-dual-flavor-vape\/"]}]},{"@type":"ImageObject","inLanguage":"de","@id":"https:\/\/fumot.uk\/product\/uzy-tornado-30000-puffs-strawberry-watermelon-blueberry-raspberry-dual-flavor-vape\/#primaryimage","url":"https:\/\/fumot.uk\/wp-content\/uploads\/2026\/01\/strawberry-Watermelon-blueberry-Raspberry_UZY-TORNADO-30000Puffs-Disposable-Vape-scaled-1.png","contentUrl":"https:\/\/fumot.uk\/wp-content\/uploads\/2026\/01\/strawberry-Watermelon-blueberry-Raspberry_UZY-TORNADO-30000Puffs-Disposable-Vape-scaled-1.png","width":2560,"height":2560},{"@type":"BreadcrumbList","@id":"https:\/\/fumot.uk\/product\/uzy-tornado-30000-puffs-strawberry-watermelon-blueberry-raspberry-dual-flavor-vape\/#breadcrumb","itemListElement":[{"@type":"ListItem","position":1,"name":"Home","item":"https:\/\/fumot.uk\/"},{"@type":"ListItem","position":2,"name":"Shop","item":"https:\/\/fumot.uk\/shop\/"},{"@type":"ListItem","position":3,"name":"UZY Tornado 30000 Puffs Dual Flavor Disposable Vape (40ml, 850mAh, Type\u2011C) \u2013 Strawberry Watermelon &#038; Blueberry Raspberry"}]},{"@type":"WebSite","@id":"https:\/\/fumot.uk\/#website","url":"https:\/\/fumot.uk\/","name":"Fumot Offizieller Direkt | Direkt aus der Fabrik, 100% Original","description":"Offizielle Webseite","publisher":{"@id":"https:\/\/fumot.uk\/#organization"},"potentialAction":[{"@type":"SearchAction","target":{"@type":"EntryPoint","urlTemplate":"https:\/\/fumot.uk\/?s={search_term_string}"},"query-input":{"@type":"PropertyValueSpecification","valueRequired":true,"valueName":"search_term_string"}}],"inLanguage":"de"},{"@type":"Organization","@id":"https:\/\/fumot.uk\/#organization","name":"Fumot Offizieller Direkt | Direkt aus der Fabrik, 100% Original","url":"https:\/\/fumot.uk\/","logo":{"@type":"ImageObject","inLanguage":"de","@id":"https:\/\/fumot.uk\/#\/schema\/logo\/image\/","url":"https:\/\/fumot.uk\/wp-content\/uploads\/2026\/01\/cropped-fumot-logo1.png","contentUrl":"https:\/\/fumot.uk\/wp-content\/uploads\/2026\/01\/cropped-fumot-logo1.png","width":152,"height":106,"caption":"Fumot Official Direct | Straight from the Factory, 100% Genuine"},"image":{"@id":"https:\/\/fumot.uk\/#\/schema\/logo\/image\/"}}]}},"_links":{"self":[{"href":"https:\/\/fumot.uk\/de\/wp-json\/wp\/v2\/product\/1674","targetHints":{"allow":["GET"]}}],"collection":[{"href":"https:\/\/fumot.uk\/de\/wp-json\/wp\/v2\/product"}],"about":[{"href":"https:\/\/fumot.uk\/de\/wp-json\/wp\/v2\/types\/product"}],"replies":[{"embeddable":true,"href":"https:\/\/fumot.uk\/de\/wp-json\/wp\/v2\/comments?post=1674"}],"wp:featuredmedia":[{"embeddable":true,"href":"https:\/\/fumot.uk\/de\/wp-json\/wp\/v2\/media\/1724"}],"wp:attachment":[{"href":"https:\/\/fumot.uk\/de\/wp-json\/wp\/v2\/media?parent=1674"}],"wp:term":[{"taxonomy":"product_brand","embeddable":true,"href":"https:\/\/fumot.uk\/de\/wp-json\/wp\/v2\/product_brand?post=1674"},{"taxonomy":"product_cat","embeddable":true,"href":"https:\/\/fumot.uk\/de\/wp-json\/wp\/v2\/product_cat?post=1674"},{"taxonomy":"product_tag","embeddable":true,"href":"https:\/\/fumot.uk\/de\/wp-json\/wp\/v2\/product_tag?post=1674"}],"curies":[{"name":"wp","href":"https:\/\/api.w.org\/{rel}","templated":true}]}}