{"id":1672,"date":"2026-01-20T08:21:11","date_gmt":"2026-01-20T08:21:11","guid":{"rendered":"https:\/\/fumot.uk\/?post_type=product&#038;p=1672"},"modified":"2026-01-20T09:18:48","modified_gmt":"2026-01-20T09:18:48","slug":"uzy-tornado-30000-puffs-watermelon-ice-lemon-lime-dual-flavor-vape","status":"publish","type":"product","link":"https:\/\/fumot.uk\/de\/product\/uzy-tornado-30000-puffs-watermelon-ice-lemon-lime-dual-flavor-vape\/","title":{"rendered":"UZY Tornado 30000 Z\u00fcge Dual Flavor Einweg-E-Zigaretten \u2013 Wassermelone Eis &amp; Zitrone Limette | 40ml, 850mAh, Typ\u2011C, Display"},"content":{"rendered":"<h2>UZY Tornado 30000 Z\u00fcge Dual-Flavor E-Zigaretten (Wassermelone Eis &amp; Zitrone Limette)<\/h2>\n<p>Treffen Sie die <strong>UZY Tornado 30000 Z\u00fcge<\/strong>\u2014a <strong>Dual-Flavor Einweg-E-Zigaretten<\/strong> gebaut f\u00fcr Vielfalt und lange Sitzungen. Einfach <strong>das Mundst\u00fcck drehen<\/strong> um jederzeit zwischen zwei Geschmacksrichtungen zu wechseln\u2014kein zweites Ger\u00e4t, kein Aufwand. Entdecken Sie mehr Optionen in unserer <a href=\"https:\/\/fumot.uk\/de\/product-category\/uzy-tornado-30000-puffs\/\">UZY Tornado 30000 Z\u00fcge Kollektion<\/a>.<\/p>\n<h3>Zwei sommerfrische Geschmacksrichtungen in einem Ger\u00e4t<\/h3>\n<p><strong>Wassermelone Eis<\/strong> liefert saftige Wassermelonen-S\u00fc\u00dfe, abgerundet mit einer sauberen, k\u00fchlen Brise\u2014knackig und den ganzen Tag \u00fcber leicht zu genie\u00dfen.<\/p>\n<p><strong>Zitrone Limette<\/strong> mischt helles Zitrone mit spritziger Limette f\u00fcr ein sprudelndes Zitrusprofil mit leichter S\u00fc\u00dfe\u2014wie eine gek\u00fchlte Limonaden-E-Zigaretten.<\/p>\n<p>Wechseln Sie zwischen <strong>fruchtig-k\u00fchl<\/strong> und <strong>zitrus-hell<\/strong> in Sekunden, um jeden Zug frisch zu halten.<\/p>\n<h3>Gebaut f\u00fcr Kontrolle, Komfort und Konsistenz<\/h3>\n<ul>\n<li><strong>Rundum-Anzeige<\/strong>: zeigt klar <strong>Batterie<\/strong> und <strong>E-Liquid-St\u00e4nde<\/strong> f\u00fcr beide Geschmacksrichtungen auf einen Blick.<\/li>\n<li><strong>Einstellbarer Luftstrom<\/strong>: passen Sie Ihren Zug von sanfter bis intensiver an.<\/li>\n<li><strong>Dual-Mesh-Coil<\/strong>: entwickelt f\u00fcr gleichm\u00e4\u00dfiges Erhitzen und stetige Geschmacksabgabe.<\/li>\n<\/ul>\n<h3>Wichtige Spezifikationen<\/h3>\n<ul>\n<li><strong>Bis zu 30000 Z\u00fcge<\/strong> (variiert je nach Nutzung)<\/li>\n<li><strong>40ml E-Liquid-Kapazit\u00e4t<\/strong><\/li>\n<li><strong>850mAh wiederaufladbaren Akku<\/strong><\/li>\n<li><strong>Typ\u2011C-Ladung<\/strong><\/li>\n<li><strong>Nikotinst\u00e4rken<\/strong>: 0%, 2%, 3%, 5%<\/li>\n<li><strong>Stil<\/strong>: Dual-Flavor Einweg-E-Zigaretten mit Drehschalter<\/li>\n<\/ul>\n<h3>Warum es in Ihre t\u00e4gliche Rotation passt<\/h3>\n<p>Wenn Sie <strong>eisfrisches Obst<\/strong> und <strong>scharfer Zitrus<\/strong>, dieses UZY Tornado-Paar h\u00e4lt die Dinge lebendig\u2014k\u00fchle Wassermelone, wenn Sie eine sanfte Erfrischung m\u00f6chten, und Zitrone-Limette, wenn Sie einen helleren, kr\u00e4ftigeren Kick wollen. Entdecken Sie mehr Dual-Flavor E-Zigaretten auf <a href=\"https:\/\/fumot.uk\/de\/\">fumot.uk<\/a>.<\/p>","protected":false},"excerpt":{"rendered":"<p>Dual-Flavor UZY Tornado 30000 Z\u00fcge Einweg-E-Zigaretten mit Drehmechanismus zum Wechseln zwischen Wassermelone Eis &amp; Zitrone Limette. 40ml, 850mAh wiederaufladbar, Typ-C, Display, einstellbarer Luftstrom, Dual-Mesh-Spule. Nikotin: 0\/2\/3\/5%.<\/p>","protected":false},"featured_media":1722,"comment_status":"open","ping_status":"closed","template":"","meta":[],"product_brand":[],"product_cat":[125,126,17],"product_tag":[112,20,72,23,114,73,29,67,26,62,28,32],"class_list":{"0":"post-1672","1":"product","2":"type-product","3":"status-publish","4":"has-post-thumbnail","6":"product_cat-30000-puff","7":"product_cat-uzy-tornado-30000-puffs","8":"product_cat-vape","9":"product_tag-40ml","10":"product_tag-850mah","11":"product_tag-direct-to-lung","12":"product_tag-display","13":"product_tag-dual-flavor","14":"product_tag-dual-mesh","15":"product_tag-ice","16":"product_tag-lemon-and-lime","17":"product_tag-rechargeable","18":"product_tag-sale-vape","19":"product_tag-type-c","20":"product_tag-watermelon","22":"first","23":"instock","24":"sale","25":"shipping-taxable","26":"purchasable","27":"product-type-variable","28":"has-default-attributes"},"yoast_head":"<!-- This site is optimized with the Yoast SEO plugin v26.8 - https:\/\/yoast.com\/product\/yoast-seo-wordpress\/ -->\n<title>UZY Tornado 30000 Puffs Watermelon Ice &amp; Lemon Lime<\/title>\n<meta name=\"description\" content=\"UZY Tornado 30000 Puffs dual\u2011flavor disposable vape: twist to switch Watermelon Ice &amp; Lemon Lime. 40ml, 850mAh Type\u2011C, display, airflow control.\" \/>\n<meta name=\"robots\" content=\"index, follow, max-snippet:-1, max-image-preview:large, max-video-preview:-1\" \/>\n<link rel=\"canonical\" href=\"https:\/\/fumot.uk\/de\/product\/uzy-tornado-30000-puffs-watermelon-ice-lemon-lime-dual-flavor-vape\/\" \/>\n<meta property=\"og:locale\" content=\"de_DE\" \/>\n<meta property=\"og:type\" content=\"article\" \/>\n<meta property=\"og:title\" content=\"UZY Tornado 30000 Puffs \u2013 Watermelon Ice &amp; Lemon Lime (Dual Flavor)\" \/>\n<meta property=\"og:description\" content=\"Twist to switch between Watermelon Ice and Lemon Lime. 40ml e\u2011liquid, 850mAh rechargeable battery, Type\u2011C charging, display, adjustable airflow and dual mesh coil.\" \/>\n<meta property=\"og:url\" content=\"https:\/\/fumot.uk\/de\/product\/uzy-tornado-30000-puffs-watermelon-ice-lemon-lime-dual-flavor-vape\/\" \/>\n<meta property=\"og:site_name\" content=\"Fumot Official Direct | Straight from the Factory, 100% Genuine\" \/>\n<meta property=\"article:modified_time\" content=\"2026-01-20T09:18:48+00:00\" \/>\n<meta property=\"og:image\" content=\"https:\/\/fumot.uk\/wp-content\/uploads\/2026\/01\/UZY-Tornado-30Puffs-Disposable-Vape-watermelon-ice-Lemon-lime-scaled-1-1024x1024.png\" \/>\n\t<meta property=\"og:image:width\" content=\"1024\" \/>\n\t<meta property=\"og:image:height\" content=\"1024\" \/>\n\t<meta property=\"og:image:type\" content=\"image\/png\" \/>\n<meta name=\"twitter:card\" content=\"summary_large_image\" \/>\n<meta name=\"twitter:label1\" content=\"Gesch\u00e4tzte Lesezeit\" \/>\n\t<meta name=\"twitter:data1\" content=\"2\u00a0Minuten\" \/>\n<script type=\"application\/ld+json\" class=\"yoast-schema-graph\">{\"@context\":\"https:\/\/schema.org\",\"@graph\":[{\"@type\":\"WebPage\",\"@id\":\"https:\/\/fumot.uk\/product\/uzy-tornado-30000-puffs-watermelon-ice-lemon-lime-dual-flavor-vape\/\",\"url\":\"https:\/\/fumot.uk\/product\/uzy-tornado-30000-puffs-watermelon-ice-lemon-lime-dual-flavor-vape\/\",\"name\":\"UZY Tornado 30000 Puffs Watermelon Ice & Lemon Lime\",\"isPartOf\":{\"@id\":\"https:\/\/fumot.uk\/#website\"},\"primaryImageOfPage\":{\"@id\":\"https:\/\/fumot.uk\/product\/uzy-tornado-30000-puffs-watermelon-ice-lemon-lime-dual-flavor-vape\/#primaryimage\"},\"image\":{\"@id\":\"https:\/\/fumot.uk\/product\/uzy-tornado-30000-puffs-watermelon-ice-lemon-lime-dual-flavor-vape\/#primaryimage\"},\"thumbnailUrl\":\"https:\/\/fumot.uk\/wp-content\/uploads\/2026\/01\/UZY-Tornado-30Puffs-Disposable-Vape-watermelon-ice-Lemon-lime-scaled-1.png\",\"datePublished\":\"2026-01-20T08:21:11+00:00\",\"dateModified\":\"2026-01-20T09:18:48+00:00\",\"description\":\"UZY Tornado 30000 Puffs dual\u2011flavor disposable vape: twist to switch Watermelon Ice & Lemon Lime. 40ml, 850mAh Type\u2011C, display, airflow control.\",\"breadcrumb\":{\"@id\":\"https:\/\/fumot.uk\/product\/uzy-tornado-30000-puffs-watermelon-ice-lemon-lime-dual-flavor-vape\/#breadcrumb\"},\"inLanguage\":\"de\",\"potentialAction\":[{\"@type\":\"ReadAction\",\"target\":[\"https:\/\/fumot.uk\/product\/uzy-tornado-30000-puffs-watermelon-ice-lemon-lime-dual-flavor-vape\/\"]}]},{\"@type\":\"ImageObject\",\"inLanguage\":\"de\",\"@id\":\"https:\/\/fumot.uk\/product\/uzy-tornado-30000-puffs-watermelon-ice-lemon-lime-dual-flavor-vape\/#primaryimage\",\"url\":\"https:\/\/fumot.uk\/wp-content\/uploads\/2026\/01\/UZY-Tornado-30Puffs-Disposable-Vape-watermelon-ice-Lemon-lime-scaled-1.png\",\"contentUrl\":\"https:\/\/fumot.uk\/wp-content\/uploads\/2026\/01\/UZY-Tornado-30Puffs-Disposable-Vape-watermelon-ice-Lemon-lime-scaled-1.png\",\"width\":2560,\"height\":2560},{\"@type\":\"BreadcrumbList\",\"@id\":\"https:\/\/fumot.uk\/product\/uzy-tornado-30000-puffs-watermelon-ice-lemon-lime-dual-flavor-vape\/#breadcrumb\",\"itemListElement\":[{\"@type\":\"ListItem\",\"position\":1,\"name\":\"Home\",\"item\":\"https:\/\/fumot.uk\/\"},{\"@type\":\"ListItem\",\"position\":2,\"name\":\"Shop\",\"item\":\"https:\/\/fumot.uk\/shop\/\"},{\"@type\":\"ListItem\",\"position\":3,\"name\":\"UZY Tornado 30000 Puffs Dual Flavor Disposable Vape \u2013 Watermelon Ice &#038; Lemon Lime | 40ml, 850mAh, Type\u2011C, Display\"}]},{\"@type\":\"WebSite\",\"@id\":\"https:\/\/fumot.uk\/#website\",\"url\":\"https:\/\/fumot.uk\/\",\"name\":\"Fumot Official Direct | Straight from the Factory, 100% Genuine\",\"description\":\"Official Website\",\"publisher\":{\"@id\":\"https:\/\/fumot.uk\/#organization\"},\"potentialAction\":[{\"@type\":\"SearchAction\",\"target\":{\"@type\":\"EntryPoint\",\"urlTemplate\":\"https:\/\/fumot.uk\/?s={search_term_string}\"},\"query-input\":{\"@type\":\"PropertyValueSpecification\",\"valueRequired\":true,\"valueName\":\"search_term_string\"}}],\"inLanguage\":\"de\"},{\"@type\":\"Organization\",\"@id\":\"https:\/\/fumot.uk\/#organization\",\"name\":\"Fumot Official Direct | Straight from the Factory, 100% Genuine\",\"url\":\"https:\/\/fumot.uk\/\",\"logo\":{\"@type\":\"ImageObject\",\"inLanguage\":\"de\",\"@id\":\"https:\/\/fumot.uk\/#\/schema\/logo\/image\/\",\"url\":\"https:\/\/fumot.uk\/wp-content\/uploads\/2026\/01\/cropped-fumot-logo1.png\",\"contentUrl\":\"https:\/\/fumot.uk\/wp-content\/uploads\/2026\/01\/cropped-fumot-logo1.png\",\"width\":152,\"height\":106,\"caption\":\"Fumot Official Direct | Straight from the Factory, 100% Genuine\"},\"image\":{\"@id\":\"https:\/\/fumot.uk\/#\/schema\/logo\/image\/\"}}]}<\/script>\n<!-- \/ Yoast SEO plugin. -->","yoast_head_json":{"title":"UZY Tornado 30000 Z\u00fcge Wassermelone Eis &amp; Zitrone Limette","description":"UZY Tornado 30000 Z\u00fcge Dual-Flavor Einweg-E-Zigaretten: Drehen, um zwischen Wassermelone Eis &amp; Zitrone Limette zu wechseln. 40ml, 850mAh Typ-C, Display, Luftstromregelung.","robots":{"index":"index","follow":"follow","max-snippet":"max-snippet:-1","max-image-preview":"max-image-preview:large","max-video-preview":"max-video-preview:-1"},"canonical":"https:\/\/fumot.uk\/de\/product\/uzy-tornado-30000-puffs-watermelon-ice-lemon-lime-dual-flavor-vape\/","og_locale":"de_DE","og_type":"article","og_title":"UZY Tornado 30000 Puffs \u2013 Watermelon Ice & Lemon Lime (Dual Flavor)","og_description":"Twist to switch between Watermelon Ice and Lemon Lime. 40ml e\u2011liquid, 850mAh rechargeable battery, Type\u2011C charging, display, adjustable airflow and dual mesh coil.","og_url":"https:\/\/fumot.uk\/de\/product\/uzy-tornado-30000-puffs-watermelon-ice-lemon-lime-dual-flavor-vape\/","og_site_name":"Fumot Official Direct | Straight from the Factory, 100% Genuine","article_modified_time":"2026-01-20T09:18:48+00:00","og_image":[{"width":1024,"height":1024,"url":"https:\/\/fumot.uk\/wp-content\/uploads\/2026\/01\/UZY-Tornado-30Puffs-Disposable-Vape-watermelon-ice-Lemon-lime-scaled-1-1024x1024.png","type":"image\/png"}],"twitter_card":"summary_large_image","twitter_misc":{"Gesch\u00e4tzte Lesezeit":"2\u00a0Minuten"},"schema":{"@context":"https:\/\/schema.org","@graph":[{"@type":"WebPage","@id":"https:\/\/fumot.uk\/product\/uzy-tornado-30000-puffs-watermelon-ice-lemon-lime-dual-flavor-vape\/","url":"https:\/\/fumot.uk\/product\/uzy-tornado-30000-puffs-watermelon-ice-lemon-lime-dual-flavor-vape\/","name":"UZY Tornado 30000 Z\u00fcge Wassermelone Eis &amp; Zitrone Limette","isPartOf":{"@id":"https:\/\/fumot.uk\/#website"},"primaryImageOfPage":{"@id":"https:\/\/fumot.uk\/product\/uzy-tornado-30000-puffs-watermelon-ice-lemon-lime-dual-flavor-vape\/#primaryimage"},"image":{"@id":"https:\/\/fumot.uk\/product\/uzy-tornado-30000-puffs-watermelon-ice-lemon-lime-dual-flavor-vape\/#primaryimage"},"thumbnailUrl":"https:\/\/fumot.uk\/wp-content\/uploads\/2026\/01\/UZY-Tornado-30Puffs-Disposable-Vape-watermelon-ice-Lemon-lime-scaled-1.png","datePublished":"2026-01-20T08:21:11+00:00","dateModified":"2026-01-20T09:18:48+00:00","description":"UZY Tornado 30000 Z\u00fcge Dual-Flavor Einweg-E-Zigaretten: Drehen, um zwischen Wassermelone Eis &amp; Zitrone Limette zu wechseln. 40ml, 850mAh Typ-C, Display, Luftstromregelung.","breadcrumb":{"@id":"https:\/\/fumot.uk\/product\/uzy-tornado-30000-puffs-watermelon-ice-lemon-lime-dual-flavor-vape\/#breadcrumb"},"inLanguage":"de","potentialAction":[{"@type":"ReadAction","target":["https:\/\/fumot.uk\/product\/uzy-tornado-30000-puffs-watermelon-ice-lemon-lime-dual-flavor-vape\/"]}]},{"@type":"ImageObject","inLanguage":"de","@id":"https:\/\/fumot.uk\/product\/uzy-tornado-30000-puffs-watermelon-ice-lemon-lime-dual-flavor-vape\/#primaryimage","url":"https:\/\/fumot.uk\/wp-content\/uploads\/2026\/01\/UZY-Tornado-30Puffs-Disposable-Vape-watermelon-ice-Lemon-lime-scaled-1.png","contentUrl":"https:\/\/fumot.uk\/wp-content\/uploads\/2026\/01\/UZY-Tornado-30Puffs-Disposable-Vape-watermelon-ice-Lemon-lime-scaled-1.png","width":2560,"height":2560},{"@type":"BreadcrumbList","@id":"https:\/\/fumot.uk\/product\/uzy-tornado-30000-puffs-watermelon-ice-lemon-lime-dual-flavor-vape\/#breadcrumb","itemListElement":[{"@type":"ListItem","position":1,"name":"Home","item":"https:\/\/fumot.uk\/"},{"@type":"ListItem","position":2,"name":"Shop","item":"https:\/\/fumot.uk\/shop\/"},{"@type":"ListItem","position":3,"name":"UZY Tornado 30000 Puffs Dual Flavor Disposable Vape \u2013 Watermelon Ice &#038; Lemon Lime | 40ml, 850mAh, Type\u2011C, Display"}]},{"@type":"WebSite","@id":"https:\/\/fumot.uk\/#website","url":"https:\/\/fumot.uk\/","name":"Fumot Offizieller Direkt | Direkt aus der Fabrik, 100% Original","description":"Offizielle Webseite","publisher":{"@id":"https:\/\/fumot.uk\/#organization"},"potentialAction":[{"@type":"SearchAction","target":{"@type":"EntryPoint","urlTemplate":"https:\/\/fumot.uk\/?s={search_term_string}"},"query-input":{"@type":"PropertyValueSpecification","valueRequired":true,"valueName":"search_term_string"}}],"inLanguage":"de"},{"@type":"Organization","@id":"https:\/\/fumot.uk\/#organization","name":"Fumot Offizieller Direkt | Direkt aus der Fabrik, 100% Original","url":"https:\/\/fumot.uk\/","logo":{"@type":"ImageObject","inLanguage":"de","@id":"https:\/\/fumot.uk\/#\/schema\/logo\/image\/","url":"https:\/\/fumot.uk\/wp-content\/uploads\/2026\/01\/cropped-fumot-logo1.png","contentUrl":"https:\/\/fumot.uk\/wp-content\/uploads\/2026\/01\/cropped-fumot-logo1.png","width":152,"height":106,"caption":"Fumot Official Direct | Straight from the Factory, 100% Genuine"},"image":{"@id":"https:\/\/fumot.uk\/#\/schema\/logo\/image\/"}}]}},"_links":{"self":[{"href":"https:\/\/fumot.uk\/de\/wp-json\/wp\/v2\/product\/1672","targetHints":{"allow":["GET"]}}],"collection":[{"href":"https:\/\/fumot.uk\/de\/wp-json\/wp\/v2\/product"}],"about":[{"href":"https:\/\/fumot.uk\/de\/wp-json\/wp\/v2\/types\/product"}],"replies":[{"embeddable":true,"href":"https:\/\/fumot.uk\/de\/wp-json\/wp\/v2\/comments?post=1672"}],"wp:featuredmedia":[{"embeddable":true,"href":"https:\/\/fumot.uk\/de\/wp-json\/wp\/v2\/media\/1722"}],"wp:attachment":[{"href":"https:\/\/fumot.uk\/de\/wp-json\/wp\/v2\/media?parent=1672"}],"wp:term":[{"taxonomy":"product_brand","embeddable":true,"href":"https:\/\/fumot.uk\/de\/wp-json\/wp\/v2\/product_brand?post=1672"},{"taxonomy":"product_cat","embeddable":true,"href":"https:\/\/fumot.uk\/de\/wp-json\/wp\/v2\/product_cat?post=1672"},{"taxonomy":"product_tag","embeddable":true,"href":"https:\/\/fumot.uk\/de\/wp-json\/wp\/v2\/product_tag?post=1672"}],"curies":[{"name":"wp","href":"https:\/\/api.w.org\/{rel}","templated":true}]}}