{"id":137,"date":"2026-01-20T02:40:55","date_gmt":"2026-01-20T02:40:55","guid":{"rendered":"https:\/\/fumot.uk\/?post_type=product&#038;p=137"},"modified":"2026-01-20T07:11:50","modified_gmt":"2026-01-20T07:11:50","slug":"cherry-randm-tornado-12000-puffs","status":"publish","type":"product","link":"https:\/\/fumot.uk\/de\/product\/cherry-randm-tornado-12000-puffs\/","title":{"rendered":"RAndM Tornado 12000 Puffs Cherry Einweg E-Zigaretten \u2013 20ml, 850mAh, LED-Anzeige, Mesh Coil (0\/2\/3\/5%)"},"content":{"rendered":"<p><strong>RAndM Tornado 12000 Z\u00fcge Kirsche<\/strong> ist gemacht f\u00fcr Dampfer, die einen sauberen, modernen Look und einen gleichm\u00e4\u00dfig sanften Zug w\u00fcnschen \u2013 egal, ob Sie f\u00fcr den Tag unterwegs sind oder leicht f\u00fcr eine Reise packen. Mit einem <strong>850mAh wiederaufladbaren Akku<\/strong>, <strong>Typ\u2011C-Ladung<\/strong>, und einem intelligenten <strong>LED-Display<\/strong> Anzeige des Batterie- und E-Liquid-Status ist es einfach, Ihre E-Zigaretten auf einen Blick im Auge zu behalten.<\/p>\n<p><strong>Kirschgeschmack<\/strong> liefert ein helles, s\u00fc\u00dfes Kirschbonbon-Aroma mit einem fruchtigen Abgang, der vom ersten bis zum letzten Zug angenehm und ausgewogen bleibt. Wenn Sie klassische Fruchtprofile lieben, ist Kirsche eine einfache Wahl f\u00fcr den ganzen Tag \u2013 einfach, vertraut und zufriedenstellend.<\/p>\n<h3>Hauptmerkmale<\/h3>\n<ul>\n<li><strong>Bis zu 12.000 Z\u00fcge<\/strong> pro Ger\u00e4t (Nutzung variiert)<\/li>\n<li><strong>20ml E\u2011Liquid<\/strong> Kapazit\u00e4t<\/li>\n<li><strong>Nikotinsalze:<\/strong> 0% \/ 2% \/ 3% \/ 5%<\/li>\n<li><strong>Mesh-Spule<\/strong> f\u00fcr sanften, geschmackvollen Dampf<\/li>\n<li><strong>850mAh eingebauter wiederaufladbarer Akku<\/strong><\/li>\n<li><strong>LED-Display<\/strong> f\u00fcr Batterie- &amp; E-Liquid-Stand<\/li>\n<li><strong>Typ\u2011C-Ladung<\/strong> (Kabel nicht garantiert enthalten)<\/li>\n<li><strong>40 Geschmacksrichtungen verf\u00fcgbar<\/strong> in der Serie<\/li>\n<\/ul>\n<h3>Warum die Kirsche RAndM Tornado 12000 w\u00e4hlen?<\/h3>\n<p>Sie kombiniert eine langanhaltende Zuganzahl mit allt\u00e4glicher Bequemlichkeit \u2013 bei Bedarf aufladen, Pegel auf dem Bildschirm \u00fcberwachen und einen zuverl\u00e4ssigen fruchtigen Geschmack genie\u00dfen, unterst\u00fctzt durch Mesh-Coil-Leistung.<\/p>\n<p>Entdecken Sie mehr Geschm\u00e4cker und die gesamte Kollektion auf <strong><a href=\"https:\/\/fumot.uk\/de\/\">fumot.uk<\/a><\/strong>. Sie k\u00f6nnen auch die Serie hier durchsuchen: <a href=\"https:\/\/fumot.uk\/de\/product-category\/randm-tornado-12000-puffs\/\">RAndM Tornado 12000 Z\u00fcge<\/a>, oder entdecken Sie weitere Fruchtoptionen \u00fcber <a href=\"https:\/\/fumot.uk\/de\/product-tag\/cherry\/\">Kirsche<\/a>.<\/p>","protected":false},"excerpt":{"rendered":"<p>RAndM Tornado 12000 Puffs Cherry Einweg-E-Zigaretten mit 20ml E-Liquid, 850mAh wiederaufladbare Batterie, Typ-C-Ladung, LED-Anzeige und Mesh-Spule. Nikotinsalze: 0\/2\/3\/5%.<\/p>","protected":false},"featured_media":180,"comment_status":"open","ping_status":"closed","template":"","meta":[],"product_brand":[],"product_cat":[58,59,17],"product_tag":[60,20,36,23,25,26,62,28],"class_list":{"0":"post-137","1":"product","2":"type-product","3":"status-publish","4":"has-post-thumbnail","6":"product_cat-12000-puff","7":"product_cat-randm-tornado-12000-puffs","8":"product_cat-vape","9":"product_tag-20ml","10":"product_tag-850mah","11":"product_tag-cherry","12":"product_tag-display","13":"product_tag-mesh-coil","14":"product_tag-rechargeable","15":"product_tag-sale-vape","16":"product_tag-type-c","18":"first","19":"instock","20":"sale","21":"shipping-taxable","22":"purchasable","23":"product-type-variable","24":"has-default-attributes"},"yoast_head":"<!-- This site is optimized with the Yoast SEO plugin v26.8 - https:\/\/yoast.com\/product\/yoast-seo-wordpress\/ -->\n<title>RAndM Tornado 12000 Puffs Cherry | 20ml, 850mAh<\/title>\n<meta name=\"description\" content=\"Shop RAndM Tornado 12000 Puffs Cherry: 20ml e\u2011liquid, 850mAh rechargeable battery, Type\u2011C, LED display &amp; mesh coil. Nic salts 0\/2\/3\/5% at fumot.uk.\" \/>\n<meta name=\"robots\" content=\"index, follow, max-snippet:-1, max-image-preview:large, max-video-preview:-1\" \/>\n<link rel=\"canonical\" href=\"https:\/\/fumot.uk\/de\/product\/cherry-randm-tornado-12000-puffs\/\" \/>\n<meta property=\"og:locale\" content=\"de_DE\" \/>\n<meta property=\"og:type\" content=\"article\" \/>\n<meta property=\"og:title\" content=\"Cherry RAndM Tornado 12000 Puffs \u2013 Smooth Fruit Flavor\" \/>\n<meta property=\"og:description\" content=\"Sweet cherry flavor in a sleek 12,000\u2011puff disposable with 20ml e\u2011liquid, 850mAh rechargeable battery, LED display, mesh coil &amp; Type\u2011C. Available at fumot.uk.\" \/>\n<meta property=\"og:url\" content=\"https:\/\/fumot.uk\/de\/product\/cherry-randm-tornado-12000-puffs\/\" \/>\n<meta property=\"og:site_name\" content=\"Fumot Official Direct | Straight from the Factory, 100% Genuine\" \/>\n<meta property=\"article:modified_time\" content=\"2026-01-20T07:11:50+00:00\" \/>\n<meta property=\"og:image\" content=\"https:\/\/fumot.uk\/wp-content\/uploads\/2026\/01\/Randm-Tornado-12000-Puffs-Cherry-Disposable-Vape.jpg\" \/>\n\t<meta property=\"og:image:width\" content=\"2000\" \/>\n\t<meta property=\"og:image:height\" content=\"2000\" \/>\n\t<meta property=\"og:image:type\" content=\"image\/jpeg\" \/>\n<meta name=\"twitter:card\" content=\"summary_large_image\" \/>\n<meta name=\"twitter:label1\" content=\"Gesch\u00e4tzte Lesezeit\" \/>\n\t<meta name=\"twitter:data1\" content=\"2\u00a0Minuten\" \/>\n<script type=\"application\/ld+json\" class=\"yoast-schema-graph\">{\"@context\":\"https:\/\/schema.org\",\"@graph\":[{\"@type\":\"WebPage\",\"@id\":\"https:\/\/fumot.uk\/product\/cherry-randm-tornado-12000-puffs\/\",\"url\":\"https:\/\/fumot.uk\/product\/cherry-randm-tornado-12000-puffs\/\",\"name\":\"RAndM Tornado 12000 Puffs Cherry | 20ml, 850mAh\",\"isPartOf\":{\"@id\":\"https:\/\/fumot.uk\/#website\"},\"primaryImageOfPage\":{\"@id\":\"https:\/\/fumot.uk\/product\/cherry-randm-tornado-12000-puffs\/#primaryimage\"},\"image\":{\"@id\":\"https:\/\/fumot.uk\/product\/cherry-randm-tornado-12000-puffs\/#primaryimage\"},\"thumbnailUrl\":\"https:\/\/fumot.uk\/wp-content\/uploads\/2026\/01\/Randm-Tornado-12000-Puffs-Cherry-Disposable-Vape.jpg\",\"datePublished\":\"2026-01-20T02:40:55+00:00\",\"dateModified\":\"2026-01-20T07:11:50+00:00\",\"description\":\"Shop RAndM Tornado 12000 Puffs Cherry: 20ml e\u2011liquid, 850mAh rechargeable battery, Type\u2011C, LED display & mesh coil. Nic salts 0\/2\/3\/5% at fumot.uk.\",\"breadcrumb\":{\"@id\":\"https:\/\/fumot.uk\/product\/cherry-randm-tornado-12000-puffs\/#breadcrumb\"},\"inLanguage\":\"de\",\"potentialAction\":[{\"@type\":\"ReadAction\",\"target\":[\"https:\/\/fumot.uk\/product\/cherry-randm-tornado-12000-puffs\/\"]}]},{\"@type\":\"ImageObject\",\"inLanguage\":\"de\",\"@id\":\"https:\/\/fumot.uk\/product\/cherry-randm-tornado-12000-puffs\/#primaryimage\",\"url\":\"https:\/\/fumot.uk\/wp-content\/uploads\/2026\/01\/Randm-Tornado-12000-Puffs-Cherry-Disposable-Vape.jpg\",\"contentUrl\":\"https:\/\/fumot.uk\/wp-content\/uploads\/2026\/01\/Randm-Tornado-12000-Puffs-Cherry-Disposable-Vape.jpg\",\"width\":2000,\"height\":2000},{\"@type\":\"BreadcrumbList\",\"@id\":\"https:\/\/fumot.uk\/product\/cherry-randm-tornado-12000-puffs\/#breadcrumb\",\"itemListElement\":[{\"@type\":\"ListItem\",\"position\":1,\"name\":\"Home\",\"item\":\"https:\/\/fumot.uk\/\"},{\"@type\":\"ListItem\",\"position\":2,\"name\":\"Shop\",\"item\":\"https:\/\/fumot.uk\/shop\/\"},{\"@type\":\"ListItem\",\"position\":3,\"name\":\"RAndM Tornado 12000 Puffs Cherry Disposable Vape \u2013 20ml, 850mAh, LED Display, Mesh Coil (0\/2\/3\/5%)\"}]},{\"@type\":\"WebSite\",\"@id\":\"https:\/\/fumot.uk\/#website\",\"url\":\"https:\/\/fumot.uk\/\",\"name\":\"Fumot Official Direct | Straight from the Factory, 100% Genuine\",\"description\":\"Official Website\",\"publisher\":{\"@id\":\"https:\/\/fumot.uk\/#organization\"},\"potentialAction\":[{\"@type\":\"SearchAction\",\"target\":{\"@type\":\"EntryPoint\",\"urlTemplate\":\"https:\/\/fumot.uk\/?s={search_term_string}\"},\"query-input\":{\"@type\":\"PropertyValueSpecification\",\"valueRequired\":true,\"valueName\":\"search_term_string\"}}],\"inLanguage\":\"de\"},{\"@type\":\"Organization\",\"@id\":\"https:\/\/fumot.uk\/#organization\",\"name\":\"Fumot Official Direct | Straight from the Factory, 100% Genuine\",\"url\":\"https:\/\/fumot.uk\/\",\"logo\":{\"@type\":\"ImageObject\",\"inLanguage\":\"de\",\"@id\":\"https:\/\/fumot.uk\/#\/schema\/logo\/image\/\",\"url\":\"https:\/\/fumot.uk\/wp-content\/uploads\/2026\/01\/cropped-fumot-logo1.png\",\"contentUrl\":\"https:\/\/fumot.uk\/wp-content\/uploads\/2026\/01\/cropped-fumot-logo1.png\",\"width\":152,\"height\":106,\"caption\":\"Fumot Official Direct | Straight from the Factory, 100% Genuine\"},\"image\":{\"@id\":\"https:\/\/fumot.uk\/#\/schema\/logo\/image\/\"}}]}<\/script>\n<!-- \/ Yoast SEO plugin. -->","yoast_head_json":{"title":"RAndM Tornado 12000 Z\u00fcge Kirsche | 20ml, 850mAh","description":"Shop RAndM Tornado 12000 Puffs Kirsche: 20ml E-Liquid, 850mAh wiederaufladbare Batterie, Typ-C, LED-Anzeige &amp; Mesh-Spule. Nikotinsalze 0\/2\/3\/5% bei fumot.uk.","robots":{"index":"index","follow":"follow","max-snippet":"max-snippet:-1","max-image-preview":"max-image-preview:large","max-video-preview":"max-video-preview:-1"},"canonical":"https:\/\/fumot.uk\/de\/product\/cherry-randm-tornado-12000-puffs\/","og_locale":"de_DE","og_type":"article","og_title":"Cherry RAndM Tornado 12000 Puffs \u2013 Smooth Fruit Flavor","og_description":"Sweet cherry flavor in a sleek 12,000\u2011puff disposable with 20ml e\u2011liquid, 850mAh rechargeable battery, LED display, mesh coil & Type\u2011C. Available at fumot.uk.","og_url":"https:\/\/fumot.uk\/de\/product\/cherry-randm-tornado-12000-puffs\/","og_site_name":"Fumot Official Direct | Straight from the Factory, 100% Genuine","article_modified_time":"2026-01-20T07:11:50+00:00","og_image":[{"width":2000,"height":2000,"url":"https:\/\/fumot.uk\/wp-content\/uploads\/2026\/01\/Randm-Tornado-12000-Puffs-Cherry-Disposable-Vape.jpg","type":"image\/jpeg"}],"twitter_card":"summary_large_image","twitter_misc":{"Gesch\u00e4tzte Lesezeit":"2\u00a0Minuten"},"schema":{"@context":"https:\/\/schema.org","@graph":[{"@type":"WebPage","@id":"https:\/\/fumot.uk\/product\/cherry-randm-tornado-12000-puffs\/","url":"https:\/\/fumot.uk\/product\/cherry-randm-tornado-12000-puffs\/","name":"RAndM Tornado 12000 Z\u00fcge Kirsche | 20ml, 850mAh","isPartOf":{"@id":"https:\/\/fumot.uk\/#website"},"primaryImageOfPage":{"@id":"https:\/\/fumot.uk\/product\/cherry-randm-tornado-12000-puffs\/#primaryimage"},"image":{"@id":"https:\/\/fumot.uk\/product\/cherry-randm-tornado-12000-puffs\/#primaryimage"},"thumbnailUrl":"https:\/\/fumot.uk\/wp-content\/uploads\/2026\/01\/Randm-Tornado-12000-Puffs-Cherry-Disposable-Vape.jpg","datePublished":"2026-01-20T02:40:55+00:00","dateModified":"2026-01-20T07:11:50+00:00","description":"Shop RAndM Tornado 12000 Puffs Kirsche: 20ml E-Liquid, 850mAh wiederaufladbare Batterie, Typ-C, LED-Anzeige &amp; Mesh-Spule. Nikotinsalze 0\/2\/3\/5% bei fumot.uk.","breadcrumb":{"@id":"https:\/\/fumot.uk\/product\/cherry-randm-tornado-12000-puffs\/#breadcrumb"},"inLanguage":"de","potentialAction":[{"@type":"ReadAction","target":["https:\/\/fumot.uk\/product\/cherry-randm-tornado-12000-puffs\/"]}]},{"@type":"ImageObject","inLanguage":"de","@id":"https:\/\/fumot.uk\/product\/cherry-randm-tornado-12000-puffs\/#primaryimage","url":"https:\/\/fumot.uk\/wp-content\/uploads\/2026\/01\/Randm-Tornado-12000-Puffs-Cherry-Disposable-Vape.jpg","contentUrl":"https:\/\/fumot.uk\/wp-content\/uploads\/2026\/01\/Randm-Tornado-12000-Puffs-Cherry-Disposable-Vape.jpg","width":2000,"height":2000},{"@type":"BreadcrumbList","@id":"https:\/\/fumot.uk\/product\/cherry-randm-tornado-12000-puffs\/#breadcrumb","itemListElement":[{"@type":"ListItem","position":1,"name":"Home","item":"https:\/\/fumot.uk\/"},{"@type":"ListItem","position":2,"name":"Shop","item":"https:\/\/fumot.uk\/shop\/"},{"@type":"ListItem","position":3,"name":"RAndM Tornado 12000 Puffs Cherry Disposable Vape \u2013 20ml, 850mAh, LED Display, Mesh Coil (0\/2\/3\/5%)"}]},{"@type":"WebSite","@id":"https:\/\/fumot.uk\/#website","url":"https:\/\/fumot.uk\/","name":"Fumot Offizieller Direkt | Direkt aus der Fabrik, 100% Original","description":"Offizielle Webseite","publisher":{"@id":"https:\/\/fumot.uk\/#organization"},"potentialAction":[{"@type":"SearchAction","target":{"@type":"EntryPoint","urlTemplate":"https:\/\/fumot.uk\/?s={search_term_string}"},"query-input":{"@type":"PropertyValueSpecification","valueRequired":true,"valueName":"search_term_string"}}],"inLanguage":"de"},{"@type":"Organization","@id":"https:\/\/fumot.uk\/#organization","name":"Fumot Offizieller Direkt | Direkt aus der Fabrik, 100% Original","url":"https:\/\/fumot.uk\/","logo":{"@type":"ImageObject","inLanguage":"de","@id":"https:\/\/fumot.uk\/#\/schema\/logo\/image\/","url":"https:\/\/fumot.uk\/wp-content\/uploads\/2026\/01\/cropped-fumot-logo1.png","contentUrl":"https:\/\/fumot.uk\/wp-content\/uploads\/2026\/01\/cropped-fumot-logo1.png","width":152,"height":106,"caption":"Fumot Official Direct | Straight from the Factory, 100% Genuine"},"image":{"@id":"https:\/\/fumot.uk\/#\/schema\/logo\/image\/"}}]}},"_links":{"self":[{"href":"https:\/\/fumot.uk\/de\/wp-json\/wp\/v2\/product\/137","targetHints":{"allow":["GET"]}}],"collection":[{"href":"https:\/\/fumot.uk\/de\/wp-json\/wp\/v2\/product"}],"about":[{"href":"https:\/\/fumot.uk\/de\/wp-json\/wp\/v2\/types\/product"}],"replies":[{"embeddable":true,"href":"https:\/\/fumot.uk\/de\/wp-json\/wp\/v2\/comments?post=137"}],"wp:featuredmedia":[{"embeddable":true,"href":"https:\/\/fumot.uk\/de\/wp-json\/wp\/v2\/media\/180"}],"wp:attachment":[{"href":"https:\/\/fumot.uk\/de\/wp-json\/wp\/v2\/media?parent=137"}],"wp:term":[{"taxonomy":"product_brand","embeddable":true,"href":"https:\/\/fumot.uk\/de\/wp-json\/wp\/v2\/product_brand?post=137"},{"taxonomy":"product_cat","embeddable":true,"href":"https:\/\/fumot.uk\/de\/wp-json\/wp\/v2\/product_cat?post=137"},{"taxonomy":"product_tag","embeddable":true,"href":"https:\/\/fumot.uk\/de\/wp-json\/wp\/v2\/product_tag?post=137"}],"curies":[{"name":"wp","href":"https:\/\/api.w.org\/{rel}","templated":true}]}}