{"id":6787,"date":"2026-01-23T02:19:15","date_gmt":"2026-01-23T02:19:15","guid":{"rendered":"https:\/\/fumot.uk\/?page_id=6787"},"modified":"2026-01-23T02:19:15","modified_gmt":"2026-01-23T02:19:15","slug":"terms-of-service","status":"publish","type":"page","link":"https:\/\/fumot.uk\/de\/terms-of-service\/","title":{"rendered":"Nutzungsbedingungen"},"content":{"rendered":"<h2>Nutzungsbedingungen<\/h2>\n<p><strong>Letzte Aktualisierung: 22. Januar 2026<\/strong><\/p>\n<p>Willkommen bei <strong>fumot.uk<\/strong> (die \u201cWebsite\u201d). Diese Nutzungsbedingungen (\u201cBedingungen\u201d) regeln Ihren Zugriff auf und die Nutzung der Website sowie den Kauf von Produkten bei uns.<\/p>\n<p>Durch den Zugriff, das Durchsuchen oder den Kauf bei fumot.uk erkl\u00e4ren Sie sich mit diesen Bedingungen einverstanden. Wenn Sie NICHT einverstanden sind, d\u00fcrfen Sie die Website nicht nutzen oder Bestellungen aufgeben.<\/p>\n<div class=\"warning\"><strong>WICHTIG \u2013 ALTERSBESCHR\u00c4NKUNG<\/strong><\/p>\n<p>Diese Website verkauft nikotinhaltige Produkte. Nach britischem Recht (Nicotine Inhaling Products (Age of Sale and Proxy Purchasing) Regulations 2015) ist es illegal, Nikotinprodukte an Personen unter 18 Jahren zu verkaufen.<\/p>\n<p><span class=\"important\">Sie m\u00fcssen mindestens 18 Jahre alt sein, um Produkte von fumot.uk zu kaufen.<\/span><br \/>\nWir verwenden Altersverifizierungsprozesse beim Checkout. Durch das Aufgeben einer Bestellung erkl\u00e4ren Sie, dass Sie 18 Jahre oder \u00e4lter sind.<\/div>\n<h3>1. Informationen \u00fcber uns<\/h3>\n<p>fumot.uk wird betrieben von [Ihr Firmenname \/ Ihr rechtlicher Name], registriert in [England und Wales \/ Schottland etc.] unter der Firmennummer [Ihre Firmennummer], mit eingetragener Adresse bei [Ihre vollst\u00e4ndige Adresse].<\/p>\n<p>USt-Nummer: [Ihre USt-Nummer, falls zutreffend]<\/p>\n<h3>2. Produkte \u2013 Wichtige Warnhinweise<\/h3>\n<ul>\n<li>Alle auf fumot.uk verkauften Produkte enthalten Nikotin, es sei denn, es ist ausdr\u00fccklich als 0mg \/ nikotinfrei angegeben.<\/li>\n<li><strong>WARNUNG:<\/strong> Nikotin ist eine s\u00fcchtig machende Chemikalie.<\/li>\n<li>Unsere Produkte sind nur f\u00fcr die Verwendung durch bestehende erwachsene Raucher und Vaper vorgesehen. Sie sind nicht geeignet f\u00fcr Nichtraucher, schwangere oder stillende Frauen, Personen mit Herzerkrankungen, Bluthochdruck, Diabetes oder Personen, die Medikamente gegen Depressionen oder Asthma einnehmen.<\/li>\n<li>Einweg-E-Zigaretten sind Einweg-Elektronikzigaretten. Sobald die Batterie oder das E-Liquid aufgebraucht ist, sollte das Produkt verantwortungsvoll gem\u00e4\u00df den lokalen WEEE-Vorschriften entsorgt werden \u2013 NICHT in den Hausm\u00fcll werfen.<\/li>\n<\/ul>\n<h3>3. Bestellungen &amp; Vertragsabschluss<\/h3>\n<p>Die Darstellung von Produkten auf der Website stellt kein Verkaufsangebot dar. Ihre Bestellung ist ein Kaufangebot. Ein Vertrag kommt erst zustande, wenn wir Ihnen eine Bestellbest\u00e4tigungs-E-Mail senden.<\/p>\n<p>Wir behalten uns das Recht vor, jede Bestellung (auch nach Best\u00e4tigung) aus beliebigen Gr\u00fcnden abzulehnen oder zu stornieren, einschlie\u00dflich, aber nicht beschr\u00e4nkt auf:<\/p>\n<ul>\n<li>Vermuteter Minderj\u00e4hrigenkauf<\/li>\n<li>Scheitern der Altersverifizierung<\/li>\n<li>Nichtverf\u00fcgbarkeit von Lagerbest\u00e4nden<\/li>\n<li>Preisfehler<\/li>\n<li>Verdacht auf Betrug<\/li>\n<\/ul>\n<h3>4. Preise &amp; Zahlung<\/h3>\n<p>Alle Preise sind in GBP und enthalten die gesetzliche Mehrwertsteuer, sofern zutreffend. Lieferkosten werden separat ausgewiesen.<\/p>\n<p>Wir akzeptieren g\u00e4ngige Kredit-\/Debitkarten und andere Zahlungsmethoden, die beim Checkout angezeigt werden. Die Zahlung wird sicher \u00fcber [Ihr Zahlungsanbieter z.B. Stripe \/ PayPal] verarbeitet.<\/p>\n<h3>5. Lieferung<\/h3>\n<p>Wir bem\u00fchen uns, Bestellungen innerhalb von [1\u20132] Werktagen zu versenden. Lieferzeiten sind nur Sch\u00e4tzungen.<\/p>\n<p>Das Verlustrisiko geht bei Lieferung auf Sie \u00fcber. Das Eigentum geht \u00fcber, wenn wir die vollst\u00e4ndige Zahlung erhalten haben.<\/p>\n<h3>6. R\u00fcckgaben &amp; R\u00fcckerstattungen \u2013 Einweg-E-Zigaretten<\/h3>\n<p>Aus Hygiene- und Produktsicherheitsgr\u00fcnden akzeptieren wir keine R\u00fcckgaben oder R\u00fcckerstattungen f\u00fcr gebrauchte oder ge\u00f6ffnete Einweg-E-Zigaretten.<\/p>\n<p>Unge\u00f6ffnete, unbenutzte Einweg-E-Zigaretten k\u00f6nnen innerhalb von 14 Tagen nach Lieferung gem\u00e4\u00df den Verbraucherrechtsverordnungen zur\u00fcckgegeben werden, vorausgesetzt, sie befinden sich in einem wiederverkaufsf\u00e4higen Zustand. Die R\u00fccksendekosten tragen Sie.<\/p>\n<p>Defekte \/ fehlerhafte Produkte sind durch unsere gesetzlichen Gew\u00e4hrleistungsrechte abgedeckt.<\/p>\n<h3>7. Altersverifizierungspolitik<\/h3>\n<p>Wir sind gesetzlich verpflichtet, zu \u00fcberpr\u00fcfen, dass alle Kunden 18+ sind. Wir k\u00f6nnen Drittanbieter-Altersverifizierungsdienste nutzen und\/oder einen Lichtbildausweis anfordern, bevor wir Bestellungen bearbeiten oder versenden.<\/p>\n<h3>8. Haftungsbeschr\u00e4nkung<\/h3>\n<p>Soweit gesetzlich zul\u00e4ssig, \u00fcbersteigt unsere Gesamthaftung Ihnen gegen\u00fcber nicht den von Ihnen f\u00fcr das betreffende Produkt gezahlten Betrag.<\/p>\n<p>Wir haften nicht f\u00fcr indirekte, Folgesch\u00e4den oder besondere Verluste (einschlie\u00dflich entgangener Gewinne, Datenverluste, Verlust des Dampfgenusses etc.).<\/p>\n<h3>9. Geistiges Eigentum<\/h3>\n<p>Alle Inhalte auf fumot.uk (Texte, Bilder, Logos, Produktbeschreibungen) sind unser Eigentum oder uns lizenziert. Sie d\u00fcrfen sie nicht ohne Erlaubnis reproduzieren oder verwenden.<\/p>\n<h3>10. Anwendbares Recht &amp; Gerichtsstand<\/h3>\n<p>Diese Bedingungen unterliegen den Gesetzen von England und Wales. Alle Streitigkeiten unterliegen der ausschlie\u00dflichen Zust\u00e4ndigkeit der Gerichte von England und Wales.<\/p>\n<h3>11. \u00c4nderungen dieser Bedingungen<\/h3>\n<p>Wir k\u00f6nnen diese Bedingungen von Zeit zu Zeit aktualisieren. Die aktuelle Version wird immer auf dieser Seite angezeigt. Die fortgesetzte Nutzung der Website nach \u00c4nderungen gilt als Zustimmung.<\/p>","protected":false},"excerpt":{"rendered":"<p>Terms of Service Last updated: January 22, 2026 Welcome to fumot.uk (the \u201cWebsite\u201d). These Terms of Service (\u201cTerms\u201d) govern your access to and use of the Website and the purchase of products from us. By accessing, browsing or purchasing from fumot.uk, you agree to be bound by these Terms. If you do NOT agree, you [\u2026]<\/p>","protected":false},"author":1,"featured_media":0,"parent":0,"menu_order":0,"comment_status":"closed","ping_status":"closed","template":"","meta":{"footnotes":""},"class_list":["post-6787","page","type-page","status-publish","hentry"],"yoast_head":"<!-- This site is optimized with the Yoast SEO plugin v26.8 - https:\/\/yoast.com\/product\/yoast-seo-wordpress\/ -->\n<title>Terms of Service - Fumot Official Direct | Straight from the Factory, 100% Genuine<\/title>\n<meta name=\"description\" content=\"Latest Fumot disposable vapes at fumot.uk \u2013 massive flavour selection, unbeatable puff counts &amp; speedy UK delivery. Must be 18+. Shop now!\" \/>\n<meta name=\"robots\" content=\"index, follow, max-snippet:-1, max-image-preview:large, max-video-preview:-1\" \/>\n<link rel=\"canonical\" href=\"https:\/\/fumot.uk\/de\/terms-of-service\/\" \/>\n<meta property=\"og:locale\" content=\"de_DE\" \/>\n<meta property=\"og:type\" content=\"article\" \/>\n<meta property=\"og:title\" content=\"Terms of Service - Fumot Official Direct | Straight from the Factory, 100% Genuine\" \/>\n<meta property=\"og:description\" content=\"Latest Fumot disposable vapes at fumot.uk \u2013 massive flavour selection, unbeatable puff counts &amp; speedy UK delivery. Must be 18+. Shop now!\" \/>\n<meta property=\"og:url\" content=\"https:\/\/fumot.uk\/de\/terms-of-service\/\" \/>\n<meta property=\"og:site_name\" content=\"Fumot Official Direct | Straight from the Factory, 100% Genuine\" \/>\n<meta name=\"twitter:card\" content=\"summary_large_image\" \/>\n<meta name=\"twitter:label1\" content=\"Gesch\u00e4tzte Lesezeit\" \/>\n\t<meta name=\"twitter:data1\" content=\"3\u00a0Minuten\" \/>\n<script type=\"application\/ld+json\" class=\"yoast-schema-graph\">{\"@context\":\"https:\/\/schema.org\",\"@graph\":[{\"@type\":\"WebPage\",\"@id\":\"https:\/\/fumot.uk\/terms-of-service\/\",\"url\":\"https:\/\/fumot.uk\/terms-of-service\/\",\"name\":\"Terms of Service - Fumot Official Direct | Straight from the Factory, 100% Genuine\",\"isPartOf\":{\"@id\":\"https:\/\/fumot.uk\/#website\"},\"datePublished\":\"2026-01-23T02:19:15+00:00\",\"description\":\"Latest Fumot disposable vapes at fumot.uk \u2013 massive flavour selection, unbeatable puff counts & speedy UK delivery. Must be 18+. Shop now!\",\"breadcrumb\":{\"@id\":\"https:\/\/fumot.uk\/terms-of-service\/#breadcrumb\"},\"inLanguage\":\"de\",\"potentialAction\":[{\"@type\":\"ReadAction\",\"target\":[\"https:\/\/fumot.uk\/terms-of-service\/\"]}]},{\"@type\":\"BreadcrumbList\",\"@id\":\"https:\/\/fumot.uk\/terms-of-service\/#breadcrumb\",\"itemListElement\":[{\"@type\":\"ListItem\",\"position\":1,\"name\":\"Home\",\"item\":\"https:\/\/fumot.uk\/\"},{\"@type\":\"ListItem\",\"position\":2,\"name\":\"Terms of Service\"}]},{\"@type\":\"WebSite\",\"@id\":\"https:\/\/fumot.uk\/#website\",\"url\":\"https:\/\/fumot.uk\/\",\"name\":\"Fumot Official Direct | Straight from the Factory, 100% Genuine\",\"description\":\"Official Website\",\"publisher\":{\"@id\":\"https:\/\/fumot.uk\/#organization\"},\"potentialAction\":[{\"@type\":\"SearchAction\",\"target\":{\"@type\":\"EntryPoint\",\"urlTemplate\":\"https:\/\/fumot.uk\/?s={search_term_string}\"},\"query-input\":{\"@type\":\"PropertyValueSpecification\",\"valueRequired\":true,\"valueName\":\"search_term_string\"}}],\"inLanguage\":\"de\"},{\"@type\":\"Organization\",\"@id\":\"https:\/\/fumot.uk\/#organization\",\"name\":\"Fumot Official Direct | Straight from the Factory, 100% Genuine\",\"url\":\"https:\/\/fumot.uk\/\",\"logo\":{\"@type\":\"ImageObject\",\"inLanguage\":\"de\",\"@id\":\"https:\/\/fumot.uk\/#\/schema\/logo\/image\/\",\"url\":\"https:\/\/fumot.uk\/wp-content\/uploads\/2026\/01\/cropped-fumot-logo1.png\",\"contentUrl\":\"https:\/\/fumot.uk\/wp-content\/uploads\/2026\/01\/cropped-fumot-logo1.png\",\"width\":152,\"height\":106,\"caption\":\"Fumot Official Direct | Straight from the Factory, 100% Genuine\"},\"image\":{\"@id\":\"https:\/\/fumot.uk\/#\/schema\/logo\/image\/\"}}]}<\/script>\n<!-- \/ Yoast SEO plugin. -->","yoast_head_json":{"title":"Nutzungsbedingungen - Fumot Official Direct | Direkt ab Werk, 100% Original","description":"Neueste Fumot Einweg-E-Zigaretten bei fumot.uk \u2013 riesige Geschmacksvielfalt, unschlagbare Puff-Anzahl &amp; schnelle Lieferung in Gro\u00dfbritannien. Muss 18+ sein. Jetzt einkaufen!","robots":{"index":"index","follow":"follow","max-snippet":"max-snippet:-1","max-image-preview":"max-image-preview:large","max-video-preview":"max-video-preview:-1"},"canonical":"https:\/\/fumot.uk\/de\/terms-of-service\/","og_locale":"de_DE","og_type":"article","og_title":"Terms of Service - Fumot Official Direct | Straight from the Factory, 100% Genuine","og_description":"Latest Fumot disposable vapes at fumot.uk \u2013 massive flavour selection, unbeatable puff counts & speedy UK delivery. Must be 18+. Shop now!","og_url":"https:\/\/fumot.uk\/de\/terms-of-service\/","og_site_name":"Fumot Official Direct | Straight from the Factory, 100% Genuine","twitter_card":"summary_large_image","twitter_misc":{"Gesch\u00e4tzte Lesezeit":"3\u00a0Minuten"},"schema":{"@context":"https:\/\/schema.org","@graph":[{"@type":"WebPage","@id":"https:\/\/fumot.uk\/terms-of-service\/","url":"https:\/\/fumot.uk\/terms-of-service\/","name":"Nutzungsbedingungen - Fumot Official Direct | Direkt ab Werk, 100% Original","isPartOf":{"@id":"https:\/\/fumot.uk\/#website"},"datePublished":"2026-01-23T02:19:15+00:00","description":"Neueste Fumot Einweg-E-Zigaretten bei fumot.uk \u2013 riesige Geschmacksvielfalt, unschlagbare Puff-Anzahl &amp; schnelle Lieferung in Gro\u00dfbritannien. Muss 18+ sein. Jetzt einkaufen!","breadcrumb":{"@id":"https:\/\/fumot.uk\/terms-of-service\/#breadcrumb"},"inLanguage":"de","potentialAction":[{"@type":"ReadAction","target":["https:\/\/fumot.uk\/terms-of-service\/"]}]},{"@type":"BreadcrumbList","@id":"https:\/\/fumot.uk\/terms-of-service\/#breadcrumb","itemListElement":[{"@type":"ListItem","position":1,"name":"Home","item":"https:\/\/fumot.uk\/"},{"@type":"ListItem","position":2,"name":"Terms of Service"}]},{"@type":"WebSite","@id":"https:\/\/fumot.uk\/#website","url":"https:\/\/fumot.uk\/","name":"Fumot Offizieller Direkt | Direkt aus der Fabrik, 100% Original","description":"Offizielle Webseite","publisher":{"@id":"https:\/\/fumot.uk\/#organization"},"potentialAction":[{"@type":"SearchAction","target":{"@type":"EntryPoint","urlTemplate":"https:\/\/fumot.uk\/?s={search_term_string}"},"query-input":{"@type":"PropertyValueSpecification","valueRequired":true,"valueName":"search_term_string"}}],"inLanguage":"de"},{"@type":"Organization","@id":"https:\/\/fumot.uk\/#organization","name":"Fumot Offizieller Direkt | Direkt aus der Fabrik, 100% Original","url":"https:\/\/fumot.uk\/","logo":{"@type":"ImageObject","inLanguage":"de","@id":"https:\/\/fumot.uk\/#\/schema\/logo\/image\/","url":"https:\/\/fumot.uk\/wp-content\/uploads\/2026\/01\/cropped-fumot-logo1.png","contentUrl":"https:\/\/fumot.uk\/wp-content\/uploads\/2026\/01\/cropped-fumot-logo1.png","width":152,"height":106,"caption":"Fumot Official Direct | Straight from the Factory, 100% Genuine"},"image":{"@id":"https:\/\/fumot.uk\/#\/schema\/logo\/image\/"}}]}},"_links":{"self":[{"href":"https:\/\/fumot.uk\/de\/wp-json\/wp\/v2\/pages\/6787","targetHints":{"allow":["GET"]}}],"collection":[{"href":"https:\/\/fumot.uk\/de\/wp-json\/wp\/v2\/pages"}],"about":[{"href":"https:\/\/fumot.uk\/de\/wp-json\/wp\/v2\/types\/page"}],"author":[{"embeddable":true,"href":"https:\/\/fumot.uk\/de\/wp-json\/wp\/v2\/users\/1"}],"replies":[{"embeddable":true,"href":"https:\/\/fumot.uk\/de\/wp-json\/wp\/v2\/comments?post=6787"}],"version-history":[{"count":1,"href":"https:\/\/fumot.uk\/de\/wp-json\/wp\/v2\/pages\/6787\/revisions"}],"predecessor-version":[{"id":6789,"href":"https:\/\/fumot.uk\/de\/wp-json\/wp\/v2\/pages\/6787\/revisions\/6789"}],"wp:attachment":[{"href":"https:\/\/fumot.uk\/de\/wp-json\/wp\/v2\/media?parent=6787"}],"curies":[{"name":"wp","href":"https:\/\/api.w.org\/{rel}","templated":true}]}}