{"id":6779,"date":"2026-01-23T01:52:57","date_gmt":"2026-01-23T01:52:57","guid":{"rendered":"https:\/\/fumot.uk\/?page_id=6779"},"modified":"2026-01-23T01:52:57","modified_gmt":"2026-01-23T01:52:57","slug":"shipping-info","status":"publish","type":"page","link":"https:\/\/fumot.uk\/de\/shipping-info\/","title":{"rendered":"Versandinformationen"},"content":{"rendered":"<div class=\"entry-content\">\n<h2>Versandinformationen<\/h2>\n<h3>1. Auftragsbearbeitung &amp; Versand<\/h3>\n<ul>\n<li>Bestellungen werden in der Regel innerhalb von 1\u20133 Werktagen bearbeitet und versandt.<\/li>\n<li>Die Lieferzeit betr\u00e4gt normalerweise 7 bis 15 Werktage nach Versand.<\/li>\n<li>Bitte beachten: Wir bearbeiten oder versenden Bestellungen nicht an Wochenenden oder Feiertagen.<\/li>\n<\/ul>\n<h3>2. Sendungsverfolgung Ihres Pakets<\/h3>\n<ul>\n<li>Sobald Ihre Bestellung versandt wurde, erhalten Sie eine Sendungsverfolgungsnummer per E-Mail.<\/li>\n<li>Sie k\u00f6nnen den Status Ihres Pakets jederzeit mit der Sendungsverfolgungsnummer auf <strong>17track.net<\/strong>.<\/li>\n<li>Sendungsverfolgungsinformationen k\u00f6nnen 1\u20132 Tage nach dem Versand aktiv werden.<\/li>\n<\/ul>\n<h3>3. Bestell\u00e4nderungen &amp; Stornierungen<\/h3>\n<ul>\n<li>Sie k\u00f6nnen Ihre Bestellung stornieren oder die Lieferadresse jederzeit vor dem Versand der Artikel aktualisieren.<\/li>\n<li>Sobald das Paket unser Lager verlassen hat, k\u00f6nnen keine Adress\u00e4nderungen oder R\u00fcckerstattungen mehr bearbeitet werden.<\/li>\n<li>Kostenloser Versand ist f\u00fcr Bestellungen in die Vereinigten Staaten und Australien verf\u00fcgbar.<\/li>\n<\/ul>\n<h3>4. DDP-Versand (Lieferzoll bezahlt)<\/h3>\n<p>F\u00fcr ausgew\u00e4hlte L\u00e4nder bieten wir den **Delivery Duty Paid (DDP)**-Service an, was bedeutet, dass Sie sich nicht um die Zollabfertigung k\u00fcmmern oder bei Ankunft keine Einfuhrz\u00f6lle\/Steuern zahlen m\u00fcssen. Verf\u00fcgbare Optionen umfassen:<\/p>\n<ul>\n<li><strong>Vereinigte Staaten:<\/strong> UPS Express (ausgenommen Alaska und Hawaii)<\/li>\n<li><strong>Vereinigtes K\u00f6nigreich:<\/strong> Lokaler DPD Express<\/li>\n<li><strong>Europa (allgemein):<\/strong> UPS Express \/ DPD Express \/ DHL Express<\/li>\n<\/ul>\n<p><strong>Der DDP-Service ist in den folgenden europ\u00e4ischen L\u00e4ndern verf\u00fcgbar:<\/strong> Deutschland, Belgien, Luxemburg, Niederlande, Tschechische Republik, Polen, Kroatien, Slowakei, Slowenien, Finnland, D\u00e4nemark, Schweden, \u00d6sterreich, Frankreich, Italien, Ungarn, Bulgarien, Litauen, Estland, Lettland, Griechenland, Irland, Portugal, Spanien.<\/p>\n<h3>5. Gesch\u00e4tzte Lieferzeiten nach Land\/Region<\/h3>\n<p>Nachfolgend finden Sie einen \u00dcberblick \u00fcber Versandmethoden und ungef\u00e4hre Lieferzeiten f\u00fcr beliebte Ziele:<\/p>\n<table>\n<thead>\n<tr>\n<th>Land \/ Region<\/th>\n<th>Versandmethode<\/th>\n<th>Gesch\u00e4tzte Lieferzeit<\/th>\n<\/tr>\n<\/thead>\n<tbody>\n<tr>\n<td>Vereinigte Staaten<\/td>\n<td>Lokaler UPS Ground<\/td>\n<td>10\u201315 Werktage<\/td>\n<\/tr>\n<tr>\n<td>Vereinigtes K\u00f6nigreich<\/td>\n<td>Lokaler DPD Express<\/td>\n<td>7\u201312 Werktage<\/td>\n<\/tr>\n<tr>\n<td>Deutschland<\/td>\n<td>UPS \/ DPD \/ DHL<\/td>\n<td>8\u201315 Werktage<\/td>\n<\/tr>\n<tr>\n<td>Frankreich<\/td>\n<td>UPS \/ DPD \/ DHL<\/td>\n<td>10\u201315 Werktage<\/td>\n<\/tr>\n<tr>\n<td>Belgien<\/td>\n<td>UPS \/ DPD \/ DHL<\/td>\n<td>10\u201315 Werktage<\/td>\n<\/tr>\n<tr>\n<td>Luxemburg<\/td>\n<td>UPS \/ DPD \/ DHL<\/td>\n<td>10\u201315 Werktage<\/td>\n<\/tr>\n<tr>\n<td>Niederlande<\/td>\n<td>UPS \/ DPD \/ DHL<\/td>\n<td>10\u201315 Werktage<\/td>\n<\/tr>\n<tr>\n<td>Tschechische Republik<\/td>\n<td>UPS \/ DPD \/ DHL<\/td>\n<td>10\u201315 Werktage<\/td>\n<\/tr>\n<tr>\n<td>Polen<\/td>\n<td>UPS \/ DPD \/ DHL<\/td>\n<td>10\u201315 Werktage<\/td>\n<\/tr>\n<tr>\n<td>Kroatien<\/td>\n<td>UPS \/ DPD \/ DHL<\/td>\n<td>10\u201315 Werktage<\/td>\n<\/tr>\n<tr>\n<td>Slowakei<\/td>\n<td>UPS \/ DPD \/ DHL<\/td>\n<td>10\u201315 Werktage<\/td>\n<\/tr>\n<tr>\n<td>Slowenien<\/td>\n<td>UPS \/ DPD \/ DHL<\/td>\n<td>10\u201315 Werktage<\/td>\n<\/tr>\n<tr>\n<td>Finnland<\/td>\n<td>UPS \/ DPD \/ DHL<\/td>\n<td>10\u201315 Werktage<\/td>\n<\/tr>\n<tr>\n<td>D\u00e4nemark<\/td>\n<td>UPS \/ DPD \/ DHL<\/td>\n<td>10\u201315 Werktage<\/td>\n<\/tr>\n<tr>\n<td>Schweden<\/td>\n<td>UPS \/ DPD \/ DHL<\/td>\n<td>10\u201315 Werktage<\/td>\n<\/tr>\n<tr>\n<td>\u00d6sterreich<\/td>\n<td>UPS \/ DPD \/ DHL<\/td>\n<td>10\u201315 Werktage<\/td>\n<\/tr>\n<tr>\n<td>Italien<\/td>\n<td>UPS \/ DPD \/ DHL<\/td>\n<td>10\u201315 Werktage<\/td>\n<\/tr>\n<tr>\n<td>Ungarn<\/td>\n<td>UPS \/ DPD \/ DHL<\/td>\n<td>10\u201315 Werktage<\/td>\n<\/tr>\n<tr>\n<td>Litauen<\/td>\n<td>UPS \/ DPD \/ DHL<\/td>\n<td>10\u201315 Werktage<\/td>\n<\/tr>\n<tr>\n<td>Estland<\/td>\n<td>UPS \/ DPD \/ DHL<\/td>\n<td>10\u201315 Werktage<\/td>\n<\/tr>\n<tr>\n<td>Lettland<\/td>\n<td>UPS \/ DPD \/ DHL<\/td>\n<td>10\u201315 Werktage<\/td>\n<\/tr>\n<tr>\n<td>Griechenland<\/td>\n<td>UPS \/ DPD \/ DHL<\/td>\n<td>10\u201315 Werktage<\/td>\n<\/tr>\n<tr>\n<td>Irland<\/td>\n<td>UPS \/ DPD \/ DHL<\/td>\n<td>10\u201315 Werktage<\/td>\n<\/tr>\n<tr>\n<td>Portugal<\/td>\n<td>UPS \/ DPD \/ DHL<\/td>\n<td>10\u201315 Werktage<\/td>\n<\/tr>\n<tr>\n<td>Spanien<\/td>\n<td>UPS \/ DPD \/ DHL<\/td>\n<td>10\u201315 Werktage<\/td>\n<\/tr>\n<tr>\n<td>VAE (Dubai-Gebiet)<\/td>\n<td>Dubai-spezifische Route<\/td>\n<td>12\u201318 Werktage<\/td>\n<\/tr>\n<tr>\n<td>S\u00fcdafrika<\/td>\n<td>S\u00fcdafrika-spezifische Route<\/td>\n<td>15\u201325 Werktage<\/td>\n<\/tr>\n<tr>\n<td>Vietnam<\/td>\n<td>Vietnam-spezifische Route<\/td>\n<td>3\u20135 Werktage<\/td>\n<\/tr>\n<tr>\n<td>Westmalaysia<\/td>\n<td>Malaysia-spezifische Route<\/td>\n<td>4\u20138 Werktage<\/td>\n<\/tr>\n<\/tbody>\n<\/table>\n<h3>6. Zollabfertigung &amp; Einfuhrz\u00f6lle<\/h3>\n<ul>\n<li>F\u00fcr Ziele, die nicht unter dem DDP-Service aufgef\u00fchrt sind, liegt die Zollabfertigung und Zahlung etwaiger anfallender Z\u00f6lle, Steuern oder Bearbeitungsgeb\u00fchren in der Verantwortung des Empf\u00e4ngers bei Ankunft.<\/li>\n<li>Wir empfehlen, sich bei Ihrem \u00f6rtlichen Zollamt \u00fcber m\u00f6gliche Geb\u00fchren und Anforderungen zu informieren.<\/li>\n<li>In einigen F\u00e4llen k\u00f6nnen die Zollbeh\u00f6rden eine Handelsrechnung oder Gewerbelizenz anfordern.<\/li>\n<\/ul>\n<p>At <a href=\"https:\/\/fumot.uk\/de\/\">fumot.uk<\/a>, wir bem\u00fchen uns, schnelle, zuverl\u00e4ssige und transparente Versanddienstleistungen anzubieten. Wenn Sie Fragen haben oder Unterst\u00fctzung ben\u00f6tigen, k\u00f6nnen Sie uns jederzeit kontaktieren.<\/p>\n<\/div>","protected":false},"excerpt":{"rendered":"<p>Shipping Info 1. Order Processing &amp; Dispatch Orders are typically processed and shipped within 1\u20133 business days. Delivery time usually ranges from 7 to 15 business days after dispatch. Please note: We do not process or ship orders on weekends or public holidays. 2. Tracking Your Package Once your order has been shipped, you will [\u2026]<\/p>","protected":false},"author":1,"featured_media":0,"parent":0,"menu_order":0,"comment_status":"closed","ping_status":"closed","template":"","meta":{"footnotes":""},"class_list":["post-6779","page","type-page","status-publish","hentry"],"yoast_head":"<!-- This site is optimized with the Yoast SEO plugin v26.8 - https:\/\/yoast.com\/product\/yoast-seo-wordpress\/ -->\n<title>Shipping Info - Fumot Official Direct | Straight from the Factory, 100% Genuine<\/title>\n<meta name=\"description\" content=\"Fumot.uk Shipping: 1\u20133 day processing, 7\u201315 day worldwide delivery, free shipping to US &amp; Australia, DDP customs-paid options across Europe &amp; UK, easy 17track tracking. Order with confidence today!\" \/>\n<meta name=\"robots\" content=\"index, follow, max-snippet:-1, max-image-preview:large, max-video-preview:-1\" \/>\n<link rel=\"canonical\" href=\"https:\/\/fumot.uk\/de\/shipping-info\/\" \/>\n<meta property=\"og:locale\" content=\"de_DE\" \/>\n<meta property=\"og:type\" content=\"article\" \/>\n<meta property=\"og:title\" content=\"Shipping Info - Fumot Official Direct | Straight from the Factory, 100% Genuine\" \/>\n<meta property=\"og:description\" content=\"Fumot.uk Shipping: 1\u20133 day processing, 7\u201315 day worldwide delivery, free shipping to US &amp; Australia, DDP customs-paid options across Europe &amp; UK, easy 17track tracking. Order with confidence today!\" \/>\n<meta property=\"og:url\" content=\"https:\/\/fumot.uk\/de\/shipping-info\/\" \/>\n<meta property=\"og:site_name\" content=\"Fumot Official Direct | Straight from the Factory, 100% Genuine\" \/>\n<meta name=\"twitter:card\" content=\"summary_large_image\" \/>\n<meta name=\"twitter:label1\" content=\"Gesch\u00e4tzte Lesezeit\" \/>\n\t<meta name=\"twitter:data1\" content=\"3\u00a0Minuten\" \/>\n<script type=\"application\/ld+json\" class=\"yoast-schema-graph\">{\"@context\":\"https:\/\/schema.org\",\"@graph\":[{\"@type\":\"WebPage\",\"@id\":\"https:\/\/fumot.uk\/shipping-info\/\",\"url\":\"https:\/\/fumot.uk\/shipping-info\/\",\"name\":\"Shipping Info - Fumot Official Direct | Straight from the Factory, 100% Genuine\",\"isPartOf\":{\"@id\":\"https:\/\/fumot.uk\/#website\"},\"datePublished\":\"2026-01-23T01:52:57+00:00\",\"description\":\"Fumot.uk Shipping: 1\u20133 day processing, 7\u201315 day worldwide delivery, free shipping to US & Australia, DDP customs-paid options across Europe & UK, easy 17track tracking. Order with confidence today!\",\"breadcrumb\":{\"@id\":\"https:\/\/fumot.uk\/shipping-info\/#breadcrumb\"},\"inLanguage\":\"de\",\"potentialAction\":[{\"@type\":\"ReadAction\",\"target\":[\"https:\/\/fumot.uk\/shipping-info\/\"]}]},{\"@type\":\"BreadcrumbList\",\"@id\":\"https:\/\/fumot.uk\/shipping-info\/#breadcrumb\",\"itemListElement\":[{\"@type\":\"ListItem\",\"position\":1,\"name\":\"Home\",\"item\":\"https:\/\/fumot.uk\/\"},{\"@type\":\"ListItem\",\"position\":2,\"name\":\"Shipping Info\"}]},{\"@type\":\"WebSite\",\"@id\":\"https:\/\/fumot.uk\/#website\",\"url\":\"https:\/\/fumot.uk\/\",\"name\":\"Fumot Official Direct | Straight from the Factory, 100% Genuine\",\"description\":\"Official Website\",\"publisher\":{\"@id\":\"https:\/\/fumot.uk\/#organization\"},\"potentialAction\":[{\"@type\":\"SearchAction\",\"target\":{\"@type\":\"EntryPoint\",\"urlTemplate\":\"https:\/\/fumot.uk\/?s={search_term_string}\"},\"query-input\":{\"@type\":\"PropertyValueSpecification\",\"valueRequired\":true,\"valueName\":\"search_term_string\"}}],\"inLanguage\":\"de\"},{\"@type\":\"Organization\",\"@id\":\"https:\/\/fumot.uk\/#organization\",\"name\":\"Fumot Official Direct | Straight from the Factory, 100% Genuine\",\"url\":\"https:\/\/fumot.uk\/\",\"logo\":{\"@type\":\"ImageObject\",\"inLanguage\":\"de\",\"@id\":\"https:\/\/fumot.uk\/#\/schema\/logo\/image\/\",\"url\":\"https:\/\/fumot.uk\/wp-content\/uploads\/2026\/01\/cropped-fumot-logo1.png\",\"contentUrl\":\"https:\/\/fumot.uk\/wp-content\/uploads\/2026\/01\/cropped-fumot-logo1.png\",\"width\":152,\"height\":106,\"caption\":\"Fumot Official Direct | Straight from the Factory, 100% Genuine\"},\"image\":{\"@id\":\"https:\/\/fumot.uk\/#\/schema\/logo\/image\/\"}}]}<\/script>\n<!-- \/ Yoast SEO plugin. -->","yoast_head_json":{"title":"Versandinformationen - Fumot Offizieller Direktverkauf | Direkt aus der Fabrik, 100% Original","description":"Fumot.uk Versand: 1\u20133 Tage Bearbeitungszeit, 7\u201315 Tage weltweite Lieferung, kostenloser Versand in die USA &amp; Australien, DDP zollfreie Optionen in ganz Europa &amp; Gro\u00dfbritannien, einfache 17track-Verfolgung. Bestellen Sie noch heute mit Vertrauen!","robots":{"index":"index","follow":"follow","max-snippet":"max-snippet:-1","max-image-preview":"max-image-preview:large","max-video-preview":"max-video-preview:-1"},"canonical":"https:\/\/fumot.uk\/de\/shipping-info\/","og_locale":"de_DE","og_type":"article","og_title":"Shipping Info - Fumot Official Direct | Straight from the Factory, 100% Genuine","og_description":"Fumot.uk Shipping: 1\u20133 day processing, 7\u201315 day worldwide delivery, free shipping to US & Australia, DDP customs-paid options across Europe & UK, easy 17track tracking. Order with confidence today!","og_url":"https:\/\/fumot.uk\/de\/shipping-info\/","og_site_name":"Fumot Official Direct | Straight from the Factory, 100% Genuine","twitter_card":"summary_large_image","twitter_misc":{"Gesch\u00e4tzte Lesezeit":"3\u00a0Minuten"},"schema":{"@context":"https:\/\/schema.org","@graph":[{"@type":"WebPage","@id":"https:\/\/fumot.uk\/shipping-info\/","url":"https:\/\/fumot.uk\/shipping-info\/","name":"Versandinformationen - Fumot Offizieller Direktverkauf | Direkt aus der Fabrik, 100% Original","isPartOf":{"@id":"https:\/\/fumot.uk\/#website"},"datePublished":"2026-01-23T01:52:57+00:00","description":"Fumot.uk Versand: 1\u20133 Tage Bearbeitungszeit, 7\u201315 Tage weltweite Lieferung, kostenloser Versand in die USA &amp; Australien, DDP zollfreie Optionen in ganz Europa &amp; Gro\u00dfbritannien, einfache 17track-Verfolgung. Bestellen Sie noch heute mit Vertrauen!","breadcrumb":{"@id":"https:\/\/fumot.uk\/shipping-info\/#breadcrumb"},"inLanguage":"de","potentialAction":[{"@type":"ReadAction","target":["https:\/\/fumot.uk\/shipping-info\/"]}]},{"@type":"BreadcrumbList","@id":"https:\/\/fumot.uk\/shipping-info\/#breadcrumb","itemListElement":[{"@type":"ListItem","position":1,"name":"Home","item":"https:\/\/fumot.uk\/"},{"@type":"ListItem","position":2,"name":"Shipping Info"}]},{"@type":"WebSite","@id":"https:\/\/fumot.uk\/#website","url":"https:\/\/fumot.uk\/","name":"Fumot Offizieller Direkt | Direkt aus der Fabrik, 100% Original","description":"Offizielle Webseite","publisher":{"@id":"https:\/\/fumot.uk\/#organization"},"potentialAction":[{"@type":"SearchAction","target":{"@type":"EntryPoint","urlTemplate":"https:\/\/fumot.uk\/?s={search_term_string}"},"query-input":{"@type":"PropertyValueSpecification","valueRequired":true,"valueName":"search_term_string"}}],"inLanguage":"de"},{"@type":"Organization","@id":"https:\/\/fumot.uk\/#organization","name":"Fumot Offizieller Direkt | Direkt aus der Fabrik, 100% Original","url":"https:\/\/fumot.uk\/","logo":{"@type":"ImageObject","inLanguage":"de","@id":"https:\/\/fumot.uk\/#\/schema\/logo\/image\/","url":"https:\/\/fumot.uk\/wp-content\/uploads\/2026\/01\/cropped-fumot-logo1.png","contentUrl":"https:\/\/fumot.uk\/wp-content\/uploads\/2026\/01\/cropped-fumot-logo1.png","width":152,"height":106,"caption":"Fumot Official Direct | Straight from the Factory, 100% Genuine"},"image":{"@id":"https:\/\/fumot.uk\/#\/schema\/logo\/image\/"}}]}},"_links":{"self":[{"href":"https:\/\/fumot.uk\/de\/wp-json\/wp\/v2\/pages\/6779","targetHints":{"allow":["GET"]}}],"collection":[{"href":"https:\/\/fumot.uk\/de\/wp-json\/wp\/v2\/pages"}],"about":[{"href":"https:\/\/fumot.uk\/de\/wp-json\/wp\/v2\/types\/page"}],"author":[{"embeddable":true,"href":"https:\/\/fumot.uk\/de\/wp-json\/wp\/v2\/users\/1"}],"replies":[{"embeddable":true,"href":"https:\/\/fumot.uk\/de\/wp-json\/wp\/v2\/comments?post=6779"}],"version-history":[{"count":1,"href":"https:\/\/fumot.uk\/de\/wp-json\/wp\/v2\/pages\/6779\/revisions"}],"predecessor-version":[{"id":6781,"href":"https:\/\/fumot.uk\/de\/wp-json\/wp\/v2\/pages\/6779\/revisions\/6781"}],"wp:attachment":[{"href":"https:\/\/fumot.uk\/de\/wp-json\/wp\/v2\/media?parent=6779"}],"curies":[{"name":"wp","href":"https:\/\/api.w.org\/{rel}","templated":true}]}}