{"id":67,"date":"2026-01-20T02:40:05","date_gmt":"2026-01-20T02:40:05","guid":{"rendered":"https:\/\/fumot.uk\/?post_type=product&#038;p=67"},"modified":"2026-01-20T07:45:27","modified_gmt":"2026-01-20T07:45:27","slug":"randm-tornado-15000-puffs-blueberry-raspberry","status":"publish","type":"product","link":"https:\/\/fumot.uk\/da\/product\/randm-tornado-15000-puffs-blueberry-raspberry\/","title":{"rendered":"RandM Tornado 15000 Sug Bl\u00e5b\u00e6r Hindb\u00e6r Engangs Vape | LED Display &amp; Justerbar luftstr\u00f8m"},"content":{"rendered":"<h4>Bl\u00e5b\u00e6r Hindb\u00e6r \u2013 RandM Tornado 15000 Puffs<\/h4>\n<p><strong>RandM Tornado 15000 Puffs Bl\u00e5b\u00e6r Hindb\u00e6r<\/strong> leverer en levende b\u00e6rblanding, der balancerer den dybe s\u00f8dme af moden bl\u00e5b\u00e6r med den lyse, syrlige kant af hindb\u00e6r. Hvert sug f\u00f8les glat og ensartet takket v\u00e6re den indbyggede <strong>mesh coil<\/strong>, mens <strong>justerbare luftstr\u00f8m<\/strong> lader dig finjustere dit sug\u2014strammere for en mere fokuseret smag, eller luftigere for et lettere, mere \u00e5bent sug.<\/p>\n<p>Designet for bekvemmelighed, denne engangsvape har en <strong>LED display<\/strong> for status med et blik og en <strong>genopladeligt 850mAh batteri<\/strong> s\u00e5 du kan f\u00e5 mest muligt ud af <strong>25ml e-v\u00e6ske<\/strong> kapaciteten. V\u00e6lg din foretrukne <strong>nikotinsaltstyrke<\/strong> (0% \/ 2% \/ 3% \/ 5%) for at matche din rutine.<\/p>\n<p>Opdag flere smage og enheder p\u00e5 <a href=\"https:\/\/fumot.uk\/da\/\">fumot.uk<\/a>.<\/p>\n<h4>N\u00f8glefunktioner<\/h4>\n<ul>\n<li><strong>Op til 15000 puffs<\/strong> (brug varierer efter sugl\u00e6ngde)<\/li>\n<li><strong>Smag:<\/strong> Bl\u00e5b\u00e6r Hindb\u00e6r<\/li>\n<li><strong>Nikotinsalt muligheder:<\/strong> 0% \/ 2% \/ 3% \/ 5%<\/li>\n<li><strong>E-v\u00e6ske kapacitet:<\/strong> 25ml<\/li>\n<li><strong>Spole:<\/strong> Mesh Coil for j\u00e6vn opvarmning<\/li>\n<li><strong>Luftstr\u00f8m:<\/strong> Justerbar luftstr\u00f8mskontrol<\/li>\n<li><strong>Display:<\/strong> LED display<\/li>\n<li><strong>Batteri:<\/strong> 850mAh, genopladelig<\/li>\n<li><strong>Opladning:<\/strong> Type-C<\/li>\n<li><strong>Udvalg:<\/strong> 41 smagsvarianter tilg\u00e6ngelige<\/li>\n<\/ul>\n<h4>Hvem Denne Smag Er Til<\/h4>\n<p>Hvis du kan lide frugtsmage, der er s\u00f8de men ikke flade, <strong>Bl\u00e5b\u00e6r Hindb\u00e6r<\/strong> tilbyder en lagdelt b\u00e6rprofil\u2014runde bl\u00e5b\u00e6rnoter i forgrunden med en spr\u00f8d hindb\u00e6rfinish, der holder den frisk i smagen.<\/p>","protected":false},"excerpt":{"rendered":"<p>RandM Tornado 15000 Puffs Blueberry Raspberry engangs-vape med LED-display, justerbar luftstr\u00f8m, mesh coil, 25ml e-v\u00e6ske og et genopladeligt 850mAh Type\u2011C batteri. Nikotinsalt: 0\/2\/3\/5%.<\/p>","protected":false},"featured_media":97,"comment_status":"open","ping_status":"closed","template":"","meta":[],"product_brand":[],"product_cat":[16,18,17],"product_tag":[19,20,21,33,23,29,25,34,26,27,28],"class_list":{"0":"post-67","1":"product","2":"type-product","3":"status-publish","4":"has-post-thumbnail","6":"product_cat-15000-puff","7":"product_cat-randm-tornado-15000-puffs","8":"product_cat-vape","9":"product_tag-25ml","10":"product_tag-850mah","11":"product_tag-adjustable-airflow","12":"product_tag-blueberry","13":"product_tag-display","14":"product_tag-ice","15":"product_tag-mesh-coil","16":"product_tag-raspberry","17":"product_tag-rechargeable","18":"product_tag-rgb-light","19":"product_tag-type-c","21":"first","22":"instock","23":"sale","24":"shipping-taxable","25":"purchasable","26":"product-type-variable","27":"has-default-attributes"},"yoast_head":"<!-- This site is optimized with the Yoast SEO plugin v26.8 - https:\/\/yoast.com\/product\/yoast-seo-wordpress\/ -->\n<title>RandM Tornado 15000 Blueberry Raspberry | LED &amp; Airflow<\/title>\n<meta name=\"description\" content=\"RandM Tornado 15000 Puffs Blueberry Raspberry: mesh coil, adjustable airflow, LED display, 25ml e-liquid, 850mAh rechargeable Type\u2011C. 0\/2\/3\/5%.\" \/>\n<meta name=\"robots\" content=\"index, follow, max-snippet:-1, max-image-preview:large, max-video-preview:-1\" \/>\n<link rel=\"canonical\" href=\"https:\/\/fumot.uk\/da\/product\/randm-tornado-15000-puffs-blueberry-raspberry\/\" \/>\n<meta property=\"og:locale\" content=\"da_DK\" \/>\n<meta property=\"og:type\" content=\"article\" \/>\n<meta property=\"og:title\" content=\"RandM Tornado 15000 Puffs \u2013 Blueberry Raspberry\" \/>\n<meta property=\"og:description\" content=\"A sweet blueberry hit with a tangy raspberry finish. Mesh coil for smooth flavour, adjustable airflow, LED display, 25ml e-liquid, rechargeable 850mAh Type\u2011C.\" \/>\n<meta property=\"og:url\" content=\"https:\/\/fumot.uk\/da\/product\/randm-tornado-15000-puffs-blueberry-raspberry\/\" \/>\n<meta property=\"og:site_name\" content=\"Fumot Official Direct | Straight from the Factory, 100% Genuine\" \/>\n<meta property=\"article:modified_time\" content=\"2026-01-20T07:45:27+00:00\" \/>\n<meta property=\"og:image\" content=\"https:\/\/fumot.uk\/wp-content\/uploads\/2026\/01\/Randm-Tornado-15000-blueberry-raspberry.jpg\" \/>\n\t<meta property=\"og:image:width\" content=\"2000\" \/>\n\t<meta property=\"og:image:height\" content=\"2000\" \/>\n\t<meta property=\"og:image:type\" content=\"image\/jpeg\" \/>\n<meta name=\"twitter:card\" content=\"summary_large_image\" \/>\n<meta name=\"twitter:label1\" content=\"Estimeret l\u00e6setid\" \/>\n\t<meta name=\"twitter:data1\" content=\"1 minut\" \/>\n<script type=\"application\/ld+json\" class=\"yoast-schema-graph\">{\"@context\":\"https:\/\/schema.org\",\"@graph\":[{\"@type\":\"WebPage\",\"@id\":\"https:\/\/fumot.uk\/product\/randm-tornado-15000-puffs-blueberry-raspberry\/\",\"url\":\"https:\/\/fumot.uk\/product\/randm-tornado-15000-puffs-blueberry-raspberry\/\",\"name\":\"RandM Tornado 15000 Blueberry Raspberry | LED & Airflow\",\"isPartOf\":{\"@id\":\"https:\/\/fumot.uk\/#website\"},\"primaryImageOfPage\":{\"@id\":\"https:\/\/fumot.uk\/product\/randm-tornado-15000-puffs-blueberry-raspberry\/#primaryimage\"},\"image\":{\"@id\":\"https:\/\/fumot.uk\/product\/randm-tornado-15000-puffs-blueberry-raspberry\/#primaryimage\"},\"thumbnailUrl\":\"https:\/\/fumot.uk\/wp-content\/uploads\/2026\/01\/Randm-Tornado-15000-blueberry-raspberry.jpg\",\"datePublished\":\"2026-01-20T02:40:05+00:00\",\"dateModified\":\"2026-01-20T07:45:27+00:00\",\"description\":\"RandM Tornado 15000 Puffs Blueberry Raspberry: mesh coil, adjustable airflow, LED display, 25ml e-liquid, 850mAh rechargeable Type\u2011C. 0\/2\/3\/5%.\",\"breadcrumb\":{\"@id\":\"https:\/\/fumot.uk\/product\/randm-tornado-15000-puffs-blueberry-raspberry\/#breadcrumb\"},\"inLanguage\":\"da-DK\",\"potentialAction\":[{\"@type\":\"ReadAction\",\"target\":[\"https:\/\/fumot.uk\/product\/randm-tornado-15000-puffs-blueberry-raspberry\/\"]}]},{\"@type\":\"ImageObject\",\"inLanguage\":\"da-DK\",\"@id\":\"https:\/\/fumot.uk\/product\/randm-tornado-15000-puffs-blueberry-raspberry\/#primaryimage\",\"url\":\"https:\/\/fumot.uk\/wp-content\/uploads\/2026\/01\/Randm-Tornado-15000-blueberry-raspberry.jpg\",\"contentUrl\":\"https:\/\/fumot.uk\/wp-content\/uploads\/2026\/01\/Randm-Tornado-15000-blueberry-raspberry.jpg\",\"width\":2000,\"height\":2000},{\"@type\":\"BreadcrumbList\",\"@id\":\"https:\/\/fumot.uk\/product\/randm-tornado-15000-puffs-blueberry-raspberry\/#breadcrumb\",\"itemListElement\":[{\"@type\":\"ListItem\",\"position\":1,\"name\":\"Home\",\"item\":\"https:\/\/fumot.uk\/\"},{\"@type\":\"ListItem\",\"position\":2,\"name\":\"Shop\",\"item\":\"https:\/\/fumot.uk\/shop\/\"},{\"@type\":\"ListItem\",\"position\":3,\"name\":\"RandM Tornado 15000 Puffs Blueberry Raspberry Disposable Vape | LED Display &#038; Adjustable Airflow\"}]},{\"@type\":\"WebSite\",\"@id\":\"https:\/\/fumot.uk\/#website\",\"url\":\"https:\/\/fumot.uk\/\",\"name\":\"Fumot Official Direct | Straight from the Factory, 100% Genuine\",\"description\":\"Official Website\",\"publisher\":{\"@id\":\"https:\/\/fumot.uk\/#organization\"},\"potentialAction\":[{\"@type\":\"SearchAction\",\"target\":{\"@type\":\"EntryPoint\",\"urlTemplate\":\"https:\/\/fumot.uk\/?s={search_term_string}\"},\"query-input\":{\"@type\":\"PropertyValueSpecification\",\"valueRequired\":true,\"valueName\":\"search_term_string\"}}],\"inLanguage\":\"da-DK\"},{\"@type\":\"Organization\",\"@id\":\"https:\/\/fumot.uk\/#organization\",\"name\":\"Fumot Official Direct | Straight from the Factory, 100% Genuine\",\"url\":\"https:\/\/fumot.uk\/\",\"logo\":{\"@type\":\"ImageObject\",\"inLanguage\":\"da-DK\",\"@id\":\"https:\/\/fumot.uk\/#\/schema\/logo\/image\/\",\"url\":\"https:\/\/fumot.uk\/wp-content\/uploads\/2026\/01\/cropped-fumot-logo1.png\",\"contentUrl\":\"https:\/\/fumot.uk\/wp-content\/uploads\/2026\/01\/cropped-fumot-logo1.png\",\"width\":152,\"height\":106,\"caption\":\"Fumot Official Direct | Straight from the Factory, 100% Genuine\"},\"image\":{\"@id\":\"https:\/\/fumot.uk\/#\/schema\/logo\/image\/\"}}]}<\/script>\n<!-- \/ Yoast SEO plugin. -->","yoast_head_json":{"title":"RandM Tornado 15000 Bl\u00e5b\u00e6r Hindb\u00e6r | LED &amp; Luftstr\u00f8m","description":"RandM Tornado 15000 Puffs Bl\u00e5b\u00e6r Hindb\u00e6r: mesh coil, justerbar luftstr\u00f8m, LED-display, 25ml e-v\u00e6ske, 850mAh genopladelig Type\u2011C. 0\/2\/3\/5%.","robots":{"index":"index","follow":"follow","max-snippet":"max-snippet:-1","max-image-preview":"max-image-preview:large","max-video-preview":"max-video-preview:-1"},"canonical":"https:\/\/fumot.uk\/da\/product\/randm-tornado-15000-puffs-blueberry-raspberry\/","og_locale":"da_DK","og_type":"article","og_title":"RandM Tornado 15000 Puffs \u2013 Blueberry Raspberry","og_description":"A sweet blueberry hit with a tangy raspberry finish. Mesh coil for smooth flavour, adjustable airflow, LED display, 25ml e-liquid, rechargeable 850mAh Type\u2011C.","og_url":"https:\/\/fumot.uk\/da\/product\/randm-tornado-15000-puffs-blueberry-raspberry\/","og_site_name":"Fumot Official Direct | Straight from the Factory, 100% Genuine","article_modified_time":"2026-01-20T07:45:27+00:00","og_image":[{"width":2000,"height":2000,"url":"https:\/\/fumot.uk\/wp-content\/uploads\/2026\/01\/Randm-Tornado-15000-blueberry-raspberry.jpg","type":"image\/jpeg"}],"twitter_card":"summary_large_image","twitter_misc":{"Estimeret l\u00e6setid":"1 minut"},"schema":{"@context":"https:\/\/schema.org","@graph":[{"@type":"WebPage","@id":"https:\/\/fumot.uk\/product\/randm-tornado-15000-puffs-blueberry-raspberry\/","url":"https:\/\/fumot.uk\/product\/randm-tornado-15000-puffs-blueberry-raspberry\/","name":"RandM Tornado 15000 Bl\u00e5b\u00e6r Hindb\u00e6r | LED &amp; Luftstr\u00f8m","isPartOf":{"@id":"https:\/\/fumot.uk\/#website"},"primaryImageOfPage":{"@id":"https:\/\/fumot.uk\/product\/randm-tornado-15000-puffs-blueberry-raspberry\/#primaryimage"},"image":{"@id":"https:\/\/fumot.uk\/product\/randm-tornado-15000-puffs-blueberry-raspberry\/#primaryimage"},"thumbnailUrl":"https:\/\/fumot.uk\/wp-content\/uploads\/2026\/01\/Randm-Tornado-15000-blueberry-raspberry.jpg","datePublished":"2026-01-20T02:40:05+00:00","dateModified":"2026-01-20T07:45:27+00:00","description":"RandM Tornado 15000 Puffs Bl\u00e5b\u00e6r Hindb\u00e6r: mesh coil, justerbar luftstr\u00f8m, LED-display, 25ml e-v\u00e6ske, 850mAh genopladelig Type\u2011C. 0\/2\/3\/5%.","breadcrumb":{"@id":"https:\/\/fumot.uk\/product\/randm-tornado-15000-puffs-blueberry-raspberry\/#breadcrumb"},"inLanguage":"da-DK","potentialAction":[{"@type":"ReadAction","target":["https:\/\/fumot.uk\/product\/randm-tornado-15000-puffs-blueberry-raspberry\/"]}]},{"@type":"ImageObject","inLanguage":"da-DK","@id":"https:\/\/fumot.uk\/product\/randm-tornado-15000-puffs-blueberry-raspberry\/#primaryimage","url":"https:\/\/fumot.uk\/wp-content\/uploads\/2026\/01\/Randm-Tornado-15000-blueberry-raspberry.jpg","contentUrl":"https:\/\/fumot.uk\/wp-content\/uploads\/2026\/01\/Randm-Tornado-15000-blueberry-raspberry.jpg","width":2000,"height":2000},{"@type":"BreadcrumbList","@id":"https:\/\/fumot.uk\/product\/randm-tornado-15000-puffs-blueberry-raspberry\/#breadcrumb","itemListElement":[{"@type":"ListItem","position":1,"name":"Home","item":"https:\/\/fumot.uk\/"},{"@type":"ListItem","position":2,"name":"Shop","item":"https:\/\/fumot.uk\/shop\/"},{"@type":"ListItem","position":3,"name":"RandM Tornado 15000 Puffs Blueberry Raspberry Disposable Vape | LED Display &#038; Adjustable Airflow"}]},{"@type":"WebSite","@id":"https:\/\/fumot.uk\/#website","url":"https:\/\/fumot.uk\/","name":"Fumot Official Direct | Direkte fra fabrikken, 100% \u00c6gte","description":"Officiel hjemmeside","publisher":{"@id":"https:\/\/fumot.uk\/#organization"},"potentialAction":[{"@type":"SearchAction","target":{"@type":"EntryPoint","urlTemplate":"https:\/\/fumot.uk\/?s={search_term_string}"},"query-input":{"@type":"PropertyValueSpecification","valueRequired":true,"valueName":"search_term_string"}}],"inLanguage":"da-DK"},{"@type":"Organization","@id":"https:\/\/fumot.uk\/#organization","name":"Fumot Official Direct | Direkte fra fabrikken, 100% \u00c6gte","url":"https:\/\/fumot.uk\/","logo":{"@type":"ImageObject","inLanguage":"da-DK","@id":"https:\/\/fumot.uk\/#\/schema\/logo\/image\/","url":"https:\/\/fumot.uk\/wp-content\/uploads\/2026\/01\/cropped-fumot-logo1.png","contentUrl":"https:\/\/fumot.uk\/wp-content\/uploads\/2026\/01\/cropped-fumot-logo1.png","width":152,"height":106,"caption":"Fumot Official Direct | Straight from the Factory, 100% Genuine"},"image":{"@id":"https:\/\/fumot.uk\/#\/schema\/logo\/image\/"}}]}},"_links":{"self":[{"href":"https:\/\/fumot.uk\/da\/wp-json\/wp\/v2\/product\/67","targetHints":{"allow":["GET"]}}],"collection":[{"href":"https:\/\/fumot.uk\/da\/wp-json\/wp\/v2\/product"}],"about":[{"href":"https:\/\/fumot.uk\/da\/wp-json\/wp\/v2\/types\/product"}],"replies":[{"embeddable":true,"href":"https:\/\/fumot.uk\/da\/wp-json\/wp\/v2\/comments?post=67"}],"wp:featuredmedia":[{"embeddable":true,"href":"https:\/\/fumot.uk\/da\/wp-json\/wp\/v2\/media\/97"}],"wp:attachment":[{"href":"https:\/\/fumot.uk\/da\/wp-json\/wp\/v2\/media?parent=67"}],"wp:term":[{"taxonomy":"product_brand","embeddable":true,"href":"https:\/\/fumot.uk\/da\/wp-json\/wp\/v2\/product_brand?post=67"},{"taxonomy":"product_cat","embeddable":true,"href":"https:\/\/fumot.uk\/da\/wp-json\/wp\/v2\/product_cat?post=67"},{"taxonomy":"product_tag","embeddable":true,"href":"https:\/\/fumot.uk\/da\/wp-json\/wp\/v2\/product_tag?post=67"}],"curies":[{"name":"wp","href":"https:\/\/api.w.org\/{rel}","templated":true}]}}