{"id":637,"date":"2026-01-20T02:47:03","date_gmt":"2026-01-20T02:47:03","guid":{"rendered":"https:\/\/fumot.uk\/?post_type=product&#038;p=637"},"modified":"2026-01-20T04:09:33","modified_gmt":"2026-01-20T04:09:33","slug":"fumot-leopard-40000-puffs-peachy-mango-pineapple","status":"publish","type":"product","link":"https:\/\/fumot.uk\/da\/product\/fumot-leopard-40000-puffs-peachy-mango-pineapple\/","title":{"rendered":"Fumot Leopard 40000 Sug Engangs Vape \u2013 Peachy Mango Pineapple | Dual Mesh, LED Display, 700mAh, Type\u2011C"},"content":{"rendered":"<h2>Fumot Leopard 40000 Puffs \u2013 Fersken Mango Ananas<\/h2>\n<p>Bring tropisk energi til hvert sug med den <strong>Fumot Leopard 40000 Puffs<\/strong> in <strong>Fersken Mango Ananas<\/strong>. Bygget til lange sessioner og j\u00e6vn konsistens, denne <strong>engangs-vape<\/strong> kombinerer et dristigt, krystalklart leopard-stil skal med en levende <strong>LED digital display<\/strong>\u2014s\u00e5 du kan nyde udseendet lige s\u00e5 meget som smagen.<\/p>\n<h3>Smagsprofil: Fersken Mango Ananas<\/h3>\n<p>Denne blanding handler om solrige, lagdelte frugter. Forvent <strong>bl\u00f8d fersken s\u00f8dme<\/strong> forrest, efterfulgt af <strong>moden mango<\/strong> rigdom, og en <strong>saftig ananas<\/strong> afslutning, der holder smagen lys og forfriskende. Balanceret og tropisk\u2014s\u00f8d uden at f\u00f8les tung.<\/p>\n<h3>Hvorfor du vil elske det<\/h3>\n<ul>\n<li><strong>Op til 40.000 sug<\/strong> til langvarig brug*<\/li>\n<li><strong>Dual Mesh Coil<\/strong> for j\u00e6vn opvarmning og fyldigere, glattere damp<\/li>\n<li><strong>700mAh batteri<\/strong> designet til p\u00e5lidelig daglig ydeevne<\/li>\n<li><strong>Type\u2011C hurtig opladning<\/strong> til hurtige opladninger<\/li>\n<li><strong>LED display<\/strong> for at tjekke status med et blik<\/li>\n<li><strong>Nikotin muligheder:<\/strong> 0%, 2%, 3%, 5%<\/li>\n<\/ul>\n<h3>Signaturdesign, Komfortabelt Greb<\/h3>\n<p>Den transparente krystalkrop med leopard-inspirerede detaljer og glitrende accenter skaber et i\u00f8jnefaldende, premium look. Dens ergonomiske form ligger komfortabelt i h\u00e5nden, hvilket g\u00f8r det til et nemt valg for b\u00e5de begyndere og erfarne dampere.<\/p>\n<h3>Produktspecifikationer<\/h3>\n<ul>\n<li><strong>Produkt:<\/strong> Fumot Leopard 40000 Puffs Engangs Vape<\/li>\n<li><strong>Smag:<\/strong> Fersken Mango Ananas<\/li>\n<li><strong>Puff antal:<\/strong> Op til 40.000*<\/li>\n<li><strong>Batteri:<\/strong> 700mAh<\/li>\n<li><strong>Opladning:<\/strong> Type\u2011C<\/li>\n<li><strong>Spole:<\/strong> Dual Mesh Coil<\/li>\n<li><strong>Display:<\/strong> LED Digital Display<\/li>\n<li><strong>Nikotinstyrke:<\/strong> 0% \/ 2% \/ 3% \/ 5%<\/li>\n<\/ul>\n<p><em>Puff antal varierer baseret p\u00e5 brugsvaner og sugl\u00e6ngde.<\/em><\/p>","protected":false},"excerpt":{"rendered":"<p>Tropisk fersken-mango-ananas smag i Fumot Leopard 40000 Puffs engangs-vape. Dobbelt mesh coil, LED-display, 700mAh batteri og Type-C opladning. Nikotin: 0\/2\/3\/5%.<\/p>","protected":false},"featured_media":675,"comment_status":"open","ping_status":"closed","template":"","meta":[],"product_brand":[],"product_cat":[82,83,17],"product_tag":[84,70,85,71,86,23,73,42,30,35,28],"class_list":{"0":"post-637","1":"product","2":"type-product","3":"status-publish","4":"has-post-thumbnail","6":"product_cat-40000-puff","7":"product_cat-fumot-leopard-40000-puffs","8":"product_cat-vape","9":"product_tag-0-nikotin","10":"product_tag-2-nikotin","11":"product_tag-3-nikotin","12":"product_tag-5-nikotin","13":"product_tag-700-mah","14":"product_tag-display","15":"product_tag-dual-mesh","16":"product_tag-mango","17":"product_tag-peach","18":"product_tag-pineapple","19":"product_tag-type-c","21":"first","22":"instock","23":"sale","24":"shipping-taxable","25":"purchasable","26":"product-type-variable","27":"has-default-attributes"},"yoast_head":"<!-- This site is optimized with the Yoast SEO plugin v26.8 - https:\/\/yoast.com\/product\/yoast-seo-wordpress\/ -->\n<title>Fumot Leopard 40000 Puffs Peachy Mango Pineapple<\/title>\n<meta name=\"description\" content=\"Fumot Leopard 40000 Puffs disposable vape in Peachy Mango Pineapple. Dual mesh coil, LED display, 700mAh battery, Type\u2011C charging. 0\/2\/3\/5% nicotine.\" \/>\n<meta name=\"robots\" content=\"index, follow, max-snippet:-1, max-image-preview:large, max-video-preview:-1\" \/>\n<link rel=\"canonical\" href=\"https:\/\/fumot.uk\/da\/product\/fumot-leopard-40000-puffs-peachy-mango-pineapple\/\" \/>\n<meta property=\"og:locale\" content=\"da_DK\" \/>\n<meta property=\"og:type\" content=\"article\" \/>\n<meta property=\"og:title\" content=\"Fumot Leopard 40000 Puffs \u2013 Peachy Mango Pineapple\" \/>\n<meta property=\"og:description\" content=\"A bright tropical mix of peach, mango and pineapple with Dual Mesh performance, LED display, 700mAh battery and Type\u2011C charging. Up to 40,000 puffs*.\" \/>\n<meta property=\"og:url\" content=\"https:\/\/fumot.uk\/da\/product\/fumot-leopard-40000-puffs-peachy-mango-pineapple\/\" \/>\n<meta property=\"og:site_name\" content=\"Fumot Official Direct | Straight from the Factory, 100% Genuine\" \/>\n<meta property=\"article:modified_time\" content=\"2026-01-20T04:09:33+00:00\" \/>\n<meta property=\"og:image\" content=\"https:\/\/fumot.uk\/wp-content\/uploads\/2026\/01\/Fumot-Leopard-40000-Puffs-Peachy-Mango-Pineapple-Disposable-Vape.jpg\" \/>\n\t<meta property=\"og:image:width\" content=\"2000\" \/>\n\t<meta property=\"og:image:height\" content=\"2000\" \/>\n\t<meta property=\"og:image:type\" content=\"image\/jpeg\" \/>\n<meta name=\"twitter:card\" content=\"summary_large_image\" \/>\n<meta name=\"twitter:label1\" content=\"Estimeret l\u00e6setid\" \/>\n\t<meta name=\"twitter:data1\" content=\"2 minutter\" \/>\n<script type=\"application\/ld+json\" class=\"yoast-schema-graph\">{\"@context\":\"https:\/\/schema.org\",\"@graph\":[{\"@type\":\"WebPage\",\"@id\":\"https:\/\/fumot.uk\/product\/fumot-leopard-40000-puffs-peachy-mango-pineapple\/\",\"url\":\"https:\/\/fumot.uk\/product\/fumot-leopard-40000-puffs-peachy-mango-pineapple\/\",\"name\":\"Fumot Leopard 40000 Puffs Peachy Mango Pineapple\",\"isPartOf\":{\"@id\":\"https:\/\/fumot.uk\/#website\"},\"primaryImageOfPage\":{\"@id\":\"https:\/\/fumot.uk\/product\/fumot-leopard-40000-puffs-peachy-mango-pineapple\/#primaryimage\"},\"image\":{\"@id\":\"https:\/\/fumot.uk\/product\/fumot-leopard-40000-puffs-peachy-mango-pineapple\/#primaryimage\"},\"thumbnailUrl\":\"https:\/\/fumot.uk\/wp-content\/uploads\/2026\/01\/Fumot-Leopard-40000-Puffs-Peachy-Mango-Pineapple-Disposable-Vape.jpg\",\"datePublished\":\"2026-01-20T02:47:03+00:00\",\"dateModified\":\"2026-01-20T04:09:33+00:00\",\"description\":\"Fumot Leopard 40000 Puffs disposable vape in Peachy Mango Pineapple. Dual mesh coil, LED display, 700mAh battery, Type\u2011C charging. 0\/2\/3\/5% nicotine.\",\"breadcrumb\":{\"@id\":\"https:\/\/fumot.uk\/product\/fumot-leopard-40000-puffs-peachy-mango-pineapple\/#breadcrumb\"},\"inLanguage\":\"da-DK\",\"potentialAction\":[{\"@type\":\"ReadAction\",\"target\":[\"https:\/\/fumot.uk\/product\/fumot-leopard-40000-puffs-peachy-mango-pineapple\/\"]}]},{\"@type\":\"ImageObject\",\"inLanguage\":\"da-DK\",\"@id\":\"https:\/\/fumot.uk\/product\/fumot-leopard-40000-puffs-peachy-mango-pineapple\/#primaryimage\",\"url\":\"https:\/\/fumot.uk\/wp-content\/uploads\/2026\/01\/Fumot-Leopard-40000-Puffs-Peachy-Mango-Pineapple-Disposable-Vape.jpg\",\"contentUrl\":\"https:\/\/fumot.uk\/wp-content\/uploads\/2026\/01\/Fumot-Leopard-40000-Puffs-Peachy-Mango-Pineapple-Disposable-Vape.jpg\",\"width\":2000,\"height\":2000},{\"@type\":\"BreadcrumbList\",\"@id\":\"https:\/\/fumot.uk\/product\/fumot-leopard-40000-puffs-peachy-mango-pineapple\/#breadcrumb\",\"itemListElement\":[{\"@type\":\"ListItem\",\"position\":1,\"name\":\"Home\",\"item\":\"https:\/\/fumot.uk\/\"},{\"@type\":\"ListItem\",\"position\":2,\"name\":\"Shop\",\"item\":\"https:\/\/fumot.uk\/shop\/\"},{\"@type\":\"ListItem\",\"position\":3,\"name\":\"Fumot Leopard 40000 Puffs Disposable Vape \u2013 Peachy Mango Pineapple | Dual Mesh, LED Display, 700mAh, Type\u2011C\"}]},{\"@type\":\"WebSite\",\"@id\":\"https:\/\/fumot.uk\/#website\",\"url\":\"https:\/\/fumot.uk\/\",\"name\":\"Fumot Official Direct | Straight from the Factory, 100% Genuine\",\"description\":\"Official Website\",\"publisher\":{\"@id\":\"https:\/\/fumot.uk\/#organization\"},\"potentialAction\":[{\"@type\":\"SearchAction\",\"target\":{\"@type\":\"EntryPoint\",\"urlTemplate\":\"https:\/\/fumot.uk\/?s={search_term_string}\"},\"query-input\":{\"@type\":\"PropertyValueSpecification\",\"valueRequired\":true,\"valueName\":\"search_term_string\"}}],\"inLanguage\":\"da-DK\"},{\"@type\":\"Organization\",\"@id\":\"https:\/\/fumot.uk\/#organization\",\"name\":\"Fumot Official Direct | Straight from the Factory, 100% Genuine\",\"url\":\"https:\/\/fumot.uk\/\",\"logo\":{\"@type\":\"ImageObject\",\"inLanguage\":\"da-DK\",\"@id\":\"https:\/\/fumot.uk\/#\/schema\/logo\/image\/\",\"url\":\"https:\/\/fumot.uk\/wp-content\/uploads\/2026\/01\/cropped-fumot-logo1.png\",\"contentUrl\":\"https:\/\/fumot.uk\/wp-content\/uploads\/2026\/01\/cropped-fumot-logo1.png\",\"width\":152,\"height\":106,\"caption\":\"Fumot Official Direct | Straight from the Factory, 100% Genuine\"},\"image\":{\"@id\":\"https:\/\/fumot.uk\/#\/schema\/logo\/image\/\"}}]}<\/script>\n<!-- \/ Yoast SEO plugin. -->","yoast_head_json":{"title":"Fumot Leopard 40000 Puffs Peachy Mango Pineapple","description":"Fumot Leopard 40000 Puffs engangs-vape i Peachy Mango Pineapple. Dobbelt mesh coil, LED-display, 700mAh batteri, Type\u2011C opladning. 0\/2\/3\/5% nikotin.","robots":{"index":"index","follow":"follow","max-snippet":"max-snippet:-1","max-image-preview":"max-image-preview:large","max-video-preview":"max-video-preview:-1"},"canonical":"https:\/\/fumot.uk\/da\/product\/fumot-leopard-40000-puffs-peachy-mango-pineapple\/","og_locale":"da_DK","og_type":"article","og_title":"Fumot Leopard 40000 Puffs \u2013 Peachy Mango Pineapple","og_description":"A bright tropical mix of peach, mango and pineapple with Dual Mesh performance, LED display, 700mAh battery and Type\u2011C charging. Up to 40,000 puffs*.","og_url":"https:\/\/fumot.uk\/da\/product\/fumot-leopard-40000-puffs-peachy-mango-pineapple\/","og_site_name":"Fumot Official Direct | Straight from the Factory, 100% Genuine","article_modified_time":"2026-01-20T04:09:33+00:00","og_image":[{"width":2000,"height":2000,"url":"https:\/\/fumot.uk\/wp-content\/uploads\/2026\/01\/Fumot-Leopard-40000-Puffs-Peachy-Mango-Pineapple-Disposable-Vape.jpg","type":"image\/jpeg"}],"twitter_card":"summary_large_image","twitter_misc":{"Estimeret l\u00e6setid":"2 minutter"},"schema":{"@context":"https:\/\/schema.org","@graph":[{"@type":"WebPage","@id":"https:\/\/fumot.uk\/product\/fumot-leopard-40000-puffs-peachy-mango-pineapple\/","url":"https:\/\/fumot.uk\/product\/fumot-leopard-40000-puffs-peachy-mango-pineapple\/","name":"Fumot Leopard 40000 Puffs Peachy Mango Pineapple","isPartOf":{"@id":"https:\/\/fumot.uk\/#website"},"primaryImageOfPage":{"@id":"https:\/\/fumot.uk\/product\/fumot-leopard-40000-puffs-peachy-mango-pineapple\/#primaryimage"},"image":{"@id":"https:\/\/fumot.uk\/product\/fumot-leopard-40000-puffs-peachy-mango-pineapple\/#primaryimage"},"thumbnailUrl":"https:\/\/fumot.uk\/wp-content\/uploads\/2026\/01\/Fumot-Leopard-40000-Puffs-Peachy-Mango-Pineapple-Disposable-Vape.jpg","datePublished":"2026-01-20T02:47:03+00:00","dateModified":"2026-01-20T04:09:33+00:00","description":"Fumot Leopard 40000 Puffs engangs-vape i Peachy Mango Pineapple. Dobbelt mesh coil, LED-display, 700mAh batteri, Type\u2011C opladning. 0\/2\/3\/5% nikotin.","breadcrumb":{"@id":"https:\/\/fumot.uk\/product\/fumot-leopard-40000-puffs-peachy-mango-pineapple\/#breadcrumb"},"inLanguage":"da-DK","potentialAction":[{"@type":"ReadAction","target":["https:\/\/fumot.uk\/product\/fumot-leopard-40000-puffs-peachy-mango-pineapple\/"]}]},{"@type":"ImageObject","inLanguage":"da-DK","@id":"https:\/\/fumot.uk\/product\/fumot-leopard-40000-puffs-peachy-mango-pineapple\/#primaryimage","url":"https:\/\/fumot.uk\/wp-content\/uploads\/2026\/01\/Fumot-Leopard-40000-Puffs-Peachy-Mango-Pineapple-Disposable-Vape.jpg","contentUrl":"https:\/\/fumot.uk\/wp-content\/uploads\/2026\/01\/Fumot-Leopard-40000-Puffs-Peachy-Mango-Pineapple-Disposable-Vape.jpg","width":2000,"height":2000},{"@type":"BreadcrumbList","@id":"https:\/\/fumot.uk\/product\/fumot-leopard-40000-puffs-peachy-mango-pineapple\/#breadcrumb","itemListElement":[{"@type":"ListItem","position":1,"name":"Home","item":"https:\/\/fumot.uk\/"},{"@type":"ListItem","position":2,"name":"Shop","item":"https:\/\/fumot.uk\/shop\/"},{"@type":"ListItem","position":3,"name":"Fumot Leopard 40000 Puffs Disposable Vape \u2013 Peachy Mango Pineapple | Dual Mesh, LED Display, 700mAh, Type\u2011C"}]},{"@type":"WebSite","@id":"https:\/\/fumot.uk\/#website","url":"https:\/\/fumot.uk\/","name":"Fumot Official Direct | Direkte fra fabrikken, 100% \u00c6gte","description":"Officiel hjemmeside","publisher":{"@id":"https:\/\/fumot.uk\/#organization"},"potentialAction":[{"@type":"SearchAction","target":{"@type":"EntryPoint","urlTemplate":"https:\/\/fumot.uk\/?s={search_term_string}"},"query-input":{"@type":"PropertyValueSpecification","valueRequired":true,"valueName":"search_term_string"}}],"inLanguage":"da-DK"},{"@type":"Organization","@id":"https:\/\/fumot.uk\/#organization","name":"Fumot Official Direct | Direkte fra fabrikken, 100% \u00c6gte","url":"https:\/\/fumot.uk\/","logo":{"@type":"ImageObject","inLanguage":"da-DK","@id":"https:\/\/fumot.uk\/#\/schema\/logo\/image\/","url":"https:\/\/fumot.uk\/wp-content\/uploads\/2026\/01\/cropped-fumot-logo1.png","contentUrl":"https:\/\/fumot.uk\/wp-content\/uploads\/2026\/01\/cropped-fumot-logo1.png","width":152,"height":106,"caption":"Fumot Official Direct | Straight from the Factory, 100% Genuine"},"image":{"@id":"https:\/\/fumot.uk\/#\/schema\/logo\/image\/"}}]}},"_links":{"self":[{"href":"https:\/\/fumot.uk\/da\/wp-json\/wp\/v2\/product\/637","targetHints":{"allow":["GET"]}}],"collection":[{"href":"https:\/\/fumot.uk\/da\/wp-json\/wp\/v2\/product"}],"about":[{"href":"https:\/\/fumot.uk\/da\/wp-json\/wp\/v2\/types\/product"}],"replies":[{"embeddable":true,"href":"https:\/\/fumot.uk\/da\/wp-json\/wp\/v2\/comments?post=637"}],"wp:featuredmedia":[{"embeddable":true,"href":"https:\/\/fumot.uk\/da\/wp-json\/wp\/v2\/media\/675"}],"wp:attachment":[{"href":"https:\/\/fumot.uk\/da\/wp-json\/wp\/v2\/media?parent=637"}],"wp:term":[{"taxonomy":"product_brand","embeddable":true,"href":"https:\/\/fumot.uk\/da\/wp-json\/wp\/v2\/product_brand?post=637"},{"taxonomy":"product_cat","embeddable":true,"href":"https:\/\/fumot.uk\/da\/wp-json\/wp\/v2\/product_cat?post=637"},{"taxonomy":"product_tag","embeddable":true,"href":"https:\/\/fumot.uk\/da\/wp-json\/wp\/v2\/product_tag?post=637"}],"curies":[{"name":"wp","href":"https:\/\/api.w.org\/{rel}","templated":true}]}}