{"id":6005,"date":"2026-01-21T04:20:49","date_gmt":"2026-01-21T04:20:49","guid":{"rendered":"https:\/\/fumot.uk\/?post_type=product&#038;p=6005"},"modified":"2026-01-21T06:07:12","modified_gmt":"2026-01-21T06:07:12","slug":"fihp-double-flavor-40000-puffs-double-apple-ice-love-666","status":"publish","type":"product","link":"https:\/\/fumot.uk\/da\/product\/fihp-double-flavor-40000-puffs-double-apple-ice-love-666\/","title":{"rendered":"FIHP Double Flavor 40000 Puffs Engangs Vape \u2013 Dobbelt \u00c6ble Is &amp; Love 666 | Dobbelt Smagsskift, LED Display, Type\u2011C"},"content":{"rendered":"<h2>FIHP Double Flavor 40000 Puffs \u2013 Dobbelt \u00c6ble Is &amp; Love 666<\/h2>\n<p>M\u00f8d en dristig to-i-en engangs-vape bygget til variation: den <strong>FIHP Double Flavor 40000 Puffs<\/strong> parrer <strong>Dobbelt \u00c6ble Is<\/strong> med <strong>Love 666<\/strong> i et innovativt <strong>dobbelt smagskiftesystem<\/strong>. Drej blot mundstykket for at \u00e6ndre profiler og holde din vapesession frisk.<\/p>\n<h3>To Smage, En Enhed<\/h3>\n<ul>\n<li><strong>Dobbelt \u00c6ble Is<\/strong> \u2013 spr\u00f8d, s\u00f8d dobbelt-\u00e6blekarakter afsluttet med en ren iskolde k\u00f8lighed for et forfriskende, frugt-fremadtr\u00e6kkende sug.<\/li>\n<li><strong>Love 666<\/strong> \u2013 en mystisk, eksotisk frugtblanding med en let s\u00f8d kant, der f\u00f8les dybere og mere dragende for en intens temposkift.<\/li>\n<\/ul>\n<h3>Hvorfor du vil kunne lide det<\/h3>\n<ul>\n<li><strong>Op til 40000 puffs<\/strong> (brug varierer)<\/li>\n<li><strong>Dobbelt smag<\/strong> design \u2013 skift smag ved at dreje mundstykket<\/li>\n<li><strong>Dual Mesh Coil<\/strong> for j\u00e6vn, konsistent smagslevering<\/li>\n<li><strong>36ml e-v\u00e6ske kapacitet<\/strong><\/li>\n<li><strong>650mAh genopladeligt batteri<\/strong> med <strong>Type\u2011C opladning<\/strong><\/li>\n<li><strong>LED display<\/strong> for status med et enkelt blik<\/li>\n<\/ul>\n<h3>Anbefalet Til<\/h3>\n<p>Hvis du nyder <strong>\u00e6bleis vapes<\/strong> men ogs\u00e5 \u00f8nsker en anden, mere eksotisk frugtprofil i reserve, <strong>Dobbelt \u00c6ble Is &amp; Love 666<\/strong> er lavet til hurtige smagsskift uden at skifte enheder.<\/p>\n<p>Udforsk flere dobbelt-smagsmuligheder og de nyeste udgivelser p\u00e5 <a href=\"https:\/\/fumot.uk\/da\/\">fumot.uk<\/a>.<\/p>\n<h3>Produktspecifikationer<\/h3>\n<ul>\n<li><strong>Kategori:<\/strong> 40000 sug, Engangs Vape, FIHP Double Flavor 40000 Puffs<\/li>\n<li><strong>Sug:<\/strong> 40000<\/li>\n<li><strong>Nikotinstyrke:<\/strong> 2% \/ 5%<\/li>\n<li><strong>Spole:<\/strong> Dual Mesh Coil<\/li>\n<li><strong>Batteri:<\/strong> 650mAh (genopladelig)<\/li>\n<li><strong>Opladning:<\/strong> Type\u2011C<\/li>\n<li><strong>Display:<\/strong> LED Display<\/li>\n<li><strong>Smag:<\/strong> Dobbelt \u00c6ble Is &amp; Love 666<\/li>\n<\/ul>","protected":false},"excerpt":{"rendered":"<p>Skift din session med FIHP Double Flavor 40000 Puffs engangsvape i Double Apple Ice &amp; Love 666. Drej mundstykket for at skifte smag, nyd Dual Mesh Coil glathed, 36ml kapacitet, LED-display og et 650mAh Type\u2011C genopladeligt batteri. Tilg\u00e6ngelig i 2% eller 5% nikotin.<\/p>","protected":false},"featured_media":6039,"comment_status":"open","ping_status":"closed","template":"","meta":[],"product_brand":[],"product_cat":[82,276,17],"product_tag":[70,165,71,131,31,114,73,29,26,37,28],"class_list":{"0":"post-6005","1":"product","2":"type-product","3":"status-publish","4":"has-post-thumbnail","6":"product_cat-40000-puff","7":"product_cat-fihp-double-flavor-40000-puffs","8":"product_cat-vape","9":"product_tag-2-nikotin","10":"product_tag-36ml","11":"product_tag-5-nikotin","12":"product_tag-650mah","13":"product_tag-apple","14":"product_tag-dual-flavor","15":"product_tag-dual-mesh","16":"product_tag-ice","17":"product_tag-rechargeable","18":"product_tag-strawberry","19":"product_tag-type-c","21":"first","22":"instock","23":"sale","24":"shipping-taxable","25":"purchasable","26":"product-type-variable","27":"has-default-attributes"},"yoast_head":"<!-- This site is optimized with the Yoast SEO plugin v26.8 - https:\/\/yoast.com\/product\/yoast-seo-wordpress\/ -->\n<title>FIHP Double Flavor 40000 Puffs \u2013 Double Apple Ice &amp; Love 666<\/title>\n<meta name=\"description\" content=\"FIHP Double Flavor 40000 Puffs disposable vape: Double Apple Ice &amp; Love 666. Dual flavor switch, Dual Mesh Coil, 36ml, LED display, Type\u2011C, 650mAh. 2%\/5%.\" \/>\n<meta name=\"robots\" content=\"index, follow, max-snippet:-1, max-image-preview:large, max-video-preview:-1\" \/>\n<link rel=\"canonical\" href=\"https:\/\/fumot.uk\/da\/product\/fihp-double-flavor-40000-puffs-double-apple-ice-love-666\/\" \/>\n<meta property=\"og:locale\" content=\"da_DK\" \/>\n<meta property=\"og:type\" content=\"article\" \/>\n<meta property=\"og:title\" content=\"Double Apple Ice &amp; Love 666 \u2013 FIHP Double Flavor 40000 Puffs\" \/>\n<meta property=\"og:description\" content=\"Two distinct tastes in one device. Rotate to switch between crisp Double Apple Ice and the mysterious Love 666 fruit blend. Dual Mesh Coil, 36ml, LED, Type\u2011C.\" \/>\n<meta property=\"og:url\" content=\"https:\/\/fumot.uk\/da\/product\/fihp-double-flavor-40000-puffs-double-apple-ice-love-666\/\" \/>\n<meta property=\"og:site_name\" content=\"Fumot Official Direct | Straight from the Factory, 100% Genuine\" \/>\n<meta property=\"article:modified_time\" content=\"2026-01-21T06:07:12+00:00\" \/>\n<meta property=\"og:image\" content=\"https:\/\/fumot.uk\/wp-content\/uploads\/2026\/01\/FIHP-Double-Flavors-40000-Puffs-Love-666-Double-Apple-Ice-Disposable-E-Cigarette.jpg\" \/>\n\t<meta property=\"og:image:width\" content=\"1200\" \/>\n\t<meta property=\"og:image:height\" content=\"1200\" \/>\n\t<meta property=\"og:image:type\" content=\"image\/jpeg\" \/>\n<meta name=\"twitter:card\" content=\"summary_large_image\" \/>\n<meta name=\"twitter:label1\" content=\"Estimeret l\u00e6setid\" \/>\n\t<meta name=\"twitter:data1\" content=\"1 minut\" \/>\n<script type=\"application\/ld+json\" class=\"yoast-schema-graph\">{\"@context\":\"https:\/\/schema.org\",\"@graph\":[{\"@type\":\"WebPage\",\"@id\":\"https:\/\/fumot.uk\/product\/fihp-double-flavor-40000-puffs-double-apple-ice-love-666\/\",\"url\":\"https:\/\/fumot.uk\/product\/fihp-double-flavor-40000-puffs-double-apple-ice-love-666\/\",\"name\":\"FIHP Double Flavor 40000 Puffs \u2013 Double Apple Ice & Love 666\",\"isPartOf\":{\"@id\":\"https:\/\/fumot.uk\/#website\"},\"primaryImageOfPage\":{\"@id\":\"https:\/\/fumot.uk\/product\/fihp-double-flavor-40000-puffs-double-apple-ice-love-666\/#primaryimage\"},\"image\":{\"@id\":\"https:\/\/fumot.uk\/product\/fihp-double-flavor-40000-puffs-double-apple-ice-love-666\/#primaryimage\"},\"thumbnailUrl\":\"https:\/\/fumot.uk\/wp-content\/uploads\/2026\/01\/FIHP-Double-Flavors-40000-Puffs-Love-666-Double-Apple-Ice-Disposable-E-Cigarette.jpg\",\"datePublished\":\"2026-01-21T04:20:49+00:00\",\"dateModified\":\"2026-01-21T06:07:12+00:00\",\"description\":\"FIHP Double Flavor 40000 Puffs disposable vape: Double Apple Ice & Love 666. Dual flavor switch, Dual Mesh Coil, 36ml, LED display, Type\u2011C, 650mAh. 2%\/5%.\",\"breadcrumb\":{\"@id\":\"https:\/\/fumot.uk\/product\/fihp-double-flavor-40000-puffs-double-apple-ice-love-666\/#breadcrumb\"},\"inLanguage\":\"da-DK\",\"potentialAction\":[{\"@type\":\"ReadAction\",\"target\":[\"https:\/\/fumot.uk\/product\/fihp-double-flavor-40000-puffs-double-apple-ice-love-666\/\"]}]},{\"@type\":\"ImageObject\",\"inLanguage\":\"da-DK\",\"@id\":\"https:\/\/fumot.uk\/product\/fihp-double-flavor-40000-puffs-double-apple-ice-love-666\/#primaryimage\",\"url\":\"https:\/\/fumot.uk\/wp-content\/uploads\/2026\/01\/FIHP-Double-Flavors-40000-Puffs-Love-666-Double-Apple-Ice-Disposable-E-Cigarette.jpg\",\"contentUrl\":\"https:\/\/fumot.uk\/wp-content\/uploads\/2026\/01\/FIHP-Double-Flavors-40000-Puffs-Love-666-Double-Apple-Ice-Disposable-E-Cigarette.jpg\",\"width\":1200,\"height\":1200},{\"@type\":\"BreadcrumbList\",\"@id\":\"https:\/\/fumot.uk\/product\/fihp-double-flavor-40000-puffs-double-apple-ice-love-666\/#breadcrumb\",\"itemListElement\":[{\"@type\":\"ListItem\",\"position\":1,\"name\":\"Home\",\"item\":\"https:\/\/fumot.uk\/\"},{\"@type\":\"ListItem\",\"position\":2,\"name\":\"Shop\",\"item\":\"https:\/\/fumot.uk\/shop\/\"},{\"@type\":\"ListItem\",\"position\":3,\"name\":\"FIHP Double Flavor 40000 Puffs Disposable Vape \u2013 Double Apple Ice &#038; Love 666 | Dual Taste Switch, LED Display, Type\u2011C\"}]},{\"@type\":\"WebSite\",\"@id\":\"https:\/\/fumot.uk\/#website\",\"url\":\"https:\/\/fumot.uk\/\",\"name\":\"Fumot Official Direct | Straight from the Factory, 100% Genuine\",\"description\":\"Official Website\",\"publisher\":{\"@id\":\"https:\/\/fumot.uk\/#organization\"},\"potentialAction\":[{\"@type\":\"SearchAction\",\"target\":{\"@type\":\"EntryPoint\",\"urlTemplate\":\"https:\/\/fumot.uk\/?s={search_term_string}\"},\"query-input\":{\"@type\":\"PropertyValueSpecification\",\"valueRequired\":true,\"valueName\":\"search_term_string\"}}],\"inLanguage\":\"da-DK\"},{\"@type\":\"Organization\",\"@id\":\"https:\/\/fumot.uk\/#organization\",\"name\":\"Fumot Official Direct | Straight from the Factory, 100% Genuine\",\"url\":\"https:\/\/fumot.uk\/\",\"logo\":{\"@type\":\"ImageObject\",\"inLanguage\":\"da-DK\",\"@id\":\"https:\/\/fumot.uk\/#\/schema\/logo\/image\/\",\"url\":\"https:\/\/fumot.uk\/wp-content\/uploads\/2026\/01\/cropped-fumot-logo1.png\",\"contentUrl\":\"https:\/\/fumot.uk\/wp-content\/uploads\/2026\/01\/cropped-fumot-logo1.png\",\"width\":152,\"height\":106,\"caption\":\"Fumot Official Direct | Straight from the Factory, 100% Genuine\"},\"image\":{\"@id\":\"https:\/\/fumot.uk\/#\/schema\/logo\/image\/\"}}]}<\/script>\n<!-- \/ Yoast SEO plugin. -->","yoast_head_json":{"title":"FIHP Double Flavor 40000 Puffs \u2013 Double Apple Ice &amp; Love 666","description":"FIHP Double Flavor 40000 Puffs engangs vape: Dobbelt \u00c6ble Is &amp; Love 666. Dobbelt smagsskift, Dobbelt Mesh Coil, 36ml, LED display, Type\u2011C, 650mAh. 2%\/5%.","robots":{"index":"index","follow":"follow","max-snippet":"max-snippet:-1","max-image-preview":"max-image-preview:large","max-video-preview":"max-video-preview:-1"},"canonical":"https:\/\/fumot.uk\/da\/product\/fihp-double-flavor-40000-puffs-double-apple-ice-love-666\/","og_locale":"da_DK","og_type":"article","og_title":"Double Apple Ice & Love 666 \u2013 FIHP Double Flavor 40000 Puffs","og_description":"Two distinct tastes in one device. Rotate to switch between crisp Double Apple Ice and the mysterious Love 666 fruit blend. Dual Mesh Coil, 36ml, LED, Type\u2011C.","og_url":"https:\/\/fumot.uk\/da\/product\/fihp-double-flavor-40000-puffs-double-apple-ice-love-666\/","og_site_name":"Fumot Official Direct | Straight from the Factory, 100% Genuine","article_modified_time":"2026-01-21T06:07:12+00:00","og_image":[{"width":1200,"height":1200,"url":"https:\/\/fumot.uk\/wp-content\/uploads\/2026\/01\/FIHP-Double-Flavors-40000-Puffs-Love-666-Double-Apple-Ice-Disposable-E-Cigarette.jpg","type":"image\/jpeg"}],"twitter_card":"summary_large_image","twitter_misc":{"Estimeret l\u00e6setid":"1 minut"},"schema":{"@context":"https:\/\/schema.org","@graph":[{"@type":"WebPage","@id":"https:\/\/fumot.uk\/product\/fihp-double-flavor-40000-puffs-double-apple-ice-love-666\/","url":"https:\/\/fumot.uk\/product\/fihp-double-flavor-40000-puffs-double-apple-ice-love-666\/","name":"FIHP Double Flavor 40000 Puffs \u2013 Double Apple Ice &amp; Love 666","isPartOf":{"@id":"https:\/\/fumot.uk\/#website"},"primaryImageOfPage":{"@id":"https:\/\/fumot.uk\/product\/fihp-double-flavor-40000-puffs-double-apple-ice-love-666\/#primaryimage"},"image":{"@id":"https:\/\/fumot.uk\/product\/fihp-double-flavor-40000-puffs-double-apple-ice-love-666\/#primaryimage"},"thumbnailUrl":"https:\/\/fumot.uk\/wp-content\/uploads\/2026\/01\/FIHP-Double-Flavors-40000-Puffs-Love-666-Double-Apple-Ice-Disposable-E-Cigarette.jpg","datePublished":"2026-01-21T04:20:49+00:00","dateModified":"2026-01-21T06:07:12+00:00","description":"FIHP Double Flavor 40000 Puffs engangs vape: Dobbelt \u00c6ble Is &amp; Love 666. Dobbelt smagsskift, Dobbelt Mesh Coil, 36ml, LED display, Type\u2011C, 650mAh. 2%\/5%.","breadcrumb":{"@id":"https:\/\/fumot.uk\/product\/fihp-double-flavor-40000-puffs-double-apple-ice-love-666\/#breadcrumb"},"inLanguage":"da-DK","potentialAction":[{"@type":"ReadAction","target":["https:\/\/fumot.uk\/product\/fihp-double-flavor-40000-puffs-double-apple-ice-love-666\/"]}]},{"@type":"ImageObject","inLanguage":"da-DK","@id":"https:\/\/fumot.uk\/product\/fihp-double-flavor-40000-puffs-double-apple-ice-love-666\/#primaryimage","url":"https:\/\/fumot.uk\/wp-content\/uploads\/2026\/01\/FIHP-Double-Flavors-40000-Puffs-Love-666-Double-Apple-Ice-Disposable-E-Cigarette.jpg","contentUrl":"https:\/\/fumot.uk\/wp-content\/uploads\/2026\/01\/FIHP-Double-Flavors-40000-Puffs-Love-666-Double-Apple-Ice-Disposable-E-Cigarette.jpg","width":1200,"height":1200},{"@type":"BreadcrumbList","@id":"https:\/\/fumot.uk\/product\/fihp-double-flavor-40000-puffs-double-apple-ice-love-666\/#breadcrumb","itemListElement":[{"@type":"ListItem","position":1,"name":"Home","item":"https:\/\/fumot.uk\/"},{"@type":"ListItem","position":2,"name":"Shop","item":"https:\/\/fumot.uk\/shop\/"},{"@type":"ListItem","position":3,"name":"FIHP Double Flavor 40000 Puffs Disposable Vape \u2013 Double Apple Ice &#038; Love 666 | Dual Taste Switch, LED Display, Type\u2011C"}]},{"@type":"WebSite","@id":"https:\/\/fumot.uk\/#website","url":"https:\/\/fumot.uk\/","name":"Fumot Official Direct | Direkte fra fabrikken, 100% \u00c6gte","description":"Officiel hjemmeside","publisher":{"@id":"https:\/\/fumot.uk\/#organization"},"potentialAction":[{"@type":"SearchAction","target":{"@type":"EntryPoint","urlTemplate":"https:\/\/fumot.uk\/?s={search_term_string}"},"query-input":{"@type":"PropertyValueSpecification","valueRequired":true,"valueName":"search_term_string"}}],"inLanguage":"da-DK"},{"@type":"Organization","@id":"https:\/\/fumot.uk\/#organization","name":"Fumot Official Direct | Direkte fra fabrikken, 100% \u00c6gte","url":"https:\/\/fumot.uk\/","logo":{"@type":"ImageObject","inLanguage":"da-DK","@id":"https:\/\/fumot.uk\/#\/schema\/logo\/image\/","url":"https:\/\/fumot.uk\/wp-content\/uploads\/2026\/01\/cropped-fumot-logo1.png","contentUrl":"https:\/\/fumot.uk\/wp-content\/uploads\/2026\/01\/cropped-fumot-logo1.png","width":152,"height":106,"caption":"Fumot Official Direct | Straight from the Factory, 100% Genuine"},"image":{"@id":"https:\/\/fumot.uk\/#\/schema\/logo\/image\/"}}]}},"_links":{"self":[{"href":"https:\/\/fumot.uk\/da\/wp-json\/wp\/v2\/product\/6005","targetHints":{"allow":["GET"]}}],"collection":[{"href":"https:\/\/fumot.uk\/da\/wp-json\/wp\/v2\/product"}],"about":[{"href":"https:\/\/fumot.uk\/da\/wp-json\/wp\/v2\/types\/product"}],"replies":[{"embeddable":true,"href":"https:\/\/fumot.uk\/da\/wp-json\/wp\/v2\/comments?post=6005"}],"wp:featuredmedia":[{"embeddable":true,"href":"https:\/\/fumot.uk\/da\/wp-json\/wp\/v2\/media\/6039"}],"wp:attachment":[{"href":"https:\/\/fumot.uk\/da\/wp-json\/wp\/v2\/media?parent=6005"}],"wp:term":[{"taxonomy":"product_brand","embeddable":true,"href":"https:\/\/fumot.uk\/da\/wp-json\/wp\/v2\/product_brand?post=6005"},{"taxonomy":"product_cat","embeddable":true,"href":"https:\/\/fumot.uk\/da\/wp-json\/wp\/v2\/product_cat?post=6005"},{"taxonomy":"product_tag","embeddable":true,"href":"https:\/\/fumot.uk\/da\/wp-json\/wp\/v2\/product_tag?post=6005"}],"curies":[{"name":"wp","href":"https:\/\/api.w.org\/{rel}","templated":true}]}}