{"id":6004,"date":"2026-01-21T04:20:49","date_gmt":"2026-01-21T04:20:49","guid":{"rendered":"https:\/\/fumot.uk\/?post_type=product&#038;p=6004"},"modified":"2026-01-21T06:08:34","modified_gmt":"2026-01-21T06:08:34","slug":"fihp-double-flavor-40000-puffs-peach-ice-mixed-berry","status":"publish","type":"product","link":"https:\/\/fumot.uk\/da\/product\/fihp-double-flavor-40000-puffs-peach-ice-mixed-berry\/","title":{"rendered":"FIHP Dobbelt Smag 40000 Puffs Engangs Vape \u2013 Fersken Is &amp; Blandet B\u00e6r (Dobbelt Smag, Type\u2011C, LED)"},"content":{"rendered":"<h2>FIHP Double Flavor 40000 Puffs \u2013 Peach Ice &amp; Mixed Berry<\/h2>\n<p>M\u00f8d en to-i-en smagsrejse lavet til hele dagens variation. Den <strong>FIHP Double Flavor 40000 puffs engangs vape<\/strong> har en smart <strong>dobbelt smags<\/strong> design, der lader dig skifte mellem <strong>Fersken Is<\/strong> og <strong>Blandede B\u00e6r<\/strong> med et enkelt twist\u2014s\u00e5 din vape forbliver frisk fra det f\u00f8rste sug til det sidste.<\/p>\n<h3>To Smage, En Enhed<\/h3>\n<ul>\n<li><strong>Fersken Is<\/strong> \u2013 Saftig, moden ferskens\u00f8dme afsluttet med en ren, k\u00f8lende isnote for en spr\u00f8d, forfriskende f\u00f8lelse.<\/li>\n<li><strong>Blandede B\u00e6r<\/strong> \u2013 En livlig b\u00e6rblanding med en afbalanceret s\u00f8d-syrlig kant, lagdelt og levende uden at v\u00e6re overv\u00e6ldende.<\/li>\n<\/ul>\n<p>Skift n\u00e5r som helst for at matche dit hum\u00f8r\u2014k\u00f8lig og rolig med Peach Ice, eller lys og frugtig med Mixed Berry.<\/p>\n<h3>Bygget til Glat, Konsistent Ydelse<\/h3>\n<ul>\n<li><strong>Op til 40000 puffs<\/strong> for langvarig brug<\/li>\n<li><strong>36ml e-v\u00e6ske kapacitet<\/strong><\/li>\n<li><strong>Dual Mesh Coil<\/strong> for fyldigere smag og et glattere sug<\/li>\n<li><strong>650mAh genopladeligt batteri<\/strong><\/li>\n<li><strong>Type\u2011C opladning<\/strong> til praktisk genopladning<\/li>\n<li><strong>LED Display<\/strong> for at hj\u00e6lpe dig med at holde styr p\u00e5 et \u00f8jeblik<\/li>\n<\/ul>\n<h3>Nikotinmuligheder<\/h3>\n<p>V\u00e6lg din foretrukne styrke: <strong>2% nikotin<\/strong> or <strong>5% nikotin<\/strong>.<\/p>\n<h3>Hvorfor Du Vil Kunne Lide Denne Peach Ice &amp; Mixed Berry Combo<\/h3>\n<p>Denne kombination er designet til smagsrotation uden at skifte enheder. Ferskensiden forbliver k\u00f8lig og ren, mens b\u00e6rsiden giver en kraftig, frugtig finish\u2014ideel n\u00e5r du \u00f8nsker variation hele dagen.<\/p>\n<p>Udforsk flere FIHP muligheder og andre <strong>40000 puff engangs vapes<\/strong> on <a href=\"https:\/\/fumot.uk\/da\/\" target=\"_blank\" rel=\"noopener\">fumot.uk<\/a>.<\/p>","protected":false},"excerpt":{"rendered":"<p>FIHP Double Flavor 40000 Puffs engangs-vape i Peach Ice &amp; Mixed Berry. Twist-to-switch dobbelt smag, 36ml kapacitet, Dual Mesh Coil, 650mAh genopladeligt batteri, Type\u2011C opladning, LED display. Nikotin: 2% eller 5%.<\/p>","protected":false},"featured_media":6038,"comment_status":"open","ping_status":"closed","template":"","meta":[],"product_brand":[],"product_cat":[82,276,17],"product_tag":[70,165,71,131,114,73,29,79,30,26,28],"class_list":{"0":"post-6004","1":"product","2":"type-product","3":"status-publish","4":"has-post-thumbnail","6":"product_cat-40000-puff","7":"product_cat-fihp-double-flavor-40000-puffs","8":"product_cat-vape","9":"product_tag-2-nikotin","10":"product_tag-36ml","11":"product_tag-5-nikotin","12":"product_tag-650mah","13":"product_tag-dual-flavor","14":"product_tag-dual-mesh","15":"product_tag-ice","16":"product_tag-mixed-berries","17":"product_tag-peach","18":"product_tag-rechargeable","19":"product_tag-type-c","21":"first","22":"instock","23":"sale","24":"shipping-taxable","25":"purchasable","26":"product-type-variable","27":"has-default-attributes"},"yoast_head":"<!-- This site is optimized with the Yoast SEO plugin v26.8 - https:\/\/yoast.com\/product\/yoast-seo-wordpress\/ -->\n<title>FIHP Double Flavor 40000 Puffs \u2013 Peach Ice &amp; Mixed Berry<\/title>\n<meta name=\"description\" content=\"FIHP 40000 puff disposable vape with dual flavors: Peach Ice &amp; Mixed Berry. 36ml, Dual Mesh Coil, 650mAh rechargeable, Type\u2011C, LED. 2%\/5%.\" \/>\n<meta name=\"robots\" content=\"index, follow, max-snippet:-1, max-image-preview:large, max-video-preview:-1\" \/>\n<link rel=\"canonical\" href=\"https:\/\/fumot.uk\/da\/product\/fihp-double-flavor-40000-puffs-peach-ice-mixed-berry\/\" \/>\n<meta property=\"og:locale\" content=\"da_DK\" \/>\n<meta property=\"og:type\" content=\"article\" \/>\n<meta property=\"og:title\" content=\"Peach Ice &amp; Mixed Berry \u2013 FIHP Double Flavor 40000 Puffs\" \/>\n<meta property=\"og:description\" content=\"Twist to switch between Peach Ice and Mixed Berry. 40000 puffs, 36ml, Dual Mesh Coil, 650mAh rechargeable, Type\u2011C, LED. Shop on fumot.uk.\" \/>\n<meta property=\"og:url\" content=\"https:\/\/fumot.uk\/da\/product\/fihp-double-flavor-40000-puffs-peach-ice-mixed-berry\/\" \/>\n<meta property=\"og:site_name\" content=\"Fumot Official Direct | Straight from the Factory, 100% Genuine\" \/>\n<meta property=\"article:modified_time\" content=\"2026-01-21T06:08:34+00:00\" \/>\n<meta property=\"og:image\" content=\"https:\/\/fumot.uk\/wp-content\/uploads\/2026\/01\/FIHP-Double-Flavors-40000-Puffs-Mixed-Berries-Peach-Ice-Disposable-E-Cigarette.jpg\" \/>\n\t<meta property=\"og:image:width\" content=\"1200\" \/>\n\t<meta property=\"og:image:height\" content=\"1200\" \/>\n\t<meta property=\"og:image:type\" content=\"image\/jpeg\" \/>\n<meta name=\"twitter:card\" content=\"summary_large_image\" \/>\n<meta name=\"twitter:label1\" content=\"Estimeret l\u00e6setid\" \/>\n\t<meta name=\"twitter:data1\" content=\"1 minut\" \/>\n<script type=\"application\/ld+json\" class=\"yoast-schema-graph\">{\"@context\":\"https:\/\/schema.org\",\"@graph\":[{\"@type\":\"WebPage\",\"@id\":\"https:\/\/fumot.uk\/product\/fihp-double-flavor-40000-puffs-peach-ice-mixed-berry\/\",\"url\":\"https:\/\/fumot.uk\/product\/fihp-double-flavor-40000-puffs-peach-ice-mixed-berry\/\",\"name\":\"FIHP Double Flavor 40000 Puffs \u2013 Peach Ice & Mixed Berry\",\"isPartOf\":{\"@id\":\"https:\/\/fumot.uk\/#website\"},\"primaryImageOfPage\":{\"@id\":\"https:\/\/fumot.uk\/product\/fihp-double-flavor-40000-puffs-peach-ice-mixed-berry\/#primaryimage\"},\"image\":{\"@id\":\"https:\/\/fumot.uk\/product\/fihp-double-flavor-40000-puffs-peach-ice-mixed-berry\/#primaryimage\"},\"thumbnailUrl\":\"https:\/\/fumot.uk\/wp-content\/uploads\/2026\/01\/FIHP-Double-Flavors-40000-Puffs-Mixed-Berries-Peach-Ice-Disposable-E-Cigarette.jpg\",\"datePublished\":\"2026-01-21T04:20:49+00:00\",\"dateModified\":\"2026-01-21T06:08:34+00:00\",\"description\":\"FIHP 40000 puff disposable vape with dual flavors: Peach Ice & Mixed Berry. 36ml, Dual Mesh Coil, 650mAh rechargeable, Type\u2011C, LED. 2%\/5%.\",\"breadcrumb\":{\"@id\":\"https:\/\/fumot.uk\/product\/fihp-double-flavor-40000-puffs-peach-ice-mixed-berry\/#breadcrumb\"},\"inLanguage\":\"da-DK\",\"potentialAction\":[{\"@type\":\"ReadAction\",\"target\":[\"https:\/\/fumot.uk\/product\/fihp-double-flavor-40000-puffs-peach-ice-mixed-berry\/\"]}]},{\"@type\":\"ImageObject\",\"inLanguage\":\"da-DK\",\"@id\":\"https:\/\/fumot.uk\/product\/fihp-double-flavor-40000-puffs-peach-ice-mixed-berry\/#primaryimage\",\"url\":\"https:\/\/fumot.uk\/wp-content\/uploads\/2026\/01\/FIHP-Double-Flavors-40000-Puffs-Mixed-Berries-Peach-Ice-Disposable-E-Cigarette.jpg\",\"contentUrl\":\"https:\/\/fumot.uk\/wp-content\/uploads\/2026\/01\/FIHP-Double-Flavors-40000-Puffs-Mixed-Berries-Peach-Ice-Disposable-E-Cigarette.jpg\",\"width\":1200,\"height\":1200},{\"@type\":\"BreadcrumbList\",\"@id\":\"https:\/\/fumot.uk\/product\/fihp-double-flavor-40000-puffs-peach-ice-mixed-berry\/#breadcrumb\",\"itemListElement\":[{\"@type\":\"ListItem\",\"position\":1,\"name\":\"Home\",\"item\":\"https:\/\/fumot.uk\/\"},{\"@type\":\"ListItem\",\"position\":2,\"name\":\"Shop\",\"item\":\"https:\/\/fumot.uk\/shop\/\"},{\"@type\":\"ListItem\",\"position\":3,\"name\":\"FIHP Double Flavor 40000 Puffs Disposable Vape \u2013 Peach Ice &#038; Mixed Berry (Dual Flavor, Type\u2011C, LED)\"}]},{\"@type\":\"WebSite\",\"@id\":\"https:\/\/fumot.uk\/#website\",\"url\":\"https:\/\/fumot.uk\/\",\"name\":\"Fumot Official Direct | Straight from the Factory, 100% Genuine\",\"description\":\"Official Website\",\"publisher\":{\"@id\":\"https:\/\/fumot.uk\/#organization\"},\"potentialAction\":[{\"@type\":\"SearchAction\",\"target\":{\"@type\":\"EntryPoint\",\"urlTemplate\":\"https:\/\/fumot.uk\/?s={search_term_string}\"},\"query-input\":{\"@type\":\"PropertyValueSpecification\",\"valueRequired\":true,\"valueName\":\"search_term_string\"}}],\"inLanguage\":\"da-DK\"},{\"@type\":\"Organization\",\"@id\":\"https:\/\/fumot.uk\/#organization\",\"name\":\"Fumot Official Direct | Straight from the Factory, 100% Genuine\",\"url\":\"https:\/\/fumot.uk\/\",\"logo\":{\"@type\":\"ImageObject\",\"inLanguage\":\"da-DK\",\"@id\":\"https:\/\/fumot.uk\/#\/schema\/logo\/image\/\",\"url\":\"https:\/\/fumot.uk\/wp-content\/uploads\/2026\/01\/cropped-fumot-logo1.png\",\"contentUrl\":\"https:\/\/fumot.uk\/wp-content\/uploads\/2026\/01\/cropped-fumot-logo1.png\",\"width\":152,\"height\":106,\"caption\":\"Fumot Official Direct | Straight from the Factory, 100% Genuine\"},\"image\":{\"@id\":\"https:\/\/fumot.uk\/#\/schema\/logo\/image\/\"}}]}<\/script>\n<!-- \/ Yoast SEO plugin. -->","yoast_head_json":{"title":"FIHP Dobbelt Smag 40000 Sug \u2013 Fersken Is &amp; Blandet B\u00e6r","description":"FIHP 40000 pust engangs-vape med to smagsvarianter: Ferskenis &amp; Blandet B\u00e6r. 36ml, Dobbelt Mesh Coil, 650mAh genopladelig, Type\u2011C, LED. 2%\/5%.","robots":{"index":"index","follow":"follow","max-snippet":"max-snippet:-1","max-image-preview":"max-image-preview:large","max-video-preview":"max-video-preview:-1"},"canonical":"https:\/\/fumot.uk\/da\/product\/fihp-double-flavor-40000-puffs-peach-ice-mixed-berry\/","og_locale":"da_DK","og_type":"article","og_title":"Peach Ice & Mixed Berry \u2013 FIHP Double Flavor 40000 Puffs","og_description":"Twist to switch between Peach Ice and Mixed Berry. 40000 puffs, 36ml, Dual Mesh Coil, 650mAh rechargeable, Type\u2011C, LED. Shop on fumot.uk.","og_url":"https:\/\/fumot.uk\/da\/product\/fihp-double-flavor-40000-puffs-peach-ice-mixed-berry\/","og_site_name":"Fumot Official Direct | Straight from the Factory, 100% Genuine","article_modified_time":"2026-01-21T06:08:34+00:00","og_image":[{"width":1200,"height":1200,"url":"https:\/\/fumot.uk\/wp-content\/uploads\/2026\/01\/FIHP-Double-Flavors-40000-Puffs-Mixed-Berries-Peach-Ice-Disposable-E-Cigarette.jpg","type":"image\/jpeg"}],"twitter_card":"summary_large_image","twitter_misc":{"Estimeret l\u00e6setid":"1 minut"},"schema":{"@context":"https:\/\/schema.org","@graph":[{"@type":"WebPage","@id":"https:\/\/fumot.uk\/product\/fihp-double-flavor-40000-puffs-peach-ice-mixed-berry\/","url":"https:\/\/fumot.uk\/product\/fihp-double-flavor-40000-puffs-peach-ice-mixed-berry\/","name":"FIHP Dobbelt Smag 40000 Sug \u2013 Fersken Is &amp; Blandet B\u00e6r","isPartOf":{"@id":"https:\/\/fumot.uk\/#website"},"primaryImageOfPage":{"@id":"https:\/\/fumot.uk\/product\/fihp-double-flavor-40000-puffs-peach-ice-mixed-berry\/#primaryimage"},"image":{"@id":"https:\/\/fumot.uk\/product\/fihp-double-flavor-40000-puffs-peach-ice-mixed-berry\/#primaryimage"},"thumbnailUrl":"https:\/\/fumot.uk\/wp-content\/uploads\/2026\/01\/FIHP-Double-Flavors-40000-Puffs-Mixed-Berries-Peach-Ice-Disposable-E-Cigarette.jpg","datePublished":"2026-01-21T04:20:49+00:00","dateModified":"2026-01-21T06:08:34+00:00","description":"FIHP 40000 pust engangs-vape med to smagsvarianter: Ferskenis &amp; Blandet B\u00e6r. 36ml, Dobbelt Mesh Coil, 650mAh genopladelig, Type\u2011C, LED. 2%\/5%.","breadcrumb":{"@id":"https:\/\/fumot.uk\/product\/fihp-double-flavor-40000-puffs-peach-ice-mixed-berry\/#breadcrumb"},"inLanguage":"da-DK","potentialAction":[{"@type":"ReadAction","target":["https:\/\/fumot.uk\/product\/fihp-double-flavor-40000-puffs-peach-ice-mixed-berry\/"]}]},{"@type":"ImageObject","inLanguage":"da-DK","@id":"https:\/\/fumot.uk\/product\/fihp-double-flavor-40000-puffs-peach-ice-mixed-berry\/#primaryimage","url":"https:\/\/fumot.uk\/wp-content\/uploads\/2026\/01\/FIHP-Double-Flavors-40000-Puffs-Mixed-Berries-Peach-Ice-Disposable-E-Cigarette.jpg","contentUrl":"https:\/\/fumot.uk\/wp-content\/uploads\/2026\/01\/FIHP-Double-Flavors-40000-Puffs-Mixed-Berries-Peach-Ice-Disposable-E-Cigarette.jpg","width":1200,"height":1200},{"@type":"BreadcrumbList","@id":"https:\/\/fumot.uk\/product\/fihp-double-flavor-40000-puffs-peach-ice-mixed-berry\/#breadcrumb","itemListElement":[{"@type":"ListItem","position":1,"name":"Home","item":"https:\/\/fumot.uk\/"},{"@type":"ListItem","position":2,"name":"Shop","item":"https:\/\/fumot.uk\/shop\/"},{"@type":"ListItem","position":3,"name":"FIHP Double Flavor 40000 Puffs Disposable Vape \u2013 Peach Ice &#038; Mixed Berry (Dual Flavor, Type\u2011C, LED)"}]},{"@type":"WebSite","@id":"https:\/\/fumot.uk\/#website","url":"https:\/\/fumot.uk\/","name":"Fumot Official Direct | Direkte fra fabrikken, 100% \u00c6gte","description":"Officiel hjemmeside","publisher":{"@id":"https:\/\/fumot.uk\/#organization"},"potentialAction":[{"@type":"SearchAction","target":{"@type":"EntryPoint","urlTemplate":"https:\/\/fumot.uk\/?s={search_term_string}"},"query-input":{"@type":"PropertyValueSpecification","valueRequired":true,"valueName":"search_term_string"}}],"inLanguage":"da-DK"},{"@type":"Organization","@id":"https:\/\/fumot.uk\/#organization","name":"Fumot Official Direct | Direkte fra fabrikken, 100% \u00c6gte","url":"https:\/\/fumot.uk\/","logo":{"@type":"ImageObject","inLanguage":"da-DK","@id":"https:\/\/fumot.uk\/#\/schema\/logo\/image\/","url":"https:\/\/fumot.uk\/wp-content\/uploads\/2026\/01\/cropped-fumot-logo1.png","contentUrl":"https:\/\/fumot.uk\/wp-content\/uploads\/2026\/01\/cropped-fumot-logo1.png","width":152,"height":106,"caption":"Fumot Official Direct | Straight from the Factory, 100% Genuine"},"image":{"@id":"https:\/\/fumot.uk\/#\/schema\/logo\/image\/"}}]}},"_links":{"self":[{"href":"https:\/\/fumot.uk\/da\/wp-json\/wp\/v2\/product\/6004","targetHints":{"allow":["GET"]}}],"collection":[{"href":"https:\/\/fumot.uk\/da\/wp-json\/wp\/v2\/product"}],"about":[{"href":"https:\/\/fumot.uk\/da\/wp-json\/wp\/v2\/types\/product"}],"replies":[{"embeddable":true,"href":"https:\/\/fumot.uk\/da\/wp-json\/wp\/v2\/comments?post=6004"}],"wp:featuredmedia":[{"embeddable":true,"href":"https:\/\/fumot.uk\/da\/wp-json\/wp\/v2\/media\/6038"}],"wp:attachment":[{"href":"https:\/\/fumot.uk\/da\/wp-json\/wp\/v2\/media?parent=6004"}],"wp:term":[{"taxonomy":"product_brand","embeddable":true,"href":"https:\/\/fumot.uk\/da\/wp-json\/wp\/v2\/product_brand?post=6004"},{"taxonomy":"product_cat","embeddable":true,"href":"https:\/\/fumot.uk\/da\/wp-json\/wp\/v2\/product_cat?post=6004"},{"taxonomy":"product_tag","embeddable":true,"href":"https:\/\/fumot.uk\/da\/wp-json\/wp\/v2\/product_tag?post=6004"}],"curies":[{"name":"wp","href":"https:\/\/api.w.org\/{rel}","templated":true}]}}