{"id":4539,"date":"2026-01-21T04:11:17","date_gmt":"2026-01-21T04:11:17","guid":{"rendered":"https:\/\/fumot.uk\/?post_type=product&#038;p=4539"},"modified":"2026-01-21T06:21:07","modified_gmt":"2026-01-21T06:21:07","slug":"cherry-berry-jnr-ragegorilla-55000-puffs","status":"publish","type":"product","link":"https:\/\/fumot.uk\/da\/product\/cherry-berry-jnr-ragegorilla-55000-puffs\/","title":{"rendered":"Cherry Berry JNR RageGorilla 55000 Puffs Engangs Vape | Dobbelt Mesh, Smart Display, 42ml"},"content":{"rendered":"<h2>Cherry Berry \u2013 JNR RageGorilla 55000 Puffs<\/h2>\n<p><strong>JNR RageGorilla 55000 Puffs<\/strong> bringer et dristigt, krystalklart look og en kraftfuld, moderne vape-konstruktion i \u00e9n brugervenlig engangs. Designet med en gennemsigtig \u201ckrystal\u201d krop og skarpe kanter, leverer den en st\u00e6rk visuel identitet inspireret af Gorilla-temaet\u2014ren, sej og karakteristisk.<\/p>\n<h3>Cherry Berry Smagsprofil<\/h3>\n<p><strong>Kirseb\u00e6r B\u00e6r<\/strong> blander modne, s\u00f8de kirseb\u00e6rnoter med lyse blandede b\u00e6r for en afbalanceret frugtvape, der f\u00f8les frisk frem for tung. Hvert sug er glat og ensartet, og afsluttes med en vedvarende frugteftersmag, der g\u00f8r det til en ideel mulighed hele dagen for fans af s\u00f8de-og-syrlige blandinger.<\/p>\n<h3>Ydelse Du Kan M\u00e6rke<\/h3>\n<p>Indeni er <strong>Dual Mesh Coil<\/strong> og <strong>dobbelt-kerne varmesystem<\/strong> er bygget til at holde smagen fyldig og stabil\u2014hj\u00e6lper hvert sug med at smage lagdelt og tilfredsstillende, mens det forbliver glat.<\/p>\n<h3>N\u00f8glefunktioner<\/h3>\n<ul>\n<li><strong>Op til 55.000 sug<\/strong><\/li>\n<li><strong>42 ml e-v\u00e6ske kapacitet<\/strong><\/li>\n<li><strong>950mAh genopladeligt batteri<\/strong><\/li>\n<li><strong>Type-C hurtig opladning<\/strong><\/li>\n<li><strong>Smart Display<\/strong> for status med et enkelt blik<\/li>\n<li><strong>Dual Mesh Coil<\/strong> for rig, j\u00e6vn smag<\/li>\n<li><strong>Nikotin muligheder:<\/strong> 2% eller 5%<\/li>\n<\/ul>\n<h3>Hvorfor k\u00f8be fra fumot.uk<\/h3>\n<p>Udforsk flere h\u00f8j-sug engangs og hele JNR sortimentet p\u00e5 <a href=\"https:\/\/fumot.uk\/da\/\" target=\"_blank\" rel=\"noopener\">fumot.uk<\/a>, og find din n\u00e6ste favorit frugtblanding med selvtillid.<\/p>\n<p><em>Bem\u00e6rk: Antal sug kan variere baseret p\u00e5 brugerstil.<\/em><\/p>","protected":false},"excerpt":{"rendered":"<p>Cherry Berry JNR RageGorilla 55000 Puffs engangs-vape med s\u00f8d kirseb\u00e6r + syrlige b\u00e6r. Dobbelt mesh coil, smart display, 42ml e-v\u00e6ske, 950mAh Type\u2011C genopladelig. 2%\/5% nikotin.<\/p>","protected":false},"featured_media":4583,"comment_status":"open","ping_status":"closed","template":"","meta":[],"product_brand":[],"product_cat":[235,236,17],"product_tag":[70,237,71,197,41,49,36,113,72,73,26,199,28],"class_list":{"0":"post-4539","1":"product","2":"type-product","3":"status-publish","4":"has-post-thumbnail","6":"product_cat-55000-puff","7":"product_cat-jnr-ragegorilla-55000-puffs","8":"product_cat-vape","9":"product_tag-2-nikotin","10":"product_tag-42ml","11":"product_tag-5-nikotin","12":"product_tag-950mah","13":"product_tag-berry","14":"product_tag-bubblegum","15":"product_tag-cherry","16":"product_tag-crystal-vape","17":"product_tag-direct-to-lung","18":"product_tag-dual-mesh","19":"product_tag-rechargeable","20":"product_tag-smart-display","21":"product_tag-type-c","23":"first","24":"instock","25":"sale","26":"shipping-taxable","27":"purchasable","28":"product-type-variable","29":"has-default-attributes"},"yoast_head":"<!-- This site is optimized with the Yoast SEO plugin v26.8 - https:\/\/yoast.com\/product\/yoast-seo-wordpress\/ -->\n<title>Cherry Berry JNR RageGorilla 55000 Puffs Disposable Vape<\/title>\n<meta name=\"description\" content=\"Cherry Berry JNR RageGorilla 55000 Puffs: sweet cherry + bright berries. Dual Mesh Coil, Smart Display, 42ml e-liquid, 950mAh Type\u2011C rechargeable. 2%\/5%.\" \/>\n<meta name=\"robots\" content=\"index, follow, max-snippet:-1, max-image-preview:large, max-video-preview:-1\" \/>\n<link rel=\"canonical\" href=\"https:\/\/fumot.uk\/da\/product\/cherry-berry-jnr-ragegorilla-55000-puffs\/\" \/>\n<meta property=\"og:locale\" content=\"da_DK\" \/>\n<meta property=\"og:type\" content=\"article\" \/>\n<meta property=\"og:title\" content=\"Cherry Berry | JNR RageGorilla 55000 Puffs\" \/>\n<meta property=\"og:description\" content=\"A smooth sweet cherry and mixed berry blend with a crisp finish. Dual Mesh Coil, Smart Display, 42ml e-liquid, 950mAh Type\u2011C rechargeable. 2%\/5%.\" \/>\n<meta property=\"og:url\" content=\"https:\/\/fumot.uk\/da\/product\/cherry-berry-jnr-ragegorilla-55000-puffs\/\" \/>\n<meta property=\"og:site_name\" content=\"Fumot Official Direct | Straight from the Factory, 100% Genuine\" \/>\n<meta property=\"article:modified_time\" content=\"2026-01-21T06:21:07+00:00\" \/>\n<meta property=\"og:image\" content=\"https:\/\/fumot.uk\/wp-content\/uploads\/2026\/01\/JNR-RageGorilla-55000-Puffs-Cherry-Berry-disposable-e-cigarette.jpg\" \/>\n\t<meta property=\"og:image:width\" content=\"800\" \/>\n\t<meta property=\"og:image:height\" content=\"800\" \/>\n\t<meta property=\"og:image:type\" content=\"image\/jpeg\" \/>\n<meta name=\"twitter:card\" content=\"summary_large_image\" \/>\n<meta name=\"twitter:label1\" content=\"Estimeret l\u00e6setid\" \/>\n\t<meta name=\"twitter:data1\" content=\"1 minut\" \/>\n<script type=\"application\/ld+json\" class=\"yoast-schema-graph\">{\"@context\":\"https:\/\/schema.org\",\"@graph\":[{\"@type\":\"WebPage\",\"@id\":\"https:\/\/fumot.uk\/product\/cherry-berry-jnr-ragegorilla-55000-puffs\/\",\"url\":\"https:\/\/fumot.uk\/product\/cherry-berry-jnr-ragegorilla-55000-puffs\/\",\"name\":\"Cherry Berry JNR RageGorilla 55000 Puffs Disposable Vape\",\"isPartOf\":{\"@id\":\"https:\/\/fumot.uk\/#website\"},\"primaryImageOfPage\":{\"@id\":\"https:\/\/fumot.uk\/product\/cherry-berry-jnr-ragegorilla-55000-puffs\/#primaryimage\"},\"image\":{\"@id\":\"https:\/\/fumot.uk\/product\/cherry-berry-jnr-ragegorilla-55000-puffs\/#primaryimage\"},\"thumbnailUrl\":\"https:\/\/fumot.uk\/wp-content\/uploads\/2026\/01\/JNR-RageGorilla-55000-Puffs-Cherry-Berry-disposable-e-cigarette.jpg\",\"datePublished\":\"2026-01-21T04:11:17+00:00\",\"dateModified\":\"2026-01-21T06:21:07+00:00\",\"description\":\"Cherry Berry JNR RageGorilla 55000 Puffs: sweet cherry + bright berries. Dual Mesh Coil, Smart Display, 42ml e-liquid, 950mAh Type\u2011C rechargeable. 2%\/5%.\",\"breadcrumb\":{\"@id\":\"https:\/\/fumot.uk\/product\/cherry-berry-jnr-ragegorilla-55000-puffs\/#breadcrumb\"},\"inLanguage\":\"da-DK\",\"potentialAction\":[{\"@type\":\"ReadAction\",\"target\":[\"https:\/\/fumot.uk\/product\/cherry-berry-jnr-ragegorilla-55000-puffs\/\"]}]},{\"@type\":\"ImageObject\",\"inLanguage\":\"da-DK\",\"@id\":\"https:\/\/fumot.uk\/product\/cherry-berry-jnr-ragegorilla-55000-puffs\/#primaryimage\",\"url\":\"https:\/\/fumot.uk\/wp-content\/uploads\/2026\/01\/JNR-RageGorilla-55000-Puffs-Cherry-Berry-disposable-e-cigarette.jpg\",\"contentUrl\":\"https:\/\/fumot.uk\/wp-content\/uploads\/2026\/01\/JNR-RageGorilla-55000-Puffs-Cherry-Berry-disposable-e-cigarette.jpg\",\"width\":800,\"height\":800},{\"@type\":\"BreadcrumbList\",\"@id\":\"https:\/\/fumot.uk\/product\/cherry-berry-jnr-ragegorilla-55000-puffs\/#breadcrumb\",\"itemListElement\":[{\"@type\":\"ListItem\",\"position\":1,\"name\":\"Home\",\"item\":\"https:\/\/fumot.uk\/\"},{\"@type\":\"ListItem\",\"position\":2,\"name\":\"Shop\",\"item\":\"https:\/\/fumot.uk\/shop\/\"},{\"@type\":\"ListItem\",\"position\":3,\"name\":\"Cherry Berry JNR RageGorilla 55000 Puffs Disposable Vape | Dual Mesh, Smart Display, 42ml\"}]},{\"@type\":\"WebSite\",\"@id\":\"https:\/\/fumot.uk\/#website\",\"url\":\"https:\/\/fumot.uk\/\",\"name\":\"Fumot Official Direct | Straight from the Factory, 100% Genuine\",\"description\":\"Official Website\",\"publisher\":{\"@id\":\"https:\/\/fumot.uk\/#organization\"},\"potentialAction\":[{\"@type\":\"SearchAction\",\"target\":{\"@type\":\"EntryPoint\",\"urlTemplate\":\"https:\/\/fumot.uk\/?s={search_term_string}\"},\"query-input\":{\"@type\":\"PropertyValueSpecification\",\"valueRequired\":true,\"valueName\":\"search_term_string\"}}],\"inLanguage\":\"da-DK\"},{\"@type\":\"Organization\",\"@id\":\"https:\/\/fumot.uk\/#organization\",\"name\":\"Fumot Official Direct | Straight from the Factory, 100% Genuine\",\"url\":\"https:\/\/fumot.uk\/\",\"logo\":{\"@type\":\"ImageObject\",\"inLanguage\":\"da-DK\",\"@id\":\"https:\/\/fumot.uk\/#\/schema\/logo\/image\/\",\"url\":\"https:\/\/fumot.uk\/wp-content\/uploads\/2026\/01\/cropped-fumot-logo1.png\",\"contentUrl\":\"https:\/\/fumot.uk\/wp-content\/uploads\/2026\/01\/cropped-fumot-logo1.png\",\"width\":152,\"height\":106,\"caption\":\"Fumot Official Direct | Straight from the Factory, 100% Genuine\"},\"image\":{\"@id\":\"https:\/\/fumot.uk\/#\/schema\/logo\/image\/\"}}]}<\/script>\n<!-- \/ Yoast SEO plugin. -->","yoast_head_json":{"title":"Cherry Berry JNR RageGorilla 55000 Puffs Engangs Vape","description":"Cherry Berry JNR RageGorilla 55000 Puffs: s\u00f8d kirseb\u00e6r + lyse b\u00e6r. Dual Mesh Coil, Smart Display, 42ml e-v\u00e6ske, 950mAh Type\u2011C genopladelig. 2%\/5%.","robots":{"index":"index","follow":"follow","max-snippet":"max-snippet:-1","max-image-preview":"max-image-preview:large","max-video-preview":"max-video-preview:-1"},"canonical":"https:\/\/fumot.uk\/da\/product\/cherry-berry-jnr-ragegorilla-55000-puffs\/","og_locale":"da_DK","og_type":"article","og_title":"Cherry Berry | JNR RageGorilla 55000 Puffs","og_description":"A smooth sweet cherry and mixed berry blend with a crisp finish. Dual Mesh Coil, Smart Display, 42ml e-liquid, 950mAh Type\u2011C rechargeable. 2%\/5%.","og_url":"https:\/\/fumot.uk\/da\/product\/cherry-berry-jnr-ragegorilla-55000-puffs\/","og_site_name":"Fumot Official Direct | Straight from the Factory, 100% Genuine","article_modified_time":"2026-01-21T06:21:07+00:00","og_image":[{"width":800,"height":800,"url":"https:\/\/fumot.uk\/wp-content\/uploads\/2026\/01\/JNR-RageGorilla-55000-Puffs-Cherry-Berry-disposable-e-cigarette.jpg","type":"image\/jpeg"}],"twitter_card":"summary_large_image","twitter_misc":{"Estimeret l\u00e6setid":"1 minut"},"schema":{"@context":"https:\/\/schema.org","@graph":[{"@type":"WebPage","@id":"https:\/\/fumot.uk\/product\/cherry-berry-jnr-ragegorilla-55000-puffs\/","url":"https:\/\/fumot.uk\/product\/cherry-berry-jnr-ragegorilla-55000-puffs\/","name":"Cherry Berry JNR RageGorilla 55000 Puffs Engangs Vape","isPartOf":{"@id":"https:\/\/fumot.uk\/#website"},"primaryImageOfPage":{"@id":"https:\/\/fumot.uk\/product\/cherry-berry-jnr-ragegorilla-55000-puffs\/#primaryimage"},"image":{"@id":"https:\/\/fumot.uk\/product\/cherry-berry-jnr-ragegorilla-55000-puffs\/#primaryimage"},"thumbnailUrl":"https:\/\/fumot.uk\/wp-content\/uploads\/2026\/01\/JNR-RageGorilla-55000-Puffs-Cherry-Berry-disposable-e-cigarette.jpg","datePublished":"2026-01-21T04:11:17+00:00","dateModified":"2026-01-21T06:21:07+00:00","description":"Cherry Berry JNR RageGorilla 55000 Puffs: s\u00f8d kirseb\u00e6r + lyse b\u00e6r. Dual Mesh Coil, Smart Display, 42ml e-v\u00e6ske, 950mAh Type\u2011C genopladelig. 2%\/5%.","breadcrumb":{"@id":"https:\/\/fumot.uk\/product\/cherry-berry-jnr-ragegorilla-55000-puffs\/#breadcrumb"},"inLanguage":"da-DK","potentialAction":[{"@type":"ReadAction","target":["https:\/\/fumot.uk\/product\/cherry-berry-jnr-ragegorilla-55000-puffs\/"]}]},{"@type":"ImageObject","inLanguage":"da-DK","@id":"https:\/\/fumot.uk\/product\/cherry-berry-jnr-ragegorilla-55000-puffs\/#primaryimage","url":"https:\/\/fumot.uk\/wp-content\/uploads\/2026\/01\/JNR-RageGorilla-55000-Puffs-Cherry-Berry-disposable-e-cigarette.jpg","contentUrl":"https:\/\/fumot.uk\/wp-content\/uploads\/2026\/01\/JNR-RageGorilla-55000-Puffs-Cherry-Berry-disposable-e-cigarette.jpg","width":800,"height":800},{"@type":"BreadcrumbList","@id":"https:\/\/fumot.uk\/product\/cherry-berry-jnr-ragegorilla-55000-puffs\/#breadcrumb","itemListElement":[{"@type":"ListItem","position":1,"name":"Home","item":"https:\/\/fumot.uk\/"},{"@type":"ListItem","position":2,"name":"Shop","item":"https:\/\/fumot.uk\/shop\/"},{"@type":"ListItem","position":3,"name":"Cherry Berry JNR RageGorilla 55000 Puffs Disposable Vape | Dual Mesh, Smart Display, 42ml"}]},{"@type":"WebSite","@id":"https:\/\/fumot.uk\/#website","url":"https:\/\/fumot.uk\/","name":"Fumot Official Direct | Direkte fra fabrikken, 100% \u00c6gte","description":"Officiel hjemmeside","publisher":{"@id":"https:\/\/fumot.uk\/#organization"},"potentialAction":[{"@type":"SearchAction","target":{"@type":"EntryPoint","urlTemplate":"https:\/\/fumot.uk\/?s={search_term_string}"},"query-input":{"@type":"PropertyValueSpecification","valueRequired":true,"valueName":"search_term_string"}}],"inLanguage":"da-DK"},{"@type":"Organization","@id":"https:\/\/fumot.uk\/#organization","name":"Fumot Official Direct | Direkte fra fabrikken, 100% \u00c6gte","url":"https:\/\/fumot.uk\/","logo":{"@type":"ImageObject","inLanguage":"da-DK","@id":"https:\/\/fumot.uk\/#\/schema\/logo\/image\/","url":"https:\/\/fumot.uk\/wp-content\/uploads\/2026\/01\/cropped-fumot-logo1.png","contentUrl":"https:\/\/fumot.uk\/wp-content\/uploads\/2026\/01\/cropped-fumot-logo1.png","width":152,"height":106,"caption":"Fumot Official Direct | Straight from the Factory, 100% Genuine"},"image":{"@id":"https:\/\/fumot.uk\/#\/schema\/logo\/image\/"}}]}},"_links":{"self":[{"href":"https:\/\/fumot.uk\/da\/wp-json\/wp\/v2\/product\/4539","targetHints":{"allow":["GET"]}}],"collection":[{"href":"https:\/\/fumot.uk\/da\/wp-json\/wp\/v2\/product"}],"about":[{"href":"https:\/\/fumot.uk\/da\/wp-json\/wp\/v2\/types\/product"}],"replies":[{"embeddable":true,"href":"https:\/\/fumot.uk\/da\/wp-json\/wp\/v2\/comments?post=4539"}],"wp:featuredmedia":[{"embeddable":true,"href":"https:\/\/fumot.uk\/da\/wp-json\/wp\/v2\/media\/4583"}],"wp:attachment":[{"href":"https:\/\/fumot.uk\/da\/wp-json\/wp\/v2\/media?parent=4539"}],"wp:term":[{"taxonomy":"product_brand","embeddable":true,"href":"https:\/\/fumot.uk\/da\/wp-json\/wp\/v2\/product_brand?post=4539"},{"taxonomy":"product_cat","embeddable":true,"href":"https:\/\/fumot.uk\/da\/wp-json\/wp\/v2\/product_cat?post=4539"},{"taxonomy":"product_tag","embeddable":true,"href":"https:\/\/fumot.uk\/da\/wp-json\/wp\/v2\/product_tag?post=4539"}],"curies":[{"name":"wp","href":"https:\/\/api.w.org\/{rel}","templated":true}]}}