{"id":4534,"date":"2026-01-21T04:11:16","date_gmt":"2026-01-21T04:11:16","guid":{"rendered":"https:\/\/fumot.uk\/?post_type=product&#038;p=4534"},"modified":"2026-01-21T06:25:48","modified_gmt":"2026-01-21T06:25:48","slug":"peach-mango-watermelon-jnr-ragegorilla-55000-puffs","status":"publish","type":"product","link":"https:\/\/fumot.uk\/da\/product\/peach-mango-watermelon-jnr-ragegorilla-55000-puffs\/","title":{"rendered":"JNR RageGorilla 55000 Puffs Fersken Mango Vandmelon \u2013 Dobbelt Mesh, Smart Display, Type\u2011C Genopladelig"},"content":{"rendered":"<h2>Fersken Mango Vandmelon \u2013 JNR RageGorilla 55000 Puffs<\/h2>\n<p>Bring en solrig, frugtig twist til din dag med den <strong>JNR RageGorilla 55000 Puffs<\/strong> in <strong>Fersken Mango Vandmelon<\/strong>. Denne smag blander <strong>bl\u00f8d fersken s\u00f8dme<\/strong>, <strong>modne mangodybde<\/strong>, og en <strong>rene vandmelonafslutning<\/strong> for en glat, forfriskende vape, der forbliver livlig fra det f\u00f8rste sug til det sidste.<\/p>\n<h3>Smagsprofil<\/h3>\n<ul>\n<li><strong>Fersken:<\/strong> blid, saftig s\u00f8dme<\/li>\n<li><strong>Mango:<\/strong> dristig tropisk krop<\/li>\n<li><strong>Vandmelon:<\/strong> spr\u00f8d, k\u00f8lende l\u00f8ft, der holder det let<\/li>\n<\/ul>\n<p>Resultatet er en afbalanceret, hverdagsvenlig frugtblanding\u2014s\u00f8d uden at f\u00f8les tung, lys uden at v\u00e6re skarp.<\/p>\n<h3>Bygget til Konsistent, Glat Ydeevne<\/h3>\n<p>RageGorilla's <strong>Dual Mesh Coil<\/strong> med et <strong>dobbelt-kerne varmesystem<\/strong> er designet til at levere stabil damp og ren smagsdefinition. Suget f\u00f8les behageligt glat, hvilket g\u00f8r det til et godt valg for frugtelskere, der \u00f8nsker en lagdelt smag med en let ind\u00e5nding.<\/p>\n<h3>N\u00f8glefunktioner<\/h3>\n<ul>\n<li><strong>Ca. Antal Sug:<\/strong> 55,000<\/li>\n<li><strong>E\u2011v\u00e6ske kapacitet:<\/strong> 42ml<\/li>\n<li><strong>Nikotinstyrke:<\/strong> 2% eller 5% (v\u00e6lg din mulighed)<\/li>\n<li><strong>Batteri:<\/strong> 950mAh (genopladelig)<\/li>\n<li><strong>Opladning:<\/strong> Type\u2011C hurtig opladning<\/li>\n<li><strong>Spole:<\/strong> Dual Mesh Coil<\/li>\n<li><strong>Display:<\/strong> Smart Display<\/li>\n<\/ul>\n<h3>Hvorfor Fersken Mango Vandmelon Fungerer S\u00e5 Godt<\/h3>\n<p>Denne trio handler om kontrast og harmoni: fersken tilf\u00f8jer bl\u00f8dhed, mango bringer fylde, og vandmelon holder afslutningen ren og forfriskende\u2014ideel, n\u00e5r du \u00f8nsker en frugtvape, der stadig f\u00f8les let og spr\u00f8d.<\/p>\n<p><strong>Gennemse flere smagsvarianter og de nyeste udgivelser p\u00e5<\/strong> <a href=\"https:\/\/fumot.uk\/da\/\">fumot.uk<\/a>.<\/p>","protected":false},"excerpt":{"rendered":"<p>Saftig Fersken Mango Vandmelon i JNR RageGorilla 55000 Puffs\u2014Dobbelt Mesh Coil, Smart Display, 42ml e\u2011v\u00e6ske, 950mAh Type\u2011C genopladelig. Nikotin: 2% eller 5%.<\/p>","protected":false},"featured_media":4578,"comment_status":"open","ping_status":"closed","template":"","meta":[],"product_brand":[],"product_cat":[235,236,17],"product_tag":[70,237,71,197,113,72,73,42,30,26,199,28,32],"class_list":{"0":"post-4534","1":"product","2":"type-product","3":"status-publish","4":"has-post-thumbnail","6":"product_cat-55000-puff","7":"product_cat-jnr-ragegorilla-55000-puffs","8":"product_cat-vape","9":"product_tag-2-nikotin","10":"product_tag-42ml","11":"product_tag-5-nikotin","12":"product_tag-950mah","13":"product_tag-crystal-vape","14":"product_tag-direct-to-lung","15":"product_tag-dual-mesh","16":"product_tag-mango","17":"product_tag-peach","18":"product_tag-rechargeable","19":"product_tag-smart-display","20":"product_tag-type-c","21":"product_tag-watermelon","23":"first","24":"instock","25":"sale","26":"shipping-taxable","27":"purchasable","28":"product-type-variable","29":"has-default-attributes"},"yoast_head":"<!-- This site is optimized with the Yoast SEO plugin v26.8 - https:\/\/yoast.com\/product\/yoast-seo-wordpress\/ -->\n<title>JNR RageGorilla 55000 Peach Mango Watermelon<\/title>\n<meta name=\"description\" content=\"Peach Mango Watermelon JNR RageGorilla 55000 Puffs: Dual Mesh Coil, Smart Display, 42ml, 950mAh Type\u2011C rechargeable. 2% or 5% nicotine.\" \/>\n<meta name=\"robots\" content=\"index, follow, max-snippet:-1, max-image-preview:large, max-video-preview:-1\" \/>\n<link rel=\"canonical\" href=\"https:\/\/fumot.uk\/da\/product\/peach-mango-watermelon-jnr-ragegorilla-55000-puffs\/\" \/>\n<meta property=\"og:locale\" content=\"da_DK\" \/>\n<meta property=\"og:type\" content=\"article\" \/>\n<meta property=\"og:title\" content=\"Peach Mango Watermelon \u2013 JNR RageGorilla 55000 Puffs\" \/>\n<meta property=\"og:description\" content=\"A smooth, refreshing fruit blend of peach, mango and watermelon. Dual Mesh Coil, Smart Display, 42ml, 950mAh Type\u2011C rechargeable. 2%\/5% nicotine.\" \/>\n<meta property=\"og:url\" content=\"https:\/\/fumot.uk\/da\/product\/peach-mango-watermelon-jnr-ragegorilla-55000-puffs\/\" \/>\n<meta property=\"og:site_name\" content=\"Fumot Official Direct | Straight from the Factory, 100% Genuine\" \/>\n<meta property=\"article:modified_time\" content=\"2026-01-21T06:25:48+00:00\" \/>\n<meta property=\"og:image\" content=\"https:\/\/fumot.uk\/wp-content\/uploads\/2026\/01\/JNR-RageGorilla-55000-Puffs-Peach-Mango-Watermelon-disposable-e-cigarette.jpg\" \/>\n\t<meta property=\"og:image:width\" content=\"800\" \/>\n\t<meta property=\"og:image:height\" content=\"800\" \/>\n\t<meta property=\"og:image:type\" content=\"image\/jpeg\" \/>\n<meta name=\"twitter:card\" content=\"summary_large_image\" \/>\n<meta name=\"twitter:label1\" content=\"Estimeret l\u00e6setid\" \/>\n\t<meta name=\"twitter:data1\" content=\"1 minut\" \/>\n<script type=\"application\/ld+json\" class=\"yoast-schema-graph\">{\"@context\":\"https:\/\/schema.org\",\"@graph\":[{\"@type\":\"WebPage\",\"@id\":\"https:\/\/fumot.uk\/product\/peach-mango-watermelon-jnr-ragegorilla-55000-puffs\/\",\"url\":\"https:\/\/fumot.uk\/product\/peach-mango-watermelon-jnr-ragegorilla-55000-puffs\/\",\"name\":\"JNR RageGorilla 55000 Peach Mango Watermelon\",\"isPartOf\":{\"@id\":\"https:\/\/fumot.uk\/#website\"},\"primaryImageOfPage\":{\"@id\":\"https:\/\/fumot.uk\/product\/peach-mango-watermelon-jnr-ragegorilla-55000-puffs\/#primaryimage\"},\"image\":{\"@id\":\"https:\/\/fumot.uk\/product\/peach-mango-watermelon-jnr-ragegorilla-55000-puffs\/#primaryimage\"},\"thumbnailUrl\":\"https:\/\/fumot.uk\/wp-content\/uploads\/2026\/01\/JNR-RageGorilla-55000-Puffs-Peach-Mango-Watermelon-disposable-e-cigarette.jpg\",\"datePublished\":\"2026-01-21T04:11:16+00:00\",\"dateModified\":\"2026-01-21T06:25:48+00:00\",\"description\":\"Peach Mango Watermelon JNR RageGorilla 55000 Puffs: Dual Mesh Coil, Smart Display, 42ml, 950mAh Type\u2011C rechargeable. 2% or 5% nicotine.\",\"breadcrumb\":{\"@id\":\"https:\/\/fumot.uk\/product\/peach-mango-watermelon-jnr-ragegorilla-55000-puffs\/#breadcrumb\"},\"inLanguage\":\"da-DK\",\"potentialAction\":[{\"@type\":\"ReadAction\",\"target\":[\"https:\/\/fumot.uk\/product\/peach-mango-watermelon-jnr-ragegorilla-55000-puffs\/\"]}]},{\"@type\":\"ImageObject\",\"inLanguage\":\"da-DK\",\"@id\":\"https:\/\/fumot.uk\/product\/peach-mango-watermelon-jnr-ragegorilla-55000-puffs\/#primaryimage\",\"url\":\"https:\/\/fumot.uk\/wp-content\/uploads\/2026\/01\/JNR-RageGorilla-55000-Puffs-Peach-Mango-Watermelon-disposable-e-cigarette.jpg\",\"contentUrl\":\"https:\/\/fumot.uk\/wp-content\/uploads\/2026\/01\/JNR-RageGorilla-55000-Puffs-Peach-Mango-Watermelon-disposable-e-cigarette.jpg\",\"width\":800,\"height\":800},{\"@type\":\"BreadcrumbList\",\"@id\":\"https:\/\/fumot.uk\/product\/peach-mango-watermelon-jnr-ragegorilla-55000-puffs\/#breadcrumb\",\"itemListElement\":[{\"@type\":\"ListItem\",\"position\":1,\"name\":\"Home\",\"item\":\"https:\/\/fumot.uk\/\"},{\"@type\":\"ListItem\",\"position\":2,\"name\":\"Shop\",\"item\":\"https:\/\/fumot.uk\/shop\/\"},{\"@type\":\"ListItem\",\"position\":3,\"name\":\"JNR RageGorilla 55000 Puffs Peach Mango Watermelon \u2013 Dual Mesh, Smart Display, Type\u2011C Rechargeable\"}]},{\"@type\":\"WebSite\",\"@id\":\"https:\/\/fumot.uk\/#website\",\"url\":\"https:\/\/fumot.uk\/\",\"name\":\"Fumot Official Direct | Straight from the Factory, 100% Genuine\",\"description\":\"Official Website\",\"publisher\":{\"@id\":\"https:\/\/fumot.uk\/#organization\"},\"potentialAction\":[{\"@type\":\"SearchAction\",\"target\":{\"@type\":\"EntryPoint\",\"urlTemplate\":\"https:\/\/fumot.uk\/?s={search_term_string}\"},\"query-input\":{\"@type\":\"PropertyValueSpecification\",\"valueRequired\":true,\"valueName\":\"search_term_string\"}}],\"inLanguage\":\"da-DK\"},{\"@type\":\"Organization\",\"@id\":\"https:\/\/fumot.uk\/#organization\",\"name\":\"Fumot Official Direct | Straight from the Factory, 100% Genuine\",\"url\":\"https:\/\/fumot.uk\/\",\"logo\":{\"@type\":\"ImageObject\",\"inLanguage\":\"da-DK\",\"@id\":\"https:\/\/fumot.uk\/#\/schema\/logo\/image\/\",\"url\":\"https:\/\/fumot.uk\/wp-content\/uploads\/2026\/01\/cropped-fumot-logo1.png\",\"contentUrl\":\"https:\/\/fumot.uk\/wp-content\/uploads\/2026\/01\/cropped-fumot-logo1.png\",\"width\":152,\"height\":106,\"caption\":\"Fumot Official Direct | Straight from the Factory, 100% Genuine\"},\"image\":{\"@id\":\"https:\/\/fumot.uk\/#\/schema\/logo\/image\/\"}}]}<\/script>\n<!-- \/ Yoast SEO plugin. -->","yoast_head_json":{"title":"JNR RageGorilla 55000 Fersken Mango Vandmelon","description":"Fersken Mango Vandmelon JNR RageGorilla 55000 Puffs: Dobbelt Mesh Coil, Smart Display, 42ml, 950mAh Type\u2011C genopladelig. 2% eller 5% nikotin.","robots":{"index":"index","follow":"follow","max-snippet":"max-snippet:-1","max-image-preview":"max-image-preview:large","max-video-preview":"max-video-preview:-1"},"canonical":"https:\/\/fumot.uk\/da\/product\/peach-mango-watermelon-jnr-ragegorilla-55000-puffs\/","og_locale":"da_DK","og_type":"article","og_title":"Peach Mango Watermelon \u2013 JNR RageGorilla 55000 Puffs","og_description":"A smooth, refreshing fruit blend of peach, mango and watermelon. Dual Mesh Coil, Smart Display, 42ml, 950mAh Type\u2011C rechargeable. 2%\/5% nicotine.","og_url":"https:\/\/fumot.uk\/da\/product\/peach-mango-watermelon-jnr-ragegorilla-55000-puffs\/","og_site_name":"Fumot Official Direct | Straight from the Factory, 100% Genuine","article_modified_time":"2026-01-21T06:25:48+00:00","og_image":[{"width":800,"height":800,"url":"https:\/\/fumot.uk\/wp-content\/uploads\/2026\/01\/JNR-RageGorilla-55000-Puffs-Peach-Mango-Watermelon-disposable-e-cigarette.jpg","type":"image\/jpeg"}],"twitter_card":"summary_large_image","twitter_misc":{"Estimeret l\u00e6setid":"1 minut"},"schema":{"@context":"https:\/\/schema.org","@graph":[{"@type":"WebPage","@id":"https:\/\/fumot.uk\/product\/peach-mango-watermelon-jnr-ragegorilla-55000-puffs\/","url":"https:\/\/fumot.uk\/product\/peach-mango-watermelon-jnr-ragegorilla-55000-puffs\/","name":"JNR RageGorilla 55000 Fersken Mango Vandmelon","isPartOf":{"@id":"https:\/\/fumot.uk\/#website"},"primaryImageOfPage":{"@id":"https:\/\/fumot.uk\/product\/peach-mango-watermelon-jnr-ragegorilla-55000-puffs\/#primaryimage"},"image":{"@id":"https:\/\/fumot.uk\/product\/peach-mango-watermelon-jnr-ragegorilla-55000-puffs\/#primaryimage"},"thumbnailUrl":"https:\/\/fumot.uk\/wp-content\/uploads\/2026\/01\/JNR-RageGorilla-55000-Puffs-Peach-Mango-Watermelon-disposable-e-cigarette.jpg","datePublished":"2026-01-21T04:11:16+00:00","dateModified":"2026-01-21T06:25:48+00:00","description":"Fersken Mango Vandmelon JNR RageGorilla 55000 Puffs: Dobbelt Mesh Coil, Smart Display, 42ml, 950mAh Type\u2011C genopladelig. 2% eller 5% nikotin.","breadcrumb":{"@id":"https:\/\/fumot.uk\/product\/peach-mango-watermelon-jnr-ragegorilla-55000-puffs\/#breadcrumb"},"inLanguage":"da-DK","potentialAction":[{"@type":"ReadAction","target":["https:\/\/fumot.uk\/product\/peach-mango-watermelon-jnr-ragegorilla-55000-puffs\/"]}]},{"@type":"ImageObject","inLanguage":"da-DK","@id":"https:\/\/fumot.uk\/product\/peach-mango-watermelon-jnr-ragegorilla-55000-puffs\/#primaryimage","url":"https:\/\/fumot.uk\/wp-content\/uploads\/2026\/01\/JNR-RageGorilla-55000-Puffs-Peach-Mango-Watermelon-disposable-e-cigarette.jpg","contentUrl":"https:\/\/fumot.uk\/wp-content\/uploads\/2026\/01\/JNR-RageGorilla-55000-Puffs-Peach-Mango-Watermelon-disposable-e-cigarette.jpg","width":800,"height":800},{"@type":"BreadcrumbList","@id":"https:\/\/fumot.uk\/product\/peach-mango-watermelon-jnr-ragegorilla-55000-puffs\/#breadcrumb","itemListElement":[{"@type":"ListItem","position":1,"name":"Home","item":"https:\/\/fumot.uk\/"},{"@type":"ListItem","position":2,"name":"Shop","item":"https:\/\/fumot.uk\/shop\/"},{"@type":"ListItem","position":3,"name":"JNR RageGorilla 55000 Puffs Peach Mango Watermelon \u2013 Dual Mesh, Smart Display, Type\u2011C Rechargeable"}]},{"@type":"WebSite","@id":"https:\/\/fumot.uk\/#website","url":"https:\/\/fumot.uk\/","name":"Fumot Official Direct | Direkte fra fabrikken, 100% \u00c6gte","description":"Officiel hjemmeside","publisher":{"@id":"https:\/\/fumot.uk\/#organization"},"potentialAction":[{"@type":"SearchAction","target":{"@type":"EntryPoint","urlTemplate":"https:\/\/fumot.uk\/?s={search_term_string}"},"query-input":{"@type":"PropertyValueSpecification","valueRequired":true,"valueName":"search_term_string"}}],"inLanguage":"da-DK"},{"@type":"Organization","@id":"https:\/\/fumot.uk\/#organization","name":"Fumot Official Direct | Direkte fra fabrikken, 100% \u00c6gte","url":"https:\/\/fumot.uk\/","logo":{"@type":"ImageObject","inLanguage":"da-DK","@id":"https:\/\/fumot.uk\/#\/schema\/logo\/image\/","url":"https:\/\/fumot.uk\/wp-content\/uploads\/2026\/01\/cropped-fumot-logo1.png","contentUrl":"https:\/\/fumot.uk\/wp-content\/uploads\/2026\/01\/cropped-fumot-logo1.png","width":152,"height":106,"caption":"Fumot Official Direct | Straight from the Factory, 100% Genuine"},"image":{"@id":"https:\/\/fumot.uk\/#\/schema\/logo\/image\/"}}]}},"_links":{"self":[{"href":"https:\/\/fumot.uk\/da\/wp-json\/wp\/v2\/product\/4534","targetHints":{"allow":["GET"]}}],"collection":[{"href":"https:\/\/fumot.uk\/da\/wp-json\/wp\/v2\/product"}],"about":[{"href":"https:\/\/fumot.uk\/da\/wp-json\/wp\/v2\/types\/product"}],"replies":[{"embeddable":true,"href":"https:\/\/fumot.uk\/da\/wp-json\/wp\/v2\/comments?post=4534"}],"wp:featuredmedia":[{"embeddable":true,"href":"https:\/\/fumot.uk\/da\/wp-json\/wp\/v2\/media\/4578"}],"wp:attachment":[{"href":"https:\/\/fumot.uk\/da\/wp-json\/wp\/v2\/media?parent=4534"}],"wp:term":[{"taxonomy":"product_brand","embeddable":true,"href":"https:\/\/fumot.uk\/da\/wp-json\/wp\/v2\/product_brand?post=4534"},{"taxonomy":"product_cat","embeddable":true,"href":"https:\/\/fumot.uk\/da\/wp-json\/wp\/v2\/product_cat?post=4534"},{"taxonomy":"product_tag","embeddable":true,"href":"https:\/\/fumot.uk\/da\/wp-json\/wp\/v2\/product_tag?post=4534"}],"curies":[{"name":"wp","href":"https:\/\/api.w.org\/{rel}","templated":true}]}}