{"id":4532,"date":"2026-01-21T04:11:15","date_gmt":"2026-01-21T04:11:15","guid":{"rendered":"https:\/\/fumot.uk\/?post_type=product&#038;p=4532"},"modified":"2026-01-21T06:26:12","modified_gmt":"2026-01-21T06:26:12","slug":"white-peach-razz-jnr-ragegorilla-55000-puffs","status":"publish","type":"product","link":"https:\/\/fumot.uk\/da\/product\/white-peach-razz-jnr-ragegorilla-55000-puffs\/","title":{"rendered":"JNR RageGorilla 55000 Puffs White Peach Razz Engangs Vape (42ml, Dual Mesh, Type\u2011C)"},"content":{"rendered":"<h2>Hvid Fersken Razz | JNR RageGorilla 55000 Puffs<\/h2>\n<p>M\u00f8d en dristig frugtblanding bygget til daglig vaping: <strong>JNR RageGorilla 55000 Puffs \u2013 Hvid Fersken Razz<\/strong>. Denne engangsvape kombinerer en moderne krystal-stil krop og smart sk\u00e6rm med et glat, t\u00e6t sug drevet af <strong>Dual Mesh Coil<\/strong> og dual-core opvarmning\u2014designet til at holde smagen konsistent fra f\u00f8rste sug til sidste.<\/p>\n<h3>Smag: Hvid Fersken Razz<\/h3>\n<p><strong>Hvid fersken<\/strong> bringer en bl\u00f8d, saftig s\u00f8dme, mens <strong>hindb\u00e6r<\/strong> tilf\u00f8jer en lys, let syrlig kant. Resultatet er en ren, forfriskende frugtprofil, der forbliver afbalanceret\u2014s\u00f8d uden at f\u00f8les tung, livlig uden at v\u00e6re skarp\u2014g\u00f8r det til et nemt valg til brug hele dagen.<\/p>\n<h3>Hvorfor du vil kunne lide det<\/h3>\n<ul>\n<li><strong>Stor kapacitet, lang session<\/strong>: op til <strong>55.000 sug<\/strong> (forbrug varierer).<\/li>\n<li><strong>Fyldigere smag<\/strong>: <strong>Dual Mesh Coil<\/strong> for rig damp og en glattere finish.<\/li>\n<li><strong>Smart Display<\/strong>: hurtig synlighed af n\u00f8gleenhedsstatus med et blik.<\/li>\n<li><strong>Genopladelig bekvemmelighed<\/strong>: <strong>Type\u2011C<\/strong> hurtig opladning med en <strong>950mAh<\/strong> batteri.<\/li>\n<li><strong>H\u00f8j e-v\u00e6ske volumen<\/strong>: <strong>42ml<\/strong> forfyldt.<\/li>\n<\/ul>\n<h3>Specifikationer<\/h3>\n<ul>\n<li><strong>Produkt<\/strong>: JNR RageGorilla 55000 Puffs Engangsvape<\/li>\n<li><strong>Smag<\/strong>: Hvid Fersken Razz<\/li>\n<li><strong>Puffs<\/strong>: Ca. 55.000<\/li>\n<li><strong>E-v\u00e6ske<\/strong>: 42ml<\/li>\n<li><strong>Nikotinstyrke<\/strong>: 2% \/ 5%<\/li>\n<li><strong>Batteri<\/strong>: 950mAh (genopladelig)<\/li>\n<li><strong>Opladning<\/strong>: Type\u2011C<\/li>\n<li><strong>Coil<\/strong>: Dual Mesh Coil<\/li>\n<li><strong>Display<\/strong>: Smart Display<\/li>\n<\/ul>\n<h3>Udforsk mere<\/h3>\n<p>Leder du efter flere frugtprofiler? Gennemse vores <a href=\"https:\/\/fumot.uk\/da\/product-tag\/peach\/\">Fersken<\/a> samling p\u00e5 <a href=\"https:\/\/fumot.uk\/da\/\">fumot.uk<\/a> for flere fersken-fokuserede muligheder.<\/p>\n<p><em>Bem\u00e6rk: Puff antal er et estimat og afh\u00e6nger af sugl\u00e6ngde og frekvens.<\/em><\/p>","protected":false},"excerpt":{"rendered":"<p>JNR RageGorilla 55000 Puffs i Hvid Fersken Razz: saftig hvid fersken s\u00f8dme med et lyst hindb\u00e6r twist. 42ml, Dobbelt Mesh Spole, Smart Display, 950mAh Type\u2011C genopladelig.<\/p>","protected":false},"featured_media":4576,"comment_status":"open","ping_status":"closed","template":"","meta":[],"product_brand":[],"product_cat":[235,236,17],"product_tag":[70,237,71,197,113,72,73,30,34,26,199,28],"class_list":{"0":"post-4532","1":"product","2":"type-product","3":"status-publish","4":"has-post-thumbnail","6":"product_cat-55000-puff","7":"product_cat-jnr-ragegorilla-55000-puffs","8":"product_cat-vape","9":"product_tag-2-nikotin","10":"product_tag-42ml","11":"product_tag-5-nikotin","12":"product_tag-950mah","13":"product_tag-crystal-vape","14":"product_tag-direct-to-lung","15":"product_tag-dual-mesh","16":"product_tag-peach","17":"product_tag-raspberry","18":"product_tag-rechargeable","19":"product_tag-smart-display","20":"product_tag-type-c","22":"first","23":"instock","24":"sale","25":"shipping-taxable","26":"purchasable","27":"product-type-variable","28":"has-default-attributes"},"yoast_head":"<!-- This site is optimized with the Yoast SEO plugin v26.8 - https:\/\/yoast.com\/product\/yoast-seo-wordpress\/ -->\n<title>White Peach Razz JNR RageGorilla 55000 Puffs Vape<\/title>\n<meta name=\"description\" content=\"White Peach Razz JNR RageGorilla 55000 Puffs: 42ml, Dual Mesh Coil, Smart Display, 950mAh Type\u2011C rechargeable. Choose 2% or 5% nicotine.\" \/>\n<meta name=\"robots\" content=\"index, follow, max-snippet:-1, max-image-preview:large, max-video-preview:-1\" \/>\n<link rel=\"canonical\" href=\"https:\/\/fumot.uk\/da\/product\/white-peach-razz-jnr-ragegorilla-55000-puffs\/\" \/>\n<meta property=\"og:locale\" content=\"da_DK\" \/>\n<meta property=\"og:type\" content=\"article\" \/>\n<meta property=\"og:title\" content=\"White Peach Razz | JNR RageGorilla 55000 Puffs\" \/>\n<meta property=\"og:description\" content=\"A smooth white peach and raspberry blend with big capacity: 42ml, Dual Mesh Coil, Smart Display, 950mAh Type\u2011C rechargeable. 2% or 5% nicotine.\" \/>\n<meta property=\"og:url\" content=\"https:\/\/fumot.uk\/da\/product\/white-peach-razz-jnr-ragegorilla-55000-puffs\/\" \/>\n<meta property=\"og:site_name\" content=\"Fumot Official Direct | Straight from the Factory, 100% Genuine\" \/>\n<meta property=\"article:modified_time\" content=\"2026-01-21T06:26:12+00:00\" \/>\n<meta property=\"og:image\" content=\"https:\/\/fumot.uk\/wp-content\/uploads\/2026\/01\/JNR-RageGorilla-55000-Puffs-White-Peach-Razz-disposable-e-cigarette.jpg\" \/>\n\t<meta property=\"og:image:width\" content=\"800\" \/>\n\t<meta property=\"og:image:height\" content=\"800\" \/>\n\t<meta property=\"og:image:type\" content=\"image\/jpeg\" \/>\n<meta name=\"twitter:card\" content=\"summary_large_image\" \/>\n<meta name=\"twitter:label1\" content=\"Estimeret l\u00e6setid\" \/>\n\t<meta name=\"twitter:data1\" content=\"1 minut\" \/>\n<script type=\"application\/ld+json\" class=\"yoast-schema-graph\">{\"@context\":\"https:\/\/schema.org\",\"@graph\":[{\"@type\":\"WebPage\",\"@id\":\"https:\/\/fumot.uk\/product\/white-peach-razz-jnr-ragegorilla-55000-puffs\/\",\"url\":\"https:\/\/fumot.uk\/product\/white-peach-razz-jnr-ragegorilla-55000-puffs\/\",\"name\":\"White Peach Razz JNR RageGorilla 55000 Puffs Vape\",\"isPartOf\":{\"@id\":\"https:\/\/fumot.uk\/#website\"},\"primaryImageOfPage\":{\"@id\":\"https:\/\/fumot.uk\/product\/white-peach-razz-jnr-ragegorilla-55000-puffs\/#primaryimage\"},\"image\":{\"@id\":\"https:\/\/fumot.uk\/product\/white-peach-razz-jnr-ragegorilla-55000-puffs\/#primaryimage\"},\"thumbnailUrl\":\"https:\/\/fumot.uk\/wp-content\/uploads\/2026\/01\/JNR-RageGorilla-55000-Puffs-White-Peach-Razz-disposable-e-cigarette.jpg\",\"datePublished\":\"2026-01-21T04:11:15+00:00\",\"dateModified\":\"2026-01-21T06:26:12+00:00\",\"description\":\"White Peach Razz JNR RageGorilla 55000 Puffs: 42ml, Dual Mesh Coil, Smart Display, 950mAh Type\u2011C rechargeable. Choose 2% or 5% nicotine.\",\"breadcrumb\":{\"@id\":\"https:\/\/fumot.uk\/product\/white-peach-razz-jnr-ragegorilla-55000-puffs\/#breadcrumb\"},\"inLanguage\":\"da-DK\",\"potentialAction\":[{\"@type\":\"ReadAction\",\"target\":[\"https:\/\/fumot.uk\/product\/white-peach-razz-jnr-ragegorilla-55000-puffs\/\"]}]},{\"@type\":\"ImageObject\",\"inLanguage\":\"da-DK\",\"@id\":\"https:\/\/fumot.uk\/product\/white-peach-razz-jnr-ragegorilla-55000-puffs\/#primaryimage\",\"url\":\"https:\/\/fumot.uk\/wp-content\/uploads\/2026\/01\/JNR-RageGorilla-55000-Puffs-White-Peach-Razz-disposable-e-cigarette.jpg\",\"contentUrl\":\"https:\/\/fumot.uk\/wp-content\/uploads\/2026\/01\/JNR-RageGorilla-55000-Puffs-White-Peach-Razz-disposable-e-cigarette.jpg\",\"width\":800,\"height\":800},{\"@type\":\"BreadcrumbList\",\"@id\":\"https:\/\/fumot.uk\/product\/white-peach-razz-jnr-ragegorilla-55000-puffs\/#breadcrumb\",\"itemListElement\":[{\"@type\":\"ListItem\",\"position\":1,\"name\":\"Home\",\"item\":\"https:\/\/fumot.uk\/\"},{\"@type\":\"ListItem\",\"position\":2,\"name\":\"Shop\",\"item\":\"https:\/\/fumot.uk\/shop\/\"},{\"@type\":\"ListItem\",\"position\":3,\"name\":\"JNR RageGorilla 55000 Puffs White Peach Razz Disposable Vape (42ml, Dual Mesh, Type\u2011C)\"}]},{\"@type\":\"WebSite\",\"@id\":\"https:\/\/fumot.uk\/#website\",\"url\":\"https:\/\/fumot.uk\/\",\"name\":\"Fumot Official Direct | Straight from the Factory, 100% Genuine\",\"description\":\"Official Website\",\"publisher\":{\"@id\":\"https:\/\/fumot.uk\/#organization\"},\"potentialAction\":[{\"@type\":\"SearchAction\",\"target\":{\"@type\":\"EntryPoint\",\"urlTemplate\":\"https:\/\/fumot.uk\/?s={search_term_string}\"},\"query-input\":{\"@type\":\"PropertyValueSpecification\",\"valueRequired\":true,\"valueName\":\"search_term_string\"}}],\"inLanguage\":\"da-DK\"},{\"@type\":\"Organization\",\"@id\":\"https:\/\/fumot.uk\/#organization\",\"name\":\"Fumot Official Direct | Straight from the Factory, 100% Genuine\",\"url\":\"https:\/\/fumot.uk\/\",\"logo\":{\"@type\":\"ImageObject\",\"inLanguage\":\"da-DK\",\"@id\":\"https:\/\/fumot.uk\/#\/schema\/logo\/image\/\",\"url\":\"https:\/\/fumot.uk\/wp-content\/uploads\/2026\/01\/cropped-fumot-logo1.png\",\"contentUrl\":\"https:\/\/fumot.uk\/wp-content\/uploads\/2026\/01\/cropped-fumot-logo1.png\",\"width\":152,\"height\":106,\"caption\":\"Fumot Official Direct | Straight from the Factory, 100% Genuine\"},\"image\":{\"@id\":\"https:\/\/fumot.uk\/#\/schema\/logo\/image\/\"}}]}<\/script>\n<!-- \/ Yoast SEO plugin. -->","yoast_head_json":{"title":"Hvid Fersken Razz JNR RageGorilla 55000 Puffs Vape","description":"Hvid Fersken Razz JNR RageGorilla 55000 Sug: 42ml, Dobbelt Mesh Spole, Smart Display, 950mAh Type\u2011C genopladelig. V\u00e6lg 2% eller 5% nikotin.","robots":{"index":"index","follow":"follow","max-snippet":"max-snippet:-1","max-image-preview":"max-image-preview:large","max-video-preview":"max-video-preview:-1"},"canonical":"https:\/\/fumot.uk\/da\/product\/white-peach-razz-jnr-ragegorilla-55000-puffs\/","og_locale":"da_DK","og_type":"article","og_title":"White Peach Razz | JNR RageGorilla 55000 Puffs","og_description":"A smooth white peach and raspberry blend with big capacity: 42ml, Dual Mesh Coil, Smart Display, 950mAh Type\u2011C rechargeable. 2% or 5% nicotine.","og_url":"https:\/\/fumot.uk\/da\/product\/white-peach-razz-jnr-ragegorilla-55000-puffs\/","og_site_name":"Fumot Official Direct | Straight from the Factory, 100% Genuine","article_modified_time":"2026-01-21T06:26:12+00:00","og_image":[{"width":800,"height":800,"url":"https:\/\/fumot.uk\/wp-content\/uploads\/2026\/01\/JNR-RageGorilla-55000-Puffs-White-Peach-Razz-disposable-e-cigarette.jpg","type":"image\/jpeg"}],"twitter_card":"summary_large_image","twitter_misc":{"Estimeret l\u00e6setid":"1 minut"},"schema":{"@context":"https:\/\/schema.org","@graph":[{"@type":"WebPage","@id":"https:\/\/fumot.uk\/product\/white-peach-razz-jnr-ragegorilla-55000-puffs\/","url":"https:\/\/fumot.uk\/product\/white-peach-razz-jnr-ragegorilla-55000-puffs\/","name":"Hvid Fersken Razz JNR RageGorilla 55000 Puffs Vape","isPartOf":{"@id":"https:\/\/fumot.uk\/#website"},"primaryImageOfPage":{"@id":"https:\/\/fumot.uk\/product\/white-peach-razz-jnr-ragegorilla-55000-puffs\/#primaryimage"},"image":{"@id":"https:\/\/fumot.uk\/product\/white-peach-razz-jnr-ragegorilla-55000-puffs\/#primaryimage"},"thumbnailUrl":"https:\/\/fumot.uk\/wp-content\/uploads\/2026\/01\/JNR-RageGorilla-55000-Puffs-White-Peach-Razz-disposable-e-cigarette.jpg","datePublished":"2026-01-21T04:11:15+00:00","dateModified":"2026-01-21T06:26:12+00:00","description":"Hvid Fersken Razz JNR RageGorilla 55000 Sug: 42ml, Dobbelt Mesh Spole, Smart Display, 950mAh Type\u2011C genopladelig. V\u00e6lg 2% eller 5% nikotin.","breadcrumb":{"@id":"https:\/\/fumot.uk\/product\/white-peach-razz-jnr-ragegorilla-55000-puffs\/#breadcrumb"},"inLanguage":"da-DK","potentialAction":[{"@type":"ReadAction","target":["https:\/\/fumot.uk\/product\/white-peach-razz-jnr-ragegorilla-55000-puffs\/"]}]},{"@type":"ImageObject","inLanguage":"da-DK","@id":"https:\/\/fumot.uk\/product\/white-peach-razz-jnr-ragegorilla-55000-puffs\/#primaryimage","url":"https:\/\/fumot.uk\/wp-content\/uploads\/2026\/01\/JNR-RageGorilla-55000-Puffs-White-Peach-Razz-disposable-e-cigarette.jpg","contentUrl":"https:\/\/fumot.uk\/wp-content\/uploads\/2026\/01\/JNR-RageGorilla-55000-Puffs-White-Peach-Razz-disposable-e-cigarette.jpg","width":800,"height":800},{"@type":"BreadcrumbList","@id":"https:\/\/fumot.uk\/product\/white-peach-razz-jnr-ragegorilla-55000-puffs\/#breadcrumb","itemListElement":[{"@type":"ListItem","position":1,"name":"Home","item":"https:\/\/fumot.uk\/"},{"@type":"ListItem","position":2,"name":"Shop","item":"https:\/\/fumot.uk\/shop\/"},{"@type":"ListItem","position":3,"name":"JNR RageGorilla 55000 Puffs White Peach Razz Disposable Vape (42ml, Dual Mesh, Type\u2011C)"}]},{"@type":"WebSite","@id":"https:\/\/fumot.uk\/#website","url":"https:\/\/fumot.uk\/","name":"Fumot Official Direct | Direkte fra fabrikken, 100% \u00c6gte","description":"Officiel hjemmeside","publisher":{"@id":"https:\/\/fumot.uk\/#organization"},"potentialAction":[{"@type":"SearchAction","target":{"@type":"EntryPoint","urlTemplate":"https:\/\/fumot.uk\/?s={search_term_string}"},"query-input":{"@type":"PropertyValueSpecification","valueRequired":true,"valueName":"search_term_string"}}],"inLanguage":"da-DK"},{"@type":"Organization","@id":"https:\/\/fumot.uk\/#organization","name":"Fumot Official Direct | Direkte fra fabrikken, 100% \u00c6gte","url":"https:\/\/fumot.uk\/","logo":{"@type":"ImageObject","inLanguage":"da-DK","@id":"https:\/\/fumot.uk\/#\/schema\/logo\/image\/","url":"https:\/\/fumot.uk\/wp-content\/uploads\/2026\/01\/cropped-fumot-logo1.png","contentUrl":"https:\/\/fumot.uk\/wp-content\/uploads\/2026\/01\/cropped-fumot-logo1.png","width":152,"height":106,"caption":"Fumot Official Direct | Straight from the Factory, 100% Genuine"},"image":{"@id":"https:\/\/fumot.uk\/#\/schema\/logo\/image\/"}}]}},"_links":{"self":[{"href":"https:\/\/fumot.uk\/da\/wp-json\/wp\/v2\/product\/4532","targetHints":{"allow":["GET"]}}],"collection":[{"href":"https:\/\/fumot.uk\/da\/wp-json\/wp\/v2\/product"}],"about":[{"href":"https:\/\/fumot.uk\/da\/wp-json\/wp\/v2\/types\/product"}],"replies":[{"embeddable":true,"href":"https:\/\/fumot.uk\/da\/wp-json\/wp\/v2\/comments?post=4532"}],"wp:featuredmedia":[{"embeddable":true,"href":"https:\/\/fumot.uk\/da\/wp-json\/wp\/v2\/media\/4576"}],"wp:attachment":[{"href":"https:\/\/fumot.uk\/da\/wp-json\/wp\/v2\/media?parent=4532"}],"wp:term":[{"taxonomy":"product_brand","embeddable":true,"href":"https:\/\/fumot.uk\/da\/wp-json\/wp\/v2\/product_brand?post=4532"},{"taxonomy":"product_cat","embeddable":true,"href":"https:\/\/fumot.uk\/da\/wp-json\/wp\/v2\/product_cat?post=4532"},{"taxonomy":"product_tag","embeddable":true,"href":"https:\/\/fumot.uk\/da\/wp-json\/wp\/v2\/product_tag?post=4532"}],"curies":[{"name":"wp","href":"https:\/\/api.w.org\/{rel}","templated":true}]}}