{"id":4297,"date":"2026-01-21T04:09:15","date_gmt":"2026-01-21T04:09:15","guid":{"rendered":"https:\/\/fumot.uk\/?post_type=product&#038;p=4297"},"modified":"2026-01-21T06:58:05","modified_gmt":"2026-01-21T06:58:05","slug":"blue-razz-ice-jnr-mega-box-50000-puffs","status":"publish","type":"product","link":"https:\/\/fumot.uk\/da\/product\/blue-razz-ice-jnr-mega-box-50000-puffs\/","title":{"rendered":"JNR Mega Box Pro Blue Razz Ice 50000 Sug \u2013 32ml, Dobbelt Mesh, LED Display, 850mAh (Type\u2011C)"},"content":{"rendered":"<h2>JNR Mega Box Pro 50000 Puffs \u2013 Blue Razz Ice<\/h2>\n<p><strong>Bl\u00e5 Razz Is<\/strong> blander lys bl\u00e5 hindb\u00e6r med en ren, k\u00f8lende finish\u2014spr\u00f8d, frugtig og afbalanceret fra f\u00f8rste sug til sidste. Smagen forbliver livlig uden at blive overv\u00e6ldende, hvilket g\u00f8r den til et nemt valg hele dagen for fans af s\u00f8de-og-isede profiler.<\/p>\n<p>Bygget til lange sessioner, <strong>JNR Mega Box Pro 50000 Puffs<\/strong> kombinerer en premium, m\u00f8rk metallisk krop med en klar <strong>LED display<\/strong> der holder <strong>batteri- og e-v\u00e6ske niveauer<\/strong> i syne. Indeni, <strong>Dual Mesh Coil + Dual Core teknologi<\/strong> underst\u00f8tter j\u00e6vn luftstr\u00f8m og t\u00e6t, konsistent damp\u2014ideel til en direkte-til-lunge stil inhalering.<\/p>\n<h3>N\u00f8glefunktioner<\/h3>\n<ul>\n<li><strong>Sug:<\/strong> op til 50.000<\/li>\n<li><strong>E-v\u00e6ske kapacitet:<\/strong> 32ml<\/li>\n<li><strong>Spole:<\/strong> Dual Mesh Coil + Dual Core<\/li>\n<li><strong>Batteri:<\/strong> 850mAh genopladelig<\/li>\n<li><strong>Opladning:<\/strong> USB Type\u2011C<\/li>\n<li><strong>Display:<\/strong> batteristatus + e-v\u00e6ske niveau indikator<\/li>\n<li><strong>Nikotin muligheder:<\/strong> 0% \/ 2% \/ 5%<\/li>\n<\/ul>\n<h3>Hvordan Blue Razz Ice Smager<\/h3>\n<p>Forvent en <strong>syrlig bl\u00e5 hindb\u00e6r<\/strong> fornote med en <strong>frisk is finish<\/strong>. K\u00f8ligheden er forfriskende snarere end h\u00e5rd, hvilket lader b\u00e6rkarakteren forblive lys og klar.<\/p>\n<p>Udforsk mere fra serien p\u00e5 <a href=\"https:\/\/fumot.uk\/da\/\">fumot.uk<\/a>, eller gennemse hele <a href=\"https:\/\/fumot.uk\/da\/product-category\/50000-puff\/\">50000 puff kollektion<\/a> for yderligere smagsvarianter og muligheder.<\/p>\n<h3>Noter<\/h3>\n<p>V\u00e6lg din foretrukne nikotinstyrke (0%, 2%, eller 5%) f\u00f8r betaling.<\/p>","protected":false},"excerpt":{"rendered":"<p>JNR Mega Box Pro Blue Razz Ice leverer et syrligt bl\u00e5 hindb\u00e6rhit med en ren iskold finish. 32ml, op til 50.000 pust, Dual Mesh + Dual Core, LED-display, 850mAh Type-C genopladelig. Nikotin: 0\/2\/5%.<\/p>","protected":false},"featured_media":4340,"comment_status":"open","ping_status":"closed","template":"","meta":[],"product_brand":[],"product_cat":[110,214,17],"product_tag":[84,70,167,71,20,22,72,23,73,29,26,28],"class_list":{"0":"post-4297","1":"product","2":"type-product","3":"status-publish","4":"has-post-thumbnail","6":"product_cat-50000-puff","7":"product_cat-jnr-mega-box-pro-50000-puffs","8":"product_cat-vape","9":"product_tag-0-nikotin","10":"product_tag-2-nikotin","11":"product_tag-32ml","12":"product_tag-5-nikotin","13":"product_tag-850mah","14":"product_tag-blue-razz","15":"product_tag-direct-to-lung","16":"product_tag-display","17":"product_tag-dual-mesh","18":"product_tag-ice","19":"product_tag-rechargeable","20":"product_tag-type-c","22":"first","23":"instock","24":"sale","25":"shipping-taxable","26":"purchasable","27":"product-type-variable","28":"has-default-attributes"},"yoast_head":"<!-- This site is optimized with the Yoast SEO plugin v26.8 - https:\/\/yoast.com\/product\/yoast-seo-wordpress\/ -->\n<title>JNR Mega Box Pro Blue Razz Ice 50000 Puffs | fumot.uk<\/title>\n<meta name=\"description\" content=\"Blue Razz Ice JNR Mega Box Pro: 32ml, up to 50,000 puffs, Dual Mesh + Dual Core, LED display, 850mAh Type\u2011C rechargeable. Nicotine 0\/2\/5%.\" \/>\n<meta name=\"robots\" content=\"index, follow, max-snippet:-1, max-image-preview:large, max-video-preview:-1\" \/>\n<link rel=\"canonical\" href=\"https:\/\/fumot.uk\/da\/product\/blue-razz-ice-jnr-mega-box-50000-puffs\/\" \/>\n<meta property=\"og:locale\" content=\"da_DK\" \/>\n<meta property=\"og:type\" content=\"article\" \/>\n<meta property=\"og:title\" content=\"Blue Razz Ice \u2013 JNR Mega Box Pro 50000 Puffs\" \/>\n<meta property=\"og:description\" content=\"Tangy blue raspberry with a refreshing ice finish. 32ml, Dual Mesh + Dual Core, LED display, 850mAh Type\u2011C rechargeable. Shop on fumot.uk.\" \/>\n<meta property=\"og:url\" content=\"https:\/\/fumot.uk\/da\/product\/blue-razz-ice-jnr-mega-box-50000-puffs\/\" \/>\n<meta property=\"og:site_name\" content=\"Fumot Official Direct | Straight from the Factory, 100% Genuine\" \/>\n<meta property=\"article:modified_time\" content=\"2026-01-21T06:58:05+00:00\" \/>\n<meta property=\"og:image\" content=\"https:\/\/fumot.uk\/wp-content\/uploads\/2026\/01\/BLUE-RAZZ-ICE-JNR-Mega-Box-Pro-50000-Puffs-Disposable-Device-scaled-1.jpg\" \/>\n\t<meta property=\"og:image:width\" content=\"2560\" \/>\n\t<meta property=\"og:image:height\" content=\"2560\" \/>\n\t<meta property=\"og:image:type\" content=\"image\/jpeg\" \/>\n<meta name=\"twitter:card\" content=\"summary_large_image\" \/>\n<meta name=\"twitter:label1\" content=\"Estimeret l\u00e6setid\" \/>\n\t<meta name=\"twitter:data1\" content=\"1 minut\" \/>\n<script type=\"application\/ld+json\" class=\"yoast-schema-graph\">{\"@context\":\"https:\/\/schema.org\",\"@graph\":[{\"@type\":\"WebPage\",\"@id\":\"https:\/\/fumot.uk\/product\/blue-razz-ice-jnr-mega-box-50000-puffs\/\",\"url\":\"https:\/\/fumot.uk\/product\/blue-razz-ice-jnr-mega-box-50000-puffs\/\",\"name\":\"JNR Mega Box Pro Blue Razz Ice 50000 Puffs | fumot.uk\",\"isPartOf\":{\"@id\":\"https:\/\/fumot.uk\/#website\"},\"primaryImageOfPage\":{\"@id\":\"https:\/\/fumot.uk\/product\/blue-razz-ice-jnr-mega-box-50000-puffs\/#primaryimage\"},\"image\":{\"@id\":\"https:\/\/fumot.uk\/product\/blue-razz-ice-jnr-mega-box-50000-puffs\/#primaryimage\"},\"thumbnailUrl\":\"https:\/\/fumot.uk\/wp-content\/uploads\/2026\/01\/BLUE-RAZZ-ICE-JNR-Mega-Box-Pro-50000-Puffs-Disposable-Device-scaled-1.jpg\",\"datePublished\":\"2026-01-21T04:09:15+00:00\",\"dateModified\":\"2026-01-21T06:58:05+00:00\",\"description\":\"Blue Razz Ice JNR Mega Box Pro: 32ml, up to 50,000 puffs, Dual Mesh + Dual Core, LED display, 850mAh Type\u2011C rechargeable. Nicotine 0\/2\/5%.\",\"breadcrumb\":{\"@id\":\"https:\/\/fumot.uk\/product\/blue-razz-ice-jnr-mega-box-50000-puffs\/#breadcrumb\"},\"inLanguage\":\"da-DK\",\"potentialAction\":[{\"@type\":\"ReadAction\",\"target\":[\"https:\/\/fumot.uk\/product\/blue-razz-ice-jnr-mega-box-50000-puffs\/\"]}]},{\"@type\":\"ImageObject\",\"inLanguage\":\"da-DK\",\"@id\":\"https:\/\/fumot.uk\/product\/blue-razz-ice-jnr-mega-box-50000-puffs\/#primaryimage\",\"url\":\"https:\/\/fumot.uk\/wp-content\/uploads\/2026\/01\/BLUE-RAZZ-ICE-JNR-Mega-Box-Pro-50000-Puffs-Disposable-Device-scaled-1.jpg\",\"contentUrl\":\"https:\/\/fumot.uk\/wp-content\/uploads\/2026\/01\/BLUE-RAZZ-ICE-JNR-Mega-Box-Pro-50000-Puffs-Disposable-Device-scaled-1.jpg\",\"width\":2560,\"height\":2560},{\"@type\":\"BreadcrumbList\",\"@id\":\"https:\/\/fumot.uk\/product\/blue-razz-ice-jnr-mega-box-50000-puffs\/#breadcrumb\",\"itemListElement\":[{\"@type\":\"ListItem\",\"position\":1,\"name\":\"Home\",\"item\":\"https:\/\/fumot.uk\/\"},{\"@type\":\"ListItem\",\"position\":2,\"name\":\"Shop\",\"item\":\"https:\/\/fumot.uk\/shop\/\"},{\"@type\":\"ListItem\",\"position\":3,\"name\":\"JNR Mega Box Pro Blue Razz Ice 50000 Puffs \u2013 32ml, Dual Mesh, LED Display, 850mAh (Type\u2011C)\"}]},{\"@type\":\"WebSite\",\"@id\":\"https:\/\/fumot.uk\/#website\",\"url\":\"https:\/\/fumot.uk\/\",\"name\":\"Fumot Official Direct | Straight from the Factory, 100% Genuine\",\"description\":\"Official Website\",\"publisher\":{\"@id\":\"https:\/\/fumot.uk\/#organization\"},\"potentialAction\":[{\"@type\":\"SearchAction\",\"target\":{\"@type\":\"EntryPoint\",\"urlTemplate\":\"https:\/\/fumot.uk\/?s={search_term_string}\"},\"query-input\":{\"@type\":\"PropertyValueSpecification\",\"valueRequired\":true,\"valueName\":\"search_term_string\"}}],\"inLanguage\":\"da-DK\"},{\"@type\":\"Organization\",\"@id\":\"https:\/\/fumot.uk\/#organization\",\"name\":\"Fumot Official Direct | Straight from the Factory, 100% Genuine\",\"url\":\"https:\/\/fumot.uk\/\",\"logo\":{\"@type\":\"ImageObject\",\"inLanguage\":\"da-DK\",\"@id\":\"https:\/\/fumot.uk\/#\/schema\/logo\/image\/\",\"url\":\"https:\/\/fumot.uk\/wp-content\/uploads\/2026\/01\/cropped-fumot-logo1.png\",\"contentUrl\":\"https:\/\/fumot.uk\/wp-content\/uploads\/2026\/01\/cropped-fumot-logo1.png\",\"width\":152,\"height\":106,\"caption\":\"Fumot Official Direct | Straight from the Factory, 100% Genuine\"},\"image\":{\"@id\":\"https:\/\/fumot.uk\/#\/schema\/logo\/image\/\"}}]}<\/script>\n<!-- \/ Yoast SEO plugin. -->","yoast_head_json":{"title":"JNR Mega Box Pro Blue Razz Ice 50000 Puffs | fumot.uk","description":"Blue Razz Ice JNR Mega Box Pro: 32ml, op til 50.000 sug, Dual Mesh + Dual Core, LED-display, 850mAh Type\u2011C genopladelig. Nikotin 0\/2\/5%.","robots":{"index":"index","follow":"follow","max-snippet":"max-snippet:-1","max-image-preview":"max-image-preview:large","max-video-preview":"max-video-preview:-1"},"canonical":"https:\/\/fumot.uk\/da\/product\/blue-razz-ice-jnr-mega-box-50000-puffs\/","og_locale":"da_DK","og_type":"article","og_title":"Blue Razz Ice \u2013 JNR Mega Box Pro 50000 Puffs","og_description":"Tangy blue raspberry with a refreshing ice finish. 32ml, Dual Mesh + Dual Core, LED display, 850mAh Type\u2011C rechargeable. Shop on fumot.uk.","og_url":"https:\/\/fumot.uk\/da\/product\/blue-razz-ice-jnr-mega-box-50000-puffs\/","og_site_name":"Fumot Official Direct | Straight from the Factory, 100% Genuine","article_modified_time":"2026-01-21T06:58:05+00:00","og_image":[{"width":2560,"height":2560,"url":"https:\/\/fumot.uk\/wp-content\/uploads\/2026\/01\/BLUE-RAZZ-ICE-JNR-Mega-Box-Pro-50000-Puffs-Disposable-Device-scaled-1.jpg","type":"image\/jpeg"}],"twitter_card":"summary_large_image","twitter_misc":{"Estimeret l\u00e6setid":"1 minut"},"schema":{"@context":"https:\/\/schema.org","@graph":[{"@type":"WebPage","@id":"https:\/\/fumot.uk\/product\/blue-razz-ice-jnr-mega-box-50000-puffs\/","url":"https:\/\/fumot.uk\/product\/blue-razz-ice-jnr-mega-box-50000-puffs\/","name":"JNR Mega Box Pro Blue Razz Ice 50000 Puffs | fumot.uk","isPartOf":{"@id":"https:\/\/fumot.uk\/#website"},"primaryImageOfPage":{"@id":"https:\/\/fumot.uk\/product\/blue-razz-ice-jnr-mega-box-50000-puffs\/#primaryimage"},"image":{"@id":"https:\/\/fumot.uk\/product\/blue-razz-ice-jnr-mega-box-50000-puffs\/#primaryimage"},"thumbnailUrl":"https:\/\/fumot.uk\/wp-content\/uploads\/2026\/01\/BLUE-RAZZ-ICE-JNR-Mega-Box-Pro-50000-Puffs-Disposable-Device-scaled-1.jpg","datePublished":"2026-01-21T04:09:15+00:00","dateModified":"2026-01-21T06:58:05+00:00","description":"Blue Razz Ice JNR Mega Box Pro: 32ml, op til 50.000 sug, Dual Mesh + Dual Core, LED-display, 850mAh Type\u2011C genopladelig. Nikotin 0\/2\/5%.","breadcrumb":{"@id":"https:\/\/fumot.uk\/product\/blue-razz-ice-jnr-mega-box-50000-puffs\/#breadcrumb"},"inLanguage":"da-DK","potentialAction":[{"@type":"ReadAction","target":["https:\/\/fumot.uk\/product\/blue-razz-ice-jnr-mega-box-50000-puffs\/"]}]},{"@type":"ImageObject","inLanguage":"da-DK","@id":"https:\/\/fumot.uk\/product\/blue-razz-ice-jnr-mega-box-50000-puffs\/#primaryimage","url":"https:\/\/fumot.uk\/wp-content\/uploads\/2026\/01\/BLUE-RAZZ-ICE-JNR-Mega-Box-Pro-50000-Puffs-Disposable-Device-scaled-1.jpg","contentUrl":"https:\/\/fumot.uk\/wp-content\/uploads\/2026\/01\/BLUE-RAZZ-ICE-JNR-Mega-Box-Pro-50000-Puffs-Disposable-Device-scaled-1.jpg","width":2560,"height":2560},{"@type":"BreadcrumbList","@id":"https:\/\/fumot.uk\/product\/blue-razz-ice-jnr-mega-box-50000-puffs\/#breadcrumb","itemListElement":[{"@type":"ListItem","position":1,"name":"Home","item":"https:\/\/fumot.uk\/"},{"@type":"ListItem","position":2,"name":"Shop","item":"https:\/\/fumot.uk\/shop\/"},{"@type":"ListItem","position":3,"name":"JNR Mega Box Pro Blue Razz Ice 50000 Puffs \u2013 32ml, Dual Mesh, LED Display, 850mAh (Type\u2011C)"}]},{"@type":"WebSite","@id":"https:\/\/fumot.uk\/#website","url":"https:\/\/fumot.uk\/","name":"Fumot Official Direct | Direkte fra fabrikken, 100% \u00c6gte","description":"Officiel hjemmeside","publisher":{"@id":"https:\/\/fumot.uk\/#organization"},"potentialAction":[{"@type":"SearchAction","target":{"@type":"EntryPoint","urlTemplate":"https:\/\/fumot.uk\/?s={search_term_string}"},"query-input":{"@type":"PropertyValueSpecification","valueRequired":true,"valueName":"search_term_string"}}],"inLanguage":"da-DK"},{"@type":"Organization","@id":"https:\/\/fumot.uk\/#organization","name":"Fumot Official Direct | Direkte fra fabrikken, 100% \u00c6gte","url":"https:\/\/fumot.uk\/","logo":{"@type":"ImageObject","inLanguage":"da-DK","@id":"https:\/\/fumot.uk\/#\/schema\/logo\/image\/","url":"https:\/\/fumot.uk\/wp-content\/uploads\/2026\/01\/cropped-fumot-logo1.png","contentUrl":"https:\/\/fumot.uk\/wp-content\/uploads\/2026\/01\/cropped-fumot-logo1.png","width":152,"height":106,"caption":"Fumot Official Direct | Straight from the Factory, 100% Genuine"},"image":{"@id":"https:\/\/fumot.uk\/#\/schema\/logo\/image\/"}}]}},"_links":{"self":[{"href":"https:\/\/fumot.uk\/da\/wp-json\/wp\/v2\/product\/4297","targetHints":{"allow":["GET"]}}],"collection":[{"href":"https:\/\/fumot.uk\/da\/wp-json\/wp\/v2\/product"}],"about":[{"href":"https:\/\/fumot.uk\/da\/wp-json\/wp\/v2\/types\/product"}],"replies":[{"embeddable":true,"href":"https:\/\/fumot.uk\/da\/wp-json\/wp\/v2\/comments?post=4297"}],"wp:featuredmedia":[{"embeddable":true,"href":"https:\/\/fumot.uk\/da\/wp-json\/wp\/v2\/media\/4340"}],"wp:attachment":[{"href":"https:\/\/fumot.uk\/da\/wp-json\/wp\/v2\/media?parent=4297"}],"wp:term":[{"taxonomy":"product_brand","embeddable":true,"href":"https:\/\/fumot.uk\/da\/wp-json\/wp\/v2\/product_brand?post=4297"},{"taxonomy":"product_cat","embeddable":true,"href":"https:\/\/fumot.uk\/da\/wp-json\/wp\/v2\/product_cat?post=4297"},{"taxonomy":"product_tag","embeddable":true,"href":"https:\/\/fumot.uk\/da\/wp-json\/wp\/v2\/product_tag?post=4297"}],"curies":[{"name":"wp","href":"https:\/\/api.w.org\/{rel}","templated":true}]}}