{"id":4277,"date":"2026-01-21T04:08:50","date_gmt":"2026-01-21T04:08:50","guid":{"rendered":"https:\/\/fumot.uk\/?post_type=product&#038;p=4277"},"modified":"2026-01-21T07:00:36","modified_gmt":"2026-01-21T07:00:36","slug":"hawaii-jnr-mega-box-50000-puffs","status":"publish","type":"product","link":"https:\/\/fumot.uk\/da\/product\/hawaii-jnr-mega-box-50000-puffs\/","title":{"rendered":"JNR Mega Box Pro Hawaii 50000 Puffs \u2013 Tropisk Frugt Engangs Vape, 32ml, 850mAh, LED Display (0\/2\/5%)"},"content":{"rendered":"<h2>JNR Mega Box Pro 50000 Puffs (Hawaii) \u2013 Tropisk Smag, Moderne Design<\/h2>\n<p>Bring \u00f8-stemning til hvert sug med <strong>JNR Mega Box Pro 50000 Puffs \u2013 Hawaii<\/strong>. Bygget med en elegant, m\u00f8rk metallisk finish og en ren <strong>LED display<\/strong>, denne enhed kombinerer premium f\u00f8lelse med hverdagspraktik. Den er designet til glat, smagfuld vaping\u2014uden besv\u00e6r.<\/p>\n<h3>Hawaii Smag: Mango \u2022 Passionsfrugt \u2022 Ananas<\/h3>\n<p>Den <strong>Hawaii<\/strong> blanding er en lys tropisk mix af <strong>mango<\/strong>, <strong>passionsfrugt<\/strong>, og <strong>ananas<\/strong>. Forvent en saftig, frugt-fremad smag der forbliver balanceret\u2014livlig og forfriskende, aldrig overv\u00e6ldende. Perfekt hvis du nyder s\u00f8de eksotiske noter med en ren finish.<\/p>\n<h3>Lavet til Lange Sessioner: 32ml + Genopladelig Str\u00f8m<\/h3>\n<p>Med en gener\u00f8s <strong>32ml e-v\u00e6ske<\/strong> kapacitet og en p\u00e5lidelig <strong>850mAh genopladeligt batteri<\/strong>, JNR Mega Box Pro er bygget til langvarig nydelse. Genoplad nemt via <strong>USB Type-C<\/strong>, og hold styr p\u00e5 din vape med et blik p\u00e5 displayet der viser <strong>batteri<\/strong> og <strong>e-v\u00e6ske<\/strong> status.<\/p>\n<h3>Glatte Skyer med Dual Mesh Coil &amp; Dual Core Tech<\/h3>\n<p>Den avancerede <strong>Dual Mesh Coil<\/strong> og <strong>Dual Core<\/strong> ops\u00e6tning hj\u00e6lper med at levere t\u00e6t men glat damp og klarere smagslag\u2014ideel til en <strong>Direkte-til-lunge (DTL)<\/strong> stil tr\u00e6k der lader de tropiske frugter skinne.<\/p>\n<h3>N\u00f8glefunktioner<\/h3>\n<ul>\n<li><strong>Sug:<\/strong> Op til 50000 sug<\/li>\n<li><strong>Smag:<\/strong> Hawaii (Mango, Passionsfrugt, Ananas)<\/li>\n<li><strong>E-v\u00e6ske:<\/strong> 32ml<\/li>\n<li><strong>Spole:<\/strong> Dual Mesh Coil + Dual Core<\/li>\n<li><strong>Batteri:<\/strong> 850mAh (genopladelig)<\/li>\n<li><strong>Opladning:<\/strong> USB Type-C<\/li>\n<li><strong>Display:<\/strong> Batteri- og e-v\u00e6ske niveau indikator<\/li>\n<li><strong>Nikotin muligheder:<\/strong> 0% \/ 2% \/ 5%<\/li>\n<\/ul>\n<h3>Udforsk Mere fra JNR<\/h3>\n<p>Leder du efter flere smage eller det fulde udvalg? Gennemse vores kollektion p\u00e5 <a href=\"https:\/\/fumot.uk\/da\/\" target=\"_blank\" rel=\"noopener\">fumot.uk<\/a> og opdag mere <a href=\"https:\/\/fumot.uk\/da\/product-category\/jnr-mega-box-pro-50000-puffs\/\" target=\"_blank\" rel=\"noopener\">JNR Mega Box Pro 50000 Puffs<\/a> muligheder.<\/p>\n<p><em>Bem\u00e6rk:<\/em> Puff t\u00e6llinger kan variere afh\u00e6ngigt af brugerstil og tr\u00e6kl\u00e6ngde.<\/p>","protected":false},"excerpt":{"rendered":"<p>Tropisk Hawaii-blanding (mango, passionsfrugt, ananas) i JNR Mega Box Pro 50000 Puffs. 32ml e-v\u00e6ske, 850mAh genopladelig Type\u2011C, LED-display, Dual Mesh + Dual Core. 0\/2\/5% nikotin.<\/p>","protected":false},"featured_media":4325,"comment_status":"open","ping_status":"closed","template":"","meta":[],"product_brand":[],"product_cat":[110,214,17],"product_tag":[84,70,167,71,20,72,23,73,42,46,35,26,28],"class_list":{"0":"post-4277","1":"product","2":"type-product","3":"status-publish","4":"has-post-thumbnail","6":"product_cat-50000-puff","7":"product_cat-jnr-mega-box-pro-50000-puffs","8":"product_cat-vape","9":"product_tag-0-nikotin","10":"product_tag-2-nikotin","11":"product_tag-32ml","12":"product_tag-5-nikotin","13":"product_tag-850mah","14":"product_tag-direct-to-lung","15":"product_tag-display","16":"product_tag-dual-mesh","17":"product_tag-mango","18":"product_tag-passion-fruit","19":"product_tag-pineapple","20":"product_tag-rechargeable","21":"product_tag-type-c","23":"first","24":"instock","25":"sale","26":"shipping-taxable","27":"purchasable","28":"product-type-variable","29":"has-default-attributes"},"yoast_head":"<!-- This site is optimized with the Yoast SEO plugin v26.8 - https:\/\/yoast.com\/product\/yoast-seo-wordpress\/ -->\n<title>JNR Mega Box Pro Hawaii 50000 Puffs | 32ml, 850mAh<\/title>\n<meta name=\"description\" content=\"JNR Mega Box Pro Hawaii 50000 Puffs: mango, passion fruit &amp; pineapple. 32ml e-liquid, 850mAh Type\u2011C rechargeable, LED display, Dual Mesh coil. 0\/2\/5%.\" \/>\n<meta name=\"robots\" content=\"index, follow, max-snippet:-1, max-image-preview:large, max-video-preview:-1\" \/>\n<link rel=\"canonical\" href=\"https:\/\/fumot.uk\/da\/product\/hawaii-jnr-mega-box-50000-puffs\/\" \/>\n<meta property=\"og:locale\" content=\"da_DK\" \/>\n<meta property=\"og:type\" content=\"article\" \/>\n<meta property=\"og:title\" content=\"JNR Mega Box Pro Hawaii \u2013 50000 Puffs Tropical Fruit\" \/>\n<meta property=\"og:description\" content=\"Juicy mango, passion fruit &amp; pineapple with a smooth DTL draw. 32ml, 850mAh Type\u2011C rechargeable, LED display, Dual Mesh + Dual Core. 0\/2\/5%.\" \/>\n<meta property=\"og:url\" content=\"https:\/\/fumot.uk\/da\/product\/hawaii-jnr-mega-box-50000-puffs\/\" \/>\n<meta property=\"og:site_name\" content=\"Fumot Official Direct | Straight from the Factory, 100% Genuine\" \/>\n<meta property=\"article:modified_time\" content=\"2026-01-21T07:00:36+00:00\" \/>\n<meta property=\"og:image\" content=\"https:\/\/fumot.uk\/wp-content\/uploads\/2026\/01\/HAWAII-JNR-Mega-Box-Pro-50000-Puffs-Disposable-Device-scaled-1.jpg\" \/>\n\t<meta property=\"og:image:width\" content=\"2560\" \/>\n\t<meta property=\"og:image:height\" content=\"2560\" \/>\n\t<meta property=\"og:image:type\" content=\"image\/jpeg\" \/>\n<meta name=\"twitter:card\" content=\"summary_large_image\" \/>\n<meta name=\"twitter:label1\" content=\"Estimeret l\u00e6setid\" \/>\n\t<meta name=\"twitter:data1\" content=\"1 minut\" \/>\n<script type=\"application\/ld+json\" class=\"yoast-schema-graph\">{\"@context\":\"https:\/\/schema.org\",\"@graph\":[{\"@type\":\"WebPage\",\"@id\":\"https:\/\/fumot.uk\/product\/hawaii-jnr-mega-box-50000-puffs\/\",\"url\":\"https:\/\/fumot.uk\/product\/hawaii-jnr-mega-box-50000-puffs\/\",\"name\":\"JNR Mega Box Pro Hawaii 50000 Puffs | 32ml, 850mAh\",\"isPartOf\":{\"@id\":\"https:\/\/fumot.uk\/#website\"},\"primaryImageOfPage\":{\"@id\":\"https:\/\/fumot.uk\/product\/hawaii-jnr-mega-box-50000-puffs\/#primaryimage\"},\"image\":{\"@id\":\"https:\/\/fumot.uk\/product\/hawaii-jnr-mega-box-50000-puffs\/#primaryimage\"},\"thumbnailUrl\":\"https:\/\/fumot.uk\/wp-content\/uploads\/2026\/01\/HAWAII-JNR-Mega-Box-Pro-50000-Puffs-Disposable-Device-scaled-1.jpg\",\"datePublished\":\"2026-01-21T04:08:50+00:00\",\"dateModified\":\"2026-01-21T07:00:36+00:00\",\"description\":\"JNR Mega Box Pro Hawaii 50000 Puffs: mango, passion fruit & pineapple. 32ml e-liquid, 850mAh Type\u2011C rechargeable, LED display, Dual Mesh coil. 0\/2\/5%.\",\"breadcrumb\":{\"@id\":\"https:\/\/fumot.uk\/product\/hawaii-jnr-mega-box-50000-puffs\/#breadcrumb\"},\"inLanguage\":\"da-DK\",\"potentialAction\":[{\"@type\":\"ReadAction\",\"target\":[\"https:\/\/fumot.uk\/product\/hawaii-jnr-mega-box-50000-puffs\/\"]}]},{\"@type\":\"ImageObject\",\"inLanguage\":\"da-DK\",\"@id\":\"https:\/\/fumot.uk\/product\/hawaii-jnr-mega-box-50000-puffs\/#primaryimage\",\"url\":\"https:\/\/fumot.uk\/wp-content\/uploads\/2026\/01\/HAWAII-JNR-Mega-Box-Pro-50000-Puffs-Disposable-Device-scaled-1.jpg\",\"contentUrl\":\"https:\/\/fumot.uk\/wp-content\/uploads\/2026\/01\/HAWAII-JNR-Mega-Box-Pro-50000-Puffs-Disposable-Device-scaled-1.jpg\",\"width\":2560,\"height\":2560},{\"@type\":\"BreadcrumbList\",\"@id\":\"https:\/\/fumot.uk\/product\/hawaii-jnr-mega-box-50000-puffs\/#breadcrumb\",\"itemListElement\":[{\"@type\":\"ListItem\",\"position\":1,\"name\":\"Home\",\"item\":\"https:\/\/fumot.uk\/\"},{\"@type\":\"ListItem\",\"position\":2,\"name\":\"Shop\",\"item\":\"https:\/\/fumot.uk\/shop\/\"},{\"@type\":\"ListItem\",\"position\":3,\"name\":\"JNR Mega Box Pro Hawaii 50000 Puffs \u2013 Tropical Fruit Disposable Vape, 32ml, 850mAh, LED Display (0\/2\/5%)\"}]},{\"@type\":\"WebSite\",\"@id\":\"https:\/\/fumot.uk\/#website\",\"url\":\"https:\/\/fumot.uk\/\",\"name\":\"Fumot Official Direct | Straight from the Factory, 100% Genuine\",\"description\":\"Official Website\",\"publisher\":{\"@id\":\"https:\/\/fumot.uk\/#organization\"},\"potentialAction\":[{\"@type\":\"SearchAction\",\"target\":{\"@type\":\"EntryPoint\",\"urlTemplate\":\"https:\/\/fumot.uk\/?s={search_term_string}\"},\"query-input\":{\"@type\":\"PropertyValueSpecification\",\"valueRequired\":true,\"valueName\":\"search_term_string\"}}],\"inLanguage\":\"da-DK\"},{\"@type\":\"Organization\",\"@id\":\"https:\/\/fumot.uk\/#organization\",\"name\":\"Fumot Official Direct | Straight from the Factory, 100% Genuine\",\"url\":\"https:\/\/fumot.uk\/\",\"logo\":{\"@type\":\"ImageObject\",\"inLanguage\":\"da-DK\",\"@id\":\"https:\/\/fumot.uk\/#\/schema\/logo\/image\/\",\"url\":\"https:\/\/fumot.uk\/wp-content\/uploads\/2026\/01\/cropped-fumot-logo1.png\",\"contentUrl\":\"https:\/\/fumot.uk\/wp-content\/uploads\/2026\/01\/cropped-fumot-logo1.png\",\"width\":152,\"height\":106,\"caption\":\"Fumot Official Direct | Straight from the Factory, 100% Genuine\"},\"image\":{\"@id\":\"https:\/\/fumot.uk\/#\/schema\/logo\/image\/\"}}]}<\/script>\n<!-- \/ Yoast SEO plugin. -->","yoast_head_json":{"title":"JNR Mega Box Pro Hawaii 50000 Puffs | 32ml, 850mAh","description":"JNR Mega Box Pro Hawaii 50000 Puffs: mango, passionsfrugt &amp; ananas. 32ml e-v\u00e6ske, 850mAh Type\u2011C genopladelig, LED-display, Dual Mesh coil. 0\/2\/5%.","robots":{"index":"index","follow":"follow","max-snippet":"max-snippet:-1","max-image-preview":"max-image-preview:large","max-video-preview":"max-video-preview:-1"},"canonical":"https:\/\/fumot.uk\/da\/product\/hawaii-jnr-mega-box-50000-puffs\/","og_locale":"da_DK","og_type":"article","og_title":"JNR Mega Box Pro Hawaii \u2013 50000 Puffs Tropical Fruit","og_description":"Juicy mango, passion fruit & pineapple with a smooth DTL draw. 32ml, 850mAh Type\u2011C rechargeable, LED display, Dual Mesh + Dual Core. 0\/2\/5%.","og_url":"https:\/\/fumot.uk\/da\/product\/hawaii-jnr-mega-box-50000-puffs\/","og_site_name":"Fumot Official Direct | Straight from the Factory, 100% Genuine","article_modified_time":"2026-01-21T07:00:36+00:00","og_image":[{"width":2560,"height":2560,"url":"https:\/\/fumot.uk\/wp-content\/uploads\/2026\/01\/HAWAII-JNR-Mega-Box-Pro-50000-Puffs-Disposable-Device-scaled-1.jpg","type":"image\/jpeg"}],"twitter_card":"summary_large_image","twitter_misc":{"Estimeret l\u00e6setid":"1 minut"},"schema":{"@context":"https:\/\/schema.org","@graph":[{"@type":"WebPage","@id":"https:\/\/fumot.uk\/product\/hawaii-jnr-mega-box-50000-puffs\/","url":"https:\/\/fumot.uk\/product\/hawaii-jnr-mega-box-50000-puffs\/","name":"JNR Mega Box Pro Hawaii 50000 Puffs | 32ml, 850mAh","isPartOf":{"@id":"https:\/\/fumot.uk\/#website"},"primaryImageOfPage":{"@id":"https:\/\/fumot.uk\/product\/hawaii-jnr-mega-box-50000-puffs\/#primaryimage"},"image":{"@id":"https:\/\/fumot.uk\/product\/hawaii-jnr-mega-box-50000-puffs\/#primaryimage"},"thumbnailUrl":"https:\/\/fumot.uk\/wp-content\/uploads\/2026\/01\/HAWAII-JNR-Mega-Box-Pro-50000-Puffs-Disposable-Device-scaled-1.jpg","datePublished":"2026-01-21T04:08:50+00:00","dateModified":"2026-01-21T07:00:36+00:00","description":"JNR Mega Box Pro Hawaii 50000 Puffs: mango, passionsfrugt &amp; ananas. 32ml e-v\u00e6ske, 850mAh Type\u2011C genopladelig, LED-display, Dual Mesh coil. 0\/2\/5%.","breadcrumb":{"@id":"https:\/\/fumot.uk\/product\/hawaii-jnr-mega-box-50000-puffs\/#breadcrumb"},"inLanguage":"da-DK","potentialAction":[{"@type":"ReadAction","target":["https:\/\/fumot.uk\/product\/hawaii-jnr-mega-box-50000-puffs\/"]}]},{"@type":"ImageObject","inLanguage":"da-DK","@id":"https:\/\/fumot.uk\/product\/hawaii-jnr-mega-box-50000-puffs\/#primaryimage","url":"https:\/\/fumot.uk\/wp-content\/uploads\/2026\/01\/HAWAII-JNR-Mega-Box-Pro-50000-Puffs-Disposable-Device-scaled-1.jpg","contentUrl":"https:\/\/fumot.uk\/wp-content\/uploads\/2026\/01\/HAWAII-JNR-Mega-Box-Pro-50000-Puffs-Disposable-Device-scaled-1.jpg","width":2560,"height":2560},{"@type":"BreadcrumbList","@id":"https:\/\/fumot.uk\/product\/hawaii-jnr-mega-box-50000-puffs\/#breadcrumb","itemListElement":[{"@type":"ListItem","position":1,"name":"Home","item":"https:\/\/fumot.uk\/"},{"@type":"ListItem","position":2,"name":"Shop","item":"https:\/\/fumot.uk\/shop\/"},{"@type":"ListItem","position":3,"name":"JNR Mega Box Pro Hawaii 50000 Puffs \u2013 Tropical Fruit Disposable Vape, 32ml, 850mAh, LED Display (0\/2\/5%)"}]},{"@type":"WebSite","@id":"https:\/\/fumot.uk\/#website","url":"https:\/\/fumot.uk\/","name":"Fumot Official Direct | Direkte fra fabrikken, 100% \u00c6gte","description":"Officiel hjemmeside","publisher":{"@id":"https:\/\/fumot.uk\/#organization"},"potentialAction":[{"@type":"SearchAction","target":{"@type":"EntryPoint","urlTemplate":"https:\/\/fumot.uk\/?s={search_term_string}"},"query-input":{"@type":"PropertyValueSpecification","valueRequired":true,"valueName":"search_term_string"}}],"inLanguage":"da-DK"},{"@type":"Organization","@id":"https:\/\/fumot.uk\/#organization","name":"Fumot Official Direct | Direkte fra fabrikken, 100% \u00c6gte","url":"https:\/\/fumot.uk\/","logo":{"@type":"ImageObject","inLanguage":"da-DK","@id":"https:\/\/fumot.uk\/#\/schema\/logo\/image\/","url":"https:\/\/fumot.uk\/wp-content\/uploads\/2026\/01\/cropped-fumot-logo1.png","contentUrl":"https:\/\/fumot.uk\/wp-content\/uploads\/2026\/01\/cropped-fumot-logo1.png","width":152,"height":106,"caption":"Fumot Official Direct | Straight from the Factory, 100% Genuine"},"image":{"@id":"https:\/\/fumot.uk\/#\/schema\/logo\/image\/"}}]}},"_links":{"self":[{"href":"https:\/\/fumot.uk\/da\/wp-json\/wp\/v2\/product\/4277","targetHints":{"allow":["GET"]}}],"collection":[{"href":"https:\/\/fumot.uk\/da\/wp-json\/wp\/v2\/product"}],"about":[{"href":"https:\/\/fumot.uk\/da\/wp-json\/wp\/v2\/types\/product"}],"replies":[{"embeddable":true,"href":"https:\/\/fumot.uk\/da\/wp-json\/wp\/v2\/comments?post=4277"}],"wp:featuredmedia":[{"embeddable":true,"href":"https:\/\/fumot.uk\/da\/wp-json\/wp\/v2\/media\/4325"}],"wp:attachment":[{"href":"https:\/\/fumot.uk\/da\/wp-json\/wp\/v2\/media?parent=4277"}],"wp:term":[{"taxonomy":"product_brand","embeddable":true,"href":"https:\/\/fumot.uk\/da\/wp-json\/wp\/v2\/product_brand?post=4277"},{"taxonomy":"product_cat","embeddable":true,"href":"https:\/\/fumot.uk\/da\/wp-json\/wp\/v2\/product_cat?post=4277"},{"taxonomy":"product_tag","embeddable":true,"href":"https:\/\/fumot.uk\/da\/wp-json\/wp\/v2\/product_tag?post=4277"}],"curies":[{"name":"wp","href":"https:\/\/api.w.org\/{rel}","templated":true}]}}