{"id":4275,"date":"2026-01-21T04:08:50","date_gmt":"2026-01-21T04:08:50","guid":{"rendered":"https:\/\/fumot.uk\/?post_type=product&#038;p=4275"},"modified":"2026-01-21T07:01:08","modified_gmt":"2026-01-21T07:01:08","slug":"summer-peaches-jnr-mega-box-50000-puffs","status":"publish","type":"product","link":"https:\/\/fumot.uk\/da\/product\/summer-peaches-jnr-mega-box-50000-puffs\/","title":{"rendered":"JNR Mega Box Pro 50000 Puffs Summer Peach (32ml) \u2013 Rechargeable Disposable Vape with Display"},"content":{"rendered":"<h2>JNR Mega Box Pro 50000 Puffs \u2013 Sommerfersken<\/h2>\n<p>M\u00f8d en ferskenfokuseret engangsartikel, der f\u00f8les eksklusiv i h\u00e5nden og fungerer glat fra f\u00f8rste sug til sidste. <strong>JNR Mega Box Pro 50000 Puffs<\/strong> parrer en m\u00f8rk, metallisk finish med rene minimalistiske linjer og en klar <strong>LED display<\/strong>\u2014bygget til daglig bekvemmelighed, mens udseendet holdes raffineret.<\/p>\n<h3>Smag: Sommerfersken<\/h3>\n<p><strong>Sommerfersken<\/strong> leverer en lys, saftig ferskenprofil med en let forfriskende finish. Smagen er frugtagtig og fyldig, men afbalanceret\u2014s\u00f8d uden at blive tung\u2014hvilket g\u00f8r den til et nemt valg hele dagen for ferskenelskere.<\/p>\n<h3>Glat, T\u00e6t Damp med Dual Mesh Ydeevne<\/h3>\n<p>Drevet af <strong>Dual Mesh Coil<\/strong> og <strong>Dual Core<\/strong> teknologi, Mega Box Pro producerer konsekvent, bl\u00f8d damp og klar smagsdefinition\u2014fremh\u00e6ver ferskens\u00f8dmen og den friske l\u00f8ft i hvert sug.<\/p>\n<h3>Genopladelig Bekvemmelighed<\/h3>\n<p>With a <strong>Type\u2011C opladningsport<\/strong> og en indbygget <strong>LED display<\/strong> til <strong>batteri<\/strong> og <strong>e-v\u00e6ske niveau<\/strong>, kan du holde styr p\u00e5 et \u00f8jeblik og genoplade hurtigt, n\u00e5r det er n\u00f8dvendigt.<\/p>\n<h3>N\u00f8glefunktioner<\/h3>\n<ul>\n<li><strong>Op til:<\/strong> 50.000 sug<\/li>\n<li><strong>E-v\u00e6ske kapacitet:<\/strong> 32ml<\/li>\n<li><strong>Spole:<\/strong> Dual Mesh Coil + Dual Core<\/li>\n<li><strong>Batteri:<\/strong> 850mAh<\/li>\n<li><strong>Opladning:<\/strong> Type\u2011C<\/li>\n<li><strong>Display:<\/strong> Batteri- &amp; e\u2011v\u00e6skeindikatorer<\/li>\n<li><strong>Nikotin muligheder:<\/strong> 0% \/ 2% \/ 5% (v\u00e6lg din pr\u00e6ference)<\/li>\n<\/ul>\n<p>Udforsk flere smagsvarianter og hele udvalget af JNR-enheder p\u00e5 <a href=\"https:\/\/fumot.uk\/da\/\" target=\"_blank\" rel=\"noopener\">fumot.uk<\/a>.<\/p>","protected":false},"excerpt":{"rendered":"<p>JNR Mega Box Pro 50000 Puffs i Summer Peach: saftig ferskensmag med en forfriskende afslutning, 32ml e-v\u00e6ske, Dual Mesh + Dual Core, LED-display og Type-C genopladeligt 850mAh batteri. Nikotin: 0%\/2%\/5%.<\/p>","protected":false},"featured_media":4323,"comment_status":"open","ping_status":"closed","template":"","meta":[],"product_brand":[],"product_cat":[110,214,17],"product_tag":[84,70,167,71,20,72,23,73,30,26,28],"class_list":{"0":"post-4275","1":"product","2":"type-product","3":"status-publish","4":"has-post-thumbnail","6":"product_cat-50000-puff","7":"product_cat-jnr-mega-box-pro-50000-puffs","8":"product_cat-vape","9":"product_tag-0-nikotin","10":"product_tag-2-nikotin","11":"product_tag-32ml","12":"product_tag-5-nikotin","13":"product_tag-850mah","14":"product_tag-direct-to-lung","15":"product_tag-display","16":"product_tag-dual-mesh","17":"product_tag-peach","18":"product_tag-rechargeable","19":"product_tag-type-c","21":"first","22":"instock","23":"sale","24":"shipping-taxable","25":"purchasable","26":"product-type-variable","27":"has-default-attributes"},"yoast_head":"<!-- This site is optimized with the Yoast SEO plugin v26.8 - https:\/\/yoast.com\/product\/yoast-seo-wordpress\/ -->\n<title>JNR Mega Box Pro 50000 Puffs Summer Peach | 32ml<\/title>\n<meta name=\"description\" content=\"JNR Mega Box Pro 50000 Puffs Summer Peach: 32ml, Dual Mesh + Dual Core, LED display, 850mAh Type\u2011C rechargeable. Nicotine 0%\/2%\/5%.\" \/>\n<meta name=\"robots\" content=\"index, follow, max-snippet:-1, max-image-preview:large, max-video-preview:-1\" \/>\n<link rel=\"canonical\" href=\"https:\/\/fumot.uk\/da\/product\/summer-peaches-jnr-mega-box-50000-puffs\/\" \/>\n<meta property=\"og:locale\" content=\"da_DK\" \/>\n<meta property=\"og:type\" content=\"article\" \/>\n<meta property=\"og:title\" content=\"Summer Peach \u2013 JNR Mega Box Pro 50000 Puffs (32ml)\" \/>\n<meta property=\"og:description\" content=\"Juicy peach flavor with a fresh finish. Dual Mesh + Dual Core, LED display, 850mAh Type\u2011C rechargeable. Nicotine: 0%\/2%\/5%.\" \/>\n<meta property=\"og:url\" content=\"https:\/\/fumot.uk\/da\/product\/summer-peaches-jnr-mega-box-50000-puffs\/\" \/>\n<meta property=\"og:site_name\" content=\"Fumot Official Direct | Straight from the Factory, 100% Genuine\" \/>\n<meta property=\"article:modified_time\" content=\"2026-01-21T07:01:08+00:00\" \/>\n<meta property=\"og:image\" content=\"https:\/\/fumot.uk\/wp-content\/uploads\/2026\/01\/SUMMER-PEACHES-JNR-Mega-Box-Pro-50000-Puffs-Disposable-Device-scaled-1.jpg\" \/>\n\t<meta property=\"og:image:width\" content=\"2560\" \/>\n\t<meta property=\"og:image:height\" content=\"2560\" \/>\n\t<meta property=\"og:image:type\" content=\"image\/jpeg\" \/>\n<meta name=\"twitter:card\" content=\"summary_large_image\" \/>\n<meta name=\"twitter:label1\" content=\"Estimeret l\u00e6setid\" \/>\n\t<meta name=\"twitter:data1\" content=\"1 minut\" \/>\n<script type=\"application\/ld+json\" class=\"yoast-schema-graph\">{\"@context\":\"https:\/\/schema.org\",\"@graph\":[{\"@type\":\"WebPage\",\"@id\":\"https:\/\/fumot.uk\/product\/summer-peaches-jnr-mega-box-50000-puffs\/\",\"url\":\"https:\/\/fumot.uk\/product\/summer-peaches-jnr-mega-box-50000-puffs\/\",\"name\":\"JNR Mega Box Pro 50000 Puffs Summer Peach | 32ml\",\"isPartOf\":{\"@id\":\"https:\/\/fumot.uk\/#website\"},\"primaryImageOfPage\":{\"@id\":\"https:\/\/fumot.uk\/product\/summer-peaches-jnr-mega-box-50000-puffs\/#primaryimage\"},\"image\":{\"@id\":\"https:\/\/fumot.uk\/product\/summer-peaches-jnr-mega-box-50000-puffs\/#primaryimage\"},\"thumbnailUrl\":\"https:\/\/fumot.uk\/wp-content\/uploads\/2026\/01\/SUMMER-PEACHES-JNR-Mega-Box-Pro-50000-Puffs-Disposable-Device-scaled-1.jpg\",\"datePublished\":\"2026-01-21T04:08:50+00:00\",\"dateModified\":\"2026-01-21T07:01:08+00:00\",\"description\":\"JNR Mega Box Pro 50000 Puffs Summer Peach: 32ml, Dual Mesh + Dual Core, LED display, 850mAh Type\u2011C rechargeable. Nicotine 0%\/2%\/5%.\",\"breadcrumb\":{\"@id\":\"https:\/\/fumot.uk\/product\/summer-peaches-jnr-mega-box-50000-puffs\/#breadcrumb\"},\"inLanguage\":\"da-DK\",\"potentialAction\":[{\"@type\":\"ReadAction\",\"target\":[\"https:\/\/fumot.uk\/product\/summer-peaches-jnr-mega-box-50000-puffs\/\"]}]},{\"@type\":\"ImageObject\",\"inLanguage\":\"da-DK\",\"@id\":\"https:\/\/fumot.uk\/product\/summer-peaches-jnr-mega-box-50000-puffs\/#primaryimage\",\"url\":\"https:\/\/fumot.uk\/wp-content\/uploads\/2026\/01\/SUMMER-PEACHES-JNR-Mega-Box-Pro-50000-Puffs-Disposable-Device-scaled-1.jpg\",\"contentUrl\":\"https:\/\/fumot.uk\/wp-content\/uploads\/2026\/01\/SUMMER-PEACHES-JNR-Mega-Box-Pro-50000-Puffs-Disposable-Device-scaled-1.jpg\",\"width\":2560,\"height\":2560},{\"@type\":\"BreadcrumbList\",\"@id\":\"https:\/\/fumot.uk\/product\/summer-peaches-jnr-mega-box-50000-puffs\/#breadcrumb\",\"itemListElement\":[{\"@type\":\"ListItem\",\"position\":1,\"name\":\"Home\",\"item\":\"https:\/\/fumot.uk\/\"},{\"@type\":\"ListItem\",\"position\":2,\"name\":\"Shop\",\"item\":\"https:\/\/fumot.uk\/shop\/\"},{\"@type\":\"ListItem\",\"position\":3,\"name\":\"JNR Mega Box Pro 50000 Puffs Summer Peach (32ml) \u2013 Rechargeable Disposable Vape with Display\"}]},{\"@type\":\"WebSite\",\"@id\":\"https:\/\/fumot.uk\/#website\",\"url\":\"https:\/\/fumot.uk\/\",\"name\":\"Fumot Official Direct | Straight from the Factory, 100% Genuine\",\"description\":\"Official Website\",\"publisher\":{\"@id\":\"https:\/\/fumot.uk\/#organization\"},\"potentialAction\":[{\"@type\":\"SearchAction\",\"target\":{\"@type\":\"EntryPoint\",\"urlTemplate\":\"https:\/\/fumot.uk\/?s={search_term_string}\"},\"query-input\":{\"@type\":\"PropertyValueSpecification\",\"valueRequired\":true,\"valueName\":\"search_term_string\"}}],\"inLanguage\":\"da-DK\"},{\"@type\":\"Organization\",\"@id\":\"https:\/\/fumot.uk\/#organization\",\"name\":\"Fumot Official Direct | Straight from the Factory, 100% Genuine\",\"url\":\"https:\/\/fumot.uk\/\",\"logo\":{\"@type\":\"ImageObject\",\"inLanguage\":\"da-DK\",\"@id\":\"https:\/\/fumot.uk\/#\/schema\/logo\/image\/\",\"url\":\"https:\/\/fumot.uk\/wp-content\/uploads\/2026\/01\/cropped-fumot-logo1.png\",\"contentUrl\":\"https:\/\/fumot.uk\/wp-content\/uploads\/2026\/01\/cropped-fumot-logo1.png\",\"width\":152,\"height\":106,\"caption\":\"Fumot Official Direct | Straight from the Factory, 100% Genuine\"},\"image\":{\"@id\":\"https:\/\/fumot.uk\/#\/schema\/logo\/image\/\"}}]}<\/script>\n<!-- \/ Yoast SEO plugin. -->","yoast_head_json":{"title":"JNR Mega Box Pro 50000 Puffs Summer Peach | 32ml","description":"JNR Mega Box Pro 50000 Puffs Summer Peach: 32ml, Dobbelt Mesh + Dobbelt Kerne, LED-display, 850mAh Type\u2011C genopladelig. Nikotin 0%\/2%\/5%.","robots":{"index":"index","follow":"follow","max-snippet":"max-snippet:-1","max-image-preview":"max-image-preview:large","max-video-preview":"max-video-preview:-1"},"canonical":"https:\/\/fumot.uk\/da\/product\/summer-peaches-jnr-mega-box-50000-puffs\/","og_locale":"da_DK","og_type":"article","og_title":"Summer Peach \u2013 JNR Mega Box Pro 50000 Puffs (32ml)","og_description":"Juicy peach flavor with a fresh finish. Dual Mesh + Dual Core, LED display, 850mAh Type\u2011C rechargeable. Nicotine: 0%\/2%\/5%.","og_url":"https:\/\/fumot.uk\/da\/product\/summer-peaches-jnr-mega-box-50000-puffs\/","og_site_name":"Fumot Official Direct | Straight from the Factory, 100% Genuine","article_modified_time":"2026-01-21T07:01:08+00:00","og_image":[{"width":2560,"height":2560,"url":"https:\/\/fumot.uk\/wp-content\/uploads\/2026\/01\/SUMMER-PEACHES-JNR-Mega-Box-Pro-50000-Puffs-Disposable-Device-scaled-1.jpg","type":"image\/jpeg"}],"twitter_card":"summary_large_image","twitter_misc":{"Estimeret l\u00e6setid":"1 minut"},"schema":{"@context":"https:\/\/schema.org","@graph":[{"@type":"WebPage","@id":"https:\/\/fumot.uk\/product\/summer-peaches-jnr-mega-box-50000-puffs\/","url":"https:\/\/fumot.uk\/product\/summer-peaches-jnr-mega-box-50000-puffs\/","name":"JNR Mega Box Pro 50000 Puffs Summer Peach | 32ml","isPartOf":{"@id":"https:\/\/fumot.uk\/#website"},"primaryImageOfPage":{"@id":"https:\/\/fumot.uk\/product\/summer-peaches-jnr-mega-box-50000-puffs\/#primaryimage"},"image":{"@id":"https:\/\/fumot.uk\/product\/summer-peaches-jnr-mega-box-50000-puffs\/#primaryimage"},"thumbnailUrl":"https:\/\/fumot.uk\/wp-content\/uploads\/2026\/01\/SUMMER-PEACHES-JNR-Mega-Box-Pro-50000-Puffs-Disposable-Device-scaled-1.jpg","datePublished":"2026-01-21T04:08:50+00:00","dateModified":"2026-01-21T07:01:08+00:00","description":"JNR Mega Box Pro 50000 Puffs Summer Peach: 32ml, Dobbelt Mesh + Dobbelt Kerne, LED-display, 850mAh Type\u2011C genopladelig. Nikotin 0%\/2%\/5%.","breadcrumb":{"@id":"https:\/\/fumot.uk\/product\/summer-peaches-jnr-mega-box-50000-puffs\/#breadcrumb"},"inLanguage":"da-DK","potentialAction":[{"@type":"ReadAction","target":["https:\/\/fumot.uk\/product\/summer-peaches-jnr-mega-box-50000-puffs\/"]}]},{"@type":"ImageObject","inLanguage":"da-DK","@id":"https:\/\/fumot.uk\/product\/summer-peaches-jnr-mega-box-50000-puffs\/#primaryimage","url":"https:\/\/fumot.uk\/wp-content\/uploads\/2026\/01\/SUMMER-PEACHES-JNR-Mega-Box-Pro-50000-Puffs-Disposable-Device-scaled-1.jpg","contentUrl":"https:\/\/fumot.uk\/wp-content\/uploads\/2026\/01\/SUMMER-PEACHES-JNR-Mega-Box-Pro-50000-Puffs-Disposable-Device-scaled-1.jpg","width":2560,"height":2560},{"@type":"BreadcrumbList","@id":"https:\/\/fumot.uk\/product\/summer-peaches-jnr-mega-box-50000-puffs\/#breadcrumb","itemListElement":[{"@type":"ListItem","position":1,"name":"Home","item":"https:\/\/fumot.uk\/"},{"@type":"ListItem","position":2,"name":"Shop","item":"https:\/\/fumot.uk\/shop\/"},{"@type":"ListItem","position":3,"name":"JNR Mega Box Pro 50000 Puffs Summer Peach (32ml) \u2013 Rechargeable Disposable Vape with Display"}]},{"@type":"WebSite","@id":"https:\/\/fumot.uk\/#website","url":"https:\/\/fumot.uk\/","name":"Fumot Official Direct | Direkte fra fabrikken, 100% \u00c6gte","description":"Officiel hjemmeside","publisher":{"@id":"https:\/\/fumot.uk\/#organization"},"potentialAction":[{"@type":"SearchAction","target":{"@type":"EntryPoint","urlTemplate":"https:\/\/fumot.uk\/?s={search_term_string}"},"query-input":{"@type":"PropertyValueSpecification","valueRequired":true,"valueName":"search_term_string"}}],"inLanguage":"da-DK"},{"@type":"Organization","@id":"https:\/\/fumot.uk\/#organization","name":"Fumot Official Direct | Direkte fra fabrikken, 100% \u00c6gte","url":"https:\/\/fumot.uk\/","logo":{"@type":"ImageObject","inLanguage":"da-DK","@id":"https:\/\/fumot.uk\/#\/schema\/logo\/image\/","url":"https:\/\/fumot.uk\/wp-content\/uploads\/2026\/01\/cropped-fumot-logo1.png","contentUrl":"https:\/\/fumot.uk\/wp-content\/uploads\/2026\/01\/cropped-fumot-logo1.png","width":152,"height":106,"caption":"Fumot Official Direct | Straight from the Factory, 100% Genuine"},"image":{"@id":"https:\/\/fumot.uk\/#\/schema\/logo\/image\/"}}]}},"_links":{"self":[{"href":"https:\/\/fumot.uk\/da\/wp-json\/wp\/v2\/product\/4275","targetHints":{"allow":["GET"]}}],"collection":[{"href":"https:\/\/fumot.uk\/da\/wp-json\/wp\/v2\/product"}],"about":[{"href":"https:\/\/fumot.uk\/da\/wp-json\/wp\/v2\/types\/product"}],"replies":[{"embeddable":true,"href":"https:\/\/fumot.uk\/da\/wp-json\/wp\/v2\/comments?post=4275"}],"wp:featuredmedia":[{"embeddable":true,"href":"https:\/\/fumot.uk\/da\/wp-json\/wp\/v2\/media\/4323"}],"wp:attachment":[{"href":"https:\/\/fumot.uk\/da\/wp-json\/wp\/v2\/media?parent=4275"}],"wp:term":[{"taxonomy":"product_brand","embeddable":true,"href":"https:\/\/fumot.uk\/da\/wp-json\/wp\/v2\/product_brand?post=4275"},{"taxonomy":"product_cat","embeddable":true,"href":"https:\/\/fumot.uk\/da\/wp-json\/wp\/v2\/product_cat?post=4275"},{"taxonomy":"product_tag","embeddable":true,"href":"https:\/\/fumot.uk\/da\/wp-json\/wp\/v2\/product_tag?post=4275"}],"curies":[{"name":"wp","href":"https:\/\/api.w.org\/{rel}","templated":true}]}}