{"id":4266,"date":"2026-01-21T04:08:48","date_gmt":"2026-01-21T04:08:48","guid":{"rendered":"https:\/\/fumot.uk\/?post_type=product&#038;p=4266"},"modified":"2026-01-21T07:08:32","modified_gmt":"2026-01-21T07:08:32","slug":"fresh-strawberry-jnr-mega-box-50000-puffs","status":"publish","type":"product","link":"https:\/\/fumot.uk\/da\/product\/fresh-strawberry-jnr-mega-box-50000-puffs\/","title":{"rendered":"JNR Mega Box Pro 50000 Puffs Frisk Jordb\u00e6r (32ml, 850mAh, Type\u2011C, Dual Mesh) \u2013 Engangs Vape"},"content":{"rendered":"<h2>JNR Mega Box Pro 50000 Puffs \u2013 Frisk Jordb\u00e6r<\/h2>\n<p>M\u00f8d en jordb\u00e6rprofil, der forbliver lys fra det f\u00f8rste sug til det sidste: <strong>JNR Mega Box Pro 50000 Puffs Frisk Jordb\u00e6r<\/strong> blander s\u00f8de, saftige b\u00e6rnoter med en ren, forfriskende afslutning. Det er frugtagtigt, glat og afbalanceret\u2014perfekt, hvis du \u00f8nsker en klar jordb\u00e6rsmag, der ikke f\u00f8les overv\u00e6ldende.<\/p>\n<h3>Frisk Jordb\u00e6rsmag: s\u00f8d, saftig, forfriskende<\/h3>\n<p><strong>Frisk Jordb\u00e6r<\/strong> leverer en levende jordb\u00e6raroma med en let k\u00f8lende, frisk kant. Resultatet er en nem hele-dagen-smag\u2014naturligt s\u00f8d, behageligt afrundet og konsekvent forn\u00f8jelig.<\/p>\n<h3>Designet til at se premium ud, bygget til at pr\u00e6stere<\/h3>\n<p>Den <strong>m\u00f8rk metal krop<\/strong> med subtil tekstur f\u00f8les solid og raffineret i h\u00e5nden, mens <strong>minimalistiske linjer<\/strong> og <strong>klart LED-display<\/strong> holder alt moderne og funktionelt. Det er en engangsvape, der ser lige s\u00e5 godt ud, som den damper.<\/p>\n<h3>Glat damp med Dual Mesh &amp; Dual Core<\/h3>\n<p>Drevet af <strong>Dual Mesh Coil<\/strong> og <strong>Dual Core teknologi<\/strong>, denne enhed er lavet til t\u00e6t, men blid damp og ren smagslevering\u2014hj\u00e6lper jordb\u00e6rnoterne med at komme igennem skarpt og fyldigt.<\/p>\n<h3>N\u00f8glefunktioner<\/h3>\n<ul>\n<li><strong>Sug:<\/strong> op til 50000<\/li>\n<li><strong>E\u2011v\u00e6ske kapacitet:<\/strong> 32ml<\/li>\n<li><strong>Batteri:<\/strong> 850mAh (genopladelig)<\/li>\n<li><strong>Opladning:<\/strong> Type\u2011C<\/li>\n<li><strong>Spole:<\/strong> Dobbelt Mesh Coil &amp; Dual Core<\/li>\n<li><strong>Display:<\/strong> e-v\u00e6ske niveau &amp; batteristatus<\/li>\n<li><strong>Nikotinmuligheder:<\/strong> 0% \/ 2% \/ 5%<\/li>\n<\/ul>\n<h3>Udforsk mere p\u00e5 fumot.uk<\/h3>\n<p>Leder du efter andre langvarige smage og enheder? Gennemse vores fulde samling af <a href=\"https:\/\/fumot.uk\/da\/\" target=\"_blank\" rel=\"noopener\">engangs-vapes p\u00e5 fumot.uk<\/a>.<\/p>\n<p><em>Bem\u00e6rk: Antallet af sug kan variere afh\u00e6ngigt af brugerstil.<\/em><\/p>","protected":false},"excerpt":{"rendered":"<p>JNR Mega Box Pro Fresh Strawberry engangs-vape med op til 50000 sug, 32ml e\u2011v\u00e6ske, 850mAh genopladeligt batteri, Type\u2011C opladning, Dual Mesh\/Dual Core og LED-display. Nikotin: 0%\/2%\/5%.<\/p>","protected":false},"featured_media":4314,"comment_status":"open","ping_status":"closed","template":"","meta":[],"product_brand":[],"product_cat":[110,214,17],"product_tag":[84,70,167,71,20,72,23,73,26,37,28],"class_list":{"0":"post-4266","1":"product","2":"type-product","3":"status-publish","4":"has-post-thumbnail","6":"product_cat-50000-puff","7":"product_cat-jnr-mega-box-pro-50000-puffs","8":"product_cat-vape","9":"product_tag-0-nikotin","10":"product_tag-2-nikotin","11":"product_tag-32ml","12":"product_tag-5-nikotin","13":"product_tag-850mah","14":"product_tag-direct-to-lung","15":"product_tag-display","16":"product_tag-dual-mesh","17":"product_tag-rechargeable","18":"product_tag-strawberry","19":"product_tag-type-c","21":"first","22":"instock","23":"sale","24":"shipping-taxable","25":"purchasable","26":"product-type-variable","27":"has-default-attributes"},"yoast_head":"<!-- This site is optimized with the Yoast SEO plugin v26.8 - https:\/\/yoast.com\/product\/yoast-seo-wordpress\/ -->\n<title>JNR Mega Box Pro 50000 Puffs Fresh Strawberry | fumot.uk<\/title>\n<meta name=\"description\" content=\"Fresh Strawberry JNR Mega Box Pro: up to 50000 puffs, 32ml e\u2011liquid, 850mAh rechargeable, Type\u2011C, Dual Mesh\/Dual Core, LED display. 0\/2\/5% nicotine.\" \/>\n<meta name=\"robots\" content=\"index, follow, max-snippet:-1, max-image-preview:large, max-video-preview:-1\" \/>\n<link rel=\"canonical\" href=\"https:\/\/fumot.uk\/da\/product\/fresh-strawberry-jnr-mega-box-50000-puffs\/\" \/>\n<meta property=\"og:locale\" content=\"da_DK\" \/>\n<meta property=\"og:type\" content=\"article\" \/>\n<meta property=\"og:title\" content=\"Fresh Strawberry \u2013 JNR Mega Box Pro 50000 Puffs\" \/>\n<meta property=\"og:description\" content=\"Sweet, juicy strawberry with a fresh finish. 32ml, 850mAh rechargeable, Type\u2011C, Dual Mesh\/Dual Core, LED display. Nicotine options: 0\/2\/5%.\" \/>\n<meta property=\"og:url\" content=\"https:\/\/fumot.uk\/da\/product\/fresh-strawberry-jnr-mega-box-50000-puffs\/\" \/>\n<meta property=\"og:site_name\" content=\"Fumot Official Direct | Straight from the Factory, 100% Genuine\" \/>\n<meta property=\"article:modified_time\" content=\"2026-01-21T07:08:32+00:00\" \/>\n<meta property=\"og:image\" content=\"https:\/\/fumot.uk\/wp-content\/uploads\/2026\/01\/FRESH-STRAWBERRY-JNR-Mega-Box-Pro-50000-Puffs-Disposble-Device-scaled-1.jpg\" \/>\n\t<meta property=\"og:image:width\" content=\"2560\" \/>\n\t<meta property=\"og:image:height\" content=\"2560\" \/>\n\t<meta property=\"og:image:type\" content=\"image\/jpeg\" \/>\n<meta name=\"twitter:card\" content=\"summary_large_image\" \/>\n<meta name=\"twitter:label1\" content=\"Estimeret l\u00e6setid\" \/>\n\t<meta name=\"twitter:data1\" content=\"1 minut\" \/>\n<script type=\"application\/ld+json\" class=\"yoast-schema-graph\">{\"@context\":\"https:\/\/schema.org\",\"@graph\":[{\"@type\":\"WebPage\",\"@id\":\"https:\/\/fumot.uk\/product\/fresh-strawberry-jnr-mega-box-50000-puffs\/\",\"url\":\"https:\/\/fumot.uk\/product\/fresh-strawberry-jnr-mega-box-50000-puffs\/\",\"name\":\"JNR Mega Box Pro 50000 Puffs Fresh Strawberry | fumot.uk\",\"isPartOf\":{\"@id\":\"https:\/\/fumot.uk\/#website\"},\"primaryImageOfPage\":{\"@id\":\"https:\/\/fumot.uk\/product\/fresh-strawberry-jnr-mega-box-50000-puffs\/#primaryimage\"},\"image\":{\"@id\":\"https:\/\/fumot.uk\/product\/fresh-strawberry-jnr-mega-box-50000-puffs\/#primaryimage\"},\"thumbnailUrl\":\"https:\/\/fumot.uk\/wp-content\/uploads\/2026\/01\/FRESH-STRAWBERRY-JNR-Mega-Box-Pro-50000-Puffs-Disposble-Device-scaled-1.jpg\",\"datePublished\":\"2026-01-21T04:08:48+00:00\",\"dateModified\":\"2026-01-21T07:08:32+00:00\",\"description\":\"Fresh Strawberry JNR Mega Box Pro: up to 50000 puffs, 32ml e\u2011liquid, 850mAh rechargeable, Type\u2011C, Dual Mesh\/Dual Core, LED display. 0\/2\/5% nicotine.\",\"breadcrumb\":{\"@id\":\"https:\/\/fumot.uk\/product\/fresh-strawberry-jnr-mega-box-50000-puffs\/#breadcrumb\"},\"inLanguage\":\"da-DK\",\"potentialAction\":[{\"@type\":\"ReadAction\",\"target\":[\"https:\/\/fumot.uk\/product\/fresh-strawberry-jnr-mega-box-50000-puffs\/\"]}]},{\"@type\":\"ImageObject\",\"inLanguage\":\"da-DK\",\"@id\":\"https:\/\/fumot.uk\/product\/fresh-strawberry-jnr-mega-box-50000-puffs\/#primaryimage\",\"url\":\"https:\/\/fumot.uk\/wp-content\/uploads\/2026\/01\/FRESH-STRAWBERRY-JNR-Mega-Box-Pro-50000-Puffs-Disposble-Device-scaled-1.jpg\",\"contentUrl\":\"https:\/\/fumot.uk\/wp-content\/uploads\/2026\/01\/FRESH-STRAWBERRY-JNR-Mega-Box-Pro-50000-Puffs-Disposble-Device-scaled-1.jpg\",\"width\":2560,\"height\":2560},{\"@type\":\"BreadcrumbList\",\"@id\":\"https:\/\/fumot.uk\/product\/fresh-strawberry-jnr-mega-box-50000-puffs\/#breadcrumb\",\"itemListElement\":[{\"@type\":\"ListItem\",\"position\":1,\"name\":\"Home\",\"item\":\"https:\/\/fumot.uk\/\"},{\"@type\":\"ListItem\",\"position\":2,\"name\":\"Shop\",\"item\":\"https:\/\/fumot.uk\/shop\/\"},{\"@type\":\"ListItem\",\"position\":3,\"name\":\"JNR Mega Box Pro 50000 Puffs Fresh Strawberry (32ml, 850mAh, Type\u2011C, Dual Mesh) \u2013 Disposable Vape\"}]},{\"@type\":\"WebSite\",\"@id\":\"https:\/\/fumot.uk\/#website\",\"url\":\"https:\/\/fumot.uk\/\",\"name\":\"Fumot Official Direct | Straight from the Factory, 100% Genuine\",\"description\":\"Official Website\",\"publisher\":{\"@id\":\"https:\/\/fumot.uk\/#organization\"},\"potentialAction\":[{\"@type\":\"SearchAction\",\"target\":{\"@type\":\"EntryPoint\",\"urlTemplate\":\"https:\/\/fumot.uk\/?s={search_term_string}\"},\"query-input\":{\"@type\":\"PropertyValueSpecification\",\"valueRequired\":true,\"valueName\":\"search_term_string\"}}],\"inLanguage\":\"da-DK\"},{\"@type\":\"Organization\",\"@id\":\"https:\/\/fumot.uk\/#organization\",\"name\":\"Fumot Official Direct | Straight from the Factory, 100% Genuine\",\"url\":\"https:\/\/fumot.uk\/\",\"logo\":{\"@type\":\"ImageObject\",\"inLanguage\":\"da-DK\",\"@id\":\"https:\/\/fumot.uk\/#\/schema\/logo\/image\/\",\"url\":\"https:\/\/fumot.uk\/wp-content\/uploads\/2026\/01\/cropped-fumot-logo1.png\",\"contentUrl\":\"https:\/\/fumot.uk\/wp-content\/uploads\/2026\/01\/cropped-fumot-logo1.png\",\"width\":152,\"height\":106,\"caption\":\"Fumot Official Direct | Straight from the Factory, 100% Genuine\"},\"image\":{\"@id\":\"https:\/\/fumot.uk\/#\/schema\/logo\/image\/\"}}]}<\/script>\n<!-- \/ Yoast SEO plugin. -->","yoast_head_json":{"title":"JNR Mega Box Pro 50000 Puffs Fresh Strawberry | fumot.uk","description":"Frisk Jordb\u00e6r JNR Mega Box Pro: op til 50000 sug, 32ml e\u2011v\u00e6ske, 850mAh genopladelig, Type\u2011C, Dobbelt Mesh\/Dobbelt Kerne, LED display. 0\/2\/5% nikotin.","robots":{"index":"index","follow":"follow","max-snippet":"max-snippet:-1","max-image-preview":"max-image-preview:large","max-video-preview":"max-video-preview:-1"},"canonical":"https:\/\/fumot.uk\/da\/product\/fresh-strawberry-jnr-mega-box-50000-puffs\/","og_locale":"da_DK","og_type":"article","og_title":"Fresh Strawberry \u2013 JNR Mega Box Pro 50000 Puffs","og_description":"Sweet, juicy strawberry with a fresh finish. 32ml, 850mAh rechargeable, Type\u2011C, Dual Mesh\/Dual Core, LED display. Nicotine options: 0\/2\/5%.","og_url":"https:\/\/fumot.uk\/da\/product\/fresh-strawberry-jnr-mega-box-50000-puffs\/","og_site_name":"Fumot Official Direct | Straight from the Factory, 100% Genuine","article_modified_time":"2026-01-21T07:08:32+00:00","og_image":[{"width":2560,"height":2560,"url":"https:\/\/fumot.uk\/wp-content\/uploads\/2026\/01\/FRESH-STRAWBERRY-JNR-Mega-Box-Pro-50000-Puffs-Disposble-Device-scaled-1.jpg","type":"image\/jpeg"}],"twitter_card":"summary_large_image","twitter_misc":{"Estimeret l\u00e6setid":"1 minut"},"schema":{"@context":"https:\/\/schema.org","@graph":[{"@type":"WebPage","@id":"https:\/\/fumot.uk\/product\/fresh-strawberry-jnr-mega-box-50000-puffs\/","url":"https:\/\/fumot.uk\/product\/fresh-strawberry-jnr-mega-box-50000-puffs\/","name":"JNR Mega Box Pro 50000 Puffs Fresh Strawberry | fumot.uk","isPartOf":{"@id":"https:\/\/fumot.uk\/#website"},"primaryImageOfPage":{"@id":"https:\/\/fumot.uk\/product\/fresh-strawberry-jnr-mega-box-50000-puffs\/#primaryimage"},"image":{"@id":"https:\/\/fumot.uk\/product\/fresh-strawberry-jnr-mega-box-50000-puffs\/#primaryimage"},"thumbnailUrl":"https:\/\/fumot.uk\/wp-content\/uploads\/2026\/01\/FRESH-STRAWBERRY-JNR-Mega-Box-Pro-50000-Puffs-Disposble-Device-scaled-1.jpg","datePublished":"2026-01-21T04:08:48+00:00","dateModified":"2026-01-21T07:08:32+00:00","description":"Frisk Jordb\u00e6r JNR Mega Box Pro: op til 50000 sug, 32ml e\u2011v\u00e6ske, 850mAh genopladelig, Type\u2011C, Dobbelt Mesh\/Dobbelt Kerne, LED display. 0\/2\/5% nikotin.","breadcrumb":{"@id":"https:\/\/fumot.uk\/product\/fresh-strawberry-jnr-mega-box-50000-puffs\/#breadcrumb"},"inLanguage":"da-DK","potentialAction":[{"@type":"ReadAction","target":["https:\/\/fumot.uk\/product\/fresh-strawberry-jnr-mega-box-50000-puffs\/"]}]},{"@type":"ImageObject","inLanguage":"da-DK","@id":"https:\/\/fumot.uk\/product\/fresh-strawberry-jnr-mega-box-50000-puffs\/#primaryimage","url":"https:\/\/fumot.uk\/wp-content\/uploads\/2026\/01\/FRESH-STRAWBERRY-JNR-Mega-Box-Pro-50000-Puffs-Disposble-Device-scaled-1.jpg","contentUrl":"https:\/\/fumot.uk\/wp-content\/uploads\/2026\/01\/FRESH-STRAWBERRY-JNR-Mega-Box-Pro-50000-Puffs-Disposble-Device-scaled-1.jpg","width":2560,"height":2560},{"@type":"BreadcrumbList","@id":"https:\/\/fumot.uk\/product\/fresh-strawberry-jnr-mega-box-50000-puffs\/#breadcrumb","itemListElement":[{"@type":"ListItem","position":1,"name":"Home","item":"https:\/\/fumot.uk\/"},{"@type":"ListItem","position":2,"name":"Shop","item":"https:\/\/fumot.uk\/shop\/"},{"@type":"ListItem","position":3,"name":"JNR Mega Box Pro 50000 Puffs Fresh Strawberry (32ml, 850mAh, Type\u2011C, Dual Mesh) \u2013 Disposable Vape"}]},{"@type":"WebSite","@id":"https:\/\/fumot.uk\/#website","url":"https:\/\/fumot.uk\/","name":"Fumot Official Direct | Direkte fra fabrikken, 100% \u00c6gte","description":"Officiel hjemmeside","publisher":{"@id":"https:\/\/fumot.uk\/#organization"},"potentialAction":[{"@type":"SearchAction","target":{"@type":"EntryPoint","urlTemplate":"https:\/\/fumot.uk\/?s={search_term_string}"},"query-input":{"@type":"PropertyValueSpecification","valueRequired":true,"valueName":"search_term_string"}}],"inLanguage":"da-DK"},{"@type":"Organization","@id":"https:\/\/fumot.uk\/#organization","name":"Fumot Official Direct | Direkte fra fabrikken, 100% \u00c6gte","url":"https:\/\/fumot.uk\/","logo":{"@type":"ImageObject","inLanguage":"da-DK","@id":"https:\/\/fumot.uk\/#\/schema\/logo\/image\/","url":"https:\/\/fumot.uk\/wp-content\/uploads\/2026\/01\/cropped-fumot-logo1.png","contentUrl":"https:\/\/fumot.uk\/wp-content\/uploads\/2026\/01\/cropped-fumot-logo1.png","width":152,"height":106,"caption":"Fumot Official Direct | Straight from the Factory, 100% Genuine"},"image":{"@id":"https:\/\/fumot.uk\/#\/schema\/logo\/image\/"}}]}},"_links":{"self":[{"href":"https:\/\/fumot.uk\/da\/wp-json\/wp\/v2\/product\/4266","targetHints":{"allow":["GET"]}}],"collection":[{"href":"https:\/\/fumot.uk\/da\/wp-json\/wp\/v2\/product"}],"about":[{"href":"https:\/\/fumot.uk\/da\/wp-json\/wp\/v2\/types\/product"}],"replies":[{"embeddable":true,"href":"https:\/\/fumot.uk\/da\/wp-json\/wp\/v2\/comments?post=4266"}],"wp:featuredmedia":[{"embeddable":true,"href":"https:\/\/fumot.uk\/da\/wp-json\/wp\/v2\/media\/4314"}],"wp:attachment":[{"href":"https:\/\/fumot.uk\/da\/wp-json\/wp\/v2\/media?parent=4266"}],"wp:term":[{"taxonomy":"product_brand","embeddable":true,"href":"https:\/\/fumot.uk\/da\/wp-json\/wp\/v2\/product_brand?post=4266"},{"taxonomy":"product_cat","embeddable":true,"href":"https:\/\/fumot.uk\/da\/wp-json\/wp\/v2\/product_cat?post=4266"},{"taxonomy":"product_tag","embeddable":true,"href":"https:\/\/fumot.uk\/da\/wp-json\/wp\/v2\/product_tag?post=4266"}],"curies":[{"name":"wp","href":"https:\/\/api.w.org\/{rel}","templated":true}]}}