{"id":4265,"date":"2026-01-21T04:08:48","date_gmt":"2026-01-21T04:08:48","guid":{"rendered":"https:\/\/fumot.uk\/?post_type=product&#038;p=4265"},"modified":"2026-01-21T07:07:16","modified_gmt":"2026-01-21T07:07:16","slug":"strawberry-raspberry-cherry-ice-jnr-mega-box-50000-puffs","status":"publish","type":"product","link":"https:\/\/fumot.uk\/da\/product\/strawberry-raspberry-cherry-ice-jnr-mega-box-50000-puffs\/","title":{"rendered":"JNR Mega Box Pro 50000 Puffs Jordb\u00e6r Hindb\u00e6r Kirseb\u00e6r Is (32ml, Genopladelig, Display)"},"content":{"rendered":"<h2>JNR Mega Box Pro 50000 Puffs \u2013 Jordb\u00e6r Hindb\u00e6r Kirseb\u00e6r Is<\/h2>\n<p>Forvandl hvert sug til et lyst, iskoldt frugt\u00f8jeblik. Den <strong>JNR Mega Box Pro 50000 Puffs Jordb\u00e6r Hindb\u00e6r Kirseb\u00e6r Is<\/strong> blander <strong>s\u00f8dt jordb\u00e6r<\/strong>, <strong>saftige hindb\u00e6r<\/strong>, og <strong>modne kirseb\u00e6r<\/strong>, afsluttet med en ren <strong>is-kold ud\u00e5nding<\/strong>. Resultatet er lagdelt og forfriskende\u2014frugtagtig foran, glat afk\u00f8let til sidst.<\/p>\n<h3>Smagsprofil<\/h3>\n<ul>\n<li><strong>Ind\u00e5nding:<\/strong> Jordb\u00e6r s\u00f8dme med livlig hindb\u00e6r<\/li>\n<li><strong>Midt:<\/strong> Rundet kirseb\u00e6rnote tilf\u00f8jer dybde<\/li>\n<li><strong>Afslutning:<\/strong> Spr\u00f8d iseffekt\u2014k\u00f8lig, ikke overv\u00e6ldende<\/li>\n<\/ul>\n<h3>Designet til at F\u00f8les Premium, Bygget til at Pr\u00e6stere<\/h3>\n<p>Med sin m\u00f8rke metalliske krop og rene, minimalistiske linjer ser Mega Box Pro moderne ud og f\u00f8les solid i h\u00e5nden. En klar <strong>LED display<\/strong> hj\u00e6lper dig med at holde styr p\u00e5 <strong>batteri<\/strong> og <strong>e-v\u00e6ske niveau<\/strong>, s\u00e5 oplevelsen forbliver enkel og forudsigelig.<\/p>\n<h3>Hvorfor du vil kunne lide det<\/h3>\n<ul>\n<li><strong>32ml e-v\u00e6ske kapacitet<\/strong> for langvarig smag<\/li>\n<li><strong>Dual Mesh Coil + Dual Core<\/strong> for glat, t\u00e6t damp og ensartet smag<\/li>\n<li><strong>850mAh genopladeligt batteri<\/strong> med <strong>Type-C<\/strong> opladning<\/li>\n<li>Tilg\u00e6ngelige nikotinmuligheder: <strong>0%<\/strong>, <strong>2%<\/strong>, <strong>5%<\/strong><\/li>\n<\/ul>\n<h3>Specifikationer<\/h3>\n<ul>\n<li><strong>Produkt:<\/strong> JNR Mega Box Pro<\/li>\n<li><strong>Sug:<\/strong> Op til 50000<\/li>\n<li><strong>Smag:<\/strong> Jordb\u00e6r Hindb\u00e6r Kirseb\u00e6r Is<\/li>\n<li><strong>E-V\u00e6ske:<\/strong> <a href=\"https:\/\/fumot.uk\/da\/product-tag\/32ml\/\">32ml<\/a><\/li>\n<li><strong>Spole:<\/strong> Dobbelt Mesh Coil &amp; Dual Core<\/li>\n<li><strong>Batteri:<\/strong> 850mAh (Genopladelig)<\/li>\n<li><strong>Opladning:<\/strong> Type-C<\/li>\n<li><strong>Display:<\/strong> E-v\u00e6ske &amp; batteristatus display<\/li>\n<li><strong>Nikotinstyrke:<\/strong> 0% \/ 2% \/ 5%<\/li>\n<\/ul>\n<p>Udforsk flere smagsvarianter og det fulde udvalg af engangsprodukter med h\u00f8j kapacitet p\u00e5 <a href=\"https:\/\/fumot.uk\/da\/\">fumot.uk<\/a>.<\/p>","protected":false},"excerpt":{"rendered":"<p>JNR Mega Box Pro 50000 Puffs i Jordb\u00e6r Hindb\u00e6r Kirseb\u00e6r Is\u2014s\u00f8de b\u00e6r, rig kirseb\u00e6r og en spr\u00f8d isafslutning. 32ml, dobbelt mesh coil, LED-display, 850mAh Type\u2011C genopladelig. Nikotin: 0%\/2%\/5%.<\/p>","protected":false},"featured_media":4295,"comment_status":"open","ping_status":"closed","template":"","meta":[],"product_brand":[],"product_cat":[110,214,17],"product_tag":[84,70,167,71,20,36,72,23,73,29,34,26,37,28],"class_list":{"0":"post-4265","1":"product","2":"type-product","3":"status-publish","4":"has-post-thumbnail","6":"product_cat-50000-puff","7":"product_cat-jnr-mega-box-pro-50000-puffs","8":"product_cat-vape","9":"product_tag-0-nikotin","10":"product_tag-2-nikotin","11":"product_tag-32ml","12":"product_tag-5-nikotin","13":"product_tag-850mah","14":"product_tag-cherry","15":"product_tag-direct-to-lung","16":"product_tag-display","17":"product_tag-dual-mesh","18":"product_tag-ice","19":"product_tag-raspberry","20":"product_tag-rechargeable","21":"product_tag-strawberry","22":"product_tag-type-c","24":"first","25":"instock","26":"sale","27":"shipping-taxable","28":"purchasable","29":"product-type-variable","30":"has-default-attributes"},"yoast_head":"<!-- This site is optimized with the Yoast SEO plugin v26.8 - https:\/\/yoast.com\/product\/yoast-seo-wordpress\/ -->\n<title>JNR Mega Box Pro 50000 Strawberry Raspberry Cherry Ice<\/title>\n<meta name=\"description\" content=\"JNR Mega Box Pro 50000 Puffs Strawberry Raspberry Cherry Ice. 32ml e-liquid, dual mesh coil, LED display, 850mAh Type\u2011C rechargeable. 0\/2\/5% nicotine.\" \/>\n<meta name=\"robots\" content=\"index, follow, max-snippet:-1, max-image-preview:large, max-video-preview:-1\" \/>\n<link rel=\"canonical\" href=\"https:\/\/fumot.uk\/da\/product\/strawberry-raspberry-cherry-ice-jnr-mega-box-50000-puffs\/\" \/>\n<meta property=\"og:locale\" content=\"da_DK\" \/>\n<meta property=\"og:type\" content=\"article\" \/>\n<meta property=\"og:title\" content=\"Strawberry Raspberry Cherry Ice \u2013 JNR Mega Box Pro 50000\" \/>\n<meta property=\"og:description\" content=\"A bright blend of strawberry, raspberry and cherry with a crisp ice finish. 32ml, dual mesh coil, LED display, 850mAh Type\u2011C rechargeable. 0\/2\/5% nicotine.\" \/>\n<meta property=\"og:url\" content=\"https:\/\/fumot.uk\/da\/product\/strawberry-raspberry-cherry-ice-jnr-mega-box-50000-puffs\/\" \/>\n<meta property=\"og:site_name\" content=\"Fumot Official Direct | Straight from the Factory, 100% Genuine\" \/>\n<meta property=\"article:modified_time\" content=\"2026-01-21T07:07:16+00:00\" \/>\n<meta property=\"og:image\" content=\"https:\/\/fumot.uk\/wp-content\/uploads\/2026\/01\/STRAWBERRY-RASPBERRY-CHERRY-ICE-JNR-Mega-Box-Pro-50000-Puffs-Disposable-Device-scaled-1.jpg\" \/>\n\t<meta property=\"og:image:width\" content=\"2560\" \/>\n\t<meta property=\"og:image:height\" content=\"2560\" \/>\n\t<meta property=\"og:image:type\" content=\"image\/jpeg\" \/>\n<meta name=\"twitter:card\" content=\"summary_large_image\" \/>\n<meta name=\"twitter:label1\" content=\"Estimeret l\u00e6setid\" \/>\n\t<meta name=\"twitter:data1\" content=\"1 minut\" \/>\n<script type=\"application\/ld+json\" class=\"yoast-schema-graph\">{\"@context\":\"https:\/\/schema.org\",\"@graph\":[{\"@type\":\"WebPage\",\"@id\":\"https:\/\/fumot.uk\/product\/strawberry-raspberry-cherry-ice-jnr-mega-box-50000-puffs\/\",\"url\":\"https:\/\/fumot.uk\/product\/strawberry-raspberry-cherry-ice-jnr-mega-box-50000-puffs\/\",\"name\":\"JNR Mega Box Pro 50000 Strawberry Raspberry Cherry Ice\",\"isPartOf\":{\"@id\":\"https:\/\/fumot.uk\/#website\"},\"primaryImageOfPage\":{\"@id\":\"https:\/\/fumot.uk\/product\/strawberry-raspberry-cherry-ice-jnr-mega-box-50000-puffs\/#primaryimage\"},\"image\":{\"@id\":\"https:\/\/fumot.uk\/product\/strawberry-raspberry-cherry-ice-jnr-mega-box-50000-puffs\/#primaryimage\"},\"thumbnailUrl\":\"https:\/\/fumot.uk\/wp-content\/uploads\/2026\/01\/STRAWBERRY-RASPBERRY-CHERRY-ICE-JNR-Mega-Box-Pro-50000-Puffs-Disposable-Device-scaled-1.jpg\",\"datePublished\":\"2026-01-21T04:08:48+00:00\",\"dateModified\":\"2026-01-21T07:07:16+00:00\",\"description\":\"JNR Mega Box Pro 50000 Puffs Strawberry Raspberry Cherry Ice. 32ml e-liquid, dual mesh coil, LED display, 850mAh Type\u2011C rechargeable. 0\/2\/5% nicotine.\",\"breadcrumb\":{\"@id\":\"https:\/\/fumot.uk\/product\/strawberry-raspberry-cherry-ice-jnr-mega-box-50000-puffs\/#breadcrumb\"},\"inLanguage\":\"da-DK\",\"potentialAction\":[{\"@type\":\"ReadAction\",\"target\":[\"https:\/\/fumot.uk\/product\/strawberry-raspberry-cherry-ice-jnr-mega-box-50000-puffs\/\"]}]},{\"@type\":\"ImageObject\",\"inLanguage\":\"da-DK\",\"@id\":\"https:\/\/fumot.uk\/product\/strawberry-raspberry-cherry-ice-jnr-mega-box-50000-puffs\/#primaryimage\",\"url\":\"https:\/\/fumot.uk\/wp-content\/uploads\/2026\/01\/STRAWBERRY-RASPBERRY-CHERRY-ICE-JNR-Mega-Box-Pro-50000-Puffs-Disposable-Device-scaled-1.jpg\",\"contentUrl\":\"https:\/\/fumot.uk\/wp-content\/uploads\/2026\/01\/STRAWBERRY-RASPBERRY-CHERRY-ICE-JNR-Mega-Box-Pro-50000-Puffs-Disposable-Device-scaled-1.jpg\",\"width\":2560,\"height\":2560},{\"@type\":\"BreadcrumbList\",\"@id\":\"https:\/\/fumot.uk\/product\/strawberry-raspberry-cherry-ice-jnr-mega-box-50000-puffs\/#breadcrumb\",\"itemListElement\":[{\"@type\":\"ListItem\",\"position\":1,\"name\":\"Home\",\"item\":\"https:\/\/fumot.uk\/\"},{\"@type\":\"ListItem\",\"position\":2,\"name\":\"Shop\",\"item\":\"https:\/\/fumot.uk\/shop\/\"},{\"@type\":\"ListItem\",\"position\":3,\"name\":\"JNR Mega Box Pro 50000 Puffs Strawberry Raspberry Cherry Ice (32ml, Rechargeable, Display)\"}]},{\"@type\":\"WebSite\",\"@id\":\"https:\/\/fumot.uk\/#website\",\"url\":\"https:\/\/fumot.uk\/\",\"name\":\"Fumot Official Direct | Straight from the Factory, 100% Genuine\",\"description\":\"Official Website\",\"publisher\":{\"@id\":\"https:\/\/fumot.uk\/#organization\"},\"potentialAction\":[{\"@type\":\"SearchAction\",\"target\":{\"@type\":\"EntryPoint\",\"urlTemplate\":\"https:\/\/fumot.uk\/?s={search_term_string}\"},\"query-input\":{\"@type\":\"PropertyValueSpecification\",\"valueRequired\":true,\"valueName\":\"search_term_string\"}}],\"inLanguage\":\"da-DK\"},{\"@type\":\"Organization\",\"@id\":\"https:\/\/fumot.uk\/#organization\",\"name\":\"Fumot Official Direct | Straight from the Factory, 100% Genuine\",\"url\":\"https:\/\/fumot.uk\/\",\"logo\":{\"@type\":\"ImageObject\",\"inLanguage\":\"da-DK\",\"@id\":\"https:\/\/fumot.uk\/#\/schema\/logo\/image\/\",\"url\":\"https:\/\/fumot.uk\/wp-content\/uploads\/2026\/01\/cropped-fumot-logo1.png\",\"contentUrl\":\"https:\/\/fumot.uk\/wp-content\/uploads\/2026\/01\/cropped-fumot-logo1.png\",\"width\":152,\"height\":106,\"caption\":\"Fumot Official Direct | Straight from the Factory, 100% Genuine\"},\"image\":{\"@id\":\"https:\/\/fumot.uk\/#\/schema\/logo\/image\/\"}}]}<\/script>\n<!-- \/ Yoast SEO plugin. -->","yoast_head_json":{"title":"JNR Mega Box Pro 50000 Jordb\u00e6r Hindb\u00e6r Kirseb\u00e6r Is","description":"JNR Mega Box Pro 50000 Puffs Jordb\u00e6r Hindb\u00e6r Kirseb\u00e6r Is. 32ml e-v\u00e6ske, dobbelt mesh coil, LED display, 850mAh Type\u2011C genopladelig. 0\/2\/5% nikotin.","robots":{"index":"index","follow":"follow","max-snippet":"max-snippet:-1","max-image-preview":"max-image-preview:large","max-video-preview":"max-video-preview:-1"},"canonical":"https:\/\/fumot.uk\/da\/product\/strawberry-raspberry-cherry-ice-jnr-mega-box-50000-puffs\/","og_locale":"da_DK","og_type":"article","og_title":"Strawberry Raspberry Cherry Ice \u2013 JNR Mega Box Pro 50000","og_description":"A bright blend of strawberry, raspberry and cherry with a crisp ice finish. 32ml, dual mesh coil, LED display, 850mAh Type\u2011C rechargeable. 0\/2\/5% nicotine.","og_url":"https:\/\/fumot.uk\/da\/product\/strawberry-raspberry-cherry-ice-jnr-mega-box-50000-puffs\/","og_site_name":"Fumot Official Direct | Straight from the Factory, 100% Genuine","article_modified_time":"2026-01-21T07:07:16+00:00","og_image":[{"width":2560,"height":2560,"url":"https:\/\/fumot.uk\/wp-content\/uploads\/2026\/01\/STRAWBERRY-RASPBERRY-CHERRY-ICE-JNR-Mega-Box-Pro-50000-Puffs-Disposable-Device-scaled-1.jpg","type":"image\/jpeg"}],"twitter_card":"summary_large_image","twitter_misc":{"Estimeret l\u00e6setid":"1 minut"},"schema":{"@context":"https:\/\/schema.org","@graph":[{"@type":"WebPage","@id":"https:\/\/fumot.uk\/product\/strawberry-raspberry-cherry-ice-jnr-mega-box-50000-puffs\/","url":"https:\/\/fumot.uk\/product\/strawberry-raspberry-cherry-ice-jnr-mega-box-50000-puffs\/","name":"JNR Mega Box Pro 50000 Jordb\u00e6r Hindb\u00e6r Kirseb\u00e6r Is","isPartOf":{"@id":"https:\/\/fumot.uk\/#website"},"primaryImageOfPage":{"@id":"https:\/\/fumot.uk\/product\/strawberry-raspberry-cherry-ice-jnr-mega-box-50000-puffs\/#primaryimage"},"image":{"@id":"https:\/\/fumot.uk\/product\/strawberry-raspberry-cherry-ice-jnr-mega-box-50000-puffs\/#primaryimage"},"thumbnailUrl":"https:\/\/fumot.uk\/wp-content\/uploads\/2026\/01\/STRAWBERRY-RASPBERRY-CHERRY-ICE-JNR-Mega-Box-Pro-50000-Puffs-Disposable-Device-scaled-1.jpg","datePublished":"2026-01-21T04:08:48+00:00","dateModified":"2026-01-21T07:07:16+00:00","description":"JNR Mega Box Pro 50000 Puffs Jordb\u00e6r Hindb\u00e6r Kirseb\u00e6r Is. 32ml e-v\u00e6ske, dobbelt mesh coil, LED display, 850mAh Type\u2011C genopladelig. 0\/2\/5% nikotin.","breadcrumb":{"@id":"https:\/\/fumot.uk\/product\/strawberry-raspberry-cherry-ice-jnr-mega-box-50000-puffs\/#breadcrumb"},"inLanguage":"da-DK","potentialAction":[{"@type":"ReadAction","target":["https:\/\/fumot.uk\/product\/strawberry-raspberry-cherry-ice-jnr-mega-box-50000-puffs\/"]}]},{"@type":"ImageObject","inLanguage":"da-DK","@id":"https:\/\/fumot.uk\/product\/strawberry-raspberry-cherry-ice-jnr-mega-box-50000-puffs\/#primaryimage","url":"https:\/\/fumot.uk\/wp-content\/uploads\/2026\/01\/STRAWBERRY-RASPBERRY-CHERRY-ICE-JNR-Mega-Box-Pro-50000-Puffs-Disposable-Device-scaled-1.jpg","contentUrl":"https:\/\/fumot.uk\/wp-content\/uploads\/2026\/01\/STRAWBERRY-RASPBERRY-CHERRY-ICE-JNR-Mega-Box-Pro-50000-Puffs-Disposable-Device-scaled-1.jpg","width":2560,"height":2560},{"@type":"BreadcrumbList","@id":"https:\/\/fumot.uk\/product\/strawberry-raspberry-cherry-ice-jnr-mega-box-50000-puffs\/#breadcrumb","itemListElement":[{"@type":"ListItem","position":1,"name":"Home","item":"https:\/\/fumot.uk\/"},{"@type":"ListItem","position":2,"name":"Shop","item":"https:\/\/fumot.uk\/shop\/"},{"@type":"ListItem","position":3,"name":"JNR Mega Box Pro 50000 Puffs Strawberry Raspberry Cherry Ice (32ml, Rechargeable, Display)"}]},{"@type":"WebSite","@id":"https:\/\/fumot.uk\/#website","url":"https:\/\/fumot.uk\/","name":"Fumot Official Direct | Direkte fra fabrikken, 100% \u00c6gte","description":"Officiel hjemmeside","publisher":{"@id":"https:\/\/fumot.uk\/#organization"},"potentialAction":[{"@type":"SearchAction","target":{"@type":"EntryPoint","urlTemplate":"https:\/\/fumot.uk\/?s={search_term_string}"},"query-input":{"@type":"PropertyValueSpecification","valueRequired":true,"valueName":"search_term_string"}}],"inLanguage":"da-DK"},{"@type":"Organization","@id":"https:\/\/fumot.uk\/#organization","name":"Fumot Official Direct | Direkte fra fabrikken, 100% \u00c6gte","url":"https:\/\/fumot.uk\/","logo":{"@type":"ImageObject","inLanguage":"da-DK","@id":"https:\/\/fumot.uk\/#\/schema\/logo\/image\/","url":"https:\/\/fumot.uk\/wp-content\/uploads\/2026\/01\/cropped-fumot-logo1.png","contentUrl":"https:\/\/fumot.uk\/wp-content\/uploads\/2026\/01\/cropped-fumot-logo1.png","width":152,"height":106,"caption":"Fumot Official Direct | Straight from the Factory, 100% Genuine"},"image":{"@id":"https:\/\/fumot.uk\/#\/schema\/logo\/image\/"}}]}},"_links":{"self":[{"href":"https:\/\/fumot.uk\/da\/wp-json\/wp\/v2\/product\/4265","targetHints":{"allow":["GET"]}}],"collection":[{"href":"https:\/\/fumot.uk\/da\/wp-json\/wp\/v2\/product"}],"about":[{"href":"https:\/\/fumot.uk\/da\/wp-json\/wp\/v2\/types\/product"}],"replies":[{"embeddable":true,"href":"https:\/\/fumot.uk\/da\/wp-json\/wp\/v2\/comments?post=4265"}],"wp:featuredmedia":[{"embeddable":true,"href":"https:\/\/fumot.uk\/da\/wp-json\/wp\/v2\/media\/4295"}],"wp:attachment":[{"href":"https:\/\/fumot.uk\/da\/wp-json\/wp\/v2\/media?parent=4265"}],"wp:term":[{"taxonomy":"product_brand","embeddable":true,"href":"https:\/\/fumot.uk\/da\/wp-json\/wp\/v2\/product_brand?post=4265"},{"taxonomy":"product_cat","embeddable":true,"href":"https:\/\/fumot.uk\/da\/wp-json\/wp\/v2\/product_cat?post=4265"},{"taxonomy":"product_tag","embeddable":true,"href":"https:\/\/fumot.uk\/da\/wp-json\/wp\/v2\/product_tag?post=4265"}],"curies":[{"name":"wp","href":"https:\/\/api.w.org\/{rel}","templated":true}]}}