{"id":4263,"date":"2026-01-21T04:08:47","date_gmt":"2026-01-21T04:08:47","guid":{"rendered":"https:\/\/fumot.uk\/?post_type=product&#038;p=4263"},"modified":"2026-01-21T07:08:59","modified_gmt":"2026-01-21T07:08:59","slug":"cherry-cola-jnr-mega-box-50000-puffs","status":"publish","type":"product","link":"https:\/\/fumot.uk\/da\/product\/cherry-cola-jnr-mega-box-50000-puffs\/","title":{"rendered":"JNR Mega Box Pro 50000 Puffs \u2013 Cherry Cola Engangs Vape (32ml, Display, Type\u2011C Genopladelig)"},"content":{"rendered":"<h3>Kirseb\u00e6rcola-smag: Brusende cola m\u00f8der s\u00f8d kirseb\u00e6r<\/h3>\n<p>Den <strong>JNR Mega Box Pro 50000 Puffs \u2013 Kirseb\u00e6rcola<\/strong> blander en klassisk cola-gnist med en glat, frugtagtig kirseb\u00e6rfinish. Den f\u00f8rste ind\u00e5nding bringer det velkendte cola-bid, efterfulgt af en afbalanceret kirseb\u00e6rs\u00f8dme, der forbliver livlig uden at overv\u00e6lde din smagssans\u2014en nem smag til hele dagen for b\u00e5de cola-fans og frugtelskere.<\/p>\n<h3>Premium Look, Moderne Teknologi<\/h3>\n<p>Designet til at f\u00f8les lige s\u00e5 godt som det smager, har denne enhed en m\u00f8rk metalkrop med fine detaljer for et solidt, premium greb. En klar <a href=\"https:\/\/fumot.uk\/da\/product-tag\/display\/\">LED display<\/a> holder vigtige oplysninger synlige, mens de rene, minimalistiske linjer giver det en slank, moderne finish.<\/p>\n<h3>Glatte Skyer &amp; Konsistent Smag<\/h3>\n<p>Med <strong>Dual Mesh Coil<\/strong> og <strong>Dual Core<\/strong> teknologi, Kirseb\u00e6rcola-profilen forbliver rig og stabil, og leverer t\u00e6t, men glat damp og en langvarig smagsoplevelse.<\/p>\n<h3>N\u00f8glespecifikationer<\/h3>\n<ul>\n<li><strong>Sug:<\/strong> Op til 50000 (varierer efter brug)<\/li>\n<li><strong>E\u2011v\u00e6ske kapacitet:<\/strong> 32ml<\/li>\n<li><strong>Spole:<\/strong> Dual Mesh Coil + Dual Core<\/li>\n<li><strong>Batteri:<\/strong> 850mAh<\/li>\n<li><strong>Opladning:<\/strong> Type\u2011C genopladelig<\/li>\n<li><strong>Display:<\/strong> E-v\u00e6ske niveau &amp; batteristatus<\/li>\n<li><strong>Nikotinmuligheder:<\/strong> 0% \/ 2% \/ 5%<\/li>\n<\/ul>\n<h3>V\u00e6lg Din Nikotinstyrke<\/h3>\n<p>V\u00e6lg den mulighed, der passer til din pr\u00e6ference: <strong>0% nikotin<\/strong>, <strong>2% nikotin<\/strong>, eller <strong>5% nikotin<\/strong> (tilg\u00e6ngelighed kan variere). Udforsk flere smagsvarianter og den fulde <a href=\"https:\/\/fumot.uk\/da\/product-category\/jnr-mega-box-pro-50000-puffs\/\">JNR Mega Box Pro 50000 Puffs-kollektion<\/a> p\u00e5 fumot.uk.<\/p>","protected":false},"excerpt":{"rendered":"<p>JNR Mega Box Pro 50000 Puffs i Cherry Cola smag\u2014s\u00f8d kirseb\u00e6r lagdelt over brusende cola. 32ml e\u2011v\u00e6ske, Dual Mesh Coil, LED-display, 850mAh Type\u2011C genopladelig. Nikotin: 0%\/2%\/5%.<\/p>","protected":false},"featured_media":4293,"comment_status":"open","ping_status":"closed","template":"","meta":[],"product_brand":[],"product_cat":[110,214,17],"product_tag":[84,70,167,71,20,36,40,72,23,73,26,28],"class_list":{"0":"post-4263","1":"product","2":"type-product","3":"status-publish","4":"has-post-thumbnail","6":"product_cat-50000-puff","7":"product_cat-jnr-mega-box-pro-50000-puffs","8":"product_cat-vape","9":"product_tag-0-nikotin","10":"product_tag-2-nikotin","11":"product_tag-32ml","12":"product_tag-5-nikotin","13":"product_tag-850mah","14":"product_tag-cherry","15":"product_tag-cola","16":"product_tag-direct-to-lung","17":"product_tag-display","18":"product_tag-dual-mesh","19":"product_tag-rechargeable","20":"product_tag-type-c","22":"first","23":"instock","24":"sale","25":"shipping-taxable","26":"purchasable","27":"product-type-variable","28":"has-default-attributes"},"yoast_head":"<!-- This site is optimized with the Yoast SEO plugin v26.8 - https:\/\/yoast.com\/product\/yoast-seo-wordpress\/ -->\n<title>JNR Mega Box Pro 50000 Puffs Cherry Cola | 32ml<\/title>\n<meta name=\"description\" content=\"Cherry Cola JNR Mega Box Pro 50000 Puffs: 32ml, Dual Mesh Coil, LED display, 850mAh Type\u2011C rechargeable. Choose 0%\/2%\/5% nicotine.\" \/>\n<meta name=\"robots\" content=\"index, follow, max-snippet:-1, max-image-preview:large, max-video-preview:-1\" \/>\n<link rel=\"canonical\" href=\"https:\/\/fumot.uk\/da\/product\/cherry-cola-jnr-mega-box-50000-puffs\/\" \/>\n<meta property=\"og:locale\" content=\"da_DK\" \/>\n<meta property=\"og:type\" content=\"article\" \/>\n<meta property=\"og:title\" content=\"Cherry Cola \u2013 JNR Mega Box Pro 50000 Puffs\" \/>\n<meta property=\"og:description\" content=\"A fizzy cola hit with a smooth cherry finish. 32ml, Dual Mesh Coil, LED display, 850mAh Type\u2011C rechargeable. 0%\/2%\/5% nicotine options.\" \/>\n<meta property=\"og:url\" content=\"https:\/\/fumot.uk\/da\/product\/cherry-cola-jnr-mega-box-50000-puffs\/\" \/>\n<meta property=\"og:site_name\" content=\"Fumot Official Direct | Straight from the Factory, 100% Genuine\" \/>\n<meta property=\"article:modified_time\" content=\"2026-01-21T07:08:59+00:00\" \/>\n<meta property=\"og:image\" content=\"https:\/\/fumot.uk\/wp-content\/uploads\/2026\/01\/CHERRY-COLA-JNR-Mega-Box-Pro-50000-Puffs-Disposable-Device-scaled-1.jpg\" \/>\n\t<meta property=\"og:image:width\" content=\"2560\" \/>\n\t<meta property=\"og:image:height\" content=\"2560\" \/>\n\t<meta property=\"og:image:type\" content=\"image\/jpeg\" \/>\n<meta name=\"twitter:card\" content=\"summary_large_image\" \/>\n<meta name=\"twitter:label1\" content=\"Estimeret l\u00e6setid\" \/>\n\t<meta name=\"twitter:data1\" content=\"1 minut\" \/>\n<script type=\"application\/ld+json\" class=\"yoast-schema-graph\">{\"@context\":\"https:\/\/schema.org\",\"@graph\":[{\"@type\":\"WebPage\",\"@id\":\"https:\/\/fumot.uk\/product\/cherry-cola-jnr-mega-box-50000-puffs\/\",\"url\":\"https:\/\/fumot.uk\/product\/cherry-cola-jnr-mega-box-50000-puffs\/\",\"name\":\"JNR Mega Box Pro 50000 Puffs Cherry Cola | 32ml\",\"isPartOf\":{\"@id\":\"https:\/\/fumot.uk\/#website\"},\"primaryImageOfPage\":{\"@id\":\"https:\/\/fumot.uk\/product\/cherry-cola-jnr-mega-box-50000-puffs\/#primaryimage\"},\"image\":{\"@id\":\"https:\/\/fumot.uk\/product\/cherry-cola-jnr-mega-box-50000-puffs\/#primaryimage\"},\"thumbnailUrl\":\"https:\/\/fumot.uk\/wp-content\/uploads\/2026\/01\/CHERRY-COLA-JNR-Mega-Box-Pro-50000-Puffs-Disposable-Device-scaled-1.jpg\",\"datePublished\":\"2026-01-21T04:08:47+00:00\",\"dateModified\":\"2026-01-21T07:08:59+00:00\",\"description\":\"Cherry Cola JNR Mega Box Pro 50000 Puffs: 32ml, Dual Mesh Coil, LED display, 850mAh Type\u2011C rechargeable. Choose 0%\/2%\/5% nicotine.\",\"breadcrumb\":{\"@id\":\"https:\/\/fumot.uk\/product\/cherry-cola-jnr-mega-box-50000-puffs\/#breadcrumb\"},\"inLanguage\":\"da-DK\",\"potentialAction\":[{\"@type\":\"ReadAction\",\"target\":[\"https:\/\/fumot.uk\/product\/cherry-cola-jnr-mega-box-50000-puffs\/\"]}]},{\"@type\":\"ImageObject\",\"inLanguage\":\"da-DK\",\"@id\":\"https:\/\/fumot.uk\/product\/cherry-cola-jnr-mega-box-50000-puffs\/#primaryimage\",\"url\":\"https:\/\/fumot.uk\/wp-content\/uploads\/2026\/01\/CHERRY-COLA-JNR-Mega-Box-Pro-50000-Puffs-Disposable-Device-scaled-1.jpg\",\"contentUrl\":\"https:\/\/fumot.uk\/wp-content\/uploads\/2026\/01\/CHERRY-COLA-JNR-Mega-Box-Pro-50000-Puffs-Disposable-Device-scaled-1.jpg\",\"width\":2560,\"height\":2560},{\"@type\":\"BreadcrumbList\",\"@id\":\"https:\/\/fumot.uk\/product\/cherry-cola-jnr-mega-box-50000-puffs\/#breadcrumb\",\"itemListElement\":[{\"@type\":\"ListItem\",\"position\":1,\"name\":\"Home\",\"item\":\"https:\/\/fumot.uk\/\"},{\"@type\":\"ListItem\",\"position\":2,\"name\":\"Shop\",\"item\":\"https:\/\/fumot.uk\/shop\/\"},{\"@type\":\"ListItem\",\"position\":3,\"name\":\"JNR Mega Box Pro 50000 Puffs \u2013 Cherry Cola Disposable Vape (32ml, Display, Type\u2011C Rechargeable)\"}]},{\"@type\":\"WebSite\",\"@id\":\"https:\/\/fumot.uk\/#website\",\"url\":\"https:\/\/fumot.uk\/\",\"name\":\"Fumot Official Direct | Straight from the Factory, 100% Genuine\",\"description\":\"Official Website\",\"publisher\":{\"@id\":\"https:\/\/fumot.uk\/#organization\"},\"potentialAction\":[{\"@type\":\"SearchAction\",\"target\":{\"@type\":\"EntryPoint\",\"urlTemplate\":\"https:\/\/fumot.uk\/?s={search_term_string}\"},\"query-input\":{\"@type\":\"PropertyValueSpecification\",\"valueRequired\":true,\"valueName\":\"search_term_string\"}}],\"inLanguage\":\"da-DK\"},{\"@type\":\"Organization\",\"@id\":\"https:\/\/fumot.uk\/#organization\",\"name\":\"Fumot Official Direct | Straight from the Factory, 100% Genuine\",\"url\":\"https:\/\/fumot.uk\/\",\"logo\":{\"@type\":\"ImageObject\",\"inLanguage\":\"da-DK\",\"@id\":\"https:\/\/fumot.uk\/#\/schema\/logo\/image\/\",\"url\":\"https:\/\/fumot.uk\/wp-content\/uploads\/2026\/01\/cropped-fumot-logo1.png\",\"contentUrl\":\"https:\/\/fumot.uk\/wp-content\/uploads\/2026\/01\/cropped-fumot-logo1.png\",\"width\":152,\"height\":106,\"caption\":\"Fumot Official Direct | Straight from the Factory, 100% Genuine\"},\"image\":{\"@id\":\"https:\/\/fumot.uk\/#\/schema\/logo\/image\/\"}}]}<\/script>\n<!-- \/ Yoast SEO plugin. -->","yoast_head_json":{"title":"JNR Mega Box Pro 50000 Puffs Kirseb\u00e6r Cola | 32ml","description":"Cherry Cola JNR Mega Box Pro 50000 Puffs: 32ml, Dobbelt Mesh Coil, LED display, 850mAh Type\u2011C genopladelig. V\u00e6lg 0%\/2%\/5% nikotin.","robots":{"index":"index","follow":"follow","max-snippet":"max-snippet:-1","max-image-preview":"max-image-preview:large","max-video-preview":"max-video-preview:-1"},"canonical":"https:\/\/fumot.uk\/da\/product\/cherry-cola-jnr-mega-box-50000-puffs\/","og_locale":"da_DK","og_type":"article","og_title":"Cherry Cola \u2013 JNR Mega Box Pro 50000 Puffs","og_description":"A fizzy cola hit with a smooth cherry finish. 32ml, Dual Mesh Coil, LED display, 850mAh Type\u2011C rechargeable. 0%\/2%\/5% nicotine options.","og_url":"https:\/\/fumot.uk\/da\/product\/cherry-cola-jnr-mega-box-50000-puffs\/","og_site_name":"Fumot Official Direct | Straight from the Factory, 100% Genuine","article_modified_time":"2026-01-21T07:08:59+00:00","og_image":[{"width":2560,"height":2560,"url":"https:\/\/fumot.uk\/wp-content\/uploads\/2026\/01\/CHERRY-COLA-JNR-Mega-Box-Pro-50000-Puffs-Disposable-Device-scaled-1.jpg","type":"image\/jpeg"}],"twitter_card":"summary_large_image","twitter_misc":{"Estimeret l\u00e6setid":"1 minut"},"schema":{"@context":"https:\/\/schema.org","@graph":[{"@type":"WebPage","@id":"https:\/\/fumot.uk\/product\/cherry-cola-jnr-mega-box-50000-puffs\/","url":"https:\/\/fumot.uk\/product\/cherry-cola-jnr-mega-box-50000-puffs\/","name":"JNR Mega Box Pro 50000 Puffs Kirseb\u00e6r Cola | 32ml","isPartOf":{"@id":"https:\/\/fumot.uk\/#website"},"primaryImageOfPage":{"@id":"https:\/\/fumot.uk\/product\/cherry-cola-jnr-mega-box-50000-puffs\/#primaryimage"},"image":{"@id":"https:\/\/fumot.uk\/product\/cherry-cola-jnr-mega-box-50000-puffs\/#primaryimage"},"thumbnailUrl":"https:\/\/fumot.uk\/wp-content\/uploads\/2026\/01\/CHERRY-COLA-JNR-Mega-Box-Pro-50000-Puffs-Disposable-Device-scaled-1.jpg","datePublished":"2026-01-21T04:08:47+00:00","dateModified":"2026-01-21T07:08:59+00:00","description":"Cherry Cola JNR Mega Box Pro 50000 Puffs: 32ml, Dobbelt Mesh Coil, LED display, 850mAh Type\u2011C genopladelig. V\u00e6lg 0%\/2%\/5% nikotin.","breadcrumb":{"@id":"https:\/\/fumot.uk\/product\/cherry-cola-jnr-mega-box-50000-puffs\/#breadcrumb"},"inLanguage":"da-DK","potentialAction":[{"@type":"ReadAction","target":["https:\/\/fumot.uk\/product\/cherry-cola-jnr-mega-box-50000-puffs\/"]}]},{"@type":"ImageObject","inLanguage":"da-DK","@id":"https:\/\/fumot.uk\/product\/cherry-cola-jnr-mega-box-50000-puffs\/#primaryimage","url":"https:\/\/fumot.uk\/wp-content\/uploads\/2026\/01\/CHERRY-COLA-JNR-Mega-Box-Pro-50000-Puffs-Disposable-Device-scaled-1.jpg","contentUrl":"https:\/\/fumot.uk\/wp-content\/uploads\/2026\/01\/CHERRY-COLA-JNR-Mega-Box-Pro-50000-Puffs-Disposable-Device-scaled-1.jpg","width":2560,"height":2560},{"@type":"BreadcrumbList","@id":"https:\/\/fumot.uk\/product\/cherry-cola-jnr-mega-box-50000-puffs\/#breadcrumb","itemListElement":[{"@type":"ListItem","position":1,"name":"Home","item":"https:\/\/fumot.uk\/"},{"@type":"ListItem","position":2,"name":"Shop","item":"https:\/\/fumot.uk\/shop\/"},{"@type":"ListItem","position":3,"name":"JNR Mega Box Pro 50000 Puffs \u2013 Cherry Cola Disposable Vape (32ml, Display, Type\u2011C Rechargeable)"}]},{"@type":"WebSite","@id":"https:\/\/fumot.uk\/#website","url":"https:\/\/fumot.uk\/","name":"Fumot Official Direct | Direkte fra fabrikken, 100% \u00c6gte","description":"Officiel hjemmeside","publisher":{"@id":"https:\/\/fumot.uk\/#organization"},"potentialAction":[{"@type":"SearchAction","target":{"@type":"EntryPoint","urlTemplate":"https:\/\/fumot.uk\/?s={search_term_string}"},"query-input":{"@type":"PropertyValueSpecification","valueRequired":true,"valueName":"search_term_string"}}],"inLanguage":"da-DK"},{"@type":"Organization","@id":"https:\/\/fumot.uk\/#organization","name":"Fumot Official Direct | Direkte fra fabrikken, 100% \u00c6gte","url":"https:\/\/fumot.uk\/","logo":{"@type":"ImageObject","inLanguage":"da-DK","@id":"https:\/\/fumot.uk\/#\/schema\/logo\/image\/","url":"https:\/\/fumot.uk\/wp-content\/uploads\/2026\/01\/cropped-fumot-logo1.png","contentUrl":"https:\/\/fumot.uk\/wp-content\/uploads\/2026\/01\/cropped-fumot-logo1.png","width":152,"height":106,"caption":"Fumot Official Direct | Straight from the Factory, 100% Genuine"},"image":{"@id":"https:\/\/fumot.uk\/#\/schema\/logo\/image\/"}}]}},"_links":{"self":[{"href":"https:\/\/fumot.uk\/da\/wp-json\/wp\/v2\/product\/4263","targetHints":{"allow":["GET"]}}],"collection":[{"href":"https:\/\/fumot.uk\/da\/wp-json\/wp\/v2\/product"}],"about":[{"href":"https:\/\/fumot.uk\/da\/wp-json\/wp\/v2\/types\/product"}],"replies":[{"embeddable":true,"href":"https:\/\/fumot.uk\/da\/wp-json\/wp\/v2\/comments?post=4263"}],"wp:featuredmedia":[{"embeddable":true,"href":"https:\/\/fumot.uk\/da\/wp-json\/wp\/v2\/media\/4293"}],"wp:attachment":[{"href":"https:\/\/fumot.uk\/da\/wp-json\/wp\/v2\/media?parent=4263"}],"wp:term":[{"taxonomy":"product_brand","embeddable":true,"href":"https:\/\/fumot.uk\/da\/wp-json\/wp\/v2\/product_brand?post=4263"},{"taxonomy":"product_cat","embeddable":true,"href":"https:\/\/fumot.uk\/da\/wp-json\/wp\/v2\/product_cat?post=4263"},{"taxonomy":"product_tag","embeddable":true,"href":"https:\/\/fumot.uk\/da\/wp-json\/wp\/v2\/product_tag?post=4263"}],"curies":[{"name":"wp","href":"https:\/\/api.w.org\/{rel}","templated":true}]}}