{"id":4084,"date":"2026-01-21T04:07:17","date_gmt":"2026-01-21T04:07:17","guid":{"rendered":"https:\/\/fumot.uk\/?post_type=product&#038;p=4084"},"modified":"2026-01-21T04:08:22","modified_gmt":"2026-01-21T04:08:22","slug":"jnr-aero-x-32000-puff-fizzy-cherry-cola-refillable-pod-e-cigarette","status":"publish","type":"product","link":"https:\/\/fumot.uk\/da\/product\/jnr-aero-x-32000-puff-fizzy-cherry-cola-refillable-pod-e-cigarette\/","title":{"rendered":"JNR Aero X 32000 Puff-Fizzy Cherry Cola-Genopfyldelig Pod E-Cigaret"},"content":{"rendered":"<h4 data-start=\"41\" data-end=\"84\"><strong data-start=\"41\" data-end=\"82\">S\u00f8dt-sur kirseb\u00e6r \u00d7 Forfriskende cola<\/strong><\/h4>\n<p data-start=\"86\" data-end=\"578\">Den <strong>JNR Aero X 32000 Puffs<\/strong> <strong data-start=\"113\" data-end=\"134\">Brusende kirseb\u00e6rcola<\/strong> forener den fulde, s\u00f8dt-sure kirseb\u00e6rsmag med den forfriskende, let brusende cola-note. Ved det f\u00f8rste sug udfolder den intense kirseb\u00e6raroma sig, s\u00f8d og let syrlig, efterfulgt af en blid brusen, der afrunder smagen forfriskende. Uanset om det er p\u00e5 varme sommerdage eller i fritiden \u2013 denne smag lader dig dykke ned i en forfriskende verden af brusende drikkevarer og v\u00e6kker smagsl\u00f8gene p\u00e5 ingen tid.<\/p>\n<h4 data-start=\"580\" data-end=\"634\"><strong data-start=\"580\" data-end=\"632\">Langvarig, glat premium-oplevelse<\/strong><\/h4>\n<p data-start=\"636\" data-end=\"1170\">Takket v\u00e6re en udholdenhed p\u00e5 op til 32000 sug og Dual-Mesh-Coil-teknologi forbliver smagen af <strong data-start=\"740\" data-end=\"761\">Brusende kirseb\u00e6rcola<\/strong> altid klar og afbalanceret. Den justerbare luftstr\u00f8m muligg\u00f8r nem skift mellem stram mund-til-lunge-sug og fri direkte-lunge-sug, hvor hvert sug harmonisk kombinerer kirseb\u00e6rs\u00f8dmen og den brusende cola-oplevelse. For elskere af s\u00f8dt-sure, brusende smagsvarianter tilbyder denne variant en gennemg\u00e5ende glat og nydelsesrig dampoplevelse \u2013 ideel til hele dagen.<\/p>\n<h4 data-start=\"43\" data-end=\"428\"><strong data-start=\"43\" data-end=\"126\">Udskifteligt pod-system \u2013 Kombination af fleksibilitet og \u00f8konomi<\/strong><\/h4>\n<p>JNR Aero X 32000 Puffs E-cigaret er udstyret med et innovativt, udskifteligt pod-system, der giver brugeren mere fleksibilitet og komfort. Hver pod er h\u00f8jkvalitetsforseglet og holdbar for at sikre en stabil og p\u00e5lidelig dampoplevelse ved hver anvendelse.<\/p>\n<h4 data-start=\"45\" data-end=\"137\"><strong data-start=\"45\" data-end=\"135\"><a href=\"https:\/\/ultravape.de\/product-tag\/adjustable-airflow\/\">Justerbar luftstr\u00f8m<\/a> + Dual-Mesh-Coil \u2013 Intens smag, individuelt tilpasselig<\/strong><\/h4>\n<p data-start=\"139\" data-end=\"708\">Den <strong data-start=\"143\" data-end=\"169\">JNR Aero X 32000 Puffs<\/strong> er udstyret med en justerbar luftstr\u00f8m, der giver dig mulighed for ubesv\u00e6ret at skifte mellem en stram MTL-sug (mund-til-lunge) og en \u00e5ben DL-sug (direkte-lunge) \u2013 perfekt til at nyde forskellige sugmodstande efter dine pr\u00e6ferencer. I forbindelse med den avancerede Dual-Mesh-Coil-teknologi opvarmes E-v\u00e6sken j\u00e6vnt, hvilket sikrer intens smag og bl\u00f8d, t\u00e6t damp. S\u00e5ledes tilbyder hvert sug en harmonisk dampoplevelse med fyldig aroma og behagelig eftersmag.<\/p>\n<h4 data-start=\"1045\" data-end=\"1526\"><strong data-start=\"1045\" data-end=\"1106\">TPD-certificering \u2013 Garanti for kvalitet og sikkerhed<\/strong><\/h4>\n<p>JNR Aero X er TPD-certificeret og opfylder de strenge sikkerheds- og kvalitetskrav fra Den Europ\u00e6iske Union i henhold til tobaksproduktdirektivet (TPD). Det betyder, at ingredienser, m\u00e6rkning, emballage og brugerinformation overholder alle lovkrav, s\u00e5 forbrugerne f\u00e5r et testet og p\u00e5lideligt produkt \u2013 et \u00e6gte kvalitetsstempel, der skaber tillid.<\/p>\n<h4 data-start=\"1528\" data-end=\"1569\"><strong data-start=\"1528\" data-end=\"1567\">Hovedparametre for JNR Aero X 32000<\/strong><\/h4>\n<p><strong data-start=\"44\" data-end=\"66\">\u2611 2 % Nikotinindhold:<\/strong> Bl\u00f8d sug og konstant nikotinlevering \u2013 ideel til begyndere og erfarne dampere.<br \/>\n<strong data-start=\"157\" data-end=\"174\">\u2611 850 mAh batteri:<\/strong> Lang brugstid med sj\u00e6ldnere opladning \u2013 perfekt til p\u00e5 farten.<br \/>\n<strong data-start=\"242\" data-end=\"264\">\u2611 Batteristatusindikator:<\/strong> Realtidsoverv\u00e5gning for uafbrudt dampning.<br \/>\n<strong data-start=\"324\" data-end=\"355\">\u2611 Magnetisk pod-forbindelse:<\/strong> Fast greb, minimalt l\u00e6kagerisiko, nem h\u00e5ndtering.<br \/>\n<strong data-start=\"420\" data-end=\"444\">\u2611 USB-C-hurtigopladning:<\/strong> Type-C-port til hurtig genopladning.<br \/>\n<strong data-start=\"496\" data-end=\"528\">\u2611 Skjult dobbeltladekabel:<\/strong> Praktisk og ordentligt \u2013 ideel til p\u00e5 farten.<\/p>\n<p data-start=\"592\" data-end=\"1174\">","protected":false},"excerpt":{"rendered":"<p>S\u00f8dt-sur kirseb\u00e6r \u00d7 Forfriskende cola Den JNR Aero X 32000 Puffs Fizzy Cherry Cola forener den fulde, s\u00f8dt-sure kirseb\u00e6rsmag med den forfriskende, let brusende cola-note. Ved f\u00f8rste sug udfolder den intense kirseb\u00e6raroma sig, s\u00f8d og let syrlig, efterfulgt af en blid brus, der afrunder smagen forfriskende. Om det er p\u00e5 varme sommerdage eller i fritiden [\u2026]<\/p>","protected":false},"featured_media":4136,"comment_status":"open","ping_status":"closed","template":"","meta":[],"product_brand":[],"product_cat":[200,201,17],"product_tag":[70,20,21,36,40,72,25,202,26,203,204,28],"class_list":{"0":"post-4084","1":"product","2":"type-product","3":"status-publish","4":"has-post-thumbnail","6":"product_cat-32000-puff","7":"product_cat-jnr-aero-x-32000-puffs","8":"product_cat-vape","9":"product_tag-2-nikotin","10":"product_tag-850mah","11":"product_tag-adjustable-airflow","12":"product_tag-cherry","13":"product_tag-cola","14":"product_tag-direct-to-lung","15":"product_tag-mesh-coil","16":"product_tag-mouth-to-lung","17":"product_tag-rechargeable","18":"product_tag-refillable-e-cigarette","19":"product_tag-tpd-certification","20":"product_tag-type-c","22":"first","23":"instock","24":"sale","25":"shipping-taxable","26":"purchasable","27":"product-type-variable","28":"has-default-attributes"},"yoast_head":"<!-- This site is optimized with the Yoast SEO plugin v26.8 - https:\/\/yoast.com\/product\/yoast-seo-wordpress\/ -->\n<title>JNR Aero X 32000 Puff-Fizzy Cherry Cola-Refillable Pod E-Cigarette - Fumot Official Direct | Straight from the Factory, 100% Genuine<\/title>\n<meta name=\"robots\" content=\"index, follow, max-snippet:-1, max-image-preview:large, max-video-preview:-1\" \/>\n<link rel=\"canonical\" href=\"https:\/\/fumot.uk\/da\/product\/jnr-aero-x-32000-puff-fizzy-cherry-cola-refillable-pod-e-cigarette\/\" \/>\n<meta property=\"og:locale\" content=\"da_DK\" \/>\n<meta property=\"og:type\" content=\"article\" \/>\n<meta property=\"og:title\" content=\"JNR Aero X 32000 Puff-Fizzy Cherry Cola-Refillable Pod E-Cigarette - Fumot Official Direct | Straight from the Factory, 100% Genuine\" \/>\n<meta property=\"og:description\" content=\"S\u00fc\u00df-saure Kirsche \u00d7 Erfrischende Cola Der JNR Aero X 32000 Puffs Fizzy Cherry Cola vereint den vollen, s\u00fc\u00df-sauren Kirschgeschmack mit der erfrischenden, leicht prickelnden Cola-Note. Beim ersten Zug entfaltet sich das intensive Kirscharoma, s\u00fc\u00df und leicht s\u00e4uerlich, gefolgt von einem sanften Prickeln, das den Geschmack erfrischend abrundet. Ob an hei\u00dfen Sommertagen oder in der Freizeit [&hellip;]\" \/>\n<meta property=\"og:url\" content=\"https:\/\/fumot.uk\/da\/product\/jnr-aero-x-32000-puff-fizzy-cherry-cola-refillable-pod-e-cigarette\/\" \/>\n<meta property=\"og:site_name\" content=\"Fumot Official Direct | Straight from the Factory, 100% Genuine\" \/>\n<meta property=\"article:modified_time\" content=\"2026-01-21T04:08:22+00:00\" \/>\n<meta name=\"twitter:card\" content=\"summary_large_image\" \/>\n<meta name=\"twitter:label1\" content=\"Estimeret l\u00e6setid\" \/>\n\t<meta name=\"twitter:data1\" content=\"2 minutter\" \/>\n<script type=\"application\/ld+json\" class=\"yoast-schema-graph\">{\"@context\":\"https:\/\/schema.org\",\"@graph\":[{\"@type\":\"WebPage\",\"@id\":\"https:\/\/fumot.uk\/product\/jnr-aero-x-32000-puff-fizzy-cherry-cola-refillable-pod-e-cigarette\/\",\"url\":\"https:\/\/fumot.uk\/product\/jnr-aero-x-32000-puff-fizzy-cherry-cola-refillable-pod-e-cigarette\/\",\"name\":\"JNR Aero X 32000 Puff-Fizzy Cherry Cola-Refillable Pod E-Cigarette - Fumot Official Direct | Straight from the Factory, 100% Genuine\",\"isPartOf\":{\"@id\":\"https:\/\/fumot.uk\/#website\"},\"primaryImageOfPage\":{\"@id\":\"https:\/\/fumot.uk\/product\/jnr-aero-x-32000-puff-fizzy-cherry-cola-refillable-pod-e-cigarette\/#primaryimage\"},\"image\":{\"@id\":\"https:\/\/fumot.uk\/product\/jnr-aero-x-32000-puff-fizzy-cherry-cola-refillable-pod-e-cigarette\/#primaryimage\"},\"thumbnailUrl\":\"https:\/\/fumot.uk\/wp-content\/uploads\/2026\/01\/Fizzy-Cherry-Cola_JNR-Areo-X-32000-Puffs-Disposable-Vape.jpg\",\"datePublished\":\"2026-01-21T04:07:17+00:00\",\"dateModified\":\"2026-01-21T04:08:22+00:00\",\"breadcrumb\":{\"@id\":\"https:\/\/fumot.uk\/product\/jnr-aero-x-32000-puff-fizzy-cherry-cola-refillable-pod-e-cigarette\/#breadcrumb\"},\"inLanguage\":\"da-DK\",\"potentialAction\":[{\"@type\":\"ReadAction\",\"target\":[\"https:\/\/fumot.uk\/product\/jnr-aero-x-32000-puff-fizzy-cherry-cola-refillable-pod-e-cigarette\/\"]}]},{\"@type\":\"ImageObject\",\"inLanguage\":\"da-DK\",\"@id\":\"https:\/\/fumot.uk\/product\/jnr-aero-x-32000-puff-fizzy-cherry-cola-refillable-pod-e-cigarette\/#primaryimage\",\"url\":\"https:\/\/fumot.uk\/wp-content\/uploads\/2026\/01\/Fizzy-Cherry-Cola_JNR-Areo-X-32000-Puffs-Disposable-Vape.jpg\",\"contentUrl\":\"https:\/\/fumot.uk\/wp-content\/uploads\/2026\/01\/Fizzy-Cherry-Cola_JNR-Areo-X-32000-Puffs-Disposable-Vape.jpg\",\"width\":800,\"height\":800},{\"@type\":\"BreadcrumbList\",\"@id\":\"https:\/\/fumot.uk\/product\/jnr-aero-x-32000-puff-fizzy-cherry-cola-refillable-pod-e-cigarette\/#breadcrumb\",\"itemListElement\":[{\"@type\":\"ListItem\",\"position\":1,\"name\":\"Home\",\"item\":\"https:\/\/fumot.uk\/\"},{\"@type\":\"ListItem\",\"position\":2,\"name\":\"Shop\",\"item\":\"https:\/\/fumot.uk\/shop\/\"},{\"@type\":\"ListItem\",\"position\":3,\"name\":\"JNR Aero X 32000 Puff-Fizzy Cherry Cola-Refillable Pod E-Cigarette\"}]},{\"@type\":\"WebSite\",\"@id\":\"https:\/\/fumot.uk\/#website\",\"url\":\"https:\/\/fumot.uk\/\",\"name\":\"Fumot Official Direct | Straight from the Factory, 100% Genuine\",\"description\":\"Official Website\",\"publisher\":{\"@id\":\"https:\/\/fumot.uk\/#organization\"},\"potentialAction\":[{\"@type\":\"SearchAction\",\"target\":{\"@type\":\"EntryPoint\",\"urlTemplate\":\"https:\/\/fumot.uk\/?s={search_term_string}\"},\"query-input\":{\"@type\":\"PropertyValueSpecification\",\"valueRequired\":true,\"valueName\":\"search_term_string\"}}],\"inLanguage\":\"da-DK\"},{\"@type\":\"Organization\",\"@id\":\"https:\/\/fumot.uk\/#organization\",\"name\":\"Fumot Official Direct | Straight from the Factory, 100% Genuine\",\"url\":\"https:\/\/fumot.uk\/\",\"logo\":{\"@type\":\"ImageObject\",\"inLanguage\":\"da-DK\",\"@id\":\"https:\/\/fumot.uk\/#\/schema\/logo\/image\/\",\"url\":\"https:\/\/fumot.uk\/wp-content\/uploads\/2026\/01\/cropped-fumot-logo1.png\",\"contentUrl\":\"https:\/\/fumot.uk\/wp-content\/uploads\/2026\/01\/cropped-fumot-logo1.png\",\"width\":152,\"height\":106,\"caption\":\"Fumot Official Direct | Straight from the Factory, 100% Genuine\"},\"image\":{\"@id\":\"https:\/\/fumot.uk\/#\/schema\/logo\/image\/\"}}]}<\/script>\n<!-- \/ Yoast SEO plugin. -->","yoast_head_json":{"title":"JNR Aero X 32000 Puff-Fizzy Cherry Cola-Genopfyldelig Pod E-Cigaret - Fumot Officiel Direkte | Direkte fra Fabrikken, 100% \u00c6gte","robots":{"index":"index","follow":"follow","max-snippet":"max-snippet:-1","max-image-preview":"max-image-preview:large","max-video-preview":"max-video-preview:-1"},"canonical":"https:\/\/fumot.uk\/da\/product\/jnr-aero-x-32000-puff-fizzy-cherry-cola-refillable-pod-e-cigarette\/","og_locale":"da_DK","og_type":"article","og_title":"JNR Aero X 32000 Puff-Fizzy Cherry Cola-Refillable Pod E-Cigarette - Fumot Official Direct | Straight from the Factory, 100% Genuine","og_description":"S\u00fc\u00df-saure Kirsche \u00d7 Erfrischende Cola Der JNR Aero X 32000 Puffs Fizzy Cherry Cola vereint den vollen, s\u00fc\u00df-sauren Kirschgeschmack mit der erfrischenden, leicht prickelnden Cola-Note. Beim ersten Zug entfaltet sich das intensive Kirscharoma, s\u00fc\u00df und leicht s\u00e4uerlich, gefolgt von einem sanften Prickeln, das den Geschmack erfrischend abrundet. Ob an hei\u00dfen Sommertagen oder in der Freizeit [&hellip;]","og_url":"https:\/\/fumot.uk\/da\/product\/jnr-aero-x-32000-puff-fizzy-cherry-cola-refillable-pod-e-cigarette\/","og_site_name":"Fumot Official Direct | Straight from the Factory, 100% Genuine","article_modified_time":"2026-01-21T04:08:22+00:00","twitter_card":"summary_large_image","twitter_misc":{"Estimeret l\u00e6setid":"2 minutter"},"schema":{"@context":"https:\/\/schema.org","@graph":[{"@type":"WebPage","@id":"https:\/\/fumot.uk\/product\/jnr-aero-x-32000-puff-fizzy-cherry-cola-refillable-pod-e-cigarette\/","url":"https:\/\/fumot.uk\/product\/jnr-aero-x-32000-puff-fizzy-cherry-cola-refillable-pod-e-cigarette\/","name":"JNR Aero X 32000 Puff-Fizzy Cherry Cola-Genopfyldelig Pod E-Cigaret - Fumot Officiel Direkte | Direkte fra Fabrikken, 100% \u00c6gte","isPartOf":{"@id":"https:\/\/fumot.uk\/#website"},"primaryImageOfPage":{"@id":"https:\/\/fumot.uk\/product\/jnr-aero-x-32000-puff-fizzy-cherry-cola-refillable-pod-e-cigarette\/#primaryimage"},"image":{"@id":"https:\/\/fumot.uk\/product\/jnr-aero-x-32000-puff-fizzy-cherry-cola-refillable-pod-e-cigarette\/#primaryimage"},"thumbnailUrl":"https:\/\/fumot.uk\/wp-content\/uploads\/2026\/01\/Fizzy-Cherry-Cola_JNR-Areo-X-32000-Puffs-Disposable-Vape.jpg","datePublished":"2026-01-21T04:07:17+00:00","dateModified":"2026-01-21T04:08:22+00:00","breadcrumb":{"@id":"https:\/\/fumot.uk\/product\/jnr-aero-x-32000-puff-fizzy-cherry-cola-refillable-pod-e-cigarette\/#breadcrumb"},"inLanguage":"da-DK","potentialAction":[{"@type":"ReadAction","target":["https:\/\/fumot.uk\/product\/jnr-aero-x-32000-puff-fizzy-cherry-cola-refillable-pod-e-cigarette\/"]}]},{"@type":"ImageObject","inLanguage":"da-DK","@id":"https:\/\/fumot.uk\/product\/jnr-aero-x-32000-puff-fizzy-cherry-cola-refillable-pod-e-cigarette\/#primaryimage","url":"https:\/\/fumot.uk\/wp-content\/uploads\/2026\/01\/Fizzy-Cherry-Cola_JNR-Areo-X-32000-Puffs-Disposable-Vape.jpg","contentUrl":"https:\/\/fumot.uk\/wp-content\/uploads\/2026\/01\/Fizzy-Cherry-Cola_JNR-Areo-X-32000-Puffs-Disposable-Vape.jpg","width":800,"height":800},{"@type":"BreadcrumbList","@id":"https:\/\/fumot.uk\/product\/jnr-aero-x-32000-puff-fizzy-cherry-cola-refillable-pod-e-cigarette\/#breadcrumb","itemListElement":[{"@type":"ListItem","position":1,"name":"Home","item":"https:\/\/fumot.uk\/"},{"@type":"ListItem","position":2,"name":"Shop","item":"https:\/\/fumot.uk\/shop\/"},{"@type":"ListItem","position":3,"name":"JNR Aero X 32000 Puff-Fizzy Cherry Cola-Refillable Pod E-Cigarette"}]},{"@type":"WebSite","@id":"https:\/\/fumot.uk\/#website","url":"https:\/\/fumot.uk\/","name":"Fumot Official Direct | Direkte fra fabrikken, 100% \u00c6gte","description":"Officiel hjemmeside","publisher":{"@id":"https:\/\/fumot.uk\/#organization"},"potentialAction":[{"@type":"SearchAction","target":{"@type":"EntryPoint","urlTemplate":"https:\/\/fumot.uk\/?s={search_term_string}"},"query-input":{"@type":"PropertyValueSpecification","valueRequired":true,"valueName":"search_term_string"}}],"inLanguage":"da-DK"},{"@type":"Organization","@id":"https:\/\/fumot.uk\/#organization","name":"Fumot Official Direct | Direkte fra fabrikken, 100% \u00c6gte","url":"https:\/\/fumot.uk\/","logo":{"@type":"ImageObject","inLanguage":"da-DK","@id":"https:\/\/fumot.uk\/#\/schema\/logo\/image\/","url":"https:\/\/fumot.uk\/wp-content\/uploads\/2026\/01\/cropped-fumot-logo1.png","contentUrl":"https:\/\/fumot.uk\/wp-content\/uploads\/2026\/01\/cropped-fumot-logo1.png","width":152,"height":106,"caption":"Fumot Official Direct | Straight from the Factory, 100% Genuine"},"image":{"@id":"https:\/\/fumot.uk\/#\/schema\/logo\/image\/"}}]}},"_links":{"self":[{"href":"https:\/\/fumot.uk\/da\/wp-json\/wp\/v2\/product\/4084","targetHints":{"allow":["GET"]}}],"collection":[{"href":"https:\/\/fumot.uk\/da\/wp-json\/wp\/v2\/product"}],"about":[{"href":"https:\/\/fumot.uk\/da\/wp-json\/wp\/v2\/types\/product"}],"replies":[{"embeddable":true,"href":"https:\/\/fumot.uk\/da\/wp-json\/wp\/v2\/comments?post=4084"}],"wp:featuredmedia":[{"embeddable":true,"href":"https:\/\/fumot.uk\/da\/wp-json\/wp\/v2\/media\/4136"}],"wp:attachment":[{"href":"https:\/\/fumot.uk\/da\/wp-json\/wp\/v2\/media?parent=4084"}],"wp:term":[{"taxonomy":"product_brand","embeddable":true,"href":"https:\/\/fumot.uk\/da\/wp-json\/wp\/v2\/product_brand?post=4084"},{"taxonomy":"product_cat","embeddable":true,"href":"https:\/\/fumot.uk\/da\/wp-json\/wp\/v2\/product_cat?post=4084"},{"taxonomy":"product_tag","embeddable":true,"href":"https:\/\/fumot.uk\/da\/wp-json\/wp\/v2\/product_tag?post=4084"}],"curies":[{"name":"wp","href":"https:\/\/api.w.org\/{rel}","templated":true}]}}