{"id":404,"date":"2026-01-20T02:44:09","date_gmt":"2026-01-20T02:44:09","guid":{"rendered":"https:\/\/fumot.uk\/?post_type=product&#038;p=404"},"modified":"2026-01-20T02:46:56","modified_gmt":"2026-01-20T02:46:56","slug":"randm-tornado-20000-puffs-banana-cake","status":"publish","type":"product","link":"https:\/\/fumot.uk\/da\/product\/randm-tornado-20000-puffs-banana-cake\/","title":{"rendered":"Randm Tornado 20000 Puffs-Bananekage"},"content":{"rendered":"<h3 data-start=\"50\" data-end=\"99\"><strong data-start=\"54\" data-end=\"97\">Randm Tornado 20000 Puffs \u2013 Banana Cake<\/strong><\/h3>\n<p data-start=\"101\" data-end=\"522\"><strong data-start=\"101\" data-end=\"164\">S\u00f8d og intens, nyd den ultimative dampoplevelse<\/strong><br data-start=\"164\" data-end=\"167\" \/>Randm Tornado 20000 Puffs e-cigaret med smagen Banana Cake forener den intense smag af modne bananer med den blide s\u00f8dme fra kage. Hvert sug f\u00f8les som en nybagt banankage \u2013 s\u00f8d, men ikke for p\u00e5tr\u00e6ngende \u2013 og giver en bl\u00f8d, behagelig dampoplevelse, der g\u00f8r hver brug til en forn\u00f8jelse.<\/p>\n<h3 data-start=\"524\" data-end=\"544\"><strong data-start=\"524\" data-end=\"542\">Hovedfunktioner:<\/strong><\/h3>\n<p data-start=\"548\" data-end=\"655\">\u2611 <strong data-start=\"26\" data-end=\"40\">Smag:<\/strong> Rig banankage-smag med lagdelte aromaer, perfekt som en dessert.<br data-start=\"131\" data-end=\"134\" \/>\u2611 <strong data-start=\"136\" data-end=\"154\">Nikotinindhold:<\/strong> 2% \/ 5%, for at opfylde forskellige behov.<br data-start=\"208\" data-end=\"211\" data-is-only-node=\"\" \/>\u2611 <strong data-start=\"213\" data-end=\"231\">Batterikapacitet:<\/strong> 850 mAh genopladeligt batteri for langvarig ydeevne.<br data-start=\"291\" data-end=\"294\" \/>\u2611 <strong data-start=\"296\" data-end=\"310\">Antal sug:<\/strong> Op til 20000 sug for langvarig nydelse uden hyppig genopfyldning.<br data-start=\"381\" data-end=\"384\" \/>\u2611 <strong data-start=\"386\" data-end=\"409\">E-v\u00e6ske kapacitet:<\/strong> <a href=\"https:\/\/ultravape.de\/product-tag\/20ml\/\">20 ml<\/a> for kontinuerlig dampning.<br data-start=\"445\" data-end=\"448\" \/>\u2611 <strong data-start=\"450\" data-end=\"468\">Smart Display:<\/strong> LED-display til realtids overv\u00e5gning af e-v\u00e6ske- og batteristatus, nem h\u00e5ndtering.<br data-start=\"560\" data-end=\"563\" \/>\u2611 <strong data-start=\"565\" data-end=\"591\">Dual-Mesh Teknologi:<\/strong> Intens damp og fyldig smag for en bl\u00f8d og rig dampoplevelse.<br data-start=\"684\" data-end=\"687\" \/>\u2611 <strong data-start=\"689\" data-end=\"721\">Type-C hurtigopladningsport:<\/strong> Hurtig opladning, altid klar til brug for uafbrudt nydelse.<\/p>\n<h3 data-start=\"1274\" data-end=\"1290\">M\u00e5lgruppe<\/h3>\n<p data-start=\"1328\" data-end=\"1486\">For dampere, der elsker frugtige og dessertlignende smagsvarianter og v\u00e6rds\u00e6tter h\u00f8jkvalitets, holdbare og komfortable enheder.<\/p>\n<p><strong data-start=\"1488\" data-end=\"1543\">Banana Cake \u2013 S\u00f8d forf\u00f8relse, hvert sug en nydelse<\/strong><\/p>\n<p>Randm Tornado 20000 Puffs e-cigaret i Banana Cake kombinerer avanceret teknologi med intens smagsoplevelse. Hvert sug er bl\u00f8dt, fyldigt og s\u00f8dt, uden at v\u00e6re overv\u00e6ldende, s\u00e5 du kan fordybe dig i den l\u00e6kre verden af banankage.<\/p>","protected":false},"excerpt":{"rendered":"<p>Randm Tornado 20000 Puffs \u2013 Banana Cake S\u00f8dt og intenst, nyd den ultimative dampoplevelse Randm Tornado 20000 Puffs e-cigaret med smagen Banana Cake kombinerer den intense smag af modne bananer med den blide s\u00f8dme fra kage. Hvert sug f\u00f8les som en friskbagt banankage \u2013 s\u00f8dt, men ikke for p\u00e5tr\u00e6ngende \u2013 og [\u2026]<\/p>","protected":false},"featured_media":446,"comment_status":"open","ping_status":"closed","template":"","meta":[],"product_brand":[],"product_cat":[68,69,17],"product_tag":[70,60,71,20,57,72,73,74,26,27,62,28],"class_list":{"0":"post-404","1":"product","2":"type-product","3":"status-publish","4":"has-post-thumbnail","6":"product_cat-20000-puff","7":"product_cat-randm-tornado-20000-puffs","8":"product_cat-vape","9":"product_tag-2-nikotin","10":"product_tag-20ml","11":"product_tag-5-nikotin","12":"product_tag-850mah","13":"product_tag-banana","14":"product_tag-direct-to-lung","15":"product_tag-dual-mesh","16":"product_tag-lcd-display","17":"product_tag-rechargeable","18":"product_tag-rgb-light","19":"product_tag-sale-vape","20":"product_tag-type-c","22":"first","23":"instock","24":"sale","25":"shipping-taxable","26":"purchasable","27":"product-type-variable","28":"has-default-attributes"},"yoast_head":"<!-- This site is optimized with the Yoast SEO plugin v26.8 - https:\/\/yoast.com\/product\/yoast-seo-wordpress\/ -->\n<title>Randm Tornado 20000 Puffs-Banana Cake - Fumot Official Direct | Straight from the Factory, 100% Genuine<\/title>\n<meta name=\"robots\" content=\"index, follow, max-snippet:-1, max-image-preview:large, max-video-preview:-1\" \/>\n<link rel=\"canonical\" href=\"https:\/\/fumot.uk\/da\/product\/randm-tornado-20000-puffs-banana-cake\/\" \/>\n<meta property=\"og:locale\" content=\"da_DK\" \/>\n<meta property=\"og:type\" content=\"article\" \/>\n<meta property=\"og:title\" content=\"Randm Tornado 20000 Puffs-Banana Cake - Fumot Official Direct | Straight from the Factory, 100% Genuine\" \/>\n<meta property=\"og:description\" content=\"Randm Tornado 20000 Puffs \u2013 Banana Cake S\u00fc\u00df und intensiv, genie\u00dfen Sie das ultimative DampferlebnisDie Randm Tornado 20000 Puffs E-Zigarette in der Geschmacksrichtung Banana Cake vereint den intensiven Geschmack reifer Bananen mit der sanften S\u00fc\u00dfe von Kuchen. Jeder Zug f\u00fchlt sich an wie ein frisch gebackener Bananenkuchen \u2013 s\u00fc\u00df, aber nicht zu aufdringlich \u2013 und [&hellip;]\" \/>\n<meta property=\"og:url\" content=\"https:\/\/fumot.uk\/da\/product\/randm-tornado-20000-puffs-banana-cake\/\" \/>\n<meta property=\"og:site_name\" content=\"Fumot Official Direct | Straight from the Factory, 100% Genuine\" \/>\n<meta property=\"article:modified_time\" content=\"2026-01-20T02:46:56+00:00\" \/>\n<meta property=\"og:image\" content=\"https:\/\/fumot.uk\/wp-content\/uploads\/2026\/01\/Randm-Tornado-20000-Puffs-Disposable-Vape-Banana-cake.jpg\" \/>\n\t<meta property=\"og:image:width\" content=\"2000\" \/>\n\t<meta property=\"og:image:height\" content=\"2000\" \/>\n\t<meta property=\"og:image:type\" content=\"image\/jpeg\" \/>\n<meta name=\"twitter:card\" content=\"summary_large_image\" \/>\n<meta name=\"twitter:label1\" content=\"Estimeret l\u00e6setid\" \/>\n\t<meta name=\"twitter:data1\" content=\"2 minutter\" \/>\n<script type=\"application\/ld+json\" class=\"yoast-schema-graph\">{\"@context\":\"https:\/\/schema.org\",\"@graph\":[{\"@type\":\"WebPage\",\"@id\":\"https:\/\/fumot.uk\/product\/randm-tornado-20000-puffs-banana-cake\/\",\"url\":\"https:\/\/fumot.uk\/product\/randm-tornado-20000-puffs-banana-cake\/\",\"name\":\"Randm Tornado 20000 Puffs-Banana Cake - Fumot Official Direct | Straight from the Factory, 100% Genuine\",\"isPartOf\":{\"@id\":\"https:\/\/fumot.uk\/#website\"},\"primaryImageOfPage\":{\"@id\":\"https:\/\/fumot.uk\/product\/randm-tornado-20000-puffs-banana-cake\/#primaryimage\"},\"image\":{\"@id\":\"https:\/\/fumot.uk\/product\/randm-tornado-20000-puffs-banana-cake\/#primaryimage\"},\"thumbnailUrl\":\"https:\/\/fumot.uk\/wp-content\/uploads\/2026\/01\/Randm-Tornado-20000-Puffs-Disposable-Vape-Banana-cake.jpg\",\"datePublished\":\"2026-01-20T02:44:09+00:00\",\"dateModified\":\"2026-01-20T02:46:56+00:00\",\"breadcrumb\":{\"@id\":\"https:\/\/fumot.uk\/product\/randm-tornado-20000-puffs-banana-cake\/#breadcrumb\"},\"inLanguage\":\"da-DK\",\"potentialAction\":[{\"@type\":\"ReadAction\",\"target\":[\"https:\/\/fumot.uk\/product\/randm-tornado-20000-puffs-banana-cake\/\"]}]},{\"@type\":\"ImageObject\",\"inLanguage\":\"da-DK\",\"@id\":\"https:\/\/fumot.uk\/product\/randm-tornado-20000-puffs-banana-cake\/#primaryimage\",\"url\":\"https:\/\/fumot.uk\/wp-content\/uploads\/2026\/01\/Randm-Tornado-20000-Puffs-Disposable-Vape-Banana-cake.jpg\",\"contentUrl\":\"https:\/\/fumot.uk\/wp-content\/uploads\/2026\/01\/Randm-Tornado-20000-Puffs-Disposable-Vape-Banana-cake.jpg\",\"width\":2000,\"height\":2000},{\"@type\":\"BreadcrumbList\",\"@id\":\"https:\/\/fumot.uk\/product\/randm-tornado-20000-puffs-banana-cake\/#breadcrumb\",\"itemListElement\":[{\"@type\":\"ListItem\",\"position\":1,\"name\":\"Home\",\"item\":\"https:\/\/fumot.uk\/\"},{\"@type\":\"ListItem\",\"position\":2,\"name\":\"Shop\",\"item\":\"https:\/\/fumot.uk\/shop\/\"},{\"@type\":\"ListItem\",\"position\":3,\"name\":\"Randm Tornado 20000 Puffs-Banana Cake\"}]},{\"@type\":\"WebSite\",\"@id\":\"https:\/\/fumot.uk\/#website\",\"url\":\"https:\/\/fumot.uk\/\",\"name\":\"Fumot Official Direct | Straight from the Factory, 100% Genuine\",\"description\":\"Official Website\",\"publisher\":{\"@id\":\"https:\/\/fumot.uk\/#organization\"},\"potentialAction\":[{\"@type\":\"SearchAction\",\"target\":{\"@type\":\"EntryPoint\",\"urlTemplate\":\"https:\/\/fumot.uk\/?s={search_term_string}\"},\"query-input\":{\"@type\":\"PropertyValueSpecification\",\"valueRequired\":true,\"valueName\":\"search_term_string\"}}],\"inLanguage\":\"da-DK\"},{\"@type\":\"Organization\",\"@id\":\"https:\/\/fumot.uk\/#organization\",\"name\":\"Fumot Official Direct | Straight from the Factory, 100% Genuine\",\"url\":\"https:\/\/fumot.uk\/\",\"logo\":{\"@type\":\"ImageObject\",\"inLanguage\":\"da-DK\",\"@id\":\"https:\/\/fumot.uk\/#\/schema\/logo\/image\/\",\"url\":\"https:\/\/fumot.uk\/wp-content\/uploads\/2026\/01\/cropped-fumot-logo1.png\",\"contentUrl\":\"https:\/\/fumot.uk\/wp-content\/uploads\/2026\/01\/cropped-fumot-logo1.png\",\"width\":152,\"height\":106,\"caption\":\"Fumot Official Direct | Straight from the Factory, 100% Genuine\"},\"image\":{\"@id\":\"https:\/\/fumot.uk\/#\/schema\/logo\/image\/\"}}]}<\/script>\n<!-- \/ Yoast SEO plugin. -->","yoast_head_json":{"title":"Randm Tornado 20000 Puffs-Bananekage - Fumot Officiel Direkte | Direkte fra Fabrikken, 100% \u00c6gte","robots":{"index":"index","follow":"follow","max-snippet":"max-snippet:-1","max-image-preview":"max-image-preview:large","max-video-preview":"max-video-preview:-1"},"canonical":"https:\/\/fumot.uk\/da\/product\/randm-tornado-20000-puffs-banana-cake\/","og_locale":"da_DK","og_type":"article","og_title":"Randm Tornado 20000 Puffs-Banana Cake - Fumot Official Direct | Straight from the Factory, 100% Genuine","og_description":"Randm Tornado 20000 Puffs \u2013 Banana Cake S\u00fc\u00df und intensiv, genie\u00dfen Sie das ultimative DampferlebnisDie Randm Tornado 20000 Puffs E-Zigarette in der Geschmacksrichtung Banana Cake vereint den intensiven Geschmack reifer Bananen mit der sanften S\u00fc\u00dfe von Kuchen. Jeder Zug f\u00fchlt sich an wie ein frisch gebackener Bananenkuchen \u2013 s\u00fc\u00df, aber nicht zu aufdringlich \u2013 und [&hellip;]","og_url":"https:\/\/fumot.uk\/da\/product\/randm-tornado-20000-puffs-banana-cake\/","og_site_name":"Fumot Official Direct | Straight from the Factory, 100% Genuine","article_modified_time":"2026-01-20T02:46:56+00:00","og_image":[{"width":2000,"height":2000,"url":"https:\/\/fumot.uk\/wp-content\/uploads\/2026\/01\/Randm-Tornado-20000-Puffs-Disposable-Vape-Banana-cake.jpg","type":"image\/jpeg"}],"twitter_card":"summary_large_image","twitter_misc":{"Estimeret l\u00e6setid":"2 minutter"},"schema":{"@context":"https:\/\/schema.org","@graph":[{"@type":"WebPage","@id":"https:\/\/fumot.uk\/product\/randm-tornado-20000-puffs-banana-cake\/","url":"https:\/\/fumot.uk\/product\/randm-tornado-20000-puffs-banana-cake\/","name":"Randm Tornado 20000 Puffs-Bananekage - Fumot Officiel Direkte | Direkte fra Fabrikken, 100% \u00c6gte","isPartOf":{"@id":"https:\/\/fumot.uk\/#website"},"primaryImageOfPage":{"@id":"https:\/\/fumot.uk\/product\/randm-tornado-20000-puffs-banana-cake\/#primaryimage"},"image":{"@id":"https:\/\/fumot.uk\/product\/randm-tornado-20000-puffs-banana-cake\/#primaryimage"},"thumbnailUrl":"https:\/\/fumot.uk\/wp-content\/uploads\/2026\/01\/Randm-Tornado-20000-Puffs-Disposable-Vape-Banana-cake.jpg","datePublished":"2026-01-20T02:44:09+00:00","dateModified":"2026-01-20T02:46:56+00:00","breadcrumb":{"@id":"https:\/\/fumot.uk\/product\/randm-tornado-20000-puffs-banana-cake\/#breadcrumb"},"inLanguage":"da-DK","potentialAction":[{"@type":"ReadAction","target":["https:\/\/fumot.uk\/product\/randm-tornado-20000-puffs-banana-cake\/"]}]},{"@type":"ImageObject","inLanguage":"da-DK","@id":"https:\/\/fumot.uk\/product\/randm-tornado-20000-puffs-banana-cake\/#primaryimage","url":"https:\/\/fumot.uk\/wp-content\/uploads\/2026\/01\/Randm-Tornado-20000-Puffs-Disposable-Vape-Banana-cake.jpg","contentUrl":"https:\/\/fumot.uk\/wp-content\/uploads\/2026\/01\/Randm-Tornado-20000-Puffs-Disposable-Vape-Banana-cake.jpg","width":2000,"height":2000},{"@type":"BreadcrumbList","@id":"https:\/\/fumot.uk\/product\/randm-tornado-20000-puffs-banana-cake\/#breadcrumb","itemListElement":[{"@type":"ListItem","position":1,"name":"Home","item":"https:\/\/fumot.uk\/"},{"@type":"ListItem","position":2,"name":"Shop","item":"https:\/\/fumot.uk\/shop\/"},{"@type":"ListItem","position":3,"name":"Randm Tornado 20000 Puffs-Banana Cake"}]},{"@type":"WebSite","@id":"https:\/\/fumot.uk\/#website","url":"https:\/\/fumot.uk\/","name":"Fumot Official Direct | Direkte fra fabrikken, 100% \u00c6gte","description":"Officiel hjemmeside","publisher":{"@id":"https:\/\/fumot.uk\/#organization"},"potentialAction":[{"@type":"SearchAction","target":{"@type":"EntryPoint","urlTemplate":"https:\/\/fumot.uk\/?s={search_term_string}"},"query-input":{"@type":"PropertyValueSpecification","valueRequired":true,"valueName":"search_term_string"}}],"inLanguage":"da-DK"},{"@type":"Organization","@id":"https:\/\/fumot.uk\/#organization","name":"Fumot Official Direct | Direkte fra fabrikken, 100% \u00c6gte","url":"https:\/\/fumot.uk\/","logo":{"@type":"ImageObject","inLanguage":"da-DK","@id":"https:\/\/fumot.uk\/#\/schema\/logo\/image\/","url":"https:\/\/fumot.uk\/wp-content\/uploads\/2026\/01\/cropped-fumot-logo1.png","contentUrl":"https:\/\/fumot.uk\/wp-content\/uploads\/2026\/01\/cropped-fumot-logo1.png","width":152,"height":106,"caption":"Fumot Official Direct | Straight from the Factory, 100% Genuine"},"image":{"@id":"https:\/\/fumot.uk\/#\/schema\/logo\/image\/"}}]}},"_links":{"self":[{"href":"https:\/\/fumot.uk\/da\/wp-json\/wp\/v2\/product\/404","targetHints":{"allow":["GET"]}}],"collection":[{"href":"https:\/\/fumot.uk\/da\/wp-json\/wp\/v2\/product"}],"about":[{"href":"https:\/\/fumot.uk\/da\/wp-json\/wp\/v2\/types\/product"}],"replies":[{"embeddable":true,"href":"https:\/\/fumot.uk\/da\/wp-json\/wp\/v2\/comments?post=404"}],"wp:featuredmedia":[{"embeddable":true,"href":"https:\/\/fumot.uk\/da\/wp-json\/wp\/v2\/media\/446"}],"wp:attachment":[{"href":"https:\/\/fumot.uk\/da\/wp-json\/wp\/v2\/media?parent=404"}],"wp:term":[{"taxonomy":"product_brand","embeddable":true,"href":"https:\/\/fumot.uk\/da\/wp-json\/wp\/v2\/product_brand?post=404"},{"taxonomy":"product_cat","embeddable":true,"href":"https:\/\/fumot.uk\/da\/wp-json\/wp\/v2\/product_cat?post=404"},{"taxonomy":"product_tag","embeddable":true,"href":"https:\/\/fumot.uk\/da\/wp-json\/wp\/v2\/product_tag?post=404"}],"curies":[{"name":"wp","href":"https:\/\/api.w.org\/{rel}","templated":true}]}}