{"id":3792,"date":"2026-01-21T04:04:31","date_gmt":"2026-01-21T04:04:31","guid":{"rendered":"https:\/\/fumot.uk\/?post_type=product&#038;p=3792"},"modified":"2026-01-21T09:18:50","modified_gmt":"2026-01-21T09:18:50","slug":"al-fakher-crown-bar-20000-puffs-lush-ice-frische-die-begeistert","status":"publish","type":"product","link":"https:\/\/fumot.uk\/da\/product\/al-fakher-crown-bar-20000-puffs-lush-ice-frische-die-begeistert\/","title":{"rendered":"AL FAKHER Crown Bar 20000 Puffs Lush Ice (Vandmelon Is) \u2013 LED Display, Justerbar Luftstr\u00f8m, 20ml"},"content":{"rendered":"<p>M\u00f8d <strong>AL FAKHER Crown Bar 20000 Puffs<\/strong> in <strong>Lush Is<\/strong>\u2014en spr\u00f8d, sommerinspireret <strong>vandmelon is vape<\/strong> designet til glatte <strong>DTL (Direct-to-Lung)<\/strong> sug og et premium look. Den raffinerede l\u00e6derlignende finish parres med en smart <strong>LED digital display<\/strong> og <strong>justerbare luftstr\u00f8m<\/strong>, s\u00e5 du kan tilpasse hver ind\u00e5nding til din pr\u00e6ference.<\/p>\n<h3><strong>Smag: Lush Ice (Vandmelon Is)<\/strong><\/h3>\n<p><strong>Lush Is<\/strong> blander saftig vandmelon s\u00f8dme med en k\u00f8lig, ren isafslutning. Forvent lys frugt ved ind\u00e5nding og en forfriskende chill ved ud\u00e5nding\u2014afbalanceret, frisk og let at nyde hele dagen uden at f\u00f8les tung.<\/p>\n<h3><strong>Hvorfor du vil elske Crown Bar 20000<\/strong><\/h3>\n<ul>\n<li><strong>20000+ sug<\/strong> til langvarig daglig brug<\/li>\n<li><strong>20ml e-v\u00e6ske kapacitet<\/strong> til forl\u00e6ngede sessioner<\/li>\n<li><strong>850mAh genopladeligt batteri<\/strong> med <strong>Type-C<\/strong> opladning<\/li>\n<li><strong>0.6\u03a9 mesh coil<\/strong> for konsekvent smag og j\u00e6vn damp<\/li>\n<li><strong>LED display<\/strong> for status med et enkelt blik<\/li>\n<li><strong>Justerbar luftstr\u00f8m<\/strong> til at finjustere dit sug<\/li>\n<li><strong>DTL inhalation<\/strong> (Direkte til Lunge)<\/li>\n<\/ul>\n<h3><strong>Produktspecifikationer<\/strong><\/h3>\n<ul>\n<li><strong>Produkt:<\/strong> AL FAKHER Crown Bar 20000 Puffs<\/li>\n<li><strong>Smag:<\/strong> Lush Ice (Vandmelon med Is)<\/li>\n<li><strong>E-v\u00e6ske:<\/strong> 20ml<\/li>\n<li><strong>Batteri:<\/strong> 850mAh (genopladelig, Type-C)<\/li>\n<li><strong>Spole:<\/strong> 0.6\u03a9 Mesh Coil<\/li>\n<li><strong>Sug:<\/strong> 20000+ (variere efter brug)<\/li>\n<li><strong>Display:<\/strong> LED digital display<\/li>\n<li><strong>Luftstr\u00f8m:<\/strong> Justerbar<\/li>\n<li><strong>Nikotin muligheder:<\/strong> 0% \/ 2% \/ 3% \/ 5%<\/li>\n<li><strong>Inhalation:<\/strong> DTL<\/li>\n<\/ul>\n<p>Leder du efter flere langvarige smage og enheder? Udforsk vores kollektion p\u00e5 <a href=\"https:\/\/fumot.uk\/da\/\" target=\"_blank\" rel=\"noopener\">fumot.uk<\/a>.<\/p>\n<p><strong>AL FAKHER Crown Bar 20000 Puffs \u2013 Lush Ice<\/strong>: en ren vandmelon chill, premium f\u00f8lelse, og et sug du kan tilpasse\u2014lavet til dampere, der kan lide deres friskhed med et strejf af stil.<\/p>","protected":false},"excerpt":{"rendered":"<p>AL FAKHER Crown Bar 20000 Puffs i Lush Ice (vandmelon is) med LED-display, justerbar luftstr\u00f8m, 20 ml e-v\u00e6ske, 0,6\u03a9 mesh coil og 850mAh Type\u2011C genopladeligt batteri. Nikotin: 0\/2\/3\/5%.<\/p>","protected":false},"featured_media":3822,"comment_status":"open","ping_status":"closed","template":"","meta":[],"product_brand":[],"product_cat":[68,190],"product_tag":[60,20,21,72,23,29,44,25,26,28],"class_list":{"0":"post-3792","1":"product","2":"type-product","3":"status-publish","4":"has-post-thumbnail","6":"product_cat-20000-puff","7":"product_cat-al-fakher-crown-bar-20000-puffs","8":"product_tag-20ml","9":"product_tag-850mah","10":"product_tag-adjustable-airflow","11":"product_tag-direct-to-lung","12":"product_tag-display","13":"product_tag-ice","14":"product_tag-lush","15":"product_tag-mesh-coil","16":"product_tag-rechargeable","17":"product_tag-type-c","19":"first","20":"instock","21":"sale","22":"shipping-taxable","23":"purchasable","24":"product-type-variable","25":"has-default-attributes"},"yoast_head":"<!-- This site is optimized with the Yoast SEO plugin v26.8 - https:\/\/yoast.com\/product\/yoast-seo-wordpress\/ -->\n<title>AL FAKHER Crown Bar 20000 Puffs Lush Ice | fumot.uk<\/title>\n<meta name=\"description\" content=\"Shop AL FAKHER Crown Bar 20000 Puffs Lush Ice (watermelon ice). 20ml, 850mAh Type\u2011C rechargeable, LED display, adjustable airflow, 0.6\u03a9 mesh coil, DTL.\" \/>\n<meta name=\"robots\" content=\"index, follow, max-snippet:-1, max-image-preview:large, max-video-preview:-1\" \/>\n<link rel=\"canonical\" href=\"https:\/\/fumot.uk\/da\/product\/al-fakher-crown-bar-20000-puffs-lush-ice-frische-die-begeistert\/\" \/>\n<meta property=\"og:locale\" content=\"da_DK\" \/>\n<meta property=\"og:type\" content=\"article\" \/>\n<meta property=\"og:title\" content=\"AL FAKHER Crown Bar 20000 Puffs \u2013 Lush Ice (Watermelon Ice)\" \/>\n<meta property=\"og:description\" content=\"Juicy watermelon with an icy finish. 20ml, 20000+ puffs, LED display, adjustable airflow, 0.6\u03a9 mesh coil, 850mAh Type\u2011C rechargeable. Available on fumot.uk.\" \/>\n<meta property=\"og:url\" content=\"https:\/\/fumot.uk\/da\/product\/al-fakher-crown-bar-20000-puffs-lush-ice-frische-die-begeistert\/\" \/>\n<meta property=\"og:site_name\" content=\"Fumot Official Direct | Straight from the Factory, 100% Genuine\" \/>\n<meta property=\"article:modified_time\" content=\"2026-01-21T09:18:50+00:00\" \/>\n<meta property=\"og:image\" content=\"https:\/\/fumot.uk\/wp-content\/uploads\/2026\/01\/AL-FAKHER-CROWN-BAR-20000-Puffs-Lush-Icew-Disposable-Vape-scaled-1.png\" \/>\n\t<meta property=\"og:image:width\" content=\"2560\" \/>\n\t<meta property=\"og:image:height\" content=\"2560\" \/>\n\t<meta property=\"og:image:type\" content=\"image\/png\" \/>\n<meta name=\"twitter:card\" content=\"summary_large_image\" \/>\n<meta name=\"twitter:label1\" content=\"Estimeret l\u00e6setid\" \/>\n\t<meta name=\"twitter:data1\" content=\"1 minut\" \/>\n<script type=\"application\/ld+json\" class=\"yoast-schema-graph\">{\"@context\":\"https:\/\/schema.org\",\"@graph\":[{\"@type\":\"WebPage\",\"@id\":\"https:\/\/fumot.uk\/product\/al-fakher-crown-bar-20000-puffs-lush-ice-frische-die-begeistert\/\",\"url\":\"https:\/\/fumot.uk\/product\/al-fakher-crown-bar-20000-puffs-lush-ice-frische-die-begeistert\/\",\"name\":\"AL FAKHER Crown Bar 20000 Puffs Lush Ice | fumot.uk\",\"isPartOf\":{\"@id\":\"https:\/\/fumot.uk\/#website\"},\"primaryImageOfPage\":{\"@id\":\"https:\/\/fumot.uk\/product\/al-fakher-crown-bar-20000-puffs-lush-ice-frische-die-begeistert\/#primaryimage\"},\"image\":{\"@id\":\"https:\/\/fumot.uk\/product\/al-fakher-crown-bar-20000-puffs-lush-ice-frische-die-begeistert\/#primaryimage\"},\"thumbnailUrl\":\"https:\/\/fumot.uk\/wp-content\/uploads\/2026\/01\/AL-FAKHER-CROWN-BAR-20000-Puffs-Lush-Icew-Disposable-Vape-scaled-1.png\",\"datePublished\":\"2026-01-21T04:04:31+00:00\",\"dateModified\":\"2026-01-21T09:18:50+00:00\",\"description\":\"Shop AL FAKHER Crown Bar 20000 Puffs Lush Ice (watermelon ice). 20ml, 850mAh Type\u2011C rechargeable, LED display, adjustable airflow, 0.6\u03a9 mesh coil, DTL.\",\"breadcrumb\":{\"@id\":\"https:\/\/fumot.uk\/product\/al-fakher-crown-bar-20000-puffs-lush-ice-frische-die-begeistert\/#breadcrumb\"},\"inLanguage\":\"da-DK\",\"potentialAction\":[{\"@type\":\"ReadAction\",\"target\":[\"https:\/\/fumot.uk\/product\/al-fakher-crown-bar-20000-puffs-lush-ice-frische-die-begeistert\/\"]}]},{\"@type\":\"ImageObject\",\"inLanguage\":\"da-DK\",\"@id\":\"https:\/\/fumot.uk\/product\/al-fakher-crown-bar-20000-puffs-lush-ice-frische-die-begeistert\/#primaryimage\",\"url\":\"https:\/\/fumot.uk\/wp-content\/uploads\/2026\/01\/AL-FAKHER-CROWN-BAR-20000-Puffs-Lush-Icew-Disposable-Vape-scaled-1.png\",\"contentUrl\":\"https:\/\/fumot.uk\/wp-content\/uploads\/2026\/01\/AL-FAKHER-CROWN-BAR-20000-Puffs-Lush-Icew-Disposable-Vape-scaled-1.png\",\"width\":2560,\"height\":2560},{\"@type\":\"BreadcrumbList\",\"@id\":\"https:\/\/fumot.uk\/product\/al-fakher-crown-bar-20000-puffs-lush-ice-frische-die-begeistert\/#breadcrumb\",\"itemListElement\":[{\"@type\":\"ListItem\",\"position\":1,\"name\":\"Home\",\"item\":\"https:\/\/fumot.uk\/\"},{\"@type\":\"ListItem\",\"position\":2,\"name\":\"Shop\",\"item\":\"https:\/\/fumot.uk\/shop\/\"},{\"@type\":\"ListItem\",\"position\":3,\"name\":\"AL FAKHER Crown Bar 20000 Puffs Lush Ice (Watermelon Ice) \u2013 LED Display, Adjustable Airflow, 20ml\"}]},{\"@type\":\"WebSite\",\"@id\":\"https:\/\/fumot.uk\/#website\",\"url\":\"https:\/\/fumot.uk\/\",\"name\":\"Fumot Official Direct | Straight from the Factory, 100% Genuine\",\"description\":\"Official Website\",\"publisher\":{\"@id\":\"https:\/\/fumot.uk\/#organization\"},\"potentialAction\":[{\"@type\":\"SearchAction\",\"target\":{\"@type\":\"EntryPoint\",\"urlTemplate\":\"https:\/\/fumot.uk\/?s={search_term_string}\"},\"query-input\":{\"@type\":\"PropertyValueSpecification\",\"valueRequired\":true,\"valueName\":\"search_term_string\"}}],\"inLanguage\":\"da-DK\"},{\"@type\":\"Organization\",\"@id\":\"https:\/\/fumot.uk\/#organization\",\"name\":\"Fumot Official Direct | Straight from the Factory, 100% Genuine\",\"url\":\"https:\/\/fumot.uk\/\",\"logo\":{\"@type\":\"ImageObject\",\"inLanguage\":\"da-DK\",\"@id\":\"https:\/\/fumot.uk\/#\/schema\/logo\/image\/\",\"url\":\"https:\/\/fumot.uk\/wp-content\/uploads\/2026\/01\/cropped-fumot-logo1.png\",\"contentUrl\":\"https:\/\/fumot.uk\/wp-content\/uploads\/2026\/01\/cropped-fumot-logo1.png\",\"width\":152,\"height\":106,\"caption\":\"Fumot Official Direct | Straight from the Factory, 100% Genuine\"},\"image\":{\"@id\":\"https:\/\/fumot.uk\/#\/schema\/logo\/image\/\"}}]}<\/script>\n<!-- \/ Yoast SEO plugin. -->","yoast_head_json":{"title":"AL FAKHER Crown Bar 20000 Puffs Lush Ice | fumot.uk","description":"Shop AL FAKHER Crown Bar 20000 Puffs Lush Ice (vandmelon is). 20ml, 850mAh Type\u2011C genopladelig, LED display, justerbar luftstr\u00f8m, 0.6\u03a9 mesh coil, DTL.","robots":{"index":"index","follow":"follow","max-snippet":"max-snippet:-1","max-image-preview":"max-image-preview:large","max-video-preview":"max-video-preview:-1"},"canonical":"https:\/\/fumot.uk\/da\/product\/al-fakher-crown-bar-20000-puffs-lush-ice-frische-die-begeistert\/","og_locale":"da_DK","og_type":"article","og_title":"AL FAKHER Crown Bar 20000 Puffs \u2013 Lush Ice (Watermelon Ice)","og_description":"Juicy watermelon with an icy finish. 20ml, 20000+ puffs, LED display, adjustable airflow, 0.6\u03a9 mesh coil, 850mAh Type\u2011C rechargeable. Available on fumot.uk.","og_url":"https:\/\/fumot.uk\/da\/product\/al-fakher-crown-bar-20000-puffs-lush-ice-frische-die-begeistert\/","og_site_name":"Fumot Official Direct | Straight from the Factory, 100% Genuine","article_modified_time":"2026-01-21T09:18:50+00:00","og_image":[{"width":2560,"height":2560,"url":"https:\/\/fumot.uk\/wp-content\/uploads\/2026\/01\/AL-FAKHER-CROWN-BAR-20000-Puffs-Lush-Icew-Disposable-Vape-scaled-1.png","type":"image\/png"}],"twitter_card":"summary_large_image","twitter_misc":{"Estimeret l\u00e6setid":"1 minut"},"schema":{"@context":"https:\/\/schema.org","@graph":[{"@type":"WebPage","@id":"https:\/\/fumot.uk\/product\/al-fakher-crown-bar-20000-puffs-lush-ice-frische-die-begeistert\/","url":"https:\/\/fumot.uk\/product\/al-fakher-crown-bar-20000-puffs-lush-ice-frische-die-begeistert\/","name":"AL FAKHER Crown Bar 20000 Puffs Lush Ice | fumot.uk","isPartOf":{"@id":"https:\/\/fumot.uk\/#website"},"primaryImageOfPage":{"@id":"https:\/\/fumot.uk\/product\/al-fakher-crown-bar-20000-puffs-lush-ice-frische-die-begeistert\/#primaryimage"},"image":{"@id":"https:\/\/fumot.uk\/product\/al-fakher-crown-bar-20000-puffs-lush-ice-frische-die-begeistert\/#primaryimage"},"thumbnailUrl":"https:\/\/fumot.uk\/wp-content\/uploads\/2026\/01\/AL-FAKHER-CROWN-BAR-20000-Puffs-Lush-Icew-Disposable-Vape-scaled-1.png","datePublished":"2026-01-21T04:04:31+00:00","dateModified":"2026-01-21T09:18:50+00:00","description":"Shop AL FAKHER Crown Bar 20000 Puffs Lush Ice (vandmelon is). 20ml, 850mAh Type\u2011C genopladelig, LED display, justerbar luftstr\u00f8m, 0.6\u03a9 mesh coil, DTL.","breadcrumb":{"@id":"https:\/\/fumot.uk\/product\/al-fakher-crown-bar-20000-puffs-lush-ice-frische-die-begeistert\/#breadcrumb"},"inLanguage":"da-DK","potentialAction":[{"@type":"ReadAction","target":["https:\/\/fumot.uk\/product\/al-fakher-crown-bar-20000-puffs-lush-ice-frische-die-begeistert\/"]}]},{"@type":"ImageObject","inLanguage":"da-DK","@id":"https:\/\/fumot.uk\/product\/al-fakher-crown-bar-20000-puffs-lush-ice-frische-die-begeistert\/#primaryimage","url":"https:\/\/fumot.uk\/wp-content\/uploads\/2026\/01\/AL-FAKHER-CROWN-BAR-20000-Puffs-Lush-Icew-Disposable-Vape-scaled-1.png","contentUrl":"https:\/\/fumot.uk\/wp-content\/uploads\/2026\/01\/AL-FAKHER-CROWN-BAR-20000-Puffs-Lush-Icew-Disposable-Vape-scaled-1.png","width":2560,"height":2560},{"@type":"BreadcrumbList","@id":"https:\/\/fumot.uk\/product\/al-fakher-crown-bar-20000-puffs-lush-ice-frische-die-begeistert\/#breadcrumb","itemListElement":[{"@type":"ListItem","position":1,"name":"Home","item":"https:\/\/fumot.uk\/"},{"@type":"ListItem","position":2,"name":"Shop","item":"https:\/\/fumot.uk\/shop\/"},{"@type":"ListItem","position":3,"name":"AL FAKHER Crown Bar 20000 Puffs Lush Ice (Watermelon Ice) \u2013 LED Display, Adjustable Airflow, 20ml"}]},{"@type":"WebSite","@id":"https:\/\/fumot.uk\/#website","url":"https:\/\/fumot.uk\/","name":"Fumot Official Direct | Direkte fra fabrikken, 100% \u00c6gte","description":"Officiel hjemmeside","publisher":{"@id":"https:\/\/fumot.uk\/#organization"},"potentialAction":[{"@type":"SearchAction","target":{"@type":"EntryPoint","urlTemplate":"https:\/\/fumot.uk\/?s={search_term_string}"},"query-input":{"@type":"PropertyValueSpecification","valueRequired":true,"valueName":"search_term_string"}}],"inLanguage":"da-DK"},{"@type":"Organization","@id":"https:\/\/fumot.uk\/#organization","name":"Fumot Official Direct | Direkte fra fabrikken, 100% \u00c6gte","url":"https:\/\/fumot.uk\/","logo":{"@type":"ImageObject","inLanguage":"da-DK","@id":"https:\/\/fumot.uk\/#\/schema\/logo\/image\/","url":"https:\/\/fumot.uk\/wp-content\/uploads\/2026\/01\/cropped-fumot-logo1.png","contentUrl":"https:\/\/fumot.uk\/wp-content\/uploads\/2026\/01\/cropped-fumot-logo1.png","width":152,"height":106,"caption":"Fumot Official Direct | Straight from the Factory, 100% Genuine"},"image":{"@id":"https:\/\/fumot.uk\/#\/schema\/logo\/image\/"}}]}},"_links":{"self":[{"href":"https:\/\/fumot.uk\/da\/wp-json\/wp\/v2\/product\/3792","targetHints":{"allow":["GET"]}}],"collection":[{"href":"https:\/\/fumot.uk\/da\/wp-json\/wp\/v2\/product"}],"about":[{"href":"https:\/\/fumot.uk\/da\/wp-json\/wp\/v2\/types\/product"}],"replies":[{"embeddable":true,"href":"https:\/\/fumot.uk\/da\/wp-json\/wp\/v2\/comments?post=3792"}],"wp:featuredmedia":[{"embeddable":true,"href":"https:\/\/fumot.uk\/da\/wp-json\/wp\/v2\/media\/3822"}],"wp:attachment":[{"href":"https:\/\/fumot.uk\/da\/wp-json\/wp\/v2\/media?parent=3792"}],"wp:term":[{"taxonomy":"product_brand","embeddable":true,"href":"https:\/\/fumot.uk\/da\/wp-json\/wp\/v2\/product_brand?post=3792"},{"taxonomy":"product_cat","embeddable":true,"href":"https:\/\/fumot.uk\/da\/wp-json\/wp\/v2\/product_cat?post=3792"},{"taxonomy":"product_tag","embeddable":true,"href":"https:\/\/fumot.uk\/da\/wp-json\/wp\/v2\/product_tag?post=3792"}],"curies":[{"name":"wp","href":"https:\/\/api.w.org\/{rel}","templated":true}]}}