{"id":3780,"date":"2026-01-21T04:04:28","date_gmt":"2026-01-21T04:04:28","guid":{"rendered":"https:\/\/fumot.uk\/?post_type=product&#038;p=3780"},"modified":"2026-01-21T09:25:34","modified_gmt":"2026-01-21T09:25:34","slug":"al-fakher-crown-bar-15k-puffs-grape-mint","status":"publish","type":"product","link":"https:\/\/fumot.uk\/da\/product\/al-fakher-crown-bar-15k-puffs-grape-mint\/","title":{"rendered":"AL FAKHER Crown Bar 15K Puffs Disposable Vape \u2013 Grape Mint, 20ml, Rechargeable Type\u2011C, Smart LED Display"},"content":{"rendered":"<h3>AL FAKHER Crown Bar 15K Puffs \u2013 Druemynte<\/h3>\n<p><strong>AL FAKHER Crown Bar 15K Puffs Druemynte<\/strong> er en engangsvape med h\u00f8j kapacitet designet til lange sessioner og ren, konsekvent smag. Med op til <strong>15.000 sug<\/strong>, en gener\u00f8s <strong>20 ml e\u2011v\u00e6ske kapacitet<\/strong>, og en glat <strong>0.6\u03a9 mesh coil<\/strong>, leverer den t\u00e6t damp og en skarp smag fra f\u00f8rste sug til sidste.<\/p>\n<p>Smagsprofilen er lys og forfriskende: saftig <strong>drues\u00f8dme<\/strong> balanceret af en k\u00f8lig <strong>mynteafslutning<\/strong>. Det er en nem mulighed hele dagen, hvis du kan lide frugtige blandinger med en frisk eftersmag.<\/p>\n<p>Bygget for bekvemmelighed, den har en <strong>850mAh genopladeligt batteri<\/strong> med <strong>Type\u2011C hurtig opladning<\/strong>. Den integrerede <strong>LED smart display<\/strong> hj\u00e6lper dig med at holde styr p\u00e5 batteri- og e-v\u00e6skeniveauer med et blik\u2014s\u00e5 du ikke g\u00e6tter, hvorn\u00e5r det er tid til at genoplade.<\/p>\n<p>lys frugtprofil der ikke f\u00f8les overv\u00e6ldende <a href=\"https:\/\/fumot.uk\/da\/\">fumot.uk<\/a> og gennemse vores samling af <a href=\"https:\/\/fumot.uk\/da\/product-tag\/smart-display\/\">Smart Display vapes<\/a> for lettere daglig brug.<\/p>\n<h4>N\u00f8glefunktioner<\/h4>\n<ul>\n<li><strong>Sug:<\/strong> Op til 15.000<\/li>\n<li><strong>E-v\u00e6ske kapacitet:<\/strong> 20ml<\/li>\n<li><strong>Spole:<\/strong> 0.6\u03a9 Mesh Coil<\/li>\n<li><strong>Batteri:<\/strong> 850mAh (Genopladelig)<\/li>\n<li><strong>Opladning:<\/strong> Type\u2011C<\/li>\n<li><strong>Display:<\/strong> LED Smart Display (batteri- og v\u00e6skeindikatorer)<\/li>\n<li><strong>Nikotinstyrker:<\/strong> 0% \/ 2% \/ 3% \/ 5%<\/li>\n<\/ul>\n<h4>Hvorfor du vil kunne lide Druemynte<\/h4>\n<ul>\n<li>S\u00f8d drue i front med en k\u00f8lende mynteud\u00e5nding<\/li>\n<li>Balanceret, forfriskende smag\u2014god til daglig brug<\/li>\n<li>Mesh coil hj\u00e6lper med at opretholde smagskonsistens<\/li>\n<\/ul>\n<p><em>Bem\u00e6rk:<\/em> Antal sug kan variere afh\u00e6ngigt af brugsvaner.<\/p>","protected":false},"excerpt":{"rendered":"<p>AL FAKHER Crown Bar 15K Puffs i Grape Mint: saftig drue med en k\u00f8lig mintafslutning, 20 ml e\u2011v\u00e6ske, 850mAh Type\u2011C genopladeligt batteri, 0.6\u03a9 mesh coil, og LED smart display.<\/p>","protected":false},"featured_media":3810,"comment_status":"open","ping_status":"closed","template":"","meta":[],"product_brand":[],"product_cat":[16,189,17],"product_tag":[60,20,72,23,39,25,61,26,27,62,28],"class_list":{"0":"post-3780","1":"product","2":"type-product","3":"status-publish","4":"has-post-thumbnail","6":"product_cat-15000-puff","7":"product_cat-al-fakher-crown-bar-15k-puffs","8":"product_cat-vape","9":"product_tag-20ml","10":"product_tag-850mah","11":"product_tag-direct-to-lung","12":"product_tag-display","13":"product_tag-grape","14":"product_tag-mesh-coil","15":"product_tag-mint","16":"product_tag-rechargeable","17":"product_tag-rgb-light","18":"product_tag-sale-vape","19":"product_tag-type-c","21":"first","22":"instock","23":"sale","24":"shipping-taxable","25":"purchasable","26":"product-type-variable","27":"has-default-attributes"},"yoast_head":"<!-- This site is optimized with the Yoast SEO plugin v26.8 - https:\/\/yoast.com\/product\/yoast-seo-wordpress\/ -->\n<title>AL FAKHER Crown Bar 15K Grape Mint | 20ml Smart Display<\/title>\n<meta name=\"description\" content=\"AL FAKHER Crown Bar 15K Puffs Grape Mint disposable vape with 20ml, 850mAh Type\u2011C rechargeable battery, 0.6\u03a9 mesh coil and LED smart display. 0-5% nicotine.\" \/>\n<meta name=\"robots\" content=\"index, follow, max-snippet:-1, max-image-preview:large, max-video-preview:-1\" \/>\n<link rel=\"canonical\" href=\"https:\/\/fumot.uk\/da\/product\/al-fakher-crown-bar-15k-puffs-grape-mint\/\" \/>\n<meta property=\"og:locale\" content=\"da_DK\" \/>\n<meta property=\"og:type\" content=\"article\" \/>\n<meta property=\"og:title\" content=\"AL FAKHER Crown Bar 15K Puffs \u2013 Grape Mint\" \/>\n<meta property=\"og:description\" content=\"Juicy grape meets cool mint in a long-lasting 15K puff device with 20ml capacity, Type\u2011C recharging, 0.6\u03a9 mesh coil, and an LED smart display.\" \/>\n<meta property=\"og:url\" content=\"https:\/\/fumot.uk\/da\/product\/al-fakher-crown-bar-15k-puffs-grape-mint\/\" \/>\n<meta property=\"og:site_name\" content=\"Fumot Official Direct | Straight from the Factory, 100% Genuine\" \/>\n<meta property=\"article:modified_time\" content=\"2026-01-21T09:25:34+00:00\" \/>\n<meta property=\"og:image\" content=\"https:\/\/fumot.uk\/wp-content\/uploads\/2026\/01\/AL-FAKHER-CROWN-BAR-15k_Grape-Mint-Disposable-Vape.jpg\" \/>\n\t<meta property=\"og:image:width\" content=\"1246\" \/>\n\t<meta property=\"og:image:height\" content=\"1390\" \/>\n\t<meta property=\"og:image:type\" content=\"image\/jpeg\" \/>\n<meta name=\"twitter:card\" content=\"summary_large_image\" \/>\n<meta name=\"twitter:label1\" content=\"Estimeret l\u00e6setid\" \/>\n\t<meta name=\"twitter:data1\" content=\"1 minut\" \/>\n<script type=\"application\/ld+json\" class=\"yoast-schema-graph\">{\"@context\":\"https:\/\/schema.org\",\"@graph\":[{\"@type\":\"WebPage\",\"@id\":\"https:\/\/fumot.uk\/product\/al-fakher-crown-bar-15k-puffs-grape-mint\/\",\"url\":\"https:\/\/fumot.uk\/product\/al-fakher-crown-bar-15k-puffs-grape-mint\/\",\"name\":\"AL FAKHER Crown Bar 15K Grape Mint | 20ml Smart Display\",\"isPartOf\":{\"@id\":\"https:\/\/fumot.uk\/#website\"},\"primaryImageOfPage\":{\"@id\":\"https:\/\/fumot.uk\/product\/al-fakher-crown-bar-15k-puffs-grape-mint\/#primaryimage\"},\"image\":{\"@id\":\"https:\/\/fumot.uk\/product\/al-fakher-crown-bar-15k-puffs-grape-mint\/#primaryimage\"},\"thumbnailUrl\":\"https:\/\/fumot.uk\/wp-content\/uploads\/2026\/01\/AL-FAKHER-CROWN-BAR-15k_Grape-Mint-Disposable-Vape.jpg\",\"datePublished\":\"2026-01-21T04:04:28+00:00\",\"dateModified\":\"2026-01-21T09:25:34+00:00\",\"description\":\"AL FAKHER Crown Bar 15K Puffs Grape Mint disposable vape with 20ml, 850mAh Type\u2011C rechargeable battery, 0.6\u03a9 mesh coil and LED smart display. 0-5% nicotine.\",\"breadcrumb\":{\"@id\":\"https:\/\/fumot.uk\/product\/al-fakher-crown-bar-15k-puffs-grape-mint\/#breadcrumb\"},\"inLanguage\":\"da-DK\",\"potentialAction\":[{\"@type\":\"ReadAction\",\"target\":[\"https:\/\/fumot.uk\/product\/al-fakher-crown-bar-15k-puffs-grape-mint\/\"]}]},{\"@type\":\"ImageObject\",\"inLanguage\":\"da-DK\",\"@id\":\"https:\/\/fumot.uk\/product\/al-fakher-crown-bar-15k-puffs-grape-mint\/#primaryimage\",\"url\":\"https:\/\/fumot.uk\/wp-content\/uploads\/2026\/01\/AL-FAKHER-CROWN-BAR-15k_Grape-Mint-Disposable-Vape.jpg\",\"contentUrl\":\"https:\/\/fumot.uk\/wp-content\/uploads\/2026\/01\/AL-FAKHER-CROWN-BAR-15k_Grape-Mint-Disposable-Vape.jpg\",\"width\":1246,\"height\":1390},{\"@type\":\"BreadcrumbList\",\"@id\":\"https:\/\/fumot.uk\/product\/al-fakher-crown-bar-15k-puffs-grape-mint\/#breadcrumb\",\"itemListElement\":[{\"@type\":\"ListItem\",\"position\":1,\"name\":\"Home\",\"item\":\"https:\/\/fumot.uk\/\"},{\"@type\":\"ListItem\",\"position\":2,\"name\":\"Shop\",\"item\":\"https:\/\/fumot.uk\/shop\/\"},{\"@type\":\"ListItem\",\"position\":3,\"name\":\"AL FAKHER Crown Bar 15K Puffs Disposable Vape \u2013 Grape Mint, 20ml, Rechargeable Type\u2011C, Smart LED Display\"}]},{\"@type\":\"WebSite\",\"@id\":\"https:\/\/fumot.uk\/#website\",\"url\":\"https:\/\/fumot.uk\/\",\"name\":\"Fumot Official Direct | Straight from the Factory, 100% Genuine\",\"description\":\"Official Website\",\"publisher\":{\"@id\":\"https:\/\/fumot.uk\/#organization\"},\"potentialAction\":[{\"@type\":\"SearchAction\",\"target\":{\"@type\":\"EntryPoint\",\"urlTemplate\":\"https:\/\/fumot.uk\/?s={search_term_string}\"},\"query-input\":{\"@type\":\"PropertyValueSpecification\",\"valueRequired\":true,\"valueName\":\"search_term_string\"}}],\"inLanguage\":\"da-DK\"},{\"@type\":\"Organization\",\"@id\":\"https:\/\/fumot.uk\/#organization\",\"name\":\"Fumot Official Direct | Straight from the Factory, 100% Genuine\",\"url\":\"https:\/\/fumot.uk\/\",\"logo\":{\"@type\":\"ImageObject\",\"inLanguage\":\"da-DK\",\"@id\":\"https:\/\/fumot.uk\/#\/schema\/logo\/image\/\",\"url\":\"https:\/\/fumot.uk\/wp-content\/uploads\/2026\/01\/cropped-fumot-logo1.png\",\"contentUrl\":\"https:\/\/fumot.uk\/wp-content\/uploads\/2026\/01\/cropped-fumot-logo1.png\",\"width\":152,\"height\":106,\"caption\":\"Fumot Official Direct | Straight from the Factory, 100% Genuine\"},\"image\":{\"@id\":\"https:\/\/fumot.uk\/#\/schema\/logo\/image\/\"}}]}<\/script>\n<!-- \/ Yoast SEO plugin. -->","yoast_head_json":{"title":"AL FAKHER Crown Bar 15K Drue Mynte | 20ml Smart Display","description":"AL FAKHER Crown Bar 15K Puffs Grape Mint engangs-vape med 20ml, 850mAh Type-C genopladeligt batteri, 0.6\u03a9 mesh coil og LED smart display. 0-5% nikotin.","robots":{"index":"index","follow":"follow","max-snippet":"max-snippet:-1","max-image-preview":"max-image-preview:large","max-video-preview":"max-video-preview:-1"},"canonical":"https:\/\/fumot.uk\/da\/product\/al-fakher-crown-bar-15k-puffs-grape-mint\/","og_locale":"da_DK","og_type":"article","og_title":"AL FAKHER Crown Bar 15K Puffs \u2013 Grape Mint","og_description":"Juicy grape meets cool mint in a long-lasting 15K puff device with 20ml capacity, Type\u2011C recharging, 0.6\u03a9 mesh coil, and an LED smart display.","og_url":"https:\/\/fumot.uk\/da\/product\/al-fakher-crown-bar-15k-puffs-grape-mint\/","og_site_name":"Fumot Official Direct | Straight from the Factory, 100% Genuine","article_modified_time":"2026-01-21T09:25:34+00:00","og_image":[{"width":1246,"height":1390,"url":"https:\/\/fumot.uk\/wp-content\/uploads\/2026\/01\/AL-FAKHER-CROWN-BAR-15k_Grape-Mint-Disposable-Vape.jpg","type":"image\/jpeg"}],"twitter_card":"summary_large_image","twitter_misc":{"Estimeret l\u00e6setid":"1 minut"},"schema":{"@context":"https:\/\/schema.org","@graph":[{"@type":"WebPage","@id":"https:\/\/fumot.uk\/product\/al-fakher-crown-bar-15k-puffs-grape-mint\/","url":"https:\/\/fumot.uk\/product\/al-fakher-crown-bar-15k-puffs-grape-mint\/","name":"AL FAKHER Crown Bar 15K Drue Mynte | 20ml Smart Display","isPartOf":{"@id":"https:\/\/fumot.uk\/#website"},"primaryImageOfPage":{"@id":"https:\/\/fumot.uk\/product\/al-fakher-crown-bar-15k-puffs-grape-mint\/#primaryimage"},"image":{"@id":"https:\/\/fumot.uk\/product\/al-fakher-crown-bar-15k-puffs-grape-mint\/#primaryimage"},"thumbnailUrl":"https:\/\/fumot.uk\/wp-content\/uploads\/2026\/01\/AL-FAKHER-CROWN-BAR-15k_Grape-Mint-Disposable-Vape.jpg","datePublished":"2026-01-21T04:04:28+00:00","dateModified":"2026-01-21T09:25:34+00:00","description":"AL FAKHER Crown Bar 15K Puffs Grape Mint engangs-vape med 20ml, 850mAh Type-C genopladeligt batteri, 0.6\u03a9 mesh coil og LED smart display. 0-5% nikotin.","breadcrumb":{"@id":"https:\/\/fumot.uk\/product\/al-fakher-crown-bar-15k-puffs-grape-mint\/#breadcrumb"},"inLanguage":"da-DK","potentialAction":[{"@type":"ReadAction","target":["https:\/\/fumot.uk\/product\/al-fakher-crown-bar-15k-puffs-grape-mint\/"]}]},{"@type":"ImageObject","inLanguage":"da-DK","@id":"https:\/\/fumot.uk\/product\/al-fakher-crown-bar-15k-puffs-grape-mint\/#primaryimage","url":"https:\/\/fumot.uk\/wp-content\/uploads\/2026\/01\/AL-FAKHER-CROWN-BAR-15k_Grape-Mint-Disposable-Vape.jpg","contentUrl":"https:\/\/fumot.uk\/wp-content\/uploads\/2026\/01\/AL-FAKHER-CROWN-BAR-15k_Grape-Mint-Disposable-Vape.jpg","width":1246,"height":1390},{"@type":"BreadcrumbList","@id":"https:\/\/fumot.uk\/product\/al-fakher-crown-bar-15k-puffs-grape-mint\/#breadcrumb","itemListElement":[{"@type":"ListItem","position":1,"name":"Home","item":"https:\/\/fumot.uk\/"},{"@type":"ListItem","position":2,"name":"Shop","item":"https:\/\/fumot.uk\/shop\/"},{"@type":"ListItem","position":3,"name":"AL FAKHER Crown Bar 15K Puffs Disposable Vape \u2013 Grape Mint, 20ml, Rechargeable Type\u2011C, Smart LED Display"}]},{"@type":"WebSite","@id":"https:\/\/fumot.uk\/#website","url":"https:\/\/fumot.uk\/","name":"Fumot Official Direct | Direkte fra fabrikken, 100% \u00c6gte","description":"Officiel hjemmeside","publisher":{"@id":"https:\/\/fumot.uk\/#organization"},"potentialAction":[{"@type":"SearchAction","target":{"@type":"EntryPoint","urlTemplate":"https:\/\/fumot.uk\/?s={search_term_string}"},"query-input":{"@type":"PropertyValueSpecification","valueRequired":true,"valueName":"search_term_string"}}],"inLanguage":"da-DK"},{"@type":"Organization","@id":"https:\/\/fumot.uk\/#organization","name":"Fumot Official Direct | Direkte fra fabrikken, 100% \u00c6gte","url":"https:\/\/fumot.uk\/","logo":{"@type":"ImageObject","inLanguage":"da-DK","@id":"https:\/\/fumot.uk\/#\/schema\/logo\/image\/","url":"https:\/\/fumot.uk\/wp-content\/uploads\/2026\/01\/cropped-fumot-logo1.png","contentUrl":"https:\/\/fumot.uk\/wp-content\/uploads\/2026\/01\/cropped-fumot-logo1.png","width":152,"height":106,"caption":"Fumot Official Direct | Straight from the Factory, 100% Genuine"},"image":{"@id":"https:\/\/fumot.uk\/#\/schema\/logo\/image\/"}}]}},"_links":{"self":[{"href":"https:\/\/fumot.uk\/da\/wp-json\/wp\/v2\/product\/3780","targetHints":{"allow":["GET"]}}],"collection":[{"href":"https:\/\/fumot.uk\/da\/wp-json\/wp\/v2\/product"}],"about":[{"href":"https:\/\/fumot.uk\/da\/wp-json\/wp\/v2\/types\/product"}],"replies":[{"embeddable":true,"href":"https:\/\/fumot.uk\/da\/wp-json\/wp\/v2\/comments?post=3780"}],"wp:featuredmedia":[{"embeddable":true,"href":"https:\/\/fumot.uk\/da\/wp-json\/wp\/v2\/media\/3810"}],"wp:attachment":[{"href":"https:\/\/fumot.uk\/da\/wp-json\/wp\/v2\/media?parent=3780"}],"wp:term":[{"taxonomy":"product_brand","embeddable":true,"href":"https:\/\/fumot.uk\/da\/wp-json\/wp\/v2\/product_brand?post=3780"},{"taxonomy":"product_cat","embeddable":true,"href":"https:\/\/fumot.uk\/da\/wp-json\/wp\/v2\/product_cat?post=3780"},{"taxonomy":"product_tag","embeddable":true,"href":"https:\/\/fumot.uk\/da\/wp-json\/wp\/v2\/product_tag?post=3780"}],"curies":[{"name":"wp","href":"https:\/\/api.w.org\/{rel}","templated":true}]}}