{"id":3595,"date":"2026-01-20T10:14:16","date_gmt":"2026-01-20T10:14:16","guid":{"rendered":"https:\/\/fumot.uk\/?post_type=product&#038;p=3595"},"modified":"2026-01-21T01:28:01","modified_gmt":"2026-01-21T01:28:01","slug":"waspe-fw-30000-puffs-watermelon-bubblegum","status":"publish","type":"product","link":"https:\/\/fumot.uk\/da\/product\/waspe-fw-30000-puffs-watermelon-bubblegum\/","title":{"rendered":"WASPE FW-30000 Puffs Engangs Vape \u2013 Vandmelon Tyggegummi, Dobbelt Mesh, Justerbar Luftstr\u00f8m"},"content":{"rendered":"<h2>WASPE FW-30000 Vandmelon Bubblegum (30.000 sug) \u2013 Saftig Melon M\u00f8der Slik Tyggegummi<\/h2>\n<p>Synk ned i en legesyg, frugt-s\u00f8d blanding med <strong>WASPE FW-30000 Vandmelon Bubblegum<\/strong>. Hver sug leverer en lys vandmelon note efterfulgt af en glat bubblegum afslutning\u2014s\u00f8d, ren og behageligt langvarig. Designet til daglig vaping eller nem brug hvor som helst, denne smag forbliver forfriskende uden at f\u00f8les tung.<\/p>\n<h3>Smagsfremh\u00e6vning: Vandmelon Bubblegum<\/h3>\n<ul>\n<li><strong>Saftig vandmelon<\/strong> i front med en spr\u00f8d, sommerlig stemning<\/li>\n<li><strong>Bubblegum s\u00f8dme<\/strong> ved ud\u00e5nding for en nostalgisk slik afslutning<\/li>\n<li><strong>Glat halsf\u00f8lelse<\/strong> med konsistent dampudgang<\/li>\n<\/ul>\n<h3>Hvorfor Du Vil Elske WASPE FW-30000<\/h3>\n<ul>\n<li><strong>Op til 30.000 sug (Regul\u00e6r tilstand)<\/strong> for forl\u00e6nget nydelse<\/li>\n<li><strong>Puls tilstand (op til 15.000 sug)<\/strong> for et st\u00e6rkere, mere intenst hit<\/li>\n<li><strong>Dobbelt Mesh Coil (1\u03a9 + 1\u03a9)<\/strong> for j\u00e6vn opvarmning, t\u00e6t damp og ren smag<\/li>\n<li><strong>Justerbar luftstr\u00f8m<\/strong> til at finjustere dit sug<\/li>\n<li><strong>Smart LED-display<\/strong> viser batteri- og e-v\u00e6ske niveau med et blik<\/li>\n<li><strong>Type-C genopladelig (850mAh)<\/strong> til praktisk genopladning<\/li>\n<\/ul>\n<h3>Tilstande &amp; Luftstr\u00f8m<\/h3>\n<p>Den roterende luftstr\u00f8mskontrol lader dig nemt skifte din oplevelse:<\/p>\n<ul>\n<li><strong>Standard \/ Almindelig Tilstand:<\/strong> op til <strong>30.000 sug<\/strong>\u2014afbalanceret smag til hele dagen vaping<\/li>\n<li><strong>Puls Tilstand:<\/strong> op til <strong>15.000 sug<\/strong>\u2014mere kraftfuld smag og en st\u00e6rkere halsf\u00f8lelse<\/li>\n<\/ul>\n<h3>Specifikationer<\/h3>\n<ul>\n<li><strong>Sug:<\/strong> Regular 30.000 \/ Puls 15.000<\/li>\n<li><strong>Spole:<\/strong> Dobbelt Mesh 1\u03a9 + 1\u03a9<\/li>\n<li><strong>E-v\u00e6ske kapacitet:<\/strong> 28ml<\/li>\n<li><strong>Nikotin muligheder:<\/strong> 0% \/ 2% \/ 5%<\/li>\n<li><strong>Batteri:<\/strong> 850mAh<\/li>\n<li><strong>Opladning:<\/strong> Type-C<\/li>\n<li><strong>Funktioner:<\/strong> Justerbar luftstr\u00f8m, LED display<\/li>\n<\/ul>\n<h3>Udforsk Mere p\u00e5 fumot.uk<\/h3>\n<p>Leder du efter mere langvarige smage og h\u00f8j-sug engangsprodukter? Gennemse vores samling p\u00e5 <a href=\"https:\/\/fumot.uk\/da\/\">fumot.uk<\/a> og opdag mere <a href=\"https:\/\/fumot.uk\/da\/product-tag\/30000-puff\/\">30000 sug vapes<\/a> og <a href=\"https:\/\/fumot.uk\/da\/product-tag\/waspe\/\">WASPE<\/a> muligheder.<\/p>","protected":false},"excerpt":{"rendered":"<p>WASPE FW-30000 Vandmelon Bubblegum engangs-vape med op til 30.000 sug (Regul\u00e6r), Dual Mesh coil, justerbar luftstr\u00f8m, LED-display, 28ml e-v\u00e6ske og Type-C genopladeligt 850mAh batteri. Nikotin: 0%\/2%\/5%.<\/p>","protected":false},"featured_media":3638,"comment_status":"open","ping_status":"closed","template":"","meta":[],"product_brand":[],"product_cat":[125,17,187],"product_tag":[84,70,124,71,20,21,49,72,23,73,26,28,32],"class_list":{"0":"post-3595","1":"product","2":"type-product","3":"status-publish","4":"has-post-thumbnail","6":"product_cat-30000-puff","7":"product_cat-vape","8":"product_cat-waspe-fw-30000-puffs","9":"product_tag-0-nikotin","10":"product_tag-2-nikotin","11":"product_tag-28ml","12":"product_tag-5-nikotin","13":"product_tag-850mah","14":"product_tag-adjustable-airflow","15":"product_tag-bubblegum","16":"product_tag-direct-to-lung","17":"product_tag-display","18":"product_tag-dual-mesh","19":"product_tag-rechargeable","20":"product_tag-type-c","21":"product_tag-watermelon","23":"first","24":"instock","25":"sale","26":"shipping-taxable","27":"purchasable","28":"product-type-variable","29":"has-default-attributes"},"yoast_head":"<!-- This site is optimized with the Yoast SEO plugin v26.8 - https:\/\/yoast.com\/product\/yoast-seo-wordpress\/ -->\n<title>WASPE FW-30000 Watermelon Bubblegum | 30,000 Puffs<\/title>\n<meta name=\"description\" content=\"WASPE FW-30000 Watermelon Bubblegum: up to 30,000 puffs, Dual Mesh 1\u03a9+1\u03a9, adjustable airflow, LED display, 28ml, 850mAh Type\u2011C. 0\/2\/5%.\" \/>\n<meta name=\"robots\" content=\"index, follow, max-snippet:-1, max-image-preview:large, max-video-preview:-1\" \/>\n<link rel=\"canonical\" href=\"https:\/\/fumot.uk\/da\/product\/waspe-fw-30000-puffs-watermelon-bubblegum\/\" \/>\n<meta property=\"og:locale\" content=\"da_DK\" \/>\n<meta property=\"og:type\" content=\"article\" \/>\n<meta property=\"og:title\" content=\"WASPE FW-30000 Watermelon Bubblegum \u2013 Up to 30,000 Puffs\" \/>\n<meta property=\"og:description\" content=\"Juicy watermelon with a bubblegum finish. Dual Mesh coil, adjustable airflow, LED display, 28ml e-liquid, Type\u2011C rechargeable 850mAh. 0\/2\/5% nicotine.\" \/>\n<meta property=\"og:url\" content=\"https:\/\/fumot.uk\/da\/product\/waspe-fw-30000-puffs-watermelon-bubblegum\/\" \/>\n<meta property=\"og:site_name\" content=\"Fumot Official Direct | Straight from the Factory, 100% Genuine\" \/>\n<meta property=\"article:modified_time\" content=\"2026-01-21T01:28:01+00:00\" \/>\n<meta property=\"og:image\" content=\"https:\/\/fumot.uk\/wp-content\/uploads\/2026\/01\/Watermelon-Bubblegum-WASPE-FW-30000-PUFFS-Disposable-Vape.jpg\" \/>\n\t<meta property=\"og:image:width\" content=\"1600\" \/>\n\t<meta property=\"og:image:height\" content=\"1600\" \/>\n\t<meta property=\"og:image:type\" content=\"image\/jpeg\" \/>\n<meta name=\"twitter:card\" content=\"summary_large_image\" \/>\n<meta name=\"twitter:label1\" content=\"Estimeret l\u00e6setid\" \/>\n\t<meta name=\"twitter:data1\" content=\"2 minutter\" \/>\n<script type=\"application\/ld+json\" class=\"yoast-schema-graph\">{\"@context\":\"https:\/\/schema.org\",\"@graph\":[{\"@type\":\"WebPage\",\"@id\":\"https:\/\/fumot.uk\/product\/waspe-fw-30000-puffs-watermelon-bubblegum\/\",\"url\":\"https:\/\/fumot.uk\/product\/waspe-fw-30000-puffs-watermelon-bubblegum\/\",\"name\":\"WASPE FW-30000 Watermelon Bubblegum | 30,000 Puffs\",\"isPartOf\":{\"@id\":\"https:\/\/fumot.uk\/#website\"},\"primaryImageOfPage\":{\"@id\":\"https:\/\/fumot.uk\/product\/waspe-fw-30000-puffs-watermelon-bubblegum\/#primaryimage\"},\"image\":{\"@id\":\"https:\/\/fumot.uk\/product\/waspe-fw-30000-puffs-watermelon-bubblegum\/#primaryimage\"},\"thumbnailUrl\":\"https:\/\/fumot.uk\/wp-content\/uploads\/2026\/01\/Watermelon-Bubblegum-WASPE-FW-30000-PUFFS-Disposable-Vape.jpg\",\"datePublished\":\"2026-01-20T10:14:16+00:00\",\"dateModified\":\"2026-01-21T01:28:01+00:00\",\"description\":\"WASPE FW-30000 Watermelon Bubblegum: up to 30,000 puffs, Dual Mesh 1\u03a9+1\u03a9, adjustable airflow, LED display, 28ml, 850mAh Type\u2011C. 0\/2\/5%.\",\"breadcrumb\":{\"@id\":\"https:\/\/fumot.uk\/product\/waspe-fw-30000-puffs-watermelon-bubblegum\/#breadcrumb\"},\"inLanguage\":\"da-DK\",\"potentialAction\":[{\"@type\":\"ReadAction\",\"target\":[\"https:\/\/fumot.uk\/product\/waspe-fw-30000-puffs-watermelon-bubblegum\/\"]}]},{\"@type\":\"ImageObject\",\"inLanguage\":\"da-DK\",\"@id\":\"https:\/\/fumot.uk\/product\/waspe-fw-30000-puffs-watermelon-bubblegum\/#primaryimage\",\"url\":\"https:\/\/fumot.uk\/wp-content\/uploads\/2026\/01\/Watermelon-Bubblegum-WASPE-FW-30000-PUFFS-Disposable-Vape.jpg\",\"contentUrl\":\"https:\/\/fumot.uk\/wp-content\/uploads\/2026\/01\/Watermelon-Bubblegum-WASPE-FW-30000-PUFFS-Disposable-Vape.jpg\",\"width\":1600,\"height\":1600},{\"@type\":\"BreadcrumbList\",\"@id\":\"https:\/\/fumot.uk\/product\/waspe-fw-30000-puffs-watermelon-bubblegum\/#breadcrumb\",\"itemListElement\":[{\"@type\":\"ListItem\",\"position\":1,\"name\":\"Home\",\"item\":\"https:\/\/fumot.uk\/\"},{\"@type\":\"ListItem\",\"position\":2,\"name\":\"Shop\",\"item\":\"https:\/\/fumot.uk\/shop\/\"},{\"@type\":\"ListItem\",\"position\":3,\"name\":\"WASPE FW-30000 Puffs Disposable Vape \u2013 Watermelon Bubblegum, Dual Mesh, Adjustable Airflow\"}]},{\"@type\":\"WebSite\",\"@id\":\"https:\/\/fumot.uk\/#website\",\"url\":\"https:\/\/fumot.uk\/\",\"name\":\"Fumot Official Direct | Straight from the Factory, 100% Genuine\",\"description\":\"Official Website\",\"publisher\":{\"@id\":\"https:\/\/fumot.uk\/#organization\"},\"potentialAction\":[{\"@type\":\"SearchAction\",\"target\":{\"@type\":\"EntryPoint\",\"urlTemplate\":\"https:\/\/fumot.uk\/?s={search_term_string}\"},\"query-input\":{\"@type\":\"PropertyValueSpecification\",\"valueRequired\":true,\"valueName\":\"search_term_string\"}}],\"inLanguage\":\"da-DK\"},{\"@type\":\"Organization\",\"@id\":\"https:\/\/fumot.uk\/#organization\",\"name\":\"Fumot Official Direct | Straight from the Factory, 100% Genuine\",\"url\":\"https:\/\/fumot.uk\/\",\"logo\":{\"@type\":\"ImageObject\",\"inLanguage\":\"da-DK\",\"@id\":\"https:\/\/fumot.uk\/#\/schema\/logo\/image\/\",\"url\":\"https:\/\/fumot.uk\/wp-content\/uploads\/2026\/01\/cropped-fumot-logo1.png\",\"contentUrl\":\"https:\/\/fumot.uk\/wp-content\/uploads\/2026\/01\/cropped-fumot-logo1.png\",\"width\":152,\"height\":106,\"caption\":\"Fumot Official Direct | Straight from the Factory, 100% Genuine\"},\"image\":{\"@id\":\"https:\/\/fumot.uk\/#\/schema\/logo\/image\/\"}}]}<\/script>\n<!-- \/ Yoast SEO plugin. -->","yoast_head_json":{"title":"WASPE FW-30000 Vandmelon Tyggegummi | 30.000 pust","description":"WASPE FW-30000 Vandmelon Bubblegum: op til 30.000 pust, Dual Mesh 1\u03a9+1\u03a9, justerbar luftstr\u00f8m, LED-display, 28ml, 850mAh Type\u2011C. 0\/2\/5%.","robots":{"index":"index","follow":"follow","max-snippet":"max-snippet:-1","max-image-preview":"max-image-preview:large","max-video-preview":"max-video-preview:-1"},"canonical":"https:\/\/fumot.uk\/da\/product\/waspe-fw-30000-puffs-watermelon-bubblegum\/","og_locale":"da_DK","og_type":"article","og_title":"WASPE FW-30000 Watermelon Bubblegum \u2013 Up to 30,000 Puffs","og_description":"Juicy watermelon with a bubblegum finish. Dual Mesh coil, adjustable airflow, LED display, 28ml e-liquid, Type\u2011C rechargeable 850mAh. 0\/2\/5% nicotine.","og_url":"https:\/\/fumot.uk\/da\/product\/waspe-fw-30000-puffs-watermelon-bubblegum\/","og_site_name":"Fumot Official Direct | Straight from the Factory, 100% Genuine","article_modified_time":"2026-01-21T01:28:01+00:00","og_image":[{"width":1600,"height":1600,"url":"https:\/\/fumot.uk\/wp-content\/uploads\/2026\/01\/Watermelon-Bubblegum-WASPE-FW-30000-PUFFS-Disposable-Vape.jpg","type":"image\/jpeg"}],"twitter_card":"summary_large_image","twitter_misc":{"Estimeret l\u00e6setid":"2 minutter"},"schema":{"@context":"https:\/\/schema.org","@graph":[{"@type":"WebPage","@id":"https:\/\/fumot.uk\/product\/waspe-fw-30000-puffs-watermelon-bubblegum\/","url":"https:\/\/fumot.uk\/product\/waspe-fw-30000-puffs-watermelon-bubblegum\/","name":"WASPE FW-30000 Vandmelon Tyggegummi | 30.000 pust","isPartOf":{"@id":"https:\/\/fumot.uk\/#website"},"primaryImageOfPage":{"@id":"https:\/\/fumot.uk\/product\/waspe-fw-30000-puffs-watermelon-bubblegum\/#primaryimage"},"image":{"@id":"https:\/\/fumot.uk\/product\/waspe-fw-30000-puffs-watermelon-bubblegum\/#primaryimage"},"thumbnailUrl":"https:\/\/fumot.uk\/wp-content\/uploads\/2026\/01\/Watermelon-Bubblegum-WASPE-FW-30000-PUFFS-Disposable-Vape.jpg","datePublished":"2026-01-20T10:14:16+00:00","dateModified":"2026-01-21T01:28:01+00:00","description":"WASPE FW-30000 Vandmelon Bubblegum: op til 30.000 pust, Dual Mesh 1\u03a9+1\u03a9, justerbar luftstr\u00f8m, LED-display, 28ml, 850mAh Type\u2011C. 0\/2\/5%.","breadcrumb":{"@id":"https:\/\/fumot.uk\/product\/waspe-fw-30000-puffs-watermelon-bubblegum\/#breadcrumb"},"inLanguage":"da-DK","potentialAction":[{"@type":"ReadAction","target":["https:\/\/fumot.uk\/product\/waspe-fw-30000-puffs-watermelon-bubblegum\/"]}]},{"@type":"ImageObject","inLanguage":"da-DK","@id":"https:\/\/fumot.uk\/product\/waspe-fw-30000-puffs-watermelon-bubblegum\/#primaryimage","url":"https:\/\/fumot.uk\/wp-content\/uploads\/2026\/01\/Watermelon-Bubblegum-WASPE-FW-30000-PUFFS-Disposable-Vape.jpg","contentUrl":"https:\/\/fumot.uk\/wp-content\/uploads\/2026\/01\/Watermelon-Bubblegum-WASPE-FW-30000-PUFFS-Disposable-Vape.jpg","width":1600,"height":1600},{"@type":"BreadcrumbList","@id":"https:\/\/fumot.uk\/product\/waspe-fw-30000-puffs-watermelon-bubblegum\/#breadcrumb","itemListElement":[{"@type":"ListItem","position":1,"name":"Home","item":"https:\/\/fumot.uk\/"},{"@type":"ListItem","position":2,"name":"Shop","item":"https:\/\/fumot.uk\/shop\/"},{"@type":"ListItem","position":3,"name":"WASPE FW-30000 Puffs Disposable Vape \u2013 Watermelon Bubblegum, Dual Mesh, Adjustable Airflow"}]},{"@type":"WebSite","@id":"https:\/\/fumot.uk\/#website","url":"https:\/\/fumot.uk\/","name":"Fumot Official Direct | Direkte fra fabrikken, 100% \u00c6gte","description":"Officiel hjemmeside","publisher":{"@id":"https:\/\/fumot.uk\/#organization"},"potentialAction":[{"@type":"SearchAction","target":{"@type":"EntryPoint","urlTemplate":"https:\/\/fumot.uk\/?s={search_term_string}"},"query-input":{"@type":"PropertyValueSpecification","valueRequired":true,"valueName":"search_term_string"}}],"inLanguage":"da-DK"},{"@type":"Organization","@id":"https:\/\/fumot.uk\/#organization","name":"Fumot Official Direct | Direkte fra fabrikken, 100% \u00c6gte","url":"https:\/\/fumot.uk\/","logo":{"@type":"ImageObject","inLanguage":"da-DK","@id":"https:\/\/fumot.uk\/#\/schema\/logo\/image\/","url":"https:\/\/fumot.uk\/wp-content\/uploads\/2026\/01\/cropped-fumot-logo1.png","contentUrl":"https:\/\/fumot.uk\/wp-content\/uploads\/2026\/01\/cropped-fumot-logo1.png","width":152,"height":106,"caption":"Fumot Official Direct | Straight from the Factory, 100% Genuine"},"image":{"@id":"https:\/\/fumot.uk\/#\/schema\/logo\/image\/"}}]}},"_links":{"self":[{"href":"https:\/\/fumot.uk\/da\/wp-json\/wp\/v2\/product\/3595","targetHints":{"allow":["GET"]}}],"collection":[{"href":"https:\/\/fumot.uk\/da\/wp-json\/wp\/v2\/product"}],"about":[{"href":"https:\/\/fumot.uk\/da\/wp-json\/wp\/v2\/types\/product"}],"replies":[{"embeddable":true,"href":"https:\/\/fumot.uk\/da\/wp-json\/wp\/v2\/comments?post=3595"}],"wp:featuredmedia":[{"embeddable":true,"href":"https:\/\/fumot.uk\/da\/wp-json\/wp\/v2\/media\/3638"}],"wp:attachment":[{"href":"https:\/\/fumot.uk\/da\/wp-json\/wp\/v2\/media?parent=3595"}],"wp:term":[{"taxonomy":"product_brand","embeddable":true,"href":"https:\/\/fumot.uk\/da\/wp-json\/wp\/v2\/product_brand?post=3595"},{"taxonomy":"product_cat","embeddable":true,"href":"https:\/\/fumot.uk\/da\/wp-json\/wp\/v2\/product_cat?post=3595"},{"taxonomy":"product_tag","embeddable":true,"href":"https:\/\/fumot.uk\/da\/wp-json\/wp\/v2\/product_tag?post=3595"}],"curies":[{"name":"wp","href":"https:\/\/api.w.org\/{rel}","templated":true}]}}