{"id":3570,"date":"2026-01-20T10:13:51","date_gmt":"2026-01-20T10:13:51","guid":{"rendered":"https:\/\/fumot.uk\/?post_type=product&#038;p=3570"},"modified":"2026-01-20T10:15:44","modified_gmt":"2026-01-20T10:15:44","slug":"waspe-fw-30000-puffs-mixed-berry","status":"publish","type":"product","link":"https:\/\/fumot.uk\/da\/product\/waspe-fw-30000-puffs-mixed-berry\/","title":{"rendered":"WASPE FW-30000 PUFFS-Mixed Berry"},"content":{"rendered":"<h4 data-start=\"64\" data-end=\"137\"><strong data-start=\"64\" data-end=\"135\">WASPE FW-30000 Mixed Berries: B\u00e6r-frisk, intens nydelse af damp<\/strong><\/h4>\n<p data-start=\"139\" data-end=\"569\">Nyd den perfekte blanding af frugtagtig aroma \u2013 <strong data-start=\"197\" data-end=\"214\">Mixed <a href=\"https:\/\/ultravape.de\/product-tag\/berry\/\">Berries<\/a><\/strong>, der udvikler sig til en s\u00f8d og let syrlig smagseksplosion i munden. Hvert sug leverer fuld b\u00e6rsmag og blid, fin damp, der b\u00e5de smagsm\u00e6ssigt overbeviser og tilbyder et behageligt hals-hit. Uanset om det er til daglig nydelse eller p\u00e5 farten \u2013 denne aroma sikrer en forfriskende, langvarig dampoplevelse.<\/p>\n<h4 data-start=\"563\" data-end=\"588\"><strong data-start=\"563\" data-end=\"586\">S\u00e6rlige egenskaber:<\/strong><\/h4>\n<p>1.Intens frugtaroma, afbalanceret s\u00f8d-syrlig<br data-start=\"79\" data-end=\"82\" \/>2.Blidt hals-hit, ren smag<strong data-start=\"82\" data-end=\"122\"><br \/>\n<\/strong><\/p>\n<h4 data-start=\"44\" data-end=\"142\"><strong data-start=\"44\" data-end=\"140\">WASPE FW-30000 E-cigaret: Intelligent display \u00d7 Dual Mesh Coil \u00d7 Justerbar luftstr\u00f8m<\/strong><\/h4>\n<p data-start=\"144\" data-end=\"431\"><strong data-start=\"144\" data-end=\"173\">Intelligent LED-display<\/strong><br data-start=\"173\" data-end=\"176\" \/>LED-displayet viser til enhver tid batteri- og v\u00e6skestand, s\u00e5 pludselige udfald eller tom tank undg\u00e5s. I kombination med det 850mAh-batteri og Type-C-hurtigopladning s\u00f8rger det for hurtig opladning, lang batterilevetid og stabil ydeevne.<\/p>\n<p data-start=\"433\" data-end=\"515\"><strong data-start=\"433\" data-end=\"460\">Justerbar luftstr\u00f8m<\/strong><br data-start=\"460\" data-end=\"463\" \/>Den roterbare luftstr\u00f8msregulator muligg\u00f8r to tilstande:<\/p>\n<ul data-start=\"516\" data-end=\"669\">\n<li data-start=\"516\" data-end=\"588\">\n<p data-start=\"518\" data-end=\"588\"><strong data-start=\"518\" data-end=\"535\">Standardtilstand<\/strong>: 30000 sug, ideel til daglig dampnydelse.<\/p>\n<\/li>\n<li data-start=\"589\" data-end=\"669\">\n<p data-start=\"591\" data-end=\"669\"><strong data-start=\"591\" data-end=\"606\">Pulse-tilstand<\/strong>: 15000 sug, intens smag og st\u00e6rkere hals-hit.<\/p>\n<\/li>\n<\/ul>\n<p><strong>Dual Mesh Coil<\/strong><br data-start=\"689\" data-end=\"692\" \/>Den 1\u03a9 + 1\u03a9 Dual Mesh Coil sikrer j\u00e6vn opvarmning, t\u00e6t damp og ren smag. Med den 28ml store tank kan der dampes l\u00e6nge. Der er nikotinstyrker p\u00e5 0%, 2% og 5% til r\u00e5dighed, velegnet til b\u00e5de begyndere og erfarne dampere.<\/p>\n<h4 data-start=\"671\" data-end=\"946\"><strong data-start=\"671\" data-end=\"689\">Grundl\u00e6ggende egenskaber\uff1a<\/strong><\/h4>\n<p>Regular: 30000 sug<br \/>\nPulse: 15000 sug<br \/>\nDual Mesh Coil: 1ohm+1ohm<br \/>\nE-v\u00e6ske:28ml<br \/>\nNikotin<strong>:<\/strong>0%\/2%\/5%<br \/>\nBatteri:850mah<br \/>\nJusterbar luftstr\u00f8m<br \/>\nGenopladelig:Type-C<br \/>\nLED Display<\/p>\n<p>Oplev p\u00e5 <a href=\"http:\/\/ultravape.de\/\"><strong data-start=\"47\" data-end=\"63\">ultravape.de<\/strong><\/a> et stort udvalg af kvalitets e-cigaretter. Vi tilbyder dig fremragende service og top-produkter til en f\u00f8rsteklasses dampoplevelse.<\/p>\n<p><strong data-start=\"82\" data-end=\"122\">\u00a0<\/strong><\/p>","protected":false},"excerpt":{"rendered":"<p>WASPE FW-30000 Mixed Berries: B\u00e6rfrisk, intens dampoplevelse Nyd den perfekte blanding af frugtagtig aroma \u2013 Mixed Berries, der udfolder sig til en s\u00f8d og let syrlig smagseksplosion i munden. Hvert sug leverer fuld b\u00e6rsmag og blid, fin damp, der b\u00e5de overbeviser smagsm\u00e6ssigt og giver et behageligt hals-hit. Uanset om det er til daglig nydelse eller [\u2026]<\/p>","protected":false},"featured_media":3614,"comment_status":"open","ping_status":"closed","template":"","meta":[],"product_brand":[],"product_cat":[125,17,187],"product_tag":[84,70,124,71,20,21,72,23,73,79,26,28],"class_list":{"0":"post-3570","1":"product","2":"type-product","3":"status-publish","4":"has-post-thumbnail","6":"product_cat-30000-puff","7":"product_cat-vape","8":"product_cat-waspe-fw-30000-puffs","9":"product_tag-0-nikotin","10":"product_tag-2-nikotin","11":"product_tag-28ml","12":"product_tag-5-nikotin","13":"product_tag-850mah","14":"product_tag-adjustable-airflow","15":"product_tag-direct-to-lung","16":"product_tag-display","17":"product_tag-dual-mesh","18":"product_tag-mixed-berries","19":"product_tag-rechargeable","20":"product_tag-type-c","22":"first","23":"instock","24":"sale","25":"shipping-taxable","26":"purchasable","27":"product-type-variable","28":"has-default-attributes"},"yoast_head":"<!-- This site is optimized with the Yoast SEO plugin v26.8 - https:\/\/yoast.com\/product\/yoast-seo-wordpress\/ -->\n<title>WASPE FW-30000 PUFFS-Mixed Berry - Fumot Official Direct | Straight from the Factory, 100% Genuine<\/title>\n<meta name=\"robots\" content=\"index, follow, max-snippet:-1, max-image-preview:large, max-video-preview:-1\" \/>\n<link rel=\"canonical\" href=\"https:\/\/fumot.uk\/da\/product\/waspe-fw-30000-puffs-mixed-berry\/\" \/>\n<meta property=\"og:locale\" content=\"da_DK\" \/>\n<meta property=\"og:type\" content=\"article\" \/>\n<meta property=\"og:title\" content=\"WASPE FW-30000 PUFFS-Mixed Berry - Fumot Official Direct | Straight from the Factory, 100% Genuine\" \/>\n<meta property=\"og:description\" content=\"WASPE FW-30000 Mixed Berries: Beerig-frisch, intensiver Dampfgenuss Genie\u00dfen Sie die perfekte Mischung aus fruchtigem Aroma \u2013 Mixed Berries, das sich zu einer s\u00fc\u00dfen und leicht s\u00e4uerlichen Geschmacksexplosion im Mund entfaltet. Jeder Zug liefert vollen Beerengeschmack und sanften, feinen Dampf, der sowohl geschmacklich \u00fcberzeugt als auch einen angenehmen Throat-Hit bietet. Ob f\u00fcr den t\u00e4glichen Genuss oder [&hellip;]\" \/>\n<meta property=\"og:url\" content=\"https:\/\/fumot.uk\/da\/product\/waspe-fw-30000-puffs-mixed-berry\/\" \/>\n<meta property=\"og:site_name\" content=\"Fumot Official Direct | Straight from the Factory, 100% Genuine\" \/>\n<meta property=\"article:modified_time\" content=\"2026-01-20T10:15:44+00:00\" \/>\n<meta property=\"og:image\" content=\"https:\/\/fumot.uk\/wp-content\/uploads\/2026\/01\/Mixed-Berry-WASPE-FW-30000-PUFFS-Disposable-Vape.jpg\" \/>\n\t<meta property=\"og:image:width\" content=\"1600\" \/>\n\t<meta property=\"og:image:height\" content=\"1600\" \/>\n\t<meta property=\"og:image:type\" content=\"image\/jpeg\" \/>\n<meta name=\"twitter:card\" content=\"summary_large_image\" \/>\n<meta name=\"twitter:label1\" content=\"Estimeret l\u00e6setid\" \/>\n\t<meta name=\"twitter:data1\" content=\"2 minutter\" \/>\n<script type=\"application\/ld+json\" class=\"yoast-schema-graph\">{\"@context\":\"https:\/\/schema.org\",\"@graph\":[{\"@type\":\"WebPage\",\"@id\":\"https:\/\/fumot.uk\/product\/waspe-fw-30000-puffs-mixed-berry\/\",\"url\":\"https:\/\/fumot.uk\/product\/waspe-fw-30000-puffs-mixed-berry\/\",\"name\":\"WASPE FW-30000 PUFFS-Mixed Berry - Fumot Official Direct | Straight from the Factory, 100% Genuine\",\"isPartOf\":{\"@id\":\"https:\/\/fumot.uk\/#website\"},\"primaryImageOfPage\":{\"@id\":\"https:\/\/fumot.uk\/product\/waspe-fw-30000-puffs-mixed-berry\/#primaryimage\"},\"image\":{\"@id\":\"https:\/\/fumot.uk\/product\/waspe-fw-30000-puffs-mixed-berry\/#primaryimage\"},\"thumbnailUrl\":\"https:\/\/fumot.uk\/wp-content\/uploads\/2026\/01\/Mixed-Berry-WASPE-FW-30000-PUFFS-Disposable-Vape.jpg\",\"datePublished\":\"2026-01-20T10:13:51+00:00\",\"dateModified\":\"2026-01-20T10:15:44+00:00\",\"breadcrumb\":{\"@id\":\"https:\/\/fumot.uk\/product\/waspe-fw-30000-puffs-mixed-berry\/#breadcrumb\"},\"inLanguage\":\"da-DK\",\"potentialAction\":[{\"@type\":\"ReadAction\",\"target\":[\"https:\/\/fumot.uk\/product\/waspe-fw-30000-puffs-mixed-berry\/\"]}]},{\"@type\":\"ImageObject\",\"inLanguage\":\"da-DK\",\"@id\":\"https:\/\/fumot.uk\/product\/waspe-fw-30000-puffs-mixed-berry\/#primaryimage\",\"url\":\"https:\/\/fumot.uk\/wp-content\/uploads\/2026\/01\/Mixed-Berry-WASPE-FW-30000-PUFFS-Disposable-Vape.jpg\",\"contentUrl\":\"https:\/\/fumot.uk\/wp-content\/uploads\/2026\/01\/Mixed-Berry-WASPE-FW-30000-PUFFS-Disposable-Vape.jpg\",\"width\":1600,\"height\":1600},{\"@type\":\"BreadcrumbList\",\"@id\":\"https:\/\/fumot.uk\/product\/waspe-fw-30000-puffs-mixed-berry\/#breadcrumb\",\"itemListElement\":[{\"@type\":\"ListItem\",\"position\":1,\"name\":\"Home\",\"item\":\"https:\/\/fumot.uk\/\"},{\"@type\":\"ListItem\",\"position\":2,\"name\":\"Shop\",\"item\":\"https:\/\/fumot.uk\/shop\/\"},{\"@type\":\"ListItem\",\"position\":3,\"name\":\"WASPE FW-30000 PUFFS-Mixed Berry\"}]},{\"@type\":\"WebSite\",\"@id\":\"https:\/\/fumot.uk\/#website\",\"url\":\"https:\/\/fumot.uk\/\",\"name\":\"Fumot Official Direct | Straight from the Factory, 100% Genuine\",\"description\":\"Official Website\",\"publisher\":{\"@id\":\"https:\/\/fumot.uk\/#organization\"},\"potentialAction\":[{\"@type\":\"SearchAction\",\"target\":{\"@type\":\"EntryPoint\",\"urlTemplate\":\"https:\/\/fumot.uk\/?s={search_term_string}\"},\"query-input\":{\"@type\":\"PropertyValueSpecification\",\"valueRequired\":true,\"valueName\":\"search_term_string\"}}],\"inLanguage\":\"da-DK\"},{\"@type\":\"Organization\",\"@id\":\"https:\/\/fumot.uk\/#organization\",\"name\":\"Fumot Official Direct | Straight from the Factory, 100% Genuine\",\"url\":\"https:\/\/fumot.uk\/\",\"logo\":{\"@type\":\"ImageObject\",\"inLanguage\":\"da-DK\",\"@id\":\"https:\/\/fumot.uk\/#\/schema\/logo\/image\/\",\"url\":\"https:\/\/fumot.uk\/wp-content\/uploads\/2026\/01\/cropped-fumot-logo1.png\",\"contentUrl\":\"https:\/\/fumot.uk\/wp-content\/uploads\/2026\/01\/cropped-fumot-logo1.png\",\"width\":152,\"height\":106,\"caption\":\"Fumot Official Direct | Straight from the Factory, 100% Genuine\"},\"image\":{\"@id\":\"https:\/\/fumot.uk\/#\/schema\/logo\/image\/\"}}]}<\/script>\n<!-- \/ Yoast SEO plugin. -->","yoast_head_json":{"title":"WASPE FW-30000 PUFFS-Mixed Berry - Fumot Official Direct | Direkte fra fabrikken, 100% \u00c6gte","robots":{"index":"index","follow":"follow","max-snippet":"max-snippet:-1","max-image-preview":"max-image-preview:large","max-video-preview":"max-video-preview:-1"},"canonical":"https:\/\/fumot.uk\/da\/product\/waspe-fw-30000-puffs-mixed-berry\/","og_locale":"da_DK","og_type":"article","og_title":"WASPE FW-30000 PUFFS-Mixed Berry - Fumot Official Direct | Straight from the Factory, 100% Genuine","og_description":"WASPE FW-30000 Mixed Berries: Beerig-frisch, intensiver Dampfgenuss Genie\u00dfen Sie die perfekte Mischung aus fruchtigem Aroma \u2013 Mixed Berries, das sich zu einer s\u00fc\u00dfen und leicht s\u00e4uerlichen Geschmacksexplosion im Mund entfaltet. Jeder Zug liefert vollen Beerengeschmack und sanften, feinen Dampf, der sowohl geschmacklich \u00fcberzeugt als auch einen angenehmen Throat-Hit bietet. Ob f\u00fcr den t\u00e4glichen Genuss oder [&hellip;]","og_url":"https:\/\/fumot.uk\/da\/product\/waspe-fw-30000-puffs-mixed-berry\/","og_site_name":"Fumot Official Direct | Straight from the Factory, 100% Genuine","article_modified_time":"2026-01-20T10:15:44+00:00","og_image":[{"width":1600,"height":1600,"url":"https:\/\/fumot.uk\/wp-content\/uploads\/2026\/01\/Mixed-Berry-WASPE-FW-30000-PUFFS-Disposable-Vape.jpg","type":"image\/jpeg"}],"twitter_card":"summary_large_image","twitter_misc":{"Estimeret l\u00e6setid":"2 minutter"},"schema":{"@context":"https:\/\/schema.org","@graph":[{"@type":"WebPage","@id":"https:\/\/fumot.uk\/product\/waspe-fw-30000-puffs-mixed-berry\/","url":"https:\/\/fumot.uk\/product\/waspe-fw-30000-puffs-mixed-berry\/","name":"WASPE FW-30000 PUFFS-Mixed Berry - Fumot Official Direct | Direkte fra fabrikken, 100% \u00c6gte","isPartOf":{"@id":"https:\/\/fumot.uk\/#website"},"primaryImageOfPage":{"@id":"https:\/\/fumot.uk\/product\/waspe-fw-30000-puffs-mixed-berry\/#primaryimage"},"image":{"@id":"https:\/\/fumot.uk\/product\/waspe-fw-30000-puffs-mixed-berry\/#primaryimage"},"thumbnailUrl":"https:\/\/fumot.uk\/wp-content\/uploads\/2026\/01\/Mixed-Berry-WASPE-FW-30000-PUFFS-Disposable-Vape.jpg","datePublished":"2026-01-20T10:13:51+00:00","dateModified":"2026-01-20T10:15:44+00:00","breadcrumb":{"@id":"https:\/\/fumot.uk\/product\/waspe-fw-30000-puffs-mixed-berry\/#breadcrumb"},"inLanguage":"da-DK","potentialAction":[{"@type":"ReadAction","target":["https:\/\/fumot.uk\/product\/waspe-fw-30000-puffs-mixed-berry\/"]}]},{"@type":"ImageObject","inLanguage":"da-DK","@id":"https:\/\/fumot.uk\/product\/waspe-fw-30000-puffs-mixed-berry\/#primaryimage","url":"https:\/\/fumot.uk\/wp-content\/uploads\/2026\/01\/Mixed-Berry-WASPE-FW-30000-PUFFS-Disposable-Vape.jpg","contentUrl":"https:\/\/fumot.uk\/wp-content\/uploads\/2026\/01\/Mixed-Berry-WASPE-FW-30000-PUFFS-Disposable-Vape.jpg","width":1600,"height":1600},{"@type":"BreadcrumbList","@id":"https:\/\/fumot.uk\/product\/waspe-fw-30000-puffs-mixed-berry\/#breadcrumb","itemListElement":[{"@type":"ListItem","position":1,"name":"Home","item":"https:\/\/fumot.uk\/"},{"@type":"ListItem","position":2,"name":"Shop","item":"https:\/\/fumot.uk\/shop\/"},{"@type":"ListItem","position":3,"name":"WASPE FW-30000 PUFFS-Mixed Berry"}]},{"@type":"WebSite","@id":"https:\/\/fumot.uk\/#website","url":"https:\/\/fumot.uk\/","name":"Fumot Official Direct | Direkte fra fabrikken, 100% \u00c6gte","description":"Officiel hjemmeside","publisher":{"@id":"https:\/\/fumot.uk\/#organization"},"potentialAction":[{"@type":"SearchAction","target":{"@type":"EntryPoint","urlTemplate":"https:\/\/fumot.uk\/?s={search_term_string}"},"query-input":{"@type":"PropertyValueSpecification","valueRequired":true,"valueName":"search_term_string"}}],"inLanguage":"da-DK"},{"@type":"Organization","@id":"https:\/\/fumot.uk\/#organization","name":"Fumot Official Direct | Direkte fra fabrikken, 100% \u00c6gte","url":"https:\/\/fumot.uk\/","logo":{"@type":"ImageObject","inLanguage":"da-DK","@id":"https:\/\/fumot.uk\/#\/schema\/logo\/image\/","url":"https:\/\/fumot.uk\/wp-content\/uploads\/2026\/01\/cropped-fumot-logo1.png","contentUrl":"https:\/\/fumot.uk\/wp-content\/uploads\/2026\/01\/cropped-fumot-logo1.png","width":152,"height":106,"caption":"Fumot Official Direct | Straight from the Factory, 100% Genuine"},"image":{"@id":"https:\/\/fumot.uk\/#\/schema\/logo\/image\/"}}]}},"_links":{"self":[{"href":"https:\/\/fumot.uk\/da\/wp-json\/wp\/v2\/product\/3570","targetHints":{"allow":["GET"]}}],"collection":[{"href":"https:\/\/fumot.uk\/da\/wp-json\/wp\/v2\/product"}],"about":[{"href":"https:\/\/fumot.uk\/da\/wp-json\/wp\/v2\/types\/product"}],"replies":[{"embeddable":true,"href":"https:\/\/fumot.uk\/da\/wp-json\/wp\/v2\/comments?post=3570"}],"wp:featuredmedia":[{"embeddable":true,"href":"https:\/\/fumot.uk\/da\/wp-json\/wp\/v2\/media\/3614"}],"wp:attachment":[{"href":"https:\/\/fumot.uk\/da\/wp-json\/wp\/v2\/media?parent=3570"}],"wp:term":[{"taxonomy":"product_brand","embeddable":true,"href":"https:\/\/fumot.uk\/da\/wp-json\/wp\/v2\/product_brand?post=3570"},{"taxonomy":"product_cat","embeddable":true,"href":"https:\/\/fumot.uk\/da\/wp-json\/wp\/v2\/product_cat?post=3570"},{"taxonomy":"product_tag","embeddable":true,"href":"https:\/\/fumot.uk\/da\/wp-json\/wp\/v2\/product_tag?post=3570"}],"curies":[{"name":"wp","href":"https:\/\/api.w.org\/{rel}","templated":true}]}}