{"id":3545,"date":"2026-01-20T10:13:26","date_gmt":"2026-01-20T10:13:26","guid":{"rendered":"https:\/\/fumot.uk\/?post_type=product&#038;p=3545"},"modified":"2026-01-21T01:43:22","modified_gmt":"2026-01-21T01:43:22","slug":"peach-ice-waspe-crystal-20000-puffs","status":"publish","type":"product","link":"https:\/\/fumot.uk\/da\/product\/peach-ice-waspe-crystal-20000-puffs\/","title":{"rendered":"WASPE Crystal 20000 Puffs Peach Ice \u2013 Crystal Clear Engangs Vape, 24ml, Dual Mesh, USB\u2011C"},"content":{"rendered":"<h4>WASPE Crystal 20000 Puffs Peach Ice \u2013 saftig fersken, iskold finish<\/h4>\n<p><strong>WASPE Crystal 20000 Puffs Peach Ice<\/strong> fanger smagen af modne, solvarmede ferskner og kombinerer den med en let, k\u00f8lende ud\u00e5nding. Resultatet er glat og fl\u00f8jlsagtigt\u2014lys frugt foran, efterfulgt af en spr\u00f8d isnote, der holder hver inhalation frisk. Hvis du elsker frugtsmage, der ikke f\u00f8les tunge eller alt for s\u00f8de, er Peach Ice et nemt valg til sommerstemning n\u00e5r som helst.<\/p>\n<h4>Krystaldesign, smartere ydeevne<\/h4>\n<p>Den <strong>WASPE Crystal 20000 Puffs<\/strong> skiller sig ud med en gennemsigtig krystal-stil krop, der ser ren, moderne og premium ud. En <strong>LED display<\/strong> hj\u00e6lper dig med at holde styr p\u00e5 forbruget, mens <strong>dobbelte mesh coil (1\u03a9 + 1\u03a9)<\/strong> er bygget til at levere konsekvent t\u00e6t, glat damp og veldefineret smag fra f\u00f8rste til sidste pust.<\/p>\n<p>Udforsk flere h\u00f8jkapacitetsmuligheder her: <a href=\"https:\/\/fumot.uk\/da\/product-category\/20000-puff\/\">20000 puff vapes<\/a>.<\/p>\n<h4>N\u00f8glefunktioner<\/h4>\n<ul>\n<li><strong>Op til 20000 sug<\/strong> (brug varierer efter sugl\u00e6ngde)<\/li>\n<li><strong>Smag:<\/strong> Peach Ice (saftig fersken + k\u00f8lende finish)<\/li>\n<li><strong>E-v\u00e6ske kapacitet:<\/strong> 24ml<\/li>\n<li><strong>Spole:<\/strong> Dobbelt Mesh 1\u03a9 + 1\u03a9<\/li>\n<li><strong>Nikotin muligheder:<\/strong> 0% \/ 2% \/ 5%<\/li>\n<li><strong>Batteri:<\/strong> 900mAh<\/li>\n<li><strong>Genopladelig:<\/strong> USB Type\u2011C<\/li>\n<li><strong>Display:<\/strong> LED-indikator<\/li>\n<\/ul>\n<h4>Hvorfor Peach Ice b\u00f8r v\u00e6re i din rotation<\/h4>\n<p>T\u00e6nk \u201cfrisk fra frugtplantagen fersken\u201d med en k\u00f8lig brise til slut\u2014ren, lys og tilfredsstillende. Uanset om du er ude efter en forfriskende pause eller en frugtagtig hverdagsvape, <strong>Fersken Is<\/strong> holder smagen livlig og finishen spr\u00f8d.<\/p>","protected":false},"excerpt":{"rendered":"<p>Moden fersken m\u00f8der en spr\u00f8d isafslutning i WASPE Crystal 20000 Puffs Peach Ice. 24ml e-v\u00e6ske, dobbelt mesh coil, LED-display, 900mAh USB\u2011C genopladelig.<\/p>","protected":false},"featured_media":3590,"comment_status":"open","ping_status":"closed","template":"","meta":[],"product_brand":[],"product_cat":[68,17,185],"product_tag":[84,70,171,71,186,113,72,23,73,29,30,26,28],"class_list":{"0":"post-3545","1":"product","2":"type-product","3":"status-publish","4":"has-post-thumbnail","6":"product_cat-20000-puff","7":"product_cat-vape","8":"product_cat-waspe-crystal-20000-puffs","9":"product_tag-0-nikotin","10":"product_tag-2-nikotin","11":"product_tag-24ml","12":"product_tag-5-nikotin","13":"product_tag-900mah","14":"product_tag-crystal-vape","15":"product_tag-direct-to-lung","16":"product_tag-display","17":"product_tag-dual-mesh","18":"product_tag-ice","19":"product_tag-peach","20":"product_tag-rechargeable","21":"product_tag-type-c","23":"first","24":"instock","25":"sale","26":"shipping-taxable","27":"purchasable","28":"product-type-variable","29":"has-default-attributes"},"yoast_head":"<!-- This site is optimized with the Yoast SEO plugin v26.8 - https:\/\/yoast.com\/product\/yoast-seo-wordpress\/ -->\n<title>WASPE Crystal 20000 Puffs Peach Ice | 24ml USB\u2011C<\/title>\n<meta name=\"description\" content=\"WASPE Crystal 20000 Puffs Peach Ice: juicy peach with a cool finish. 24ml, dual mesh coil, LED display, 900mAh USB\u2011C rechargeable. 0\/2\/5% nic.\" \/>\n<meta name=\"robots\" content=\"index, follow, max-snippet:-1, max-image-preview:large, max-video-preview:-1\" \/>\n<link rel=\"canonical\" href=\"https:\/\/fumot.uk\/da\/product\/peach-ice-waspe-crystal-20000-puffs\/\" \/>\n<meta property=\"og:locale\" content=\"da_DK\" \/>\n<meta property=\"og:type\" content=\"article\" \/>\n<meta property=\"og:title\" content=\"WASPE Crystal Peach Ice \u2013 20000 Puffs of Cool Peach Flavor\" \/>\n<meta property=\"og:description\" content=\"Smooth peach taste with an icy finish, crystal-clear design, dual mesh coil and LED display. 24ml, 900mAh USB\u2011C rechargeable. Nic 0\/2\/5%.\" \/>\n<meta property=\"og:url\" content=\"https:\/\/fumot.uk\/da\/product\/peach-ice-waspe-crystal-20000-puffs\/\" \/>\n<meta property=\"og:site_name\" content=\"Fumot Official Direct | Straight from the Factory, 100% Genuine\" \/>\n<meta property=\"article:modified_time\" content=\"2026-01-21T01:43:22+00:00\" \/>\n<meta property=\"og:image\" content=\"https:\/\/fumot.uk\/wp-content\/uploads\/2026\/01\/WASPE-Crystal-20000-Puffs-Peach-Ice-Disposable-Vape.jpg\" \/>\n\t<meta property=\"og:image:width\" content=\"2000\" \/>\n\t<meta property=\"og:image:height\" content=\"1500\" \/>\n\t<meta property=\"og:image:type\" content=\"image\/jpeg\" \/>\n<meta name=\"twitter:card\" content=\"summary_large_image\" \/>\n<meta name=\"twitter:label1\" content=\"Estimeret l\u00e6setid\" \/>\n\t<meta name=\"twitter:data1\" content=\"2 minutter\" \/>\n<script type=\"application\/ld+json\" class=\"yoast-schema-graph\">{\"@context\":\"https:\/\/schema.org\",\"@graph\":[{\"@type\":\"WebPage\",\"@id\":\"https:\/\/fumot.uk\/product\/peach-ice-waspe-crystal-20000-puffs\/\",\"url\":\"https:\/\/fumot.uk\/product\/peach-ice-waspe-crystal-20000-puffs\/\",\"name\":\"WASPE Crystal 20000 Puffs Peach Ice | 24ml USB\u2011C\",\"isPartOf\":{\"@id\":\"https:\/\/fumot.uk\/#website\"},\"primaryImageOfPage\":{\"@id\":\"https:\/\/fumot.uk\/product\/peach-ice-waspe-crystal-20000-puffs\/#primaryimage\"},\"image\":{\"@id\":\"https:\/\/fumot.uk\/product\/peach-ice-waspe-crystal-20000-puffs\/#primaryimage\"},\"thumbnailUrl\":\"https:\/\/fumot.uk\/wp-content\/uploads\/2026\/01\/WASPE-Crystal-20000-Puffs-Peach-Ice-Disposable-Vape.jpg\",\"datePublished\":\"2026-01-20T10:13:26+00:00\",\"dateModified\":\"2026-01-21T01:43:22+00:00\",\"description\":\"WASPE Crystal 20000 Puffs Peach Ice: juicy peach with a cool finish. 24ml, dual mesh coil, LED display, 900mAh USB\u2011C rechargeable. 0\/2\/5% nic.\",\"breadcrumb\":{\"@id\":\"https:\/\/fumot.uk\/product\/peach-ice-waspe-crystal-20000-puffs\/#breadcrumb\"},\"inLanguage\":\"da-DK\",\"potentialAction\":[{\"@type\":\"ReadAction\",\"target\":[\"https:\/\/fumot.uk\/product\/peach-ice-waspe-crystal-20000-puffs\/\"]}]},{\"@type\":\"ImageObject\",\"inLanguage\":\"da-DK\",\"@id\":\"https:\/\/fumot.uk\/product\/peach-ice-waspe-crystal-20000-puffs\/#primaryimage\",\"url\":\"https:\/\/fumot.uk\/wp-content\/uploads\/2026\/01\/WASPE-Crystal-20000-Puffs-Peach-Ice-Disposable-Vape.jpg\",\"contentUrl\":\"https:\/\/fumot.uk\/wp-content\/uploads\/2026\/01\/WASPE-Crystal-20000-Puffs-Peach-Ice-Disposable-Vape.jpg\",\"width\":2000,\"height\":1500},{\"@type\":\"BreadcrumbList\",\"@id\":\"https:\/\/fumot.uk\/product\/peach-ice-waspe-crystal-20000-puffs\/#breadcrumb\",\"itemListElement\":[{\"@type\":\"ListItem\",\"position\":1,\"name\":\"Home\",\"item\":\"https:\/\/fumot.uk\/\"},{\"@type\":\"ListItem\",\"position\":2,\"name\":\"Shop\",\"item\":\"https:\/\/fumot.uk\/shop\/\"},{\"@type\":\"ListItem\",\"position\":3,\"name\":\"WASPE Crystal 20000 Puffs Peach Ice \u2013 Crystal Clear Disposable Vape, 24ml, Dual Mesh, USB\u2011C\"}]},{\"@type\":\"WebSite\",\"@id\":\"https:\/\/fumot.uk\/#website\",\"url\":\"https:\/\/fumot.uk\/\",\"name\":\"Fumot Official Direct | Straight from the Factory, 100% Genuine\",\"description\":\"Official Website\",\"publisher\":{\"@id\":\"https:\/\/fumot.uk\/#organization\"},\"potentialAction\":[{\"@type\":\"SearchAction\",\"target\":{\"@type\":\"EntryPoint\",\"urlTemplate\":\"https:\/\/fumot.uk\/?s={search_term_string}\"},\"query-input\":{\"@type\":\"PropertyValueSpecification\",\"valueRequired\":true,\"valueName\":\"search_term_string\"}}],\"inLanguage\":\"da-DK\"},{\"@type\":\"Organization\",\"@id\":\"https:\/\/fumot.uk\/#organization\",\"name\":\"Fumot Official Direct | Straight from the Factory, 100% Genuine\",\"url\":\"https:\/\/fumot.uk\/\",\"logo\":{\"@type\":\"ImageObject\",\"inLanguage\":\"da-DK\",\"@id\":\"https:\/\/fumot.uk\/#\/schema\/logo\/image\/\",\"url\":\"https:\/\/fumot.uk\/wp-content\/uploads\/2026\/01\/cropped-fumot-logo1.png\",\"contentUrl\":\"https:\/\/fumot.uk\/wp-content\/uploads\/2026\/01\/cropped-fumot-logo1.png\",\"width\":152,\"height\":106,\"caption\":\"Fumot Official Direct | Straight from the Factory, 100% Genuine\"},\"image\":{\"@id\":\"https:\/\/fumot.uk\/#\/schema\/logo\/image\/\"}}]}<\/script>\n<!-- \/ Yoast SEO plugin. -->","yoast_head_json":{"title":"WASPE Crystal 20000 Puffs Peach Ice | 24ml USB\u2011C","description":"WASPE Crystal 20000 Puffs Peach Ice: saftig fersken med en k\u00f8lig finish. 24ml, dobbelt mesh coil, LED-display, 900mAh USB\u2011C genopladelig. 0\/2\/5% nic.","robots":{"index":"index","follow":"follow","max-snippet":"max-snippet:-1","max-image-preview":"max-image-preview:large","max-video-preview":"max-video-preview:-1"},"canonical":"https:\/\/fumot.uk\/da\/product\/peach-ice-waspe-crystal-20000-puffs\/","og_locale":"da_DK","og_type":"article","og_title":"WASPE Crystal Peach Ice \u2013 20000 Puffs of Cool Peach Flavor","og_description":"Smooth peach taste with an icy finish, crystal-clear design, dual mesh coil and LED display. 24ml, 900mAh USB\u2011C rechargeable. Nic 0\/2\/5%.","og_url":"https:\/\/fumot.uk\/da\/product\/peach-ice-waspe-crystal-20000-puffs\/","og_site_name":"Fumot Official Direct | Straight from the Factory, 100% Genuine","article_modified_time":"2026-01-21T01:43:22+00:00","og_image":[{"width":2000,"height":1500,"url":"https:\/\/fumot.uk\/wp-content\/uploads\/2026\/01\/WASPE-Crystal-20000-Puffs-Peach-Ice-Disposable-Vape.jpg","type":"image\/jpeg"}],"twitter_card":"summary_large_image","twitter_misc":{"Estimeret l\u00e6setid":"2 minutter"},"schema":{"@context":"https:\/\/schema.org","@graph":[{"@type":"WebPage","@id":"https:\/\/fumot.uk\/product\/peach-ice-waspe-crystal-20000-puffs\/","url":"https:\/\/fumot.uk\/product\/peach-ice-waspe-crystal-20000-puffs\/","name":"WASPE Crystal 20000 Puffs Peach Ice | 24ml USB\u2011C","isPartOf":{"@id":"https:\/\/fumot.uk\/#website"},"primaryImageOfPage":{"@id":"https:\/\/fumot.uk\/product\/peach-ice-waspe-crystal-20000-puffs\/#primaryimage"},"image":{"@id":"https:\/\/fumot.uk\/product\/peach-ice-waspe-crystal-20000-puffs\/#primaryimage"},"thumbnailUrl":"https:\/\/fumot.uk\/wp-content\/uploads\/2026\/01\/WASPE-Crystal-20000-Puffs-Peach-Ice-Disposable-Vape.jpg","datePublished":"2026-01-20T10:13:26+00:00","dateModified":"2026-01-21T01:43:22+00:00","description":"WASPE Crystal 20000 Puffs Peach Ice: saftig fersken med en k\u00f8lig finish. 24ml, dobbelt mesh coil, LED-display, 900mAh USB\u2011C genopladelig. 0\/2\/5% nic.","breadcrumb":{"@id":"https:\/\/fumot.uk\/product\/peach-ice-waspe-crystal-20000-puffs\/#breadcrumb"},"inLanguage":"da-DK","potentialAction":[{"@type":"ReadAction","target":["https:\/\/fumot.uk\/product\/peach-ice-waspe-crystal-20000-puffs\/"]}]},{"@type":"ImageObject","inLanguage":"da-DK","@id":"https:\/\/fumot.uk\/product\/peach-ice-waspe-crystal-20000-puffs\/#primaryimage","url":"https:\/\/fumot.uk\/wp-content\/uploads\/2026\/01\/WASPE-Crystal-20000-Puffs-Peach-Ice-Disposable-Vape.jpg","contentUrl":"https:\/\/fumot.uk\/wp-content\/uploads\/2026\/01\/WASPE-Crystal-20000-Puffs-Peach-Ice-Disposable-Vape.jpg","width":2000,"height":1500},{"@type":"BreadcrumbList","@id":"https:\/\/fumot.uk\/product\/peach-ice-waspe-crystal-20000-puffs\/#breadcrumb","itemListElement":[{"@type":"ListItem","position":1,"name":"Home","item":"https:\/\/fumot.uk\/"},{"@type":"ListItem","position":2,"name":"Shop","item":"https:\/\/fumot.uk\/shop\/"},{"@type":"ListItem","position":3,"name":"WASPE Crystal 20000 Puffs Peach Ice \u2013 Crystal Clear Disposable Vape, 24ml, Dual Mesh, USB\u2011C"}]},{"@type":"WebSite","@id":"https:\/\/fumot.uk\/#website","url":"https:\/\/fumot.uk\/","name":"Fumot Official Direct | Direkte fra fabrikken, 100% \u00c6gte","description":"Officiel hjemmeside","publisher":{"@id":"https:\/\/fumot.uk\/#organization"},"potentialAction":[{"@type":"SearchAction","target":{"@type":"EntryPoint","urlTemplate":"https:\/\/fumot.uk\/?s={search_term_string}"},"query-input":{"@type":"PropertyValueSpecification","valueRequired":true,"valueName":"search_term_string"}}],"inLanguage":"da-DK"},{"@type":"Organization","@id":"https:\/\/fumot.uk\/#organization","name":"Fumot Official Direct | Direkte fra fabrikken, 100% \u00c6gte","url":"https:\/\/fumot.uk\/","logo":{"@type":"ImageObject","inLanguage":"da-DK","@id":"https:\/\/fumot.uk\/#\/schema\/logo\/image\/","url":"https:\/\/fumot.uk\/wp-content\/uploads\/2026\/01\/cropped-fumot-logo1.png","contentUrl":"https:\/\/fumot.uk\/wp-content\/uploads\/2026\/01\/cropped-fumot-logo1.png","width":152,"height":106,"caption":"Fumot Official Direct | Straight from the Factory, 100% Genuine"},"image":{"@id":"https:\/\/fumot.uk\/#\/schema\/logo\/image\/"}}]}},"_links":{"self":[{"href":"https:\/\/fumot.uk\/da\/wp-json\/wp\/v2\/product\/3545","targetHints":{"allow":["GET"]}}],"collection":[{"href":"https:\/\/fumot.uk\/da\/wp-json\/wp\/v2\/product"}],"about":[{"href":"https:\/\/fumot.uk\/da\/wp-json\/wp\/v2\/types\/product"}],"replies":[{"embeddable":true,"href":"https:\/\/fumot.uk\/da\/wp-json\/wp\/v2\/comments?post=3545"}],"wp:featuredmedia":[{"embeddable":true,"href":"https:\/\/fumot.uk\/da\/wp-json\/wp\/v2\/media\/3590"}],"wp:attachment":[{"href":"https:\/\/fumot.uk\/da\/wp-json\/wp\/v2\/media?parent=3545"}],"wp:term":[{"taxonomy":"product_brand","embeddable":true,"href":"https:\/\/fumot.uk\/da\/wp-json\/wp\/v2\/product_brand?post=3545"},{"taxonomy":"product_cat","embeddable":true,"href":"https:\/\/fumot.uk\/da\/wp-json\/wp\/v2\/product_cat?post=3545"},{"taxonomy":"product_tag","embeddable":true,"href":"https:\/\/fumot.uk\/da\/wp-json\/wp\/v2\/product_tag?post=3545"}],"curies":[{"name":"wp","href":"https:\/\/api.w.org\/{rel}","templated":true}]}}