{"id":3542,"date":"2026-01-20T10:13:25","date_gmt":"2026-01-20T10:13:25","guid":{"rendered":"https:\/\/fumot.uk\/?post_type=product&#038;p=3542"},"modified":"2026-01-21T01:44:22","modified_gmt":"2026-01-21T01:44:22","slug":"blueberry-ice-waspe-crystal-20000-puffs","status":"publish","type":"product","link":"https:\/\/fumot.uk\/da\/product\/blueberry-ice-waspe-crystal-20000-puffs\/","title":{"rendered":"WASPE Crystal 20000 Puffs Blueberry Ice Engangs Vape (24ml, Dual Mesh, Type\u2011C Genopladelig)"},"content":{"rendered":"<h2>WASPE Crystal 20000 Puffs \u2013 Bl\u00e5b\u00e6r Is<\/h2>\n<p><strong>Bl\u00e5b\u00e6r Is<\/strong> blander moden bl\u00e5b\u00e6r s\u00f8dme med en ren, k\u00f8lende finish for en glat, forfriskende damp, der forbliver lys fra det f\u00f8rste sug til det sidste. B\u00e6rnoterne f\u00f8les saftige og fyldige, mens den iskolde kant holder smagen skarp\u2014ideel til daglig brug, n\u00e5r du \u00f8nsker noget frugtagtigt, men ikke tungt.<\/p>\n<h3>Krystal Look. Glat Ydeevne.<\/h3>\n<p><strong>WASPE Crystal 20000 Puffs<\/strong> kombinerer et gennemsigtigt krystal-lignende skal med praktiske, brugervenlige funktioner. Den <strong>LED display<\/strong> hj\u00e6lper dig med at holde styr p\u00e5 et \u00f8jeblik, mens den <strong>dobbelte mesh coil (1\u03a9 + 1\u03a9)<\/strong> er designet til t\u00e6t, ensartet damp og ren smagslevering. Det er en <strong>genopladelig engangs vape<\/strong> med <strong>Type\u2011C<\/strong> opladning\u2014simpel, ryddelig og klar, n\u00e5r du er.<\/p>\n<h3>N\u00f8glefunktioner<\/h3>\n<ul>\n<li><strong>Op til:<\/strong> 20000 sug<\/li>\n<li><strong>E-v\u00e6ske kapacitet:<\/strong> 24ml<\/li>\n<li><strong>Spole:<\/strong> Dobbelt Mesh 1\u03a9 + 1\u03a9<\/li>\n<li><strong>Nikotin muligheder:<\/strong> 0% \/ 2% \/ 5% (<em>v\u00e6lg din pr\u00e6ference<\/em>)<\/li>\n<li><strong>Batteri:<\/strong> 900mAh<\/li>\n<li><strong>Opladning:<\/strong> Type\u2011C (genopladelig)<\/li>\n<li><strong>Display:<\/strong> LED-sk\u00e6rm<\/li>\n<\/ul>\n<h3>Hvorfor du vil kunne lide Bl\u00e5b\u00e6r Is<\/h3>\n<p>Forvent en <strong>frisk bl\u00e5b\u00e6rprofil<\/strong> med en mild, k\u00f8lende fornemmelse, der forbliver afbalanceret\u2014s\u00f8d, frugtagtig og let afk\u00f8let. Hvis du nyder <strong>is damp<\/strong> smage og rene b\u00e6rnoter, er Bl\u00e5b\u00e6r Is en p\u00e5lidelig favorit.<\/p>\n<p><strong>Udforsk flere smage og enheder:<\/strong> Bes\u00f8g <a href=\"https:\/\/fumot.uk\/da\/\">fumot.uk<\/a> for de nyeste WASPE Crystal muligheder og andre engangsdampe valg.<\/p>","protected":false},"excerpt":{"rendered":"<p>WASPE Crystal 20000 Puffs Blueberry Ice engangs-vape med 24ml e-v\u00e6ske, dobbelt mesh coil, LED-display, 900mAh Type-C genopladeligt batteri og 0\/2\/5% nikotinmuligheder.<\/p>","protected":false},"featured_media":3587,"comment_status":"open","ping_status":"closed","template":"","meta":[],"product_brand":[],"product_cat":[68,17,185],"product_tag":[84,70,171,71,186,33,113,72,23,73,29,26,28],"class_list":{"0":"post-3542","1":"product","2":"type-product","3":"status-publish","4":"has-post-thumbnail","6":"product_cat-20000-puff","7":"product_cat-vape","8":"product_cat-waspe-crystal-20000-puffs","9":"product_tag-0-nikotin","10":"product_tag-2-nikotin","11":"product_tag-24ml","12":"product_tag-5-nikotin","13":"product_tag-900mah","14":"product_tag-blueberry","15":"product_tag-crystal-vape","16":"product_tag-direct-to-lung","17":"product_tag-display","18":"product_tag-dual-mesh","19":"product_tag-ice","20":"product_tag-rechargeable","21":"product_tag-type-c","23":"first","24":"instock","25":"sale","26":"shipping-taxable","27":"purchasable","28":"product-type-variable","29":"has-default-attributes"},"yoast_head":"<!-- This site is optimized with the Yoast SEO plugin v26.8 - https:\/\/yoast.com\/product\/yoast-seo-wordpress\/ -->\n<title>WASPE Crystal 20000 Puffs Blueberry Ice | fumot.uk<\/title>\n<meta name=\"description\" content=\"Blueberry Ice WASPE Crystal 20000 Puffs disposable vape: 24ml, dual mesh coil, LED display, 900mAh Type\u2011C rechargeable. Nicotine 0\/2\/5%.\" \/>\n<meta name=\"robots\" content=\"index, follow, max-snippet:-1, max-image-preview:large, max-video-preview:-1\" \/>\n<link rel=\"canonical\" href=\"https:\/\/fumot.uk\/da\/product\/blueberry-ice-waspe-crystal-20000-puffs\/\" \/>\n<meta property=\"og:locale\" content=\"da_DK\" \/>\n<meta property=\"og:type\" content=\"article\" \/>\n<meta property=\"og:title\" content=\"Blueberry Ice \u2013 WASPE Crystal 20000 Puffs\" \/>\n<meta property=\"og:description\" content=\"Juicy blueberry sweetness with a crisp icy finish. 24ml, dual mesh coil, LED display, 900mAh Type\u2011C rechargeable. Choose 0\/2\/5% nicotine.\" \/>\n<meta property=\"og:url\" content=\"https:\/\/fumot.uk\/da\/product\/blueberry-ice-waspe-crystal-20000-puffs\/\" \/>\n<meta property=\"og:site_name\" content=\"Fumot Official Direct | Straight from the Factory, 100% Genuine\" \/>\n<meta property=\"article:modified_time\" content=\"2026-01-21T01:44:22+00:00\" \/>\n<meta property=\"og:image\" content=\"https:\/\/fumot.uk\/wp-content\/uploads\/2026\/01\/WASPE-Crystal-20000-Puffs-Blueberry-Ice-Disposable-Vape.jpg\" \/>\n\t<meta property=\"og:image:width\" content=\"2000\" \/>\n\t<meta property=\"og:image:height\" content=\"1500\" \/>\n\t<meta property=\"og:image:type\" content=\"image\/jpeg\" \/>\n<meta name=\"twitter:card\" content=\"summary_large_image\" \/>\n<meta name=\"twitter:label1\" content=\"Estimeret l\u00e6setid\" \/>\n\t<meta name=\"twitter:data1\" content=\"2 minutter\" \/>\n<script type=\"application\/ld+json\" class=\"yoast-schema-graph\">{\"@context\":\"https:\/\/schema.org\",\"@graph\":[{\"@type\":\"WebPage\",\"@id\":\"https:\/\/fumot.uk\/product\/blueberry-ice-waspe-crystal-20000-puffs\/\",\"url\":\"https:\/\/fumot.uk\/product\/blueberry-ice-waspe-crystal-20000-puffs\/\",\"name\":\"WASPE Crystal 20000 Puffs Blueberry Ice | fumot.uk\",\"isPartOf\":{\"@id\":\"https:\/\/fumot.uk\/#website\"},\"primaryImageOfPage\":{\"@id\":\"https:\/\/fumot.uk\/product\/blueberry-ice-waspe-crystal-20000-puffs\/#primaryimage\"},\"image\":{\"@id\":\"https:\/\/fumot.uk\/product\/blueberry-ice-waspe-crystal-20000-puffs\/#primaryimage\"},\"thumbnailUrl\":\"https:\/\/fumot.uk\/wp-content\/uploads\/2026\/01\/WASPE-Crystal-20000-Puffs-Blueberry-Ice-Disposable-Vape.jpg\",\"datePublished\":\"2026-01-20T10:13:25+00:00\",\"dateModified\":\"2026-01-21T01:44:22+00:00\",\"description\":\"Blueberry Ice WASPE Crystal 20000 Puffs disposable vape: 24ml, dual mesh coil, LED display, 900mAh Type\u2011C rechargeable. Nicotine 0\/2\/5%.\",\"breadcrumb\":{\"@id\":\"https:\/\/fumot.uk\/product\/blueberry-ice-waspe-crystal-20000-puffs\/#breadcrumb\"},\"inLanguage\":\"da-DK\",\"potentialAction\":[{\"@type\":\"ReadAction\",\"target\":[\"https:\/\/fumot.uk\/product\/blueberry-ice-waspe-crystal-20000-puffs\/\"]}]},{\"@type\":\"ImageObject\",\"inLanguage\":\"da-DK\",\"@id\":\"https:\/\/fumot.uk\/product\/blueberry-ice-waspe-crystal-20000-puffs\/#primaryimage\",\"url\":\"https:\/\/fumot.uk\/wp-content\/uploads\/2026\/01\/WASPE-Crystal-20000-Puffs-Blueberry-Ice-Disposable-Vape.jpg\",\"contentUrl\":\"https:\/\/fumot.uk\/wp-content\/uploads\/2026\/01\/WASPE-Crystal-20000-Puffs-Blueberry-Ice-Disposable-Vape.jpg\",\"width\":2000,\"height\":1500},{\"@type\":\"BreadcrumbList\",\"@id\":\"https:\/\/fumot.uk\/product\/blueberry-ice-waspe-crystal-20000-puffs\/#breadcrumb\",\"itemListElement\":[{\"@type\":\"ListItem\",\"position\":1,\"name\":\"Home\",\"item\":\"https:\/\/fumot.uk\/\"},{\"@type\":\"ListItem\",\"position\":2,\"name\":\"Shop\",\"item\":\"https:\/\/fumot.uk\/shop\/\"},{\"@type\":\"ListItem\",\"position\":3,\"name\":\"WASPE Crystal 20000 Puffs Blueberry Ice Disposable Vape (24ml, Dual Mesh, Type\u2011C Rechargeable)\"}]},{\"@type\":\"WebSite\",\"@id\":\"https:\/\/fumot.uk\/#website\",\"url\":\"https:\/\/fumot.uk\/\",\"name\":\"Fumot Official Direct | Straight from the Factory, 100% Genuine\",\"description\":\"Official Website\",\"publisher\":{\"@id\":\"https:\/\/fumot.uk\/#organization\"},\"potentialAction\":[{\"@type\":\"SearchAction\",\"target\":{\"@type\":\"EntryPoint\",\"urlTemplate\":\"https:\/\/fumot.uk\/?s={search_term_string}\"},\"query-input\":{\"@type\":\"PropertyValueSpecification\",\"valueRequired\":true,\"valueName\":\"search_term_string\"}}],\"inLanguage\":\"da-DK\"},{\"@type\":\"Organization\",\"@id\":\"https:\/\/fumot.uk\/#organization\",\"name\":\"Fumot Official Direct | Straight from the Factory, 100% Genuine\",\"url\":\"https:\/\/fumot.uk\/\",\"logo\":{\"@type\":\"ImageObject\",\"inLanguage\":\"da-DK\",\"@id\":\"https:\/\/fumot.uk\/#\/schema\/logo\/image\/\",\"url\":\"https:\/\/fumot.uk\/wp-content\/uploads\/2026\/01\/cropped-fumot-logo1.png\",\"contentUrl\":\"https:\/\/fumot.uk\/wp-content\/uploads\/2026\/01\/cropped-fumot-logo1.png\",\"width\":152,\"height\":106,\"caption\":\"Fumot Official Direct | Straight from the Factory, 100% Genuine\"},\"image\":{\"@id\":\"https:\/\/fumot.uk\/#\/schema\/logo\/image\/\"}}]}<\/script>\n<!-- \/ Yoast SEO plugin. -->","yoast_head_json":{"title":"WASPE Crystal 20000 Puffs Bl\u00e5b\u00e6r Is | fumot.uk","description":"Bl\u00e5b\u00e6r Is WASPE Crystal 20000 Puffs engangs-vape: 24 ml, dobbelt mesh coil, LED-display, 900mAh Type\u2011C genopladelig. Nikotin 0\/2\/5%.","robots":{"index":"index","follow":"follow","max-snippet":"max-snippet:-1","max-image-preview":"max-image-preview:large","max-video-preview":"max-video-preview:-1"},"canonical":"https:\/\/fumot.uk\/da\/product\/blueberry-ice-waspe-crystal-20000-puffs\/","og_locale":"da_DK","og_type":"article","og_title":"Blueberry Ice \u2013 WASPE Crystal 20000 Puffs","og_description":"Juicy blueberry sweetness with a crisp icy finish. 24ml, dual mesh coil, LED display, 900mAh Type\u2011C rechargeable. Choose 0\/2\/5% nicotine.","og_url":"https:\/\/fumot.uk\/da\/product\/blueberry-ice-waspe-crystal-20000-puffs\/","og_site_name":"Fumot Official Direct | Straight from the Factory, 100% Genuine","article_modified_time":"2026-01-21T01:44:22+00:00","og_image":[{"width":2000,"height":1500,"url":"https:\/\/fumot.uk\/wp-content\/uploads\/2026\/01\/WASPE-Crystal-20000-Puffs-Blueberry-Ice-Disposable-Vape.jpg","type":"image\/jpeg"}],"twitter_card":"summary_large_image","twitter_misc":{"Estimeret l\u00e6setid":"2 minutter"},"schema":{"@context":"https:\/\/schema.org","@graph":[{"@type":"WebPage","@id":"https:\/\/fumot.uk\/product\/blueberry-ice-waspe-crystal-20000-puffs\/","url":"https:\/\/fumot.uk\/product\/blueberry-ice-waspe-crystal-20000-puffs\/","name":"WASPE Crystal 20000 Puffs Bl\u00e5b\u00e6r Is | fumot.uk","isPartOf":{"@id":"https:\/\/fumot.uk\/#website"},"primaryImageOfPage":{"@id":"https:\/\/fumot.uk\/product\/blueberry-ice-waspe-crystal-20000-puffs\/#primaryimage"},"image":{"@id":"https:\/\/fumot.uk\/product\/blueberry-ice-waspe-crystal-20000-puffs\/#primaryimage"},"thumbnailUrl":"https:\/\/fumot.uk\/wp-content\/uploads\/2026\/01\/WASPE-Crystal-20000-Puffs-Blueberry-Ice-Disposable-Vape.jpg","datePublished":"2026-01-20T10:13:25+00:00","dateModified":"2026-01-21T01:44:22+00:00","description":"Bl\u00e5b\u00e6r Is WASPE Crystal 20000 Puffs engangs-vape: 24 ml, dobbelt mesh coil, LED-display, 900mAh Type\u2011C genopladelig. Nikotin 0\/2\/5%.","breadcrumb":{"@id":"https:\/\/fumot.uk\/product\/blueberry-ice-waspe-crystal-20000-puffs\/#breadcrumb"},"inLanguage":"da-DK","potentialAction":[{"@type":"ReadAction","target":["https:\/\/fumot.uk\/product\/blueberry-ice-waspe-crystal-20000-puffs\/"]}]},{"@type":"ImageObject","inLanguage":"da-DK","@id":"https:\/\/fumot.uk\/product\/blueberry-ice-waspe-crystal-20000-puffs\/#primaryimage","url":"https:\/\/fumot.uk\/wp-content\/uploads\/2026\/01\/WASPE-Crystal-20000-Puffs-Blueberry-Ice-Disposable-Vape.jpg","contentUrl":"https:\/\/fumot.uk\/wp-content\/uploads\/2026\/01\/WASPE-Crystal-20000-Puffs-Blueberry-Ice-Disposable-Vape.jpg","width":2000,"height":1500},{"@type":"BreadcrumbList","@id":"https:\/\/fumot.uk\/product\/blueberry-ice-waspe-crystal-20000-puffs\/#breadcrumb","itemListElement":[{"@type":"ListItem","position":1,"name":"Home","item":"https:\/\/fumot.uk\/"},{"@type":"ListItem","position":2,"name":"Shop","item":"https:\/\/fumot.uk\/shop\/"},{"@type":"ListItem","position":3,"name":"WASPE Crystal 20000 Puffs Blueberry Ice Disposable Vape (24ml, Dual Mesh, Type\u2011C Rechargeable)"}]},{"@type":"WebSite","@id":"https:\/\/fumot.uk\/#website","url":"https:\/\/fumot.uk\/","name":"Fumot Official Direct | Direkte fra fabrikken, 100% \u00c6gte","description":"Officiel hjemmeside","publisher":{"@id":"https:\/\/fumot.uk\/#organization"},"potentialAction":[{"@type":"SearchAction","target":{"@type":"EntryPoint","urlTemplate":"https:\/\/fumot.uk\/?s={search_term_string}"},"query-input":{"@type":"PropertyValueSpecification","valueRequired":true,"valueName":"search_term_string"}}],"inLanguage":"da-DK"},{"@type":"Organization","@id":"https:\/\/fumot.uk\/#organization","name":"Fumot Official Direct | Direkte fra fabrikken, 100% \u00c6gte","url":"https:\/\/fumot.uk\/","logo":{"@type":"ImageObject","inLanguage":"da-DK","@id":"https:\/\/fumot.uk\/#\/schema\/logo\/image\/","url":"https:\/\/fumot.uk\/wp-content\/uploads\/2026\/01\/cropped-fumot-logo1.png","contentUrl":"https:\/\/fumot.uk\/wp-content\/uploads\/2026\/01\/cropped-fumot-logo1.png","width":152,"height":106,"caption":"Fumot Official Direct | Straight from the Factory, 100% Genuine"},"image":{"@id":"https:\/\/fumot.uk\/#\/schema\/logo\/image\/"}}]}},"_links":{"self":[{"href":"https:\/\/fumot.uk\/da\/wp-json\/wp\/v2\/product\/3542","targetHints":{"allow":["GET"]}}],"collection":[{"href":"https:\/\/fumot.uk\/da\/wp-json\/wp\/v2\/product"}],"about":[{"href":"https:\/\/fumot.uk\/da\/wp-json\/wp\/v2\/types\/product"}],"replies":[{"embeddable":true,"href":"https:\/\/fumot.uk\/da\/wp-json\/wp\/v2\/comments?post=3542"}],"wp:featuredmedia":[{"embeddable":true,"href":"https:\/\/fumot.uk\/da\/wp-json\/wp\/v2\/media\/3587"}],"wp:attachment":[{"href":"https:\/\/fumot.uk\/da\/wp-json\/wp\/v2\/media?parent=3542"}],"wp:term":[{"taxonomy":"product_brand","embeddable":true,"href":"https:\/\/fumot.uk\/da\/wp-json\/wp\/v2\/product_brand?post=3542"},{"taxonomy":"product_cat","embeddable":true,"href":"https:\/\/fumot.uk\/da\/wp-json\/wp\/v2\/product_cat?post=3542"},{"taxonomy":"product_tag","embeddable":true,"href":"https:\/\/fumot.uk\/da\/wp-json\/wp\/v2\/product_tag?post=3542"}],"curies":[{"name":"wp","href":"https:\/\/api.w.org\/{rel}","templated":true}]}}