{"id":3537,"date":"2026-01-20T10:13:24","date_gmt":"2026-01-20T10:13:24","guid":{"rendered":"https:\/\/fumot.uk\/?post_type=product&#038;p=3537"},"modified":"2026-01-20T10:15:05","modified_gmt":"2026-01-20T10:15:05","slug":"vozol-gear-power-20000-puffs-strawberry-watermelon","status":"publish","type":"product","link":"https:\/\/fumot.uk\/da\/product\/vozol-gear-power-20000-puffs-strawberry-watermelon\/","title":{"rendered":"Vozol Gear Power 20000 Puffs-Jordb\u00e6r Vandmelon"},"content":{"rendered":"<h4>Vozol Gear Power 20000 Puffs Strawberry Watermelon: Den s\u00f8de fristelse af jordb\u00e6r m\u00f8der den forfriskende saftighed af vandmelon<\/h4>\n<p><strong>Vozol Gear Power 20000 Puffs Strawberry Watermelon<\/strong> forener den saftigt-s\u00f8de jordb\u00e6r perfekt med den forfriskende s\u00f8de vandmelon. Hvert sug udfolder en behagelig frugtaroma, der tilbyder en frisk og oplivende smagsoplevelse \u2013 som var man i en sommerlig frugthave. Uanset om det er det s\u00f8de jordb\u00e6r eller den saftige vandmelon, smelter begge harmonisk p\u00e5 tungen og giver dig en rig smagsoplevelse.<\/p>\n<p>Udover den intense frugtsmag s\u00f8rger varianten Strawberry <a href=\"https:\/\/ultravape.de\/product-tag\/watermelon\/\">Vandmelon<\/a> ogs\u00e5 for en diskret k\u00f8lighed, der ledsager hvert sug med en forfriskende friskhed. Denne k\u00f8lende note giver ikke kun smagen en s\u00e6rlig friskhed, men balancerer ogs\u00e5 frugternes s\u00f8dme, hvilket g\u00f8r hvert sug mere nuanceret og afbalanceret.<\/p>\n<h4>Egenskaberne ved Vozol Gear Power 20000 Puffs:<\/h4>\n<p><strong>\u2022 Sug:<\/strong> 20000 sug<br \/>\n<strong>\u2022 Nikotinindhold:<\/strong> 5%<br \/>\n<strong>\u2022 E-Liquid Kapacitet:<\/strong> 20mL<br \/>\n<strong>\u2022 Coil Design:<\/strong> Dual Mesh Coils<br \/>\n<strong>\u2022 Display:<\/strong> Full-Screen-Display<br \/>\n<strong>\u2022 Teknologi:<\/strong> S.i.L.C. Teknologi<\/p>\n<h4 data-start=\"0\" data-end=\"50\"><strong data-start=\"0\" data-end=\"50\">Hvorfor v\u00e6lge Vozol GEAR POWER 20000 Puffs?<\/strong><\/h4>\n<p data-start=\"20\" data-end=\"499\">1. Vozol Gear Power 20000 Puffs har et fuldsk\u00e6rmsdisplay, der giver dig mulighed for at overv\u00e5ge batteristatus, antallet af sug samt enhedens tilstand i realtid. I mods\u00e6tning til traditionelle e-cigaretter, der ofte kun stoler p\u00e5 kontrollys, har du her altid det fulde overblik. S\u00e5 undg\u00e5r du ubehagelige overraskelser p\u00e5 grund af uventet fald i batteriydelse og nyder en intelligent og bekvem dampoplevelse.<\/p>\n<p data-start=\"504\" data-end=\"914\">2. Denne enhed er udstyret med den avancerede S.i.L.C.-teknologi, der ikke kun forbedrer smagens renhed og j\u00e6vn fordampning, men ogs\u00e5 reducerer slid inde i enheden betydeligt. Resultatet er en mere stabil dampoplevelse og en forl\u00e6nget produktlevetid, hvilket giver dig langsigtet h\u00f8j effektivitet og problemfri drift.<\/p>\n<p data-start=\"919\" data-end=\"1407\" data-is-last-node=\"\">3. Vozol GEAR POWER 20k tilbyder to forskellige effektmodi, der giver dig mulighed for fleksibelt at im\u00f8dekomme dine behov. Uanset om du foretr\u00e6kker l\u00e6ngere brugstid eller \u00f8nsker mere intens dampnydelse \u2013 enheden opfylder begge krav perfekt. I energisparetilstand er op til 20.000 sug muligt, mens effektmoden leverer st\u00e6rkere skyer og mere intens smag. S\u00e5 forener enheden kraftfuld ydeevne med langvarig batterikapacitet p\u00e5 ideel vis.<\/p>","protected":false},"excerpt":{"rendered":"<p>Vozol Gear Power 20000 Puffs Strawberry Watermelon: Den s\u00f8de fristelse af jordb\u00e6r m\u00f8der den forfriskende saftighed af vandmelon. Vozol Gear Power 20000 Puffs Strawberry Watermelon forener den saftigt-s\u00f8de jordb\u00e6r perfekt med den forfriskende s\u00f8de vandmelon. Hvert sug udfolder en behagelig frugtaroma, der tilbyder en frisk og oplivende smagsoplevelse \u2013 som var man i en [\u2026]<\/p>","protected":false},"featured_media":3582,"comment_status":"open","ping_status":"closed","template":"","meta":[],"product_brand":[],"product_cat":[68,17,184],"product_tag":[60,131,21,23,73,26,37,28,32],"class_list":{"0":"post-3537","1":"product","2":"type-product","3":"status-publish","4":"has-post-thumbnail","6":"product_cat-20000-puff","7":"product_cat-vape","8":"product_cat-vozol-gear-power-20000-puffs","9":"product_tag-20ml","10":"product_tag-650mah","11":"product_tag-adjustable-airflow","12":"product_tag-display","13":"product_tag-dual-mesh","14":"product_tag-rechargeable","15":"product_tag-strawberry","16":"product_tag-type-c","17":"product_tag-watermelon","19":"first","20":"instock","21":"sale","22":"shipping-taxable","23":"purchasable","24":"product-type-variable","25":"has-default-attributes"},"yoast_head":"<!-- This site is optimized with the Yoast SEO plugin v26.8 - https:\/\/yoast.com\/product\/yoast-seo-wordpress\/ -->\n<title>Vozol Gear Power 20000 Puffs-Strawberry Watermelon - Fumot Official Direct | Straight from the Factory, 100% Genuine<\/title>\n<meta name=\"robots\" content=\"index, follow, max-snippet:-1, max-image-preview:large, max-video-preview:-1\" \/>\n<link rel=\"canonical\" href=\"https:\/\/fumot.uk\/da\/product\/vozol-gear-power-20000-puffs-strawberry-watermelon\/\" \/>\n<meta property=\"og:locale\" content=\"da_DK\" \/>\n<meta property=\"og:type\" content=\"article\" \/>\n<meta property=\"og:title\" content=\"Vozol Gear Power 20000 Puffs-Strawberry Watermelon - Fumot Official Direct | Straight from the Factory, 100% Genuine\" \/>\n<meta property=\"og:description\" content=\"Vozol Gear Power 20000 Puffs Strawberry Watermelon: Die s\u00fc\u00dfe Verlockung der Erdbeere trifft auf die erfrischende Saftigkeit der Wassermelone Vozol Gear Power 20000 Puffs Strawberry Watermelon vereint die saftig-s\u00fc\u00dfe Erdbeere perfekt mit der erfrischend s\u00fc\u00dfen Wassermelone. Jeder Zug entfaltet ein angenehmes Fruchtaroma, das eine frische und belebende Geschmackserfahrung bietet \u2013 als w\u00e4re man in einem [&hellip;]\" \/>\n<meta property=\"og:url\" content=\"https:\/\/fumot.uk\/da\/product\/vozol-gear-power-20000-puffs-strawberry-watermelon\/\" \/>\n<meta property=\"og:site_name\" content=\"Fumot Official Direct | Straight from the Factory, 100% Genuine\" \/>\n<meta property=\"article:modified_time\" content=\"2026-01-20T10:15:05+00:00\" \/>\n<meta property=\"og:image\" content=\"https:\/\/fumot.uk\/wp-content\/uploads\/2026\/01\/Vozol-Gear-Power-20000-Puffs-Strawberry-Watermelon-Disposable-Vape.png\" \/>\n\t<meta property=\"og:image:width\" content=\"1000\" \/>\n\t<meta property=\"og:image:height\" content=\"1000\" \/>\n\t<meta property=\"og:image:type\" content=\"image\/png\" \/>\n<meta name=\"twitter:card\" content=\"summary_large_image\" \/>\n<meta name=\"twitter:label1\" content=\"Estimeret l\u00e6setid\" \/>\n\t<meta name=\"twitter:data1\" content=\"3 minutter\" \/>\n<script type=\"application\/ld+json\" class=\"yoast-schema-graph\">{\"@context\":\"https:\/\/schema.org\",\"@graph\":[{\"@type\":\"WebPage\",\"@id\":\"https:\/\/fumot.uk\/product\/vozol-gear-power-20000-puffs-strawberry-watermelon\/\",\"url\":\"https:\/\/fumot.uk\/product\/vozol-gear-power-20000-puffs-strawberry-watermelon\/\",\"name\":\"Vozol Gear Power 20000 Puffs-Strawberry Watermelon - Fumot Official Direct | Straight from the Factory, 100% Genuine\",\"isPartOf\":{\"@id\":\"https:\/\/fumot.uk\/#website\"},\"primaryImageOfPage\":{\"@id\":\"https:\/\/fumot.uk\/product\/vozol-gear-power-20000-puffs-strawberry-watermelon\/#primaryimage\"},\"image\":{\"@id\":\"https:\/\/fumot.uk\/product\/vozol-gear-power-20000-puffs-strawberry-watermelon\/#primaryimage\"},\"thumbnailUrl\":\"https:\/\/fumot.uk\/wp-content\/uploads\/2026\/01\/Vozol-Gear-Power-20000-Puffs-Strawberry-Watermelon-Disposable-Vape.png\",\"datePublished\":\"2026-01-20T10:13:24+00:00\",\"dateModified\":\"2026-01-20T10:15:05+00:00\",\"breadcrumb\":{\"@id\":\"https:\/\/fumot.uk\/product\/vozol-gear-power-20000-puffs-strawberry-watermelon\/#breadcrumb\"},\"inLanguage\":\"da-DK\",\"potentialAction\":[{\"@type\":\"ReadAction\",\"target\":[\"https:\/\/fumot.uk\/product\/vozol-gear-power-20000-puffs-strawberry-watermelon\/\"]}]},{\"@type\":\"ImageObject\",\"inLanguage\":\"da-DK\",\"@id\":\"https:\/\/fumot.uk\/product\/vozol-gear-power-20000-puffs-strawberry-watermelon\/#primaryimage\",\"url\":\"https:\/\/fumot.uk\/wp-content\/uploads\/2026\/01\/Vozol-Gear-Power-20000-Puffs-Strawberry-Watermelon-Disposable-Vape.png\",\"contentUrl\":\"https:\/\/fumot.uk\/wp-content\/uploads\/2026\/01\/Vozol-Gear-Power-20000-Puffs-Strawberry-Watermelon-Disposable-Vape.png\",\"width\":1000,\"height\":1000},{\"@type\":\"BreadcrumbList\",\"@id\":\"https:\/\/fumot.uk\/product\/vozol-gear-power-20000-puffs-strawberry-watermelon\/#breadcrumb\",\"itemListElement\":[{\"@type\":\"ListItem\",\"position\":1,\"name\":\"Home\",\"item\":\"https:\/\/fumot.uk\/\"},{\"@type\":\"ListItem\",\"position\":2,\"name\":\"Shop\",\"item\":\"https:\/\/fumot.uk\/shop\/\"},{\"@type\":\"ListItem\",\"position\":3,\"name\":\"Vozol Gear Power 20000 Puffs-Strawberry Watermelon\"}]},{\"@type\":\"WebSite\",\"@id\":\"https:\/\/fumot.uk\/#website\",\"url\":\"https:\/\/fumot.uk\/\",\"name\":\"Fumot Official Direct | Straight from the Factory, 100% Genuine\",\"description\":\"Official Website\",\"publisher\":{\"@id\":\"https:\/\/fumot.uk\/#organization\"},\"potentialAction\":[{\"@type\":\"SearchAction\",\"target\":{\"@type\":\"EntryPoint\",\"urlTemplate\":\"https:\/\/fumot.uk\/?s={search_term_string}\"},\"query-input\":{\"@type\":\"PropertyValueSpecification\",\"valueRequired\":true,\"valueName\":\"search_term_string\"}}],\"inLanguage\":\"da-DK\"},{\"@type\":\"Organization\",\"@id\":\"https:\/\/fumot.uk\/#organization\",\"name\":\"Fumot Official Direct | Straight from the Factory, 100% Genuine\",\"url\":\"https:\/\/fumot.uk\/\",\"logo\":{\"@type\":\"ImageObject\",\"inLanguage\":\"da-DK\",\"@id\":\"https:\/\/fumot.uk\/#\/schema\/logo\/image\/\",\"url\":\"https:\/\/fumot.uk\/wp-content\/uploads\/2026\/01\/cropped-fumot-logo1.png\",\"contentUrl\":\"https:\/\/fumot.uk\/wp-content\/uploads\/2026\/01\/cropped-fumot-logo1.png\",\"width\":152,\"height\":106,\"caption\":\"Fumot Official Direct | Straight from the Factory, 100% Genuine\"},\"image\":{\"@id\":\"https:\/\/fumot.uk\/#\/schema\/logo\/image\/\"}}]}<\/script>\n<!-- \/ Yoast SEO plugin. -->","yoast_head_json":{"title":"Vozol Gear Power 20000 Puffs-Jordb\u00e6r Vandmelon - Fumot Officiel Direkte | Direkte fra Fabrikken, 100% \u00c6gte","robots":{"index":"index","follow":"follow","max-snippet":"max-snippet:-1","max-image-preview":"max-image-preview:large","max-video-preview":"max-video-preview:-1"},"canonical":"https:\/\/fumot.uk\/da\/product\/vozol-gear-power-20000-puffs-strawberry-watermelon\/","og_locale":"da_DK","og_type":"article","og_title":"Vozol Gear Power 20000 Puffs-Strawberry Watermelon - Fumot Official Direct | Straight from the Factory, 100% Genuine","og_description":"Vozol Gear Power 20000 Puffs Strawberry Watermelon: Die s\u00fc\u00dfe Verlockung der Erdbeere trifft auf die erfrischende Saftigkeit der Wassermelone Vozol Gear Power 20000 Puffs Strawberry Watermelon vereint die saftig-s\u00fc\u00dfe Erdbeere perfekt mit der erfrischend s\u00fc\u00dfen Wassermelone. Jeder Zug entfaltet ein angenehmes Fruchtaroma, das eine frische und belebende Geschmackserfahrung bietet \u2013 als w\u00e4re man in einem [&hellip;]","og_url":"https:\/\/fumot.uk\/da\/product\/vozol-gear-power-20000-puffs-strawberry-watermelon\/","og_site_name":"Fumot Official Direct | Straight from the Factory, 100% Genuine","article_modified_time":"2026-01-20T10:15:05+00:00","og_image":[{"width":1000,"height":1000,"url":"https:\/\/fumot.uk\/wp-content\/uploads\/2026\/01\/Vozol-Gear-Power-20000-Puffs-Strawberry-Watermelon-Disposable-Vape.png","type":"image\/png"}],"twitter_card":"summary_large_image","twitter_misc":{"Estimeret l\u00e6setid":"3 minutter"},"schema":{"@context":"https:\/\/schema.org","@graph":[{"@type":"WebPage","@id":"https:\/\/fumot.uk\/product\/vozol-gear-power-20000-puffs-strawberry-watermelon\/","url":"https:\/\/fumot.uk\/product\/vozol-gear-power-20000-puffs-strawberry-watermelon\/","name":"Vozol Gear Power 20000 Puffs-Jordb\u00e6r Vandmelon - Fumot Officiel Direkte | Direkte fra Fabrikken, 100% \u00c6gte","isPartOf":{"@id":"https:\/\/fumot.uk\/#website"},"primaryImageOfPage":{"@id":"https:\/\/fumot.uk\/product\/vozol-gear-power-20000-puffs-strawberry-watermelon\/#primaryimage"},"image":{"@id":"https:\/\/fumot.uk\/product\/vozol-gear-power-20000-puffs-strawberry-watermelon\/#primaryimage"},"thumbnailUrl":"https:\/\/fumot.uk\/wp-content\/uploads\/2026\/01\/Vozol-Gear-Power-20000-Puffs-Strawberry-Watermelon-Disposable-Vape.png","datePublished":"2026-01-20T10:13:24+00:00","dateModified":"2026-01-20T10:15:05+00:00","breadcrumb":{"@id":"https:\/\/fumot.uk\/product\/vozol-gear-power-20000-puffs-strawberry-watermelon\/#breadcrumb"},"inLanguage":"da-DK","potentialAction":[{"@type":"ReadAction","target":["https:\/\/fumot.uk\/product\/vozol-gear-power-20000-puffs-strawberry-watermelon\/"]}]},{"@type":"ImageObject","inLanguage":"da-DK","@id":"https:\/\/fumot.uk\/product\/vozol-gear-power-20000-puffs-strawberry-watermelon\/#primaryimage","url":"https:\/\/fumot.uk\/wp-content\/uploads\/2026\/01\/Vozol-Gear-Power-20000-Puffs-Strawberry-Watermelon-Disposable-Vape.png","contentUrl":"https:\/\/fumot.uk\/wp-content\/uploads\/2026\/01\/Vozol-Gear-Power-20000-Puffs-Strawberry-Watermelon-Disposable-Vape.png","width":1000,"height":1000},{"@type":"BreadcrumbList","@id":"https:\/\/fumot.uk\/product\/vozol-gear-power-20000-puffs-strawberry-watermelon\/#breadcrumb","itemListElement":[{"@type":"ListItem","position":1,"name":"Home","item":"https:\/\/fumot.uk\/"},{"@type":"ListItem","position":2,"name":"Shop","item":"https:\/\/fumot.uk\/shop\/"},{"@type":"ListItem","position":3,"name":"Vozol Gear Power 20000 Puffs-Strawberry Watermelon"}]},{"@type":"WebSite","@id":"https:\/\/fumot.uk\/#website","url":"https:\/\/fumot.uk\/","name":"Fumot Official Direct | Direkte fra fabrikken, 100% \u00c6gte","description":"Officiel hjemmeside","publisher":{"@id":"https:\/\/fumot.uk\/#organization"},"potentialAction":[{"@type":"SearchAction","target":{"@type":"EntryPoint","urlTemplate":"https:\/\/fumot.uk\/?s={search_term_string}"},"query-input":{"@type":"PropertyValueSpecification","valueRequired":true,"valueName":"search_term_string"}}],"inLanguage":"da-DK"},{"@type":"Organization","@id":"https:\/\/fumot.uk\/#organization","name":"Fumot Official Direct | Direkte fra fabrikken, 100% \u00c6gte","url":"https:\/\/fumot.uk\/","logo":{"@type":"ImageObject","inLanguage":"da-DK","@id":"https:\/\/fumot.uk\/#\/schema\/logo\/image\/","url":"https:\/\/fumot.uk\/wp-content\/uploads\/2026\/01\/cropped-fumot-logo1.png","contentUrl":"https:\/\/fumot.uk\/wp-content\/uploads\/2026\/01\/cropped-fumot-logo1.png","width":152,"height":106,"caption":"Fumot Official Direct | Straight from the Factory, 100% Genuine"},"image":{"@id":"https:\/\/fumot.uk\/#\/schema\/logo\/image\/"}}]}},"_links":{"self":[{"href":"https:\/\/fumot.uk\/da\/wp-json\/wp\/v2\/product\/3537","targetHints":{"allow":["GET"]}}],"collection":[{"href":"https:\/\/fumot.uk\/da\/wp-json\/wp\/v2\/product"}],"about":[{"href":"https:\/\/fumot.uk\/da\/wp-json\/wp\/v2\/types\/product"}],"replies":[{"embeddable":true,"href":"https:\/\/fumot.uk\/da\/wp-json\/wp\/v2\/comments?post=3537"}],"wp:featuredmedia":[{"embeddable":true,"href":"https:\/\/fumot.uk\/da\/wp-json\/wp\/v2\/media\/3582"}],"wp:attachment":[{"href":"https:\/\/fumot.uk\/da\/wp-json\/wp\/v2\/media?parent=3537"}],"wp:term":[{"taxonomy":"product_brand","embeddable":true,"href":"https:\/\/fumot.uk\/da\/wp-json\/wp\/v2\/product_brand?post=3537"},{"taxonomy":"product_cat","embeddable":true,"href":"https:\/\/fumot.uk\/da\/wp-json\/wp\/v2\/product_cat?post=3537"},{"taxonomy":"product_tag","embeddable":true,"href":"https:\/\/fumot.uk\/da\/wp-json\/wp\/v2\/product_tag?post=3537"}],"curies":[{"name":"wp","href":"https:\/\/api.w.org\/{rel}","templated":true}]}}