{"id":3380,"date":"2026-01-20T10:11:15","date_gmt":"2026-01-20T10:11:15","guid":{"rendered":"https:\/\/fumot.uk\/?post_type=product&#038;p=3380"},"modified":"2026-01-20T10:12:57","modified_gmt":"2026-01-20T10:12:57","slug":"vozol-star-40000-puffs-blueberry-mint","status":"publish","type":"product","link":"https:\/\/fumot.uk\/da\/product\/vozol-star-40000-puffs-blueberry-mint\/","title":{"rendered":"Vozol Star 40000 Puffs-Bl\u00e5b\u00e6r Mint"},"content":{"rendered":"<p data-start=\"0\" data-end=\"626\"><strong>Vozol Star 40000 Puffs Blueberry Mint<\/strong> er udstyret med dobbelte mesh-varmespoler og den intelligente S.I.L.C.-teknologi, der g\u00f8r hver inhalation glat og stabil og giver en smagfuld dampoplevelse. Det elegante OLED-b\u00f8lgeform-display viser i realtid antallet af sug, batteriniveauet og den aktuelle tilstand, hvor betjeningen er enkel og intuitiv. Derudover sikrer det sugeaktiverede system og den kompakte, b\u00e6rbare konstruktion, at Vozol Star til enhver tid og overalt muligg\u00f8r en perfekt dampoplevelse.<\/p>\n<p data-start=\"628\" data-end=\"1152\" data-is-last-node=\"\" data-is-only-node=\"\"><strong>Blueberry Mint<\/strong> er en omhyggeligt afstemt e-cigaret-smag, der perfekt kombinerer s\u00f8dmen fra bl\u00e5b\u00e6r med friskheden fra mint. Hvert sug giver en dobbelt smagseksplosion af intense bl\u00e5b\u00e6r og forfriskende mint, hvilket giver en forfriskende oplevelse som ved iskold bl\u00e5b\u00e6r-mint-sukker.<\/p>\n<h4 data-start=\"0\" data-end=\"41\">Hovedfordele ved Vozol Star 40000 Puffs:<\/h4>\n<ul data-start=\"43\" data-end=\"794\" data-is-last-node=\"\" data-is-only-node=\"\">\n<li data-start=\"43\" data-end=\"171\">\n<p data-start=\"45\" data-end=\"171\"><strong data-start=\"45\" data-end=\"82\">Smagsintensivt e-v\u00e6ske<\/strong> \u2013 Fremstillet med h\u00f8jkvalitets nikotinsalt for en ekstraordin\u00e6r smagsoplevelse.<\/p>\n<\/li>\n<li data-start=\"172\" data-end=\"310\">\n<p data-start=\"174\" data-end=\"310\"><strong data-start=\"174\" data-end=\"214\">St\u00e6rk og j\u00e6vn luftstr\u00f8m<\/strong> \u2013 <a href=\"https:\/\/ultravape.de\/product-tag\/dual-mesh\/\">Dobbelte mesh-varmespoler<\/a> sikrer en konstant og glat dampnydelse ved hvert sug.<\/p>\n<\/li>\n<li data-start=\"311\" data-end=\"428\">\n<p data-start=\"313\" data-end=\"428\"><strong data-start=\"313\" data-end=\"353\">Genopladelig og genanvendelig<\/strong> \u2013 Enkel USB-C-opladning forl\u00e6nger brugstiden og reducerer affald.<\/p>\n<\/li>\n<li data-start=\"429\" data-end=\"523\">\n<p data-start=\"431\" data-end=\"523\"><strong data-start=\"431\" data-end=\"455\">Stor puff-kapacitet<\/strong> \u2013 Op til 40000 sug pr. enhed, ideel til langvarig brug.<\/p>\n<\/li>\n<li data-start=\"524\" data-end=\"657\">\n<p data-start=\"526\" data-end=\"657\"><strong data-start=\"526\" data-end=\"557\">Brugervenligt design<\/strong> \u2013 Aktivering ved sug, b\u00e6rbar og klar til brug for en ukompliceret dampoplevelse.<\/p>\n<\/li>\n<li data-start=\"658\" data-end=\"794\" data-is-last-node=\"\">\n<p data-start=\"660\" data-end=\"794\" data-is-last-node=\"\"><strong data-start=\"660\" data-end=\"697\">Intelligent dual-mode betjening<\/strong> \u2013 Enkel skift mellem Eco- og Power-tilstand for en individuelt tilpasset dampoplevelse.<\/p>\n<\/li>\n<\/ul>\n<div class=\"text-base my-auto mx-auto pb-10 [--thread-content-margin:--spacing(4)] @[37rem]:[--thread-content-margin:--spacing(6)] @[72rem]:[--thread-content-margin:--spacing(16)] px-(--thread-content-margin)\">\n<div class=\"[--thread-content-max-width:32rem] @[34rem]:[--thread-content-max-width:40rem] @[64rem]:[--thread-content-max-width:48rem] mx-auto max-w-(--thread-content-max-width) flex-1 group\/turn-messages focus-visible:outline-hidden relative flex w-full min-w-0 flex-col agent-turn\" tabindex=\"-1\">\n<div class=\"flex max-w-full flex-col grow\">\n<div class=\"min-h-8 text-message relative flex w-full flex-col items-end gap-2 text-start break-words whitespace-normal [.text-message+&amp;]:mt-5\" dir=\"auto\" data-message-author-role=\"assistant\" data-message-id=\"6bb70cb5-dfba-4da9-b71e-01208bdad8fd\" data-message-model-slug=\"gpt-4-1-mini\">\n<div class=\"flex w-full flex-col gap-1 empty:hidden first:pt-[3px]\">\n<div class=\"markdown prose dark:prose-invert w-full break-words light\">\n<p data-start=\"0\" data-end=\"577\" data-is-last-node=\"\" data-is-only-node=\"\"><strong>Vozol Star 40000 Puffs Blueberry Mint<\/strong> overbeviser med en rig smagsdybde, hvor de s\u00f8de bl\u00e5b\u00e6r harmonisk smelter sammen med friskheden fra mint og giver en samtidig kraftig og forfriskende inhalation. Uanset om du foretr\u00e6kker mere intense frugtnoter eller den k\u00f8lende effekt fra mint, balancerer denne smag begge perfekt og sikrer en behagelig dampoplevelse.<\/p>\n<\/div>\n<\/div>\n<\/div>\n<\/div>\n<\/div>\n<\/div>","protected":false},"excerpt":{"rendered":"<p>Vozol Star 40000 Puffs Blueberry Mint er udstyret med Dual-Mesh-varmespoler og den intelligente S.I.L.C.-teknologi, der g\u00f8r hver inhalation glat og stabil og tilbyder en smagfuld dampoplevelse. Det elegante OLED-b\u00f8lgegrafik-display viser i realtid antallet af tr\u00e6k, batteriniveauet og den aktuelle tilstand, hvor betjeningen er enkel og intuitiv. Derudover sikrer tr\u00e6kaktiveringssystemet [\u2026]<\/p>","protected":false},"featured_media":3418,"comment_status":"open","ping_status":"closed","template":"","meta":[],"product_brand":[],"product_cat":[82,17,178],"product_tag":[174,60,21,33,72,23,73,61,26,27,28],"class_list":{"0":"post-3380","1":"product","2":"type-product","3":"status-publish","4":"has-post-thumbnail","6":"product_cat-40000-puff","7":"product_cat-vape","8":"product_cat-vozol-star-40000-puffs","9":"product_tag-1000-mah","10":"product_tag-20ml","11":"product_tag-adjustable-airflow","12":"product_tag-blueberry","13":"product_tag-direct-to-lung","14":"product_tag-display","15":"product_tag-dual-mesh","16":"product_tag-mint","17":"product_tag-rechargeable","18":"product_tag-rgb-light","19":"product_tag-type-c","21":"first","22":"instock","23":"sale","24":"shipping-taxable","25":"purchasable","26":"product-type-variable","27":"has-default-attributes"},"yoast_head":"<!-- This site is optimized with the Yoast SEO plugin v26.8 - https:\/\/yoast.com\/product\/yoast-seo-wordpress\/ -->\n<title>Vozol Star 40000 Puffs-Blueberry Mint - Fumot Official Direct | Straight from the Factory, 100% Genuine<\/title>\n<meta name=\"robots\" content=\"index, follow, max-snippet:-1, max-image-preview:large, max-video-preview:-1\" \/>\n<link rel=\"canonical\" href=\"https:\/\/fumot.uk\/da\/product\/vozol-star-40000-puffs-blueberry-mint\/\" \/>\n<meta property=\"og:locale\" content=\"da_DK\" \/>\n<meta property=\"og:type\" content=\"article\" \/>\n<meta property=\"og:title\" content=\"Vozol Star 40000 Puffs-Blueberry Mint - Fumot Official Direct | Straight from the Factory, 100% Genuine\" \/>\n<meta property=\"og:description\" content=\"Vozol Star 40000 Puffs Blueberry Mint ist mit Dual-Mesh-Heizspulen und der intelligenten S.I.L.C.-Technologie ausgestattet, die jede Inhalation geschmeidig und stabil machen und ein geschmackvolles Dampferlebnis bieten. Das elegante OLED-Wellenbild-Display zeigt in Echtzeit die Anzahl der Z\u00fcge, den Akkustand und den aktuellen Modus an, wobei die Bedienung einfach und intuitiv ist. Dar\u00fcber hinaus sorgt das Zugaktivierungssystem [&hellip;]\" \/>\n<meta property=\"og:url\" content=\"https:\/\/fumot.uk\/da\/product\/vozol-star-40000-puffs-blueberry-mint\/\" \/>\n<meta property=\"og:site_name\" content=\"Fumot Official Direct | Straight from the Factory, 100% Genuine\" \/>\n<meta property=\"article:modified_time\" content=\"2026-01-20T10:12:57+00:00\" \/>\n<meta property=\"og:image\" content=\"https:\/\/fumot.uk\/wp-content\/uploads\/2026\/01\/Vozol-Star-40000-Puffs_Blueberry-Mint_Disposable-Vape.png\" \/>\n\t<meta property=\"og:image:width\" content=\"1000\" \/>\n\t<meta property=\"og:image:height\" content=\"1000\" \/>\n\t<meta property=\"og:image:type\" content=\"image\/png\" \/>\n<meta name=\"twitter:card\" content=\"summary_large_image\" \/>\n<meta name=\"twitter:label1\" content=\"Estimeret l\u00e6setid\" \/>\n\t<meta name=\"twitter:data1\" content=\"2 minutter\" \/>\n<script type=\"application\/ld+json\" class=\"yoast-schema-graph\">{\"@context\":\"https:\/\/schema.org\",\"@graph\":[{\"@type\":\"WebPage\",\"@id\":\"https:\/\/fumot.uk\/product\/vozol-star-40000-puffs-blueberry-mint\/\",\"url\":\"https:\/\/fumot.uk\/product\/vozol-star-40000-puffs-blueberry-mint\/\",\"name\":\"Vozol Star 40000 Puffs-Blueberry Mint - Fumot Official Direct | Straight from the Factory, 100% Genuine\",\"isPartOf\":{\"@id\":\"https:\/\/fumot.uk\/#website\"},\"primaryImageOfPage\":{\"@id\":\"https:\/\/fumot.uk\/product\/vozol-star-40000-puffs-blueberry-mint\/#primaryimage\"},\"image\":{\"@id\":\"https:\/\/fumot.uk\/product\/vozol-star-40000-puffs-blueberry-mint\/#primaryimage\"},\"thumbnailUrl\":\"https:\/\/fumot.uk\/wp-content\/uploads\/2026\/01\/Vozol-Star-40000-Puffs_Blueberry-Mint_Disposable-Vape.png\",\"datePublished\":\"2026-01-20T10:11:15+00:00\",\"dateModified\":\"2026-01-20T10:12:57+00:00\",\"breadcrumb\":{\"@id\":\"https:\/\/fumot.uk\/product\/vozol-star-40000-puffs-blueberry-mint\/#breadcrumb\"},\"inLanguage\":\"da-DK\",\"potentialAction\":[{\"@type\":\"ReadAction\",\"target\":[\"https:\/\/fumot.uk\/product\/vozol-star-40000-puffs-blueberry-mint\/\"]}]},{\"@type\":\"ImageObject\",\"inLanguage\":\"da-DK\",\"@id\":\"https:\/\/fumot.uk\/product\/vozol-star-40000-puffs-blueberry-mint\/#primaryimage\",\"url\":\"https:\/\/fumot.uk\/wp-content\/uploads\/2026\/01\/Vozol-Star-40000-Puffs_Blueberry-Mint_Disposable-Vape.png\",\"contentUrl\":\"https:\/\/fumot.uk\/wp-content\/uploads\/2026\/01\/Vozol-Star-40000-Puffs_Blueberry-Mint_Disposable-Vape.png\",\"width\":1000,\"height\":1000},{\"@type\":\"BreadcrumbList\",\"@id\":\"https:\/\/fumot.uk\/product\/vozol-star-40000-puffs-blueberry-mint\/#breadcrumb\",\"itemListElement\":[{\"@type\":\"ListItem\",\"position\":1,\"name\":\"Home\",\"item\":\"https:\/\/fumot.uk\/\"},{\"@type\":\"ListItem\",\"position\":2,\"name\":\"Shop\",\"item\":\"https:\/\/fumot.uk\/shop\/\"},{\"@type\":\"ListItem\",\"position\":3,\"name\":\"Vozol Star 40000 Puffs-Blueberry Mint\"}]},{\"@type\":\"WebSite\",\"@id\":\"https:\/\/fumot.uk\/#website\",\"url\":\"https:\/\/fumot.uk\/\",\"name\":\"Fumot Official Direct | Straight from the Factory, 100% Genuine\",\"description\":\"Official Website\",\"publisher\":{\"@id\":\"https:\/\/fumot.uk\/#organization\"},\"potentialAction\":[{\"@type\":\"SearchAction\",\"target\":{\"@type\":\"EntryPoint\",\"urlTemplate\":\"https:\/\/fumot.uk\/?s={search_term_string}\"},\"query-input\":{\"@type\":\"PropertyValueSpecification\",\"valueRequired\":true,\"valueName\":\"search_term_string\"}}],\"inLanguage\":\"da-DK\"},{\"@type\":\"Organization\",\"@id\":\"https:\/\/fumot.uk\/#organization\",\"name\":\"Fumot Official Direct | Straight from the Factory, 100% Genuine\",\"url\":\"https:\/\/fumot.uk\/\",\"logo\":{\"@type\":\"ImageObject\",\"inLanguage\":\"da-DK\",\"@id\":\"https:\/\/fumot.uk\/#\/schema\/logo\/image\/\",\"url\":\"https:\/\/fumot.uk\/wp-content\/uploads\/2026\/01\/cropped-fumot-logo1.png\",\"contentUrl\":\"https:\/\/fumot.uk\/wp-content\/uploads\/2026\/01\/cropped-fumot-logo1.png\",\"width\":152,\"height\":106,\"caption\":\"Fumot Official Direct | Straight from the Factory, 100% Genuine\"},\"image\":{\"@id\":\"https:\/\/fumot.uk\/#\/schema\/logo\/image\/\"}}]}<\/script>\n<!-- \/ Yoast SEO plugin. -->","yoast_head_json":{"title":"Vozol Star 40000 Puffs-Blueberry Mint - Fumot Official Direct | Direkte fra fabrikken, 100% \u00c6gte","robots":{"index":"index","follow":"follow","max-snippet":"max-snippet:-1","max-image-preview":"max-image-preview:large","max-video-preview":"max-video-preview:-1"},"canonical":"https:\/\/fumot.uk\/da\/product\/vozol-star-40000-puffs-blueberry-mint\/","og_locale":"da_DK","og_type":"article","og_title":"Vozol Star 40000 Puffs-Blueberry Mint - Fumot Official Direct | Straight from the Factory, 100% Genuine","og_description":"Vozol Star 40000 Puffs Blueberry Mint ist mit Dual-Mesh-Heizspulen und der intelligenten S.I.L.C.-Technologie ausgestattet, die jede Inhalation geschmeidig und stabil machen und ein geschmackvolles Dampferlebnis bieten. Das elegante OLED-Wellenbild-Display zeigt in Echtzeit die Anzahl der Z\u00fcge, den Akkustand und den aktuellen Modus an, wobei die Bedienung einfach und intuitiv ist. Dar\u00fcber hinaus sorgt das Zugaktivierungssystem [&hellip;]","og_url":"https:\/\/fumot.uk\/da\/product\/vozol-star-40000-puffs-blueberry-mint\/","og_site_name":"Fumot Official Direct | Straight from the Factory, 100% Genuine","article_modified_time":"2026-01-20T10:12:57+00:00","og_image":[{"width":1000,"height":1000,"url":"https:\/\/fumot.uk\/wp-content\/uploads\/2026\/01\/Vozol-Star-40000-Puffs_Blueberry-Mint_Disposable-Vape.png","type":"image\/png"}],"twitter_card":"summary_large_image","twitter_misc":{"Estimeret l\u00e6setid":"2 minutter"},"schema":{"@context":"https:\/\/schema.org","@graph":[{"@type":"WebPage","@id":"https:\/\/fumot.uk\/product\/vozol-star-40000-puffs-blueberry-mint\/","url":"https:\/\/fumot.uk\/product\/vozol-star-40000-puffs-blueberry-mint\/","name":"Vozol Star 40000 Puffs-Blueberry Mint - Fumot Official Direct | Direkte fra fabrikken, 100% \u00c6gte","isPartOf":{"@id":"https:\/\/fumot.uk\/#website"},"primaryImageOfPage":{"@id":"https:\/\/fumot.uk\/product\/vozol-star-40000-puffs-blueberry-mint\/#primaryimage"},"image":{"@id":"https:\/\/fumot.uk\/product\/vozol-star-40000-puffs-blueberry-mint\/#primaryimage"},"thumbnailUrl":"https:\/\/fumot.uk\/wp-content\/uploads\/2026\/01\/Vozol-Star-40000-Puffs_Blueberry-Mint_Disposable-Vape.png","datePublished":"2026-01-20T10:11:15+00:00","dateModified":"2026-01-20T10:12:57+00:00","breadcrumb":{"@id":"https:\/\/fumot.uk\/product\/vozol-star-40000-puffs-blueberry-mint\/#breadcrumb"},"inLanguage":"da-DK","potentialAction":[{"@type":"ReadAction","target":["https:\/\/fumot.uk\/product\/vozol-star-40000-puffs-blueberry-mint\/"]}]},{"@type":"ImageObject","inLanguage":"da-DK","@id":"https:\/\/fumot.uk\/product\/vozol-star-40000-puffs-blueberry-mint\/#primaryimage","url":"https:\/\/fumot.uk\/wp-content\/uploads\/2026\/01\/Vozol-Star-40000-Puffs_Blueberry-Mint_Disposable-Vape.png","contentUrl":"https:\/\/fumot.uk\/wp-content\/uploads\/2026\/01\/Vozol-Star-40000-Puffs_Blueberry-Mint_Disposable-Vape.png","width":1000,"height":1000},{"@type":"BreadcrumbList","@id":"https:\/\/fumot.uk\/product\/vozol-star-40000-puffs-blueberry-mint\/#breadcrumb","itemListElement":[{"@type":"ListItem","position":1,"name":"Home","item":"https:\/\/fumot.uk\/"},{"@type":"ListItem","position":2,"name":"Shop","item":"https:\/\/fumot.uk\/shop\/"},{"@type":"ListItem","position":3,"name":"Vozol Star 40000 Puffs-Blueberry Mint"}]},{"@type":"WebSite","@id":"https:\/\/fumot.uk\/#website","url":"https:\/\/fumot.uk\/","name":"Fumot Official Direct | Direkte fra fabrikken, 100% \u00c6gte","description":"Officiel hjemmeside","publisher":{"@id":"https:\/\/fumot.uk\/#organization"},"potentialAction":[{"@type":"SearchAction","target":{"@type":"EntryPoint","urlTemplate":"https:\/\/fumot.uk\/?s={search_term_string}"},"query-input":{"@type":"PropertyValueSpecification","valueRequired":true,"valueName":"search_term_string"}}],"inLanguage":"da-DK"},{"@type":"Organization","@id":"https:\/\/fumot.uk\/#organization","name":"Fumot Official Direct | Direkte fra fabrikken, 100% \u00c6gte","url":"https:\/\/fumot.uk\/","logo":{"@type":"ImageObject","inLanguage":"da-DK","@id":"https:\/\/fumot.uk\/#\/schema\/logo\/image\/","url":"https:\/\/fumot.uk\/wp-content\/uploads\/2026\/01\/cropped-fumot-logo1.png","contentUrl":"https:\/\/fumot.uk\/wp-content\/uploads\/2026\/01\/cropped-fumot-logo1.png","width":152,"height":106,"caption":"Fumot Official Direct | Straight from the Factory, 100% Genuine"},"image":{"@id":"https:\/\/fumot.uk\/#\/schema\/logo\/image\/"}}]}},"_links":{"self":[{"href":"https:\/\/fumot.uk\/da\/wp-json\/wp\/v2\/product\/3380","targetHints":{"allow":["GET"]}}],"collection":[{"href":"https:\/\/fumot.uk\/da\/wp-json\/wp\/v2\/product"}],"about":[{"href":"https:\/\/fumot.uk\/da\/wp-json\/wp\/v2\/types\/product"}],"replies":[{"embeddable":true,"href":"https:\/\/fumot.uk\/da\/wp-json\/wp\/v2\/comments?post=3380"}],"wp:featuredmedia":[{"embeddable":true,"href":"https:\/\/fumot.uk\/da\/wp-json\/wp\/v2\/media\/3418"}],"wp:attachment":[{"href":"https:\/\/fumot.uk\/da\/wp-json\/wp\/v2\/media?parent=3380"}],"wp:term":[{"taxonomy":"product_brand","embeddable":true,"href":"https:\/\/fumot.uk\/da\/wp-json\/wp\/v2\/product_brand?post=3380"},{"taxonomy":"product_cat","embeddable":true,"href":"https:\/\/fumot.uk\/da\/wp-json\/wp\/v2\/product_cat?post=3380"},{"taxonomy":"product_tag","embeddable":true,"href":"https:\/\/fumot.uk\/da\/wp-json\/wp\/v2\/product_tag?post=3380"}],"curies":[{"name":"wp","href":"https:\/\/api.w.org\/{rel}","templated":true}]}}