{"id":3258,"date":"2026-01-20T10:09:36","date_gmt":"2026-01-20T10:09:36","guid":{"rendered":"https:\/\/fumot.uk\/?post_type=product&#038;p=3258"},"modified":"2026-01-21T02:37:47","modified_gmt":"2026-01-21T02:37:47","slug":"vozol-gear-shisha-25k-puffs-peach-ice","status":"publish","type":"product","link":"https:\/\/fumot.uk\/da\/product\/vozol-gear-shisha-25k-puffs-peach-ice\/","title":{"rendered":"Vozol Gear Shisha 25K Puffs Peach Ice \u2013 Dobbelt Mesh, 24ml, 1000mAh, Smart Display (5% Nic)"},"content":{"rendered":"<h2>Vozol Gear Shisha 25K Puffs \u2013 Peach Ice<\/h2>\n<p><strong>Fersken Is<\/strong> blander bl\u00f8d, moden ferskens\u00f8dme med en ren isafslutning\u2014glat ved ind\u00e5nding, forfriskende k\u00f8lig ved ud\u00e5nding. Det er en lys, frugtig vape lavet til fans af <em>frisk frugt + is<\/em> profiler, uden at smage tungt eller overdrevent slikagtigt.<\/p>\n<p>Bygget til konsistens og bekvemmelighed, den <strong>Vozol Gear Shisha 25k Puffs<\/strong> parrer en gener\u00f8s <strong>24ml e-v\u00e6ske kapacitet<\/strong> med <strong>Dual Mesh Coil<\/strong> teknologi til at levere stabil smag og t\u00e6t damp over tid. Den <strong>2,1-tommer farve smart display<\/strong> holder vigtige oplysninger synlige ved et \u00f8jekast\u2014batteriniveau og resterende e-v\u00e6ske\u2014s\u00e5 du ikke g\u00e6tter midt i sessionen. Med en <strong>1000mAh genopladeligt batteri<\/strong> og <strong>Type-C hurtig opladning<\/strong>, er den designet til l\u00e6ngere brug og nem genopladning.<\/p>\n<h3>Hvorfor du vil elske Peach Ice<\/h3>\n<ul>\n<li><strong>Saftig ferskensmag<\/strong> med en spr\u00f8d, k\u00f8lende afslutning<\/li>\n<li><strong>Forfriskende profil hele dagen<\/strong>\u2014is\u00e6r popul\u00e6r i varmt vejr<\/li>\n<li><strong>Ren eftersmag<\/strong> der forbliver let og glat<\/li>\n<\/ul>\n<h3>N\u00f8glefunktioner<\/h3>\n<ul>\n<li><strong>Op til 25.000 sug<\/strong> for forl\u00e6nget nydelse<\/li>\n<li><strong>Dual Mesh Coil<\/strong> for j\u00e6vn opvarmning og rig damp<\/li>\n<li><strong>24ml e-v\u00e6ske kapacitet<\/strong> for f\u00e6rre afbrydelser<\/li>\n<li><strong>5% nikotin<\/strong> (se produktegenskab)<\/li>\n<li><strong>1000mAh batteri<\/strong> + <strong>Type-C opladning<\/strong><\/li>\n<li><strong>2,1\u2033 farve smart display<\/strong> for batteri- &amp; e-v\u00e6skestatus<\/li>\n<li><strong>Justerbar effekt<\/strong> for at matche din foretrukne intensitet<\/li>\n<\/ul>\n<p><strong>Udforsk flere smagsvarianter:<\/strong> Gennemse hele sortimentet her: <a href=\"https:\/\/fumot.uk\/da\/product-category\/vozol-gear-shisha-25k-puffs\/\">Vozol Gear Shisha 25K Puffs kollektion p\u00e5 fumot.uk<\/a>.<\/p>\n<p><small>Bem\u00e6rk: Antallet af sug kan variere afh\u00e6ngigt af brugerstil.<\/small><\/p>","protected":false},"excerpt":{"rendered":"<p>Nyd den glatte ferskens\u00f8dme med en spr\u00f8d isafslutning. Vozol Gear Shisha 25K Puffs har Dual Mesh Coil, 24 ml kapacitet, 1000mAh Type\u2011C opladning, smart display og 5% nikotin.<\/p>","protected":false},"featured_media":3304,"comment_status":"open","ping_status":"closed","template":"","meta":[],"product_brand":[],"product_cat":[172,17,173],"product_tag":[174,171,21,72,73,29,30,26,62,28],"class_list":{"0":"post-3258","1":"product","2":"type-product","3":"status-publish","4":"has-post-thumbnail","6":"product_cat-25000-puff","7":"product_cat-vape","8":"product_cat-vozol-gear-shisha-25k-puffs","9":"product_tag-1000-mah","10":"product_tag-24ml","11":"product_tag-adjustable-airflow","12":"product_tag-direct-to-lung","13":"product_tag-dual-mesh","14":"product_tag-ice","15":"product_tag-peach","16":"product_tag-rechargeable","17":"product_tag-sale-vape","18":"product_tag-type-c","20":"first","21":"instock","22":"sale","23":"shipping-taxable","24":"purchasable","25":"product-type-variable","26":"has-default-attributes"},"yoast_head":"<!-- This site is optimized with the Yoast SEO plugin v26.8 - https:\/\/yoast.com\/product\/yoast-seo-wordpress\/ -->\n<title>Vozol Gear Shisha 25K Peach Ice | 24ml Dual Mesh 5%<\/title>\n<meta name=\"description\" content=\"Vozol Gear Shisha 25K Puffs Peach Ice: juicy peach with a cool finish. Dual Mesh Coil, 24ml e-liquid, 1000mAh Type\u2011C recharge, 2.1&quot; display, 5% nic.\" \/>\n<meta name=\"robots\" content=\"index, follow, max-snippet:-1, max-image-preview:large, max-video-preview:-1\" \/>\n<link rel=\"canonical\" href=\"https:\/\/fumot.uk\/da\/product\/vozol-gear-shisha-25k-puffs-peach-ice\/\" \/>\n<meta property=\"og:locale\" content=\"da_DK\" \/>\n<meta property=\"og:type\" content=\"article\" \/>\n<meta property=\"og:title\" content=\"Peach Ice Vozol Gear Shisha 25K Puffs \u2013 Cool &amp; Juicy\" \/>\n<meta property=\"og:description\" content=\"A smooth peach vape with a refreshing icy finish. Dual Mesh Coil, 24ml capacity, 1000mAh Type\u2011C rechargeable, smart display, and adjustable power.\" \/>\n<meta property=\"og:url\" content=\"https:\/\/fumot.uk\/da\/product\/vozol-gear-shisha-25k-puffs-peach-ice\/\" \/>\n<meta property=\"og:site_name\" content=\"Fumot Official Direct | Straight from the Factory, 100% Genuine\" \/>\n<meta property=\"article:modified_time\" content=\"2026-01-21T02:37:47+00:00\" \/>\n<meta property=\"og:image\" content=\"https:\/\/fumot.uk\/wp-content\/uploads\/2026\/01\/Peach-Ice-Vozol-Gear-Shisha-25k-Disposable-Vape.jpg\" \/>\n\t<meta property=\"og:image:width\" content=\"1080\" \/>\n\t<meta property=\"og:image:height\" content=\"1080\" \/>\n\t<meta property=\"og:image:type\" content=\"image\/jpeg\" \/>\n<meta name=\"twitter:card\" content=\"summary_large_image\" \/>\n<meta name=\"twitter:label1\" content=\"Estimeret l\u00e6setid\" \/>\n\t<meta name=\"twitter:data1\" content=\"3 minutter\" \/>\n<script type=\"application\/ld+json\" class=\"yoast-schema-graph\">{\"@context\":\"https:\/\/schema.org\",\"@graph\":[{\"@type\":\"WebPage\",\"@id\":\"https:\/\/fumot.uk\/product\/vozol-gear-shisha-25k-puffs-peach-ice\/\",\"url\":\"https:\/\/fumot.uk\/product\/vozol-gear-shisha-25k-puffs-peach-ice\/\",\"name\":\"Vozol Gear Shisha 25K Peach Ice | 24ml Dual Mesh 5%\",\"isPartOf\":{\"@id\":\"https:\/\/fumot.uk\/#website\"},\"primaryImageOfPage\":{\"@id\":\"https:\/\/fumot.uk\/product\/vozol-gear-shisha-25k-puffs-peach-ice\/#primaryimage\"},\"image\":{\"@id\":\"https:\/\/fumot.uk\/product\/vozol-gear-shisha-25k-puffs-peach-ice\/#primaryimage\"},\"thumbnailUrl\":\"https:\/\/fumot.uk\/wp-content\/uploads\/2026\/01\/Peach-Ice-Vozol-Gear-Shisha-25k-Disposable-Vape.jpg\",\"datePublished\":\"2026-01-20T10:09:36+00:00\",\"dateModified\":\"2026-01-21T02:37:47+00:00\",\"description\":\"Vozol Gear Shisha 25K Puffs Peach Ice: juicy peach with a cool finish. Dual Mesh Coil, 24ml e-liquid, 1000mAh Type\u2011C recharge, 2.1\\\" display, 5% nic.\",\"breadcrumb\":{\"@id\":\"https:\/\/fumot.uk\/product\/vozol-gear-shisha-25k-puffs-peach-ice\/#breadcrumb\"},\"inLanguage\":\"da-DK\",\"potentialAction\":[{\"@type\":\"ReadAction\",\"target\":[\"https:\/\/fumot.uk\/product\/vozol-gear-shisha-25k-puffs-peach-ice\/\"]}]},{\"@type\":\"ImageObject\",\"inLanguage\":\"da-DK\",\"@id\":\"https:\/\/fumot.uk\/product\/vozol-gear-shisha-25k-puffs-peach-ice\/#primaryimage\",\"url\":\"https:\/\/fumot.uk\/wp-content\/uploads\/2026\/01\/Peach-Ice-Vozol-Gear-Shisha-25k-Disposable-Vape.jpg\",\"contentUrl\":\"https:\/\/fumot.uk\/wp-content\/uploads\/2026\/01\/Peach-Ice-Vozol-Gear-Shisha-25k-Disposable-Vape.jpg\",\"width\":1080,\"height\":1080},{\"@type\":\"BreadcrumbList\",\"@id\":\"https:\/\/fumot.uk\/product\/vozol-gear-shisha-25k-puffs-peach-ice\/#breadcrumb\",\"itemListElement\":[{\"@type\":\"ListItem\",\"position\":1,\"name\":\"Home\",\"item\":\"https:\/\/fumot.uk\/\"},{\"@type\":\"ListItem\",\"position\":2,\"name\":\"Shop\",\"item\":\"https:\/\/fumot.uk\/shop\/\"},{\"@type\":\"ListItem\",\"position\":3,\"name\":\"Vozol Gear Shisha 25K Puffs Peach Ice \u2013 Dual Mesh, 24ml, 1000mAh, Smart Display (5% Nic)\"}]},{\"@type\":\"WebSite\",\"@id\":\"https:\/\/fumot.uk\/#website\",\"url\":\"https:\/\/fumot.uk\/\",\"name\":\"Fumot Official Direct | Straight from the Factory, 100% Genuine\",\"description\":\"Official Website\",\"publisher\":{\"@id\":\"https:\/\/fumot.uk\/#organization\"},\"potentialAction\":[{\"@type\":\"SearchAction\",\"target\":{\"@type\":\"EntryPoint\",\"urlTemplate\":\"https:\/\/fumot.uk\/?s={search_term_string}\"},\"query-input\":{\"@type\":\"PropertyValueSpecification\",\"valueRequired\":true,\"valueName\":\"search_term_string\"}}],\"inLanguage\":\"da-DK\"},{\"@type\":\"Organization\",\"@id\":\"https:\/\/fumot.uk\/#organization\",\"name\":\"Fumot Official Direct | Straight from the Factory, 100% Genuine\",\"url\":\"https:\/\/fumot.uk\/\",\"logo\":{\"@type\":\"ImageObject\",\"inLanguage\":\"da-DK\",\"@id\":\"https:\/\/fumot.uk\/#\/schema\/logo\/image\/\",\"url\":\"https:\/\/fumot.uk\/wp-content\/uploads\/2026\/01\/cropped-fumot-logo1.png\",\"contentUrl\":\"https:\/\/fumot.uk\/wp-content\/uploads\/2026\/01\/cropped-fumot-logo1.png\",\"width\":152,\"height\":106,\"caption\":\"Fumot Official Direct | Straight from the Factory, 100% Genuine\"},\"image\":{\"@id\":\"https:\/\/fumot.uk\/#\/schema\/logo\/image\/\"}}]}<\/script>\n<!-- \/ Yoast SEO plugin. -->","yoast_head_json":{"title":"Vozol Gear Shisha 25K Peach Ice | 24ml Dual Mesh 5%","description":"Vozol Gear Shisha 25K Puffs Peach Ice: saftig fersken med en k\u00f8lig finish. Dual Mesh Coil, 24ml e-v\u00e6ske, 1000mAh Type\u2011C opladning, 2.1\" display, 5% nic.","robots":{"index":"index","follow":"follow","max-snippet":"max-snippet:-1","max-image-preview":"max-image-preview:large","max-video-preview":"max-video-preview:-1"},"canonical":"https:\/\/fumot.uk\/da\/product\/vozol-gear-shisha-25k-puffs-peach-ice\/","og_locale":"da_DK","og_type":"article","og_title":"Peach Ice Vozol Gear Shisha 25K Puffs \u2013 Cool & Juicy","og_description":"A smooth peach vape with a refreshing icy finish. Dual Mesh Coil, 24ml capacity, 1000mAh Type\u2011C rechargeable, smart display, and adjustable power.","og_url":"https:\/\/fumot.uk\/da\/product\/vozol-gear-shisha-25k-puffs-peach-ice\/","og_site_name":"Fumot Official Direct | Straight from the Factory, 100% Genuine","article_modified_time":"2026-01-21T02:37:47+00:00","og_image":[{"width":1080,"height":1080,"url":"https:\/\/fumot.uk\/wp-content\/uploads\/2026\/01\/Peach-Ice-Vozol-Gear-Shisha-25k-Disposable-Vape.jpg","type":"image\/jpeg"}],"twitter_card":"summary_large_image","twitter_misc":{"Estimeret l\u00e6setid":"3 minutter"},"schema":{"@context":"https:\/\/schema.org","@graph":[{"@type":"WebPage","@id":"https:\/\/fumot.uk\/product\/vozol-gear-shisha-25k-puffs-peach-ice\/","url":"https:\/\/fumot.uk\/product\/vozol-gear-shisha-25k-puffs-peach-ice\/","name":"Vozol Gear Shisha 25K Peach Ice | 24ml Dual Mesh 5%","isPartOf":{"@id":"https:\/\/fumot.uk\/#website"},"primaryImageOfPage":{"@id":"https:\/\/fumot.uk\/product\/vozol-gear-shisha-25k-puffs-peach-ice\/#primaryimage"},"image":{"@id":"https:\/\/fumot.uk\/product\/vozol-gear-shisha-25k-puffs-peach-ice\/#primaryimage"},"thumbnailUrl":"https:\/\/fumot.uk\/wp-content\/uploads\/2026\/01\/Peach-Ice-Vozol-Gear-Shisha-25k-Disposable-Vape.jpg","datePublished":"2026-01-20T10:09:36+00:00","dateModified":"2026-01-21T02:37:47+00:00","description":"Vozol Gear Shisha 25K Puffs Peach Ice: saftig fersken med en k\u00f8lig finish. Dual Mesh Coil, 24ml e-v\u00e6ske, 1000mAh Type\u2011C opladning, 2.1\" display, 5% nic.","breadcrumb":{"@id":"https:\/\/fumot.uk\/product\/vozol-gear-shisha-25k-puffs-peach-ice\/#breadcrumb"},"inLanguage":"da-DK","potentialAction":[{"@type":"ReadAction","target":["https:\/\/fumot.uk\/product\/vozol-gear-shisha-25k-puffs-peach-ice\/"]}]},{"@type":"ImageObject","inLanguage":"da-DK","@id":"https:\/\/fumot.uk\/product\/vozol-gear-shisha-25k-puffs-peach-ice\/#primaryimage","url":"https:\/\/fumot.uk\/wp-content\/uploads\/2026\/01\/Peach-Ice-Vozol-Gear-Shisha-25k-Disposable-Vape.jpg","contentUrl":"https:\/\/fumot.uk\/wp-content\/uploads\/2026\/01\/Peach-Ice-Vozol-Gear-Shisha-25k-Disposable-Vape.jpg","width":1080,"height":1080},{"@type":"BreadcrumbList","@id":"https:\/\/fumot.uk\/product\/vozol-gear-shisha-25k-puffs-peach-ice\/#breadcrumb","itemListElement":[{"@type":"ListItem","position":1,"name":"Home","item":"https:\/\/fumot.uk\/"},{"@type":"ListItem","position":2,"name":"Shop","item":"https:\/\/fumot.uk\/shop\/"},{"@type":"ListItem","position":3,"name":"Vozol Gear Shisha 25K Puffs Peach Ice \u2013 Dual Mesh, 24ml, 1000mAh, Smart Display (5% Nic)"}]},{"@type":"WebSite","@id":"https:\/\/fumot.uk\/#website","url":"https:\/\/fumot.uk\/","name":"Fumot Official Direct | Direkte fra fabrikken, 100% \u00c6gte","description":"Officiel hjemmeside","publisher":{"@id":"https:\/\/fumot.uk\/#organization"},"potentialAction":[{"@type":"SearchAction","target":{"@type":"EntryPoint","urlTemplate":"https:\/\/fumot.uk\/?s={search_term_string}"},"query-input":{"@type":"PropertyValueSpecification","valueRequired":true,"valueName":"search_term_string"}}],"inLanguage":"da-DK"},{"@type":"Organization","@id":"https:\/\/fumot.uk\/#organization","name":"Fumot Official Direct | Direkte fra fabrikken, 100% \u00c6gte","url":"https:\/\/fumot.uk\/","logo":{"@type":"ImageObject","inLanguage":"da-DK","@id":"https:\/\/fumot.uk\/#\/schema\/logo\/image\/","url":"https:\/\/fumot.uk\/wp-content\/uploads\/2026\/01\/cropped-fumot-logo1.png","contentUrl":"https:\/\/fumot.uk\/wp-content\/uploads\/2026\/01\/cropped-fumot-logo1.png","width":152,"height":106,"caption":"Fumot Official Direct | Straight from the Factory, 100% Genuine"},"image":{"@id":"https:\/\/fumot.uk\/#\/schema\/logo\/image\/"}}]}},"_links":{"self":[{"href":"https:\/\/fumot.uk\/da\/wp-json\/wp\/v2\/product\/3258","targetHints":{"allow":["GET"]}}],"collection":[{"href":"https:\/\/fumot.uk\/da\/wp-json\/wp\/v2\/product"}],"about":[{"href":"https:\/\/fumot.uk\/da\/wp-json\/wp\/v2\/types\/product"}],"replies":[{"embeddable":true,"href":"https:\/\/fumot.uk\/da\/wp-json\/wp\/v2\/comments?post=3258"}],"wp:featuredmedia":[{"embeddable":true,"href":"https:\/\/fumot.uk\/da\/wp-json\/wp\/v2\/media\/3304"}],"wp:attachment":[{"href":"https:\/\/fumot.uk\/da\/wp-json\/wp\/v2\/media?parent=3258"}],"wp:term":[{"taxonomy":"product_brand","embeddable":true,"href":"https:\/\/fumot.uk\/da\/wp-json\/wp\/v2\/product_brand?post=3258"},{"taxonomy":"product_cat","embeddable":true,"href":"https:\/\/fumot.uk\/da\/wp-json\/wp\/v2\/product_cat?post=3258"},{"taxonomy":"product_tag","embeddable":true,"href":"https:\/\/fumot.uk\/da\/wp-json\/wp\/v2\/product_tag?post=3258"}],"curies":[{"name":"wp","href":"https:\/\/api.w.org\/{rel}","templated":true}]}}