{"id":3257,"date":"2026-01-20T10:09:36","date_gmt":"2026-01-20T10:09:36","guid":{"rendered":"https:\/\/fumot.uk\/?post_type=product&#038;p=3257"},"modified":"2026-01-21T02:37:21","modified_gmt":"2026-01-21T02:37:21","slug":"vozol-gear-shisha-25k-puffs-passion-fruit-lychee-orange","status":"publish","type":"product","link":"https:\/\/fumot.uk\/da\/product\/vozol-gear-shisha-25k-puffs-passion-fruit-lychee-orange\/","title":{"rendered":"Vozol Gear Shisha 25K Puffs Passion Fruit Lychee Orange Engangs Vape (24ml, 5% Nikotin, Genopladelig)"},"content":{"rendered":"<h3>Passion Fruit Lychee Orange \u2013 Vozol Gear Shisha 25K Puffs<\/h3>\n<p>Tilf\u00f8j et lyst tropisk twist til hvert sug med <strong>Vozol Gear Shisha 25K Puffs Passion Fruit Lychee Orange<\/strong>. Denne smag blander den syrlige gnist fra passionsfrugt, den bl\u00f8de blomsters\u00f8dme fra lychee og en ren citrusafslutning fra appelsin\u2014lagdelt, saftig og forfriskende glat fra start til slut.<\/p>\n<p>Bygget til langvarig bekvemmelighed, <strong>Vozol Gear Shisha 25K<\/strong> parrer en gener\u00f8s <strong>24ml e-v\u00e6ske kapacitet<\/strong> med <strong>Dual Mesh Coil<\/strong> opvarmning for konsekvent damp og smagsklarhed. En <strong>1000mAh genopladeligt batteri<\/strong> med <strong>USB Type\u2011C hurtig opladning<\/strong> hj\u00e6lper dig med at forts\u00e6tte, mens <strong>2,1\" farvesmart display<\/strong> g\u00f8r det nemt at tjekke n\u00f8glestatus med et \u00f8jeblik.<\/p>\n<h3>N\u00f8glefunktioner<\/h3>\n<ul>\n<li><strong>Op til 25.000 sug<\/strong> til forl\u00e6nget brug<\/li>\n<li><strong>Tropisk smagsprofil<\/strong>: passionsfrugt + lychee + appelsin<\/li>\n<li><strong>Dual Mesh Coil<\/strong> for j\u00e6vn opvarmning og stabil dampudgang<\/li>\n<li><strong>24 ml e-v\u00e6ske tank<\/strong> designet til l\u00e6ngere sessioner mellem skift<\/li>\n<li><strong>5% nikotin<\/strong> (som angivet i produktegenskaber)<\/li>\n<li><strong>1000mAh batteri<\/strong> med <strong>USB Type\u2011C<\/strong> opladning<\/li>\n<li><strong>2,1\" farvedisplay<\/strong> for en klarere, mere informeret oplevelse<\/li>\n<li><strong>Justerbar effekt<\/strong> for at matche din foretrukne sug og intensitet<\/li>\n<\/ul>\n<h3>Hvorfor du vil elske denne smag<\/h3>\n<p>Hvis du nyder frugt-fremad profiler, der f\u00f8les spr\u00f8de frem for slik-tunge, rammer denne blanding et s\u00f8dt punkt: passionsfrugt bringer en livlig syrlighed, lychee tilf\u00f8jer en glat aromatisk note, og appelsin afslutter det med et lyst, rent citrusl\u00f8ft. Det er et godt valg for fans af forfriskende tropiske vapes\u2014is\u00e6r n\u00e5r du vil have noget livligt og nemt at nyde hele dagen.<\/p>\n<p>Udforsk flere smage og enheder p\u00e5 <a href=\"https:\/\/fumot.uk\/da\/\">fumot.uk<\/a>.<\/p>","protected":false},"excerpt":{"rendered":"<p>Tropisk, lys og glat: Vozol Gear Shisha 25K i Passion Fruit Lychee Orange med 24ml e-v\u00e6ske, Dual Mesh Coil, 1000mAh Type\u2011C opladning, smart farvedisplay og 5% nikotin.<\/p>","protected":false},"featured_media":3303,"comment_status":"open","ping_status":"closed","template":"","meta":[],"product_brand":[],"product_cat":[172,17,173],"product_tag":[174,171,21,72,73,80,46,26,62,28],"class_list":{"0":"post-3257","1":"product","2":"type-product","3":"status-publish","4":"has-post-thumbnail","6":"product_cat-25000-puff","7":"product_cat-vape","8":"product_cat-vozol-gear-shisha-25k-puffs","9":"product_tag-1000-mah","10":"product_tag-24ml","11":"product_tag-adjustable-airflow","12":"product_tag-direct-to-lung","13":"product_tag-dual-mesh","14":"product_tag-orange","15":"product_tag-passion-fruit","16":"product_tag-rechargeable","17":"product_tag-sale-vape","18":"product_tag-type-c","20":"first","21":"instock","22":"sale","23":"shipping-taxable","24":"purchasable","25":"product-type-variable","26":"has-default-attributes"},"yoast_head":"<!-- This site is optimized with the Yoast SEO plugin v26.8 - https:\/\/yoast.com\/product\/yoast-seo-wordpress\/ -->\n<title>Vozol Gear Shisha 25K Passion Fruit Lychee Orange<\/title>\n<meta name=\"description\" content=\"Vozol Gear Shisha 25K Puffs Passion Fruit Lychee Orange: 24ml, Dual Mesh Coil, 1000mAh Type\u2011C rechargeable, 2.1&quot; display, 5% nicotine. Shop fumot.uk.\" \/>\n<meta name=\"robots\" content=\"index, follow, max-snippet:-1, max-image-preview:large, max-video-preview:-1\" \/>\n<link rel=\"canonical\" href=\"https:\/\/fumot.uk\/da\/product\/vozol-gear-shisha-25k-puffs-passion-fruit-lychee-orange\/\" \/>\n<meta property=\"og:locale\" content=\"da_DK\" \/>\n<meta property=\"og:type\" content=\"article\" \/>\n<meta property=\"og:title\" content=\"Vozol Gear Shisha 25K \u2013 Passion Fruit Lychee Orange\" \/>\n<meta property=\"og:description\" content=\"A juicy tropical mix of passion fruit, lychee and orange. 25K puffs, 24ml e-liquid, Dual Mesh Coil, 1000mAh Type\u2011C recharge, smart display. Available on fumot.uk.\" \/>\n<meta property=\"og:url\" content=\"https:\/\/fumot.uk\/da\/product\/vozol-gear-shisha-25k-puffs-passion-fruit-lychee-orange\/\" \/>\n<meta property=\"og:site_name\" content=\"Fumot Official Direct | Straight from the Factory, 100% Genuine\" \/>\n<meta property=\"article:modified_time\" content=\"2026-01-21T02:37:21+00:00\" \/>\n<meta property=\"og:image\" content=\"https:\/\/fumot.uk\/wp-content\/uploads\/2026\/01\/Passion-Fruit-Lychee-Orange-Vozol-Gear-Shisha-25k-Disposable-Vape.jpg\" \/>\n\t<meta property=\"og:image:width\" content=\"1080\" \/>\n\t<meta property=\"og:image:height\" content=\"1080\" \/>\n\t<meta property=\"og:image:type\" content=\"image\/jpeg\" \/>\n<meta name=\"twitter:card\" content=\"summary_large_image\" \/>\n<meta name=\"twitter:label1\" content=\"Estimeret l\u00e6setid\" \/>\n\t<meta name=\"twitter:data1\" content=\"2 minutter\" \/>\n<script type=\"application\/ld+json\" class=\"yoast-schema-graph\">{\"@context\":\"https:\/\/schema.org\",\"@graph\":[{\"@type\":\"WebPage\",\"@id\":\"https:\/\/fumot.uk\/product\/vozol-gear-shisha-25k-puffs-passion-fruit-lychee-orange\/\",\"url\":\"https:\/\/fumot.uk\/product\/vozol-gear-shisha-25k-puffs-passion-fruit-lychee-orange\/\",\"name\":\"Vozol Gear Shisha 25K Passion Fruit Lychee Orange\",\"isPartOf\":{\"@id\":\"https:\/\/fumot.uk\/#website\"},\"primaryImageOfPage\":{\"@id\":\"https:\/\/fumot.uk\/product\/vozol-gear-shisha-25k-puffs-passion-fruit-lychee-orange\/#primaryimage\"},\"image\":{\"@id\":\"https:\/\/fumot.uk\/product\/vozol-gear-shisha-25k-puffs-passion-fruit-lychee-orange\/#primaryimage\"},\"thumbnailUrl\":\"https:\/\/fumot.uk\/wp-content\/uploads\/2026\/01\/Passion-Fruit-Lychee-Orange-Vozol-Gear-Shisha-25k-Disposable-Vape.jpg\",\"datePublished\":\"2026-01-20T10:09:36+00:00\",\"dateModified\":\"2026-01-21T02:37:21+00:00\",\"description\":\"Vozol Gear Shisha 25K Puffs Passion Fruit Lychee Orange: 24ml, Dual Mesh Coil, 1000mAh Type\u2011C rechargeable, 2.1\\\" display, 5% nicotine. Shop fumot.uk.\",\"breadcrumb\":{\"@id\":\"https:\/\/fumot.uk\/product\/vozol-gear-shisha-25k-puffs-passion-fruit-lychee-orange\/#breadcrumb\"},\"inLanguage\":\"da-DK\",\"potentialAction\":[{\"@type\":\"ReadAction\",\"target\":[\"https:\/\/fumot.uk\/product\/vozol-gear-shisha-25k-puffs-passion-fruit-lychee-orange\/\"]}]},{\"@type\":\"ImageObject\",\"inLanguage\":\"da-DK\",\"@id\":\"https:\/\/fumot.uk\/product\/vozol-gear-shisha-25k-puffs-passion-fruit-lychee-orange\/#primaryimage\",\"url\":\"https:\/\/fumot.uk\/wp-content\/uploads\/2026\/01\/Passion-Fruit-Lychee-Orange-Vozol-Gear-Shisha-25k-Disposable-Vape.jpg\",\"contentUrl\":\"https:\/\/fumot.uk\/wp-content\/uploads\/2026\/01\/Passion-Fruit-Lychee-Orange-Vozol-Gear-Shisha-25k-Disposable-Vape.jpg\",\"width\":1080,\"height\":1080},{\"@type\":\"BreadcrumbList\",\"@id\":\"https:\/\/fumot.uk\/product\/vozol-gear-shisha-25k-puffs-passion-fruit-lychee-orange\/#breadcrumb\",\"itemListElement\":[{\"@type\":\"ListItem\",\"position\":1,\"name\":\"Home\",\"item\":\"https:\/\/fumot.uk\/\"},{\"@type\":\"ListItem\",\"position\":2,\"name\":\"Shop\",\"item\":\"https:\/\/fumot.uk\/shop\/\"},{\"@type\":\"ListItem\",\"position\":3,\"name\":\"Vozol Gear Shisha 25K Puffs Passion Fruit Lychee Orange Disposable Vape (24ml, 5% Nicotine, Rechargeable)\"}]},{\"@type\":\"WebSite\",\"@id\":\"https:\/\/fumot.uk\/#website\",\"url\":\"https:\/\/fumot.uk\/\",\"name\":\"Fumot Official Direct | Straight from the Factory, 100% Genuine\",\"description\":\"Official Website\",\"publisher\":{\"@id\":\"https:\/\/fumot.uk\/#organization\"},\"potentialAction\":[{\"@type\":\"SearchAction\",\"target\":{\"@type\":\"EntryPoint\",\"urlTemplate\":\"https:\/\/fumot.uk\/?s={search_term_string}\"},\"query-input\":{\"@type\":\"PropertyValueSpecification\",\"valueRequired\":true,\"valueName\":\"search_term_string\"}}],\"inLanguage\":\"da-DK\"},{\"@type\":\"Organization\",\"@id\":\"https:\/\/fumot.uk\/#organization\",\"name\":\"Fumot Official Direct | Straight from the Factory, 100% Genuine\",\"url\":\"https:\/\/fumot.uk\/\",\"logo\":{\"@type\":\"ImageObject\",\"inLanguage\":\"da-DK\",\"@id\":\"https:\/\/fumot.uk\/#\/schema\/logo\/image\/\",\"url\":\"https:\/\/fumot.uk\/wp-content\/uploads\/2026\/01\/cropped-fumot-logo1.png\",\"contentUrl\":\"https:\/\/fumot.uk\/wp-content\/uploads\/2026\/01\/cropped-fumot-logo1.png\",\"width\":152,\"height\":106,\"caption\":\"Fumot Official Direct | Straight from the Factory, 100% Genuine\"},\"image\":{\"@id\":\"https:\/\/fumot.uk\/#\/schema\/logo\/image\/\"}}]}<\/script>\n<!-- \/ Yoast SEO plugin. -->","yoast_head_json":{"title":"Vozol Gear Shisha 25K Passionfrugt Litchi Appelsin","description":"Vozol Gear Shisha 25K Puffs Passion Fruit Lychee Orange: 24ml, Dual Mesh Coil, 1000mAh Type\u2011C genopladelig, 2,1\" display, 5% nikotin. Shop fumot.uk.","robots":{"index":"index","follow":"follow","max-snippet":"max-snippet:-1","max-image-preview":"max-image-preview:large","max-video-preview":"max-video-preview:-1"},"canonical":"https:\/\/fumot.uk\/da\/product\/vozol-gear-shisha-25k-puffs-passion-fruit-lychee-orange\/","og_locale":"da_DK","og_type":"article","og_title":"Vozol Gear Shisha 25K \u2013 Passion Fruit Lychee Orange","og_description":"A juicy tropical mix of passion fruit, lychee and orange. 25K puffs, 24ml e-liquid, Dual Mesh Coil, 1000mAh Type\u2011C recharge, smart display. Available on fumot.uk.","og_url":"https:\/\/fumot.uk\/da\/product\/vozol-gear-shisha-25k-puffs-passion-fruit-lychee-orange\/","og_site_name":"Fumot Official Direct | Straight from the Factory, 100% Genuine","article_modified_time":"2026-01-21T02:37:21+00:00","og_image":[{"width":1080,"height":1080,"url":"https:\/\/fumot.uk\/wp-content\/uploads\/2026\/01\/Passion-Fruit-Lychee-Orange-Vozol-Gear-Shisha-25k-Disposable-Vape.jpg","type":"image\/jpeg"}],"twitter_card":"summary_large_image","twitter_misc":{"Estimeret l\u00e6setid":"2 minutter"},"schema":{"@context":"https:\/\/schema.org","@graph":[{"@type":"WebPage","@id":"https:\/\/fumot.uk\/product\/vozol-gear-shisha-25k-puffs-passion-fruit-lychee-orange\/","url":"https:\/\/fumot.uk\/product\/vozol-gear-shisha-25k-puffs-passion-fruit-lychee-orange\/","name":"Vozol Gear Shisha 25K Passionfrugt Litchi Appelsin","isPartOf":{"@id":"https:\/\/fumot.uk\/#website"},"primaryImageOfPage":{"@id":"https:\/\/fumot.uk\/product\/vozol-gear-shisha-25k-puffs-passion-fruit-lychee-orange\/#primaryimage"},"image":{"@id":"https:\/\/fumot.uk\/product\/vozol-gear-shisha-25k-puffs-passion-fruit-lychee-orange\/#primaryimage"},"thumbnailUrl":"https:\/\/fumot.uk\/wp-content\/uploads\/2026\/01\/Passion-Fruit-Lychee-Orange-Vozol-Gear-Shisha-25k-Disposable-Vape.jpg","datePublished":"2026-01-20T10:09:36+00:00","dateModified":"2026-01-21T02:37:21+00:00","description":"Vozol Gear Shisha 25K Puffs Passion Fruit Lychee Orange: 24ml, Dual Mesh Coil, 1000mAh Type\u2011C genopladelig, 2,1\" display, 5% nikotin. Shop fumot.uk.","breadcrumb":{"@id":"https:\/\/fumot.uk\/product\/vozol-gear-shisha-25k-puffs-passion-fruit-lychee-orange\/#breadcrumb"},"inLanguage":"da-DK","potentialAction":[{"@type":"ReadAction","target":["https:\/\/fumot.uk\/product\/vozol-gear-shisha-25k-puffs-passion-fruit-lychee-orange\/"]}]},{"@type":"ImageObject","inLanguage":"da-DK","@id":"https:\/\/fumot.uk\/product\/vozol-gear-shisha-25k-puffs-passion-fruit-lychee-orange\/#primaryimage","url":"https:\/\/fumot.uk\/wp-content\/uploads\/2026\/01\/Passion-Fruit-Lychee-Orange-Vozol-Gear-Shisha-25k-Disposable-Vape.jpg","contentUrl":"https:\/\/fumot.uk\/wp-content\/uploads\/2026\/01\/Passion-Fruit-Lychee-Orange-Vozol-Gear-Shisha-25k-Disposable-Vape.jpg","width":1080,"height":1080},{"@type":"BreadcrumbList","@id":"https:\/\/fumot.uk\/product\/vozol-gear-shisha-25k-puffs-passion-fruit-lychee-orange\/#breadcrumb","itemListElement":[{"@type":"ListItem","position":1,"name":"Home","item":"https:\/\/fumot.uk\/"},{"@type":"ListItem","position":2,"name":"Shop","item":"https:\/\/fumot.uk\/shop\/"},{"@type":"ListItem","position":3,"name":"Vozol Gear Shisha 25K Puffs Passion Fruit Lychee Orange Disposable Vape (24ml, 5% Nicotine, Rechargeable)"}]},{"@type":"WebSite","@id":"https:\/\/fumot.uk\/#website","url":"https:\/\/fumot.uk\/","name":"Fumot Official Direct | Direkte fra fabrikken, 100% \u00c6gte","description":"Officiel hjemmeside","publisher":{"@id":"https:\/\/fumot.uk\/#organization"},"potentialAction":[{"@type":"SearchAction","target":{"@type":"EntryPoint","urlTemplate":"https:\/\/fumot.uk\/?s={search_term_string}"},"query-input":{"@type":"PropertyValueSpecification","valueRequired":true,"valueName":"search_term_string"}}],"inLanguage":"da-DK"},{"@type":"Organization","@id":"https:\/\/fumot.uk\/#organization","name":"Fumot Official Direct | Direkte fra fabrikken, 100% \u00c6gte","url":"https:\/\/fumot.uk\/","logo":{"@type":"ImageObject","inLanguage":"da-DK","@id":"https:\/\/fumot.uk\/#\/schema\/logo\/image\/","url":"https:\/\/fumot.uk\/wp-content\/uploads\/2026\/01\/cropped-fumot-logo1.png","contentUrl":"https:\/\/fumot.uk\/wp-content\/uploads\/2026\/01\/cropped-fumot-logo1.png","width":152,"height":106,"caption":"Fumot Official Direct | Straight from the Factory, 100% Genuine"},"image":{"@id":"https:\/\/fumot.uk\/#\/schema\/logo\/image\/"}}]}},"_links":{"self":[{"href":"https:\/\/fumot.uk\/da\/wp-json\/wp\/v2\/product\/3257","targetHints":{"allow":["GET"]}}],"collection":[{"href":"https:\/\/fumot.uk\/da\/wp-json\/wp\/v2\/product"}],"about":[{"href":"https:\/\/fumot.uk\/da\/wp-json\/wp\/v2\/types\/product"}],"replies":[{"embeddable":true,"href":"https:\/\/fumot.uk\/da\/wp-json\/wp\/v2\/comments?post=3257"}],"wp:featuredmedia":[{"embeddable":true,"href":"https:\/\/fumot.uk\/da\/wp-json\/wp\/v2\/media\/3303"}],"wp:attachment":[{"href":"https:\/\/fumot.uk\/da\/wp-json\/wp\/v2\/media?parent=3257"}],"wp:term":[{"taxonomy":"product_brand","embeddable":true,"href":"https:\/\/fumot.uk\/da\/wp-json\/wp\/v2\/product_brand?post=3257"},{"taxonomy":"product_cat","embeddable":true,"href":"https:\/\/fumot.uk\/da\/wp-json\/wp\/v2\/product_cat?post=3257"},{"taxonomy":"product_tag","embeddable":true,"href":"https:\/\/fumot.uk\/da\/wp-json\/wp\/v2\/product_tag?post=3257"}],"curies":[{"name":"wp","href":"https:\/\/api.w.org\/{rel}","templated":true}]}}