{"id":3250,"date":"2026-01-20T10:09:35","date_gmt":"2026-01-20T10:09:35","guid":{"rendered":"https:\/\/fumot.uk\/?post_type=product&#038;p=3250"},"modified":"2026-01-21T02:39:25","modified_gmt":"2026-01-21T02:39:25","slug":"vozol-gear-shisha-25k-puffs-grape-ice","status":"publish","type":"product","link":"https:\/\/fumot.uk\/da\/product\/vozol-gear-shisha-25k-puffs-grape-ice\/","title":{"rendered":"Vozol Gear Shisha 25K Puffs Grape Ice \u2013 24ml Genopladelig Engangs Vape (5% Nikotin)"},"content":{"rendered":"<h2>Vozol Gear Shisha 25K Puffs \u2013 Grape Ice<\/h2>\n<p><strong>Grape Ice<\/strong> blander saftige, slik-s\u00f8de druenoter med en skarp isafslutning for et rent, forfriskende sug. Druen forbliver kraftig og frugtagtig, mens den k\u00f8lige ud\u00e5nding holder smagen let og energisk\u2014ideel n\u00e5r du vil have en s\u00f8d smag uden at f\u00f8le dig tung.<\/p>\n<h3>Hvorfor du vil elske denne smag<\/h3>\n<ul>\n<li><strong>Fuld drues\u00f8dme<\/strong> med en glat, k\u00f8lig eftersmag<\/li>\n<li><strong>Frisk hele dagen profil<\/strong> der ikke f\u00f8les alt for intens<\/li>\n<li><strong>Perfekt til varme dage<\/strong> eller enhver, der nyder iskolde frugt vapes<\/li>\n<\/ul>\n<h3>Enhedsh\u00f8jdepunkter<\/h3>\n<p>Den <strong>Vozol Gear Shisha 25k Puffs<\/strong> er bygget til lange sessioner og nem kontrol. En <strong>1000mAh genopladeligt batteri<\/strong> med <strong>USB Type-C hurtigopladning<\/strong> hj\u00e6lper dig med at forblive opladet, mens <strong>2,1-tommer farve smart display<\/strong> viser batteristatus og resterende e-v\u00e6ske med et \u00f8jeblik. Den <strong>Dual Mesh Coil<\/strong> er designet til at levere konstant opvarmning for t\u00e6t, glat damp.<\/p>\n<h3>N\u00f8glespecifikationer<\/h3>\n<ul>\n<li><strong>Sug:<\/strong> Op til 25.000 (forbrug varierer efter sug l\u00e6ngde)<\/li>\n<li><strong>E-v\u00e6ske kapacitet:<\/strong> 24ml<\/li>\n<li><strong>Nikotinstyrke:<\/strong> 5% (50mg)<\/li>\n<li><strong>Spole:<\/strong> Dual Mesh Coil<\/li>\n<li><strong>Batteri:<\/strong> 1000mAh genopladelig<\/li>\n<li><strong>Opladning:<\/strong> Type-C<\/li>\n<li><strong>Display:<\/strong> 2,1-tommer farvesk\u00e6rm (batteri- og e-v\u00e6skeindikatorer)<\/li>\n<li><strong>Vaping stil:<\/strong> Direkte-til-lunge (DTL)<\/li>\n<\/ul>\n<h3>Udforsk mere p\u00e5 fumot.uk<\/h3>\n<p>Leder du efter lignende ops\u00e6tninger? Gennemse vores <a href=\"https:\/\/fumot.uk\/da\/product-tag\/adjustable-airflow\/\">justerbare luftstr\u00f8m<\/a> muligheder for flere m\u00e5der at skr\u00e6ddersy dit sug.<\/p>\n<p><strong>Bem\u00e6rk:<\/strong> Dette produkt indeholder nikotin (et afh\u00e6ngighedsskabende stof). Ikke for mindre\u00e5rige.<\/p>","protected":false},"excerpt":{"rendered":"<p>S\u00f8d drue m\u00f8der en iset afslutning i Vozol Gear Shisha 25K Puffs Grape Ice. 24 ml, Dual Mesh Coil, 1000mAh Type\u2011C genopladelig, 2,1\u2033 farvedisplay, 5% nikotin.<\/p>","protected":false},"featured_media":3280,"comment_status":"open","ping_status":"closed","template":"","meta":[],"product_brand":[],"product_cat":[172,17,173],"product_tag":[174,171,21,72,73,39,29,26,62,28],"class_list":{"0":"post-3250","1":"product","2":"type-product","3":"status-publish","4":"has-post-thumbnail","6":"product_cat-25000-puff","7":"product_cat-vape","8":"product_cat-vozol-gear-shisha-25k-puffs","9":"product_tag-1000-mah","10":"product_tag-24ml","11":"product_tag-adjustable-airflow","12":"product_tag-direct-to-lung","13":"product_tag-dual-mesh","14":"product_tag-grape","15":"product_tag-ice","16":"product_tag-rechargeable","17":"product_tag-sale-vape","18":"product_tag-type-c","20":"first","21":"instock","22":"sale","23":"shipping-taxable","24":"purchasable","25":"product-type-variable","26":"has-default-attributes"},"yoast_head":"<!-- This site is optimized with the Yoast SEO plugin v26.8 - https:\/\/yoast.com\/product\/yoast-seo-wordpress\/ -->\n<title>Vozol Gear Shisha 25K Grape Ice | 24ml 5% Nicotine<\/title>\n<meta name=\"description\" content=\"Vozol Gear Shisha 25K Puffs Grape Ice: sweet grape with a cool icy finish. 24ml, Dual Mesh Coil, 1000mAh Type\u2011C rechargeable, 2.1&quot; display, 5% nicotine.\" \/>\n<meta name=\"robots\" content=\"index, follow, max-snippet:-1, max-image-preview:large, max-video-preview:-1\" \/>\n<link rel=\"canonical\" href=\"https:\/\/fumot.uk\/da\/product\/vozol-gear-shisha-25k-puffs-grape-ice\/\" \/>\n<meta property=\"og:locale\" content=\"da_DK\" \/>\n<meta property=\"og:type\" content=\"article\" \/>\n<meta property=\"og:title\" content=\"Vozol Gear Shisha 25K Puffs \u2013 Grape Ice (24ml, Rechargeable)\" \/>\n<meta property=\"og:description\" content=\"Juicy grape flavor with a crisp icy exhale. Dual Mesh Coil, 1000mAh Type\u2011C charging, 2.1&quot; color display, 24ml e-liquid, 5% nicotine.\" \/>\n<meta property=\"og:url\" content=\"https:\/\/fumot.uk\/da\/product\/vozol-gear-shisha-25k-puffs-grape-ice\/\" \/>\n<meta property=\"og:site_name\" content=\"Fumot Official Direct | Straight from the Factory, 100% Genuine\" \/>\n<meta property=\"article:modified_time\" content=\"2026-01-21T02:39:25+00:00\" \/>\n<meta property=\"og:image\" content=\"https:\/\/fumot.uk\/wp-content\/uploads\/2026\/01\/Grape-Ice-Vozol-Gear-Shisha-25k-Disposable-Vape.jpg\" \/>\n\t<meta property=\"og:image:width\" content=\"1080\" \/>\n\t<meta property=\"og:image:height\" content=\"1080\" \/>\n\t<meta property=\"og:image:type\" content=\"image\/jpeg\" \/>\n<meta name=\"twitter:card\" content=\"summary_large_image\" \/>\n<meta name=\"twitter:label1\" content=\"Estimeret l\u00e6setid\" \/>\n\t<meta name=\"twitter:data1\" content=\"3 minutter\" \/>\n<script type=\"application\/ld+json\" class=\"yoast-schema-graph\">{\"@context\":\"https:\/\/schema.org\",\"@graph\":[{\"@type\":\"WebPage\",\"@id\":\"https:\/\/fumot.uk\/product\/vozol-gear-shisha-25k-puffs-grape-ice\/\",\"url\":\"https:\/\/fumot.uk\/product\/vozol-gear-shisha-25k-puffs-grape-ice\/\",\"name\":\"Vozol Gear Shisha 25K Grape Ice | 24ml 5% Nicotine\",\"isPartOf\":{\"@id\":\"https:\/\/fumot.uk\/#website\"},\"primaryImageOfPage\":{\"@id\":\"https:\/\/fumot.uk\/product\/vozol-gear-shisha-25k-puffs-grape-ice\/#primaryimage\"},\"image\":{\"@id\":\"https:\/\/fumot.uk\/product\/vozol-gear-shisha-25k-puffs-grape-ice\/#primaryimage\"},\"thumbnailUrl\":\"https:\/\/fumot.uk\/wp-content\/uploads\/2026\/01\/Grape-Ice-Vozol-Gear-Shisha-25k-Disposable-Vape.jpg\",\"datePublished\":\"2026-01-20T10:09:35+00:00\",\"dateModified\":\"2026-01-21T02:39:25+00:00\",\"description\":\"Vozol Gear Shisha 25K Puffs Grape Ice: sweet grape with a cool icy finish. 24ml, Dual Mesh Coil, 1000mAh Type\u2011C rechargeable, 2.1\\\" display, 5% nicotine.\",\"breadcrumb\":{\"@id\":\"https:\/\/fumot.uk\/product\/vozol-gear-shisha-25k-puffs-grape-ice\/#breadcrumb\"},\"inLanguage\":\"da-DK\",\"potentialAction\":[{\"@type\":\"ReadAction\",\"target\":[\"https:\/\/fumot.uk\/product\/vozol-gear-shisha-25k-puffs-grape-ice\/\"]}]},{\"@type\":\"ImageObject\",\"inLanguage\":\"da-DK\",\"@id\":\"https:\/\/fumot.uk\/product\/vozol-gear-shisha-25k-puffs-grape-ice\/#primaryimage\",\"url\":\"https:\/\/fumot.uk\/wp-content\/uploads\/2026\/01\/Grape-Ice-Vozol-Gear-Shisha-25k-Disposable-Vape.jpg\",\"contentUrl\":\"https:\/\/fumot.uk\/wp-content\/uploads\/2026\/01\/Grape-Ice-Vozol-Gear-Shisha-25k-Disposable-Vape.jpg\",\"width\":1080,\"height\":1080},{\"@type\":\"BreadcrumbList\",\"@id\":\"https:\/\/fumot.uk\/product\/vozol-gear-shisha-25k-puffs-grape-ice\/#breadcrumb\",\"itemListElement\":[{\"@type\":\"ListItem\",\"position\":1,\"name\":\"Home\",\"item\":\"https:\/\/fumot.uk\/\"},{\"@type\":\"ListItem\",\"position\":2,\"name\":\"Shop\",\"item\":\"https:\/\/fumot.uk\/shop\/\"},{\"@type\":\"ListItem\",\"position\":3,\"name\":\"Vozol Gear Shisha 25K Puffs Grape Ice \u2013 24ml Rechargeable Disposable Vape (5% Nicotine)\"}]},{\"@type\":\"WebSite\",\"@id\":\"https:\/\/fumot.uk\/#website\",\"url\":\"https:\/\/fumot.uk\/\",\"name\":\"Fumot Official Direct | Straight from the Factory, 100% Genuine\",\"description\":\"Official Website\",\"publisher\":{\"@id\":\"https:\/\/fumot.uk\/#organization\"},\"potentialAction\":[{\"@type\":\"SearchAction\",\"target\":{\"@type\":\"EntryPoint\",\"urlTemplate\":\"https:\/\/fumot.uk\/?s={search_term_string}\"},\"query-input\":{\"@type\":\"PropertyValueSpecification\",\"valueRequired\":true,\"valueName\":\"search_term_string\"}}],\"inLanguage\":\"da-DK\"},{\"@type\":\"Organization\",\"@id\":\"https:\/\/fumot.uk\/#organization\",\"name\":\"Fumot Official Direct | Straight from the Factory, 100% Genuine\",\"url\":\"https:\/\/fumot.uk\/\",\"logo\":{\"@type\":\"ImageObject\",\"inLanguage\":\"da-DK\",\"@id\":\"https:\/\/fumot.uk\/#\/schema\/logo\/image\/\",\"url\":\"https:\/\/fumot.uk\/wp-content\/uploads\/2026\/01\/cropped-fumot-logo1.png\",\"contentUrl\":\"https:\/\/fumot.uk\/wp-content\/uploads\/2026\/01\/cropped-fumot-logo1.png\",\"width\":152,\"height\":106,\"caption\":\"Fumot Official Direct | Straight from the Factory, 100% Genuine\"},\"image\":{\"@id\":\"https:\/\/fumot.uk\/#\/schema\/logo\/image\/\"}}]}<\/script>\n<!-- \/ Yoast SEO plugin. -->","yoast_head_json":{"title":"Vozol Gear Shisha 25K Grape Ice | 24ml 5% Nikotin","description":"Vozol Gear Shisha 25K Puffs Grape Ice: s\u00f8d drue med en k\u00f8lig isafslutning. 24ml, Dual Mesh Coil, 1000mAh Type\u2011C genopladelig, 2,1\" display, 5% nikotin.","robots":{"index":"index","follow":"follow","max-snippet":"max-snippet:-1","max-image-preview":"max-image-preview:large","max-video-preview":"max-video-preview:-1"},"canonical":"https:\/\/fumot.uk\/da\/product\/vozol-gear-shisha-25k-puffs-grape-ice\/","og_locale":"da_DK","og_type":"article","og_title":"Vozol Gear Shisha 25K Puffs \u2013 Grape Ice (24ml, Rechargeable)","og_description":"Juicy grape flavor with a crisp icy exhale. Dual Mesh Coil, 1000mAh Type\u2011C charging, 2.1\" color display, 24ml e-liquid, 5% nicotine.","og_url":"https:\/\/fumot.uk\/da\/product\/vozol-gear-shisha-25k-puffs-grape-ice\/","og_site_name":"Fumot Official Direct | Straight from the Factory, 100% Genuine","article_modified_time":"2026-01-21T02:39:25+00:00","og_image":[{"width":1080,"height":1080,"url":"https:\/\/fumot.uk\/wp-content\/uploads\/2026\/01\/Grape-Ice-Vozol-Gear-Shisha-25k-Disposable-Vape.jpg","type":"image\/jpeg"}],"twitter_card":"summary_large_image","twitter_misc":{"Estimeret l\u00e6setid":"3 minutter"},"schema":{"@context":"https:\/\/schema.org","@graph":[{"@type":"WebPage","@id":"https:\/\/fumot.uk\/product\/vozol-gear-shisha-25k-puffs-grape-ice\/","url":"https:\/\/fumot.uk\/product\/vozol-gear-shisha-25k-puffs-grape-ice\/","name":"Vozol Gear Shisha 25K Grape Ice | 24ml 5% Nikotin","isPartOf":{"@id":"https:\/\/fumot.uk\/#website"},"primaryImageOfPage":{"@id":"https:\/\/fumot.uk\/product\/vozol-gear-shisha-25k-puffs-grape-ice\/#primaryimage"},"image":{"@id":"https:\/\/fumot.uk\/product\/vozol-gear-shisha-25k-puffs-grape-ice\/#primaryimage"},"thumbnailUrl":"https:\/\/fumot.uk\/wp-content\/uploads\/2026\/01\/Grape-Ice-Vozol-Gear-Shisha-25k-Disposable-Vape.jpg","datePublished":"2026-01-20T10:09:35+00:00","dateModified":"2026-01-21T02:39:25+00:00","description":"Vozol Gear Shisha 25K Puffs Grape Ice: s\u00f8d drue med en k\u00f8lig isafslutning. 24ml, Dual Mesh Coil, 1000mAh Type\u2011C genopladelig, 2,1\" display, 5% nikotin.","breadcrumb":{"@id":"https:\/\/fumot.uk\/product\/vozol-gear-shisha-25k-puffs-grape-ice\/#breadcrumb"},"inLanguage":"da-DK","potentialAction":[{"@type":"ReadAction","target":["https:\/\/fumot.uk\/product\/vozol-gear-shisha-25k-puffs-grape-ice\/"]}]},{"@type":"ImageObject","inLanguage":"da-DK","@id":"https:\/\/fumot.uk\/product\/vozol-gear-shisha-25k-puffs-grape-ice\/#primaryimage","url":"https:\/\/fumot.uk\/wp-content\/uploads\/2026\/01\/Grape-Ice-Vozol-Gear-Shisha-25k-Disposable-Vape.jpg","contentUrl":"https:\/\/fumot.uk\/wp-content\/uploads\/2026\/01\/Grape-Ice-Vozol-Gear-Shisha-25k-Disposable-Vape.jpg","width":1080,"height":1080},{"@type":"BreadcrumbList","@id":"https:\/\/fumot.uk\/product\/vozol-gear-shisha-25k-puffs-grape-ice\/#breadcrumb","itemListElement":[{"@type":"ListItem","position":1,"name":"Home","item":"https:\/\/fumot.uk\/"},{"@type":"ListItem","position":2,"name":"Shop","item":"https:\/\/fumot.uk\/shop\/"},{"@type":"ListItem","position":3,"name":"Vozol Gear Shisha 25K Puffs Grape Ice \u2013 24ml Rechargeable Disposable Vape (5% Nicotine)"}]},{"@type":"WebSite","@id":"https:\/\/fumot.uk\/#website","url":"https:\/\/fumot.uk\/","name":"Fumot Official Direct | Direkte fra fabrikken, 100% \u00c6gte","description":"Officiel hjemmeside","publisher":{"@id":"https:\/\/fumot.uk\/#organization"},"potentialAction":[{"@type":"SearchAction","target":{"@type":"EntryPoint","urlTemplate":"https:\/\/fumot.uk\/?s={search_term_string}"},"query-input":{"@type":"PropertyValueSpecification","valueRequired":true,"valueName":"search_term_string"}}],"inLanguage":"da-DK"},{"@type":"Organization","@id":"https:\/\/fumot.uk\/#organization","name":"Fumot Official Direct | Direkte fra fabrikken, 100% \u00c6gte","url":"https:\/\/fumot.uk\/","logo":{"@type":"ImageObject","inLanguage":"da-DK","@id":"https:\/\/fumot.uk\/#\/schema\/logo\/image\/","url":"https:\/\/fumot.uk\/wp-content\/uploads\/2026\/01\/cropped-fumot-logo1.png","contentUrl":"https:\/\/fumot.uk\/wp-content\/uploads\/2026\/01\/cropped-fumot-logo1.png","width":152,"height":106,"caption":"Fumot Official Direct | Straight from the Factory, 100% Genuine"},"image":{"@id":"https:\/\/fumot.uk\/#\/schema\/logo\/image\/"}}]}},"_links":{"self":[{"href":"https:\/\/fumot.uk\/da\/wp-json\/wp\/v2\/product\/3250","targetHints":{"allow":["GET"]}}],"collection":[{"href":"https:\/\/fumot.uk\/da\/wp-json\/wp\/v2\/product"}],"about":[{"href":"https:\/\/fumot.uk\/da\/wp-json\/wp\/v2\/types\/product"}],"replies":[{"embeddable":true,"href":"https:\/\/fumot.uk\/da\/wp-json\/wp\/v2\/comments?post=3250"}],"wp:featuredmedia":[{"embeddable":true,"href":"https:\/\/fumot.uk\/da\/wp-json\/wp\/v2\/media\/3280"}],"wp:attachment":[{"href":"https:\/\/fumot.uk\/da\/wp-json\/wp\/v2\/media?parent=3250"}],"wp:term":[{"taxonomy":"product_brand","embeddable":true,"href":"https:\/\/fumot.uk\/da\/wp-json\/wp\/v2\/product_brand?post=3250"},{"taxonomy":"product_cat","embeddable":true,"href":"https:\/\/fumot.uk\/da\/wp-json\/wp\/v2\/product_cat?post=3250"},{"taxonomy":"product_tag","embeddable":true,"href":"https:\/\/fumot.uk\/da\/wp-json\/wp\/v2\/product_tag?post=3250"}],"curies":[{"name":"wp","href":"https:\/\/api.w.org\/{rel}","templated":true}]}}