{"id":3006,"date":"2026-01-20T10:06:38","date_gmt":"2026-01-20T10:06:38","guid":{"rendered":"https:\/\/fumot.uk\/?post_type=product&#038;p=3006"},"modified":"2026-01-21T03:24:37","modified_gmt":"2026-01-21T03:24:37","slug":"waspe-triple-flavor-60000-puffs-blueberry-ice-black-dragon-ice-fizzy-cherry-ice","status":"publish","type":"product","link":"https:\/\/fumot.uk\/da\/product\/waspe-triple-flavor-60000-puffs-blueberry-ice-black-dragon-ice-fizzy-cherry-ice\/","title":{"rendered":"WASPE Triple Flavor 60000 Puffs Engangs Vape \u2013 Bl\u00e5b\u00e6r Is \/ Sort Drage Is \/ Brusende Kirseb\u00e6r Is (54ml, LED, USB-C)"},"content":{"rendered":"<h3>WASPE Triple Flavor 60000 Puffs \u2013 Tre Smage, \u00c9n Glat Skift<\/h3>\n<p><strong>WASPE Triple Flavor 60000 Puffs \u2013 Bl\u00e5b\u00e6r Is &amp; Sort Drage Is &amp; Brusende Kirseb\u00e6r Is<\/strong> er en h\u00f8jkapacitet <strong>engangs-vape<\/strong> bygget til variation. Med en smart <strong>3-kammer system<\/strong> og en enkel <strong>twist-to-switch<\/strong> mekanisme kan du rotere mellem tre forskellige iskolde frugtprofiler, n\u00e5r dit hum\u00f8r \u00e6ndrer sig\u2014ingen blanding, ingen g\u00e6tterier.<\/p>\n<p>Indeni har hver smag sin egen <strong>0,9\u03a9 mesh coil<\/strong> (triple mesh ops\u00e6tning) for at holde smagene rene og konsistente fra f\u00f8rste sug til sidste. En <strong>54ml e-v\u00e6ske<\/strong> kapacitet, <strong>650mAh genopladeligt batteri<\/strong>, og <strong>USB Type-C hurtigopladning<\/strong> g\u00f8r det til en p\u00e5lidelig ledsager hele dagen. Den indbyggede <strong>LED display<\/strong> viser batteri- og e-v\u00e6ske niveauer i realtid, s\u00e5 du altid ved, hvor du st\u00e5r.<\/p>\n<h4>Smagsfokus: Bl\u00e5b\u00e6r Is + Sort Drage Is + Brusende Kirseb\u00e6r Is<\/h4>\n<ul>\n<li><strong>Bl\u00e5b\u00e6r Is<\/strong> \u2013 moden bl\u00e5b\u00e6r s\u00f8dme med en skarp, k\u00f8lende afslutning.<\/li>\n<li><strong>Sort Drage Is<\/strong> \u2013 dybere m\u00f8rk-frugt karakter parret med en iskold brise.<\/li>\n<li><strong>Brusende Kirseb\u00e6r Is<\/strong> \u2013 saftige kirseb\u00e6rnoter med en sprudlende, brusende twist og k\u00f8lende touch.<\/li>\n<\/ul>\n<p>Skift mellem dem, mens du damper for en frisk, lagdelt oplevelse\u2014s\u00f8d, m\u00f8rk og brusende-k\u00f8lende i \u00e9n enhed.<\/p>\n<h4>N\u00f8glefunktioner<\/h4>\n<ul>\n<li><strong>Triple Smag, Twist Skift<\/strong> \u2013 roter for at v\u00e6lge din smag \u00f8jeblikkeligt.<\/li>\n<li><strong>Triple 0.9\u03a9 Mesh Coils<\/strong> \u2013 separate coils hj\u00e6lper med at holde hver smag klar og stabil.<\/li>\n<li><strong>54ml Stor E-V\u00e6ske Kapacitet<\/strong> \u2013 designet til forl\u00e6nget brug.<\/li>\n<li><strong>Genopladeligt 650mAh Batteri<\/strong> \u2013 stabil ydeevne med <strong>USB-C<\/strong> hurtig opladning.<\/li>\n<li><strong>LED Display<\/strong> \u2013 live batteri- og e-v\u00e6ske niveau indikatorer for problemfri brug.<\/li>\n<\/ul>\n<h4>Specifikationer<\/h4>\n<ul>\n<li><strong>Sug:<\/strong> Op til 60000 (varierer efter brug)<\/li>\n<li><strong>Smagssystem:<\/strong> Triple smag \/ tre kamre<\/li>\n<li><strong>Coils:<\/strong> Triple Mesh 0,9\u03a9 \u00d7 3<\/li>\n<li><strong>E-V\u00e6ske:<\/strong> 54ml<\/li>\n<li><strong>Nikotinmuligheder:<\/strong> 0%, 2%, 3%, 5%<\/li>\n<li><strong>Batteri:<\/strong> 650mAh (genopladelig)<\/li>\n<li><strong>Opladning:<\/strong> Type-C<\/li>\n<li><strong>Display:<\/strong> LED batteri- &amp; e-v\u00e6ske indikator<\/li>\n<\/ul>\n<p>Udforsk flere muligheder og nye ankomster p\u00e5 <a href=\"https:\/\/fumot.uk\/da\/\">fumot.uk<\/a>.<\/p>","protected":false},"excerpt":{"rendered":"<p>WASPE Triple Flavor 60000 Puffs engangs-vape med twist-switch triple smage (Bl\u00e5b\u00e6r Is, Sort Drage Is, Brusende Kirseb\u00e6r Is), 54ml e-v\u00e6ske, triple 0,9\u03a9 mesh coils, LED display, 650mAh genopladeligt batteri, USB-C hurtig opladning. Nikotin: 0\/2\/3\/5%.<\/p>","protected":false},"featured_media":3036,"comment_status":"open","ping_status":"closed","template":"","meta":[],"product_brand":[],"product_cat":[115,17,168],"product_tag":[117,131,65,33,36,23,29,26,62,118,169,28],"class_list":{"0":"post-3006","1":"product","2":"type-product","3":"status-publish","4":"has-post-thumbnail","6":"product_cat-60000-puff","7":"product_cat-vape","8":"product_cat-waspe-triple-flavor-60000-puffs","9":"product_tag-54ml","10":"product_tag-650mah","11":"product_tag-black-ice","12":"product_tag-blueberry","13":"product_tag-cherry","14":"product_tag-display","15":"product_tag-ice","16":"product_tag-rechargeable","17":"product_tag-sale-vape","18":"product_tag-triple-flavor","19":"product_tag-triple-mesh","20":"product_tag-type-c","22":"first","23":"instock","24":"sale","25":"shipping-taxable","26":"purchasable","27":"product-type-variable","28":"has-default-attributes"},"yoast_head":"<!-- This site is optimized with the Yoast SEO plugin v26.8 - https:\/\/yoast.com\/product\/yoast-seo-wordpress\/ -->\n<title>WASPE Triple Flavor 60000 Puffs \u2013 54ml, USB-C, LED<\/title>\n<meta name=\"description\" content=\"WASPE Triple Flavor 60000 Puffs: Blueberry Ice, Black Dragon Ice &amp; Fizzy Cherry Ice. 54ml, triple 0.9\u03a9 mesh, LED display, 650mAh USB-C rechargeable.\" \/>\n<meta name=\"robots\" content=\"index, follow, max-snippet:-1, max-image-preview:large, max-video-preview:-1\" \/>\n<link rel=\"canonical\" href=\"https:\/\/fumot.uk\/da\/product\/waspe-triple-flavor-60000-puffs-blueberry-ice-black-dragon-ice-fizzy-cherry-ice\/\" \/>\n<meta property=\"og:locale\" content=\"da_DK\" \/>\n<meta property=\"og:type\" content=\"article\" \/>\n<meta property=\"og:title\" content=\"WASPE Triple Flavor 60000 Puffs \u2013 3 Icy Fruit Flavors\" \/>\n<meta property=\"og:description\" content=\"Switch between Blueberry Ice, Black Dragon Ice &amp; Fizzy Cherry Ice with a twist. 54ml e-liquid, triple mesh coils, LED display, USB-C rechargeable.\" \/>\n<meta property=\"og:url\" content=\"https:\/\/fumot.uk\/da\/product\/waspe-triple-flavor-60000-puffs-blueberry-ice-black-dragon-ice-fizzy-cherry-ice\/\" \/>\n<meta property=\"og:site_name\" content=\"Fumot Official Direct | Straight from the Factory, 100% Genuine\" \/>\n<meta property=\"article:modified_time\" content=\"2026-01-21T03:24:37+00:00\" \/>\n<meta property=\"og:image\" content=\"https:\/\/fumot.uk\/wp-content\/uploads\/2026\/01\/WASPE-3-IN-1-60000-PUFFS-Blueberry-Ice-Black-Dragon-Ice-Fizzy-Cherry-Ice-Disposable-Vape.jpg\" \/>\n\t<meta property=\"og:image:width\" content=\"1200\" \/>\n\t<meta property=\"og:image:height\" content=\"1200\" \/>\n\t<meta property=\"og:image:type\" content=\"image\/jpeg\" \/>\n<meta name=\"twitter:card\" content=\"summary_large_image\" \/>\n<meta name=\"twitter:label1\" content=\"Estimeret l\u00e6setid\" \/>\n\t<meta name=\"twitter:data1\" content=\"2 minutter\" \/>\n<script type=\"application\/ld+json\" class=\"yoast-schema-graph\">{\"@context\":\"https:\/\/schema.org\",\"@graph\":[{\"@type\":\"WebPage\",\"@id\":\"https:\/\/fumot.uk\/product\/waspe-triple-flavor-60000-puffs-blueberry-ice-black-dragon-ice-fizzy-cherry-ice\/\",\"url\":\"https:\/\/fumot.uk\/product\/waspe-triple-flavor-60000-puffs-blueberry-ice-black-dragon-ice-fizzy-cherry-ice\/\",\"name\":\"WASPE Triple Flavor 60000 Puffs \u2013 54ml, USB-C, LED\",\"isPartOf\":{\"@id\":\"https:\/\/fumot.uk\/#website\"},\"primaryImageOfPage\":{\"@id\":\"https:\/\/fumot.uk\/product\/waspe-triple-flavor-60000-puffs-blueberry-ice-black-dragon-ice-fizzy-cherry-ice\/#primaryimage\"},\"image\":{\"@id\":\"https:\/\/fumot.uk\/product\/waspe-triple-flavor-60000-puffs-blueberry-ice-black-dragon-ice-fizzy-cherry-ice\/#primaryimage\"},\"thumbnailUrl\":\"https:\/\/fumot.uk\/wp-content\/uploads\/2026\/01\/WASPE-3-IN-1-60000-PUFFS-Blueberry-Ice-Black-Dragon-Ice-Fizzy-Cherry-Ice-Disposable-Vape.jpg\",\"datePublished\":\"2026-01-20T10:06:38+00:00\",\"dateModified\":\"2026-01-21T03:24:37+00:00\",\"description\":\"WASPE Triple Flavor 60000 Puffs: Blueberry Ice, Black Dragon Ice & Fizzy Cherry Ice. 54ml, triple 0.9\u03a9 mesh, LED display, 650mAh USB-C rechargeable.\",\"breadcrumb\":{\"@id\":\"https:\/\/fumot.uk\/product\/waspe-triple-flavor-60000-puffs-blueberry-ice-black-dragon-ice-fizzy-cherry-ice\/#breadcrumb\"},\"inLanguage\":\"da-DK\",\"potentialAction\":[{\"@type\":\"ReadAction\",\"target\":[\"https:\/\/fumot.uk\/product\/waspe-triple-flavor-60000-puffs-blueberry-ice-black-dragon-ice-fizzy-cherry-ice\/\"]}]},{\"@type\":\"ImageObject\",\"inLanguage\":\"da-DK\",\"@id\":\"https:\/\/fumot.uk\/product\/waspe-triple-flavor-60000-puffs-blueberry-ice-black-dragon-ice-fizzy-cherry-ice\/#primaryimage\",\"url\":\"https:\/\/fumot.uk\/wp-content\/uploads\/2026\/01\/WASPE-3-IN-1-60000-PUFFS-Blueberry-Ice-Black-Dragon-Ice-Fizzy-Cherry-Ice-Disposable-Vape.jpg\",\"contentUrl\":\"https:\/\/fumot.uk\/wp-content\/uploads\/2026\/01\/WASPE-3-IN-1-60000-PUFFS-Blueberry-Ice-Black-Dragon-Ice-Fizzy-Cherry-Ice-Disposable-Vape.jpg\",\"width\":1200,\"height\":1200},{\"@type\":\"BreadcrumbList\",\"@id\":\"https:\/\/fumot.uk\/product\/waspe-triple-flavor-60000-puffs-blueberry-ice-black-dragon-ice-fizzy-cherry-ice\/#breadcrumb\",\"itemListElement\":[{\"@type\":\"ListItem\",\"position\":1,\"name\":\"Home\",\"item\":\"https:\/\/fumot.uk\/\"},{\"@type\":\"ListItem\",\"position\":2,\"name\":\"Shop\",\"item\":\"https:\/\/fumot.uk\/shop\/\"},{\"@type\":\"ListItem\",\"position\":3,\"name\":\"WASPE Triple Flavor 60000 Puffs Disposable Vape \u2013 Blueberry Ice \/ Black Dragon Ice \/ Fizzy Cherry Ice (54ml, LED, USB-C)\"}]},{\"@type\":\"WebSite\",\"@id\":\"https:\/\/fumot.uk\/#website\",\"url\":\"https:\/\/fumot.uk\/\",\"name\":\"Fumot Official Direct | Straight from the Factory, 100% Genuine\",\"description\":\"Official Website\",\"publisher\":{\"@id\":\"https:\/\/fumot.uk\/#organization\"},\"potentialAction\":[{\"@type\":\"SearchAction\",\"target\":{\"@type\":\"EntryPoint\",\"urlTemplate\":\"https:\/\/fumot.uk\/?s={search_term_string}\"},\"query-input\":{\"@type\":\"PropertyValueSpecification\",\"valueRequired\":true,\"valueName\":\"search_term_string\"}}],\"inLanguage\":\"da-DK\"},{\"@type\":\"Organization\",\"@id\":\"https:\/\/fumot.uk\/#organization\",\"name\":\"Fumot Official Direct | Straight from the Factory, 100% Genuine\",\"url\":\"https:\/\/fumot.uk\/\",\"logo\":{\"@type\":\"ImageObject\",\"inLanguage\":\"da-DK\",\"@id\":\"https:\/\/fumot.uk\/#\/schema\/logo\/image\/\",\"url\":\"https:\/\/fumot.uk\/wp-content\/uploads\/2026\/01\/cropped-fumot-logo1.png\",\"contentUrl\":\"https:\/\/fumot.uk\/wp-content\/uploads\/2026\/01\/cropped-fumot-logo1.png\",\"width\":152,\"height\":106,\"caption\":\"Fumot Official Direct | Straight from the Factory, 100% Genuine\"},\"image\":{\"@id\":\"https:\/\/fumot.uk\/#\/schema\/logo\/image\/\"}}]}<\/script>\n<!-- \/ Yoast SEO plugin. -->","yoast_head_json":{"title":"WASPE Triple Flavor 60000 Puffs \u2013 54ml, USB-C, LED","description":"WASPE Triple Flavor 60000 Puffs: Bl\u00e5b\u00e6r Is, Sort Drage Is &amp; Brusende Kirseb\u00e6r Is. 54ml, triple 0.9\u03a9 mesh, LED display, 650mAh USB-C genopladelig.","robots":{"index":"index","follow":"follow","max-snippet":"max-snippet:-1","max-image-preview":"max-image-preview:large","max-video-preview":"max-video-preview:-1"},"canonical":"https:\/\/fumot.uk\/da\/product\/waspe-triple-flavor-60000-puffs-blueberry-ice-black-dragon-ice-fizzy-cherry-ice\/","og_locale":"da_DK","og_type":"article","og_title":"WASPE Triple Flavor 60000 Puffs \u2013 3 Icy Fruit Flavors","og_description":"Switch between Blueberry Ice, Black Dragon Ice & Fizzy Cherry Ice with a twist. 54ml e-liquid, triple mesh coils, LED display, USB-C rechargeable.","og_url":"https:\/\/fumot.uk\/da\/product\/waspe-triple-flavor-60000-puffs-blueberry-ice-black-dragon-ice-fizzy-cherry-ice\/","og_site_name":"Fumot Official Direct | Straight from the Factory, 100% Genuine","article_modified_time":"2026-01-21T03:24:37+00:00","og_image":[{"width":1200,"height":1200,"url":"https:\/\/fumot.uk\/wp-content\/uploads\/2026\/01\/WASPE-3-IN-1-60000-PUFFS-Blueberry-Ice-Black-Dragon-Ice-Fizzy-Cherry-Ice-Disposable-Vape.jpg","type":"image\/jpeg"}],"twitter_card":"summary_large_image","twitter_misc":{"Estimeret l\u00e6setid":"2 minutter"},"schema":{"@context":"https:\/\/schema.org","@graph":[{"@type":"WebPage","@id":"https:\/\/fumot.uk\/product\/waspe-triple-flavor-60000-puffs-blueberry-ice-black-dragon-ice-fizzy-cherry-ice\/","url":"https:\/\/fumot.uk\/product\/waspe-triple-flavor-60000-puffs-blueberry-ice-black-dragon-ice-fizzy-cherry-ice\/","name":"WASPE Triple Flavor 60000 Puffs \u2013 54ml, USB-C, LED","isPartOf":{"@id":"https:\/\/fumot.uk\/#website"},"primaryImageOfPage":{"@id":"https:\/\/fumot.uk\/product\/waspe-triple-flavor-60000-puffs-blueberry-ice-black-dragon-ice-fizzy-cherry-ice\/#primaryimage"},"image":{"@id":"https:\/\/fumot.uk\/product\/waspe-triple-flavor-60000-puffs-blueberry-ice-black-dragon-ice-fizzy-cherry-ice\/#primaryimage"},"thumbnailUrl":"https:\/\/fumot.uk\/wp-content\/uploads\/2026\/01\/WASPE-3-IN-1-60000-PUFFS-Blueberry-Ice-Black-Dragon-Ice-Fizzy-Cherry-Ice-Disposable-Vape.jpg","datePublished":"2026-01-20T10:06:38+00:00","dateModified":"2026-01-21T03:24:37+00:00","description":"WASPE Triple Flavor 60000 Puffs: Bl\u00e5b\u00e6r Is, Sort Drage Is &amp; Brusende Kirseb\u00e6r Is. 54ml, triple 0.9\u03a9 mesh, LED display, 650mAh USB-C genopladelig.","breadcrumb":{"@id":"https:\/\/fumot.uk\/product\/waspe-triple-flavor-60000-puffs-blueberry-ice-black-dragon-ice-fizzy-cherry-ice\/#breadcrumb"},"inLanguage":"da-DK","potentialAction":[{"@type":"ReadAction","target":["https:\/\/fumot.uk\/product\/waspe-triple-flavor-60000-puffs-blueberry-ice-black-dragon-ice-fizzy-cherry-ice\/"]}]},{"@type":"ImageObject","inLanguage":"da-DK","@id":"https:\/\/fumot.uk\/product\/waspe-triple-flavor-60000-puffs-blueberry-ice-black-dragon-ice-fizzy-cherry-ice\/#primaryimage","url":"https:\/\/fumot.uk\/wp-content\/uploads\/2026\/01\/WASPE-3-IN-1-60000-PUFFS-Blueberry-Ice-Black-Dragon-Ice-Fizzy-Cherry-Ice-Disposable-Vape.jpg","contentUrl":"https:\/\/fumot.uk\/wp-content\/uploads\/2026\/01\/WASPE-3-IN-1-60000-PUFFS-Blueberry-Ice-Black-Dragon-Ice-Fizzy-Cherry-Ice-Disposable-Vape.jpg","width":1200,"height":1200},{"@type":"BreadcrumbList","@id":"https:\/\/fumot.uk\/product\/waspe-triple-flavor-60000-puffs-blueberry-ice-black-dragon-ice-fizzy-cherry-ice\/#breadcrumb","itemListElement":[{"@type":"ListItem","position":1,"name":"Home","item":"https:\/\/fumot.uk\/"},{"@type":"ListItem","position":2,"name":"Shop","item":"https:\/\/fumot.uk\/shop\/"},{"@type":"ListItem","position":3,"name":"WASPE Triple Flavor 60000 Puffs Disposable Vape \u2013 Blueberry Ice \/ Black Dragon Ice \/ Fizzy Cherry Ice (54ml, LED, USB-C)"}]},{"@type":"WebSite","@id":"https:\/\/fumot.uk\/#website","url":"https:\/\/fumot.uk\/","name":"Fumot Official Direct | Direkte fra fabrikken, 100% \u00c6gte","description":"Officiel hjemmeside","publisher":{"@id":"https:\/\/fumot.uk\/#organization"},"potentialAction":[{"@type":"SearchAction","target":{"@type":"EntryPoint","urlTemplate":"https:\/\/fumot.uk\/?s={search_term_string}"},"query-input":{"@type":"PropertyValueSpecification","valueRequired":true,"valueName":"search_term_string"}}],"inLanguage":"da-DK"},{"@type":"Organization","@id":"https:\/\/fumot.uk\/#organization","name":"Fumot Official Direct | Direkte fra fabrikken, 100% \u00c6gte","url":"https:\/\/fumot.uk\/","logo":{"@type":"ImageObject","inLanguage":"da-DK","@id":"https:\/\/fumot.uk\/#\/schema\/logo\/image\/","url":"https:\/\/fumot.uk\/wp-content\/uploads\/2026\/01\/cropped-fumot-logo1.png","contentUrl":"https:\/\/fumot.uk\/wp-content\/uploads\/2026\/01\/cropped-fumot-logo1.png","width":152,"height":106,"caption":"Fumot Official Direct | Straight from the Factory, 100% Genuine"},"image":{"@id":"https:\/\/fumot.uk\/#\/schema\/logo\/image\/"}}]}},"_links":{"self":[{"href":"https:\/\/fumot.uk\/da\/wp-json\/wp\/v2\/product\/3006","targetHints":{"allow":["GET"]}}],"collection":[{"href":"https:\/\/fumot.uk\/da\/wp-json\/wp\/v2\/product"}],"about":[{"href":"https:\/\/fumot.uk\/da\/wp-json\/wp\/v2\/types\/product"}],"replies":[{"embeddable":true,"href":"https:\/\/fumot.uk\/da\/wp-json\/wp\/v2\/comments?post=3006"}],"wp:featuredmedia":[{"embeddable":true,"href":"https:\/\/fumot.uk\/da\/wp-json\/wp\/v2\/media\/3036"}],"wp:attachment":[{"href":"https:\/\/fumot.uk\/da\/wp-json\/wp\/v2\/media?parent=3006"}],"wp:term":[{"taxonomy":"product_brand","embeddable":true,"href":"https:\/\/fumot.uk\/da\/wp-json\/wp\/v2\/product_brand?post=3006"},{"taxonomy":"product_cat","embeddable":true,"href":"https:\/\/fumot.uk\/da\/wp-json\/wp\/v2\/product_cat?post=3006"},{"taxonomy":"product_tag","embeddable":true,"href":"https:\/\/fumot.uk\/da\/wp-json\/wp\/v2\/product_tag?post=3006"}],"curies":[{"name":"wp","href":"https:\/\/api.w.org\/{rel}","templated":true}]}}