{"id":2970,"date":"2026-01-20T10:06:11","date_gmt":"2026-01-20T10:06:11","guid":{"rendered":"https:\/\/fumot.uk\/?post_type=product&#038;p=2970"},"modified":"2026-01-20T10:08:07","modified_gmt":"2026-01-20T10:08:07","slug":"waspe-double-flavor-40000-puffs-strawberry-banana-pineapple-coconut-lce","status":"publish","type":"product","link":"https:\/\/fumot.uk\/da\/product\/waspe-double-flavor-40000-puffs-strawberry-banana-pineapple-coconut-lce\/","title":{"rendered":"WASPE Dobbelt Smag 40000 Sug - Jordb\u00e6r Banan &amp; Ananas Kokos Is"},"content":{"rendered":"<p data-start=\"0\" data-end=\"725\" data-is-last-node=\"\" data-is-only-node=\"\"><strong data-start=\"0\" data-end=\"77\" data-is-only-node=\"\">WASPE Double Flavor 40000 Puffs Strawberry Banana &amp; Pineapple Coconut Ice<\/strong> er udstyret med 36 ml E-Liquid, hvilket muligg\u00f8r langvarig brug uden hyppig genopfyldning. Det 850mAh-batteri sikrer en stabil energiforsyning, mens Type-C-hurtigopladningsporten muligg\u00f8r hurtig opladning. LED-displayet overv\u00e5ger i realtid opladnings- og v\u00e6skestatus og giver brugeren en intelligent og bekvem brugeroplevelse. Brugere kan nemt skifte mellem de to smagsvarianter \u201cStrawberry Banana\u201d og \u201cPineapple Coconut Ice\u201d og nyde den forfriskende s\u00f8dme af jordb\u00e6r-<a href=\"https:\/\/ultravape.de\/product-tag\/banana\/\">Banan<\/a> samt den k\u00f8lende f\u00f8lelse af ananas-kokos-is for at tilfredsstille forskellige smagspr\u00e6ferencer.<\/p>\n<h4 data-start=\"0\" data-end=\"26\"><strong data-start=\"0\" data-end=\"26\">Produktspecifikationer<\/strong><\/h4>\n<ol>\n<li data-start=\"30\" data-end=\"195\"><strong data-start=\"30\" data-end=\"51\">Sug: 40000 sug\uff1a<\/strong>Tilbyder en brugeroplevelse p\u00e5 op til 40000 sug, ideel til daglig brug uden at skulle skifte enhed ofte.<\/li>\n<li data-start=\"199\" data-end=\"373\"><strong data-start=\"199\" data-end=\"230\">Dobbelt smagsmuligheder\uff1a<\/strong>Muligg\u00f8r skift mellem to smagsvarianter, s\u00e5 du kan nyde forskellige aromaer og f\u00e5 mere variation og sjov.<\/li>\n<li data-start=\"377\" data-end=\"490\"><strong data-start=\"377\" data-end=\"403\">Mesh Coil: 0,9\u03a9 + 0,9\u03a9\uff1a<\/strong>Med mesh-coils for j\u00e6vn opvarmning, sikrer finere og glattere damp.<\/li>\n<li data-start=\"494\" data-end=\"659\"><strong data-start=\"494\" data-end=\"523\">E-Liquid kapacitet: 36 ml\uff1a<\/strong>Stor 36 ml E-Liquid kapacitet reducerer behovet for hyppige genopfyldninger og tilbyder langvarig, stabil dampnydelse.<\/li>\n<li data-start=\"663\" data-end=\"800\"><strong data-start=\"663\" data-end=\"702\">Nikotinkoncentration: 0% \/ 2% \/ 5%\uff1a<\/strong>Tre nikotinstyrker at v\u00e6lge imellem for at im\u00f8dekomme forskellige brugeres behov.<\/li>\n<li data-start=\"804\" data-end=\"934\"><strong data-start=\"804\" data-end=\"834\">Batterikapacitet: 850 mAh\uff1a<\/strong>Med et 850 mAh batteri tilbyder enheden lang brugstid, ideel til hele dagen.<\/li>\n<li data-start=\"938\" data-end=\"1127\"><strong data-start=\"938\" data-end=\"986\">Genopladelig: Type-C hurtigopladningsport\uff1a<\/strong>Udstyret med en Type-C port til hurtig opladning, hvilket reducerer ventetiden og holder enheden klar til brug n\u00e5r som helst.<\/li>\n<li data-start=\"1131\" data-end=\"1289\"><strong data-start=\"1131\" data-end=\"1146\">LED-display\uff1a<\/strong>Viser i realtid batteristatus og den resterende m\u00e6ngde E-Liquid, s\u00e5 brugeren altid er informeret om enhedens status.<\/li>\n<\/ol>\n<h4 data-start=\"0\" data-end=\"45\"><strong>Hvorfor v\u00e6lge WASPE Double Flavor <a href=\"https:\/\/ultravape.de\/product-category\/40000-puff\/\">40000 Puffs<\/a> ?<\/strong><\/h4>\n<ol data-start=\"47\" data-end=\"907\" data-is-last-node=\"\" data-is-only-node=\"\">\n<li data-start=\"47\" data-end=\"371\">\n<p data-start=\"50\" data-end=\"371\"><strong data-start=\"50\" data-end=\"86\">Holdbar og brugervenlig<br \/>\n<\/strong>Med en gener\u00f8s 36 ml E-Liquid-tank, et 850 mAh st\u00e6rkt batteri og en hurtig Type-C-hurtigopladningsport tilbyder WASPE Double Flavor 40000 Puffs langvarig brug og hurtig opladning \u2013 ideel til daglig brug uden hyppig genopfyldning eller opladning.<\/p>\n<\/li>\n<li data-start=\"373\" data-end=\"643\">\n<p data-start=\"376\" data-end=\"643\"><strong data-start=\"376\" data-end=\"409\">Dobbelt smagsoplevelser<br \/>\n<\/strong>Muligheden for at skifte mellem smagsvarianterne \u201eStrawberry Banana\u201c og \u201ePineapple Coconut Ice\u201c tilbyder en varieret og forfriskende dampoplevelse, der kan tilpasses efter hum\u00f8r eller pr\u00e6ferencer.<\/p>\n<\/li>\n<li data-start=\"645\" data-end=\"907\" data-is-last-node=\"\">\n<p data-start=\"648\" data-end=\"907\" data-is-last-node=\"\"><strong data-start=\"648\" data-end=\"672\">Intelligent brug<br \/>\n<\/strong>Det integrerede LED-display viser i realtid batteristatus og v\u00e6skestand, s\u00e5 brugeren altid ved, hvorn\u00e5r det er tid til at genoplade eller tanke. Denne funktion sikrer en komfortabel og stressfri brug.<\/p>\n<\/li>\n<\/ol>","protected":false},"excerpt":{"rendered":"<p>WASPE Double Flavor 40000 Puffs Strawberry Banana &amp; Pineapple Coconut Ice er udstyret med 36 ml E-Liquid, hvilket muligg\u00f8r langvarig brug uden hyppig genopfyldning. Det 850mAh-batteri sikrer en stabil energiforsyning, mens Type-C-hurtigopladningsporten muligg\u00f8r hurtig opladning. LED-displayet overv\u00e5ger i realtid opladnings- og v\u00e6skestatus og giver brugeren en intelligent og [\u2026]<\/p>","protected":false},"featured_media":3000,"comment_status":"open","ping_status":"closed","template":"","meta":[],"product_brand":[],"product_cat":[82,17,164],"product_tag":[165,20,57,114,29,25,35,26,62,37,28],"class_list":{"0":"post-2970","1":"product","2":"type-product","3":"status-publish","4":"has-post-thumbnail","6":"product_cat-40000-puff","7":"product_cat-vape","8":"product_cat-waspe-double-flavor-40000-puffs","9":"product_tag-36ml","10":"product_tag-850mah","11":"product_tag-banana","12":"product_tag-dual-flavor","13":"product_tag-ice","14":"product_tag-mesh-coil","15":"product_tag-pineapple","16":"product_tag-rechargeable","17":"product_tag-sale-vape","18":"product_tag-strawberry","19":"product_tag-type-c","21":"first","22":"instock","23":"sale","24":"shipping-taxable","25":"purchasable","26":"product-type-variable","27":"has-default-attributes"},"yoast_head":"<!-- This site is optimized with the Yoast SEO plugin v26.8 - https:\/\/yoast.com\/product\/yoast-seo-wordpress\/ -->\n<title>WASPE Double Flavor 40000 Puffs- Strawberry Banana &amp; Pineapple Coconut lce - Fumot Official Direct | Straight from the Factory, 100% Genuine<\/title>\n<meta name=\"robots\" content=\"index, follow, max-snippet:-1, max-image-preview:large, max-video-preview:-1\" \/>\n<link rel=\"canonical\" href=\"https:\/\/fumot.uk\/da\/product\/waspe-double-flavor-40000-puffs-strawberry-banana-pineapple-coconut-lce\/\" \/>\n<meta property=\"og:locale\" content=\"da_DK\" \/>\n<meta property=\"og:type\" content=\"article\" \/>\n<meta property=\"og:title\" content=\"WASPE Double Flavor 40000 Puffs- Strawberry Banana &amp; Pineapple Coconut lce - Fumot Official Direct | Straight from the Factory, 100% Genuine\" \/>\n<meta property=\"og:description\" content=\"WASPE Double Flavor 40000 Puffs Strawberry Banana &amp; Pineapple Coconut Ice ist mit 36 ml E-Liquid ausgestattet, was eine lange Nutzung ohne h\u00e4ufiges Nachf\u00fcllen erm\u00f6glicht. Der 850mAh-Akku sorgt f\u00fcr eine stabile Energieversorgung, w\u00e4hrend der Type-C-Schnellladeanschluss ein schnelles Aufladen erm\u00f6glicht. Das LED-Display \u00fcberwacht in Echtzeit den Lade- und Liquidstatus und bietet dem Nutzer ein intelligentes und [&hellip;]\" \/>\n<meta property=\"og:url\" content=\"https:\/\/fumot.uk\/da\/product\/waspe-double-flavor-40000-puffs-strawberry-banana-pineapple-coconut-lce\/\" \/>\n<meta property=\"og:site_name\" content=\"Fumot Official Direct | Straight from the Factory, 100% Genuine\" \/>\n<meta property=\"article:modified_time\" content=\"2026-01-20T10:08:07+00:00\" \/>\n<meta property=\"og:image\" content=\"https:\/\/fumot.uk\/wp-content\/uploads\/2026\/01\/WASPE-Double-Flavor-40000-Puffs-Pineapple-Coconut-Ice-Strawberry-Banana-Disposable-Vape.jpg\" \/>\n\t<meta property=\"og:image:width\" content=\"1600\" \/>\n\t<meta property=\"og:image:height\" content=\"1600\" \/>\n\t<meta property=\"og:image:type\" content=\"image\/jpeg\" \/>\n<meta name=\"twitter:card\" content=\"summary_large_image\" \/>\n<meta name=\"twitter:label1\" content=\"Estimeret l\u00e6setid\" \/>\n\t<meta name=\"twitter:data1\" content=\"3 minutter\" \/>\n<script type=\"application\/ld+json\" class=\"yoast-schema-graph\">{\"@context\":\"https:\/\/schema.org\",\"@graph\":[{\"@type\":\"WebPage\",\"@id\":\"https:\/\/fumot.uk\/product\/waspe-double-flavor-40000-puffs-strawberry-banana-pineapple-coconut-lce\/\",\"url\":\"https:\/\/fumot.uk\/product\/waspe-double-flavor-40000-puffs-strawberry-banana-pineapple-coconut-lce\/\",\"name\":\"WASPE Double Flavor 40000 Puffs- Strawberry Banana & Pineapple Coconut lce - Fumot Official Direct | Straight from the Factory, 100% Genuine\",\"isPartOf\":{\"@id\":\"https:\/\/fumot.uk\/#website\"},\"primaryImageOfPage\":{\"@id\":\"https:\/\/fumot.uk\/product\/waspe-double-flavor-40000-puffs-strawberry-banana-pineapple-coconut-lce\/#primaryimage\"},\"image\":{\"@id\":\"https:\/\/fumot.uk\/product\/waspe-double-flavor-40000-puffs-strawberry-banana-pineapple-coconut-lce\/#primaryimage\"},\"thumbnailUrl\":\"https:\/\/fumot.uk\/wp-content\/uploads\/2026\/01\/WASPE-Double-Flavor-40000-Puffs-Pineapple-Coconut-Ice-Strawberry-Banana-Disposable-Vape.jpg\",\"datePublished\":\"2026-01-20T10:06:11+00:00\",\"dateModified\":\"2026-01-20T10:08:07+00:00\",\"breadcrumb\":{\"@id\":\"https:\/\/fumot.uk\/product\/waspe-double-flavor-40000-puffs-strawberry-banana-pineapple-coconut-lce\/#breadcrumb\"},\"inLanguage\":\"da-DK\",\"potentialAction\":[{\"@type\":\"ReadAction\",\"target\":[\"https:\/\/fumot.uk\/product\/waspe-double-flavor-40000-puffs-strawberry-banana-pineapple-coconut-lce\/\"]}]},{\"@type\":\"ImageObject\",\"inLanguage\":\"da-DK\",\"@id\":\"https:\/\/fumot.uk\/product\/waspe-double-flavor-40000-puffs-strawberry-banana-pineapple-coconut-lce\/#primaryimage\",\"url\":\"https:\/\/fumot.uk\/wp-content\/uploads\/2026\/01\/WASPE-Double-Flavor-40000-Puffs-Pineapple-Coconut-Ice-Strawberry-Banana-Disposable-Vape.jpg\",\"contentUrl\":\"https:\/\/fumot.uk\/wp-content\/uploads\/2026\/01\/WASPE-Double-Flavor-40000-Puffs-Pineapple-Coconut-Ice-Strawberry-Banana-Disposable-Vape.jpg\",\"width\":1600,\"height\":1600},{\"@type\":\"BreadcrumbList\",\"@id\":\"https:\/\/fumot.uk\/product\/waspe-double-flavor-40000-puffs-strawberry-banana-pineapple-coconut-lce\/#breadcrumb\",\"itemListElement\":[{\"@type\":\"ListItem\",\"position\":1,\"name\":\"Home\",\"item\":\"https:\/\/fumot.uk\/\"},{\"@type\":\"ListItem\",\"position\":2,\"name\":\"Shop\",\"item\":\"https:\/\/fumot.uk\/shop\/\"},{\"@type\":\"ListItem\",\"position\":3,\"name\":\"WASPE Double Flavor 40000 Puffs- Strawberry Banana &#038; Pineapple Coconut lce\"}]},{\"@type\":\"WebSite\",\"@id\":\"https:\/\/fumot.uk\/#website\",\"url\":\"https:\/\/fumot.uk\/\",\"name\":\"Fumot Official Direct | Straight from the Factory, 100% Genuine\",\"description\":\"Official Website\",\"publisher\":{\"@id\":\"https:\/\/fumot.uk\/#organization\"},\"potentialAction\":[{\"@type\":\"SearchAction\",\"target\":{\"@type\":\"EntryPoint\",\"urlTemplate\":\"https:\/\/fumot.uk\/?s={search_term_string}\"},\"query-input\":{\"@type\":\"PropertyValueSpecification\",\"valueRequired\":true,\"valueName\":\"search_term_string\"}}],\"inLanguage\":\"da-DK\"},{\"@type\":\"Organization\",\"@id\":\"https:\/\/fumot.uk\/#organization\",\"name\":\"Fumot Official Direct | Straight from the Factory, 100% Genuine\",\"url\":\"https:\/\/fumot.uk\/\",\"logo\":{\"@type\":\"ImageObject\",\"inLanguage\":\"da-DK\",\"@id\":\"https:\/\/fumot.uk\/#\/schema\/logo\/image\/\",\"url\":\"https:\/\/fumot.uk\/wp-content\/uploads\/2026\/01\/cropped-fumot-logo1.png\",\"contentUrl\":\"https:\/\/fumot.uk\/wp-content\/uploads\/2026\/01\/cropped-fumot-logo1.png\",\"width\":152,\"height\":106,\"caption\":\"Fumot Official Direct | Straight from the Factory, 100% Genuine\"},\"image\":{\"@id\":\"https:\/\/fumot.uk\/#\/schema\/logo\/image\/\"}}]}<\/script>\n<!-- \/ Yoast SEO plugin. -->","yoast_head_json":{"title":"WASPE Dobbelt Smag 40000 Sug - Jordb\u00e6r Banan &amp; Ananas Kokos Is - Fumot Officiel Direkte | Direkte fra Fabrikken, 100% \u00c6gte","robots":{"index":"index","follow":"follow","max-snippet":"max-snippet:-1","max-image-preview":"max-image-preview:large","max-video-preview":"max-video-preview:-1"},"canonical":"https:\/\/fumot.uk\/da\/product\/waspe-double-flavor-40000-puffs-strawberry-banana-pineapple-coconut-lce\/","og_locale":"da_DK","og_type":"article","og_title":"WASPE Double Flavor 40000 Puffs- Strawberry Banana & Pineapple Coconut lce - Fumot Official Direct | Straight from the Factory, 100% Genuine","og_description":"WASPE Double Flavor 40000 Puffs Strawberry Banana &amp; Pineapple Coconut Ice ist mit 36 ml E-Liquid ausgestattet, was eine lange Nutzung ohne h\u00e4ufiges Nachf\u00fcllen erm\u00f6glicht. Der 850mAh-Akku sorgt f\u00fcr eine stabile Energieversorgung, w\u00e4hrend der Type-C-Schnellladeanschluss ein schnelles Aufladen erm\u00f6glicht. Das LED-Display \u00fcberwacht in Echtzeit den Lade- und Liquidstatus und bietet dem Nutzer ein intelligentes und [&hellip;]","og_url":"https:\/\/fumot.uk\/da\/product\/waspe-double-flavor-40000-puffs-strawberry-banana-pineapple-coconut-lce\/","og_site_name":"Fumot Official Direct | Straight from the Factory, 100% Genuine","article_modified_time":"2026-01-20T10:08:07+00:00","og_image":[{"width":1600,"height":1600,"url":"https:\/\/fumot.uk\/wp-content\/uploads\/2026\/01\/WASPE-Double-Flavor-40000-Puffs-Pineapple-Coconut-Ice-Strawberry-Banana-Disposable-Vape.jpg","type":"image\/jpeg"}],"twitter_card":"summary_large_image","twitter_misc":{"Estimeret l\u00e6setid":"3 minutter"},"schema":{"@context":"https:\/\/schema.org","@graph":[{"@type":"WebPage","@id":"https:\/\/fumot.uk\/product\/waspe-double-flavor-40000-puffs-strawberry-banana-pineapple-coconut-lce\/","url":"https:\/\/fumot.uk\/product\/waspe-double-flavor-40000-puffs-strawberry-banana-pineapple-coconut-lce\/","name":"WASPE Dobbelt Smag 40000 Sug - Jordb\u00e6r Banan &amp; Ananas Kokos Is - Fumot Officiel Direkte | Direkte fra Fabrikken, 100% \u00c6gte","isPartOf":{"@id":"https:\/\/fumot.uk\/#website"},"primaryImageOfPage":{"@id":"https:\/\/fumot.uk\/product\/waspe-double-flavor-40000-puffs-strawberry-banana-pineapple-coconut-lce\/#primaryimage"},"image":{"@id":"https:\/\/fumot.uk\/product\/waspe-double-flavor-40000-puffs-strawberry-banana-pineapple-coconut-lce\/#primaryimage"},"thumbnailUrl":"https:\/\/fumot.uk\/wp-content\/uploads\/2026\/01\/WASPE-Double-Flavor-40000-Puffs-Pineapple-Coconut-Ice-Strawberry-Banana-Disposable-Vape.jpg","datePublished":"2026-01-20T10:06:11+00:00","dateModified":"2026-01-20T10:08:07+00:00","breadcrumb":{"@id":"https:\/\/fumot.uk\/product\/waspe-double-flavor-40000-puffs-strawberry-banana-pineapple-coconut-lce\/#breadcrumb"},"inLanguage":"da-DK","potentialAction":[{"@type":"ReadAction","target":["https:\/\/fumot.uk\/product\/waspe-double-flavor-40000-puffs-strawberry-banana-pineapple-coconut-lce\/"]}]},{"@type":"ImageObject","inLanguage":"da-DK","@id":"https:\/\/fumot.uk\/product\/waspe-double-flavor-40000-puffs-strawberry-banana-pineapple-coconut-lce\/#primaryimage","url":"https:\/\/fumot.uk\/wp-content\/uploads\/2026\/01\/WASPE-Double-Flavor-40000-Puffs-Pineapple-Coconut-Ice-Strawberry-Banana-Disposable-Vape.jpg","contentUrl":"https:\/\/fumot.uk\/wp-content\/uploads\/2026\/01\/WASPE-Double-Flavor-40000-Puffs-Pineapple-Coconut-Ice-Strawberry-Banana-Disposable-Vape.jpg","width":1600,"height":1600},{"@type":"BreadcrumbList","@id":"https:\/\/fumot.uk\/product\/waspe-double-flavor-40000-puffs-strawberry-banana-pineapple-coconut-lce\/#breadcrumb","itemListElement":[{"@type":"ListItem","position":1,"name":"Home","item":"https:\/\/fumot.uk\/"},{"@type":"ListItem","position":2,"name":"Shop","item":"https:\/\/fumot.uk\/shop\/"},{"@type":"ListItem","position":3,"name":"WASPE Double Flavor 40000 Puffs- Strawberry Banana &#038; Pineapple Coconut lce"}]},{"@type":"WebSite","@id":"https:\/\/fumot.uk\/#website","url":"https:\/\/fumot.uk\/","name":"Fumot Official Direct | Direkte fra fabrikken, 100% \u00c6gte","description":"Officiel hjemmeside","publisher":{"@id":"https:\/\/fumot.uk\/#organization"},"potentialAction":[{"@type":"SearchAction","target":{"@type":"EntryPoint","urlTemplate":"https:\/\/fumot.uk\/?s={search_term_string}"},"query-input":{"@type":"PropertyValueSpecification","valueRequired":true,"valueName":"search_term_string"}}],"inLanguage":"da-DK"},{"@type":"Organization","@id":"https:\/\/fumot.uk\/#organization","name":"Fumot Official Direct | Direkte fra fabrikken, 100% \u00c6gte","url":"https:\/\/fumot.uk\/","logo":{"@type":"ImageObject","inLanguage":"da-DK","@id":"https:\/\/fumot.uk\/#\/schema\/logo\/image\/","url":"https:\/\/fumot.uk\/wp-content\/uploads\/2026\/01\/cropped-fumot-logo1.png","contentUrl":"https:\/\/fumot.uk\/wp-content\/uploads\/2026\/01\/cropped-fumot-logo1.png","width":152,"height":106,"caption":"Fumot Official Direct | Straight from the Factory, 100% Genuine"},"image":{"@id":"https:\/\/fumot.uk\/#\/schema\/logo\/image\/"}}]}},"_links":{"self":[{"href":"https:\/\/fumot.uk\/da\/wp-json\/wp\/v2\/product\/2970","targetHints":{"allow":["GET"]}}],"collection":[{"href":"https:\/\/fumot.uk\/da\/wp-json\/wp\/v2\/product"}],"about":[{"href":"https:\/\/fumot.uk\/da\/wp-json\/wp\/v2\/types\/product"}],"replies":[{"embeddable":true,"href":"https:\/\/fumot.uk\/da\/wp-json\/wp\/v2\/comments?post=2970"}],"wp:featuredmedia":[{"embeddable":true,"href":"https:\/\/fumot.uk\/da\/wp-json\/wp\/v2\/media\/3000"}],"wp:attachment":[{"href":"https:\/\/fumot.uk\/da\/wp-json\/wp\/v2\/media?parent=2970"}],"wp:term":[{"taxonomy":"product_brand","embeddable":true,"href":"https:\/\/fumot.uk\/da\/wp-json\/wp\/v2\/product_brand?post=2970"},{"taxonomy":"product_cat","embeddable":true,"href":"https:\/\/fumot.uk\/da\/wp-json\/wp\/v2\/product_cat?post=2970"},{"taxonomy":"product_tag","embeddable":true,"href":"https:\/\/fumot.uk\/da\/wp-json\/wp\/v2\/product_tag?post=2970"}],"curies":[{"name":"wp","href":"https:\/\/api.w.org\/{rel}","templated":true}]}}